{"id":24000,"date":"2024-01-09T15:59:46","date_gmt":"2024-01-09T15:59:46","guid":{"rendered":"http:\/\/rucashk.com\/?post_type=product&#038;p=24000"},"modified":"2024-03-11T06:37:16","modified_gmt":"2024-03-11T06:37:16","slug":"huawei-matebook-d-15-wholesale","status":"publish","type":"product","link":"https:\/\/www.rucashk.com\/pt\/produto\/huawei-matebook-d-15-wholesale\/","title":{"rendered":"HUAWEI MateBook D15 atacado"},"content":{"rendered":"<p><img fetchpriority=\"high\" decoding=\"async\" class=\"aligncenter\" src=\"\/wp-content\/uploads\/replace\/483b07968362261a5664ea513eb4c2cd.jpeg\" alt=\"HUAWEI MateBook D 15\" width=\"1000\" height=\"1797\" \/><img decoding=\"async\" class=\"aligncenter\" src=\"\/wp-content\/uploads\/replace\/214b23812f1828a93e8d706e3d585a9e.jpeg\" alt=\"HUAWEI MateBook D 15\" width=\"1000\" height=\"1254\" \/><img decoding=\"async\" class=\"aligncenter\" src=\"\/wp-content\/uploads\/replace\/7a0582c0864fe50b39faee204182e0be.jpeg\" alt=\"HUAWEI MateBook D 15\" width=\"1000\" height=\"1243\" \/><img loading=\"lazy\" decoding=\"async\" class=\"aligncenter\" src=\"\/wp-content\/uploads\/replace\/2fe51b9e233ca2ab7867064d038e1123.jpeg\" alt=\"HUAWEI MateBook D 15\" width=\"1000\" height=\"1727\" \/><\/p>\n<h4 class=\"expand_en_name\">Especifica\u00e7\u00e3o<\/h4>\n<div class=\"product_pz_info product_pz_style2\">\n<table>\n<tbody>\n<tr>\n<th>Em geral<\/th>\n<td>Marca: HUAWEI<br \/>\nN\u00famero do modelo: MateBook D 15<br \/>\nClassifica\u00e7\u00e3o: Ultrabook<br \/>\nMaterial da tampa traseira: Metal<br \/>\nBateria \/ Tempo de execu\u00e7\u00e3o (at\u00e9): 4 horas de reprodu\u00e7\u00e3o de v\u00eddeo<br \/>\nTipo de bateria: bateria de pol\u00edmero de \u00edon de l\u00edtio<\/td>\n<\/tr>\n<tr>\n<th>Hardware<\/th>\n<td>N\u00facleo: 3,7 GHz,Quad Core<br \/>\nProcessador: AMD Ryzen 5 3500U<br \/>\nMarca da CPU: AMD<br \/>\nTipo de Gr\u00e1fico: Gr\u00e1ficos Integrados<br \/>\nChipset gr\u00e1fico: Radeon Vega 8<br \/>\nSO: Vers\u00e3o Home do Windows 10<br \/>\nConsumo de energia: 10-15W<br \/>\nTecnologia de processo: 12nm<br \/>\nUso: Neg\u00f3cios, Escrit\u00f3rio<\/td>\n<\/tr>\n<tr>\n<th>Armazenar<\/th>\n<td>Mem\u00f3ria Externa: N\u00e3o Suportada<br \/>\nTipo de RAM: DDR4<br \/>\nRAM: 16 GB<br \/>\nMaior capacidade de RAM: 16 GB<br \/>\nROM: SSD de 256 GB<\/td>\n<\/tr>\n<tr>\n<th>Rede<\/th>\n<td>Bluetooth: Bluetooth 5.0<br \/>\nRede de suporte: WiFi duplo 2,4 GHz\/5,0 GHz<\/td>\n<\/tr>\n<tr>\n<th>Mostrar<\/th>\n<td>Tipo de tela: IPS<br \/>\nTamanho da tela: 15,6 polegadas<br \/>\nPropor\u00e7\u00e3o de exibi\u00e7\u00e3o: 16:9<br \/>\nResolu\u00e7\u00e3o da tela: 1920 x 1080 (FHD)<\/td>\n<\/tr>\n<tr>\n<th>C\u00e2mera<\/th>\n<td>Tipo de c\u00e2mera: C\u00e2mera \u00fanica<\/td>\n<\/tr>\n<tr>\n<th>Conectividade<\/th>\n<td>Entrada para fone de ouvido de 3,5 mm: Sim<br \/>\nHDMI: Sim<br \/>\nTipo C: Sim<br \/>\nHost USB: Sim 1 x USB 3.0 + 2 x USB 2.0<\/td>\n<\/tr>\n<tr>\n<th>Formatos de m\u00eddia<\/th>\n<td>Formato do e-book: DOC, PDF, TXT<br \/>\nFormato MS Office: Excel, PPT, Word<br \/>\nFormato de m\u00fasica: AAC, MP3, OGG<br \/>\nFormato de imagem: BMP, GIF, JPEG, JPG, PNG<br \/>\nFormato de v\u00eddeo: 1080P,H.264,MP4,WMV<\/td>\n<\/tr>\n<tr>\n<th>l\u00ednguas<\/th>\n<td>Idioma: chin\u00eas<\/td>\n<\/tr>\n<tr>\n<th>conte\u00fado do pacote<\/th>\n<td>Manual chin\u00eas: 1<br \/>\nCaderno: 1<br \/>\nAdaptador de energia: 1<\/td>\n<\/tr>\n<tr>\n<th>Dimens\u00f5es e peso<\/th>\n<td>Peso do produto: 1,6200 kg<br \/>\nPeso da embalagem: 2,6500 kg<br \/>\nTamanho do produto (C x L x A): 35,78 x 22,99 x 1,69 cm \/ 14,09 x 9,05 x 0,67 polegadas<br \/>\nTamanho do pacote (C x L x A): 40,00 x 26,00 x 8,00 cm \/ 15,75 x 10,24 x 3,15 polegadas<\/td>\n<\/tr>\n<\/tbody>\n<\/table>\n<\/div>","protected":false},"excerpt":{"rendered":"<p><b>Principais caracter\u00edsticas:<\/b><br \/>\n\u25cf 1920 x 1080 IPS full screen, brings a 15.6-inch wide large field of view. 16: 9 ratio, the picture is more immersive, to enhance the viewing experience<br \/>\n\u25cf AMD Ryzen 5 3500U processor, 2.1GHz, and max up to 3.7GHz<br \/>\n\u25cf 16GB RAM<br \/>\n\u25cf Memory type DDR4 2400MHz<br \/>\n\u25cf Storage capacity SSD 256GB + HDD 1TB<br \/>\n\u25cf Hard disk type SSD + HDD<br \/>\n\u25cf Creative hidden camera 1,000,000 pixels (720P HD), press to bounce the camera when in use, press to storage when not in use, which is effectively protect your privacy<\/p>","protected":false},"featured_media":24118,"template":"","meta":[],"product_brand":[],"product_cat":[1345,1322],"product_tag":[1003],"class_list":{"0":"post-24000","1":"product","2":"type-product","3":"status-publish","4":"has-post-thumbnail","6":"product_cat-huawei-other-a-brands","7":"product_cat-other-a-brands","8":"product_tag-huawei-matebook","10":"first","11":"instock","12":"shipping-taxable","13":"product-type-external"},"aioseo_notices":[],"aioseo_head":"\n\t\t<!-- All in One SEO Pro 4.5.9.2 - aioseo.com -->\n\t\t<meta name=\"description\" content=\"Main Features: \u25cf 1920 x 1080 IPS full screen, brings a 15.6-inch wide large field of view. 16: 9 ratio, the picture is more immersive, to enhance the viewing experience \u25cf AMD Ryzen 5 3500U processor, 2.1GHz, and max up to 3.7GHz \u25cf 16GB RAM \u25cf Memory type DDR4 2400MHz \u25cf Storage capacity SSD 256GB + HDD 1TB \u25cf Hard disk type SSD + HDD \u25cf Creative hidden camera 1,000,000 pixels (720P HD), press to bounce the camera when in use, press to storage when not in use, which is effectively protect your privacy\" \/>\n\t\t<meta name=\"robots\" content=\"max-image-preview:large\" \/>\n\t\t<link rel=\"canonical\" href=\"https:\/\/www.rucashk.com\/pt\/produto\/huawei-matebook-d-15-wholesale\/\" \/>\n\t\t<meta name=\"generator\" content=\"All in One SEO Pro (AIOSEO) 4.5.9.2\" \/>\n\t\t<meta property=\"og:locale\" content=\"pt_PT\" \/>\n\t\t<meta property=\"og:site_name\" content=\"Rucas - One-stop AIoT Distribution Worldwide\" \/>\n\t\t<meta property=\"og:type\" content=\"article\" \/>\n\t\t<meta property=\"og:title\" content=\"HUAWEI MateBook D15 Wholesale - Rucas - Wholesale and Distribution\" \/>\n\t\t<meta property=\"og:description\" content=\"Main Features: \u25cf 1920 x 1080 IPS full screen, brings a 15.6-inch wide large field of view. 16: 9 ratio, the picture is more immersive, to enhance the viewing experience \u25cf AMD Ryzen 5 3500U processor, 2.1GHz, and max up to 3.7GHz \u25cf 16GB RAM \u25cf Memory type DDR4 2400MHz \u25cf Storage capacity SSD 256GB + HDD 1TB \u25cf Hard disk type SSD + HDD \u25cf Creative hidden camera 1,000,000 pixels (720P HD), press to bounce the camera when in use, press to storage when not in use, which is effectively protect your privacy\" \/>\n\t\t<meta property=\"og:url\" content=\"https:\/\/www.rucashk.com\/pt\/produto\/huawei-matebook-d-15-wholesale\/\" \/>\n\t\t<meta property=\"og:image\" content=\"https:\/\/www.rucashk.com\/wp-content\/uploads\/replace\/503b8e645f128a97ccde2b6290747646.jpeg\" \/>\n\t\t<meta property=\"og:image:secure_url\" content=\"https:\/\/www.rucashk.com\/wp-content\/uploads\/replace\/503b8e645f128a97ccde2b6290747646.jpeg\" \/>\n\t\t<meta property=\"og:image:width\" content=\"1456\" \/>\n\t\t<meta property=\"og:image:height\" content=\"816\" \/>\n\t\t<meta property=\"article:published_time\" content=\"2024-01-09T15:59:46+00:00\" \/>\n\t\t<meta property=\"article:modified_time\" content=\"2024-03-11T06:37:16+00:00\" \/>\n\t\t<meta name=\"twitter:card\" content=\"summary_large_image\" \/>\n\t\t<meta name=\"twitter:title\" content=\"HUAWEI MateBook D15 Wholesale - Rucas - Wholesale and Distribution\" \/>\n\t\t<meta name=\"twitter:description\" content=\"Main Features: \u25cf 1920 x 1080 IPS full screen, brings a 15.6-inch wide large field of view. 16: 9 ratio, the picture is more immersive, to enhance the viewing experience \u25cf AMD Ryzen 5 3500U processor, 2.1GHz, and max up to 3.7GHz \u25cf 16GB RAM \u25cf Memory type DDR4 2400MHz \u25cf Storage capacity SSD 256GB + HDD 1TB \u25cf Hard disk type SSD + HDD \u25cf Creative hidden camera 1,000,000 pixels (720P HD), press to bounce the camera when in use, press to storage when not in use, which is effectively protect your privacy\" \/>\n\t\t<meta name=\"twitter:image\" content=\"https:\/\/www.rucashk.com\/wp-content\/uploads\/replace\/503b8e645f128a97ccde2b6290747646.jpeg\" \/>\n\t\t<script type=\"application\/ld+json\" class=\"aioseo-schema\">\n\t\t\t{\"@context\":\"https:\\\/\\\/schema.org\",\"@graph\":[{\"@type\":\"BreadcrumbList\",\"@id\":\"https:\\\/\\\/www.rucashk.com\\\/pt\\\/produto\\\/huawei-matebook-d-15-wholesale\\\/#breadcrumblist\",\"itemListElement\":[{\"@type\":\"ListItem\",\"@id\":\"https:\\\/\\\/www.rucashk.com\\\/pt\\\/#listItem\",\"position\":1,\"name\":\"Home\",\"item\":\"https:\\\/\\\/www.rucashk.com\\\/pt\\\/\",\"nextItem\":\"https:\\\/\\\/www.rucashk.com\\\/pt\\\/produto\\\/huawei-matebook-d-15-wholesale\\\/#listItem\"},{\"@type\":\"ListItem\",\"@id\":\"https:\\\/\\\/www.rucashk.com\\\/pt\\\/produto\\\/huawei-matebook-d-15-wholesale\\\/#listItem\",\"position\":2,\"name\":\"HUAWEI MateBook D15 Wholesale\",\"previousItem\":\"https:\\\/\\\/www.rucashk.com\\\/pt\\\/#listItem\"}]},{\"@type\":\"Organization\",\"@id\":\"https:\\\/\\\/www.rucashk.com\\\/pt\\\/#organization\",\"name\":\"Rucas\",\"url\":\"https:\\\/\\\/www.rucashk.com\\\/pt\\\/\",\"logo\":{\"@type\":\"ImageObject\",\"url\":\"https:\\\/\\\/www.rucashk.com\\\/wp-content\\\/uploads\\\/2023\\\/12\\\/Rucas_campany_logo.png\",\"@id\":\"https:\\\/\\\/www.rucashk.com\\\/pt\\\/produto\\\/huawei-matebook-d-15-wholesale\\\/#organizationLogo\",\"width\":221,\"height\":65},\"image\":{\"@id\":\"https:\\\/\\\/www.rucashk.com\\\/pt\\\/#organizationLogo\"}},{\"@type\":\"Person\",\"@id\":\"https:\\\/\\\/www.rucashk.com\\\/pt\\\/author\\\/admin\\\/#author\",\"url\":\"https:\\\/\\\/www.rucashk.com\\\/pt\\\/author\\\/admin\\\/\",\"name\":\"admin\",\"image\":{\"@type\":\"ImageObject\",\"@id\":\"https:\\\/\\\/www.rucashk.com\\\/pt\\\/produto\\\/huawei-matebook-d-15-wholesale\\\/#authorImage\",\"url\":\"https:\\\/\\\/secure.gravatar.com\\\/avatar\\\/b7c8925b09a27e72b30232f8ecaadbd5af0f70a38c78096863fe51b64f031c24?s=96&d=mm&r=g\",\"width\":96,\"height\":96,\"caption\":\"admin\"}},{\"@type\":\"WebPage\",\"@id\":\"https:\\\/\\\/www.rucashk.com\\\/pt\\\/produto\\\/huawei-matebook-d-15-wholesale\\\/#webpage\",\"url\":\"https:\\\/\\\/www.rucashk.com\\\/pt\\\/produto\\\/huawei-matebook-d-15-wholesale\\\/\",\"name\":\"HUAWEI MateBook D15 Wholesale - Rucas - Wholesale and Distribution\",\"description\":\"Main Features: \\u25cf 1920 x 1080 IPS full screen, brings a 15.6-inch wide large field of view. 16: 9 ratio, the picture is more immersive, to enhance the viewing experience \\u25cf AMD Ryzen 5 3500U processor, 2.1GHz, and max up to 3.7GHz \\u25cf 16GB RAM \\u25cf Memory type DDR4 2400MHz \\u25cf Storage capacity SSD 256GB + HDD 1TB \\u25cf Hard disk type SSD + HDD \\u25cf Creative hidden camera 1,000,000 pixels (720P HD), press to bounce the camera when in use, press to storage when not in use, which is effectively protect your privacy\",\"inLanguage\":\"pt-PT\",\"isPartOf\":{\"@id\":\"https:\\\/\\\/www.rucashk.com\\\/pt\\\/#website\"},\"breadcrumb\":{\"@id\":\"https:\\\/\\\/www.rucashk.com\\\/pt\\\/produto\\\/huawei-matebook-d-15-wholesale\\\/#breadcrumblist\"},\"author\":{\"@id\":\"https:\\\/\\\/www.rucashk.com\\\/pt\\\/author\\\/admin\\\/#author\"},\"creator\":{\"@id\":\"https:\\\/\\\/www.rucashk.com\\\/pt\\\/author\\\/admin\\\/#author\"},\"image\":{\"@type\":\"ImageObject\",\"url\":\"https:\\\/\\\/www.rucashk.com\\\/wp-content\\\/uploads\\\/2024\\\/01\\\/huawei-matebook-d-15.jpg\",\"@id\":\"https:\\\/\\\/www.rucashk.com\\\/pt\\\/produto\\\/huawei-matebook-d-15-wholesale\\\/#mainImage\",\"width\":800,\"height\":800},\"primaryImageOfPage\":{\"@id\":\"https:\\\/\\\/www.rucashk.com\\\/pt\\\/produto\\\/huawei-matebook-d-15-wholesale\\\/#mainImage\"},\"datePublished\":\"2024-01-09T15:59:46+00:00\",\"dateModified\":\"2024-03-11T06:37:16+00:00\"},{\"@type\":\"WebSite\",\"@id\":\"https:\\\/\\\/www.rucashk.com\\\/pt\\\/#website\",\"url\":\"https:\\\/\\\/www.rucashk.com\\\/pt\\\/\",\"name\":\"Rucas - Wholesale and distribution worldwide\",\"alternateName\":\"Rucas - One-stop AIoT Distribution Worldwide\",\"description\":\"One-stop AIoT Distribution Worldwide\",\"inLanguage\":\"pt-PT\",\"publisher\":{\"@id\":\"https:\\\/\\\/www.rucashk.com\\\/pt\\\/#organization\"}}]}\n\t\t<\/script>\n\t\t<!-- All in One SEO Pro -->\r\n\t\t<title>HUAWEI MateBook D15 Wholesale - Rucas - Wholesale and Distribution<\/title>\n\n","aioseo_head_json":{"title":"HUAWEI MateBook D15 Wholesale - Rucas - Wholesale and Distribution","description":"Main Features: \u25cf 1920 x 1080 IPS full screen, brings a 15.6-inch wide large field of view. 16: 9 ratio, the picture is more immersive, to enhance the viewing experience \u25cf AMD Ryzen 5 3500U processor, 2.1GHz, and max up to 3.7GHz \u25cf 16GB RAM \u25cf Memory type DDR4 2400MHz \u25cf Storage capacity SSD 256GB + HDD 1TB \u25cf Hard disk type SSD + HDD \u25cf Creative hidden camera 1,000,000 pixels (720P HD), press to bounce the camera when in use, press to storage when not in use, which is effectively protect your privacy","canonical_url":"https:\/\/www.rucashk.com\/pt\/produto\/huawei-matebook-d-15-wholesale\/","robots":"max-image-preview:large","keywords":"","webmasterTools":{"miscellaneous":""},"og:locale":"pt_PT","og:site_name":"Rucas - One-stop AIoT Distribution Worldwide","og:type":"article","og:title":"HUAWEI MateBook D15 Wholesale - Rucas - Wholesale and Distribution","og:description":"Main Features: \u25cf 1920 x 1080 IPS full screen, brings a 15.6-inch wide large field of view. 16: 9 ratio, the picture is more immersive, to enhance the viewing experience \u25cf AMD Ryzen 5 3500U processor, 2.1GHz, and max up to 3.7GHz \u25cf 16GB RAM \u25cf Memory type DDR4 2400MHz \u25cf Storage capacity SSD 256GB + HDD 1TB \u25cf Hard disk type SSD + HDD \u25cf Creative hidden camera 1,000,000 pixels (720P HD), press to bounce the camera when in use, press to storage when not in use, which is effectively protect your privacy","og:url":"https:\/\/www.rucashk.com\/pt\/produto\/huawei-matebook-d-15-wholesale\/","og:image":"https:\/\/www.rucashk.com\/wp-content\/uploads\/replace\/503b8e645f128a97ccde2b6290747646.jpeg","og:image:secure_url":"https:\/\/www.rucashk.com\/wp-content\/uploads\/replace\/503b8e645f128a97ccde2b6290747646.jpeg","og:image:width":1456,"og:image:height":816,"article:published_time":"2024-01-09T15:59:46+00:00","article:modified_time":"2024-03-11T06:37:16+00:00","twitter:card":"summary_large_image","twitter:title":"HUAWEI MateBook D15 Wholesale - Rucas - Wholesale and Distribution","twitter:description":"Main Features: \u25cf 1920 x 1080 IPS full screen, brings a 15.6-inch wide large field of view. 16: 9 ratio, the picture is more immersive, to enhance the viewing experience \u25cf AMD Ryzen 5 3500U processor, 2.1GHz, and max up to 3.7GHz \u25cf 16GB RAM \u25cf Memory type DDR4 2400MHz \u25cf Storage capacity SSD 256GB + HDD 1TB \u25cf Hard disk type SSD + HDD \u25cf Creative hidden camera 1,000,000 pixels (720P HD), press to bounce the camera when in use, press to storage when not in use, which is effectively protect your privacy","twitter:image":"https:\/\/www.rucashk.com\/wp-content\/uploads\/replace\/503b8e645f128a97ccde2b6290747646.jpeg","schema":{"@context":"https:\/\/schema.org","@graph":[{"@type":"BreadcrumbList","@id":"https:\/\/www.rucashk.com\/pt\/produto\/huawei-matebook-d-15-wholesale\/#breadcrumblist","itemListElement":[{"@type":"ListItem","@id":"https:\/\/www.rucashk.com\/pt\/#listItem","position":1,"name":"Home","item":"https:\/\/www.rucashk.com\/pt\/","nextItem":"https:\/\/www.rucashk.com\/pt\/produto\/huawei-matebook-d-15-wholesale\/#listItem"},{"@type":"ListItem","@id":"https:\/\/www.rucashk.com\/pt\/produto\/huawei-matebook-d-15-wholesale\/#listItem","position":2,"name":"HUAWEI MateBook D15 Wholesale","previousItem":"https:\/\/www.rucashk.com\/pt\/#listItem"}]},{"@type":"Organization","@id":"https:\/\/www.rucashk.com\/pt\/#organization","name":"Rucas","url":"https:\/\/www.rucashk.com\/pt\/","logo":{"@type":"ImageObject","url":"https:\/\/www.rucashk.com\/wp-content\/uploads\/2023\/12\/Rucas_campany_logo.png","@id":"https:\/\/www.rucashk.com\/pt\/produto\/huawei-matebook-d-15-wholesale\/#organizationLogo","width":221,"height":65},"image":{"@id":"https:\/\/www.rucashk.com\/pt\/#organizationLogo"}},{"@type":"Person","@id":"https:\/\/www.rucashk.com\/pt\/author\/admin\/#author","url":"https:\/\/www.rucashk.com\/pt\/author\/admin\/","name":"admin","image":{"@type":"ImageObject","@id":"https:\/\/www.rucashk.com\/pt\/produto\/huawei-matebook-d-15-wholesale\/#authorImage","url":"https:\/\/secure.gravatar.com\/avatar\/b7c8925b09a27e72b30232f8ecaadbd5af0f70a38c78096863fe51b64f031c24?s=96&d=mm&r=g","width":96,"height":96,"caption":"admin"}},{"@type":"WebPage","@id":"https:\/\/www.rucashk.com\/pt\/produto\/huawei-matebook-d-15-wholesale\/#webpage","url":"https:\/\/www.rucashk.com\/pt\/produto\/huawei-matebook-d-15-wholesale\/","name":"HUAWEI MateBook D15 Wholesale - Rucas - Wholesale and Distribution","description":"Main Features: \u25cf 1920 x 1080 IPS full screen, brings a 15.6-inch wide large field of view. 16: 9 ratio, the picture is more immersive, to enhance the viewing experience \u25cf AMD Ryzen 5 3500U processor, 2.1GHz, and max up to 3.7GHz \u25cf 16GB RAM \u25cf Memory type DDR4 2400MHz \u25cf Storage capacity SSD 256GB + HDD 1TB \u25cf Hard disk type SSD + HDD \u25cf Creative hidden camera 1,000,000 pixels (720P HD), press to bounce the camera when in use, press to storage when not in use, which is effectively protect your privacy","inLanguage":"pt-PT","isPartOf":{"@id":"https:\/\/www.rucashk.com\/pt\/#website"},"breadcrumb":{"@id":"https:\/\/www.rucashk.com\/pt\/produto\/huawei-matebook-d-15-wholesale\/#breadcrumblist"},"author":{"@id":"https:\/\/www.rucashk.com\/pt\/author\/admin\/#author"},"creator":{"@id":"https:\/\/www.rucashk.com\/pt\/author\/admin\/#author"},"image":{"@type":"ImageObject","url":"https:\/\/www.rucashk.com\/wp-content\/uploads\/2024\/01\/huawei-matebook-d-15.jpg","@id":"https:\/\/www.rucashk.com\/pt\/produto\/huawei-matebook-d-15-wholesale\/#mainImage","width":800,"height":800},"primaryImageOfPage":{"@id":"https:\/\/www.rucashk.com\/pt\/produto\/huawei-matebook-d-15-wholesale\/#mainImage"},"datePublished":"2024-01-09T15:59:46+00:00","dateModified":"2024-03-11T06:37:16+00:00"},{"@type":"WebSite","@id":"https:\/\/www.rucashk.com\/pt\/#website","url":"https:\/\/www.rucashk.com\/pt\/","name":"Rucas - Wholesale and distribution worldwide","alternateName":"Rucas - One-stop AIoT Distribution Worldwide","description":"One-stop AIoT Distribution Worldwide","inLanguage":"pt-PT","publisher":{"@id":"https:\/\/www.rucashk.com\/pt\/#organization"}}]}},"aioseo_meta_data":{"post_id":"24000","title":null,"description":null,"keywords":null,"keyphrases":null,"primary_term":null,"canonical_url":null,"og_title":null,"og_description":null,"og_object_type":"default","og_image_type":"default","og_image_url":null,"og_image_width":null,"og_image_height":null,"og_image_custom_url":null,"og_image_custom_fields":null,"og_video":null,"og_custom_url":null,"og_article_section":null,"og_article_tags":null,"twitter_use_og":false,"twitter_card":"default","twitter_image_type":"default","twitter_image_url":null,"twitter_image_custom_url":null,"twitter_image_custom_fields":null,"twitter_title":null,"twitter_description":null,"schema":{"blockGraphs":[],"customGraphs":[],"default":{"data":{"Article":[],"Course":[],"Dataset":[],"FAQPage":[],"Movie":[],"Person":[],"Product":[],"Recipe":[],"Service":[],"SoftwareApplication":[],"WebPage":[]},"graphName":"","isEnabled":true},"graphs":[]},"schema_type":"default","schema_type_options":null,"pillar_content":false,"robots_default":true,"robots_noindex":false,"robots_noarchive":false,"robots_nosnippet":false,"robots_nofollow":false,"robots_noimageindex":false,"robots_noodp":false,"robots_notranslate":false,"robots_max_snippet":null,"robots_max_videopreview":null,"robots_max_imagepreview":"large","priority":null,"frequency":null,"local_seo":null,"breadcrumb_settings":null,"limit_modified_date":false,"created":"2024-04-11 01:57:08","updated":"2025-06-22 17:21:00"},"aioseo_breadcrumb":"<div class=\"aioseo-breadcrumbs\"><span class=\"aioseo-breadcrumb\">\n\t<a href=\"https:\/\/www.rucashk.com\/pt\" title=\"Home\">Home<\/a>\n<\/span><span class=\"aioseo-breadcrumb-separator\">&raquo;<\/span><span class=\"aioseo-breadcrumb\">\n\t<a href=\"https:\/\/www.rucashk.com\/pt\/products\/\" title=\"Produtos\">Produtos<\/a>\n<\/span><span class=\"aioseo-breadcrumb-separator\">&raquo;<\/span><span class=\"aioseo-breadcrumb\">\n\t<a href=\"https:\/\/www.rucashk.com\/pt\/categoria-produto\/other-a-brands\/\" title=\"Other A-Brands\">Other A-Brands<\/a>\n<\/span><span class=\"aioseo-breadcrumb-separator\">&raquo;<\/span><span class=\"aioseo-breadcrumb\">\n\t<a href=\"https:\/\/www.rucashk.com\/pt\/categoria-produto\/other-a-brands\/huawei-other-a-brands\/\" title=\"Huawei\">Huawei<\/a>\n<\/span><span class=\"aioseo-breadcrumb-separator\">&raquo;<\/span><span class=\"aioseo-breadcrumb\">\n\tHUAWEI MateBook D15 Wholesale\n<\/span><\/div>","aioseo_breadcrumb_json":[{"label":"Home","link":"https:\/\/www.rucashk.com\/pt"},{"label":"Produtos","link":"https:\/\/www.rucashk.com\/pt\/products\/"},{"label":"Other A-Brands","link":"https:\/\/www.rucashk.com\/pt\/categoria-produto\/other-a-brands\/"},{"label":"Huawei","link":"https:\/\/www.rucashk.com\/pt\/categoria-produto\/other-a-brands\/huawei-other-a-brands\/"},{"label":"HUAWEI MateBook D15 Wholesale","link":"https:\/\/www.rucashk.com\/pt\/produto\/huawei-matebook-d-15-wholesale\/"}],"_links":{"self":[{"href":"https:\/\/www.rucashk.com\/pt\/wp-json\/wp\/v2\/product\/24000","targetHints":{"allow":["GET"]}}],"collection":[{"href":"https:\/\/www.rucashk.com\/pt\/wp-json\/wp\/v2\/product"}],"about":[{"href":"https:\/\/www.rucashk.com\/pt\/wp-json\/wp\/v2\/types\/product"}],"wp:featuredmedia":[{"embeddable":true,"href":"https:\/\/www.rucashk.com\/pt\/wp-json\/wp\/v2\/media\/24118"}],"wp:attachment":[{"href":"https:\/\/www.rucashk.com\/pt\/wp-json\/wp\/v2\/media?parent=24000"}],"wp:term":[{"taxonomy":"product_brand","embeddable":true,"href":"https:\/\/www.rucashk.com\/pt\/wp-json\/wp\/v2\/product_brand?post=24000"},{"taxonomy":"product_cat","embeddable":true,"href":"https:\/\/www.rucashk.com\/pt\/wp-json\/wp\/v2\/product_cat?post=24000"},{"taxonomy":"product_tag","embeddable":true,"href":"https:\/\/www.rucashk.com\/pt\/wp-json\/wp\/v2\/product_tag?post=24000"}],"curies":[{"name":"wp","href":"https:\/\/api.w.org\/{rel}","templated":true}]}}