{"id":23998,"date":"2024-01-09T15:59:45","date_gmt":"2024-01-09T15:59:45","guid":{"rendered":"http:\/\/rucashk.com\/?post_type=product&#038;p=23998"},"modified":"2024-03-11T06:38:54","modified_gmt":"2024-03-11T06:38:54","slug":"huawei-band-3e-wholesale","status":"publish","type":"product","link":"https:\/\/www.rucashk.com\/pt\/produto\/huawei-band-3e-wholesale\/","title":{"rendered":"Huawei Banda 3e atacado"},"content":{"rendered":"<p><img fetchpriority=\"high\" decoding=\"async\" class=\"js-descLazyload lazy-loaded aligncenter\" src=\"\/wp-content\/uploads\/replace\/fbfc6f6815bf7d158d739efd32ad5ba9.jpeg\" alt=\"Huawei Band 3e\" width=\"1000\" height=\"726\" data-lazy=\"\/wp-content\/uploads\/replace\/fbfc6f6815bf7d158d739efd32ad5ba9.jpeg\" data-was-processed=\"true\" \/><\/p>\n<p><img decoding=\"async\" class=\"js-descLazyload lazy-loaded aligncenter\" src=\"\/wp-content\/uploads\/replace\/a2659c2f31930850a5e437703c65f237.jpeg\" alt=\"Huawei Band 3e\" width=\"1000\" height=\"433\" data-lazy=\"\/wp-content\/uploads\/replace\/a2659c2f31930850a5e437703c65f237.jpeg\" data-was-processed=\"true\" \/><\/p>\n<p><img decoding=\"async\" class=\"js-descLazyload lazy-loaded aligncenter\" src=\"\/wp-content\/uploads\/replace\/e342365d84abc69477b7127b3a2fb357.jpeg\" alt=\"Huawei Band 3e\" width=\"1000\" height=\"819\" data-lazy=\"\/wp-content\/uploads\/replace\/e342365d84abc69477b7127b3a2fb357.jpeg\" data-was-processed=\"true\" \/><\/p>\n<p><img loading=\"lazy\" decoding=\"async\" class=\"js-descLazyload lazy-loaded aligncenter\" src=\"\/wp-content\/uploads\/replace\/6c3e0853669c5124cac08aa86bfea480.jpeg\" alt=\"Huawei Band 3e\" width=\"1000\" height=\"612\" data-lazy=\"\/wp-content\/uploads\/replace\/6c3e0853669c5124cac08aa86bfea480.jpeg\" data-was-processed=\"true\" \/><\/p>\n<p><img loading=\"lazy\" decoding=\"async\" class=\"js-descLazyload lazy-loaded aligncenter\" src=\"\/wp-content\/uploads\/replace\/c08122d75197affd90919d5dac8b5e2d.jpeg\" alt=\"Huawei Band 3e\" width=\"1000\" height=\"625\" data-lazy=\"\/wp-content\/uploads\/replace\/c08122d75197affd90919d5dac8b5e2d.jpeg\" data-was-processed=\"true\" \/><\/p>\n<p><img loading=\"lazy\" decoding=\"async\" class=\"js-descLazyload lazy-loaded aligncenter\" src=\"\/wp-content\/uploads\/replace\/9ec203d535e6f5d5131b4c75c3c05c0e.jpeg\" alt=\"Huawei Band 3e\" width=\"1000\" height=\"726\" data-lazy=\"\/wp-content\/uploads\/replace\/9ec203d535e6f5d5131b4c75c3c05c0e.jpeg\" data-was-processed=\"true\" \/><\/p>\n<p><img loading=\"lazy\" decoding=\"async\" class=\"js-descLazyload lazy-loaded aligncenter\" src=\"\/wp-content\/uploads\/replace\/976d6c35f317d8193cee6369e641a05c.jpeg\" alt=\"Huawei Band 3e\" width=\"1000\" height=\"387\" data-lazy=\"\/wp-content\/uploads\/replace\/976d6c35f317d8193cee6369e641a05c.jpeg\" data-was-processed=\"true\" \/><\/p>\n<p><img loading=\"lazy\" decoding=\"async\" class=\"js-descLazyload lazy-loaded aligncenter\" src=\"\/wp-content\/uploads\/replace\/086c391ce52ccd8c12e729598c03efe8.jpeg\" alt=\"Huawei Band 3e\" width=\"1000\" height=\"536\" data-lazy=\"\/wp-content\/uploads\/replace\/086c391ce52ccd8c12e729598c03efe8.jpeg\" data-was-processed=\"true\" \/><\/p>\n<p class=\"sizeDescTitle\"><strong>Especifica\u00e7\u00e3o:<\/strong><\/p>\n<div class=\"sizeDescTable\">\n<div class=\"sizeDescCate topBorder\">\n<div class=\"sizeDescCateContent\">Idioma: Outro,Alem\u00e3o,Russo,Franc\u00eas,Portugu\u00eas,Espanhol,Italiano,Ingl\u00eas<\/div>\n<\/div>\n<\/div>\n<div class=\"sizeDescTable\">\n<div class=\"sizeDescCate\">\n<div class=\"sizeDescCateContent\">Tipo de tela: OLED<\/div>\n<\/div>\n<\/div>\n<div class=\"sizeDescTable\">\n<div class=\"sizeDescCate\">\n<div class=\"sizeDescCateContent\">Grau \u00e0 prova d&#039;\u00e1gua: profissional \u00e0 prova d&#039;\u00e1gua<\/div>\n<\/div>\n<\/div>\n<div class=\"sizeDescTable\">\n<div class=\"sizeDescCate\">\n<div class=\"sizeDescCateContent\">Material da banda: S\u00edlica<\/div>\n<\/div>\n<\/div>\n<div class=\"sizeDescTable\">\n<div class=\"sizeDescCate\">\n<div class=\"sizeDescCateContent\">Fun\u00e7\u00e3o: calend\u00e1rio, passometer, lembrete de mensagem, lembrete de chamada, despertador, semana<\/div>\n<\/div>\n<\/div>\n<div class=\"sizeDescTable\">\n<div class=\"sizeDescCate\">\n<div class=\"sizeDescCateContent\">Tela sens\u00edvel ao toque: N\u00e3o<\/div>\n<\/div>\n<\/div>\n<div class=\"sizeDescTable\">\n<div class=\"sizeDescCate\">\n<div class=\"sizeDescCateContent\">Compatibilidade: Todos compat\u00edveis<\/div>\n<\/div>\n<\/div>","protected":false},"excerpt":{"rendered":"<p class=\"textDescTitle\"><strong>Principais caracter\u00edsticas:<\/strong><\/p>\n<p class=\"textDescContent\">\u25cf Two ways to wear, can be worn on the wrist or tied to the shoe<br \/>\n\u25cf 6-axis sensor for sensitive monitoring of running<br \/>\n\u25cf By monitoring the data of 7 running postures, the user is guided to scientific and reasonable running<br \/>\n\u25cf 50 meters waterproof technology, not afraid of sweat and water<br \/>\n\u25cf Normal use for 14 days, 40 hours for running mode<br \/>\n\u25cf Other functions: pedometer, distance, calorie, sleeping time, APP running, alarm, information reminder, incoming calls, sedentary reminder, find phone, standing statistics<\/p>","protected":false},"featured_media":24113,"template":"","meta":[],"product_brand":[],"product_cat":[1345,1322],"product_tag":[1001],"class_list":{"0":"post-23998","1":"product","2":"type-product","3":"status-publish","4":"has-post-thumbnail","6":"product_cat-huawei-other-a-brands","7":"product_cat-other-a-brands","8":"product_tag-huawei-band-3e","10":"first","11":"instock","12":"shipping-taxable","13":"product-type-external"},"aioseo_notices":[],"aioseo_head":"\n\t\t<!-- All in One SEO Pro 4.5.9.2 - aioseo.com -->\n\t\t<meta name=\"description\" content=\"Main Features: \u25cf Two ways to wear, can be worn on the wrist or tied to the shoe \u25cf 6-axis sensor for sensitive monitoring of running \u25cf By monitoring the data of 7 running postures, the user is guided to scientific and reasonable running \u25cf 50 meters waterproof technology, not afraid of sweat and water \u25cf Normal use for 14 days, 40 hours for running mode \u25cf Other functions: pedometer, distance, calorie, sleeping time, APP running, alarm, information reminder, incoming calls, sedentary reminder, find phone, standing statistics\" \/>\n\t\t<meta name=\"robots\" content=\"max-image-preview:large\" \/>\n\t\t<link rel=\"canonical\" href=\"https:\/\/www.rucashk.com\/pt\/produto\/huawei-band-3e-wholesale\/\" \/>\n\t\t<meta name=\"generator\" content=\"All in One SEO Pro (AIOSEO) 4.5.9.2\" \/>\n\t\t<meta property=\"og:locale\" content=\"pt_PT\" \/>\n\t\t<meta property=\"og:site_name\" content=\"Rucas - One-stop AIoT Distribution Worldwide\" \/>\n\t\t<meta property=\"og:type\" content=\"article\" \/>\n\t\t<meta property=\"og:title\" content=\"Huawei Band 3e Wholesale - Rucas - Wholesale and Distribution\" \/>\n\t\t<meta property=\"og:description\" content=\"Main Features: \u25cf Two ways to wear, can be worn on the wrist or tied to the shoe \u25cf 6-axis sensor for sensitive monitoring of running \u25cf By monitoring the data of 7 running postures, the user is guided to scientific and reasonable running \u25cf 50 meters waterproof technology, not afraid of sweat and water \u25cf Normal use for 14 days, 40 hours for running mode \u25cf Other functions: pedometer, distance, calorie, sleeping time, APP running, alarm, information reminder, incoming calls, sedentary reminder, find phone, standing statistics\" \/>\n\t\t<meta property=\"og:url\" content=\"https:\/\/www.rucashk.com\/pt\/produto\/huawei-band-3e-wholesale\/\" \/>\n\t\t<meta property=\"og:image\" content=\"https:\/\/www.rucashk.com\/wp-content\/uploads\/replace\/503b8e645f128a97ccde2b6290747646.jpeg\" \/>\n\t\t<meta property=\"og:image:secure_url\" content=\"https:\/\/www.rucashk.com\/wp-content\/uploads\/replace\/503b8e645f128a97ccde2b6290747646.jpeg\" \/>\n\t\t<meta property=\"og:image:width\" content=\"1456\" \/>\n\t\t<meta property=\"og:image:height\" content=\"816\" \/>\n\t\t<meta property=\"article:published_time\" content=\"2024-01-09T15:59:45+00:00\" \/>\n\t\t<meta property=\"article:modified_time\" content=\"2024-03-11T06:38:54+00:00\" \/>\n\t\t<meta name=\"twitter:card\" content=\"summary_large_image\" \/>\n\t\t<meta name=\"twitter:title\" content=\"Huawei Band 3e Wholesale - Rucas - Wholesale and Distribution\" \/>\n\t\t<meta name=\"twitter:description\" content=\"Main Features: \u25cf Two ways to wear, can be worn on the wrist or tied to the shoe \u25cf 6-axis sensor for sensitive monitoring of running \u25cf By monitoring the data of 7 running postures, the user is guided to scientific and reasonable running \u25cf 50 meters waterproof technology, not afraid of sweat and water \u25cf Normal use for 14 days, 40 hours for running mode \u25cf Other functions: pedometer, distance, calorie, sleeping time, APP running, alarm, information reminder, incoming calls, sedentary reminder, find phone, standing statistics\" \/>\n\t\t<meta name=\"twitter:image\" content=\"https:\/\/www.rucashk.com\/wp-content\/uploads\/replace\/503b8e645f128a97ccde2b6290747646.jpeg\" \/>\n\t\t<script type=\"application\/ld+json\" class=\"aioseo-schema\">\n\t\t\t{\"@context\":\"https:\\\/\\\/schema.org\",\"@graph\":[{\"@type\":\"BreadcrumbList\",\"@id\":\"https:\\\/\\\/www.rucashk.com\\\/pt\\\/produto\\\/huawei-band-3e-wholesale\\\/#breadcrumblist\",\"itemListElement\":[{\"@type\":\"ListItem\",\"@id\":\"https:\\\/\\\/www.rucashk.com\\\/pt\\\/#listItem\",\"position\":1,\"name\":\"Home\",\"item\":\"https:\\\/\\\/www.rucashk.com\\\/pt\\\/\",\"nextItem\":\"https:\\\/\\\/www.rucashk.com\\\/pt\\\/produto\\\/huawei-band-3e-wholesale\\\/#listItem\"},{\"@type\":\"ListItem\",\"@id\":\"https:\\\/\\\/www.rucashk.com\\\/pt\\\/produto\\\/huawei-band-3e-wholesale\\\/#listItem\",\"position\":2,\"name\":\"Huawei Band 3e Wholesale\",\"previousItem\":\"https:\\\/\\\/www.rucashk.com\\\/pt\\\/#listItem\"}]},{\"@type\":\"Organization\",\"@id\":\"https:\\\/\\\/www.rucashk.com\\\/pt\\\/#organization\",\"name\":\"Rucas\",\"url\":\"https:\\\/\\\/www.rucashk.com\\\/pt\\\/\",\"logo\":{\"@type\":\"ImageObject\",\"url\":\"https:\\\/\\\/www.rucashk.com\\\/wp-content\\\/uploads\\\/2023\\\/12\\\/Rucas_campany_logo.png\",\"@id\":\"https:\\\/\\\/www.rucashk.com\\\/pt\\\/produto\\\/huawei-band-3e-wholesale\\\/#organizationLogo\",\"width\":221,\"height\":65},\"image\":{\"@id\":\"https:\\\/\\\/www.rucashk.com\\\/pt\\\/#organizationLogo\"}},{\"@type\":\"Person\",\"@id\":\"https:\\\/\\\/www.rucashk.com\\\/pt\\\/author\\\/admin\\\/#author\",\"url\":\"https:\\\/\\\/www.rucashk.com\\\/pt\\\/author\\\/admin\\\/\",\"name\":\"admin\",\"image\":{\"@type\":\"ImageObject\",\"@id\":\"https:\\\/\\\/www.rucashk.com\\\/pt\\\/produto\\\/huawei-band-3e-wholesale\\\/#authorImage\",\"url\":\"https:\\\/\\\/secure.gravatar.com\\\/avatar\\\/b7c8925b09a27e72b30232f8ecaadbd5af0f70a38c78096863fe51b64f031c24?s=96&d=mm&r=g\",\"width\":96,\"height\":96,\"caption\":\"admin\"}},{\"@type\":\"WebPage\",\"@id\":\"https:\\\/\\\/www.rucashk.com\\\/pt\\\/produto\\\/huawei-band-3e-wholesale\\\/#webpage\",\"url\":\"https:\\\/\\\/www.rucashk.com\\\/pt\\\/produto\\\/huawei-band-3e-wholesale\\\/\",\"name\":\"Huawei Band 3e Wholesale - Rucas - Wholesale and Distribution\",\"description\":\"Main Features: \\u25cf Two ways to wear, can be worn on the wrist or tied to the shoe \\u25cf 6-axis sensor for sensitive monitoring of running \\u25cf By monitoring the data of 7 running postures, the user is guided to scientific and reasonable running \\u25cf 50 meters waterproof technology, not afraid of sweat and water \\u25cf Normal use for 14 days, 40 hours for running mode \\u25cf Other functions: pedometer, distance, calorie, sleeping time, APP running, alarm, information reminder, incoming calls, sedentary reminder, find phone, standing statistics\",\"inLanguage\":\"pt-PT\",\"isPartOf\":{\"@id\":\"https:\\\/\\\/www.rucashk.com\\\/pt\\\/#website\"},\"breadcrumb\":{\"@id\":\"https:\\\/\\\/www.rucashk.com\\\/pt\\\/produto\\\/huawei-band-3e-wholesale\\\/#breadcrumblist\"},\"author\":{\"@id\":\"https:\\\/\\\/www.rucashk.com\\\/pt\\\/author\\\/admin\\\/#author\"},\"creator\":{\"@id\":\"https:\\\/\\\/www.rucashk.com\\\/pt\\\/author\\\/admin\\\/#author\"},\"image\":{\"@type\":\"ImageObject\",\"url\":\"https:\\\/\\\/www.rucashk.com\\\/wp-content\\\/uploads\\\/2024\\\/01\\\/huawei-band-3e.jpg\",\"@id\":\"https:\\\/\\\/www.rucashk.com\\\/pt\\\/produto\\\/huawei-band-3e-wholesale\\\/#mainImage\",\"width\":800,\"height\":800},\"primaryImageOfPage\":{\"@id\":\"https:\\\/\\\/www.rucashk.com\\\/pt\\\/produto\\\/huawei-band-3e-wholesale\\\/#mainImage\"},\"datePublished\":\"2024-01-09T15:59:45+00:00\",\"dateModified\":\"2024-03-11T06:38:54+00:00\"},{\"@type\":\"WebSite\",\"@id\":\"https:\\\/\\\/www.rucashk.com\\\/pt\\\/#website\",\"url\":\"https:\\\/\\\/www.rucashk.com\\\/pt\\\/\",\"name\":\"Rucas - Wholesale and distribution worldwide\",\"alternateName\":\"Rucas - One-stop AIoT Distribution Worldwide\",\"description\":\"One-stop AIoT Distribution Worldwide\",\"inLanguage\":\"pt-PT\",\"publisher\":{\"@id\":\"https:\\\/\\\/www.rucashk.com\\\/pt\\\/#organization\"}}]}\n\t\t<\/script>\n\t\t<!-- All in One SEO Pro -->\r\n\t\t<title>Huawei Band 3e Wholesale - Rucas - Wholesale and Distribution<\/title>\n\n","aioseo_head_json":{"title":"Huawei Band 3e Wholesale - Rucas - Wholesale and Distribution","description":"Main Features: \u25cf Two ways to wear, can be worn on the wrist or tied to the shoe \u25cf 6-axis sensor for sensitive monitoring of running \u25cf By monitoring the data of 7 running postures, the user is guided to scientific and reasonable running \u25cf 50 meters waterproof technology, not afraid of sweat and water \u25cf Normal use for 14 days, 40 hours for running mode \u25cf Other functions: pedometer, distance, calorie, sleeping time, APP running, alarm, information reminder, incoming calls, sedentary reminder, find phone, standing statistics","canonical_url":"https:\/\/www.rucashk.com\/pt\/produto\/huawei-band-3e-wholesale\/","robots":"max-image-preview:large","keywords":"","webmasterTools":{"miscellaneous":""},"og:locale":"pt_PT","og:site_name":"Rucas - One-stop AIoT Distribution Worldwide","og:type":"article","og:title":"Huawei Band 3e Wholesale - Rucas - Wholesale and Distribution","og:description":"Main Features: \u25cf Two ways to wear, can be worn on the wrist or tied to the shoe \u25cf 6-axis sensor for sensitive monitoring of running \u25cf By monitoring the data of 7 running postures, the user is guided to scientific and reasonable running \u25cf 50 meters waterproof technology, not afraid of sweat and water \u25cf Normal use for 14 days, 40 hours for running mode \u25cf Other functions: pedometer, distance, calorie, sleeping time, APP running, alarm, information reminder, incoming calls, sedentary reminder, find phone, standing statistics","og:url":"https:\/\/www.rucashk.com\/pt\/produto\/huawei-band-3e-wholesale\/","og:image":"https:\/\/www.rucashk.com\/wp-content\/uploads\/replace\/503b8e645f128a97ccde2b6290747646.jpeg","og:image:secure_url":"https:\/\/www.rucashk.com\/wp-content\/uploads\/replace\/503b8e645f128a97ccde2b6290747646.jpeg","og:image:width":1456,"og:image:height":816,"article:published_time":"2024-01-09T15:59:45+00:00","article:modified_time":"2024-03-11T06:38:54+00:00","twitter:card":"summary_large_image","twitter:title":"Huawei Band 3e Wholesale - Rucas - Wholesale and Distribution","twitter:description":"Main Features: \u25cf Two ways to wear, can be worn on the wrist or tied to the shoe \u25cf 6-axis sensor for sensitive monitoring of running \u25cf By monitoring the data of 7 running postures, the user is guided to scientific and reasonable running \u25cf 50 meters waterproof technology, not afraid of sweat and water \u25cf Normal use for 14 days, 40 hours for running mode \u25cf Other functions: pedometer, distance, calorie, sleeping time, APP running, alarm, information reminder, incoming calls, sedentary reminder, find phone, standing statistics","twitter:image":"https:\/\/www.rucashk.com\/wp-content\/uploads\/replace\/503b8e645f128a97ccde2b6290747646.jpeg","schema":{"@context":"https:\/\/schema.org","@graph":[{"@type":"BreadcrumbList","@id":"https:\/\/www.rucashk.com\/pt\/produto\/huawei-band-3e-wholesale\/#breadcrumblist","itemListElement":[{"@type":"ListItem","@id":"https:\/\/www.rucashk.com\/pt\/#listItem","position":1,"name":"Home","item":"https:\/\/www.rucashk.com\/pt\/","nextItem":"https:\/\/www.rucashk.com\/pt\/produto\/huawei-band-3e-wholesale\/#listItem"},{"@type":"ListItem","@id":"https:\/\/www.rucashk.com\/pt\/produto\/huawei-band-3e-wholesale\/#listItem","position":2,"name":"Huawei Band 3e Wholesale","previousItem":"https:\/\/www.rucashk.com\/pt\/#listItem"}]},{"@type":"Organization","@id":"https:\/\/www.rucashk.com\/pt\/#organization","name":"Rucas","url":"https:\/\/www.rucashk.com\/pt\/","logo":{"@type":"ImageObject","url":"https:\/\/www.rucashk.com\/wp-content\/uploads\/2023\/12\/Rucas_campany_logo.png","@id":"https:\/\/www.rucashk.com\/pt\/produto\/huawei-band-3e-wholesale\/#organizationLogo","width":221,"height":65},"image":{"@id":"https:\/\/www.rucashk.com\/pt\/#organizationLogo"}},{"@type":"Person","@id":"https:\/\/www.rucashk.com\/pt\/author\/admin\/#author","url":"https:\/\/www.rucashk.com\/pt\/author\/admin\/","name":"admin","image":{"@type":"ImageObject","@id":"https:\/\/www.rucashk.com\/pt\/produto\/huawei-band-3e-wholesale\/#authorImage","url":"https:\/\/secure.gravatar.com\/avatar\/b7c8925b09a27e72b30232f8ecaadbd5af0f70a38c78096863fe51b64f031c24?s=96&d=mm&r=g","width":96,"height":96,"caption":"admin"}},{"@type":"WebPage","@id":"https:\/\/www.rucashk.com\/pt\/produto\/huawei-band-3e-wholesale\/#webpage","url":"https:\/\/www.rucashk.com\/pt\/produto\/huawei-band-3e-wholesale\/","name":"Huawei Band 3e Wholesale - Rucas - Wholesale and Distribution","description":"Main Features: \u25cf Two ways to wear, can be worn on the wrist or tied to the shoe \u25cf 6-axis sensor for sensitive monitoring of running \u25cf By monitoring the data of 7 running postures, the user is guided to scientific and reasonable running \u25cf 50 meters waterproof technology, not afraid of sweat and water \u25cf Normal use for 14 days, 40 hours for running mode \u25cf Other functions: pedometer, distance, calorie, sleeping time, APP running, alarm, information reminder, incoming calls, sedentary reminder, find phone, standing statistics","inLanguage":"pt-PT","isPartOf":{"@id":"https:\/\/www.rucashk.com\/pt\/#website"},"breadcrumb":{"@id":"https:\/\/www.rucashk.com\/pt\/produto\/huawei-band-3e-wholesale\/#breadcrumblist"},"author":{"@id":"https:\/\/www.rucashk.com\/pt\/author\/admin\/#author"},"creator":{"@id":"https:\/\/www.rucashk.com\/pt\/author\/admin\/#author"},"image":{"@type":"ImageObject","url":"https:\/\/www.rucashk.com\/wp-content\/uploads\/2024\/01\/huawei-band-3e.jpg","@id":"https:\/\/www.rucashk.com\/pt\/produto\/huawei-band-3e-wholesale\/#mainImage","width":800,"height":800},"primaryImageOfPage":{"@id":"https:\/\/www.rucashk.com\/pt\/produto\/huawei-band-3e-wholesale\/#mainImage"},"datePublished":"2024-01-09T15:59:45+00:00","dateModified":"2024-03-11T06:38:54+00:00"},{"@type":"WebSite","@id":"https:\/\/www.rucashk.com\/pt\/#website","url":"https:\/\/www.rucashk.com\/pt\/","name":"Rucas - Wholesale and distribution worldwide","alternateName":"Rucas - One-stop AIoT Distribution Worldwide","description":"One-stop AIoT Distribution Worldwide","inLanguage":"pt-PT","publisher":{"@id":"https:\/\/www.rucashk.com\/pt\/#organization"}}]}},"aioseo_meta_data":{"post_id":"23998","title":null,"description":null,"keywords":null,"keyphrases":null,"primary_term":null,"canonical_url":null,"og_title":null,"og_description":null,"og_object_type":"default","og_image_type":"default","og_image_url":null,"og_image_width":null,"og_image_height":null,"og_image_custom_url":null,"og_image_custom_fields":null,"og_video":null,"og_custom_url":null,"og_article_section":null,"og_article_tags":null,"twitter_use_og":false,"twitter_card":"default","twitter_image_type":"default","twitter_image_url":null,"twitter_image_custom_url":null,"twitter_image_custom_fields":null,"twitter_title":null,"twitter_description":null,"schema":{"blockGraphs":[],"customGraphs":[],"default":{"data":{"Article":[],"Course":[],"Dataset":[],"FAQPage":[],"Movie":[],"Person":[],"Product":[],"Recipe":[],"Service":[],"SoftwareApplication":[],"WebPage":[]},"graphName":"","isEnabled":true},"graphs":[]},"schema_type":"default","schema_type_options":null,"pillar_content":false,"robots_default":true,"robots_noindex":false,"robots_noarchive":false,"robots_nosnippet":false,"robots_nofollow":false,"robots_noimageindex":false,"robots_noodp":false,"robots_notranslate":false,"robots_max_snippet":null,"robots_max_videopreview":null,"robots_max_imagepreview":"large","priority":null,"frequency":null,"local_seo":null,"breadcrumb_settings":null,"limit_modified_date":false,"created":"2024-04-11 01:57:08","updated":"2025-06-22 17:21:00"},"aioseo_breadcrumb":"<div class=\"aioseo-breadcrumbs\"><span class=\"aioseo-breadcrumb\">\n\t<a href=\"https:\/\/www.rucashk.com\/pt\" title=\"Home\">Home<\/a>\n<\/span><span class=\"aioseo-breadcrumb-separator\">&raquo;<\/span><span class=\"aioseo-breadcrumb\">\n\t<a href=\"https:\/\/www.rucashk.com\/pt\/products\/\" title=\"Produtos\">Produtos<\/a>\n<\/span><span class=\"aioseo-breadcrumb-separator\">&raquo;<\/span><span class=\"aioseo-breadcrumb\">\n\t<a href=\"https:\/\/www.rucashk.com\/pt\/categoria-produto\/other-a-brands\/\" title=\"Other A-Brands\">Other A-Brands<\/a>\n<\/span><span class=\"aioseo-breadcrumb-separator\">&raquo;<\/span><span class=\"aioseo-breadcrumb\">\n\t<a href=\"https:\/\/www.rucashk.com\/pt\/categoria-produto\/other-a-brands\/huawei-other-a-brands\/\" title=\"Huawei\">Huawei<\/a>\n<\/span><span class=\"aioseo-breadcrumb-separator\">&raquo;<\/span><span class=\"aioseo-breadcrumb\">\n\tHuawei Band 3e Wholesale\n<\/span><\/div>","aioseo_breadcrumb_json":[{"label":"Home","link":"https:\/\/www.rucashk.com\/pt"},{"label":"Produtos","link":"https:\/\/www.rucashk.com\/pt\/products\/"},{"label":"Other A-Brands","link":"https:\/\/www.rucashk.com\/pt\/categoria-produto\/other-a-brands\/"},{"label":"Huawei","link":"https:\/\/www.rucashk.com\/pt\/categoria-produto\/other-a-brands\/huawei-other-a-brands\/"},{"label":"Huawei Band 3e Wholesale","link":"https:\/\/www.rucashk.com\/pt\/produto\/huawei-band-3e-wholesale\/"}],"_links":{"self":[{"href":"https:\/\/www.rucashk.com\/pt\/wp-json\/wp\/v2\/product\/23998","targetHints":{"allow":["GET"]}}],"collection":[{"href":"https:\/\/www.rucashk.com\/pt\/wp-json\/wp\/v2\/product"}],"about":[{"href":"https:\/\/www.rucashk.com\/pt\/wp-json\/wp\/v2\/types\/product"}],"wp:featuredmedia":[{"embeddable":true,"href":"https:\/\/www.rucashk.com\/pt\/wp-json\/wp\/v2\/media\/24113"}],"wp:attachment":[{"href":"https:\/\/www.rucashk.com\/pt\/wp-json\/wp\/v2\/media?parent=23998"}],"wp:term":[{"taxonomy":"product_brand","embeddable":true,"href":"https:\/\/www.rucashk.com\/pt\/wp-json\/wp\/v2\/product_brand?post=23998"},{"taxonomy":"product_cat","embeddable":true,"href":"https:\/\/www.rucashk.com\/pt\/wp-json\/wp\/v2\/product_cat?post=23998"},{"taxonomy":"product_tag","embeddable":true,"href":"https:\/\/www.rucashk.com\/pt\/wp-json\/wp\/v2\/product_tag?post=23998"}],"curies":[{"name":"wp","href":"https:\/\/api.w.org\/{rel}","templated":true}]}}