{"id":23959,"date":"2024-01-09T15:59:23","date_gmt":"2024-01-09T15:59:23","guid":{"rendered":"http:\/\/rucashk.com\/?post_type=product&#038;p=23959"},"modified":"2024-01-21T08:33:07","modified_gmt":"2024-01-21T08:33:07","slug":"70mai-gps-wholesale","status":"publish","type":"product","link":"https:\/\/www.rucashk.com\/pt\/produto\/70mai-gps-wholesale\/","title":{"rendered":"70mai GPS atacado"},"content":{"rendered":"<p><img fetchpriority=\"high\" decoding=\"async\" class=\"aligncenter\" src=\"https:\/\/www.rucashk.com\/wp-content\/uploads\/2020\/07\/5df9c1300bff160a1e58b05d-15-large.jpg\" alt=\"70mai\u00a0GPS\" width=\"722\" height=\"722\" \/><img decoding=\"async\" class=\"aligncenter\" src=\"https:\/\/www.rucashk.com\/wp-content\/uploads\/2020\/07\/5df9c1300bff160a1e58b05d-1-large-1.jpg\" alt=\"70mai\u00a0GPS\" width=\"875\" height=\"875\" \/><\/p>\n<p><img decoding=\"async\" class=\"aligncenter\" src=\"https:\/\/www.rucashk.com\/wp-content\/uploads\/2020\/07\/5df9c1300bff160a1e58b05d-2-large.jpg\" alt=\"70mai\u00a0GPS\" width=\"856\" height=\"855\" \/><\/p>\n<p><img loading=\"lazy\" decoding=\"async\" class=\"aligncenter\" src=\"https:\/\/www.rucashk.com\/wp-content\/uploads\/2020\/07\/5df9c1300bff160a1e58b05d-3-large.jpg\" alt=\"70mai\u00a0GPS\" width=\"862\" height=\"862\" \/><\/p>\n<p><img loading=\"lazy\" decoding=\"async\" class=\"aligncenter\" src=\"https:\/\/www.rucashk.com\/wp-content\/uploads\/2020\/07\/5df9c1300bff160a1e58b05d-5-large.jpg\" alt=\"70mai\u00a0GPS\" width=\"848\" height=\"848\" \/><\/p>\n<p><img loading=\"lazy\" decoding=\"async\" class=\"aligncenter\" src=\"https:\/\/www.rucashk.com\/wp-content\/uploads\/2020\/07\/5df9c1300bff160a1e58b05d-6-large.jpg\" alt=\"70mai\u00a0GPS\" width=\"745\" height=\"745\" \/><\/p>\n<p><img loading=\"lazy\" decoding=\"async\" class=\"aligncenter\" src=\"https:\/\/www.rucashk.com\/wp-content\/uploads\/2020\/07\/5df9c1300bff160a1e58b05d-7-large.jpg\" alt=\"70mai\u00a0GPS\" width=\"738\" height=\"738\" \/><\/p>\n<div id=\"descriptionAndDetails\" class=\"a-section a-spacing-extra-large\">\n<div id=\"productDescription_feature_div\" class=\"celwidget\" data-feature-name=\"productDescription\" data-cel-widget=\"productDescription_feature_div\">\n<div id=\"productDescription_feature_div\" class=\"a-row feature\" data-feature-name=\"productDescription\" data-template-name=\"productDescription\" data-cel-widget=\"productDescription_feature_div\">\n<h2 class=\"default\">Descri\u00e7\u00e3o do produto<\/h2>\n<div id=\"productDescription\" class=\"a-section a-spacing-small\">\n<p>O m\u00f3dulo GPS 70mai Pro \u00e9 um acess\u00f3rio complementar ao Smart Dash Cam Pro 1944p da 70mai (B083VXLZZ6) e Dash Cam Lite 1080p (B083W539JP)<br \/>\n*Observe que este m\u00f3dulo complementar de GPS n\u00e3o funciona sozinho e s\u00f3 funcionar\u00e1 quando conectado a produtos 70mai dash cam compat\u00edveis.<\/p>\n<p>\u25cf F\u00e1cil instala\u00e7\u00e3o. M\u00f3dulo complementar GPS Plug-n-Go<br \/>\n\u25cf Habilite sua 70mai Smart Dash Cam Pro com ADAS (Advanced Driver Assistance System), um recurso de seguran\u00e7a moderno alimentado por IA projetado para aumentar a seguran\u00e7a ao dirigir<br \/>\n\u25cf Habilite sua 70mai Smart Dash Cam Pro com LDWS (Lane Departure Warning System), fornecendo alertas de voz em tempo real avisando quando voc\u00ea estiver saindo da faixa<br \/>\n\u25cf Habilite sua 70mai Smart Dash Cam Pro com FCWS (Forward Collision Warning System), prevenindo efetivamente acidentes de carro traseiros, ajudando os motoristas a manter uma dist\u00e2ncia segura entre os ve\u00edculos<br \/>\n\u25cf Ative sua 70mai Dash Cam Lite com informa\u00e7\u00f5es de velocidade em tempo real e coordenadas GPS<\/p>\n<p>O pacote inclui:<br \/>\nM\u00f3dulo GPS 70mai Pro x 1<br \/>\nAlmofada de montagem adesiva x 1<br \/>\nManual do usu\u00e1rio x 1<\/p>\n<\/div>\n<\/div>\n<\/div>\n<\/div>\n<div id=\"renewedProgramDescriptionBtf_feature_div\" class=\"celwidget\" data-feature-name=\"renewedProgramDescriptionBtf\" data-cel-widget=\"renewedProgramDescriptionBtf_feature_div\"><\/div>\n<p><a id=\"productDetails\" name=\"productDetails\"><\/a><\/p>\n<div id=\"productDetails_feature_div\" class=\"celwidget\" data-feature-name=\"productDetails\" data-cel-widget=\"productDetails_feature_div\">\n<hr class=\"a-divider-normal\" \/>\n<div>\n<div id=\"prodDetails\" class=\"a-section\">\n<h2>Informa\u00e7\u00e3o do produto<\/h2>\n<div class=\"a-row a-spacing-top-base\">\n<div class=\"a-column a-span6\">\n<div class=\"a-row a-spacing-base\">\n<div class=\"a-row a-expander-container a-expander-extend-container\">\n<div class=\"a-row\">\n<div class=\"a-column a-span6\">\n<h1 class=\"a-size-medium a-spacing-small\">Detalhes t\u00e9cnicos<\/h1>\n<\/div>\n<\/div>\n<div class=\"a-expander-content a-expander-extend-content\">\n<div class=\"a-row a-expander-container a-expander-inline-container\">\n<div class=\"a-expander-content a-expander-section-content a-section-expander-inner\">\n<table id=\"productDetails_techSpec_section_1\" class=\"a-keyvalue prodDetTable\" role=\"presentation\">\n<tbody>\n<tr>\n<th class=\"a-color-secondary a-size-base prodDetSectionEntry\">Peso do Item<\/th>\n<td class=\"a-size-base\">1,44 on\u00e7as<\/td>\n<\/tr>\n<tr>\n<th class=\"a-color-secondary a-size-base prodDetSectionEntry\">Dimens\u00f5es do produto<\/th>\n<td class=\"a-size-base\">2,76 x 1,97 x 0,39 polegadas<\/td>\n<\/tr>\n<tr>\n<th class=\"a-color-secondary a-size-base prodDetSectionEntry\">Tipo de exibi\u00e7\u00e3o<\/th>\n<td class=\"a-size-base\">LCD<\/td>\n<\/tr>\n<tr>\n<th class=\"a-color-secondary a-size-base prodDetSectionEntry\">Reprodu\u00e7\u00e3o de m\u00eddia suportada<\/th>\n<td class=\"a-size-base\">MP3<\/td>\n<\/tr>\n<\/tbody>\n<\/table>\n<\/div>\n<\/div>\n<\/div>\n<\/div>\n<\/div>\n<\/div>\n<\/div>\n<\/div>\n<\/div>\n<\/div>","protected":false},"excerpt":{"rendered":"<ul class=\"a-unordered-list a-vertical a-spacing-mini\">\n<li><span class=\"a-list-item\">Instala\u00e7\u00e3o f\u00e1cil. M\u00f3dulo complementar GPS Plug-n-Go<\/span><\/li>\n<li><span class=\"a-list-item\">Habilite seu 70mai Dash Cam Lite com informa\u00e7\u00f5es de velocidade em tempo real e coordenadas GPS<\/span><\/li>\n<li><span class=\"a-list-item\">Habilite seu 70mai Smart Dash Cam Pro com ADAS (Sistema Avan\u00e7ado de Assist\u00eancia ao Motorista)<\/span><\/li>\n<li><span class=\"a-list-item\">Um moderno recurso de seguran\u00e7a alimentado por IA projetado para aumentar a seguran\u00e7a na dire\u00e7\u00e3o<\/span><\/li>\n<\/ul>","protected":false},"featured_media":24092,"template":"","meta":[],"product_brand":[],"product_cat":[1288],"product_tag":[995],"class_list":{"0":"post-23959","1":"product","2":"type-product","3":"status-publish","4":"has-post-thumbnail","6":"product_cat-e-vehicle-accessories","7":"product_tag-70mai-gps","9":"first","10":"instock","11":"shipping-taxable","12":"product-type-external"},"aioseo_notices":[],"aioseo_head":"\n\t\t<!-- All in One SEO Pro 4.5.9.2 - aioseo.com -->\n\t\t<meta name=\"description\" content=\"Easy Installation. Plug-n-Go GPS Add-on Module Enable your 70mai Dash Cam Lite with Real-time Speed Info and GPS Coordinates Enable your 70mai Smart Dash Cam Pro with ADAS (Advanced Driver Assistance System) A modern AI powered safety feature designed to boost driving safe\" \/>\n\t\t<meta name=\"robots\" content=\"max-image-preview:large\" \/>\n\t\t<link rel=\"canonical\" href=\"https:\/\/www.rucashk.com\/pt\/produto\/70mai-gps-wholesale\/\" \/>\n\t\t<meta name=\"generator\" content=\"All in One SEO Pro (AIOSEO) 4.5.9.2\" \/>\n\t\t<meta property=\"og:locale\" content=\"pt_PT\" \/>\n\t\t<meta property=\"og:site_name\" content=\"Rucas - One-stop AIoT Distribution Worldwide\" \/>\n\t\t<meta property=\"og:type\" content=\"article\" \/>\n\t\t<meta property=\"og:title\" content=\"70mai GPS Wholesale - Rucas - Wholesale and Distribution\" \/>\n\t\t<meta property=\"og:description\" content=\"Easy Installation. Plug-n-Go GPS Add-on Module Enable your 70mai Dash Cam Lite with Real-time Speed Info and GPS Coordinates Enable your 70mai Smart Dash Cam Pro with ADAS (Advanced Driver Assistance System) A modern AI powered safety feature designed to boost driving safe\" \/>\n\t\t<meta property=\"og:url\" content=\"https:\/\/www.rucashk.com\/pt\/produto\/70mai-gps-wholesale\/\" \/>\n\t\t<meta property=\"og:image\" content=\"https:\/\/www.rucashk.com\/wp-content\/uploads\/replace\/503b8e645f128a97ccde2b6290747646.jpeg\" \/>\n\t\t<meta property=\"og:image:secure_url\" content=\"https:\/\/www.rucashk.com\/wp-content\/uploads\/replace\/503b8e645f128a97ccde2b6290747646.jpeg\" \/>\n\t\t<meta property=\"og:image:width\" content=\"1456\" \/>\n\t\t<meta property=\"og:image:height\" content=\"816\" \/>\n\t\t<meta property=\"article:published_time\" content=\"2024-01-09T15:59:23+00:00\" \/>\n\t\t<meta property=\"article:modified_time\" content=\"2024-01-21T08:33:07+00:00\" \/>\n\t\t<meta name=\"twitter:card\" content=\"summary_large_image\" \/>\n\t\t<meta name=\"twitter:title\" content=\"70mai GPS Wholesale - Rucas - Wholesale and Distribution\" \/>\n\t\t<meta name=\"twitter:description\" content=\"Easy Installation. Plug-n-Go GPS Add-on Module Enable your 70mai Dash Cam Lite with Real-time Speed Info and GPS Coordinates Enable your 70mai Smart Dash Cam Pro with ADAS (Advanced Driver Assistance System) A modern AI powered safety feature designed to boost driving safe\" \/>\n\t\t<meta name=\"twitter:image\" content=\"https:\/\/www.rucashk.com\/wp-content\/uploads\/replace\/503b8e645f128a97ccde2b6290747646.jpeg\" \/>\n\t\t<script type=\"application\/ld+json\" class=\"aioseo-schema\">\n\t\t\t{\"@context\":\"https:\\\/\\\/schema.org\",\"@graph\":[{\"@type\":\"BreadcrumbList\",\"@id\":\"https:\\\/\\\/www.rucashk.com\\\/pt\\\/produto\\\/70mai-gps-wholesale\\\/#breadcrumblist\",\"itemListElement\":[{\"@type\":\"ListItem\",\"@id\":\"https:\\\/\\\/www.rucashk.com\\\/pt\\\/#listItem\",\"position\":1,\"name\":\"Home\",\"item\":\"https:\\\/\\\/www.rucashk.com\\\/pt\\\/\",\"nextItem\":\"https:\\\/\\\/www.rucashk.com\\\/pt\\\/produto\\\/70mai-gps-wholesale\\\/#listItem\"},{\"@type\":\"ListItem\",\"@id\":\"https:\\\/\\\/www.rucashk.com\\\/pt\\\/produto\\\/70mai-gps-wholesale\\\/#listItem\",\"position\":2,\"name\":\"70mai\\u00a0GPS Wholesale\",\"previousItem\":\"https:\\\/\\\/www.rucashk.com\\\/pt\\\/#listItem\"}]},{\"@type\":\"Organization\",\"@id\":\"https:\\\/\\\/www.rucashk.com\\\/pt\\\/#organization\",\"name\":\"Rucas\",\"url\":\"https:\\\/\\\/www.rucashk.com\\\/pt\\\/\",\"logo\":{\"@type\":\"ImageObject\",\"url\":\"https:\\\/\\\/www.rucashk.com\\\/wp-content\\\/uploads\\\/2023\\\/12\\\/Rucas_campany_logo.png\",\"@id\":\"https:\\\/\\\/www.rucashk.com\\\/pt\\\/produto\\\/70mai-gps-wholesale\\\/#organizationLogo\",\"width\":221,\"height\":65},\"image\":{\"@id\":\"https:\\\/\\\/www.rucashk.com\\\/pt\\\/#organizationLogo\"}},{\"@type\":\"Person\",\"@id\":\"https:\\\/\\\/www.rucashk.com\\\/pt\\\/author\\\/admin\\\/#author\",\"url\":\"https:\\\/\\\/www.rucashk.com\\\/pt\\\/author\\\/admin\\\/\",\"name\":\"admin\",\"image\":{\"@type\":\"ImageObject\",\"@id\":\"https:\\\/\\\/www.rucashk.com\\\/pt\\\/produto\\\/70mai-gps-wholesale\\\/#authorImage\",\"url\":\"https:\\\/\\\/secure.gravatar.com\\\/avatar\\\/b7c8925b09a27e72b30232f8ecaadbd5af0f70a38c78096863fe51b64f031c24?s=96&d=mm&r=g\",\"width\":96,\"height\":96,\"caption\":\"admin\"}},{\"@type\":\"WebPage\",\"@id\":\"https:\\\/\\\/www.rucashk.com\\\/pt\\\/produto\\\/70mai-gps-wholesale\\\/#webpage\",\"url\":\"https:\\\/\\\/www.rucashk.com\\\/pt\\\/produto\\\/70mai-gps-wholesale\\\/\",\"name\":\"70mai GPS Wholesale - Rucas - Wholesale and Distribution\",\"description\":\"Easy Installation. Plug-n-Go GPS Add-on Module Enable your 70mai Dash Cam Lite with Real-time Speed Info and GPS Coordinates Enable your 70mai Smart Dash Cam Pro with ADAS (Advanced Driver Assistance System) A modern AI powered safety feature designed to boost driving safe\",\"inLanguage\":\"pt-PT\",\"isPartOf\":{\"@id\":\"https:\\\/\\\/www.rucashk.com\\\/pt\\\/#website\"},\"breadcrumb\":{\"@id\":\"https:\\\/\\\/www.rucashk.com\\\/pt\\\/produto\\\/70mai-gps-wholesale\\\/#breadcrumblist\"},\"author\":{\"@id\":\"https:\\\/\\\/www.rucashk.com\\\/pt\\\/author\\\/admin\\\/#author\"},\"creator\":{\"@id\":\"https:\\\/\\\/www.rucashk.com\\\/pt\\\/author\\\/admin\\\/#author\"},\"image\":{\"@type\":\"ImageObject\",\"url\":\"https:\\\/\\\/www.rucashk.com\\\/wp-content\\\/uploads\\\/2024\\\/01\\\/5df9c1300bff160a1e58b05d-large_\\u526f\\u672c.jpg\",\"@id\":\"https:\\\/\\\/www.rucashk.com\\\/pt\\\/produto\\\/70mai-gps-wholesale\\\/#mainImage\",\"width\":800,\"height\":800},\"primaryImageOfPage\":{\"@id\":\"https:\\\/\\\/www.rucashk.com\\\/pt\\\/produto\\\/70mai-gps-wholesale\\\/#mainImage\"},\"datePublished\":\"2024-01-09T15:59:23+00:00\",\"dateModified\":\"2024-01-21T08:33:07+00:00\"},{\"@type\":\"WebSite\",\"@id\":\"https:\\\/\\\/www.rucashk.com\\\/pt\\\/#website\",\"url\":\"https:\\\/\\\/www.rucashk.com\\\/pt\\\/\",\"name\":\"Rucas - Wholesale and distribution worldwide\",\"alternateName\":\"Rucas - One-stop AIoT Distribution Worldwide\",\"description\":\"One-stop AIoT Distribution Worldwide\",\"inLanguage\":\"pt-PT\",\"publisher\":{\"@id\":\"https:\\\/\\\/www.rucashk.com\\\/pt\\\/#organization\"}}]}\n\t\t<\/script>\n\t\t<!-- All in One SEO Pro -->\r\n\t\t<title>70mai GPS Wholesale - Rucas - Wholesale and Distribution<\/title>\n\n","aioseo_head_json":{"title":"70mai GPS Wholesale - Rucas - Wholesale and Distribution","description":"Easy Installation. Plug-n-Go GPS Add-on Module Enable your 70mai Dash Cam Lite with Real-time Speed Info and GPS Coordinates Enable your 70mai Smart Dash Cam Pro with ADAS (Advanced Driver Assistance System) A modern AI powered safety feature designed to boost driving safe","canonical_url":"https:\/\/www.rucashk.com\/pt\/produto\/70mai-gps-wholesale\/","robots":"max-image-preview:large","keywords":"","webmasterTools":{"miscellaneous":""},"og:locale":"pt_PT","og:site_name":"Rucas - One-stop AIoT Distribution Worldwide","og:type":"article","og:title":"70mai GPS Wholesale - Rucas - Wholesale and Distribution","og:description":"Easy Installation. Plug-n-Go GPS Add-on Module Enable your 70mai Dash Cam Lite with Real-time Speed Info and GPS Coordinates Enable your 70mai Smart Dash Cam Pro with ADAS (Advanced Driver Assistance System) A modern AI powered safety feature designed to boost driving safe","og:url":"https:\/\/www.rucashk.com\/pt\/produto\/70mai-gps-wholesale\/","og:image":"https:\/\/www.rucashk.com\/wp-content\/uploads\/replace\/503b8e645f128a97ccde2b6290747646.jpeg","og:image:secure_url":"https:\/\/www.rucashk.com\/wp-content\/uploads\/replace\/503b8e645f128a97ccde2b6290747646.jpeg","og:image:width":1456,"og:image:height":816,"article:published_time":"2024-01-09T15:59:23+00:00","article:modified_time":"2024-01-21T08:33:07+00:00","twitter:card":"summary_large_image","twitter:title":"70mai GPS Wholesale - Rucas - Wholesale and Distribution","twitter:description":"Easy Installation. Plug-n-Go GPS Add-on Module Enable your 70mai Dash Cam Lite with Real-time Speed Info and GPS Coordinates Enable your 70mai Smart Dash Cam Pro with ADAS (Advanced Driver Assistance System) A modern AI powered safety feature designed to boost driving safe","twitter:image":"https:\/\/www.rucashk.com\/wp-content\/uploads\/replace\/503b8e645f128a97ccde2b6290747646.jpeg","schema":{"@context":"https:\/\/schema.org","@graph":[{"@type":"BreadcrumbList","@id":"https:\/\/www.rucashk.com\/pt\/produto\/70mai-gps-wholesale\/#breadcrumblist","itemListElement":[{"@type":"ListItem","@id":"https:\/\/www.rucashk.com\/pt\/#listItem","position":1,"name":"Home","item":"https:\/\/www.rucashk.com\/pt\/","nextItem":"https:\/\/www.rucashk.com\/pt\/produto\/70mai-gps-wholesale\/#listItem"},{"@type":"ListItem","@id":"https:\/\/www.rucashk.com\/pt\/produto\/70mai-gps-wholesale\/#listItem","position":2,"name":"70mai\u00a0GPS Wholesale","previousItem":"https:\/\/www.rucashk.com\/pt\/#listItem"}]},{"@type":"Organization","@id":"https:\/\/www.rucashk.com\/pt\/#organization","name":"Rucas","url":"https:\/\/www.rucashk.com\/pt\/","logo":{"@type":"ImageObject","url":"https:\/\/www.rucashk.com\/wp-content\/uploads\/2023\/12\/Rucas_campany_logo.png","@id":"https:\/\/www.rucashk.com\/pt\/produto\/70mai-gps-wholesale\/#organizationLogo","width":221,"height":65},"image":{"@id":"https:\/\/www.rucashk.com\/pt\/#organizationLogo"}},{"@type":"Person","@id":"https:\/\/www.rucashk.com\/pt\/author\/admin\/#author","url":"https:\/\/www.rucashk.com\/pt\/author\/admin\/","name":"admin","image":{"@type":"ImageObject","@id":"https:\/\/www.rucashk.com\/pt\/produto\/70mai-gps-wholesale\/#authorImage","url":"https:\/\/secure.gravatar.com\/avatar\/b7c8925b09a27e72b30232f8ecaadbd5af0f70a38c78096863fe51b64f031c24?s=96&d=mm&r=g","width":96,"height":96,"caption":"admin"}},{"@type":"WebPage","@id":"https:\/\/www.rucashk.com\/pt\/produto\/70mai-gps-wholesale\/#webpage","url":"https:\/\/www.rucashk.com\/pt\/produto\/70mai-gps-wholesale\/","name":"70mai GPS Wholesale - Rucas - Wholesale and Distribution","description":"Easy Installation. Plug-n-Go GPS Add-on Module Enable your 70mai Dash Cam Lite with Real-time Speed Info and GPS Coordinates Enable your 70mai Smart Dash Cam Pro with ADAS (Advanced Driver Assistance System) A modern AI powered safety feature designed to boost driving safe","inLanguage":"pt-PT","isPartOf":{"@id":"https:\/\/www.rucashk.com\/pt\/#website"},"breadcrumb":{"@id":"https:\/\/www.rucashk.com\/pt\/produto\/70mai-gps-wholesale\/#breadcrumblist"},"author":{"@id":"https:\/\/www.rucashk.com\/pt\/author\/admin\/#author"},"creator":{"@id":"https:\/\/www.rucashk.com\/pt\/author\/admin\/#author"},"image":{"@type":"ImageObject","url":"https:\/\/www.rucashk.com\/wp-content\/uploads\/2024\/01\/5df9c1300bff160a1e58b05d-large_\u526f\u672c.jpg","@id":"https:\/\/www.rucashk.com\/pt\/produto\/70mai-gps-wholesale\/#mainImage","width":800,"height":800},"primaryImageOfPage":{"@id":"https:\/\/www.rucashk.com\/pt\/produto\/70mai-gps-wholesale\/#mainImage"},"datePublished":"2024-01-09T15:59:23+00:00","dateModified":"2024-01-21T08:33:07+00:00"},{"@type":"WebSite","@id":"https:\/\/www.rucashk.com\/pt\/#website","url":"https:\/\/www.rucashk.com\/pt\/","name":"Rucas - Wholesale and distribution worldwide","alternateName":"Rucas - One-stop AIoT Distribution Worldwide","description":"One-stop AIoT Distribution Worldwide","inLanguage":"pt-PT","publisher":{"@id":"https:\/\/www.rucashk.com\/pt\/#organization"}}]}},"aioseo_meta_data":{"post_id":"23959","title":null,"description":null,"keywords":null,"keyphrases":null,"primary_term":null,"canonical_url":null,"og_title":null,"og_description":null,"og_object_type":"default","og_image_type":"default","og_image_url":null,"og_image_width":null,"og_image_height":null,"og_image_custom_url":null,"og_image_custom_fields":null,"og_video":null,"og_custom_url":null,"og_article_section":null,"og_article_tags":null,"twitter_use_og":false,"twitter_card":"default","twitter_image_type":"default","twitter_image_url":null,"twitter_image_custom_url":null,"twitter_image_custom_fields":null,"twitter_title":null,"twitter_description":null,"schema":{"blockGraphs":[],"customGraphs":[],"default":{"data":{"Article":[],"Course":[],"Dataset":[],"FAQPage":[],"Movie":[],"Person":[],"Product":[],"Recipe":[],"Service":[],"SoftwareApplication":[],"WebPage":[]},"graphName":"","isEnabled":true},"graphs":[]},"schema_type":"default","schema_type_options":null,"pillar_content":false,"robots_default":true,"robots_noindex":false,"robots_noarchive":false,"robots_nosnippet":false,"robots_nofollow":false,"robots_noimageindex":false,"robots_noodp":false,"robots_notranslate":false,"robots_max_snippet":null,"robots_max_videopreview":null,"robots_max_imagepreview":"large","priority":null,"frequency":null,"local_seo":null,"breadcrumb_settings":null,"limit_modified_date":false,"created":"2024-04-11 01:57:07","updated":"2025-06-22 17:20:05"},"aioseo_breadcrumb":"<div class=\"aioseo-breadcrumbs\"><span class=\"aioseo-breadcrumb\">\n\t<a href=\"https:\/\/www.rucashk.com\/pt\" title=\"Home\">Home<\/a>\n<\/span><span class=\"aioseo-breadcrumb-separator\">&raquo;<\/span><span class=\"aioseo-breadcrumb\">\n\t<a href=\"https:\/\/www.rucashk.com\/pt\/products\/\" title=\"Produtos\">Produtos<\/a>\n<\/span><span class=\"aioseo-breadcrumb-separator\">&raquo;<\/span><span class=\"aioseo-breadcrumb\">\n\t<a href=\"https:\/\/www.rucashk.com\/pt\/categoria-produto\/e-vehicle-accessories\/\" title=\"E-Vehicle Accessories\">E-Vehicle Accessories<\/a>\n<\/span><span class=\"aioseo-breadcrumb-separator\">&raquo;<\/span><span class=\"aioseo-breadcrumb\">\n\t70mai\u00a0GPS Wholesale\n<\/span><\/div>","aioseo_breadcrumb_json":[{"label":"Home","link":"https:\/\/www.rucashk.com\/pt"},{"label":"Produtos","link":"https:\/\/www.rucashk.com\/pt\/products\/"},{"label":"E-Vehicle Accessories","link":"https:\/\/www.rucashk.com\/pt\/categoria-produto\/e-vehicle-accessories\/"},{"label":"70mai\u00a0GPS Wholesale","link":"https:\/\/www.rucashk.com\/pt\/produto\/70mai-gps-wholesale\/"}],"_links":{"self":[{"href":"https:\/\/www.rucashk.com\/pt\/wp-json\/wp\/v2\/product\/23959","targetHints":{"allow":["GET"]}}],"collection":[{"href":"https:\/\/www.rucashk.com\/pt\/wp-json\/wp\/v2\/product"}],"about":[{"href":"https:\/\/www.rucashk.com\/pt\/wp-json\/wp\/v2\/types\/product"}],"wp:featuredmedia":[{"embeddable":true,"href":"https:\/\/www.rucashk.com\/pt\/wp-json\/wp\/v2\/media\/24092"}],"wp:attachment":[{"href":"https:\/\/www.rucashk.com\/pt\/wp-json\/wp\/v2\/media?parent=23959"}],"wp:term":[{"taxonomy":"product_brand","embeddable":true,"href":"https:\/\/www.rucashk.com\/pt\/wp-json\/wp\/v2\/product_brand?post=23959"},{"taxonomy":"product_cat","embeddable":true,"href":"https:\/\/www.rucashk.com\/pt\/wp-json\/wp\/v2\/product_cat?post=23959"},{"taxonomy":"product_tag","embeddable":true,"href":"https:\/\/www.rucashk.com\/pt\/wp-json\/wp\/v2\/product_tag?post=23959"}],"curies":[{"name":"wp","href":"https:\/\/api.w.org\/{rel}","templated":true}]}}