{"id":23956,"date":"2024-01-09T15:59:23","date_gmt":"2024-01-09T15:59:23","guid":{"rendered":"http:\/\/rucashk.com\/?post_type=product&#038;p=23956"},"modified":"2024-03-12T07:42:32","modified_gmt":"2024-03-12T07:42:32","slug":"ecovacs-deebot-ozmo-950-wholesale","status":"publish","type":"product","link":"https:\/\/www.rucashk.com\/pt\/produto\/ecovacs-deebot-ozmo-950-wholesale\/","title":{"rendered":"Ecovacs Deebot OZMO 950 atacado"},"content":{"rendered":"<div class=\"celwidget aplus-module premium-module-13-carousel\" data-cel-widget=\"aplus-premium-module-13-carousel\">\n<div class=\"a-section a-spacing-none premium-aplus premium-aplus-module-13\">\n<div class=\"a-section a-spacing-none aplus-carousel-container\">\n<div id=\"premium-aplus-13-carousel-1-id\" class=\"a-begin a-carousel-container a-carousel-display-single a-carousel-transition-slideCircular a-carousel-initialized\" data-a-carousel-options=\"{&quot;peek_percentage&quot;:0,&quot;minimum_gutter_width&quot;:0,&quot;show_partial_next&quot;:false,&quot;name&quot;:&quot;premium-aplus-13-carousel-1&quot;}\" data-a-display-strategy=\"single\" data-a-transition-strategy=\"slideCircular\">\n<div class=\"a-row a-carousel-controls a-carousel-row a-carousel-has-buttons a-carousel-overlay-buttons a-carousel-rounded-buttons\">\n<div class=\"a-carousel-row-inner\">\n<div class=\"a-carousel-col a-carousel-center\">\n<div id=\"anonCarousel5\" class=\"a-carousel-viewport\">\n<div class=\"a-section a-spacing-none aplus-card-image\"><img fetchpriority=\"high\" decoding=\"async\" class=\"aligncenter\" src=\"\/wp-content\/uploads\/replace\/a109b98d9f9596a1d8a5c36f1efc6ac7.jpeg\" alt=\"Ecovacs Deebot OZMO 950\" width=\"1464\" height=\"600\" \/><\/div>\n<div class=\"a-section a-spacing-none aplus-card-image\"><img decoding=\"async\" class=\"aligncenter\" src=\"\/wp-content\/uploads\/replace\/5b4c5a18b2fcacfbda6fd0ca153b0802.jpeg\" alt=\"Ecovacs Deebot OZMO 950\" width=\"1464\" height=\"600\" \/><\/div>\n<div class=\"a-section a-spacing-none aplus-card-image\"><img decoding=\"async\" class=\"aligncenter\" src=\"\/wp-content\/uploads\/replace\/3d88de67e26fa281de640284a25d92c6.jpeg\" alt=\"Ecovacs Deebot OZMO 950\" width=\"1464\" height=\"600\" \/><\/div>\n<div class=\"a-section a-spacing-none aplus-card-image\"><img loading=\"lazy\" decoding=\"async\" class=\"aligncenter\" src=\"\/wp-content\/uploads\/replace\/f41dd5de3d77be11ec4925b76ba21cb4.jpeg\" alt=\"Ecovacs Deebot OZMO 950\" width=\"1464\" height=\"600\" \/><img loading=\"lazy\" decoding=\"async\" class=\"aligncenter\" src=\"\/wp-content\/uploads\/replace\/cf422a5ccaf0dc0426ae4fc431b14b45.jpeg\" alt=\"Ecovacs Deebot OZMO 950\" width=\"1464\" height=\"600\" \/><img loading=\"lazy\" decoding=\"async\" class=\"aligncenter\" src=\"\/wp-content\/uploads\/replace\/ca453a937641b920145fc1acf36c2fe7.jpeg\" alt=\"Ecovacs Deebot OZMO 950\" width=\"1464\" height=\"600\" \/><\/div>\n<\/div>\n<\/div>\n<\/div>\n<\/div>\n<\/div>\n<div class=\"a-section a-spacing-none aplus-pagination-wrapper\">\n<div class=\"aplus-mantle aplus-module\">\n<div class=\"aplus-carousel-nav\"><\/div>\n<\/div>\n<\/div>\n<\/div>\n<div class=\"a-section a-text-center\"><\/div>\n<\/div>\n<\/div>\n<div class=\"celwidget aplus-module premium-module-2-fullbackground-image\" data-cel-widget=\"aplus-premium-module-2-fullbackground-image\">\n<div class=\"a-section a-spacing-none premium-aplus premium-aplus-module-2\">\n<div class=\"a-section a-spacing-none premium-background-wrapper\">\n<div class=\"a-section a-spacing-none background-image\" role=\"img\"><img loading=\"lazy\" decoding=\"async\" class=\"aligncenter\" src=\"\/wp-content\/uploads\/replace\/c4deb02ce0a620a7402dfac9fd78fac3.jpeg\" alt=\"Ecovacs Deebot OZMO 950\" width=\"1464\" height=\"600\" data-src=\"\/wp-content\/uploads\/replace\/c4deb02ce0a620a7402dfac9fd78fac3.jpeg\" \/><\/div>\n<\/div>\n<div class=\"a-section a-text-center\"><\/div>\n<\/div>\n<\/div>\n<div class=\"celwidget aplus-module premium-module-2-fullbackground-image\" data-cel-widget=\"aplus-premium-module-2-fullbackground-image\">\n<div class=\"a-section a-spacing-none premium-aplus premium-aplus-module-2\">\n<div class=\"a-section a-spacing-none premium-background-wrapper\">\n<div class=\"a-section a-spacing-none background-image\" role=\"img\"><img loading=\"lazy\" decoding=\"async\" class=\"aligncenter\" src=\"\/wp-content\/uploads\/replace\/74b6067e4e3de6cac4ff4929bd877ef7.jpeg\" alt=\"Ecovacs Deebot OZMO 950\" width=\"1464\" height=\"600\" data-src=\"\/wp-content\/uploads\/replace\/74b6067e4e3de6cac4ff4929bd877ef7.jpeg\" \/><\/div>\n<\/div>\n<div class=\"a-section a-text-center\"><\/div>\n<\/div>\n<\/div>\n<div class=\"celwidget aplus-module premium-module-3-four-column-images\" data-cel-widget=\"aplus-premium-module-3-four-column-images\">\n<div class=\"a-section a-spacing-none premium-aplus premium-aplus-module-3 aplus-container-1\">\n<div class=\"a-section a-spacing-none premium-aplus-four-column\">\n<div class=\"a-section a-spacing-none premium-aplus-column\">\n<div class=\"a-section a-spacing-none {'column-image'}\"><img loading=\"lazy\" decoding=\"async\" class=\"alignleft\" src=\"\/wp-content\/uploads\/replace\/4800e7172d63592879dded7b3c0cc24e.jpeg\" alt=\"Ecovacs Deebot OZMO 950\" width=\"300\" height=\"225\" data-src=\"\/wp-content\/uploads\/replace\/4800e7172d63592879dded7b3c0cc24e.jpeg\" \/><\/div>\n<div class=\"a-section a-spacing-none column-heading\">\n<h1 class=\"aplus-h3 a-text-bold\">F\u00e1cil de usar<\/h1>\n<\/div>\n<div class=\"a-section a-spacing-none column-description\">\n<p class=\"aplus-p3\">Inicie, pare, pause e carregue o DEEBOT com Amazon Alexa, Google Assistant ou o aplicativo ECOVACS Home. Programe limpezas para voltar sempre para uma casa limpa.<\/p>\n<\/div>\n<\/div>\n<div class=\"a-section a-spacing-none premium-aplus-column\">\n<div class=\"a-section a-spacing-none {'column-image'}\"><img loading=\"lazy\" decoding=\"async\" class=\"alignnone\" src=\"\/wp-content\/uploads\/replace\/62d402051012ccfe403ed4aaa3dca3ba.jpeg\" alt=\"Ecovacs Deebot OZMO 950\" width=\"300\" height=\"225\" data-src=\"\/wp-content\/uploads\/replace\/62d402051012ccfe403ed4aaa3dca3ba.jpeg\" \/><\/div>\n<div class=\"a-section a-spacing-none column-heading\">\n<h1 class=\"aplus-h3 a-text-bold\">Forte mobilidade<\/h1>\n<\/div>\n<div class=\"a-section a-spacing-none column-description\">\n<p class=\"aplus-p3\">O DEEBOT OZMO 950 pode facilmente atravessar obst\u00e1culos como soleiras de portas de at\u00e9 20 mm e limpar locais de dif\u00edcil acesso com sua altura de 93 mm.<\/p>\n<\/div>\n<\/div>\n<div class=\"a-section a-spacing-none premium-aplus-column\">\n<div class=\"a-section a-spacing-none {'column-image'}\"><img loading=\"lazy\" decoding=\"async\" class=\"alignnone\" src=\"\/wp-content\/uploads\/replace\/cca83bd3a552d14f15fe7404967918cd.jpeg\" alt=\"Ecovacs Deebot OZMO 950\" width=\"300\" height=\"225\" data-src=\"\/wp-content\/uploads\/replace\/cca83bd3a552d14f15fe7404967918cd.jpeg\" \/><\/div>\n<div class=\"a-section a-spacing-none column-heading\">\n<h1 class=\"aplus-h3 a-text-bold\">Limpeza silenciosa<\/h1>\n<\/div>\n<div class=\"a-section a-spacing-none column-description\">\n<p class=\"aplus-p3\">O DEEBOT limpa com um n\u00edvel de som baixo, permitindo que voc\u00ea participe de atividades di\u00e1rias, como conversar e assistir televis\u00e3o, sem interrup\u00e7\u00e3o.<\/p>\n<\/div>\n<\/div>\n<div class=\"a-section a-spacing-none premium-aplus-column\">\n<div class=\"a-section a-spacing-none {'column-image'}\"><img loading=\"lazy\" decoding=\"async\" class=\"alignnone\" src=\"\/wp-content\/uploads\/replace\/b6b271d906db85637a4a4be58d5cfde2.jpeg\" alt=\"Ecovacs Deebot OZMO 950\" width=\"300\" height=\"225\" data-src=\"\/wp-content\/uploads\/replace\/b6b271d906db85637a4a4be58d5cfde2.jpeg\" \/><\/div>\n<div class=\"a-section a-spacing-none column-heading\">\n<h1 class=\"aplus-h3 a-text-bold\">Limpeza Cont\u00ednua<\/h1>\n<\/div>\n<div class=\"a-section a-spacing-none column-description\">\n<p class=\"aplus-p3\">Quando a bateria do DEEBOT estiver fraca, ele retornar\u00e1 automaticamente \u00e0 base de carregamento, recarregar\u00e1 e continuar\u00e1 a limpeza exatamente de onde parou.<\/p>\n<\/div>\n<\/div>\n<\/div>\n<\/div>\n<\/div>\n<div class=\"celwidget aplus-module premium-module-10-hotspot-plain-image\" data-cel-widget=\"aplus-premium-module-10-hotspot-plain-image\">\n<div class=\"a-section a-spacing-none premium-aplus premium-aplus-module-10\"><img loading=\"lazy\" decoding=\"async\" class=\"aligncenter\" src=\"\/wp-content\/uploads\/replace\/2353ab2850031ee27ee3ec4e0ebef289.jpeg\" alt=\"Ecovacs Deebot OZMO 950\" width=\"1464\" height=\"600\" data-src=\"\/wp-content\/uploads\/replace\/2353ab2850031ee27ee3ec4e0ebef289.jpeg\" \/><\/div>\n<div>\n<p>&nbsp;<\/p>\n<h3><strong>Informa\u00e7\u00e3o do produto<\/strong><\/h3>\n<p>&nbsp;<\/p>\n<table width=\"0\">\n<tbody>\n<tr>\n<td width=\"352\">Dimens\u00f5es do produto<\/td>\n<td>13,7 x 13,7 x 3,66 polegadas<\/td>\n<\/tr>\n<tr>\n<td width=\"352\">Peso do Item<\/td>\n<td>6,7 on\u00e7as<\/td>\n<\/tr>\n<tr>\n<td width=\"352\">Fabricante<\/td>\n<td>Ecovacs<\/td>\n<\/tr>\n<tr>\n<td width=\"352\">COMO EM<\/td>\n<td>B07TL6CTLZ<\/td>\n<\/tr>\n<tr>\n<td width=\"352\">N\u00famero do modelo do item<\/td>\n<td>OZMO 950<\/td>\n<\/tr>\n<tr>\n<td width=\"352\">Baterias<\/td>\n<td>1 S\u00e3o necess\u00e1rias baterias de \u00edon de l\u00edtio. (inclu\u00eddo)<\/td>\n<\/tr>\n<tr>\n<td width=\"352\">Peso do Item<\/td>\n<td>0,42 libras<\/td>\n<\/tr>\n<tr>\n<td width=\"352\">Baterias necess\u00e1rias<\/td>\n<td>Sim<\/td>\n<\/tr>\n<tr>\n<td width=\"352\">Componentes inclu\u00eddos<\/td>\n<td>Escova principal, filtro, Dustin, escovas laterais, rob\u00f4<\/td>\n<\/tr>\n<\/tbody>\n<\/table>\n<p>&nbsp;<\/p>\n<h3>Principais caracter\u00edsticas<\/h3>\n<ul class=\"a-unordered-list a-vertical a-spacing-mini\">\n<li><span class=\"a-list-item\">Esfreg\u00e3o Ozmo: O DEEBOT pode aspirar e esfregar simultaneamente para remover at\u00e9 99.26% de bact\u00e9rias em pisos (estudo do Centro de Pesquisa de Higiene e Microbiologia). O aplicativo Ecovacs Home permite ajustar o n\u00edvel de \u00e1gua do esfreg\u00e3o. Com a detec\u00e7\u00e3o de carpetes, o DEEBOT evita automaticamente carpetes ao esfregar.<\/span><\/li>\n<li><span class=\"a-list-item\">Smart NAVI 3.0: O Smart Navi 3.0 permite que o DEEBOT navegue com efici\u00eancia em sua casa e mapeie sua planta baixa para seu smartphone usando tecnologia laser. O mapa interativo permite escolher como e onde deseja limpar. Utilize limites virtuais ilimitados, modo de \u00e1rea e modo personalizado para limpar \u00e1reas\/salas espec\u00edficas ou para evitar outras.<\/span><\/li>\n<li><span class=\"a-list-item\">Mais de 3 horas de autonomia: Maior dura\u00e7\u00e3o da bateria para resid\u00eancias grandes.<\/span><\/li>\n<li><span class=\"a-list-item\">3 n\u00edveis de poder de suc\u00e7\u00e3o: Utilize 3 n\u00edveis de poder de suc\u00e7\u00e3o (Normal, Max e Max Plus) para resolver qualquer bagun\u00e7a.<\/span><\/li>\n<li><span class=\"a-list-item\">Mapeamento de v\u00e1rios andares: o DEEBOT agora pode criar at\u00e9 3 mapas diferentes, perfeitos para resid\u00eancias de v\u00e1rios n\u00edveis e v\u00e1rios espa\u00e7os de limpeza; Quando o DEEBOT come\u00e7ar a limpar, ele reconhecer\u00e1 automaticamente a \u00e1rea salva que ir\u00e1 limpar<\/span><\/li>\n<li><span class=\"a-list-item\">Controles de voz e aplicativos: comandos de voz Alexa e Google Assistant. Ecovacs Smart App vem com mais de 5 recursos avan\u00e7ados, incluindo controle direto, agendamento, atualiza\u00e7\u00f5es de status, modos de limpeza, status de acess\u00f3rios, etc.<\/span><\/li>\n<\/ul>\n<\/div>\n<\/div>","protected":false},"excerpt":{"rendered":"<p><strong>Recurso:<\/strong><\/p>\n<ul>\n<li>Esfregar Ozmo<\/li>\n<li>Navi inteligente 3. 0<\/li>\n<li>Mais de 3 horas de tempo de execu\u00e7\u00e3o<\/li>\n<li>3 n\u00edveis de poder de suc\u00e7\u00e3o<\/li>\n<li>Mapeamento de v\u00e1rios andares<\/li>\n<li>Controles de voz e aplicativos<\/li>\n<\/ul>","protected":false},"featured_media":24078,"template":"","meta":[],"product_brand":[],"product_cat":[1337,1322],"product_tag":[992],"class_list":{"0":"post-23956","1":"product","2":"type-product","3":"status-publish","4":"has-post-thumbnail","6":"product_cat-ecovacs-other-a-brands","7":"product_cat-other-a-brands","8":"product_tag-ecovacs-deebot-ozmo-950","10":"first","11":"instock","12":"shipping-taxable","13":"product-type-external"},"aioseo_notices":[],"aioseo_head":"\n\t\t<!-- All in One SEO Pro 4.5.9.2 - aioseo.com -->\n\t\t<meta name=\"description\" content=\"Feature: Ozmo Mopping Smart NAVI 3. 0 Over 3 hours of run time 3 levels of suction power Multi-floor mapping Voice &amp; app controls\" \/>\n\t\t<meta name=\"robots\" content=\"max-image-preview:large\" \/>\n\t\t<link rel=\"canonical\" href=\"https:\/\/www.rucashk.com\/pt\/produto\/ecovacs-deebot-ozmo-950-wholesale\/\" \/>\n\t\t<meta name=\"generator\" content=\"All in One SEO Pro (AIOSEO) 4.5.9.2\" \/>\n\t\t<meta property=\"og:locale\" content=\"pt_PT\" \/>\n\t\t<meta property=\"og:site_name\" content=\"Rucas - One-stop AIoT Distribution Worldwide\" \/>\n\t\t<meta property=\"og:type\" content=\"article\" \/>\n\t\t<meta property=\"og:title\" content=\"Ecovacs Deebot OZMO 950 Wholesale - Rucas - Wholesale and Distribution\" \/>\n\t\t<meta property=\"og:description\" content=\"Feature: Ozmo Mopping Smart NAVI 3. 0 Over 3 hours of run time 3 levels of suction power Multi-floor mapping Voice &amp; app controls\" \/>\n\t\t<meta property=\"og:url\" content=\"https:\/\/www.rucashk.com\/pt\/produto\/ecovacs-deebot-ozmo-950-wholesale\/\" \/>\n\t\t<meta property=\"og:image\" content=\"https:\/\/www.rucashk.com\/wp-content\/uploads\/replace\/503b8e645f128a97ccde2b6290747646.jpeg\" \/>\n\t\t<meta property=\"og:image:secure_url\" content=\"https:\/\/www.rucashk.com\/wp-content\/uploads\/replace\/503b8e645f128a97ccde2b6290747646.jpeg\" \/>\n\t\t<meta property=\"og:image:width\" content=\"1456\" \/>\n\t\t<meta property=\"og:image:height\" content=\"816\" \/>\n\t\t<meta property=\"article:published_time\" content=\"2024-01-09T15:59:23+00:00\" \/>\n\t\t<meta property=\"article:modified_time\" content=\"2024-03-12T07:42:32+00:00\" \/>\n\t\t<meta name=\"twitter:card\" content=\"summary_large_image\" \/>\n\t\t<meta name=\"twitter:title\" content=\"Ecovacs Deebot OZMO 950 Wholesale - Rucas - Wholesale and Distribution\" \/>\n\t\t<meta name=\"twitter:description\" content=\"Feature: Ozmo Mopping Smart NAVI 3. 0 Over 3 hours of run time 3 levels of suction power Multi-floor mapping Voice &amp; app controls\" \/>\n\t\t<meta name=\"twitter:image\" content=\"https:\/\/www.rucashk.com\/wp-content\/uploads\/replace\/503b8e645f128a97ccde2b6290747646.jpeg\" \/>\n\t\t<script type=\"application\/ld+json\" class=\"aioseo-schema\">\n\t\t\t{\"@context\":\"https:\\\/\\\/schema.org\",\"@graph\":[{\"@type\":\"BreadcrumbList\",\"@id\":\"https:\\\/\\\/www.rucashk.com\\\/pt\\\/produto\\\/ecovacs-deebot-ozmo-950-wholesale\\\/#breadcrumblist\",\"itemListElement\":[{\"@type\":\"ListItem\",\"@id\":\"https:\\\/\\\/www.rucashk.com\\\/pt\\\/#listItem\",\"position\":1,\"name\":\"Home\",\"item\":\"https:\\\/\\\/www.rucashk.com\\\/pt\\\/\",\"nextItem\":\"https:\\\/\\\/www.rucashk.com\\\/pt\\\/produto\\\/ecovacs-deebot-ozmo-950-wholesale\\\/#listItem\"},{\"@type\":\"ListItem\",\"@id\":\"https:\\\/\\\/www.rucashk.com\\\/pt\\\/produto\\\/ecovacs-deebot-ozmo-950-wholesale\\\/#listItem\",\"position\":2,\"name\":\"Ecovacs Deebot OZMO 950 Wholesale\",\"previousItem\":\"https:\\\/\\\/www.rucashk.com\\\/pt\\\/#listItem\"}]},{\"@type\":\"Organization\",\"@id\":\"https:\\\/\\\/www.rucashk.com\\\/pt\\\/#organization\",\"name\":\"Rucas\",\"url\":\"https:\\\/\\\/www.rucashk.com\\\/pt\\\/\",\"logo\":{\"@type\":\"ImageObject\",\"url\":\"https:\\\/\\\/www.rucashk.com\\\/wp-content\\\/uploads\\\/2023\\\/12\\\/Rucas_campany_logo.png\",\"@id\":\"https:\\\/\\\/www.rucashk.com\\\/pt\\\/produto\\\/ecovacs-deebot-ozmo-950-wholesale\\\/#organizationLogo\",\"width\":221,\"height\":65},\"image\":{\"@id\":\"https:\\\/\\\/www.rucashk.com\\\/pt\\\/#organizationLogo\"}},{\"@type\":\"Person\",\"@id\":\"https:\\\/\\\/www.rucashk.com\\\/pt\\\/author\\\/admin\\\/#author\",\"url\":\"https:\\\/\\\/www.rucashk.com\\\/pt\\\/author\\\/admin\\\/\",\"name\":\"admin\",\"image\":{\"@type\":\"ImageObject\",\"@id\":\"https:\\\/\\\/www.rucashk.com\\\/pt\\\/produto\\\/ecovacs-deebot-ozmo-950-wholesale\\\/#authorImage\",\"url\":\"https:\\\/\\\/secure.gravatar.com\\\/avatar\\\/b7c8925b09a27e72b30232f8ecaadbd5af0f70a38c78096863fe51b64f031c24?s=96&d=mm&r=g\",\"width\":96,\"height\":96,\"caption\":\"admin\"}},{\"@type\":\"WebPage\",\"@id\":\"https:\\\/\\\/www.rucashk.com\\\/pt\\\/produto\\\/ecovacs-deebot-ozmo-950-wholesale\\\/#webpage\",\"url\":\"https:\\\/\\\/www.rucashk.com\\\/pt\\\/produto\\\/ecovacs-deebot-ozmo-950-wholesale\\\/\",\"name\":\"Ecovacs Deebot OZMO 950 Wholesale - Rucas - Wholesale and Distribution\",\"description\":\"Feature: Ozmo Mopping Smart NAVI 3. 0 Over 3 hours of run time 3 levels of suction power Multi-floor mapping Voice & app controls\",\"inLanguage\":\"pt-PT\",\"isPartOf\":{\"@id\":\"https:\\\/\\\/www.rucashk.com\\\/pt\\\/#website\"},\"breadcrumb\":{\"@id\":\"https:\\\/\\\/www.rucashk.com\\\/pt\\\/produto\\\/ecovacs-deebot-ozmo-950-wholesale\\\/#breadcrumblist\"},\"author\":{\"@id\":\"https:\\\/\\\/www.rucashk.com\\\/pt\\\/author\\\/admin\\\/#author\"},\"creator\":{\"@id\":\"https:\\\/\\\/www.rucashk.com\\\/pt\\\/author\\\/admin\\\/#author\"},\"image\":{\"@type\":\"ImageObject\",\"url\":\"https:\\\/\\\/www.rucashk.com\\\/wp-content\\\/uploads\\\/2024\\\/01\\\/Ecovacs-Deebot-OZMO-950.jpg\",\"@id\":\"https:\\\/\\\/www.rucashk.com\\\/pt\\\/produto\\\/ecovacs-deebot-ozmo-950-wholesale\\\/#mainImage\",\"width\":800,\"height\":800},\"primaryImageOfPage\":{\"@id\":\"https:\\\/\\\/www.rucashk.com\\\/pt\\\/produto\\\/ecovacs-deebot-ozmo-950-wholesale\\\/#mainImage\"},\"datePublished\":\"2024-01-09T15:59:23+00:00\",\"dateModified\":\"2024-03-12T07:42:32+00:00\"},{\"@type\":\"WebSite\",\"@id\":\"https:\\\/\\\/www.rucashk.com\\\/pt\\\/#website\",\"url\":\"https:\\\/\\\/www.rucashk.com\\\/pt\\\/\",\"name\":\"Rucas - Wholesale and distribution worldwide\",\"alternateName\":\"Rucas - One-stop AIoT Distribution Worldwide\",\"description\":\"One-stop AIoT Distribution Worldwide\",\"inLanguage\":\"pt-PT\",\"publisher\":{\"@id\":\"https:\\\/\\\/www.rucashk.com\\\/pt\\\/#organization\"}}]}\n\t\t<\/script>\n\t\t<!-- All in One SEO Pro -->\r\n\t\t<title>Ecovacs Deebot OZMO 950 Wholesale - Rucas - Wholesale and Distribution<\/title>\n\n","aioseo_head_json":{"title":"Ecovacs Deebot OZMO 950 Wholesale - Rucas - Wholesale and Distribution","description":"Feature: Ozmo Mopping Smart NAVI 3. 0 Over 3 hours of run time 3 levels of suction power Multi-floor mapping Voice & app controls","canonical_url":"https:\/\/www.rucashk.com\/pt\/produto\/ecovacs-deebot-ozmo-950-wholesale\/","robots":"max-image-preview:large","keywords":"","webmasterTools":{"miscellaneous":""},"og:locale":"pt_PT","og:site_name":"Rucas - One-stop AIoT Distribution Worldwide","og:type":"article","og:title":"Ecovacs Deebot OZMO 950 Wholesale - Rucas - Wholesale and Distribution","og:description":"Feature: Ozmo Mopping Smart NAVI 3. 0 Over 3 hours of run time 3 levels of suction power Multi-floor mapping Voice &amp; app controls","og:url":"https:\/\/www.rucashk.com\/pt\/produto\/ecovacs-deebot-ozmo-950-wholesale\/","og:image":"https:\/\/www.rucashk.com\/wp-content\/uploads\/replace\/503b8e645f128a97ccde2b6290747646.jpeg","og:image:secure_url":"https:\/\/www.rucashk.com\/wp-content\/uploads\/replace\/503b8e645f128a97ccde2b6290747646.jpeg","og:image:width":1456,"og:image:height":816,"article:published_time":"2024-01-09T15:59:23+00:00","article:modified_time":"2024-03-12T07:42:32+00:00","twitter:card":"summary_large_image","twitter:title":"Ecovacs Deebot OZMO 950 Wholesale - Rucas - Wholesale and Distribution","twitter:description":"Feature: Ozmo Mopping Smart NAVI 3. 0 Over 3 hours of run time 3 levels of suction power Multi-floor mapping Voice &amp; app controls","twitter:image":"https:\/\/www.rucashk.com\/wp-content\/uploads\/replace\/503b8e645f128a97ccde2b6290747646.jpeg","schema":{"@context":"https:\/\/schema.org","@graph":[{"@type":"BreadcrumbList","@id":"https:\/\/www.rucashk.com\/pt\/produto\/ecovacs-deebot-ozmo-950-wholesale\/#breadcrumblist","itemListElement":[{"@type":"ListItem","@id":"https:\/\/www.rucashk.com\/pt\/#listItem","position":1,"name":"Home","item":"https:\/\/www.rucashk.com\/pt\/","nextItem":"https:\/\/www.rucashk.com\/pt\/produto\/ecovacs-deebot-ozmo-950-wholesale\/#listItem"},{"@type":"ListItem","@id":"https:\/\/www.rucashk.com\/pt\/produto\/ecovacs-deebot-ozmo-950-wholesale\/#listItem","position":2,"name":"Ecovacs Deebot OZMO 950 Wholesale","previousItem":"https:\/\/www.rucashk.com\/pt\/#listItem"}]},{"@type":"Organization","@id":"https:\/\/www.rucashk.com\/pt\/#organization","name":"Rucas","url":"https:\/\/www.rucashk.com\/pt\/","logo":{"@type":"ImageObject","url":"https:\/\/www.rucashk.com\/wp-content\/uploads\/2023\/12\/Rucas_campany_logo.png","@id":"https:\/\/www.rucashk.com\/pt\/produto\/ecovacs-deebot-ozmo-950-wholesale\/#organizationLogo","width":221,"height":65},"image":{"@id":"https:\/\/www.rucashk.com\/pt\/#organizationLogo"}},{"@type":"Person","@id":"https:\/\/www.rucashk.com\/pt\/author\/admin\/#author","url":"https:\/\/www.rucashk.com\/pt\/author\/admin\/","name":"admin","image":{"@type":"ImageObject","@id":"https:\/\/www.rucashk.com\/pt\/produto\/ecovacs-deebot-ozmo-950-wholesale\/#authorImage","url":"https:\/\/secure.gravatar.com\/avatar\/b7c8925b09a27e72b30232f8ecaadbd5af0f70a38c78096863fe51b64f031c24?s=96&d=mm&r=g","width":96,"height":96,"caption":"admin"}},{"@type":"WebPage","@id":"https:\/\/www.rucashk.com\/pt\/produto\/ecovacs-deebot-ozmo-950-wholesale\/#webpage","url":"https:\/\/www.rucashk.com\/pt\/produto\/ecovacs-deebot-ozmo-950-wholesale\/","name":"Ecovacs Deebot OZMO 950 Wholesale - Rucas - Wholesale and Distribution","description":"Feature: Ozmo Mopping Smart NAVI 3. 0 Over 3 hours of run time 3 levels of suction power Multi-floor mapping Voice & app controls","inLanguage":"pt-PT","isPartOf":{"@id":"https:\/\/www.rucashk.com\/pt\/#website"},"breadcrumb":{"@id":"https:\/\/www.rucashk.com\/pt\/produto\/ecovacs-deebot-ozmo-950-wholesale\/#breadcrumblist"},"author":{"@id":"https:\/\/www.rucashk.com\/pt\/author\/admin\/#author"},"creator":{"@id":"https:\/\/www.rucashk.com\/pt\/author\/admin\/#author"},"image":{"@type":"ImageObject","url":"https:\/\/www.rucashk.com\/wp-content\/uploads\/2024\/01\/Ecovacs-Deebot-OZMO-950.jpg","@id":"https:\/\/www.rucashk.com\/pt\/produto\/ecovacs-deebot-ozmo-950-wholesale\/#mainImage","width":800,"height":800},"primaryImageOfPage":{"@id":"https:\/\/www.rucashk.com\/pt\/produto\/ecovacs-deebot-ozmo-950-wholesale\/#mainImage"},"datePublished":"2024-01-09T15:59:23+00:00","dateModified":"2024-03-12T07:42:32+00:00"},{"@type":"WebSite","@id":"https:\/\/www.rucashk.com\/pt\/#website","url":"https:\/\/www.rucashk.com\/pt\/","name":"Rucas - Wholesale and distribution worldwide","alternateName":"Rucas - One-stop AIoT Distribution Worldwide","description":"One-stop AIoT Distribution Worldwide","inLanguage":"pt-PT","publisher":{"@id":"https:\/\/www.rucashk.com\/pt\/#organization"}}]}},"aioseo_meta_data":{"post_id":"23956","title":null,"description":null,"keywords":null,"keyphrases":null,"primary_term":null,"canonical_url":null,"og_title":null,"og_description":null,"og_object_type":"default","og_image_type":"default","og_image_url":null,"og_image_width":null,"og_image_height":null,"og_image_custom_url":null,"og_image_custom_fields":null,"og_video":null,"og_custom_url":null,"og_article_section":null,"og_article_tags":null,"twitter_use_og":false,"twitter_card":"default","twitter_image_type":"default","twitter_image_url":null,"twitter_image_custom_url":null,"twitter_image_custom_fields":null,"twitter_title":null,"twitter_description":null,"schema":{"blockGraphs":[],"customGraphs":[],"default":{"data":{"Article":[],"Course":[],"Dataset":[],"FAQPage":[],"Movie":[],"Person":[],"Product":[],"Recipe":[],"Service":[],"SoftwareApplication":[],"WebPage":[]},"graphName":"","isEnabled":true},"graphs":[]},"schema_type":"default","schema_type_options":null,"pillar_content":false,"robots_default":true,"robots_noindex":false,"robots_noarchive":false,"robots_nosnippet":false,"robots_nofollow":false,"robots_noimageindex":false,"robots_noodp":false,"robots_notranslate":false,"robots_max_snippet":null,"robots_max_videopreview":null,"robots_max_imagepreview":"large","priority":null,"frequency":null,"local_seo":null,"breadcrumb_settings":null,"limit_modified_date":false,"created":"2024-04-11 01:57:07","updated":"2025-06-22 17:20:04"},"aioseo_breadcrumb":"<div class=\"aioseo-breadcrumbs\"><span class=\"aioseo-breadcrumb\">\n\t<a href=\"https:\/\/www.rucashk.com\/pt\" title=\"Home\">Home<\/a>\n<\/span><span class=\"aioseo-breadcrumb-separator\">&raquo;<\/span><span class=\"aioseo-breadcrumb\">\n\t<a href=\"https:\/\/www.rucashk.com\/pt\/products\/\" title=\"Produtos\">Produtos<\/a>\n<\/span><span class=\"aioseo-breadcrumb-separator\">&raquo;<\/span><span class=\"aioseo-breadcrumb\">\n\t<a href=\"https:\/\/www.rucashk.com\/pt\/categoria-produto\/other-a-brands\/\" title=\"Other A-Brands\">Other A-Brands<\/a>\n<\/span><span class=\"aioseo-breadcrumb-separator\">&raquo;<\/span><span class=\"aioseo-breadcrumb\">\n\t<a href=\"https:\/\/www.rucashk.com\/pt\/categoria-produto\/other-a-brands\/ecovacs-other-a-brands\/\" title=\"Ecovacs\">Ecovacs<\/a>\n<\/span><span class=\"aioseo-breadcrumb-separator\">&raquo;<\/span><span class=\"aioseo-breadcrumb\">\n\tEcovacs Deebot OZMO 950 Wholesale\n<\/span><\/div>","aioseo_breadcrumb_json":[{"label":"Home","link":"https:\/\/www.rucashk.com\/pt"},{"label":"Produtos","link":"https:\/\/www.rucashk.com\/pt\/products\/"},{"label":"Other A-Brands","link":"https:\/\/www.rucashk.com\/pt\/categoria-produto\/other-a-brands\/"},{"label":"Ecovacs","link":"https:\/\/www.rucashk.com\/pt\/categoria-produto\/other-a-brands\/ecovacs-other-a-brands\/"},{"label":"Ecovacs Deebot OZMO 950 Wholesale","link":"https:\/\/www.rucashk.com\/pt\/produto\/ecovacs-deebot-ozmo-950-wholesale\/"}],"_links":{"self":[{"href":"https:\/\/www.rucashk.com\/pt\/wp-json\/wp\/v2\/product\/23956","targetHints":{"allow":["GET"]}}],"collection":[{"href":"https:\/\/www.rucashk.com\/pt\/wp-json\/wp\/v2\/product"}],"about":[{"href":"https:\/\/www.rucashk.com\/pt\/wp-json\/wp\/v2\/types\/product"}],"wp:featuredmedia":[{"embeddable":true,"href":"https:\/\/www.rucashk.com\/pt\/wp-json\/wp\/v2\/media\/24078"}],"wp:attachment":[{"href":"https:\/\/www.rucashk.com\/pt\/wp-json\/wp\/v2\/media?parent=23956"}],"wp:term":[{"taxonomy":"product_brand","embeddable":true,"href":"https:\/\/www.rucashk.com\/pt\/wp-json\/wp\/v2\/product_brand?post=23956"},{"taxonomy":"product_cat","embeddable":true,"href":"https:\/\/www.rucashk.com\/pt\/wp-json\/wp\/v2\/product_cat?post=23956"},{"taxonomy":"product_tag","embeddable":true,"href":"https:\/\/www.rucashk.com\/pt\/wp-json\/wp\/v2\/product_tag?post=23956"}],"curies":[{"name":"wp","href":"https:\/\/api.w.org\/{rel}","templated":true}]}}