{"id":23953,"date":"2024-01-09T15:59:23","date_gmt":"2024-01-09T15:59:23","guid":{"rendered":"http:\/\/rucashk.com\/?post_type=product&#038;p=23953"},"modified":"2024-01-21T08:32:33","modified_gmt":"2024-01-21T08:32:33","slug":"70mai-dash-cam-pro-gps-wholesale","status":"publish","type":"product","link":"https:\/\/www.rucashk.com\/pt\/produto\/70mai-dash-cam-pro-gps-wholesale\/","title":{"rendered":"70mai Dash Cam Pro GPS atacado"},"content":{"rendered":"<div class=\"detailmodule_html\">\n<div class=\"detail-desc-decorate-richtext\">\n<p data-spm-anchor-id=\"a2g0o.detail.1000023.i2.489a51ddHH7Xtz\"><img fetchpriority=\"high\" decoding=\"async\" class=\"alignnone\" src=\"https:\/\/www.rucashk.com\/wp-content\/uploads\/2020\/07\/H982dfeedba1c45a38892a39f80902b82l.gif\" alt=\"70mai\u00a0Dash Cam Pro GPS\" width=\"904\" height=\"452\" data-spm-anchor-id=\"a2g0o.detail.1000023.i3.489a51ddHH7Xtz\" \/><\/p>\n<\/div>\n<\/div>\n<div class=\"detailmodule_html\">\n<div class=\"detail-desc-decorate-richtext\">\n<div><strong>Observa\u00e7\u00e3o:<\/strong><\/div>\n<div>Existem duas vers\u00f5es para o 70mai Dash Cam Pro: vers\u00e3o sem GPS e com vers\u00e3o GPS.<\/div>\n<div>Por favor, escolha e compre o melhor que voc\u00ea deseja.<\/div>\n<div>\u200b<\/div>\n<p><strong>Controle de voz original 70mai Pro em ingl\u00eas 70mai Dash Cam Pro 1944P 5Mega Pixels GPS opcional 70mai Car Cam Pro 24H Monitor de estacionamento 140FOV Night Vision Free Wifi 70mai Car DVR Pro Sistema de estacionamento com sensor G<\/strong><\/p>\n<\/div>\n<\/div>\n<div class=\"detailmodule_html\">\n<div class=\"detail-desc-decorate-richtext\">\n<p><img decoding=\"async\" class=\"alignnone\" src=\"https:\/\/www.rucashk.com\/wp-content\/uploads\/2020\/07\/H87bc159c10c54fffa459feb82ac3cc5cc.jpg\" alt=\"70mai\u00a0Dash Cam Pro GPS\" width=\"960\" height=\"1111\" \/><img decoding=\"async\" class=\"alignnone\" src=\"https:\/\/www.rucashk.com\/wp-content\/uploads\/2020\/07\/H074bfade0fee4086adbd9cae2c2fdb96m.jpg\" alt=\"70mai\u00a0Dash Cam Pro GPS\" width=\"960\" height=\"676\" \/><\/p>\n<p class=\"p\"><b>Resolu\u00e7\u00e3o super alta de 1944P: 2,5 vezes de 1080P<\/b><b><\/b><\/p>\n<p>&nbsp;<\/p>\n<p>&nbsp;<\/p>\n<p class=\"p\">Ao ajustar o equil\u00edbrio da exposi\u00e7\u00e3o, a c\u00e2mera do painel 1944P captura maiores detalhes na escurid\u00e3o e no brilho.<\/p>\n<p><img loading=\"lazy\" decoding=\"async\" class=\"alignnone\" src=\"https:\/\/www.rucashk.com\/wp-content\/uploads\/2020\/07\/H4d474ba82c2042d0b0d7a04e5ce46f23Y.jpg\" alt=\"70mai\u00a0Dash Cam Pro GPS\" width=\"960\" height=\"837\" \/><\/p>\n<p><strong>Fotos impressionantes dia e noite<\/strong><\/p>\n<p>Equipado com abertura F1.8 e 6 lentes de vidro, pode melhorar muito a vis\u00e3o noturna e obter imagens n\u00edtidas e com cores precisas.<\/p>\n<p><img loading=\"lazy\" decoding=\"async\" class=\"alignnone\" src=\"https:\/\/www.rucashk.com\/wp-content\/uploads\/2020\/07\/H7e313d8f7ddf45daa2df81dc150ae6c4j.jpg\" alt=\"70mai\u00a0Dash Cam Pro GPS\" width=\"960\" height=\"1086\" \/><\/p>\n<p><b>Processador Sony Sensor Dual-core HiSillicon de 5 megapixels<\/b><\/p>\n<p>O sens\u00edvel sensor SONY IMX335 e o poderoso Hi3556 V100 s\u00e3o uma c\u00e2mera extraordin\u00e1ria para sua reordena\u00e7\u00e3o.<img loading=\"lazy\" decoding=\"async\" class=\"alignnone\" src=\"https:\/\/www.rucashk.com\/wp-content\/uploads\/2020\/07\/H2f5f309a4c1f4f029e76a678e8cccd1d0.jpg\" alt=\"70mai\u00a0Dash Cam Pro GPS\" width=\"960\" height=\"671\" \/><\/p>\n<p class=\"p\"><b>Sistema avan\u00e7ado de assist\u00eancia ao motorista aumenta sua seguran\u00e7a ao dirigir<\/b><b><\/b><\/p>\n<p>Aviso de sa\u00edda de faixa: alerta em tempo real avisa quando voc\u00ea sai da faixa e antes de bater em outro ve\u00edculo \u00e0 frente.<\/p>\n<p class=\"p\">Aviso de colis\u00e3o frontal: ajuda voc\u00ea a manter uma dist\u00e2ncia segura do ve\u00edculo dianteiro. Prevenir eficazmente colis\u00f5es traseiras e reduzir les\u00f5es relevantes. especialmente durante engarrafamentos. (Dispon\u00edvel apenas com m\u00f3dulo GPS que precisa ser adquirido separadamente)<\/p>\n<p><img loading=\"lazy\" decoding=\"async\" class=\"alignnone\" src=\"https:\/\/www.rucashk.com\/wp-content\/uploads\/2020\/07\/Hc0ff72699a3d4c54897dff087f8d8840S.jpg\" alt=\"70mai\u00a0Dash Cam Pro GPS\" width=\"960\" height=\"1084\" \/><\/p>\n<p><img loading=\"lazy\" decoding=\"async\" class=\"alignnone\" src=\"https:\/\/www.rucashk.com\/wp-content\/uploads\/2020\/07\/He5860f45422547bcaf2764521be588e53.jpg\" alt=\"70mai\u00a0Dash Cam Pro GPS\" width=\"960\" height=\"1108\" \/><\/p>\n<p class=\"p\"><b>Vigil\u00e2ncia de estacionamento 24 horas<\/b><\/p>\n<p class=\"p\">A c\u00e2mera Dash come\u00e7ar\u00e1 a gravar automaticamente quando houver uma colis\u00e3o sendo detectada pelo sensor G integrado. Ele ir\u00e1 lembr\u00e1-lo de verificar o v\u00eddeo do evento quando voltar para o carro.<\/p>\n<p><img loading=\"lazy\" decoding=\"async\" class=\"alignnone\" src=\"https:\/\/www.rucashk.com\/wp-content\/uploads\/2020\/07\/H5836a3c04e4c456eb30869ed0723ab13z.jpg\" alt=\"70mai\u00a0Dash Cam Pro GPS\" width=\"960\" height=\"919\" \/><\/p>\n<p><strong>Grava\u00e7\u00e3o de emerg\u00eancia quando voc\u00ea estiver ausente<\/strong><\/p>\n<p>Com sensor de alta sensibilidade, sua c\u00e2mera 70mai estar\u00e1 dispon\u00edvel para grava\u00e7\u00e3o autom\u00e1tica no modo parque. Fique sempre de olho no seu ador\u00e1vel ve\u00edculo.<\/p>\n<p><img loading=\"lazy\" decoding=\"async\" class=\"alignnone\" src=\"https:\/\/www.rucashk.com\/wp-content\/uploads\/2020\/07\/H9bde06605790411d95d5866dc72af38cZ.jpg\" alt=\"70mai\u00a0Dash Cam Pro GPS\" width=\"960\" height=\"918\" \/><\/p>\n<p><b>Controle de aplicativos<\/b><\/p>\n<p class=\"p\">O APP 70mai suporta sistemas IOS e Android, permitindo visualizar e baixar v\u00eddeos HD atrav\u00e9s de Wi-Fi em tempo real. Al\u00e9m disso, bloqueie o v\u00eddeo de emerg\u00eancia em \u201cArquivo de Evento\u201d para evitar uma substitui\u00e7\u00e3o.<\/p>\n<p><img loading=\"lazy\" decoding=\"async\" class=\"alignnone\" src=\"https:\/\/www.rucashk.com\/wp-content\/uploads\/2020\/07\/H994ddc0065194f268a39f51f36b4bd8ds.jpg\" alt=\"70mai\u00a0Dash Cam Pro GPS\" width=\"960\" height=\"1076\" \/><\/p>\n<p>&nbsp;<\/p>\n<p class=\"p\"><b>Vioce Control (dispon\u00edvel apenas para a vers\u00e3o em ingl\u00eas. A vers\u00e3o russa n\u00e3o suporta controle de voz para problemas de sotaque)<\/b><b><\/b><\/p>\n<p>&nbsp;<\/p>\n<p>&nbsp;<\/p>\n<p>Voc\u00ea pode controlar com efici\u00eancia o 70mai dash cam Pro para tirar fotos, gravar v\u00eddeos e abrir telas sem manipula\u00e7\u00e3o manual, mas por comando de voz conveniente.\u00a0<img loading=\"lazy\" decoding=\"async\" class=\"alignnone\" src=\"https:\/\/www.rucashk.com\/wp-content\/uploads\/2020\/07\/H313685519ad1408eb9faaca533f1c073j.jpg\" alt=\"70mai\u00a0Dash Cam Pro GPS\" width=\"960\" height=\"752\" \/><\/p>\n<p><strong>Desemba\u00e7amento<\/strong><\/p>\n<p>O algoritmo de desemba\u00e7amento pode efetivamente reduzir a distor\u00e7\u00e3o ou degrada\u00e7\u00e3o das imagens e reproduzir uma vis\u00e3o clara ao dirigir em ambientes com fuma\u00e7a e neblina.<img loading=\"lazy\" decoding=\"async\" class=\"alignnone\" src=\"https:\/\/www.rucashk.com\/wp-content\/uploads\/2020\/07\/Hbccfd5ba062e4c6fabae18463d15895di.jpg\" alt=\"70mai\u00a0Dash Cam Pro GPS\" width=\"960\" height=\"808\" \/><\/p>\n<p><strong>WDR<\/strong><\/p>\n<p>A tecnologia WDR pode ajustar o equil\u00edbrio da exposi\u00e7\u00e3o, permitindo que a c\u00e2mera capte maiores detalhes na escurid\u00e3o e nos realces, permitindo que a c\u00e2mera do painel processe mais luz no sensor e produza uma imagem mais vibrante.<\/p>\n<p><img loading=\"lazy\" decoding=\"async\" class=\"alignnone\" src=\"https:\/\/www.rucashk.com\/wp-content\/uploads\/2020\/07\/H295eb0e669f84a989a1803bb0af7fe04l.jpg\" alt=\"70mai\u00a0Dash Cam Pro GPS\" width=\"960\" height=\"896\" \/><\/p>\n<p><strong>Design Oculto<\/strong><\/p>\n<p>Projetado para caber em todos os interiores do carro e perfeitamente escondido atr\u00e1s do espelho retrovisor.<img loading=\"lazy\" decoding=\"async\" class=\"alignnone\" src=\"https:\/\/www.rucashk.com\/wp-content\/uploads\/2020\/07\/H00ca60321be74622b7446e0edf6a8b1f1.jpg\" alt=\"70mai\u00a0Dash Cam Pro GPS\" width=\"960\" height=\"831\" \/><\/p>\n<p><strong>Recupera\u00e7\u00e3o de loop<\/strong><\/p>\n<p>Substitua automaticamente as filmagens mais antigas pelas mais recentes para economizar espa\u00e7o para o seu cart\u00e3o de micro mem\u00f3ria. (A exibi\u00e7\u00e3o de velocidade e coordenadas GPS est\u00e1 dispon\u00edvel apenas com o m\u00f3dulo GPS que precisa ser adquirido separadamente)<\/p>\n<p><img loading=\"lazy\" decoding=\"async\" class=\"alignnone\" src=\"https:\/\/www.rucashk.com\/wp-content\/uploads\/2020\/07\/H0e0d2461ebfb4bf5b3825ab937c4a7d2X.jpg\" alt=\"70mai\u00a0Dash Cam Pro GPS\" width=\"960\" height=\"840\" \/><\/p>\n<\/div>\n<\/div>\n<div class=\"detailmodule_image\"><img loading=\"lazy\" decoding=\"async\" class=\"detail-desc-decorate-image alignnone\" src=\"https:\/\/www.rucashk.com\/wp-content\/uploads\/2020\/07\/H4dd77fe03c234f31b38f1794b3f31cceP.jpg\" alt=\"70mai\u00a0Dash Cam Pro GPS\" width=\"960\" height=\"800\" \/><\/div>\n<div class=\"detailmodule_html\">\n<div class=\"detail-desc-decorate-richtext\">\n<div><strong>DADOS T\u00c9CNICOS<\/strong><\/div>\n<div>\n<ul>\n<li>Chipset: HiSilicon Hi3556V100<\/li>\n<li>Transdutor de imagem: SONY IMX335<\/li>\n<li>Lente: grande angular 140 graus\/lente F\/1.8<\/li>\n<li>M\u00f3dulo WIFI integrado: SIM<\/li>\n<li>Resolu\u00e7\u00e3o de grava\u00e7\u00e3o:<\/li>\n<li>2592\u00d71944p 30 fps (4:3)<\/li>\n<li>2560\u00d71440p 30fps (16:9)<\/li>\n<li>Suporte ajust\u00e1vel: SIM \u2013 fixando a c\u00e2mera com fita adesiva<\/li>\n<li>Sensor de choque: SIM<\/li>\n<li>MODO DE ESTACIONAMENTO: SIM<\/li>\n<li>Grava\u00e7\u00e3o em loop: SIM \u2013 substitui\u00e7\u00e3o das grava\u00e7\u00f5es mais antigas<\/li>\n<li>Formato de arquivo de v\u00eddeo e foto: MP4, H.264<\/li>\n<li>Dura\u00e7\u00e3o das se\u00e7\u00f5es gravadas em minutos: 1min<\/li>\n<li>Slot para cart\u00e3o de mem\u00f3ria: microSD de at\u00e9 64GB<\/li>\n<li>A data e a hora podem ser definidas: SIM<\/li>\n<li>Microfone e alto-falante: SIM<\/li>\n<li>Carimbo de data e hora: SIM<\/li>\n<li>Conectores e portas: USB 2.0 (conector de alimenta\u00e7\u00e3o), microSD<\/li>\n<li>Pot\u00eancia: bateria de 500mAh<\/li>\n<li>Carregamento: 5V (micro USB)<\/li>\n<li>Software m\u00f3vel: TAK \u2013 iOS, Android<\/li>\n<li>Temperatura de trabalho: -20 \u00b0 ~ + 60 \u00b0 C<\/li>\n<\/ul>\n<\/div>\n<\/div>\n<\/div>","protected":false},"excerpt":{"rendered":"<ul>\n<li>Prote\u00e7\u00e3o 24 horas<\/li>\n<li>1944P Super Alta Defini\u00e7\u00e3o<\/li>\n<li>Suportado por ADAS<\/li>\n<\/ul>","protected":false},"featured_media":24058,"template":"","meta":[],"product_brand":[],"product_cat":[1289,1288],"product_tag":[989],"class_list":{"0":"post-23953","1":"product","2":"type-product","3":"status-publish","4":"has-post-thumbnail","6":"product_cat-dash-camera","7":"product_cat-e-vehicle-accessories","8":"product_tag-70mai-dash-cam-pro-gps","10":"first","11":"instock","12":"shipping-taxable","13":"product-type-external"},"aioseo_notices":[],"aioseo_head":"\n\t\t<!-- All in One SEO Pro 4.5.9.2 - aioseo.com -->\n\t\t<meta name=\"description\" content=\"24-Hour Protection 1944P Super High Definition ADAS Supported\" \/>\n\t\t<meta name=\"robots\" content=\"max-image-preview:large\" \/>\n\t\t<link rel=\"canonical\" href=\"https:\/\/www.rucashk.com\/pt\/produto\/70mai-dash-cam-pro-gps-wholesale\/\" \/>\n\t\t<meta name=\"generator\" content=\"All in One SEO Pro (AIOSEO) 4.5.9.2\" \/>\n\t\t<meta property=\"og:locale\" content=\"pt_PT\" \/>\n\t\t<meta property=\"og:site_name\" content=\"Rucas - One-stop AIoT Distribution Worldwide\" \/>\n\t\t<meta property=\"og:type\" content=\"article\" \/>\n\t\t<meta property=\"og:title\" content=\"70mai Dash Cam Pro GPS Wholesale - Rucas - Wholesale and Distribution\" \/>\n\t\t<meta property=\"og:description\" content=\"24-Hour Protection 1944P Super High Definition ADAS Supported\" \/>\n\t\t<meta property=\"og:url\" content=\"https:\/\/www.rucashk.com\/pt\/produto\/70mai-dash-cam-pro-gps-wholesale\/\" \/>\n\t\t<meta property=\"og:image\" content=\"https:\/\/www.rucashk.com\/wp-content\/uploads\/replace\/503b8e645f128a97ccde2b6290747646.jpeg\" \/>\n\t\t<meta property=\"og:image:secure_url\" content=\"https:\/\/www.rucashk.com\/wp-content\/uploads\/replace\/503b8e645f128a97ccde2b6290747646.jpeg\" \/>\n\t\t<meta property=\"og:image:width\" content=\"1456\" \/>\n\t\t<meta property=\"og:image:height\" content=\"816\" \/>\n\t\t<meta property=\"article:published_time\" content=\"2024-01-09T15:59:23+00:00\" \/>\n\t\t<meta property=\"article:modified_time\" content=\"2024-01-21T08:32:33+00:00\" \/>\n\t\t<meta name=\"twitter:card\" content=\"summary_large_image\" \/>\n\t\t<meta name=\"twitter:title\" content=\"70mai Dash Cam Pro GPS Wholesale - Rucas - Wholesale and Distribution\" \/>\n\t\t<meta name=\"twitter:description\" content=\"24-Hour Protection 1944P Super High Definition ADAS Supported\" \/>\n\t\t<meta name=\"twitter:image\" content=\"https:\/\/www.rucashk.com\/wp-content\/uploads\/replace\/503b8e645f128a97ccde2b6290747646.jpeg\" \/>\n\t\t<script type=\"application\/ld+json\" class=\"aioseo-schema\">\n\t\t\t{\"@context\":\"https:\\\/\\\/schema.org\",\"@graph\":[{\"@type\":\"BreadcrumbList\",\"@id\":\"https:\\\/\\\/www.rucashk.com\\\/pt\\\/produto\\\/70mai-dash-cam-pro-gps-wholesale\\\/#breadcrumblist\",\"itemListElement\":[{\"@type\":\"ListItem\",\"@id\":\"https:\\\/\\\/www.rucashk.com\\\/pt\\\/#listItem\",\"position\":1,\"name\":\"Home\",\"item\":\"https:\\\/\\\/www.rucashk.com\\\/pt\\\/\",\"nextItem\":\"https:\\\/\\\/www.rucashk.com\\\/pt\\\/produto\\\/70mai-dash-cam-pro-gps-wholesale\\\/#listItem\"},{\"@type\":\"ListItem\",\"@id\":\"https:\\\/\\\/www.rucashk.com\\\/pt\\\/produto\\\/70mai-dash-cam-pro-gps-wholesale\\\/#listItem\",\"position\":2,\"name\":\"70mai\\u00a0Dash Cam Pro GPS Wholesale\",\"previousItem\":\"https:\\\/\\\/www.rucashk.com\\\/pt\\\/#listItem\"}]},{\"@type\":\"Organization\",\"@id\":\"https:\\\/\\\/www.rucashk.com\\\/pt\\\/#organization\",\"name\":\"Rucas\",\"url\":\"https:\\\/\\\/www.rucashk.com\\\/pt\\\/\",\"logo\":{\"@type\":\"ImageObject\",\"url\":\"https:\\\/\\\/www.rucashk.com\\\/wp-content\\\/uploads\\\/2023\\\/12\\\/Rucas_campany_logo.png\",\"@id\":\"https:\\\/\\\/www.rucashk.com\\\/pt\\\/produto\\\/70mai-dash-cam-pro-gps-wholesale\\\/#organizationLogo\",\"width\":221,\"height\":65},\"image\":{\"@id\":\"https:\\\/\\\/www.rucashk.com\\\/pt\\\/#organizationLogo\"}},{\"@type\":\"Person\",\"@id\":\"https:\\\/\\\/www.rucashk.com\\\/pt\\\/author\\\/admin\\\/#author\",\"url\":\"https:\\\/\\\/www.rucashk.com\\\/pt\\\/author\\\/admin\\\/\",\"name\":\"admin\",\"image\":{\"@type\":\"ImageObject\",\"@id\":\"https:\\\/\\\/www.rucashk.com\\\/pt\\\/produto\\\/70mai-dash-cam-pro-gps-wholesale\\\/#authorImage\",\"url\":\"https:\\\/\\\/secure.gravatar.com\\\/avatar\\\/b7c8925b09a27e72b30232f8ecaadbd5af0f70a38c78096863fe51b64f031c24?s=96&d=mm&r=g\",\"width\":96,\"height\":96,\"caption\":\"admin\"}},{\"@type\":\"WebPage\",\"@id\":\"https:\\\/\\\/www.rucashk.com\\\/pt\\\/produto\\\/70mai-dash-cam-pro-gps-wholesale\\\/#webpage\",\"url\":\"https:\\\/\\\/www.rucashk.com\\\/pt\\\/produto\\\/70mai-dash-cam-pro-gps-wholesale\\\/\",\"name\":\"70mai Dash Cam Pro GPS Wholesale - Rucas - Wholesale and Distribution\",\"description\":\"24-Hour Protection 1944P Super High Definition ADAS Supported\",\"inLanguage\":\"pt-PT\",\"isPartOf\":{\"@id\":\"https:\\\/\\\/www.rucashk.com\\\/pt\\\/#website\"},\"breadcrumb\":{\"@id\":\"https:\\\/\\\/www.rucashk.com\\\/pt\\\/produto\\\/70mai-dash-cam-pro-gps-wholesale\\\/#breadcrumblist\"},\"author\":{\"@id\":\"https:\\\/\\\/www.rucashk.com\\\/pt\\\/author\\\/admin\\\/#author\"},\"creator\":{\"@id\":\"https:\\\/\\\/www.rucashk.com\\\/pt\\\/author\\\/admin\\\/#author\"},\"image\":{\"@type\":\"ImageObject\",\"url\":\"https:\\\/\\\/www.rucashk.com\\\/wp-content\\\/uploads\\\/2024\\\/01\\\/4691589446367_.pic_1024x1024@2x_\\u526f\\u672c.jpg\",\"@id\":\"https:\\\/\\\/www.rucashk.com\\\/pt\\\/produto\\\/70mai-dash-cam-pro-gps-wholesale\\\/#mainImage\",\"width\":800,\"height\":800},\"primaryImageOfPage\":{\"@id\":\"https:\\\/\\\/www.rucashk.com\\\/pt\\\/produto\\\/70mai-dash-cam-pro-gps-wholesale\\\/#mainImage\"},\"datePublished\":\"2024-01-09T15:59:23+00:00\",\"dateModified\":\"2024-01-21T08:32:33+00:00\"},{\"@type\":\"WebSite\",\"@id\":\"https:\\\/\\\/www.rucashk.com\\\/pt\\\/#website\",\"url\":\"https:\\\/\\\/www.rucashk.com\\\/pt\\\/\",\"name\":\"Rucas - Wholesale and distribution worldwide\",\"alternateName\":\"Rucas - One-stop AIoT Distribution Worldwide\",\"description\":\"One-stop AIoT Distribution Worldwide\",\"inLanguage\":\"pt-PT\",\"publisher\":{\"@id\":\"https:\\\/\\\/www.rucashk.com\\\/pt\\\/#organization\"}}]}\n\t\t<\/script>\n\t\t<!-- All in One SEO Pro -->\r\n\t\t<title>70mai Dash Cam Pro GPS Wholesale - Rucas - Wholesale and Distribution<\/title>\n\n","aioseo_head_json":{"title":"70mai Dash Cam Pro GPS Wholesale - Rucas - Wholesale and Distribution","description":"24-Hour Protection 1944P Super High Definition ADAS Supported","canonical_url":"https:\/\/www.rucashk.com\/pt\/produto\/70mai-dash-cam-pro-gps-wholesale\/","robots":"max-image-preview:large","keywords":"","webmasterTools":{"miscellaneous":""},"og:locale":"pt_PT","og:site_name":"Rucas - One-stop AIoT Distribution Worldwide","og:type":"article","og:title":"70mai Dash Cam Pro GPS Wholesale - Rucas - Wholesale and Distribution","og:description":"24-Hour Protection 1944P Super High Definition ADAS Supported","og:url":"https:\/\/www.rucashk.com\/pt\/produto\/70mai-dash-cam-pro-gps-wholesale\/","og:image":"https:\/\/www.rucashk.com\/wp-content\/uploads\/replace\/503b8e645f128a97ccde2b6290747646.jpeg","og:image:secure_url":"https:\/\/www.rucashk.com\/wp-content\/uploads\/replace\/503b8e645f128a97ccde2b6290747646.jpeg","og:image:width":1456,"og:image:height":816,"article:published_time":"2024-01-09T15:59:23+00:00","article:modified_time":"2024-01-21T08:32:33+00:00","twitter:card":"summary_large_image","twitter:title":"70mai Dash Cam Pro GPS Wholesale - Rucas - Wholesale and Distribution","twitter:description":"24-Hour Protection 1944P Super High Definition ADAS Supported","twitter:image":"https:\/\/www.rucashk.com\/wp-content\/uploads\/replace\/503b8e645f128a97ccde2b6290747646.jpeg","schema":{"@context":"https:\/\/schema.org","@graph":[{"@type":"BreadcrumbList","@id":"https:\/\/www.rucashk.com\/pt\/produto\/70mai-dash-cam-pro-gps-wholesale\/#breadcrumblist","itemListElement":[{"@type":"ListItem","@id":"https:\/\/www.rucashk.com\/pt\/#listItem","position":1,"name":"Home","item":"https:\/\/www.rucashk.com\/pt\/","nextItem":"https:\/\/www.rucashk.com\/pt\/produto\/70mai-dash-cam-pro-gps-wholesale\/#listItem"},{"@type":"ListItem","@id":"https:\/\/www.rucashk.com\/pt\/produto\/70mai-dash-cam-pro-gps-wholesale\/#listItem","position":2,"name":"70mai\u00a0Dash Cam Pro GPS Wholesale","previousItem":"https:\/\/www.rucashk.com\/pt\/#listItem"}]},{"@type":"Organization","@id":"https:\/\/www.rucashk.com\/pt\/#organization","name":"Rucas","url":"https:\/\/www.rucashk.com\/pt\/","logo":{"@type":"ImageObject","url":"https:\/\/www.rucashk.com\/wp-content\/uploads\/2023\/12\/Rucas_campany_logo.png","@id":"https:\/\/www.rucashk.com\/pt\/produto\/70mai-dash-cam-pro-gps-wholesale\/#organizationLogo","width":221,"height":65},"image":{"@id":"https:\/\/www.rucashk.com\/pt\/#organizationLogo"}},{"@type":"Person","@id":"https:\/\/www.rucashk.com\/pt\/author\/admin\/#author","url":"https:\/\/www.rucashk.com\/pt\/author\/admin\/","name":"admin","image":{"@type":"ImageObject","@id":"https:\/\/www.rucashk.com\/pt\/produto\/70mai-dash-cam-pro-gps-wholesale\/#authorImage","url":"https:\/\/secure.gravatar.com\/avatar\/b7c8925b09a27e72b30232f8ecaadbd5af0f70a38c78096863fe51b64f031c24?s=96&d=mm&r=g","width":96,"height":96,"caption":"admin"}},{"@type":"WebPage","@id":"https:\/\/www.rucashk.com\/pt\/produto\/70mai-dash-cam-pro-gps-wholesale\/#webpage","url":"https:\/\/www.rucashk.com\/pt\/produto\/70mai-dash-cam-pro-gps-wholesale\/","name":"70mai Dash Cam Pro GPS Wholesale - Rucas - Wholesale and Distribution","description":"24-Hour Protection 1944P Super High Definition ADAS Supported","inLanguage":"pt-PT","isPartOf":{"@id":"https:\/\/www.rucashk.com\/pt\/#website"},"breadcrumb":{"@id":"https:\/\/www.rucashk.com\/pt\/produto\/70mai-dash-cam-pro-gps-wholesale\/#breadcrumblist"},"author":{"@id":"https:\/\/www.rucashk.com\/pt\/author\/admin\/#author"},"creator":{"@id":"https:\/\/www.rucashk.com\/pt\/author\/admin\/#author"},"image":{"@type":"ImageObject","url":"https:\/\/www.rucashk.com\/wp-content\/uploads\/2024\/01\/4691589446367_.pic_1024x1024@2x_\u526f\u672c.jpg","@id":"https:\/\/www.rucashk.com\/pt\/produto\/70mai-dash-cam-pro-gps-wholesale\/#mainImage","width":800,"height":800},"primaryImageOfPage":{"@id":"https:\/\/www.rucashk.com\/pt\/produto\/70mai-dash-cam-pro-gps-wholesale\/#mainImage"},"datePublished":"2024-01-09T15:59:23+00:00","dateModified":"2024-01-21T08:32:33+00:00"},{"@type":"WebSite","@id":"https:\/\/www.rucashk.com\/pt\/#website","url":"https:\/\/www.rucashk.com\/pt\/","name":"Rucas - Wholesale and distribution worldwide","alternateName":"Rucas - One-stop AIoT Distribution Worldwide","description":"One-stop AIoT Distribution Worldwide","inLanguage":"pt-PT","publisher":{"@id":"https:\/\/www.rucashk.com\/pt\/#organization"}}]}},"aioseo_meta_data":{"post_id":"23953","title":null,"description":null,"keywords":null,"keyphrases":null,"primary_term":null,"canonical_url":null,"og_title":null,"og_description":null,"og_object_type":"default","og_image_type":"default","og_image_url":null,"og_image_width":null,"og_image_height":null,"og_image_custom_url":null,"og_image_custom_fields":null,"og_video":null,"og_custom_url":null,"og_article_section":null,"og_article_tags":null,"twitter_use_og":false,"twitter_card":"default","twitter_image_type":"default","twitter_image_url":null,"twitter_image_custom_url":null,"twitter_image_custom_fields":null,"twitter_title":null,"twitter_description":null,"schema":{"blockGraphs":[],"customGraphs":[],"default":{"data":{"Article":[],"Course":[],"Dataset":[],"FAQPage":[],"Movie":[],"Person":[],"Product":[],"Recipe":[],"Service":[],"SoftwareApplication":[],"WebPage":[]},"graphName":"","isEnabled":true},"graphs":[]},"schema_type":"default","schema_type_options":null,"pillar_content":false,"robots_default":true,"robots_noindex":false,"robots_noarchive":false,"robots_nosnippet":false,"robots_nofollow":false,"robots_noimageindex":false,"robots_noodp":false,"robots_notranslate":false,"robots_max_snippet":null,"robots_max_videopreview":null,"robots_max_imagepreview":"large","priority":null,"frequency":null,"local_seo":null,"breadcrumb_settings":null,"limit_modified_date":false,"created":"2024-04-11 01:57:07","updated":"2025-06-22 17:18:43"},"aioseo_breadcrumb":"<div class=\"aioseo-breadcrumbs\"><span class=\"aioseo-breadcrumb\">\n\t<a href=\"https:\/\/www.rucashk.com\/pt\" title=\"Home\">Home<\/a>\n<\/span><span class=\"aioseo-breadcrumb-separator\">&raquo;<\/span><span class=\"aioseo-breadcrumb\">\n\t<a href=\"https:\/\/www.rucashk.com\/pt\/products\/\" title=\"Produtos\">Produtos<\/a>\n<\/span><span class=\"aioseo-breadcrumb-separator\">&raquo;<\/span><span class=\"aioseo-breadcrumb\">\n\t<a href=\"https:\/\/www.rucashk.com\/pt\/categoria-produto\/e-vehicle-accessories\/\" title=\"E-Vehicle Accessories\">E-Vehicle Accessories<\/a>\n<\/span><span class=\"aioseo-breadcrumb-separator\">&raquo;<\/span><span class=\"aioseo-breadcrumb\">\n\t<a href=\"https:\/\/www.rucashk.com\/pt\/categoria-produto\/e-vehicle-accessories\/dash-camera\/\" title=\"Dash Camera\">Dash Camera<\/a>\n<\/span><span class=\"aioseo-breadcrumb-separator\">&raquo;<\/span><span class=\"aioseo-breadcrumb\">\n\t70mai\u00a0Dash Cam Pro GPS Wholesale\n<\/span><\/div>","aioseo_breadcrumb_json":[{"label":"Home","link":"https:\/\/www.rucashk.com\/pt"},{"label":"Produtos","link":"https:\/\/www.rucashk.com\/pt\/products\/"},{"label":"E-Vehicle Accessories","link":"https:\/\/www.rucashk.com\/pt\/categoria-produto\/e-vehicle-accessories\/"},{"label":"Dash Camera","link":"https:\/\/www.rucashk.com\/pt\/categoria-produto\/e-vehicle-accessories\/dash-camera\/"},{"label":"70mai\u00a0Dash Cam Pro GPS Wholesale","link":"https:\/\/www.rucashk.com\/pt\/produto\/70mai-dash-cam-pro-gps-wholesale\/"}],"_links":{"self":[{"href":"https:\/\/www.rucashk.com\/pt\/wp-json\/wp\/v2\/product\/23953","targetHints":{"allow":["GET"]}}],"collection":[{"href":"https:\/\/www.rucashk.com\/pt\/wp-json\/wp\/v2\/product"}],"about":[{"href":"https:\/\/www.rucashk.com\/pt\/wp-json\/wp\/v2\/types\/product"}],"wp:featuredmedia":[{"embeddable":true,"href":"https:\/\/www.rucashk.com\/pt\/wp-json\/wp\/v2\/media\/24058"}],"wp:attachment":[{"href":"https:\/\/www.rucashk.com\/pt\/wp-json\/wp\/v2\/media?parent=23953"}],"wp:term":[{"taxonomy":"product_brand","embeddable":true,"href":"https:\/\/www.rucashk.com\/pt\/wp-json\/wp\/v2\/product_brand?post=23953"},{"taxonomy":"product_cat","embeddable":true,"href":"https:\/\/www.rucashk.com\/pt\/wp-json\/wp\/v2\/product_cat?post=23953"},{"taxonomy":"product_tag","embeddable":true,"href":"https:\/\/www.rucashk.com\/pt\/wp-json\/wp\/v2\/product_tag?post=23953"}],"curies":[{"name":"wp","href":"https:\/\/api.w.org\/{rel}","templated":true}]}}