{"id":23952,"date":"2024-01-09T15:59:22","date_gmt":"2024-01-09T15:59:22","guid":{"rendered":"http:\/\/rucashk.com\/?post_type=product&#038;p=23952"},"modified":"2024-03-11T06:40:43","modified_gmt":"2024-03-11T06:40:43","slug":"huawei-band-4-pro-wholesale","status":"publish","type":"product","link":"https:\/\/www.rucashk.com\/pt\/produto\/huawei-band-4-pro-wholesale\/","title":{"rendered":"Huawei Banda 4 Pro"},"content":{"rendered":"<div class=\"self-adaption\"><img fetchpriority=\"high\" decoding=\"async\" class=\"js-descLazyload lazy-loaded aligncenter\" title=\"Pulseira de movimento ox\u00edmetro Huawei 4Pro\" src=\"\/wp-content\/uploads\/replace\/506afb9f34e90e6a522d415e37bf9b80.jpeg\" alt=\"Huawei Band 4 Pro\" width=\"1000\" height=\"594\" data-lazy=\"\/wp-content\/uploads\/replace\/506afb9f34e90e6a522d415e37bf9b80.jpeg\" data-was-processed=\"true\" \/><\/div>\n<div class=\"self-adaption\"><img decoding=\"async\" class=\"js-descLazyload lazy-loaded aligncenter\" title=\"Pulseira de movimento ox\u00edmetro Huawei 4Pro com tela sens\u00edvel ao toque completa, cheia de divers\u00e3o\" src=\"\/wp-content\/uploads\/replace\/0185979a5851a9feb8fd9b154b0630b8.jpeg\" alt=\"Huawei Band 4 Pro\" width=\"1000\" height=\"632\" data-lazy=\"\/wp-content\/uploads\/replace\/0185979a5851a9feb8fd9b154b0630b8.jpeg\" data-was-processed=\"true\" \/><\/div>\n<div class=\"self-adaption\"><img decoding=\"async\" class=\"js-descLazyload lazy-loaded aligncenter\" title=\"Sele\u00e7\u00e3o rica de mostrador de pulseira de movimento de ox\u00edmetro Huawei 4Pro\" src=\"\/wp-content\/uploads\/replace\/055c437d1923b81ff18fc86f67d68cbe.jpeg\" alt=\"Huawei Band 4 Pro\" width=\"1000\" height=\"532\" data-lazy=\"\/wp-content\/uploads\/replace\/055c437d1923b81ff18fc86f67d68cbe.jpeg\" data-was-processed=\"true\" \/><\/div>\n<div class=\"self-adaption\"><img loading=\"lazy\" decoding=\"async\" class=\"js-descLazyload lazy-loaded aligncenter\" title=\"Pulseira de movimento ox\u00edmetro Huawei 4Pro com detec\u00e7\u00e3o inteligente de ritmo card\u00edaco, gerenciamento independente da sa\u00fade card\u00edaca\" src=\"\/wp-content\/uploads\/replace\/3ead523c035b834b2a0adf1a79166946.jpeg\" alt=\"Huawei Band 4 Pro\" width=\"1000\" height=\"600\" data-lazy=\"\/wp-content\/uploads\/replace\/3ead523c035b834b2a0adf1a79166946.jpeg\" data-was-processed=\"true\" \/><\/div>\n<div class=\"self-adaption\"><img loading=\"lazy\" decoding=\"async\" class=\"js-descLazyload lazy-loaded aligncenter\" title=\"Pulseira de movimento ox\u00edmetro Huawei 4Pro An\u00e1lise cient\u00edfica das condi\u00e7\u00f5es de sono para ajud\u00e1-lo a adormecer\" src=\"\/wp-content\/uploads\/replace\/b815379230f60c03de017a5c0dccdab5.jpeg\" alt=\"Huawei Band 4 Pro\" width=\"1000\" height=\"566\" data-lazy=\"\/wp-content\/uploads\/replace\/b815379230f60c03de017a5c0dccdab5.jpeg\" data-was-processed=\"true\" \/><\/div>\n<div class=\"self-adaption\"><img loading=\"lazy\" decoding=\"async\" class=\"js-descLazyload lazy-loaded aligncenter\" title=\"Pulseira de movimento de ox\u00edmetro Huawei 4Pro com GPS independente, registre sua trilha de movimento\" src=\"\/wp-content\/uploads\/replace\/375fd46440497ce1823751fb82e9420b.jpeg\" alt=\"Huawei Band 4 Pro\" width=\"1000\" height=\"554\" data-lazy=\"\/wp-content\/uploads\/replace\/375fd46440497ce1823751fb82e9420b.jpeg\" data-was-processed=\"true\" \/><\/div>\n<div class=\"self-adaption\"><img loading=\"lazy\" decoding=\"async\" class=\"js-descLazyload lazy-loaded aligncenter\" title=\"Pulseira de movimento ox\u00edmetro Huawei 4Pro 11 modos esportivos\" src=\"\/wp-content\/uploads\/replace\/39252f37a2f63160bd771c76ed9c3893.jpeg\" alt=\"Huawei Band 4 Pro\" width=\"1000\" height=\"507\" data-lazy=\"\/wp-content\/uploads\/replace\/39252f37a2f63160bd771c76ed9c3893.jpeg\" data-was-processed=\"true\" \/><\/div>\n<div class=\"self-adaption\"><img loading=\"lazy\" decoding=\"async\" class=\"js-descLazyload lazy-loaded aligncenter\" title=\"Huawei 4Pro Oximeter Motion Bracelet Dados esportivos profissionais, permitem que voc\u00ea entenda mais o exerc\u00edcio\" src=\"\/wp-content\/uploads\/replace\/9b3bb035ebb7dd4096cbc40ab666552b.jpeg\" alt=\"Huawei Band 4 Pro\" width=\"1000\" height=\"599\" data-lazy=\"\/wp-content\/uploads\/replace\/9b3bb035ebb7dd4096cbc40ab666552b.jpeg\" data-was-processed=\"true\" \/><\/div>\n<div class=\"self-adaption\"><img loading=\"lazy\" decoding=\"async\" class=\"js-descLazyload lazy-loaded aligncenter\" title=\"Huawei 4Pro Oximeter Motion Bracelet Tr\u00e1fego eficiente, basta tocar na pulseira\" src=\"\/wp-content\/uploads\/replace\/818c62f9c3f3ed56ab962bad779b3d39.jpeg\" alt=\"Huawei Band 4 Pro\" width=\"1000\" height=\"609\" data-lazy=\"\/wp-content\/uploads\/replace\/818c62f9c3f3ed56ab962bad779b3d39.jpeg\" data-was-processed=\"true\" \/><\/div>\n<div class=\"self-adaption\"><img loading=\"lazy\" decoding=\"async\" class=\"js-descLazyload lazy-loaded aligncenter\" title=\"Pulseira de movimento ox\u00edmetro Huawei 4Pro Smart Life, ao seu alcance\" src=\"\/wp-content\/uploads\/replace\/37af2b4b476c5a012fb84d716b7c5c3f.jpeg\" alt=\"Huawei Band 4 Pro\" width=\"1000\" height=\"592\" data-lazy=\"\/wp-content\/uploads\/replace\/37af2b4b476c5a012fb84d716b7c5c3f.jpeg\" data-was-processed=\"true\" \/><\/div>\n<h4 class=\"expand_en_name\">Especifica\u00e7\u00e3o<\/h4>\n<div class=\"product_pz_info product_pz_style2\">\n<table>\n<tbody>\n<tr>\n<th>Em geral<\/th>\n<td>Marca: HUAWEI<br \/>\nN\u00famero do modelo: 4 Pro<br \/>\nVers\u00e3o Bluetooth: Bluetooth 4.2<br \/>\n\u00c0 prova d&#039;\u00e1gua\/resistente \u00e0 \u00e1gua: sim<br \/>\nClassifica\u00e7\u00e3o \u00e0 prova d&#039;\u00e1gua: 5ATM<br \/>\nL\u00edngua inglesa<\/td>\n<\/tr>\n<tr>\n<th>Bateria<\/th>\n<td>Capacidade da bateria: 100mAh<\/td>\n<\/tr>\n<tr>\n<th>Discagem e banda<\/th>\n<td>Material da caixa: ABS<br \/>\nMaterial da pulseira: Silicone<\/td>\n<\/tr>\n<tr>\n<th>Dimens\u00f5es e peso<\/th>\n<td>Peso do produto: 0,0600 kg<br \/>\nPeso do pacote: 0,0800 kg<br \/>\nTamanho do pacote (C x L x A): 16,00 x 10,00 x 5,00 cm \/ 6,3 x 3,94 x 1,97 polegadas<\/td>\n<\/tr>\n<tr>\n<th>conte\u00fado do pacote<\/th>\n<td>Conte\u00fado do pacote: 1 x pulseira, 1 x base de carregamento, 1 x cabo de carregamento, 1 x in\u00edcio r\u00e1pido e informa\u00e7\u00f5es de seguran\u00e7a<\/td>\n<\/tr>\n<\/tbody>\n<\/table>\n<\/div>","protected":false},"excerpt":{"rendered":"<p><strong><b>Principais caracter\u00edsticas:<\/b><\/strong><\/p>\n<ul>\n<li><b><\/b>Tela sens\u00edvel ao toque completa, cheia de divers\u00e3o<\/li>\n<li>Sele\u00e7\u00e3o de discagem avan\u00e7ada<\/li>\n<li>An\u00e1lise cient\u00edfica das condi\u00e7\u00f5es do sono para ajud\u00e1-lo a adormecer<\/li>\n<li>GPS independente, registre sua trilha de movimento<\/li>\n<li>11 modos esportivos<\/li>\n<li>Dados esportivos profissionais permitem que voc\u00ea entenda melhor o exerc\u00edcio<\/li>\n<li>Tr\u00e1fego eficiente, basta tocar na pulseira<\/li>\n<\/ul>","protected":false},"featured_media":24055,"template":"","meta":[],"product_brand":[],"product_cat":[1345,1322],"product_tag":[988],"class_list":{"0":"post-23952","1":"product","2":"type-product","3":"status-publish","4":"has-post-thumbnail","6":"product_cat-huawei-other-a-brands","7":"product_cat-other-a-brands","8":"product_tag-huawei-band-4","10":"first","11":"instock","12":"shipping-taxable","13":"product-type-external"},"aioseo_notices":[],"aioseo_head":"\n\t\t<!-- All in One SEO Pro 4.5.9.2 - aioseo.com -->\n\t\t<meta name=\"description\" content=\"Main Features: Full Touchscreen, Full of Fun Rich Dial Selection Scientific Analysis of Sleep Conditions to Help You Fall Asleep Independent GPS, Record Your Movement Track 11 Sport Modes Professional Sports Data, Let You Understand Exercise More Efficient Traffic, Just Touch The Bracelet\" \/>\n\t\t<meta name=\"robots\" content=\"max-image-preview:large\" \/>\n\t\t<link rel=\"canonical\" href=\"https:\/\/www.rucashk.com\/pt\/produto\/huawei-band-4-pro-wholesale\/\" \/>\n\t\t<meta name=\"generator\" content=\"All in One SEO Pro (AIOSEO) 4.5.9.2\" \/>\n\t\t<meta property=\"og:locale\" content=\"pt_PT\" \/>\n\t\t<meta property=\"og:site_name\" content=\"Rucas - One-stop AIoT Distribution Worldwide\" \/>\n\t\t<meta property=\"og:type\" content=\"article\" \/>\n\t\t<meta property=\"og:title\" content=\"Huawei Band 4 Pro - Rucas - Wholesale and Distribution\" \/>\n\t\t<meta property=\"og:description\" content=\"Main Features: Full Touchscreen, Full of Fun Rich Dial Selection Scientific Analysis of Sleep Conditions to Help You Fall Asleep Independent GPS, Record Your Movement Track 11 Sport Modes Professional Sports Data, Let You Understand Exercise More Efficient Traffic, Just Touch The Bracelet\" \/>\n\t\t<meta property=\"og:url\" content=\"https:\/\/www.rucashk.com\/pt\/produto\/huawei-band-4-pro-wholesale\/\" \/>\n\t\t<meta property=\"og:image\" content=\"https:\/\/www.rucashk.com\/wp-content\/uploads\/replace\/503b8e645f128a97ccde2b6290747646.jpeg\" \/>\n\t\t<meta property=\"og:image:secure_url\" content=\"https:\/\/www.rucashk.com\/wp-content\/uploads\/replace\/503b8e645f128a97ccde2b6290747646.jpeg\" \/>\n\t\t<meta property=\"og:image:width\" content=\"1456\" \/>\n\t\t<meta property=\"og:image:height\" content=\"816\" \/>\n\t\t<meta property=\"article:published_time\" content=\"2024-01-09T15:59:22+00:00\" \/>\n\t\t<meta property=\"article:modified_time\" content=\"2024-03-11T06:40:43+00:00\" \/>\n\t\t<meta name=\"twitter:card\" content=\"summary_large_image\" \/>\n\t\t<meta name=\"twitter:title\" content=\"Huawei Band 4 Pro - Rucas - Wholesale and Distribution\" \/>\n\t\t<meta name=\"twitter:description\" content=\"Main Features: Full Touchscreen, Full of Fun Rich Dial Selection Scientific Analysis of Sleep Conditions to Help You Fall Asleep Independent GPS, Record Your Movement Track 11 Sport Modes Professional Sports Data, Let You Understand Exercise More Efficient Traffic, Just Touch The Bracelet\" \/>\n\t\t<meta name=\"twitter:image\" content=\"https:\/\/www.rucashk.com\/wp-content\/uploads\/replace\/503b8e645f128a97ccde2b6290747646.jpeg\" \/>\n\t\t<script type=\"application\/ld+json\" class=\"aioseo-schema\">\n\t\t\t{\"@context\":\"https:\\\/\\\/schema.org\",\"@graph\":[{\"@type\":\"BreadcrumbList\",\"@id\":\"https:\\\/\\\/www.rucashk.com\\\/pt\\\/produto\\\/huawei-band-4-pro-wholesale\\\/#breadcrumblist\",\"itemListElement\":[{\"@type\":\"ListItem\",\"@id\":\"https:\\\/\\\/www.rucashk.com\\\/pt\\\/#listItem\",\"position\":1,\"name\":\"Home\",\"item\":\"https:\\\/\\\/www.rucashk.com\\\/pt\\\/\",\"nextItem\":\"https:\\\/\\\/www.rucashk.com\\\/pt\\\/produto\\\/huawei-band-4-pro-wholesale\\\/#listItem\"},{\"@type\":\"ListItem\",\"@id\":\"https:\\\/\\\/www.rucashk.com\\\/pt\\\/produto\\\/huawei-band-4-pro-wholesale\\\/#listItem\",\"position\":2,\"name\":\"Huawei Band 4 Pro\",\"previousItem\":\"https:\\\/\\\/www.rucashk.com\\\/pt\\\/#listItem\"}]},{\"@type\":\"Organization\",\"@id\":\"https:\\\/\\\/www.rucashk.com\\\/pt\\\/#organization\",\"name\":\"Rucas\",\"url\":\"https:\\\/\\\/www.rucashk.com\\\/pt\\\/\",\"logo\":{\"@type\":\"ImageObject\",\"url\":\"https:\\\/\\\/www.rucashk.com\\\/wp-content\\\/uploads\\\/2023\\\/12\\\/Rucas_campany_logo.png\",\"@id\":\"https:\\\/\\\/www.rucashk.com\\\/pt\\\/produto\\\/huawei-band-4-pro-wholesale\\\/#organizationLogo\",\"width\":221,\"height\":65},\"image\":{\"@id\":\"https:\\\/\\\/www.rucashk.com\\\/pt\\\/#organizationLogo\"}},{\"@type\":\"Person\",\"@id\":\"https:\\\/\\\/www.rucashk.com\\\/pt\\\/author\\\/admin\\\/#author\",\"url\":\"https:\\\/\\\/www.rucashk.com\\\/pt\\\/author\\\/admin\\\/\",\"name\":\"admin\",\"image\":{\"@type\":\"ImageObject\",\"@id\":\"https:\\\/\\\/www.rucashk.com\\\/pt\\\/produto\\\/huawei-band-4-pro-wholesale\\\/#authorImage\",\"url\":\"https:\\\/\\\/secure.gravatar.com\\\/avatar\\\/b7c8925b09a27e72b30232f8ecaadbd5af0f70a38c78096863fe51b64f031c24?s=96&d=mm&r=g\",\"width\":96,\"height\":96,\"caption\":\"admin\"}},{\"@type\":\"WebPage\",\"@id\":\"https:\\\/\\\/www.rucashk.com\\\/pt\\\/produto\\\/huawei-band-4-pro-wholesale\\\/#webpage\",\"url\":\"https:\\\/\\\/www.rucashk.com\\\/pt\\\/produto\\\/huawei-band-4-pro-wholesale\\\/\",\"name\":\"Huawei Band 4 Pro - Rucas - Wholesale and Distribution\",\"description\":\"Main Features: Full Touchscreen, Full of Fun Rich Dial Selection Scientific Analysis of Sleep Conditions to Help You Fall Asleep Independent GPS, Record Your Movement Track 11 Sport Modes Professional Sports Data, Let You Understand Exercise More Efficient Traffic, Just Touch The Bracelet\",\"inLanguage\":\"pt-PT\",\"isPartOf\":{\"@id\":\"https:\\\/\\\/www.rucashk.com\\\/pt\\\/#website\"},\"breadcrumb\":{\"@id\":\"https:\\\/\\\/www.rucashk.com\\\/pt\\\/produto\\\/huawei-band-4-pro-wholesale\\\/#breadcrumblist\"},\"author\":{\"@id\":\"https:\\\/\\\/www.rucashk.com\\\/pt\\\/author\\\/admin\\\/#author\"},\"creator\":{\"@id\":\"https:\\\/\\\/www.rucashk.com\\\/pt\\\/author\\\/admin\\\/#author\"},\"image\":{\"@type\":\"ImageObject\",\"url\":\"https:\\\/\\\/www.rucashk.com\\\/wp-content\\\/uploads\\\/2024\\\/01\\\/huawei-band-4-pro-1.jpg\",\"@id\":\"https:\\\/\\\/www.rucashk.com\\\/pt\\\/produto\\\/huawei-band-4-pro-wholesale\\\/#mainImage\",\"width\":800,\"height\":800},\"primaryImageOfPage\":{\"@id\":\"https:\\\/\\\/www.rucashk.com\\\/pt\\\/produto\\\/huawei-band-4-pro-wholesale\\\/#mainImage\"},\"datePublished\":\"2024-01-09T15:59:22+00:00\",\"dateModified\":\"2024-03-11T06:40:43+00:00\"},{\"@type\":\"WebSite\",\"@id\":\"https:\\\/\\\/www.rucashk.com\\\/pt\\\/#website\",\"url\":\"https:\\\/\\\/www.rucashk.com\\\/pt\\\/\",\"name\":\"Rucas - Wholesale and distribution worldwide\",\"alternateName\":\"Rucas - One-stop AIoT Distribution Worldwide\",\"description\":\"One-stop AIoT Distribution Worldwide\",\"inLanguage\":\"pt-PT\",\"publisher\":{\"@id\":\"https:\\\/\\\/www.rucashk.com\\\/pt\\\/#organization\"}}]}\n\t\t<\/script>\n\t\t<!-- All in One SEO Pro -->\r\n\t\t<title>Huawei Band 4 Pro - Rucas - Wholesale and Distribution<\/title>\n\n","aioseo_head_json":{"title":"Huawei Band 4 Pro - Rucas - Wholesale and Distribution","description":"Main Features: Full Touchscreen, Full of Fun Rich Dial Selection Scientific Analysis of Sleep Conditions to Help You Fall Asleep Independent GPS, Record Your Movement Track 11 Sport Modes Professional Sports Data, Let You Understand Exercise More Efficient Traffic, Just Touch The Bracelet","canonical_url":"https:\/\/www.rucashk.com\/pt\/produto\/huawei-band-4-pro-wholesale\/","robots":"max-image-preview:large","keywords":"","webmasterTools":{"miscellaneous":""},"og:locale":"pt_PT","og:site_name":"Rucas - One-stop AIoT Distribution Worldwide","og:type":"article","og:title":"Huawei Band 4 Pro - Rucas - Wholesale and Distribution","og:description":"Main Features: Full Touchscreen, Full of Fun Rich Dial Selection Scientific Analysis of Sleep Conditions to Help You Fall Asleep Independent GPS, Record Your Movement Track 11 Sport Modes Professional Sports Data, Let You Understand Exercise More Efficient Traffic, Just Touch The Bracelet","og:url":"https:\/\/www.rucashk.com\/pt\/produto\/huawei-band-4-pro-wholesale\/","og:image":"https:\/\/www.rucashk.com\/wp-content\/uploads\/replace\/503b8e645f128a97ccde2b6290747646.jpeg","og:image:secure_url":"https:\/\/www.rucashk.com\/wp-content\/uploads\/replace\/503b8e645f128a97ccde2b6290747646.jpeg","og:image:width":1456,"og:image:height":816,"article:published_time":"2024-01-09T15:59:22+00:00","article:modified_time":"2024-03-11T06:40:43+00:00","twitter:card":"summary_large_image","twitter:title":"Huawei Band 4 Pro - Rucas - Wholesale and Distribution","twitter:description":"Main Features: Full Touchscreen, Full of Fun Rich Dial Selection Scientific Analysis of Sleep Conditions to Help You Fall Asleep Independent GPS, Record Your Movement Track 11 Sport Modes Professional Sports Data, Let You Understand Exercise More Efficient Traffic, Just Touch The Bracelet","twitter:image":"https:\/\/www.rucashk.com\/wp-content\/uploads\/replace\/503b8e645f128a97ccde2b6290747646.jpeg","schema":{"@context":"https:\/\/schema.org","@graph":[{"@type":"BreadcrumbList","@id":"https:\/\/www.rucashk.com\/pt\/produto\/huawei-band-4-pro-wholesale\/#breadcrumblist","itemListElement":[{"@type":"ListItem","@id":"https:\/\/www.rucashk.com\/pt\/#listItem","position":1,"name":"Home","item":"https:\/\/www.rucashk.com\/pt\/","nextItem":"https:\/\/www.rucashk.com\/pt\/produto\/huawei-band-4-pro-wholesale\/#listItem"},{"@type":"ListItem","@id":"https:\/\/www.rucashk.com\/pt\/produto\/huawei-band-4-pro-wholesale\/#listItem","position":2,"name":"Huawei Band 4 Pro","previousItem":"https:\/\/www.rucashk.com\/pt\/#listItem"}]},{"@type":"Organization","@id":"https:\/\/www.rucashk.com\/pt\/#organization","name":"Rucas","url":"https:\/\/www.rucashk.com\/pt\/","logo":{"@type":"ImageObject","url":"https:\/\/www.rucashk.com\/wp-content\/uploads\/2023\/12\/Rucas_campany_logo.png","@id":"https:\/\/www.rucashk.com\/pt\/produto\/huawei-band-4-pro-wholesale\/#organizationLogo","width":221,"height":65},"image":{"@id":"https:\/\/www.rucashk.com\/pt\/#organizationLogo"}},{"@type":"Person","@id":"https:\/\/www.rucashk.com\/pt\/author\/admin\/#author","url":"https:\/\/www.rucashk.com\/pt\/author\/admin\/","name":"admin","image":{"@type":"ImageObject","@id":"https:\/\/www.rucashk.com\/pt\/produto\/huawei-band-4-pro-wholesale\/#authorImage","url":"https:\/\/secure.gravatar.com\/avatar\/b7c8925b09a27e72b30232f8ecaadbd5af0f70a38c78096863fe51b64f031c24?s=96&d=mm&r=g","width":96,"height":96,"caption":"admin"}},{"@type":"WebPage","@id":"https:\/\/www.rucashk.com\/pt\/produto\/huawei-band-4-pro-wholesale\/#webpage","url":"https:\/\/www.rucashk.com\/pt\/produto\/huawei-band-4-pro-wholesale\/","name":"Huawei Band 4 Pro - Rucas - Wholesale and Distribution","description":"Main Features: Full Touchscreen, Full of Fun Rich Dial Selection Scientific Analysis of Sleep Conditions to Help You Fall Asleep Independent GPS, Record Your Movement Track 11 Sport Modes Professional Sports Data, Let You Understand Exercise More Efficient Traffic, Just Touch The Bracelet","inLanguage":"pt-PT","isPartOf":{"@id":"https:\/\/www.rucashk.com\/pt\/#website"},"breadcrumb":{"@id":"https:\/\/www.rucashk.com\/pt\/produto\/huawei-band-4-pro-wholesale\/#breadcrumblist"},"author":{"@id":"https:\/\/www.rucashk.com\/pt\/author\/admin\/#author"},"creator":{"@id":"https:\/\/www.rucashk.com\/pt\/author\/admin\/#author"},"image":{"@type":"ImageObject","url":"https:\/\/www.rucashk.com\/wp-content\/uploads\/2024\/01\/huawei-band-4-pro-1.jpg","@id":"https:\/\/www.rucashk.com\/pt\/produto\/huawei-band-4-pro-wholesale\/#mainImage","width":800,"height":800},"primaryImageOfPage":{"@id":"https:\/\/www.rucashk.com\/pt\/produto\/huawei-band-4-pro-wholesale\/#mainImage"},"datePublished":"2024-01-09T15:59:22+00:00","dateModified":"2024-03-11T06:40:43+00:00"},{"@type":"WebSite","@id":"https:\/\/www.rucashk.com\/pt\/#website","url":"https:\/\/www.rucashk.com\/pt\/","name":"Rucas - Wholesale and distribution worldwide","alternateName":"Rucas - One-stop AIoT Distribution Worldwide","description":"One-stop AIoT Distribution Worldwide","inLanguage":"pt-PT","publisher":{"@id":"https:\/\/www.rucashk.com\/pt\/#organization"}}]}},"aioseo_meta_data":{"post_id":"23952","title":null,"description":null,"keywords":null,"keyphrases":null,"primary_term":null,"canonical_url":null,"og_title":null,"og_description":null,"og_object_type":"default","og_image_type":"default","og_image_url":null,"og_image_width":null,"og_image_height":null,"og_image_custom_url":null,"og_image_custom_fields":null,"og_video":null,"og_custom_url":null,"og_article_section":null,"og_article_tags":null,"twitter_use_og":false,"twitter_card":"default","twitter_image_type":"default","twitter_image_url":null,"twitter_image_custom_url":null,"twitter_image_custom_fields":null,"twitter_title":null,"twitter_description":null,"schema":{"blockGraphs":[],"customGraphs":[],"default":{"data":{"Article":[],"Course":[],"Dataset":[],"FAQPage":[],"Movie":[],"Person":[],"Product":[],"Recipe":[],"Service":[],"SoftwareApplication":[],"WebPage":[]},"graphName":"","isEnabled":true},"graphs":[]},"schema_type":"default","schema_type_options":null,"pillar_content":false,"robots_default":true,"robots_noindex":false,"robots_noarchive":false,"robots_nosnippet":false,"robots_nofollow":false,"robots_noimageindex":false,"robots_noodp":false,"robots_notranslate":false,"robots_max_snippet":null,"robots_max_videopreview":null,"robots_max_imagepreview":"large","priority":null,"frequency":null,"local_seo":null,"breadcrumb_settings":null,"limit_modified_date":false,"created":"2024-04-11 01:57:07","updated":"2025-06-22 17:18:42"},"aioseo_breadcrumb":"<div class=\"aioseo-breadcrumbs\"><span class=\"aioseo-breadcrumb\">\n\t<a href=\"https:\/\/www.rucashk.com\/pt\" title=\"Home\">Home<\/a>\n<\/span><span class=\"aioseo-breadcrumb-separator\">&raquo;<\/span><span class=\"aioseo-breadcrumb\">\n\t<a href=\"https:\/\/www.rucashk.com\/pt\/products\/\" title=\"Produtos\">Produtos<\/a>\n<\/span><span class=\"aioseo-breadcrumb-separator\">&raquo;<\/span><span class=\"aioseo-breadcrumb\">\n\t<a href=\"https:\/\/www.rucashk.com\/pt\/categoria-produto\/other-a-brands\/\" title=\"Other A-Brands\">Other A-Brands<\/a>\n<\/span><span class=\"aioseo-breadcrumb-separator\">&raquo;<\/span><span class=\"aioseo-breadcrumb\">\n\t<a href=\"https:\/\/www.rucashk.com\/pt\/categoria-produto\/other-a-brands\/huawei-other-a-brands\/\" title=\"Huawei\">Huawei<\/a>\n<\/span><span class=\"aioseo-breadcrumb-separator\">&raquo;<\/span><span class=\"aioseo-breadcrumb\">\n\tHuawei Band 4 Pro\n<\/span><\/div>","aioseo_breadcrumb_json":[{"label":"Home","link":"https:\/\/www.rucashk.com\/pt"},{"label":"Produtos","link":"https:\/\/www.rucashk.com\/pt\/products\/"},{"label":"Other A-Brands","link":"https:\/\/www.rucashk.com\/pt\/categoria-produto\/other-a-brands\/"},{"label":"Huawei","link":"https:\/\/www.rucashk.com\/pt\/categoria-produto\/other-a-brands\/huawei-other-a-brands\/"},{"label":"Huawei Band 4 Pro","link":"https:\/\/www.rucashk.com\/pt\/produto\/huawei-band-4-pro-wholesale\/"}],"_links":{"self":[{"href":"https:\/\/www.rucashk.com\/pt\/wp-json\/wp\/v2\/product\/23952","targetHints":{"allow":["GET"]}}],"collection":[{"href":"https:\/\/www.rucashk.com\/pt\/wp-json\/wp\/v2\/product"}],"about":[{"href":"https:\/\/www.rucashk.com\/pt\/wp-json\/wp\/v2\/types\/product"}],"wp:featuredmedia":[{"embeddable":true,"href":"https:\/\/www.rucashk.com\/pt\/wp-json\/wp\/v2\/media\/24055"}],"wp:attachment":[{"href":"https:\/\/www.rucashk.com\/pt\/wp-json\/wp\/v2\/media?parent=23952"}],"wp:term":[{"taxonomy":"product_brand","embeddable":true,"href":"https:\/\/www.rucashk.com\/pt\/wp-json\/wp\/v2\/product_brand?post=23952"},{"taxonomy":"product_cat","embeddable":true,"href":"https:\/\/www.rucashk.com\/pt\/wp-json\/wp\/v2\/product_cat?post=23952"},{"taxonomy":"product_tag","embeddable":true,"href":"https:\/\/www.rucashk.com\/pt\/wp-json\/wp\/v2\/product_tag?post=23952"}],"curies":[{"name":"wp","href":"https:\/\/api.w.org\/{rel}","templated":true}]}}