{"id":23950,"date":"2024-01-09T15:59:22","date_gmt":"2024-01-09T15:59:22","guid":{"rendered":"http:\/\/rucashk.com\/?post_type=product&#038;p=23950"},"modified":"2024-01-21T08:33:24","modified_gmt":"2024-01-21T08:33:24","slug":"70mai-dash-cam-lite-wholesale","status":"publish","type":"product","link":"https:\/\/www.rucashk.com\/pt\/produto\/70mai-dash-cam-lite-wholesale\/","title":{"rendered":"70mai Dash Cam Lite atacado"},"content":{"rendered":"<p>&nbsp;<\/p>\n<p><img fetchpriority=\"high\" decoding=\"async\" class=\"aligncenter\" title=\"xiaomi 70mai midrive d08 tra\u00e7o cam lite\" src=\"https:\/\/www.rucashk.com\/wp-content\/uploads\/2020\/07\/Xiaomi-70mai-Midrive-D08-Dash-Cam-1.jpg\" alt=\"70mai\u00a0Dash Cam Lite\" width=\"820\" height=\"820\" \/><\/p>\n<p><img decoding=\"async\" class=\"aligncenter\" title=\"novo xiaomi 70mai midrive d08 tra\u00e7o cam lite\" src=\"https:\/\/www.rucashk.com\/wp-content\/uploads\/2020\/07\/Xiaomi-70mai-Midrive-D08-Dash-Cam-2.jpg\" alt=\"70mai\u00a0Dash Cam Lite\" width=\"960\" height=\"545\" \/><\/p>\n<p><img decoding=\"async\" class=\"aligncenter\" title=\"comprar xiaomi 70mai midrive d08 dash cam lite\" src=\"https:\/\/www.rucashk.com\/wp-content\/uploads\/2020\/07\/Xiaomi-70mai-Midrive-D08-Dash-Cam-3.jpg\" alt=\"70mai\u00a0Dash Cam Lite\" width=\"1000\" height=\"717\" \/><\/p>\n<p><img loading=\"lazy\" decoding=\"async\" class=\"aligncenter\" title=\"2019 xiaomi 70mai midrive d08 dash cam lite\" src=\"https:\/\/www.rucashk.com\/wp-content\/uploads\/2020\/07\/Xiaomi-70mai-Midrive-D08-Dash-Cam-4.jpg\" alt=\"70mai\u00a0Dash Cam Lite\" width=\"960\" height=\"902\" \/><\/p>\n<p><img loading=\"lazy\" decoding=\"async\" class=\"aligncenter\" title=\"Xiaomi 70mai midrive d08 dash cam lite \u00e0 venda\" src=\"https:\/\/www.rucashk.com\/wp-content\/uploads\/2020\/07\/Xiaomi-70mai-Midrive-D08-Dash-Cam-5.jpg\" alt=\"70mai\u00a0Dash Cam Lite\" width=\"1000\" height=\"640\" \/><\/p>\n<p><img loading=\"lazy\" decoding=\"async\" class=\"aligncenter\" title=\"xiaomi 70mai midrive d08 tra\u00e7o cam lite 2019\" src=\"https:\/\/www.rucashk.com\/wp-content\/uploads\/2020\/07\/Xiaomi-70mai-Midrive-D08-Dash-Cam-6.jpg\" alt=\"70mai\u00a0Dash Cam Lite\" width=\"930\" height=\"951\" \/><\/p>\n<p><img loading=\"lazy\" decoding=\"async\" class=\"aligncenter\" title=\"Xiaomi 70mai midrive d08 tra\u00e7o cam lite carro dvr\" src=\"https:\/\/www.rucashk.com\/wp-content\/uploads\/2020\/07\/Xiaomi-70mai-Midrive-D08-Dash-Cam-7.jpg\" alt=\"70mai\u00a0Dash Cam Lite\" width=\"823\" height=\"519\" \/><\/p>\n<p><img loading=\"lazy\" decoding=\"async\" class=\"aligncenter\" title=\"novo xiaomi 70mai midrive d08 tra\u00e7o cam lite carro dvr\" src=\"https:\/\/www.rucashk.com\/wp-content\/uploads\/2020\/07\/Xiaomi-70mai-Midrive-D08-Dash-Cam-8.jpg\" alt=\"70mai\u00a0Dash Cam Lite\" width=\"823\" height=\"447\" \/><\/p>\n<p><img loading=\"lazy\" decoding=\"async\" class=\"aligncenter\" title=\"comprar xiaomi 70mai midrive d08 dash cam lite carro dvr\" src=\"https:\/\/www.rucashk.com\/wp-content\/uploads\/2020\/07\/Xiaomi-70mai-Midrive-D08-Dash-Cam-9.jpg\" alt=\"70mai\u00a0Dash Cam Lite\" width=\"822\" height=\"779\" \/><\/p>\n<p><img loading=\"lazy\" decoding=\"async\" class=\"aligncenter\" title=\"2019 xiaomi 70mai midrive d08 tra\u00e7o cam lite carro dvr\" src=\"https:\/\/www.rucashk.com\/wp-content\/uploads\/2020\/07\/Xiaomi-70mai-Midrive-D08-Dash-Cam-10.jpg\" alt=\"70mai\u00a0Dash Cam Lite\" width=\"819\" height=\"819\" \/><\/p>\n<p><img loading=\"lazy\" decoding=\"async\" class=\"aligncenter\" title=\"pre\u00e7o do dvr do carro xiaomi 70mai midrive d08 dash cam lite\" src=\"https:\/\/www.rucashk.com\/wp-content\/uploads\/2020\/07\/Xiaomi-70mai-Midrive-D08-Dash-Cam-11.jpg\" alt=\"70mai\u00a0Dash Cam Lite\" width=\"1000\" height=\"683\" \/><\/p>\n<h3>especifica\u00e7\u00f5es do produto<\/h3>\n<table border=\"0\">\n<tbody>\n<tr>\n<td>Em geral<\/td>\n<td>Modelo:Midrive D08<\/p>\n<p>Sensor de imagem: SONY IMX307<\/p>\n<p>Resolu\u00e7\u00e3o: 1920\u00d71080<\/p>\n<p>C\u00e2mera: FOV 130\u00b0<\/p>\n<p>Conex\u00e3o sem fio: Wi-Fi IEEE 802.11 b\/g\/n\/ 2,4 GHz<\/p>\n<p>Sensor G: Sensor de acelera\u00e7\u00e3o<\/p>\n<p>Mem\u00f3ria expans\u00edvel: cart\u00e3o MicroSD com capacidade de 16 a 64 GB e velocidade de leitura\/grava\u00e7\u00e3o de Classe 10 e superior<\/p>\n<p>SO suportado: Android4.4\/iOS9.0 e superior<\/td>\n<\/tr>\n<tr>\n<td>Detalhes do produto<\/td>\n<td>Fonte de alimenta\u00e7\u00e3o: isqueiro do carro<\/p>\n<p>Tipo de bateria: bateria de pol\u00edmero de l\u00edtio<\/p>\n<p>Capacidade da bateria: 500mAh<\/p>\n<p>Entrada: 5V\u20141,5A<\/p>\n<p>Temperatura operacional: -10\u00b0C ~ 60\u00b0C<\/p>\n<p>Dimens\u00f5es: 82 \u00d7 58,2 \u00d7 40,5 mm<\/td>\n<\/tr>\n<\/tbody>\n<\/table>\n<p>&nbsp;<\/p>\n<h3>conte\u00fado do pacote<\/h3>\n<p>1 X 70mai Dash Cam Lite<\/p>\n<p>1 cabo USB<\/p>\n<p>1 X adaptador de energia<\/p>\n<p>1 x adesivo eletrost\u00e1tico<\/p>\n<p>1 x adesivo resistente ao calor<\/p>\n<p>1 X cabo p\u00e9-de-cabra<\/p>\n<p>1 x suporte de montagem<\/p>\n<p>1 manual do usu\u00e1rio<\/p>\n<p>&nbsp;<\/p>\n<h3>Detalhes de embalagem<\/h3>\n<p>Peso do pacote: 0,3 kg (0,661 lb)<\/p>\n<p>Tamanho do pacote: 8 x 8 x 10 cm (3,15 x 3,15 x 3,94 polegadas)<\/p>\n<p>&nbsp;<\/p>\n<h3>caracter\u00edsticas do produto<\/h3>\n<p>\u25cf Monitor 24 horas sempre ligado Prote\u00e7\u00e3o do carro.<\/p>\n<p>\u25cf 1944P Super Alta Defini\u00e7\u00e3o, 5 megapixels,<\/p>\n<p>\u25cf Com algoritmo DeFog<\/p>\n<p>\u25cf Mini design de \u00faltima gera\u00e7\u00e3o atr\u00e1s do espelho<\/p>\n<p>\u25cf Aplicativo ativado<\/p>\n<p>&nbsp;<\/p>\n<h3>Fun\u00e7\u00f5es adicionais com GPS:<\/h3>\n<h4>\u25cf Equipe seu carro com sistema avan\u00e7ado de assist\u00eancia ao motorista (ADAS)<\/h4>\n<p>ADAS, um recurso de seguran\u00e7a moderno e altamente sofisticado projetado para aumentar a seguran\u00e7a ao dirigir, fornece avisos de sa\u00edda de faixa e colis\u00e3o frontal, retifica a dire\u00e7\u00e3o e auxilia os motoristas.<\/p>\n<p>Al\u00e9m da fun\u00e7\u00e3o b\u00e1sica do dash cam, o 70mai dash cam pro garantir\u00e1 uma dire\u00e7\u00e3o mais segura monitorando o ambiente de tr\u00e1fego sincronizado<\/p>\n<h4>\u25cf LDWS (Sistema de aviso de sa\u00edda de faixa)<\/h4>\n<p>O alerta de voz em tempo real mant\u00e9m voc\u00ea longe de distra\u00e7\u00f5es ao dirigir e fornece sugest\u00f5es de rotas passo a passo diretamente na sua linha de vis\u00e3o.<\/p>\n<h4>\u25cf FCWS (Sistema de Alerta de Colis\u00e3o Frontal)<\/h4>\n<p>O FCWS ajuda os condutores a manter uma dist\u00e2ncia segura entre os ve\u00edculos, bem como a prevenir e reduzir eficazmente colis\u00f5es traseiras e les\u00f5es associadas, especialmente para condutores com longa fadiga, engarrafamentos ou novatos.<\/p>\n<p>&nbsp;<\/p>","protected":false},"excerpt":{"rendered":"<h5>\u25cf C\u00e2mera de painel ultra HD 1080P para v\u00eddeos de alta qualidade<\/h5>\n<h5>\u25cf Sensor avan\u00e7ado SONY IMX 307 para v\u00eddeo n\u00edtido em condi\u00e7\u00f5es de pouca luz<\/h5>\n<h5>\u25cf Monitor de estacionamento protege seu carro o tempo todo<\/h5>\n<h5>\u25cf Conex\u00e3o Wi-Fi para obter imagens facilmente<\/h5>\n<h5>\u25cf C\u00e2mera oculta no painel para economizar espa\u00e7o<\/h5>","protected":false},"featured_media":24047,"template":"","meta":[],"product_brand":[],"product_cat":[1289,1288],"product_tag":[986],"class_list":{"0":"post-23950","1":"product","2":"type-product","3":"status-publish","4":"has-post-thumbnail","6":"product_cat-dash-camera","7":"product_cat-e-vehicle-accessories","8":"product_tag-70mai-dash-cam-lite","10":"first","11":"instock","12":"shipping-taxable","13":"product-type-external"},"aioseo_notices":[],"aioseo_head":"\n\t\t<!-- All in One SEO Pro 4.5.9.2 - aioseo.com -->\n\t\t<meta name=\"description\" content=\"\u25cf 1080P ultra HD dash cam for high-quality videos \u25cf Advanced SONY IMX 307 Sensor for clear low-light video \u25cf Parking monitor protect your car all the time \u25cf WiFi connection to get footage easily \u25cf Hidden dash camera to save space\" \/>\n\t\t<meta name=\"robots\" content=\"max-image-preview:large\" \/>\n\t\t<link rel=\"canonical\" href=\"https:\/\/www.rucashk.com\/pt\/produto\/70mai-dash-cam-lite-wholesale\/\" \/>\n\t\t<meta name=\"generator\" content=\"All in One SEO Pro (AIOSEO) 4.5.9.2\" \/>\n\t\t<meta property=\"og:locale\" content=\"pt_PT\" \/>\n\t\t<meta property=\"og:site_name\" content=\"Rucas - One-stop AIoT Distribution Worldwide\" \/>\n\t\t<meta property=\"og:type\" content=\"article\" \/>\n\t\t<meta property=\"og:title\" content=\"70mai Dash Cam Lite Wholesale - Rucas - Wholesale and Distribution\" \/>\n\t\t<meta property=\"og:description\" content=\"\u25cf 1080P ultra HD dash cam for high-quality videos \u25cf Advanced SONY IMX 307 Sensor for clear low-light video \u25cf Parking monitor protect your car all the time \u25cf WiFi connection to get footage easily \u25cf Hidden dash camera to save space\" \/>\n\t\t<meta property=\"og:url\" content=\"https:\/\/www.rucashk.com\/pt\/produto\/70mai-dash-cam-lite-wholesale\/\" \/>\n\t\t<meta property=\"og:image\" content=\"https:\/\/www.rucashk.com\/wp-content\/uploads\/replace\/503b8e645f128a97ccde2b6290747646.jpeg\" \/>\n\t\t<meta property=\"og:image:secure_url\" content=\"https:\/\/www.rucashk.com\/wp-content\/uploads\/replace\/503b8e645f128a97ccde2b6290747646.jpeg\" \/>\n\t\t<meta property=\"og:image:width\" content=\"1456\" \/>\n\t\t<meta property=\"og:image:height\" content=\"816\" \/>\n\t\t<meta property=\"article:published_time\" content=\"2024-01-09T15:59:22+00:00\" \/>\n\t\t<meta property=\"article:modified_time\" content=\"2024-01-21T08:33:24+00:00\" \/>\n\t\t<meta name=\"twitter:card\" content=\"summary_large_image\" \/>\n\t\t<meta name=\"twitter:title\" content=\"70mai Dash Cam Lite Wholesale - Rucas - Wholesale and Distribution\" \/>\n\t\t<meta name=\"twitter:description\" content=\"\u25cf 1080P ultra HD dash cam for high-quality videos \u25cf Advanced SONY IMX 307 Sensor for clear low-light video \u25cf Parking monitor protect your car all the time \u25cf WiFi connection to get footage easily \u25cf Hidden dash camera to save space\" \/>\n\t\t<meta name=\"twitter:image\" content=\"https:\/\/www.rucashk.com\/wp-content\/uploads\/replace\/503b8e645f128a97ccde2b6290747646.jpeg\" \/>\n\t\t<script type=\"application\/ld+json\" class=\"aioseo-schema\">\n\t\t\t{\"@context\":\"https:\\\/\\\/schema.org\",\"@graph\":[{\"@type\":\"BreadcrumbList\",\"@id\":\"https:\\\/\\\/www.rucashk.com\\\/pt\\\/produto\\\/70mai-dash-cam-lite-wholesale\\\/#breadcrumblist\",\"itemListElement\":[{\"@type\":\"ListItem\",\"@id\":\"https:\\\/\\\/www.rucashk.com\\\/pt\\\/#listItem\",\"position\":1,\"name\":\"Home\",\"item\":\"https:\\\/\\\/www.rucashk.com\\\/pt\\\/\",\"nextItem\":\"https:\\\/\\\/www.rucashk.com\\\/pt\\\/produto\\\/70mai-dash-cam-lite-wholesale\\\/#listItem\"},{\"@type\":\"ListItem\",\"@id\":\"https:\\\/\\\/www.rucashk.com\\\/pt\\\/produto\\\/70mai-dash-cam-lite-wholesale\\\/#listItem\",\"position\":2,\"name\":\"70mai\\u00a0Dash Cam Lite Wholesale\",\"previousItem\":\"https:\\\/\\\/www.rucashk.com\\\/pt\\\/#listItem\"}]},{\"@type\":\"Organization\",\"@id\":\"https:\\\/\\\/www.rucashk.com\\\/pt\\\/#organization\",\"name\":\"Rucas\",\"url\":\"https:\\\/\\\/www.rucashk.com\\\/pt\\\/\",\"logo\":{\"@type\":\"ImageObject\",\"url\":\"https:\\\/\\\/www.rucashk.com\\\/wp-content\\\/uploads\\\/2023\\\/12\\\/Rucas_campany_logo.png\",\"@id\":\"https:\\\/\\\/www.rucashk.com\\\/pt\\\/produto\\\/70mai-dash-cam-lite-wholesale\\\/#organizationLogo\",\"width\":221,\"height\":65},\"image\":{\"@id\":\"https:\\\/\\\/www.rucashk.com\\\/pt\\\/#organizationLogo\"}},{\"@type\":\"Person\",\"@id\":\"https:\\\/\\\/www.rucashk.com\\\/pt\\\/author\\\/admin\\\/#author\",\"url\":\"https:\\\/\\\/www.rucashk.com\\\/pt\\\/author\\\/admin\\\/\",\"name\":\"admin\",\"image\":{\"@type\":\"ImageObject\",\"@id\":\"https:\\\/\\\/www.rucashk.com\\\/pt\\\/produto\\\/70mai-dash-cam-lite-wholesale\\\/#authorImage\",\"url\":\"https:\\\/\\\/secure.gravatar.com\\\/avatar\\\/b7c8925b09a27e72b30232f8ecaadbd5af0f70a38c78096863fe51b64f031c24?s=96&d=mm&r=g\",\"width\":96,\"height\":96,\"caption\":\"admin\"}},{\"@type\":\"WebPage\",\"@id\":\"https:\\\/\\\/www.rucashk.com\\\/pt\\\/produto\\\/70mai-dash-cam-lite-wholesale\\\/#webpage\",\"url\":\"https:\\\/\\\/www.rucashk.com\\\/pt\\\/produto\\\/70mai-dash-cam-lite-wholesale\\\/\",\"name\":\"70mai Dash Cam Lite Wholesale - Rucas - Wholesale and Distribution\",\"description\":\"\\u25cf 1080P ultra HD dash cam for high-quality videos \\u25cf Advanced SONY IMX 307 Sensor for clear low-light video \\u25cf Parking monitor protect your car all the time \\u25cf WiFi connection to get footage easily \\u25cf Hidden dash camera to save space\",\"inLanguage\":\"pt-PT\",\"isPartOf\":{\"@id\":\"https:\\\/\\\/www.rucashk.com\\\/pt\\\/#website\"},\"breadcrumb\":{\"@id\":\"https:\\\/\\\/www.rucashk.com\\\/pt\\\/produto\\\/70mai-dash-cam-lite-wholesale\\\/#breadcrumblist\"},\"author\":{\"@id\":\"https:\\\/\\\/www.rucashk.com\\\/pt\\\/author\\\/admin\\\/#author\"},\"creator\":{\"@id\":\"https:\\\/\\\/www.rucashk.com\\\/pt\\\/author\\\/admin\\\/#author\"},\"image\":{\"@type\":\"ImageObject\",\"url\":\"https:\\\/\\\/www.rucashk.com\\\/wp-content\\\/uploads\\\/2024\\\/01\\\/\\u5fae\\u4fe1\\u56fe\\u7247_20200708142500_\\u526f\\u672c.jpg\",\"@id\":\"https:\\\/\\\/www.rucashk.com\\\/pt\\\/produto\\\/70mai-dash-cam-lite-wholesale\\\/#mainImage\",\"width\":800,\"height\":800},\"primaryImageOfPage\":{\"@id\":\"https:\\\/\\\/www.rucashk.com\\\/pt\\\/produto\\\/70mai-dash-cam-lite-wholesale\\\/#mainImage\"},\"datePublished\":\"2024-01-09T15:59:22+00:00\",\"dateModified\":\"2024-01-21T08:33:24+00:00\"},{\"@type\":\"WebSite\",\"@id\":\"https:\\\/\\\/www.rucashk.com\\\/pt\\\/#website\",\"url\":\"https:\\\/\\\/www.rucashk.com\\\/pt\\\/\",\"name\":\"Rucas - Wholesale and distribution worldwide\",\"alternateName\":\"Rucas - One-stop AIoT Distribution Worldwide\",\"description\":\"One-stop AIoT Distribution Worldwide\",\"inLanguage\":\"pt-PT\",\"publisher\":{\"@id\":\"https:\\\/\\\/www.rucashk.com\\\/pt\\\/#organization\"}}]}\n\t\t<\/script>\n\t\t<!-- All in One SEO Pro -->\r\n\t\t<title>70mai Dash Cam Lite Wholesale - Rucas - Wholesale and Distribution<\/title>\n\n","aioseo_head_json":{"title":"70mai Dash Cam Lite Wholesale - Rucas - Wholesale and Distribution","description":"\u25cf 1080P ultra HD dash cam for high-quality videos \u25cf Advanced SONY IMX 307 Sensor for clear low-light video \u25cf Parking monitor protect your car all the time \u25cf WiFi connection to get footage easily \u25cf Hidden dash camera to save space","canonical_url":"https:\/\/www.rucashk.com\/pt\/produto\/70mai-dash-cam-lite-wholesale\/","robots":"max-image-preview:large","keywords":"","webmasterTools":{"miscellaneous":""},"og:locale":"pt_PT","og:site_name":"Rucas - One-stop AIoT Distribution Worldwide","og:type":"article","og:title":"70mai Dash Cam Lite Wholesale - Rucas - Wholesale and Distribution","og:description":"\u25cf 1080P ultra HD dash cam for high-quality videos \u25cf Advanced SONY IMX 307 Sensor for clear low-light video \u25cf Parking monitor protect your car all the time \u25cf WiFi connection to get footage easily \u25cf Hidden dash camera to save space","og:url":"https:\/\/www.rucashk.com\/pt\/produto\/70mai-dash-cam-lite-wholesale\/","og:image":"https:\/\/www.rucashk.com\/wp-content\/uploads\/replace\/503b8e645f128a97ccde2b6290747646.jpeg","og:image:secure_url":"https:\/\/www.rucashk.com\/wp-content\/uploads\/replace\/503b8e645f128a97ccde2b6290747646.jpeg","og:image:width":1456,"og:image:height":816,"article:published_time":"2024-01-09T15:59:22+00:00","article:modified_time":"2024-01-21T08:33:24+00:00","twitter:card":"summary_large_image","twitter:title":"70mai Dash Cam Lite Wholesale - Rucas - Wholesale and Distribution","twitter:description":"\u25cf 1080P ultra HD dash cam for high-quality videos \u25cf Advanced SONY IMX 307 Sensor for clear low-light video \u25cf Parking monitor protect your car all the time \u25cf WiFi connection to get footage easily \u25cf Hidden dash camera to save space","twitter:image":"https:\/\/www.rucashk.com\/wp-content\/uploads\/replace\/503b8e645f128a97ccde2b6290747646.jpeg","schema":{"@context":"https:\/\/schema.org","@graph":[{"@type":"BreadcrumbList","@id":"https:\/\/www.rucashk.com\/pt\/produto\/70mai-dash-cam-lite-wholesale\/#breadcrumblist","itemListElement":[{"@type":"ListItem","@id":"https:\/\/www.rucashk.com\/pt\/#listItem","position":1,"name":"Home","item":"https:\/\/www.rucashk.com\/pt\/","nextItem":"https:\/\/www.rucashk.com\/pt\/produto\/70mai-dash-cam-lite-wholesale\/#listItem"},{"@type":"ListItem","@id":"https:\/\/www.rucashk.com\/pt\/produto\/70mai-dash-cam-lite-wholesale\/#listItem","position":2,"name":"70mai\u00a0Dash Cam Lite Wholesale","previousItem":"https:\/\/www.rucashk.com\/pt\/#listItem"}]},{"@type":"Organization","@id":"https:\/\/www.rucashk.com\/pt\/#organization","name":"Rucas","url":"https:\/\/www.rucashk.com\/pt\/","logo":{"@type":"ImageObject","url":"https:\/\/www.rucashk.com\/wp-content\/uploads\/2023\/12\/Rucas_campany_logo.png","@id":"https:\/\/www.rucashk.com\/pt\/produto\/70mai-dash-cam-lite-wholesale\/#organizationLogo","width":221,"height":65},"image":{"@id":"https:\/\/www.rucashk.com\/pt\/#organizationLogo"}},{"@type":"Person","@id":"https:\/\/www.rucashk.com\/pt\/author\/admin\/#author","url":"https:\/\/www.rucashk.com\/pt\/author\/admin\/","name":"admin","image":{"@type":"ImageObject","@id":"https:\/\/www.rucashk.com\/pt\/produto\/70mai-dash-cam-lite-wholesale\/#authorImage","url":"https:\/\/secure.gravatar.com\/avatar\/b7c8925b09a27e72b30232f8ecaadbd5af0f70a38c78096863fe51b64f031c24?s=96&d=mm&r=g","width":96,"height":96,"caption":"admin"}},{"@type":"WebPage","@id":"https:\/\/www.rucashk.com\/pt\/produto\/70mai-dash-cam-lite-wholesale\/#webpage","url":"https:\/\/www.rucashk.com\/pt\/produto\/70mai-dash-cam-lite-wholesale\/","name":"70mai Dash Cam Lite Wholesale - Rucas - Wholesale and Distribution","description":"\u25cf 1080P ultra HD dash cam for high-quality videos \u25cf Advanced SONY IMX 307 Sensor for clear low-light video \u25cf Parking monitor protect your car all the time \u25cf WiFi connection to get footage easily \u25cf Hidden dash camera to save space","inLanguage":"pt-PT","isPartOf":{"@id":"https:\/\/www.rucashk.com\/pt\/#website"},"breadcrumb":{"@id":"https:\/\/www.rucashk.com\/pt\/produto\/70mai-dash-cam-lite-wholesale\/#breadcrumblist"},"author":{"@id":"https:\/\/www.rucashk.com\/pt\/author\/admin\/#author"},"creator":{"@id":"https:\/\/www.rucashk.com\/pt\/author\/admin\/#author"},"image":{"@type":"ImageObject","url":"https:\/\/www.rucashk.com\/wp-content\/uploads\/2024\/01\/\u5fae\u4fe1\u56fe\u7247_20200708142500_\u526f\u672c.jpg","@id":"https:\/\/www.rucashk.com\/pt\/produto\/70mai-dash-cam-lite-wholesale\/#mainImage","width":800,"height":800},"primaryImageOfPage":{"@id":"https:\/\/www.rucashk.com\/pt\/produto\/70mai-dash-cam-lite-wholesale\/#mainImage"},"datePublished":"2024-01-09T15:59:22+00:00","dateModified":"2024-01-21T08:33:24+00:00"},{"@type":"WebSite","@id":"https:\/\/www.rucashk.com\/pt\/#website","url":"https:\/\/www.rucashk.com\/pt\/","name":"Rucas - Wholesale and distribution worldwide","alternateName":"Rucas - One-stop AIoT Distribution Worldwide","description":"One-stop AIoT Distribution Worldwide","inLanguage":"pt-PT","publisher":{"@id":"https:\/\/www.rucashk.com\/pt\/#organization"}}]}},"aioseo_meta_data":{"post_id":"23950","title":null,"description":null,"keywords":null,"keyphrases":null,"primary_term":null,"canonical_url":null,"og_title":null,"og_description":null,"og_object_type":"default","og_image_type":"default","og_image_url":null,"og_image_width":null,"og_image_height":null,"og_image_custom_url":null,"og_image_custom_fields":null,"og_video":null,"og_custom_url":null,"og_article_section":null,"og_article_tags":null,"twitter_use_og":false,"twitter_card":"default","twitter_image_type":"default","twitter_image_url":null,"twitter_image_custom_url":null,"twitter_image_custom_fields":null,"twitter_title":null,"twitter_description":null,"schema":{"blockGraphs":[],"customGraphs":[],"default":{"data":{"Article":[],"Course":[],"Dataset":[],"FAQPage":[],"Movie":[],"Person":[],"Product":[],"Recipe":[],"Service":[],"SoftwareApplication":[],"WebPage":[]},"graphName":"","isEnabled":true},"graphs":[]},"schema_type":"default","schema_type_options":null,"pillar_content":false,"robots_default":true,"robots_noindex":false,"robots_noarchive":false,"robots_nosnippet":false,"robots_nofollow":false,"robots_noimageindex":false,"robots_noodp":false,"robots_notranslate":false,"robots_max_snippet":null,"robots_max_videopreview":null,"robots_max_imagepreview":"large","priority":null,"frequency":null,"local_seo":null,"breadcrumb_settings":null,"limit_modified_date":false,"created":"2024-04-11 01:57:07","updated":"2025-06-22 17:18:42"},"aioseo_breadcrumb":"<div class=\"aioseo-breadcrumbs\"><span class=\"aioseo-breadcrumb\">\n\t<a href=\"https:\/\/www.rucashk.com\/pt\" title=\"Home\">Home<\/a>\n<\/span><span class=\"aioseo-breadcrumb-separator\">&raquo;<\/span><span class=\"aioseo-breadcrumb\">\n\t<a href=\"https:\/\/www.rucashk.com\/pt\/products\/\" title=\"Produtos\">Produtos<\/a>\n<\/span><span class=\"aioseo-breadcrumb-separator\">&raquo;<\/span><span class=\"aioseo-breadcrumb\">\n\t<a href=\"https:\/\/www.rucashk.com\/pt\/categoria-produto\/e-vehicle-accessories\/\" title=\"E-Vehicle Accessories\">E-Vehicle Accessories<\/a>\n<\/span><span class=\"aioseo-breadcrumb-separator\">&raquo;<\/span><span class=\"aioseo-breadcrumb\">\n\t<a href=\"https:\/\/www.rucashk.com\/pt\/categoria-produto\/e-vehicle-accessories\/dash-camera\/\" title=\"Dash Camera\">Dash Camera<\/a>\n<\/span><span class=\"aioseo-breadcrumb-separator\">&raquo;<\/span><span class=\"aioseo-breadcrumb\">\n\t70mai\u00a0Dash Cam Lite Wholesale\n<\/span><\/div>","aioseo_breadcrumb_json":[{"label":"Home","link":"https:\/\/www.rucashk.com\/pt"},{"label":"Produtos","link":"https:\/\/www.rucashk.com\/pt\/products\/"},{"label":"E-Vehicle Accessories","link":"https:\/\/www.rucashk.com\/pt\/categoria-produto\/e-vehicle-accessories\/"},{"label":"Dash Camera","link":"https:\/\/www.rucashk.com\/pt\/categoria-produto\/e-vehicle-accessories\/dash-camera\/"},{"label":"70mai\u00a0Dash Cam Lite Wholesale","link":"https:\/\/www.rucashk.com\/pt\/produto\/70mai-dash-cam-lite-wholesale\/"}],"_links":{"self":[{"href":"https:\/\/www.rucashk.com\/pt\/wp-json\/wp\/v2\/product\/23950","targetHints":{"allow":["GET"]}}],"collection":[{"href":"https:\/\/www.rucashk.com\/pt\/wp-json\/wp\/v2\/product"}],"about":[{"href":"https:\/\/www.rucashk.com\/pt\/wp-json\/wp\/v2\/types\/product"}],"wp:featuredmedia":[{"embeddable":true,"href":"https:\/\/www.rucashk.com\/pt\/wp-json\/wp\/v2\/media\/24047"}],"wp:attachment":[{"href":"https:\/\/www.rucashk.com\/pt\/wp-json\/wp\/v2\/media?parent=23950"}],"wp:term":[{"taxonomy":"product_brand","embeddable":true,"href":"https:\/\/www.rucashk.com\/pt\/wp-json\/wp\/v2\/product_brand?post=23950"},{"taxonomy":"product_cat","embeddable":true,"href":"https:\/\/www.rucashk.com\/pt\/wp-json\/wp\/v2\/product_cat?post=23950"},{"taxonomy":"product_tag","embeddable":true,"href":"https:\/\/www.rucashk.com\/pt\/wp-json\/wp\/v2\/product_tag?post=23950"}],"curies":[{"name":"wp","href":"https:\/\/api.w.org\/{rel}","templated":true}]}}