{"id":23913,"date":"2024-01-09T15:58:59","date_gmt":"2024-01-09T15:58:59","guid":{"rendered":"http:\/\/rucashk.com\/?post_type=product&#038;p=23913"},"modified":"2024-03-12T07:43:43","modified_gmt":"2024-03-12T07:43:43","slug":"ecovacs-deebot-n79w-robotic-vacuum-wholesale","status":"publish","type":"product","link":"https:\/\/www.rucashk.com\/pt\/produto\/ecovacs-deebot-n79w-robotic-vacuum-wholesale\/","title":{"rendered":"Ecovacs Deebot N79W aspirador rob\u00f3tico atacado"},"content":{"rendered":"<div class=\"tab\">\n<div>\n<div class=\"tab-header s1\">\n<div class=\"d-none d-md-block\">\n<div class=\"container\">\n<div class=\"link\"><img fetchpriority=\"high\" decoding=\"async\" class=\"alignnone\" src=\"\/wp-content\/uploads\/replace\/27b00cea89c7cee102e4805f09fe072a.jpeg\" alt=\"Ecovacs Deebot N79W Robotic Vacuum\" width=\"1600\" height=\"900\" \/><\/div>\n<\/div>\n<\/div>\n<\/div>\n<\/div>\n<div class=\"tab-content\">\n<div id=\"features\" class=\"mt-0 tab-pane active\">\n<div class=\"product-feature\">\n<div class=\"featurette-cover tpl-4\">\n<div class=\"wrap container\">\n<div class=\"text right s1\">\n<div class=\"light\">\n<div style=\"text-align: center\">Um rob\u00f4 vers\u00e1til para limpeza profunda<\/div>\n<\/div>\n<\/div>\n<\/div>\n<\/div>\n<div class=\"featurette-seprate-vertical mt-normal tpl-13\">\n<figure class=\"img order-1 order-sm-12\"><img decoding=\"async\" class=\"img-fluid alignnone\" src=\"\/wp-content\/uploads\/replace\/88df4a0d60238ae704799cb1917c3737.jpeg\" alt=\"Ecovacs Deebot N79W Robotic Vacuum\" width=\"1600\" height=\"650\" \/><\/figure>\n<div class=\"text order-6\">\n<div class=\"wrap\">\n<div class=\"title\">O Modo Max maximiza o desempenho de limpeza<\/div>\n<div class=\"desc\">Embora a pot\u00eancia de suc\u00e7\u00e3o padr\u00e3o execute facilmente as tarefas di\u00e1rias, a fun\u00e7\u00e3o Max Mode aumenta a pot\u00eancia de suc\u00e7\u00e3o para aproximadamente o dobro do modo normal para uma limpeza profunda e completa, \u00f3tima para pisos duros, carpetes e para lidar com sujeiras particularmente problem\u00e1ticas.<\/div>\n<\/div>\n<\/div>\n<\/div>\n<div class=\"featurette-cover mt-normal tpl-5\">\n<figure class=\"img\"><img decoding=\"async\" class=\"alignnone\" src=\"\/wp-content\/uploads\/replace\/b84b426e1ac625fa5592b27e51d9261a.jpeg\" alt=\"Ecovacs Deebot N79W Robotic Vacuum\" width=\"1600\" height=\"900\" \/><\/figure>\n<div class=\"wrap container\">\n<div class=\"text center s2\">\n<div class=\"dark\">\n<div class=\"title\">Sistema de limpeza de 3 est\u00e1gios para limpeza sem esfor\u00e7o<\/div>\n<div class=\"desc\">O rob\u00f4 est\u00e1 equipado com um sistema de limpeza de 3 est\u00e1gios que varre, levanta e aspira em uma \u00fanica passagem, garantindo a limpeza de mais sujeira e poeira, principalmente em carpetes.<\/div>\n<\/div>\n<\/div>\n<\/div>\n<\/div>\n<div class=\"featurette-seprate container mt-normal tpl-12\">\n<figure class=\"img order-md-12\"><img loading=\"lazy\" decoding=\"async\" class=\"alignnone\" src=\"\/wp-content\/uploads\/replace\/1c1fdf0bdda793187b0ea5a7cfa79d99.jpeg\" alt=\"Ecovacs Deebot N79W Robotic Vacuum\" width=\"590\" height=\"485\" \/><\/figure>\n<div class=\"text\">\n<div class=\"title\">Modos de limpeza especializados para suas necessidades exclusivas<\/div>\n<div class=\"desc\">Feito para atender \u00e0s suas necessidades exclusivas de limpeza: Modo AUTO para limpeza geral, Modo Edge para limpar bordas e cantos e Modo Spot para sujeiras dif\u00edceis de limpar.<\/div>\n<\/div>\n<\/div>\n<div class=\"featurette-seprate container tpl-11\">\n<figure class=\"img order-md-1\"><img loading=\"lazy\" decoding=\"async\" class=\"alignnone\" src=\"\/wp-content\/uploads\/replace\/0059e524e185621a16382082f364b3d9.jpeg\" alt=\"Ecovacs Deebot N79W Robotic Vacuum\" width=\"590\" height=\"485\" \/><\/figure>\n<div class=\"text\">\n<div class=\"title\">Compat\u00edvel com Google Home e Amazon Echo<\/div>\n<div class=\"desc\">Experimente controles convenientes e sem interven\u00e7\u00e3o! Se voc\u00ea \u00e9 usu\u00e1rio do Google Home ou Amazon Echo, pode vincular seus dispositivos dom\u00e9sticos inteligentes ao rob\u00f4 e informar quando e como iniciar a limpeza.<\/div>\n<\/div>\n<\/div>\n<div class=\"featurette-cover mt-normal tpl-9\">\n<figure class=\"img\"><img loading=\"lazy\" decoding=\"async\" class=\"alignnone\" src=\"\/wp-content\/uploads\/replace\/27aaac30793963efeba457bf8357e628.jpeg\" alt=\"Ecovacs Deebot N79W Robotic Vacuum\" width=\"1600\" height=\"900\" \/><\/figure>\n<div class=\"wrap container\">\n<div class=\"text right s3\">\n<div class=\"dark\">\n<div class=\"title\">Controle de aplicativos, a qualquer hora, em qualquer lugar<\/div>\n<div class=\"desc\">Com o aplicativo ECOVACS em suas m\u00e3os, voc\u00ea pode agendar hor\u00e1rios de limpeza e definir modos de limpeza sem esfor\u00e7o, monitorar o rob\u00f4 e o status de limpeza e desfrutar de toda a conveni\u00eancia do trabalho dom\u00e9stico automatizado.<\/div>\n<\/div>\n<\/div>\n<\/div>\n<\/div>\n<div class=\"featurette-seprate container mt-normal tpl-12\">\n<figure class=\"img order-md-12\"><img loading=\"lazy\" decoding=\"async\" class=\"alignnone\" src=\"\/wp-content\/uploads\/replace\/59860bd71b2b8f4b2c5cc1f43a2f0369.jpeg\" alt=\"Ecovacs Deebot N79W Robotic Vacuum\" width=\"590\" height=\"485\" \/><\/figure>\n<div class=\"text\">\n<div class=\"title\">Agendamento de hor\u00e1rio<\/div>\n<div class=\"desc\">Basta definir um hor\u00e1rio regular, cuidar de seus neg\u00f3cios e nunca mais voltar para uma casa suja.<\/div>\n<\/div>\n<\/div>\n<div class=\"featurette-seprate container tpl-11\">\n<figure class=\"img order-md-1\"><img loading=\"lazy\" decoding=\"async\" class=\"alignnone\" src=\"\/wp-content\/uploads\/replace\/a465976eaef440c582b49252ecc58768.jpeg\" alt=\"Ecovacs Deebot N79W Robotic Vacuum\" width=\"590\" height=\"485\" \/><\/figure>\n<div class=\"text\">\n<div class=\"title\">Carregamento Autom\u00e1tico<\/div>\n<div class=\"desc\">Nenhuma interven\u00e7\u00e3o humana necess\u00e1ria! Quando a bateria fica fraca, o DEEBOT retorna automaticamente \u00e0 esta\u00e7\u00e3o de carregamento e recarrega sozinho.<\/div>\n<\/div>\n<\/div>\n<div class=\"featurette-seprate container tpl-12\">\n<figure class=\"img order-md-12\"><img loading=\"lazy\" decoding=\"async\" class=\"alignnone\" src=\"\/wp-content\/uploads\/replace\/da06b3cd3b77c2e2adda99b3fe5ce207.jpeg\" alt=\"Ecovacs Deebot N79W Robotic Vacuum\" width=\"590\" height=\"485\" \/><\/figure>\n<div class=\"text\">\n<div class=\"title\">Tecnologia de seguran\u00e7a de escadas<\/div>\n<div class=\"desc\">O DEEBOT se move com seguran\u00e7a pela sua casa usando sensores anti-queda.<\/div>\n<\/div>\n<\/div>\n<div class=\"featurette-seprate container tpl-11\">\n<figure class=\"img order-md-1\"><img loading=\"lazy\" decoding=\"async\" class=\"alignnone\" src=\"\/wp-content\/uploads\/replace\/8727872f488449c39f10170c8eaddaae.jpeg\" alt=\"Ecovacs Deebot N79W Robotic Vacuum\" width=\"590\" height=\"485\" \/><\/figure>\n<p>&nbsp;<\/p>\n<div class=\"text\">\n<div class=\"title\">Tecnologia de detec\u00e7\u00e3o de obst\u00e1culos<\/div>\n<div class=\"desc\">Com seus sensores anticolis\u00e3o e amortecedores macios, o DEEBOT pode evitar obst\u00e1culos e proteger seus m\u00f3veis.<\/div>\n<\/div>\n<\/div>\n<div class=\"featurette-seprate container tpl-12\">\n<figure class=\"img order-md-12\"><img loading=\"lazy\" decoding=\"async\" class=\"alignnone\" src=\"\/wp-content\/uploads\/replace\/3a506b2e577d72c83b3f7f291386cb1f.jpeg\" alt=\"Ecovacs Deebot N79W Robotic Vacuum\" width=\"590\" height=\"485\" \/><\/figure>\n<div class=\"text\">\n<div class=\"title\">Filtro de alta efici\u00eancia<\/div>\n<div class=\"desc\">Respire mais facilmente ao limpar com o DEEBOT, gra\u00e7as a um sistema de filtragem de ar integrado que reduz os gatilhos transportados pelo ar associados a alergias e asma.<\/div>\n<\/div>\n<\/div>\n<\/div>\n<\/div>\n<\/div>\n<\/div>\n<div class=\"text-grey mt-4 container\"><\/div>\n<div>\n<p>&nbsp;<\/p>\n<p><strong>Informa\u00e7\u00e3o do produto<\/strong><\/p>\n<p>Cor:<strong>Branco<\/strong><\/p>\n<table width=\"0\">\n<tbody>\n<tr>\n<td width=\"352\">Dimens\u00f5es do produto<\/td>\n<td>18 x 15,5 x 4,5 polegadas<\/td>\n<\/tr>\n<tr>\n<td width=\"352\">Peso do Item<\/td>\n<td>4,21 libras<\/td>\n<\/tr>\n<tr>\n<td width=\"352\">Fabricante<\/td>\n<td>ECOVACS<\/td>\n<\/tr>\n<tr>\n<td width=\"352\">COMO EM<\/td>\n<td>B07S412MZ8<\/td>\n<\/tr>\n<tr>\n<td width=\"352\">N\u00famero do modelo do item<\/td>\n<td>N79W<\/td>\n<\/tr>\n<tr>\n<td width=\"352\">Baterias<\/td>\n<td>S\u00e3o necess\u00e1rias 1 pilhas AA. (inclu\u00eddo)<\/td>\n<\/tr>\n<tr>\n<td width=\"352\">Baterias necess\u00e1rias<\/td>\n<td>Sim<\/td>\n<\/tr>\n<\/tbody>\n<\/table>\n<h3>Principais caracter\u00edsticas<\/h3>\n<ul class=\"a-unordered-list a-vertical a-spacing-mini\">\n<li><span class=\"a-list-item\">Capacidade do coletor de lixo \u2013 520 ml. PRONTO PARA QUALQUER BAGUN\u00c7A: Equipado com duas escovas laterais e uma escova principal, o DEEBOT varre, levanta e aspira para limpar um piso inteiro (modo Auto), uma pequena \u00e1rea (modo Spot) ou a borda do piso (modo Edge). ).<\/span><\/li>\n<li><span class=\"a-list-item\">CONTROLES DE VOZ E APLICATIVOS: comandos de voz Alexa e Google Assistant. ECOVACS Smart App vem com mais de 5 recursos avan\u00e7ados, incluindo controle direto, agendamento, atualiza\u00e7\u00f5es de status, modos de limpeza, status de acess\u00f3rios, etc.<\/span><\/li>\n<li><span class=\"a-list-item\">POT\u00caNCIA DO MODO M\u00c1XIMO: Aumente a pot\u00eancia de suc\u00e7\u00e3o em at\u00e9 2X para sujeiras particularmente problem\u00e1ticas.<\/span><\/li>\n<li><span class=\"a-list-item\">AT\u00c9 110 MINUTOS DE FUNCIONAMENTO: Bateria com maior dura\u00e7\u00e3o para limpeza ainda maior! Retorno e carregamento autom\u00e1ticos significam que seu rob\u00f4 estar\u00e1 sempre pronto para limpar.<\/span><\/li>\n<\/ul>\n<\/div>","protected":false},"excerpt":{"rendered":"<p><strong>Recurso:<\/strong><\/p>\n<ul>\n<li>Movimento Inteligente<\/li>\n<li>Modos Autom\u00e1tico, Borda e Spot<\/li>\n<li>Limpezas Programadas<\/li>\n<li>Carregamento Autom\u00e1tico<\/li>\n<li>At\u00e9 110 minutos. Tempo de execu\u00e7\u00e3o e lixeira de 520 mL<\/li>\n<li>Funciona com Amazon Alexa e Google Assistant<\/li>\n<\/ul>","protected":false},"featured_media":24032,"template":"","meta":[],"product_brand":[],"product_cat":[1337,1322],"product_tag":[984],"class_list":{"0":"post-23913","1":"product","2":"type-product","3":"status-publish","4":"has-post-thumbnail","6":"product_cat-ecovacs-other-a-brands","7":"product_cat-other-a-brands","8":"product_tag-ecovacs-deebot-n79w-robotic-vacuum","10":"first","11":"instock","12":"shipping-taxable","13":"product-type-external"},"aioseo_notices":[],"aioseo_head":"\n\t\t<!-- All in One SEO Pro 4.5.9.2 - aioseo.com -->\n\t\t<meta name=\"description\" content=\"Feature: Smart Motion Auto, Edge, and Spot Modes Scheduled Cleanings Automatic Charging Up to 110 Min. Runtime and 520 mL Dustbin Works with Amazon Alexa and Google Assistant\" \/>\n\t\t<meta name=\"robots\" content=\"max-image-preview:large\" \/>\n\t\t<link rel=\"canonical\" href=\"https:\/\/www.rucashk.com\/pt\/produto\/ecovacs-deebot-n79w-robotic-vacuum-wholesale\/\" \/>\n\t\t<meta name=\"generator\" content=\"All in One SEO Pro (AIOSEO) 4.5.9.2\" \/>\n\t\t<meta property=\"og:locale\" content=\"pt_PT\" \/>\n\t\t<meta property=\"og:site_name\" content=\"Rucas - One-stop AIoT Distribution Worldwide\" \/>\n\t\t<meta property=\"og:type\" content=\"article\" \/>\n\t\t<meta property=\"og:title\" content=\"Ecovacs Deebot N79W Robotic Vacuum Wholesale - Rucas - Wholesale and Distribution\" \/>\n\t\t<meta property=\"og:description\" content=\"Feature: Smart Motion Auto, Edge, and Spot Modes Scheduled Cleanings Automatic Charging Up to 110 Min. Runtime and 520 mL Dustbin Works with Amazon Alexa and Google Assistant\" \/>\n\t\t<meta property=\"og:url\" content=\"https:\/\/www.rucashk.com\/pt\/produto\/ecovacs-deebot-n79w-robotic-vacuum-wholesale\/\" \/>\n\t\t<meta property=\"og:image\" content=\"https:\/\/www.rucashk.com\/wp-content\/uploads\/replace\/503b8e645f128a97ccde2b6290747646.jpeg\" \/>\n\t\t<meta property=\"og:image:secure_url\" content=\"https:\/\/www.rucashk.com\/wp-content\/uploads\/replace\/503b8e645f128a97ccde2b6290747646.jpeg\" \/>\n\t\t<meta property=\"og:image:width\" content=\"1456\" \/>\n\t\t<meta property=\"og:image:height\" content=\"816\" \/>\n\t\t<meta property=\"article:published_time\" content=\"2024-01-09T15:58:59+00:00\" \/>\n\t\t<meta property=\"article:modified_time\" content=\"2024-03-12T07:43:43+00:00\" \/>\n\t\t<meta name=\"twitter:card\" content=\"summary_large_image\" \/>\n\t\t<meta name=\"twitter:title\" content=\"Ecovacs Deebot N79W Robotic Vacuum Wholesale - Rucas - Wholesale and Distribution\" \/>\n\t\t<meta name=\"twitter:description\" content=\"Feature: Smart Motion Auto, Edge, and Spot Modes Scheduled Cleanings Automatic Charging Up to 110 Min. Runtime and 520 mL Dustbin Works with Amazon Alexa and Google Assistant\" \/>\n\t\t<meta name=\"twitter:image\" content=\"https:\/\/www.rucashk.com\/wp-content\/uploads\/replace\/503b8e645f128a97ccde2b6290747646.jpeg\" \/>\n\t\t<script type=\"application\/ld+json\" class=\"aioseo-schema\">\n\t\t\t{\"@context\":\"https:\\\/\\\/schema.org\",\"@graph\":[{\"@type\":\"BreadcrumbList\",\"@id\":\"https:\\\/\\\/www.rucashk.com\\\/pt\\\/produto\\\/ecovacs-deebot-n79w-robotic-vacuum-wholesale\\\/#breadcrumblist\",\"itemListElement\":[{\"@type\":\"ListItem\",\"@id\":\"https:\\\/\\\/www.rucashk.com\\\/pt\\\/#listItem\",\"position\":1,\"name\":\"Home\",\"item\":\"https:\\\/\\\/www.rucashk.com\\\/pt\\\/\",\"nextItem\":\"https:\\\/\\\/www.rucashk.com\\\/pt\\\/produto\\\/ecovacs-deebot-n79w-robotic-vacuum-wholesale\\\/#listItem\"},{\"@type\":\"ListItem\",\"@id\":\"https:\\\/\\\/www.rucashk.com\\\/pt\\\/produto\\\/ecovacs-deebot-n79w-robotic-vacuum-wholesale\\\/#listItem\",\"position\":2,\"name\":\"Ecovacs Deebot N79W Robotic Vacuum Wholesale\",\"previousItem\":\"https:\\\/\\\/www.rucashk.com\\\/pt\\\/#listItem\"}]},{\"@type\":\"Organization\",\"@id\":\"https:\\\/\\\/www.rucashk.com\\\/pt\\\/#organization\",\"name\":\"Rucas\",\"url\":\"https:\\\/\\\/www.rucashk.com\\\/pt\\\/\",\"logo\":{\"@type\":\"ImageObject\",\"url\":\"https:\\\/\\\/www.rucashk.com\\\/wp-content\\\/uploads\\\/2023\\\/12\\\/Rucas_campany_logo.png\",\"@id\":\"https:\\\/\\\/www.rucashk.com\\\/pt\\\/produto\\\/ecovacs-deebot-n79w-robotic-vacuum-wholesale\\\/#organizationLogo\",\"width\":221,\"height\":65},\"image\":{\"@id\":\"https:\\\/\\\/www.rucashk.com\\\/pt\\\/#organizationLogo\"}},{\"@type\":\"Person\",\"@id\":\"https:\\\/\\\/www.rucashk.com\\\/pt\\\/author\\\/admin\\\/#author\",\"url\":\"https:\\\/\\\/www.rucashk.com\\\/pt\\\/author\\\/admin\\\/\",\"name\":\"admin\",\"image\":{\"@type\":\"ImageObject\",\"@id\":\"https:\\\/\\\/www.rucashk.com\\\/pt\\\/produto\\\/ecovacs-deebot-n79w-robotic-vacuum-wholesale\\\/#authorImage\",\"url\":\"https:\\\/\\\/secure.gravatar.com\\\/avatar\\\/b7c8925b09a27e72b30232f8ecaadbd5af0f70a38c78096863fe51b64f031c24?s=96&d=mm&r=g\",\"width\":96,\"height\":96,\"caption\":\"admin\"}},{\"@type\":\"WebPage\",\"@id\":\"https:\\\/\\\/www.rucashk.com\\\/pt\\\/produto\\\/ecovacs-deebot-n79w-robotic-vacuum-wholesale\\\/#webpage\",\"url\":\"https:\\\/\\\/www.rucashk.com\\\/pt\\\/produto\\\/ecovacs-deebot-n79w-robotic-vacuum-wholesale\\\/\",\"name\":\"Ecovacs Deebot N79W Robotic Vacuum Wholesale - Rucas - Wholesale and Distribution\",\"description\":\"Feature: Smart Motion Auto, Edge, and Spot Modes Scheduled Cleanings Automatic Charging Up to 110 Min. Runtime and 520 mL Dustbin Works with Amazon Alexa and Google Assistant\",\"inLanguage\":\"pt-PT\",\"isPartOf\":{\"@id\":\"https:\\\/\\\/www.rucashk.com\\\/pt\\\/#website\"},\"breadcrumb\":{\"@id\":\"https:\\\/\\\/www.rucashk.com\\\/pt\\\/produto\\\/ecovacs-deebot-n79w-robotic-vacuum-wholesale\\\/#breadcrumblist\"},\"author\":{\"@id\":\"https:\\\/\\\/www.rucashk.com\\\/pt\\\/author\\\/admin\\\/#author\"},\"creator\":{\"@id\":\"https:\\\/\\\/www.rucashk.com\\\/pt\\\/author\\\/admin\\\/#author\"},\"image\":{\"@type\":\"ImageObject\",\"url\":\"https:\\\/\\\/www.rucashk.com\\\/wp-content\\\/uploads\\\/2024\\\/01\\\/Ecovacs-Deebot-N79W-Robotic-Vacuum.jpg\",\"@id\":\"https:\\\/\\\/www.rucashk.com\\\/pt\\\/produto\\\/ecovacs-deebot-n79w-robotic-vacuum-wholesale\\\/#mainImage\",\"width\":800,\"height\":800},\"primaryImageOfPage\":{\"@id\":\"https:\\\/\\\/www.rucashk.com\\\/pt\\\/produto\\\/ecovacs-deebot-n79w-robotic-vacuum-wholesale\\\/#mainImage\"},\"datePublished\":\"2024-01-09T15:58:59+00:00\",\"dateModified\":\"2024-03-12T07:43:43+00:00\"},{\"@type\":\"WebSite\",\"@id\":\"https:\\\/\\\/www.rucashk.com\\\/pt\\\/#website\",\"url\":\"https:\\\/\\\/www.rucashk.com\\\/pt\\\/\",\"name\":\"Rucas - Wholesale and distribution worldwide\",\"alternateName\":\"Rucas - One-stop AIoT Distribution Worldwide\",\"description\":\"One-stop AIoT Distribution Worldwide\",\"inLanguage\":\"pt-PT\",\"publisher\":{\"@id\":\"https:\\\/\\\/www.rucashk.com\\\/pt\\\/#organization\"}}]}\n\t\t<\/script>\n\t\t<!-- All in One SEO Pro -->\r\n\t\t<title>Ecovacs Deebot N79W Robotic Vacuum Wholesale - Rucas - Wholesale and Distribution<\/title>\n\n","aioseo_head_json":{"title":"Ecovacs Deebot N79W Robotic Vacuum Wholesale - Rucas - Wholesale and Distribution","description":"Feature: Smart Motion Auto, Edge, and Spot Modes Scheduled Cleanings Automatic Charging Up to 110 Min. Runtime and 520 mL Dustbin Works with Amazon Alexa and Google Assistant","canonical_url":"https:\/\/www.rucashk.com\/pt\/produto\/ecovacs-deebot-n79w-robotic-vacuum-wholesale\/","robots":"max-image-preview:large","keywords":"","webmasterTools":{"miscellaneous":""},"og:locale":"pt_PT","og:site_name":"Rucas - One-stop AIoT Distribution Worldwide","og:type":"article","og:title":"Ecovacs Deebot N79W Robotic Vacuum Wholesale - Rucas - Wholesale and Distribution","og:description":"Feature: Smart Motion Auto, Edge, and Spot Modes Scheduled Cleanings Automatic Charging Up to 110 Min. Runtime and 520 mL Dustbin Works with Amazon Alexa and Google Assistant","og:url":"https:\/\/www.rucashk.com\/pt\/produto\/ecovacs-deebot-n79w-robotic-vacuum-wholesale\/","og:image":"https:\/\/www.rucashk.com\/wp-content\/uploads\/replace\/503b8e645f128a97ccde2b6290747646.jpeg","og:image:secure_url":"https:\/\/www.rucashk.com\/wp-content\/uploads\/replace\/503b8e645f128a97ccde2b6290747646.jpeg","og:image:width":1456,"og:image:height":816,"article:published_time":"2024-01-09T15:58:59+00:00","article:modified_time":"2024-03-12T07:43:43+00:00","twitter:card":"summary_large_image","twitter:title":"Ecovacs Deebot N79W Robotic Vacuum Wholesale - Rucas - Wholesale and Distribution","twitter:description":"Feature: Smart Motion Auto, Edge, and Spot Modes Scheduled Cleanings Automatic Charging Up to 110 Min. Runtime and 520 mL Dustbin Works with Amazon Alexa and Google Assistant","twitter:image":"https:\/\/www.rucashk.com\/wp-content\/uploads\/replace\/503b8e645f128a97ccde2b6290747646.jpeg","schema":{"@context":"https:\/\/schema.org","@graph":[{"@type":"BreadcrumbList","@id":"https:\/\/www.rucashk.com\/pt\/produto\/ecovacs-deebot-n79w-robotic-vacuum-wholesale\/#breadcrumblist","itemListElement":[{"@type":"ListItem","@id":"https:\/\/www.rucashk.com\/pt\/#listItem","position":1,"name":"Home","item":"https:\/\/www.rucashk.com\/pt\/","nextItem":"https:\/\/www.rucashk.com\/pt\/produto\/ecovacs-deebot-n79w-robotic-vacuum-wholesale\/#listItem"},{"@type":"ListItem","@id":"https:\/\/www.rucashk.com\/pt\/produto\/ecovacs-deebot-n79w-robotic-vacuum-wholesale\/#listItem","position":2,"name":"Ecovacs Deebot N79W Robotic Vacuum Wholesale","previousItem":"https:\/\/www.rucashk.com\/pt\/#listItem"}]},{"@type":"Organization","@id":"https:\/\/www.rucashk.com\/pt\/#organization","name":"Rucas","url":"https:\/\/www.rucashk.com\/pt\/","logo":{"@type":"ImageObject","url":"https:\/\/www.rucashk.com\/wp-content\/uploads\/2023\/12\/Rucas_campany_logo.png","@id":"https:\/\/www.rucashk.com\/pt\/produto\/ecovacs-deebot-n79w-robotic-vacuum-wholesale\/#organizationLogo","width":221,"height":65},"image":{"@id":"https:\/\/www.rucashk.com\/pt\/#organizationLogo"}},{"@type":"Person","@id":"https:\/\/www.rucashk.com\/pt\/author\/admin\/#author","url":"https:\/\/www.rucashk.com\/pt\/author\/admin\/","name":"admin","image":{"@type":"ImageObject","@id":"https:\/\/www.rucashk.com\/pt\/produto\/ecovacs-deebot-n79w-robotic-vacuum-wholesale\/#authorImage","url":"https:\/\/secure.gravatar.com\/avatar\/b7c8925b09a27e72b30232f8ecaadbd5af0f70a38c78096863fe51b64f031c24?s=96&d=mm&r=g","width":96,"height":96,"caption":"admin"}},{"@type":"WebPage","@id":"https:\/\/www.rucashk.com\/pt\/produto\/ecovacs-deebot-n79w-robotic-vacuum-wholesale\/#webpage","url":"https:\/\/www.rucashk.com\/pt\/produto\/ecovacs-deebot-n79w-robotic-vacuum-wholesale\/","name":"Ecovacs Deebot N79W Robotic Vacuum Wholesale - Rucas - Wholesale and Distribution","description":"Feature: Smart Motion Auto, Edge, and Spot Modes Scheduled Cleanings Automatic Charging Up to 110 Min. Runtime and 520 mL Dustbin Works with Amazon Alexa and Google Assistant","inLanguage":"pt-PT","isPartOf":{"@id":"https:\/\/www.rucashk.com\/pt\/#website"},"breadcrumb":{"@id":"https:\/\/www.rucashk.com\/pt\/produto\/ecovacs-deebot-n79w-robotic-vacuum-wholesale\/#breadcrumblist"},"author":{"@id":"https:\/\/www.rucashk.com\/pt\/author\/admin\/#author"},"creator":{"@id":"https:\/\/www.rucashk.com\/pt\/author\/admin\/#author"},"image":{"@type":"ImageObject","url":"https:\/\/www.rucashk.com\/wp-content\/uploads\/2024\/01\/Ecovacs-Deebot-N79W-Robotic-Vacuum.jpg","@id":"https:\/\/www.rucashk.com\/pt\/produto\/ecovacs-deebot-n79w-robotic-vacuum-wholesale\/#mainImage","width":800,"height":800},"primaryImageOfPage":{"@id":"https:\/\/www.rucashk.com\/pt\/produto\/ecovacs-deebot-n79w-robotic-vacuum-wholesale\/#mainImage"},"datePublished":"2024-01-09T15:58:59+00:00","dateModified":"2024-03-12T07:43:43+00:00"},{"@type":"WebSite","@id":"https:\/\/www.rucashk.com\/pt\/#website","url":"https:\/\/www.rucashk.com\/pt\/","name":"Rucas - Wholesale and distribution worldwide","alternateName":"Rucas - One-stop AIoT Distribution Worldwide","description":"One-stop AIoT Distribution Worldwide","inLanguage":"pt-PT","publisher":{"@id":"https:\/\/www.rucashk.com\/pt\/#organization"}}]}},"aioseo_meta_data":{"post_id":"23913","title":null,"description":null,"keywords":null,"keyphrases":null,"primary_term":null,"canonical_url":null,"og_title":null,"og_description":null,"og_object_type":"default","og_image_type":"default","og_image_url":null,"og_image_width":null,"og_image_height":null,"og_image_custom_url":null,"og_image_custom_fields":null,"og_video":null,"og_custom_url":null,"og_article_section":null,"og_article_tags":null,"twitter_use_og":false,"twitter_card":"default","twitter_image_type":"default","twitter_image_url":null,"twitter_image_custom_url":null,"twitter_image_custom_fields":null,"twitter_title":null,"twitter_description":null,"schema":{"blockGraphs":[],"customGraphs":[],"default":{"data":{"Article":[],"Course":[],"Dataset":[],"FAQPage":[],"Movie":[],"Person":[],"Product":[],"Recipe":[],"Service":[],"SoftwareApplication":[],"WebPage":[]},"graphName":"","isEnabled":true},"graphs":[]},"schema_type":"default","schema_type_options":null,"pillar_content":false,"robots_default":true,"robots_noindex":false,"robots_noarchive":false,"robots_nosnippet":false,"robots_nofollow":false,"robots_noimageindex":false,"robots_noodp":false,"robots_notranslate":false,"robots_max_snippet":null,"robots_max_videopreview":null,"robots_max_imagepreview":"large","priority":null,"frequency":null,"local_seo":null,"breadcrumb_settings":null,"limit_modified_date":false,"created":"2024-04-11 01:57:07","updated":"2025-06-22 17:18:41"},"aioseo_breadcrumb":"<div class=\"aioseo-breadcrumbs\"><span class=\"aioseo-breadcrumb\">\n\t<a href=\"https:\/\/www.rucashk.com\/pt\" title=\"Home\">Home<\/a>\n<\/span><span class=\"aioseo-breadcrumb-separator\">&raquo;<\/span><span class=\"aioseo-breadcrumb\">\n\t<a href=\"https:\/\/www.rucashk.com\/pt\/products\/\" title=\"Produtos\">Produtos<\/a>\n<\/span><span class=\"aioseo-breadcrumb-separator\">&raquo;<\/span><span class=\"aioseo-breadcrumb\">\n\t<a href=\"https:\/\/www.rucashk.com\/pt\/categoria-produto\/other-a-brands\/\" title=\"Other A-Brands\">Other A-Brands<\/a>\n<\/span><span class=\"aioseo-breadcrumb-separator\">&raquo;<\/span><span class=\"aioseo-breadcrumb\">\n\t<a href=\"https:\/\/www.rucashk.com\/pt\/categoria-produto\/other-a-brands\/ecovacs-other-a-brands\/\" title=\"Ecovacs\">Ecovacs<\/a>\n<\/span><span class=\"aioseo-breadcrumb-separator\">&raquo;<\/span><span class=\"aioseo-breadcrumb\">\n\tEcovacs Deebot N79W Robotic Vacuum Wholesale\n<\/span><\/div>","aioseo_breadcrumb_json":[{"label":"Home","link":"https:\/\/www.rucashk.com\/pt"},{"label":"Produtos","link":"https:\/\/www.rucashk.com\/pt\/products\/"},{"label":"Other A-Brands","link":"https:\/\/www.rucashk.com\/pt\/categoria-produto\/other-a-brands\/"},{"label":"Ecovacs","link":"https:\/\/www.rucashk.com\/pt\/categoria-produto\/other-a-brands\/ecovacs-other-a-brands\/"},{"label":"Ecovacs Deebot N79W Robotic Vacuum Wholesale","link":"https:\/\/www.rucashk.com\/pt\/produto\/ecovacs-deebot-n79w-robotic-vacuum-wholesale\/"}],"_links":{"self":[{"href":"https:\/\/www.rucashk.com\/pt\/wp-json\/wp\/v2\/product\/23913","targetHints":{"allow":["GET"]}}],"collection":[{"href":"https:\/\/www.rucashk.com\/pt\/wp-json\/wp\/v2\/product"}],"about":[{"href":"https:\/\/www.rucashk.com\/pt\/wp-json\/wp\/v2\/types\/product"}],"wp:featuredmedia":[{"embeddable":true,"href":"https:\/\/www.rucashk.com\/pt\/wp-json\/wp\/v2\/media\/24032"}],"wp:attachment":[{"href":"https:\/\/www.rucashk.com\/pt\/wp-json\/wp\/v2\/media?parent=23913"}],"wp:term":[{"taxonomy":"product_brand","embeddable":true,"href":"https:\/\/www.rucashk.com\/pt\/wp-json\/wp\/v2\/product_brand?post=23913"},{"taxonomy":"product_cat","embeddable":true,"href":"https:\/\/www.rucashk.com\/pt\/wp-json\/wp\/v2\/product_cat?post=23913"},{"taxonomy":"product_tag","embeddable":true,"href":"https:\/\/www.rucashk.com\/pt\/wp-json\/wp\/v2\/product_tag?post=23913"}],"curies":[{"name":"wp","href":"https:\/\/api.w.org\/{rel}","templated":true}]}}