{"id":23911,"date":"2024-01-09T15:58:59","date_gmt":"2024-01-09T15:58:59","guid":{"rendered":"http:\/\/rucashk.com\/?post_type=product&#038;p=23911"},"modified":"2024-03-12T07:42:53","modified_gmt":"2024-03-12T07:42:53","slug":"ecovacs-deebot-500-robotic-vacuum","status":"publish","type":"product","link":"https:\/\/www.rucashk.com\/pt\/produto\/ecovacs-deebot-500-robotic-vacuum\/","title":{"rendered":"Aspirador rob\u00f3tico Ecovacs Deebot 500"},"content":{"rendered":"<div class=\"celwidget aplus-module premium-module-13-carousel\">\n<div class=\"a-section a-spacing-none premium-aplus premium-aplus-module-13\">\n<div class=\"a-section a-spacing-none aplus-carousel-container\">\n<div id=\"premium-aplus-13-carousel-1-id\" class=\"a-begin a-carousel-container a-carousel-display-single a-carousel-transition-slideCircular a-carousel-initialized\" data-a-carousel-options=\"{&quot;peek_percentage&quot;:0,&quot;minimum_gutter_width&quot;:0,&quot;show_partial_next&quot;:false,&quot;name&quot;:&quot;premium-aplus-13-carousel-1&quot;}\" data-a-display-strategy=\"single\" data-a-transition-strategy=\"slideCircular\">\n<div class=\"a-row a-carousel-controls a-carousel-row a-carousel-has-buttons a-carousel-overlay-buttons a-carousel-rounded-buttons\">\n<div class=\"a-carousel-row-inner\">\n<div class=\"a-carousel-col a-carousel-center\">\n<div id=\"anonCarousel4\" class=\"a-carousel-viewport\">\n<div class=\"a-section a-spacing-none aplus-card-image\"><img decoding=\"async\" src=\"\/wp-content\/uploads\/replace\/a13094cf53e1f19cfebdbfb7a581f943.jpeg\" alt=\"D500 Main\" \/><\/div>\n<div class=\"a-section a-spacing-none aplus-card-image\"><img decoding=\"async\" src=\"\/wp-content\/uploads\/replace\/ba65e406065359a10703162c84a8cbb9.jpeg\" alt=\"Max Mode\" \/><\/div>\n<div class=\"a-section a-spacing-none aplus-card-image\"><img decoding=\"async\" src=\"\/wp-content\/uploads\/replace\/95549d413f8d79c0fc5522e2f65c9efc.jpeg\" alt=\"Voice Controls\" \/><\/div>\n<div class=\"a-section a-spacing-none aplus-card-image\"><img decoding=\"async\" src=\"\/wp-content\/uploads\/replace\/6866749f387b5fd7aed476de73784d5f.jpeg\" alt=\"App Control\" \/><img decoding=\"async\" alt=\"Ecovacs Deebot 500 Robotic Vacuum\" src=\"\/wp-content\/uploads\/replace\/e2f39ef5f85c2ce91132ac9389ef3f23.jpeg\" \/><img decoding=\"async\" alt=\"Ecovacs Deebot 500 Robotic Vacuum\" src=\"\/wp-content\/uploads\/replace\/875aa18eca0f82a24ba9fbc012066820.jpeg\" \/><\/div>\n<\/div>\n<\/div>\n<\/div>\n<\/div>\n<\/div>\n<div class=\"a-section a-spacing-none aplus-pagination-wrapper\">\n<div class=\"aplus-mantle aplus-module\">\n<div class=\"aplus-carousel-nav\"><\/div>\n<\/div>\n<\/div>\n<\/div>\n<div class=\"a-section a-text-center\"><\/div>\n<\/div>\n<\/div>\n<div class=\"celwidget aplus-module premium-module-2-fullbackground-image\">\n<div class=\"a-section a-spacing-none premium-aplus premium-aplus-module-2\">\n<div class=\"a-section a-spacing-none premium-background-wrapper\">\n<div class=\"a-section a-spacing-none background-image\" role=\"img\"><img decoding=\"async\" class=\"\" src=\"\/wp-content\/uploads\/replace\/ae6fc6d0bb7af4cc9fa3d23cec43bf25.jpeg\" alt=\"safe cleaning\" data-src=\"\/wp-content\/uploads\/replace\/ae6fc6d0bb7af4cc9fa3d23cec43bf25.jpeg\" \/><\/div>\n<\/div>\n<div class=\"a-section a-text-center\"><\/div>\n<\/div>\n<\/div>\n<div class=\"celwidget aplus-module premium-module-2-fullbackground-image\">\n<div class=\"a-section a-spacing-none premium-aplus premium-aplus-module-2\">\n<div class=\"a-section a-spacing-none premium-background-wrapper\">\n<div class=\"a-section a-spacing-none background-image\" role=\"img\"><img decoding=\"async\" class=\"\" src=\"\/wp-content\/uploads\/replace\/bbf0e1a5c6f110e84e0af3d242375f15.jpeg\" alt=\"low sound level\" data-src=\"\/wp-content\/uploads\/replace\/bbf0e1a5c6f110e84e0af3d242375f15.jpeg\" \/><\/div>\n<\/div>\n<div class=\"a-section a-text-center\"><\/div>\n<\/div>\n<\/div>\n<div class=\"celwidget aplus-module premium-module-3-four-column-images\">\n<div class=\"a-section a-spacing-none premium-aplus premium-aplus-module-3 aplus-container-1\">\n<div class=\"a-section a-spacing-none premium-aplus-four-column\">\n<div class=\"a-section a-spacing-none premium-aplus-column\"><\/div>\n<div class=\"a-section a-spacing-none premium-aplus-column\">\n<div class=\"a-section a-spacing-none column-description\">\n<p class=\"aplus-p3\"><img fetchpriority=\"high\" decoding=\"async\" class=\"size-full wp-image-18870 aligncenter\" src=\"\/wp-content\/uploads\/replace\/1254a821900d356ad3536485b73e6b6c.jpeg\" alt=\"Ecovacs Deebot 500 Robotic Vacuum\" width=\"1470\" height=\"417\" \/><img decoding=\"async\" alt=\"Ecovacs Deebot 500 Robotic Vacuum\" src=\"\/wp-content\/uploads\/replace\/bc59a22a3a7a1121001c0ff222e52053.jpeg\" \/><\/p>\n<p>&nbsp;<\/p>\n<h3><strong>Informa\u00e7\u00e3o do produto<\/strong><\/h3>\n<p>&nbsp;<\/p>\n<table width=\"0\">\n<tbody>\n<tr>\n<td width=\"352\">Dimens\u00f5es do produto<\/td>\n<td>12,9 x 12,9 x 3,07 polegadas<\/td>\n<\/tr>\n<tr>\n<td width=\"352\">Peso do Item<\/td>\n<td>4,4 libras<\/td>\n<\/tr>\n<tr>\n<td width=\"352\">Fabricante<\/td>\n<td>Ecovacs<\/td>\n<\/tr>\n<tr>\n<td width=\"352\">COMO EM<\/td>\n<td>B07Q7Y84S6<\/td>\n<\/tr>\n<tr>\n<td width=\"352\">N\u00famero do modelo do item<\/td>\n<td>DEEBOT 500<\/td>\n<\/tr>\n<tr>\n<td width=\"352\">Baterias<\/td>\n<td>1 S\u00e3o necess\u00e1rias baterias de pol\u00edmero de l\u00edtio. (inclu\u00eddo)<\/td>\n<\/tr>\n<tr>\n<td width=\"352\">Peso do Item<\/td>\n<td>4,4 libras<\/td>\n<\/tr>\n<tr>\n<td width=\"352\">Recomenda\u00e7\u00e3o de peso m\u00e1ximo<\/td>\n<td>1 libra<\/td>\n<\/tr>\n<tr>\n<td width=\"352\">Instru\u00e7\u00f5es de cuidados com materiais<\/td>\n<td>Limpe com pano seco<\/td>\n<\/tr>\n<tr>\n<td width=\"352\">Baterias necess\u00e1rias<\/td>\n<td>Sim<\/td>\n<\/tr>\n<tr>\n<td width=\"352\">Componentes inclu\u00eddos<\/td>\n<td>Escova principal, escovas laterais, carregador, filtro de ar, rob\u00f4<\/td>\n<\/tr>\n<\/tbody>\n<\/table>\n<p>&nbsp;<\/p>\n<h3>Principais caracter\u00edsticas<\/h3>\n<ul class=\"a-unordered-list a-vertical a-spacing-mini\">\n<li><span class=\"a-list-item\">PRONTO PARA QUALQUER BAGUN\u00c7A: Equipado com duas escovas laterais e uma escova principal, o DEEBOT varre, levanta e aspira para limpar um piso inteiro (modo Auto), uma pequena \u00e1rea (modo Spot) ou a borda do piso (modo Edge). )<\/span><\/li>\n<li><span class=\"a-list-item\">CONTROLES DE VOZ E APLICATIVOS: Funciona com comandos de voz Alexa e Google Assistant. O ECOVACS Smart App vem com mais de 5 recursos avan\u00e7ados, incluindo controle direto, agendamento, atualiza\u00e7\u00f5es de status, modos de limpeza, status de acess\u00f3rios, etc.<\/span><\/li>\n<li><span class=\"a-list-item\">POT\u00caNCIA DO MODO M\u00c1XIMO: Aumente a pot\u00eancia de suc\u00e7\u00e3o em at\u00e9 2X para sujeiras particularmente problem\u00e1ticas. N\u00edvel de ru\u00eddo (db.)(Padr\u00e3o\/ M\u00e1x., Intensivo) \u2013 65,6 . Capacidade do coletor de p\u00f3 (ml) - 520<\/span><\/li>\n<li><span class=\"a-list-item\">AT\u00c9 110 MINUTOS DE FUNCIONAMENTO: Bateria com maior dura\u00e7\u00e3o para limpeza ainda maior! Retorno autom\u00e1tico e carregamento significa que seu rob\u00f4 estar\u00e1 sempre pronto para limpar<\/span><\/li>\n<li><span class=\"a-list-item\">RECURSOS B\u00c1SICOS: Inclui sensores anti-queda e anticolis\u00e3o, carregamento com retorno autom\u00e1tico, atualiza\u00e7\u00e3o autom\u00e1tica de software, amortecedores de prote\u00e7\u00e3o dur\u00e1veis, filtro de alta efici\u00eancia, acabamento anti-riscos, uma lata de lixo grande e f\u00e1cil de esvaziar, rodas grandes para subir limites , etc.<\/span><\/li>\n<li><span class=\"a-list-item\">PADR\u00c3O: 1 ano. Vem com (1) base de carregamento, (4) escovas laterais de comprimento duplo, (2) filtro de ar de alta efici\u00eancia, (1) controle remoto com bateria), (1) ferramenta de limpeza, Suporte ao Cliente<\/span><\/li>\n<li><span class=\"a-list-item\">LIXO DE 520ML: Um grande caixote de lixo garante que o DEEBOT seja capaz de limpar casas grandes e \u00e9 \u00f3timo para p\u00ealos de animais de estima\u00e7\u00e3o<\/span><\/li>\n<\/ul>\n<\/div>\n<\/div>\n<\/div>\n<\/div>\n<\/div>","protected":false},"excerpt":{"rendered":"<p><strong>Recurso:<\/strong><\/p>\n<ul>\n<li>CONTROLES DE VOZ E APLICATIVOS<\/li>\n<li>POT\u00caNCIA DO MODO M\u00c1XIMO<\/li>\n<li>AT\u00c9 110 MINUTOS DE FUNCIONAMENTO<\/li>\n<\/ul>","protected":false},"featured_media":24023,"template":"","meta":[],"product_brand":[],"product_cat":[1337,1322],"product_tag":[982],"class_list":{"0":"post-23911","1":"product","2":"type-product","3":"status-publish","4":"has-post-thumbnail","6":"product_cat-ecovacs-other-a-brands","7":"product_cat-other-a-brands","8":"product_tag-ecovacs-deebot-500-robotic-vacuum","10":"first","11":"instock","12":"shipping-taxable","13":"product-type-external"},"aioseo_notices":[],"aioseo_head":"\n\t\t<!-- All in One SEO Pro 4.5.9.2 - aioseo.com -->\n\t\t<meta name=\"description\" content=\"Feature: VOICE &amp; APP CONTROLS MAX MODE POWER UP TO 110 MINUTE RUNTIME\" \/>\n\t\t<meta name=\"robots\" content=\"max-image-preview:large\" \/>\n\t\t<link rel=\"canonical\" href=\"https:\/\/www.rucashk.com\/pt\/produto\/ecovacs-deebot-500-robotic-vacuum\/\" \/>\n\t\t<meta name=\"generator\" content=\"All in One SEO Pro (AIOSEO) 4.5.9.2\" \/>\n\t\t<meta property=\"og:locale\" content=\"pt_PT\" \/>\n\t\t<meta property=\"og:site_name\" content=\"Rucas - One-stop AIoT Distribution Worldwide\" \/>\n\t\t<meta property=\"og:type\" content=\"article\" \/>\n\t\t<meta property=\"og:title\" content=\"Ecovacs Deebot 500 Robotic Vacuum - Rucas - Wholesale and Distribution\" \/>\n\t\t<meta property=\"og:description\" content=\"Feature: VOICE &amp; APP CONTROLS MAX MODE POWER UP TO 110 MINUTE RUNTIME\" \/>\n\t\t<meta property=\"og:url\" content=\"https:\/\/www.rucashk.com\/pt\/produto\/ecovacs-deebot-500-robotic-vacuum\/\" \/>\n\t\t<meta property=\"og:image\" content=\"https:\/\/www.rucashk.com\/wp-content\/uploads\/replace\/503b8e645f128a97ccde2b6290747646.jpeg\" \/>\n\t\t<meta property=\"og:image:secure_url\" content=\"https:\/\/www.rucashk.com\/wp-content\/uploads\/replace\/503b8e645f128a97ccde2b6290747646.jpeg\" \/>\n\t\t<meta property=\"og:image:width\" content=\"1456\" \/>\n\t\t<meta property=\"og:image:height\" content=\"816\" \/>\n\t\t<meta property=\"article:published_time\" content=\"2024-01-09T15:58:59+00:00\" \/>\n\t\t<meta property=\"article:modified_time\" content=\"2024-03-12T07:42:53+00:00\" \/>\n\t\t<meta name=\"twitter:card\" content=\"summary_large_image\" \/>\n\t\t<meta name=\"twitter:title\" content=\"Ecovacs Deebot 500 Robotic Vacuum - Rucas - Wholesale and Distribution\" \/>\n\t\t<meta name=\"twitter:description\" content=\"Feature: VOICE &amp; APP CONTROLS MAX MODE POWER UP TO 110 MINUTE RUNTIME\" \/>\n\t\t<meta name=\"twitter:image\" content=\"https:\/\/www.rucashk.com\/wp-content\/uploads\/replace\/503b8e645f128a97ccde2b6290747646.jpeg\" \/>\n\t\t<script type=\"application\/ld+json\" class=\"aioseo-schema\">\n\t\t\t{\"@context\":\"https:\\\/\\\/schema.org\",\"@graph\":[{\"@type\":\"BreadcrumbList\",\"@id\":\"https:\\\/\\\/www.rucashk.com\\\/pt\\\/produto\\\/ecovacs-deebot-500-robotic-vacuum\\\/#breadcrumblist\",\"itemListElement\":[{\"@type\":\"ListItem\",\"@id\":\"https:\\\/\\\/www.rucashk.com\\\/pt\\\/#listItem\",\"position\":1,\"name\":\"Home\",\"item\":\"https:\\\/\\\/www.rucashk.com\\\/pt\\\/\",\"nextItem\":\"https:\\\/\\\/www.rucashk.com\\\/pt\\\/produto\\\/ecovacs-deebot-500-robotic-vacuum\\\/#listItem\"},{\"@type\":\"ListItem\",\"@id\":\"https:\\\/\\\/www.rucashk.com\\\/pt\\\/produto\\\/ecovacs-deebot-500-robotic-vacuum\\\/#listItem\",\"position\":2,\"name\":\"Ecovacs Deebot 500 Robotic Vacuum\",\"previousItem\":\"https:\\\/\\\/www.rucashk.com\\\/pt\\\/#listItem\"}]},{\"@type\":\"Organization\",\"@id\":\"https:\\\/\\\/www.rucashk.com\\\/pt\\\/#organization\",\"name\":\"Rucas\",\"url\":\"https:\\\/\\\/www.rucashk.com\\\/pt\\\/\",\"logo\":{\"@type\":\"ImageObject\",\"url\":\"https:\\\/\\\/www.rucashk.com\\\/wp-content\\\/uploads\\\/2023\\\/12\\\/Rucas_campany_logo.png\",\"@id\":\"https:\\\/\\\/www.rucashk.com\\\/pt\\\/produto\\\/ecovacs-deebot-500-robotic-vacuum\\\/#organizationLogo\",\"width\":221,\"height\":65},\"image\":{\"@id\":\"https:\\\/\\\/www.rucashk.com\\\/pt\\\/#organizationLogo\"}},{\"@type\":\"Person\",\"@id\":\"https:\\\/\\\/www.rucashk.com\\\/pt\\\/author\\\/admin\\\/#author\",\"url\":\"https:\\\/\\\/www.rucashk.com\\\/pt\\\/author\\\/admin\\\/\",\"name\":\"admin\",\"image\":{\"@type\":\"ImageObject\",\"@id\":\"https:\\\/\\\/www.rucashk.com\\\/pt\\\/produto\\\/ecovacs-deebot-500-robotic-vacuum\\\/#authorImage\",\"url\":\"https:\\\/\\\/secure.gravatar.com\\\/avatar\\\/b7c8925b09a27e72b30232f8ecaadbd5af0f70a38c78096863fe51b64f031c24?s=96&d=mm&r=g\",\"width\":96,\"height\":96,\"caption\":\"admin\"}},{\"@type\":\"WebPage\",\"@id\":\"https:\\\/\\\/www.rucashk.com\\\/pt\\\/produto\\\/ecovacs-deebot-500-robotic-vacuum\\\/#webpage\",\"url\":\"https:\\\/\\\/www.rucashk.com\\\/pt\\\/produto\\\/ecovacs-deebot-500-robotic-vacuum\\\/\",\"name\":\"Ecovacs Deebot 500 Robotic Vacuum - Rucas - Wholesale and Distribution\",\"description\":\"Feature: VOICE & APP CONTROLS MAX MODE POWER UP TO 110 MINUTE RUNTIME\",\"inLanguage\":\"pt-PT\",\"isPartOf\":{\"@id\":\"https:\\\/\\\/www.rucashk.com\\\/pt\\\/#website\"},\"breadcrumb\":{\"@id\":\"https:\\\/\\\/www.rucashk.com\\\/pt\\\/produto\\\/ecovacs-deebot-500-robotic-vacuum\\\/#breadcrumblist\"},\"author\":{\"@id\":\"https:\\\/\\\/www.rucashk.com\\\/pt\\\/author\\\/admin\\\/#author\"},\"creator\":{\"@id\":\"https:\\\/\\\/www.rucashk.com\\\/pt\\\/author\\\/admin\\\/#author\"},\"image\":{\"@type\":\"ImageObject\",\"url\":\"https:\\\/\\\/www.rucashk.com\\\/wp-content\\\/uploads\\\/2024\\\/01\\\/Ecovacs-Deebot-500-Robotic-Vacuum.jpg\",\"@id\":\"https:\\\/\\\/www.rucashk.com\\\/pt\\\/produto\\\/ecovacs-deebot-500-robotic-vacuum\\\/#mainImage\",\"width\":800,\"height\":800},\"primaryImageOfPage\":{\"@id\":\"https:\\\/\\\/www.rucashk.com\\\/pt\\\/produto\\\/ecovacs-deebot-500-robotic-vacuum\\\/#mainImage\"},\"datePublished\":\"2024-01-09T15:58:59+00:00\",\"dateModified\":\"2024-03-12T07:42:53+00:00\"},{\"@type\":\"WebSite\",\"@id\":\"https:\\\/\\\/www.rucashk.com\\\/pt\\\/#website\",\"url\":\"https:\\\/\\\/www.rucashk.com\\\/pt\\\/\",\"name\":\"Rucas - Wholesale and distribution worldwide\",\"alternateName\":\"Rucas - One-stop AIoT Distribution Worldwide\",\"description\":\"One-stop AIoT Distribution Worldwide\",\"inLanguage\":\"pt-PT\",\"publisher\":{\"@id\":\"https:\\\/\\\/www.rucashk.com\\\/pt\\\/#organization\"}}]}\n\t\t<\/script>\n\t\t<!-- All in One SEO Pro -->\r\n\t\t<title>Ecovacs Deebot 500 Robotic Vacuum - Rucas - Wholesale and Distribution<\/title>\n\n","aioseo_head_json":{"title":"Ecovacs Deebot 500 Robotic Vacuum - Rucas - Wholesale and Distribution","description":"Feature: VOICE & APP CONTROLS MAX MODE POWER UP TO 110 MINUTE RUNTIME","canonical_url":"https:\/\/www.rucashk.com\/pt\/produto\/ecovacs-deebot-500-robotic-vacuum\/","robots":"max-image-preview:large","keywords":"","webmasterTools":{"miscellaneous":""},"og:locale":"pt_PT","og:site_name":"Rucas - One-stop AIoT Distribution Worldwide","og:type":"article","og:title":"Ecovacs Deebot 500 Robotic Vacuum - Rucas - Wholesale and Distribution","og:description":"Feature: VOICE &amp; APP CONTROLS MAX MODE POWER UP TO 110 MINUTE RUNTIME","og:url":"https:\/\/www.rucashk.com\/pt\/produto\/ecovacs-deebot-500-robotic-vacuum\/","og:image":"https:\/\/www.rucashk.com\/wp-content\/uploads\/replace\/503b8e645f128a97ccde2b6290747646.jpeg","og:image:secure_url":"https:\/\/www.rucashk.com\/wp-content\/uploads\/replace\/503b8e645f128a97ccde2b6290747646.jpeg","og:image:width":1456,"og:image:height":816,"article:published_time":"2024-01-09T15:58:59+00:00","article:modified_time":"2024-03-12T07:42:53+00:00","twitter:card":"summary_large_image","twitter:title":"Ecovacs Deebot 500 Robotic Vacuum - Rucas - Wholesale and Distribution","twitter:description":"Feature: VOICE &amp; APP CONTROLS MAX MODE POWER UP TO 110 MINUTE RUNTIME","twitter:image":"https:\/\/www.rucashk.com\/wp-content\/uploads\/replace\/503b8e645f128a97ccde2b6290747646.jpeg","schema":{"@context":"https:\/\/schema.org","@graph":[{"@type":"BreadcrumbList","@id":"https:\/\/www.rucashk.com\/pt\/produto\/ecovacs-deebot-500-robotic-vacuum\/#breadcrumblist","itemListElement":[{"@type":"ListItem","@id":"https:\/\/www.rucashk.com\/pt\/#listItem","position":1,"name":"Home","item":"https:\/\/www.rucashk.com\/pt\/","nextItem":"https:\/\/www.rucashk.com\/pt\/produto\/ecovacs-deebot-500-robotic-vacuum\/#listItem"},{"@type":"ListItem","@id":"https:\/\/www.rucashk.com\/pt\/produto\/ecovacs-deebot-500-robotic-vacuum\/#listItem","position":2,"name":"Ecovacs Deebot 500 Robotic Vacuum","previousItem":"https:\/\/www.rucashk.com\/pt\/#listItem"}]},{"@type":"Organization","@id":"https:\/\/www.rucashk.com\/pt\/#organization","name":"Rucas","url":"https:\/\/www.rucashk.com\/pt\/","logo":{"@type":"ImageObject","url":"https:\/\/www.rucashk.com\/wp-content\/uploads\/2023\/12\/Rucas_campany_logo.png","@id":"https:\/\/www.rucashk.com\/pt\/produto\/ecovacs-deebot-500-robotic-vacuum\/#organizationLogo","width":221,"height":65},"image":{"@id":"https:\/\/www.rucashk.com\/pt\/#organizationLogo"}},{"@type":"Person","@id":"https:\/\/www.rucashk.com\/pt\/author\/admin\/#author","url":"https:\/\/www.rucashk.com\/pt\/author\/admin\/","name":"admin","image":{"@type":"ImageObject","@id":"https:\/\/www.rucashk.com\/pt\/produto\/ecovacs-deebot-500-robotic-vacuum\/#authorImage","url":"https:\/\/secure.gravatar.com\/avatar\/b7c8925b09a27e72b30232f8ecaadbd5af0f70a38c78096863fe51b64f031c24?s=96&d=mm&r=g","width":96,"height":96,"caption":"admin"}},{"@type":"WebPage","@id":"https:\/\/www.rucashk.com\/pt\/produto\/ecovacs-deebot-500-robotic-vacuum\/#webpage","url":"https:\/\/www.rucashk.com\/pt\/produto\/ecovacs-deebot-500-robotic-vacuum\/","name":"Ecovacs Deebot 500 Robotic Vacuum - Rucas - Wholesale and Distribution","description":"Feature: VOICE & APP CONTROLS MAX MODE POWER UP TO 110 MINUTE RUNTIME","inLanguage":"pt-PT","isPartOf":{"@id":"https:\/\/www.rucashk.com\/pt\/#website"},"breadcrumb":{"@id":"https:\/\/www.rucashk.com\/pt\/produto\/ecovacs-deebot-500-robotic-vacuum\/#breadcrumblist"},"author":{"@id":"https:\/\/www.rucashk.com\/pt\/author\/admin\/#author"},"creator":{"@id":"https:\/\/www.rucashk.com\/pt\/author\/admin\/#author"},"image":{"@type":"ImageObject","url":"https:\/\/www.rucashk.com\/wp-content\/uploads\/2024\/01\/Ecovacs-Deebot-500-Robotic-Vacuum.jpg","@id":"https:\/\/www.rucashk.com\/pt\/produto\/ecovacs-deebot-500-robotic-vacuum\/#mainImage","width":800,"height":800},"primaryImageOfPage":{"@id":"https:\/\/www.rucashk.com\/pt\/produto\/ecovacs-deebot-500-robotic-vacuum\/#mainImage"},"datePublished":"2024-01-09T15:58:59+00:00","dateModified":"2024-03-12T07:42:53+00:00"},{"@type":"WebSite","@id":"https:\/\/www.rucashk.com\/pt\/#website","url":"https:\/\/www.rucashk.com\/pt\/","name":"Rucas - Wholesale and distribution worldwide","alternateName":"Rucas - One-stop AIoT Distribution Worldwide","description":"One-stop AIoT Distribution Worldwide","inLanguage":"pt-PT","publisher":{"@id":"https:\/\/www.rucashk.com\/pt\/#organization"}}]}},"aioseo_meta_data":{"post_id":"23911","title":null,"description":null,"keywords":null,"keyphrases":null,"primary_term":null,"canonical_url":null,"og_title":null,"og_description":null,"og_object_type":"default","og_image_type":"default","og_image_url":null,"og_image_width":null,"og_image_height":null,"og_image_custom_url":null,"og_image_custom_fields":null,"og_video":null,"og_custom_url":null,"og_article_section":null,"og_article_tags":null,"twitter_use_og":false,"twitter_card":"default","twitter_image_type":"default","twitter_image_url":null,"twitter_image_custom_url":null,"twitter_image_custom_fields":null,"twitter_title":null,"twitter_description":null,"schema":{"blockGraphs":[],"customGraphs":[],"default":{"data":{"Article":[],"Course":[],"Dataset":[],"FAQPage":[],"Movie":[],"Person":[],"Product":[],"Recipe":[],"Service":[],"SoftwareApplication":[],"WebPage":[]},"graphName":"","isEnabled":true},"graphs":[]},"schema_type":"default","schema_type_options":null,"pillar_content":false,"robots_default":true,"robots_noindex":false,"robots_noarchive":false,"robots_nosnippet":false,"robots_nofollow":false,"robots_noimageindex":false,"robots_noodp":false,"robots_notranslate":false,"robots_max_snippet":null,"robots_max_videopreview":null,"robots_max_imagepreview":"large","priority":null,"frequency":null,"local_seo":null,"breadcrumb_settings":null,"limit_modified_date":false,"created":"2024-04-11 01:57:07","updated":"2025-06-22 17:18:41"},"aioseo_breadcrumb":"<div class=\"aioseo-breadcrumbs\"><span class=\"aioseo-breadcrumb\">\n\t<a href=\"https:\/\/www.rucashk.com\/pt\" title=\"Home\">Home<\/a>\n<\/span><span class=\"aioseo-breadcrumb-separator\">&raquo;<\/span><span class=\"aioseo-breadcrumb\">\n\t<a href=\"https:\/\/www.rucashk.com\/pt\/products\/\" title=\"Produtos\">Produtos<\/a>\n<\/span><span class=\"aioseo-breadcrumb-separator\">&raquo;<\/span><span class=\"aioseo-breadcrumb\">\n\t<a href=\"https:\/\/www.rucashk.com\/pt\/categoria-produto\/other-a-brands\/\" title=\"Other A-Brands\">Other A-Brands<\/a>\n<\/span><span class=\"aioseo-breadcrumb-separator\">&raquo;<\/span><span class=\"aioseo-breadcrumb\">\n\t<a href=\"https:\/\/www.rucashk.com\/pt\/categoria-produto\/other-a-brands\/ecovacs-other-a-brands\/\" title=\"Ecovacs\">Ecovacs<\/a>\n<\/span><span class=\"aioseo-breadcrumb-separator\">&raquo;<\/span><span class=\"aioseo-breadcrumb\">\n\tEcovacs Deebot 500 Robotic Vacuum\n<\/span><\/div>","aioseo_breadcrumb_json":[{"label":"Home","link":"https:\/\/www.rucashk.com\/pt"},{"label":"Produtos","link":"https:\/\/www.rucashk.com\/pt\/products\/"},{"label":"Other A-Brands","link":"https:\/\/www.rucashk.com\/pt\/categoria-produto\/other-a-brands\/"},{"label":"Ecovacs","link":"https:\/\/www.rucashk.com\/pt\/categoria-produto\/other-a-brands\/ecovacs-other-a-brands\/"},{"label":"Ecovacs Deebot 500 Robotic Vacuum","link":"https:\/\/www.rucashk.com\/pt\/produto\/ecovacs-deebot-500-robotic-vacuum\/"}],"_links":{"self":[{"href":"https:\/\/www.rucashk.com\/pt\/wp-json\/wp\/v2\/product\/23911","targetHints":{"allow":["GET"]}}],"collection":[{"href":"https:\/\/www.rucashk.com\/pt\/wp-json\/wp\/v2\/product"}],"about":[{"href":"https:\/\/www.rucashk.com\/pt\/wp-json\/wp\/v2\/types\/product"}],"wp:featuredmedia":[{"embeddable":true,"href":"https:\/\/www.rucashk.com\/pt\/wp-json\/wp\/v2\/media\/24023"}],"wp:attachment":[{"href":"https:\/\/www.rucashk.com\/pt\/wp-json\/wp\/v2\/media?parent=23911"}],"wp:term":[{"taxonomy":"product_brand","embeddable":true,"href":"https:\/\/www.rucashk.com\/pt\/wp-json\/wp\/v2\/product_brand?post=23911"},{"taxonomy":"product_cat","embeddable":true,"href":"https:\/\/www.rucashk.com\/pt\/wp-json\/wp\/v2\/product_cat?post=23911"},{"taxonomy":"product_tag","embeddable":true,"href":"https:\/\/www.rucashk.com\/pt\/wp-json\/wp\/v2\/product_tag?post=23911"}],"curies":[{"name":"wp","href":"https:\/\/api.w.org\/{rel}","templated":true}]}}