{"id":23868,"date":"2024-01-09T15:58:35","date_gmt":"2024-01-09T15:58:35","guid":{"rendered":"http:\/\/rucashk.com\/?post_type=product&#038;p=23868"},"modified":"2024-02-15T04:32:26","modified_gmt":"2024-02-15T04:32:26","slug":"xiaomi-mijia-humidifier-mjjsq02lx-4l","status":"publish","type":"product","link":"https:\/\/www.rucashk.com\/pt\/produto\/xiaomi-mijia-humidifier-mjjsq02lx-4l\/","title":{"rendered":"Umidificador Xiaomi Mijia MJJSQ02LX 4L"},"content":{"rendered":"<div><img class=\"bg_lazy\" title=\"Xiaomi Mijia MJJSQ02LX Umidificador de capacidade 4L \u00cdon de prata antibacteriano 280ml \/ h Atomiza\u00e7\u00e3o Opera\u00e7\u00e3o de baixo ru\u00eddo Ajuste cont\u00ednuo Nevoeiro\" alt=\"\" data-original=\"https:\/\/imgaz.staticbg.com\/images\/oaupload\/banggood\/images\/5C\/A6\/73e61d04-961d-407b-893c-c3e4715d665d.jpg\" \/><\/div>\n<div id=\"imgBox\">\n<div><img decoding=\"async\" class=\"bg_lazy\" title=\"Xiaomi Mijia MJJSQ02LX Umidificador de capacidade 4L \u00cdon de prata antibacteriano 280ml \/ h Atomiza\u00e7\u00e3o Opera\u00e7\u00e3o de baixo ru\u00eddo Ajuste cont\u00ednuo Nevoeiro\" src=\"https:\/\/www.rucashk.com\/wp-content\/uploads\/2020\/07\/d7d6de35-fa84-4887-ad64-a5e3ac8309b1.jpg\" alt=\"\" data-original=\"https:\/\/www.rucashk.com\/wp-content\/uploads\/2020\/07\/d7d6de35-fa84-4887-ad64-a5e3ac8309b1.jpg\" \/><\/div>\n<div><img class=\"bg_lazy\" title=\"Xiaomi Mijia MJJSQ02LX Umidificador de capacidade 4L \u00cdon de prata antibacteriano 280ml \/ h Atomiza\u00e7\u00e3o Opera\u00e7\u00e3o de baixo ru\u00eddo Ajuste cont\u00ednuo Nevoeiro\" alt=\"\" data-original=\"https:\/\/imgaz.staticbg.com\/images\/oaupload\/banggood\/images\/1B\/FC\/386dd616-11e5-4d96-9012-19f4d810dc34.jpg\" \/><\/div>\n<div><img decoding=\"async\" class=\"bg_lazy\" title=\"Xiaomi Mijia MJJSQ02LX Umidificador de capacidade 4L \u00cdon de prata antibacteriano 280ml \/ h Atomiza\u00e7\u00e3o Opera\u00e7\u00e3o de baixo ru\u00eddo Ajuste cont\u00ednuo Nevoeiro\" src=\"https:\/\/www.rucashk.com\/wp-content\/uploads\/2020\/07\/52bf11a0-8c89-4892-a4b1-218592799be9.jpg\" alt=\"\" data-original=\"https:\/\/www.rucashk.com\/wp-content\/uploads\/2020\/07\/52bf11a0-8c89-4892-a4b1-218592799be9.jpg\" \/><\/div>\n<div><img class=\"bg_lazy\" title=\"Xiaomi Mijia MJJSQ02LX Umidificador de capacidade 4L \u00cdon de prata antibacteriano 280ml \/ h Atomiza\u00e7\u00e3o Opera\u00e7\u00e3o de baixo ru\u00eddo Ajuste cont\u00ednuo Nevoeiro\" alt=\"\" data-original=\"https:\/\/imgaz.staticbg.com\/images\/oaupload\/banggood\/images\/84\/00\/060e675d-fef0-433f-ad3f-a8c813eeaf83.jpg\" \/><\/div>\n<div><img decoding=\"async\" class=\"bg_lazy\" title=\"Xiaomi Mijia MJJSQ02LX Umidificador de capacidade 4L \u00cdon de prata antibacteriano 280ml \/ h Atomiza\u00e7\u00e3o Opera\u00e7\u00e3o de baixo ru\u00eddo Ajuste cont\u00ednuo Nevoeiro\" src=\"https:\/\/www.rucashk.com\/wp-content\/uploads\/2020\/07\/3214e815-11cd-4ec2-98fe-6b16c5e48a26.jpg\" alt=\"\" data-original=\"https:\/\/www.rucashk.com\/wp-content\/uploads\/2020\/07\/3214e815-11cd-4ec2-98fe-6b16c5e48a26.jpg\" \/><\/div>\n<div><img class=\"bg_lazy\" title=\"Xiaomi Mijia MJJSQ02LX Umidificador de capacidade 4L \u00cdon de prata antibacteriano 280ml \/ h Atomiza\u00e7\u00e3o Opera\u00e7\u00e3o de baixo ru\u00eddo Ajuste cont\u00ednuo Nevoeiro\" alt=\"\" data-original=\"https:\/\/imgaz.staticbg.com\/images\/oaupload\/banggood\/images\/C0\/21\/df3341a3-5fe5-4d51-b7c5-dc2a351ae67f.jpg\" \/><\/div>\n<div>\n<table border=\"1\" cellpadding=\"5\">\n<tbody>\n<tr>\n<th>Especifica\u00e7\u00e3o<\/th>\n<td>Marca: Mijia (marca de coopera\u00e7\u00e3o Xiaomi)<br \/>\nModelo: MJJSQ02LX<br \/>\nMaterial: ABS<br \/>\nTipos de limpador: umidificador<br \/>\nCapacidade do tanque de \u00e1gua: 4L<br \/>\nVolume de umidifica\u00e7\u00e3o: 280 ml\/h<br \/>\nEngrenagem de Nevoeiro:3 Engrenagens<br \/>\nTempo de vida do filtro: 6 a 12 meses<br \/>\nPot\u00eancia sonora: \u226438dB<br \/>\nCor branca<\/p>\n<div>Tens\u00e3o de alimenta\u00e7\u00e3o: CA 220V<br \/>\nFrequ\u00eancia de energia: 50 Hz<br \/>\nPot\u00eancia nominal: 17,5 W<\/p>\n<div>Altura da n\u00e9voa: \u226550cm<\/div>\n<div>Di\u00e2metro superior: 14cm<\/div>\n<\/div>\n<\/td>\n<\/tr>\n<tr>\n<th>Dimens\u00e3o<\/th>\n<td data-spm-anchor-id=\"a2g0o.detail.1000023.i3.4ca61d26Il6J2G\">Peso do produto: 1,4kg<br \/>\nTamanho do produto: 184,9 x 312,5 mm<\/td>\n<\/tr>\n<\/tbody>\n<\/table>\n<\/div>\n<\/div>","protected":false},"excerpt":{"rendered":"<p>Principais caracter\u00edsticas:<br \/>\n\u25cf Silver ion antibacterial material, 99% antibacterial<br \/>\n\u25cf You can add water directly from the top of water tank<br \/>\n\u25cf 4L large-capacity water tank with a maximum mist volume of 280ml \/ h<br \/>\n\u25cf Remotely control using Mi Home APP<br \/>\n\u25cf Large-caliber design for easy cleaning<br \/>\n\u25cf Double protection system<br \/>\n\u25cf Water tank separation design makes water addition and cleaning more convenient<\/p>","protected":false},"featured_media":23979,"template":"","meta":[],"product_brand":[],"product_cat":[1318,1305],"product_tag":[],"class_list":{"0":"post-23868","1":"product","2":"type-product","3":"status-publish","4":"has-post-thumbnail","6":"product_cat-gadgets","7":"product_cat-xiaomi-eco","9":"first","10":"instock","11":"shipping-taxable","12":"product-type-external"},"aioseo_notices":[],"aioseo_head":"\n\t\t<!-- All in One SEO Pro 4.5.9.2 - aioseo.com -->\n\t\t<meta name=\"description\" content=\"Main Features: \u25cf Silver ion antibacterial material, 99% antibacterial \u25cf You can add water directly from the top of water tank \u25cf 4L large-capacity water tank with a maximum mist volume of 280ml \/ h \u25cf Remotely control using Mi Home APP \u25cf Large-caliber design for easy cleaning \u25cf Double protection system \u25cf Water tank separation design makes water addition and cleaning more convenient\" \/>\n\t\t<meta name=\"robots\" content=\"max-image-preview:large\" \/>\n\t\t<link rel=\"canonical\" href=\"https:\/\/www.rucashk.com\/pt\/produto\/xiaomi-mijia-humidifier-mjjsq02lx-4l\/\" \/>\n\t\t<meta name=\"generator\" content=\"All in One SEO Pro (AIOSEO) 4.5.9.2\" \/>\n\t\t<meta property=\"og:locale\" content=\"pt_PT\" \/>\n\t\t<meta property=\"og:site_name\" content=\"Rucas - One-stop AIoT Distribution Worldwide\" \/>\n\t\t<meta property=\"og:type\" content=\"article\" \/>\n\t\t<meta property=\"og:title\" content=\"Xiaomi Mijia Humidifier MJJSQ02LX 4L - Rucas - Wholesale and Distribution\" \/>\n\t\t<meta property=\"og:description\" content=\"Main Features: \u25cf Silver ion antibacterial material, 99% antibacterial \u25cf You can add water directly from the top of water tank \u25cf 4L large-capacity water tank with a maximum mist volume of 280ml \/ h \u25cf Remotely control using Mi Home APP \u25cf Large-caliber design for easy cleaning \u25cf Double protection system \u25cf Water tank separation design makes water addition and cleaning more convenient\" \/>\n\t\t<meta property=\"og:url\" content=\"https:\/\/www.rucashk.com\/pt\/produto\/xiaomi-mijia-humidifier-mjjsq02lx-4l\/\" \/>\n\t\t<meta property=\"og:image\" content=\"https:\/\/www.rucashk.com\/wp-content\/uploads\/replace\/503b8e645f128a97ccde2b6290747646.jpeg\" \/>\n\t\t<meta property=\"og:image:secure_url\" content=\"https:\/\/www.rucashk.com\/wp-content\/uploads\/replace\/503b8e645f128a97ccde2b6290747646.jpeg\" \/>\n\t\t<meta property=\"og:image:width\" content=\"1456\" \/>\n\t\t<meta property=\"og:image:height\" content=\"816\" \/>\n\t\t<meta property=\"article:published_time\" content=\"2024-01-09T15:58:35+00:00\" \/>\n\t\t<meta property=\"article:modified_time\" content=\"2024-02-15T04:32:26+00:00\" \/>\n\t\t<meta name=\"twitter:card\" content=\"summary_large_image\" \/>\n\t\t<meta name=\"twitter:title\" content=\"Xiaomi Mijia Humidifier MJJSQ02LX 4L - Rucas - Wholesale and Distribution\" \/>\n\t\t<meta name=\"twitter:description\" content=\"Main Features: \u25cf Silver ion antibacterial material, 99% antibacterial \u25cf You can add water directly from the top of water tank \u25cf 4L large-capacity water tank with a maximum mist volume of 280ml \/ h \u25cf Remotely control using Mi Home APP \u25cf Large-caliber design for easy cleaning \u25cf Double protection system \u25cf Water tank separation design makes water addition and cleaning more convenient\" \/>\n\t\t<meta name=\"twitter:image\" content=\"https:\/\/www.rucashk.com\/wp-content\/uploads\/replace\/503b8e645f128a97ccde2b6290747646.jpeg\" \/>\n\t\t<script type=\"application\/ld+json\" class=\"aioseo-schema\">\n\t\t\t{\"@context\":\"https:\\\/\\\/schema.org\",\"@graph\":[{\"@type\":\"BreadcrumbList\",\"@id\":\"https:\\\/\\\/www.rucashk.com\\\/pt\\\/produto\\\/xiaomi-mijia-humidifier-mjjsq02lx-4l\\\/#breadcrumblist\",\"itemListElement\":[{\"@type\":\"ListItem\",\"@id\":\"https:\\\/\\\/www.rucashk.com\\\/pt\\\/#listItem\",\"position\":1,\"name\":\"Home\",\"item\":\"https:\\\/\\\/www.rucashk.com\\\/pt\\\/\",\"nextItem\":\"https:\\\/\\\/www.rucashk.com\\\/pt\\\/produto\\\/xiaomi-mijia-humidifier-mjjsq02lx-4l\\\/#listItem\"},{\"@type\":\"ListItem\",\"@id\":\"https:\\\/\\\/www.rucashk.com\\\/pt\\\/produto\\\/xiaomi-mijia-humidifier-mjjsq02lx-4l\\\/#listItem\",\"position\":2,\"name\":\"Xiaomi Mijia Humidifier MJJSQ02LX  4L\",\"previousItem\":\"https:\\\/\\\/www.rucashk.com\\\/pt\\\/#listItem\"}]},{\"@type\":\"Organization\",\"@id\":\"https:\\\/\\\/www.rucashk.com\\\/pt\\\/#organization\",\"name\":\"Rucas\",\"url\":\"https:\\\/\\\/www.rucashk.com\\\/pt\\\/\",\"logo\":{\"@type\":\"ImageObject\",\"url\":\"https:\\\/\\\/www.rucashk.com\\\/wp-content\\\/uploads\\\/2023\\\/12\\\/Rucas_campany_logo.png\",\"@id\":\"https:\\\/\\\/www.rucashk.com\\\/pt\\\/produto\\\/xiaomi-mijia-humidifier-mjjsq02lx-4l\\\/#organizationLogo\",\"width\":221,\"height\":65},\"image\":{\"@id\":\"https:\\\/\\\/www.rucashk.com\\\/pt\\\/#organizationLogo\"}},{\"@type\":\"Person\",\"@id\":\"https:\\\/\\\/www.rucashk.com\\\/pt\\\/author\\\/admin\\\/#author\",\"url\":\"https:\\\/\\\/www.rucashk.com\\\/pt\\\/author\\\/admin\\\/\",\"name\":\"admin\",\"image\":{\"@type\":\"ImageObject\",\"@id\":\"https:\\\/\\\/www.rucashk.com\\\/pt\\\/produto\\\/xiaomi-mijia-humidifier-mjjsq02lx-4l\\\/#authorImage\",\"url\":\"https:\\\/\\\/secure.gravatar.com\\\/avatar\\\/b7c8925b09a27e72b30232f8ecaadbd5af0f70a38c78096863fe51b64f031c24?s=96&d=mm&r=g\",\"width\":96,\"height\":96,\"caption\":\"admin\"}},{\"@type\":\"WebPage\",\"@id\":\"https:\\\/\\\/www.rucashk.com\\\/pt\\\/produto\\\/xiaomi-mijia-humidifier-mjjsq02lx-4l\\\/#webpage\",\"url\":\"https:\\\/\\\/www.rucashk.com\\\/pt\\\/produto\\\/xiaomi-mijia-humidifier-mjjsq02lx-4l\\\/\",\"name\":\"Xiaomi Mijia Humidifier MJJSQ02LX 4L - Rucas - Wholesale and Distribution\",\"description\":\"Main Features: \\u25cf Silver ion antibacterial material, 99% antibacterial \\u25cf You can add water directly from the top of water tank \\u25cf 4L large-capacity water tank with a maximum mist volume of 280ml \\\/ h \\u25cf Remotely control using Mi Home APP \\u25cf Large-caliber design for easy cleaning \\u25cf Double protection system \\u25cf Water tank separation design makes water addition and cleaning more convenient\",\"inLanguage\":\"pt-PT\",\"isPartOf\":{\"@id\":\"https:\\\/\\\/www.rucashk.com\\\/pt\\\/#website\"},\"breadcrumb\":{\"@id\":\"https:\\\/\\\/www.rucashk.com\\\/pt\\\/produto\\\/xiaomi-mijia-humidifier-mjjsq02lx-4l\\\/#breadcrumblist\"},\"author\":{\"@id\":\"https:\\\/\\\/www.rucashk.com\\\/pt\\\/author\\\/admin\\\/#author\"},\"creator\":{\"@id\":\"https:\\\/\\\/www.rucashk.com\\\/pt\\\/author\\\/admin\\\/#author\"},\"image\":{\"@type\":\"ImageObject\",\"url\":\"https:\\\/\\\/www.rucashk.com\\\/wp-content\\\/uploads\\\/2024\\\/01\\\/Original-Xiaomi-Mijia-Humidifier-4L-Air-Purifier-Aromatherapy-Humificador-Broadcast-Essential-Oil-Mist-Maker-for-Office.jpg\",\"@id\":\"https:\\\/\\\/www.rucashk.com\\\/pt\\\/produto\\\/xiaomi-mijia-humidifier-mjjsq02lx-4l\\\/#mainImage\",\"width\":1000,\"height\":1000},\"primaryImageOfPage\":{\"@id\":\"https:\\\/\\\/www.rucashk.com\\\/pt\\\/produto\\\/xiaomi-mijia-humidifier-mjjsq02lx-4l\\\/#mainImage\"},\"datePublished\":\"2024-01-09T15:58:35+00:00\",\"dateModified\":\"2024-02-15T04:32:26+00:00\"},{\"@type\":\"WebSite\",\"@id\":\"https:\\\/\\\/www.rucashk.com\\\/pt\\\/#website\",\"url\":\"https:\\\/\\\/www.rucashk.com\\\/pt\\\/\",\"name\":\"Rucas - Wholesale and distribution worldwide\",\"alternateName\":\"Rucas - One-stop AIoT Distribution Worldwide\",\"description\":\"One-stop AIoT Distribution Worldwide\",\"inLanguage\":\"pt-PT\",\"publisher\":{\"@id\":\"https:\\\/\\\/www.rucashk.com\\\/pt\\\/#organization\"}}]}\n\t\t<\/script>\n\t\t<!-- All in One SEO Pro -->\r\n\t\t<title>Xiaomi Mijia Humidifier MJJSQ02LX 4L - Rucas - Wholesale and Distribution<\/title>\n\n","aioseo_head_json":{"title":"Xiaomi Mijia Humidifier MJJSQ02LX 4L - Rucas - Wholesale and Distribution","description":"Main Features: \u25cf Silver ion antibacterial material, 99% antibacterial \u25cf You can add water directly from the top of water tank \u25cf 4L large-capacity water tank with a maximum mist volume of 280ml \/ h \u25cf Remotely control using Mi Home APP \u25cf Large-caliber design for easy cleaning \u25cf Double protection system \u25cf Water tank separation design makes water addition and cleaning more convenient","canonical_url":"https:\/\/www.rucashk.com\/pt\/produto\/xiaomi-mijia-humidifier-mjjsq02lx-4l\/","robots":"max-image-preview:large","keywords":"","webmasterTools":{"miscellaneous":""},"og:locale":"pt_PT","og:site_name":"Rucas - One-stop AIoT Distribution Worldwide","og:type":"article","og:title":"Xiaomi Mijia Humidifier MJJSQ02LX 4L - Rucas - Wholesale and Distribution","og:description":"Main Features: \u25cf Silver ion antibacterial material, 99% antibacterial \u25cf You can add water directly from the top of water tank \u25cf 4L large-capacity water tank with a maximum mist volume of 280ml \/ h \u25cf Remotely control using Mi Home APP \u25cf Large-caliber design for easy cleaning \u25cf Double protection system \u25cf Water tank separation design makes water addition and cleaning more convenient","og:url":"https:\/\/www.rucashk.com\/pt\/produto\/xiaomi-mijia-humidifier-mjjsq02lx-4l\/","og:image":"https:\/\/www.rucashk.com\/wp-content\/uploads\/replace\/503b8e645f128a97ccde2b6290747646.jpeg","og:image:secure_url":"https:\/\/www.rucashk.com\/wp-content\/uploads\/replace\/503b8e645f128a97ccde2b6290747646.jpeg","og:image:width":1456,"og:image:height":816,"article:published_time":"2024-01-09T15:58:35+00:00","article:modified_time":"2024-02-15T04:32:26+00:00","twitter:card":"summary_large_image","twitter:title":"Xiaomi Mijia Humidifier MJJSQ02LX 4L - Rucas - Wholesale and Distribution","twitter:description":"Main Features: \u25cf Silver ion antibacterial material, 99% antibacterial \u25cf You can add water directly from the top of water tank \u25cf 4L large-capacity water tank with a maximum mist volume of 280ml \/ h \u25cf Remotely control using Mi Home APP \u25cf Large-caliber design for easy cleaning \u25cf Double protection system \u25cf Water tank separation design makes water addition and cleaning more convenient","twitter:image":"https:\/\/www.rucashk.com\/wp-content\/uploads\/replace\/503b8e645f128a97ccde2b6290747646.jpeg","schema":{"@context":"https:\/\/schema.org","@graph":[{"@type":"BreadcrumbList","@id":"https:\/\/www.rucashk.com\/pt\/produto\/xiaomi-mijia-humidifier-mjjsq02lx-4l\/#breadcrumblist","itemListElement":[{"@type":"ListItem","@id":"https:\/\/www.rucashk.com\/pt\/#listItem","position":1,"name":"Home","item":"https:\/\/www.rucashk.com\/pt\/","nextItem":"https:\/\/www.rucashk.com\/pt\/produto\/xiaomi-mijia-humidifier-mjjsq02lx-4l\/#listItem"},{"@type":"ListItem","@id":"https:\/\/www.rucashk.com\/pt\/produto\/xiaomi-mijia-humidifier-mjjsq02lx-4l\/#listItem","position":2,"name":"Xiaomi Mijia Humidifier MJJSQ02LX  4L","previousItem":"https:\/\/www.rucashk.com\/pt\/#listItem"}]},{"@type":"Organization","@id":"https:\/\/www.rucashk.com\/pt\/#organization","name":"Rucas","url":"https:\/\/www.rucashk.com\/pt\/","logo":{"@type":"ImageObject","url":"https:\/\/www.rucashk.com\/wp-content\/uploads\/2023\/12\/Rucas_campany_logo.png","@id":"https:\/\/www.rucashk.com\/pt\/produto\/xiaomi-mijia-humidifier-mjjsq02lx-4l\/#organizationLogo","width":221,"height":65},"image":{"@id":"https:\/\/www.rucashk.com\/pt\/#organizationLogo"}},{"@type":"Person","@id":"https:\/\/www.rucashk.com\/pt\/author\/admin\/#author","url":"https:\/\/www.rucashk.com\/pt\/author\/admin\/","name":"admin","image":{"@type":"ImageObject","@id":"https:\/\/www.rucashk.com\/pt\/produto\/xiaomi-mijia-humidifier-mjjsq02lx-4l\/#authorImage","url":"https:\/\/secure.gravatar.com\/avatar\/b7c8925b09a27e72b30232f8ecaadbd5af0f70a38c78096863fe51b64f031c24?s=96&d=mm&r=g","width":96,"height":96,"caption":"admin"}},{"@type":"WebPage","@id":"https:\/\/www.rucashk.com\/pt\/produto\/xiaomi-mijia-humidifier-mjjsq02lx-4l\/#webpage","url":"https:\/\/www.rucashk.com\/pt\/produto\/xiaomi-mijia-humidifier-mjjsq02lx-4l\/","name":"Xiaomi Mijia Humidifier MJJSQ02LX 4L - Rucas - Wholesale and Distribution","description":"Main Features: \u25cf Silver ion antibacterial material, 99% antibacterial \u25cf You can add water directly from the top of water tank \u25cf 4L large-capacity water tank with a maximum mist volume of 280ml \/ h \u25cf Remotely control using Mi Home APP \u25cf Large-caliber design for easy cleaning \u25cf Double protection system \u25cf Water tank separation design makes water addition and cleaning more convenient","inLanguage":"pt-PT","isPartOf":{"@id":"https:\/\/www.rucashk.com\/pt\/#website"},"breadcrumb":{"@id":"https:\/\/www.rucashk.com\/pt\/produto\/xiaomi-mijia-humidifier-mjjsq02lx-4l\/#breadcrumblist"},"author":{"@id":"https:\/\/www.rucashk.com\/pt\/author\/admin\/#author"},"creator":{"@id":"https:\/\/www.rucashk.com\/pt\/author\/admin\/#author"},"image":{"@type":"ImageObject","url":"https:\/\/www.rucashk.com\/wp-content\/uploads\/2024\/01\/Original-Xiaomi-Mijia-Humidifier-4L-Air-Purifier-Aromatherapy-Humificador-Broadcast-Essential-Oil-Mist-Maker-for-Office.jpg","@id":"https:\/\/www.rucashk.com\/pt\/produto\/xiaomi-mijia-humidifier-mjjsq02lx-4l\/#mainImage","width":1000,"height":1000},"primaryImageOfPage":{"@id":"https:\/\/www.rucashk.com\/pt\/produto\/xiaomi-mijia-humidifier-mjjsq02lx-4l\/#mainImage"},"datePublished":"2024-01-09T15:58:35+00:00","dateModified":"2024-02-15T04:32:26+00:00"},{"@type":"WebSite","@id":"https:\/\/www.rucashk.com\/pt\/#website","url":"https:\/\/www.rucashk.com\/pt\/","name":"Rucas - Wholesale and distribution worldwide","alternateName":"Rucas - One-stop AIoT Distribution Worldwide","description":"One-stop AIoT Distribution Worldwide","inLanguage":"pt-PT","publisher":{"@id":"https:\/\/www.rucashk.com\/pt\/#organization"}}]}},"aioseo_meta_data":{"post_id":"23868","title":null,"description":null,"keywords":null,"keyphrases":null,"primary_term":null,"canonical_url":null,"og_title":null,"og_description":null,"og_object_type":"default","og_image_type":"default","og_image_url":null,"og_image_width":null,"og_image_height":null,"og_image_custom_url":null,"og_image_custom_fields":null,"og_video":null,"og_custom_url":null,"og_article_section":null,"og_article_tags":null,"twitter_use_og":false,"twitter_card":"default","twitter_image_type":"default","twitter_image_url":null,"twitter_image_custom_url":null,"twitter_image_custom_fields":null,"twitter_title":null,"twitter_description":null,"schema":{"blockGraphs":[],"customGraphs":[],"default":{"data":{"Article":[],"Course":[],"Dataset":[],"FAQPage":[],"Movie":[],"Person":[],"Product":[],"Recipe":[],"Service":[],"SoftwareApplication":[],"WebPage":[]},"graphName":"","isEnabled":true},"graphs":[]},"schema_type":"default","schema_type_options":null,"pillar_content":false,"robots_default":true,"robots_noindex":false,"robots_noarchive":false,"robots_nosnippet":false,"robots_nofollow":false,"robots_noimageindex":false,"robots_noodp":false,"robots_notranslate":false,"robots_max_snippet":null,"robots_max_videopreview":null,"robots_max_imagepreview":"large","priority":null,"frequency":null,"local_seo":null,"breadcrumb_settings":null,"limit_modified_date":false,"created":"2024-04-11 01:57:07","updated":"2025-06-22 17:17:04"},"aioseo_breadcrumb":"<div class=\"aioseo-breadcrumbs\"><span class=\"aioseo-breadcrumb\">\n\t<a href=\"https:\/\/www.rucashk.com\/pt\" title=\"Home\">Home<\/a>\n<\/span><span class=\"aioseo-breadcrumb-separator\">&raquo;<\/span><span class=\"aioseo-breadcrumb\">\n\t<a href=\"https:\/\/www.rucashk.com\/pt\/products\/\" title=\"Produtos\">Produtos<\/a>\n<\/span><span class=\"aioseo-breadcrumb-separator\">&raquo;<\/span><span class=\"aioseo-breadcrumb\">\n\t<a href=\"https:\/\/www.rucashk.com\/pt\/categoria-produto\/xiaomi-eco\/\" title=\"Xiaomi Eco\">Xiaomi Eco<\/a>\n<\/span><span class=\"aioseo-breadcrumb-separator\">&raquo;<\/span><span class=\"aioseo-breadcrumb\">\n\t<a href=\"https:\/\/www.rucashk.com\/pt\/categoria-produto\/xiaomi-eco\/gadgets\/\" title=\"Gadgets\">Gadgets<\/a>\n<\/span><span class=\"aioseo-breadcrumb-separator\">&raquo;<\/span><span class=\"aioseo-breadcrumb\">\n\tXiaomi Mijia Humidifier MJJSQ02LX  4L\n<\/span><\/div>","aioseo_breadcrumb_json":[{"label":"Home","link":"https:\/\/www.rucashk.com\/pt"},{"label":"Produtos","link":"https:\/\/www.rucashk.com\/pt\/products\/"},{"label":"Xiaomi Eco","link":"https:\/\/www.rucashk.com\/pt\/categoria-produto\/xiaomi-eco\/"},{"label":"Gadgets","link":"https:\/\/www.rucashk.com\/pt\/categoria-produto\/xiaomi-eco\/gadgets\/"},{"label":"Xiaomi Mijia Humidifier MJJSQ02LX  4L","link":"https:\/\/www.rucashk.com\/pt\/produto\/xiaomi-mijia-humidifier-mjjsq02lx-4l\/"}],"_links":{"self":[{"href":"https:\/\/www.rucashk.com\/pt\/wp-json\/wp\/v2\/product\/23868","targetHints":{"allow":["GET"]}}],"collection":[{"href":"https:\/\/www.rucashk.com\/pt\/wp-json\/wp\/v2\/product"}],"about":[{"href":"https:\/\/www.rucashk.com\/pt\/wp-json\/wp\/v2\/types\/product"}],"wp:featuredmedia":[{"embeddable":true,"href":"https:\/\/www.rucashk.com\/pt\/wp-json\/wp\/v2\/media\/23979"}],"wp:attachment":[{"href":"https:\/\/www.rucashk.com\/pt\/wp-json\/wp\/v2\/media?parent=23868"}],"wp:term":[{"taxonomy":"product_brand","embeddable":true,"href":"https:\/\/www.rucashk.com\/pt\/wp-json\/wp\/v2\/product_brand?post=23868"},{"taxonomy":"product_cat","embeddable":true,"href":"https:\/\/www.rucashk.com\/pt\/wp-json\/wp\/v2\/product_cat?post=23868"},{"taxonomy":"product_tag","embeddable":true,"href":"https:\/\/www.rucashk.com\/pt\/wp-json\/wp\/v2\/product_tag?post=23868"}],"curies":[{"name":"wp","href":"https:\/\/api.w.org\/{rel}","templated":true}]}}