{"id":23867,"date":"2024-01-09T15:58:35","date_gmt":"2024-01-09T15:58:35","guid":{"rendered":"http:\/\/rucashk.com\/?post_type=product&#038;p=23867"},"modified":"2024-03-11T06:50:12","modified_gmt":"2024-03-11T06:50:12","slug":"huawei-nova-5t","status":"publish","type":"product","link":"https:\/\/www.rucashk.com\/pt\/produto\/huawei-nova-5t\/","title":{"rendered":"HUAWEI NOVA 5T"},"content":{"rendered":"<p><img class=\"bg_lazy\" title=\"Huawei nova 5t vers\u00e3o global 6.26 polegadas 48mp quad c\u00e2mera traseira nfc 8gb ram 128gb rom kirin 980 octa core 4g smartphone\" alt=\"HUAWEI NOVA 5T\" data-original=\"https:\/\/imgaz.staticbg.com\/images\/oaupload\/ser1\/banggood\/images\/63\/1C\/2d98ddd1-884a-4407-9c44-dbfe502bfcca.jpg\" \/><br \/>\n<img class=\"bg_lazy\" title=\"Huawei nova 5t vers\u00e3o global 6.26 polegadas 48mp quad c\u00e2mera traseira nfc 8gb ram 128gb rom kirin 980 octa core 4g smartphone\" alt=\"HUAWEI NOVA 5T\" data-original=\"https:\/\/imgaz.staticbg.com\/images\/oaupload\/ser1\/banggood\/images\/76\/33\/57a45e1f-1b25-4a33-ac48-0040bd6f9cfa.jpg\" \/><br \/>\n<img class=\"bg_lazy\" title=\"Huawei nova 5t vers\u00e3o global 6.26 polegadas 48mp quad c\u00e2mera traseira nfc 8gb ram 128gb rom kirin 980 octa core 4g smartphone\" alt=\"HUAWEI NOVA 5T\" data-original=\"https:\/\/imgaz.staticbg.com\/images\/oaupload\/ser1\/banggood\/images\/6F\/ED\/4cff8950-30a0-407e-aa53-1223610cb4b3.jpg\" \/><br \/>\n<img class=\"bg_lazy\" title=\"Huawei nova 5t vers\u00e3o global 6.26 polegadas 48mp quad c\u00e2mera traseira nfc 8gb ram 128gb rom kirin 980 octa core 4g smartphone\" alt=\"HUAWEI NOVA 5T\" data-original=\"https:\/\/imgaz.staticbg.com\/images\/oaupload\/ser1\/banggood\/images\/E4\/28\/846a4668-a56b-4118-b78a-f41d2680354a.jpg\" \/><br \/>\n<img class=\"bg_lazy\" title=\"Huawei nova 5t vers\u00e3o global 6.26 polegadas 48mp quad c\u00e2mera traseira nfc 8gb ram 128gb rom kirin 980 octa core 4g smartphone\" alt=\"HUAWEI NOVA 5T\" data-original=\"https:\/\/imgaz.staticbg.com\/images\/oaupload\/ser1\/banggood\/images\/F4\/24\/3e212727-3f7b-4768-9dd1-d39cc5f37abd.jpg\" \/><br \/>\n<img class=\"bg_lazy\" title=\"Huawei nova 5t vers\u00e3o global 6.26 polegadas 48mp quad c\u00e2mera traseira nfc 8gb ram 128gb rom kirin 980 octa core 4g smartphone\" alt=\"HUAWEI NOVA 5T\" data-original=\"https:\/\/imgaz.staticbg.com\/images\/oaupload\/ser1\/banggood\/images\/63\/18\/d11b3dec-7ef0-4b00-afd4-cbd5d0a9d286.jpg\" \/><br \/>\n<img class=\"bg_lazy\" title=\"Huawei nova 5t vers\u00e3o global 6.26 polegadas 48mp quad c\u00e2mera traseira nfc 8gb ram 128gb rom kirin 980 octa core 4g smartphone\" alt=\"HUAWEI NOVA 5T\" data-original=\"https:\/\/imgaz.staticbg.com\/images\/oaupload\/ser1\/banggood\/images\/98\/37\/4c0bdab6-93f6-4672-8250-31c385d0f284.jpg\" \/><br \/>\n<img class=\"bg_lazy\" title=\"Huawei nova 5t vers\u00e3o global 6.26 polegadas 48mp quad c\u00e2mera traseira nfc 8gb ram 128gb rom kirin 980 octa core 4g smartphone\" alt=\"HUAWEI NOVA 5T\" data-original=\"https:\/\/imgaz.staticbg.com\/images\/oaupload\/ser1\/banggood\/images\/CD\/CE\/04939758-aed9-4dec-9430-28bb9d492563.jpg\" \/><br \/>\n<img class=\"bg_lazy\" title=\"Huawei nova 5t vers\u00e3o global 6.26 polegadas 48mp quad c\u00e2mera traseira nfc 8gb ram 128gb rom kirin 980 octa core 4g smartphone\" alt=\"HUAWEI NOVA 5T\" data-original=\"https:\/\/imgaz.staticbg.com\/images\/oaupload\/ser1\/banggood\/images\/26\/AB\/6db1d313-526b-4320-926a-cc7e7ec3029e.jpg\" \/><br \/>\n<img class=\"bg_lazy\" title=\"Huawei nova 5t vers\u00e3o global 6.26 polegadas 48mp quad c\u00e2mera traseira nfc 8gb ram 128gb rom kirin 980 octa core 4g smartphone\" alt=\"HUAWEI NOVA 5T\" data-original=\"https:\/\/imgaz.staticbg.com\/images\/oaupload\/ser1\/banggood\/images\/D0\/C5\/4848e91e-2c22-4dc8-9fc2-ebcc32206a66.jpg\" \/><br \/>\n<img class=\"bg_lazy\" title=\"Huawei nova 5t vers\u00e3o global 6.26 polegadas 48mp quad c\u00e2mera traseira nfc 8gb ram 128gb rom kirin 980 octa core 4g smartphone\" alt=\"HUAWEI NOVA 5T\" data-original=\"https:\/\/imgaz.staticbg.com\/images\/oaupload\/ser1\/banggood\/images\/11\/7A\/3ece6151-902e-417b-a28e-15058d63535c.jpg\" \/><br \/>\n<img class=\"bg_lazy\" title=\"\" alt=\"HUAWEI NOVA 5T\" data-original=\"https:\/\/imgaz.staticbg.com\/images\/oaupload\/ser1\/banggood\/images\/D5\/BF\/d35dee35-6966-4efb-83e1-e54c1b01fd49.jpg\" \/><\/p>\n<h4 class=\"expand_en_name\">Especifica\u00e7\u00e3o<\/h4>\n<div class=\"product_pz_info product_pz_style2\">\n<table>\n<tbody>\n<tr>\n<th>Em geral<\/th>\n<td>Marca: HUAWEI<br \/>\nN\u00famero do modelo: Nova 5T<br \/>\nIdioma: Chin\u00eas Simplificado, Chin\u00eas Tradicional de Hong Kong, Chin\u00eas Tradicional de Taiwan, Ingl\u00eas Americano, Ingl\u00eas Brit\u00e2nico, Espanhol Europeu, Portugu\u00eas Europeu, Franc\u00eas, Alem\u00e3o, Russo, Italiano, Japon\u00eas, Latino-Americano, Portugu\u00eas Brasileiro, Sueco, Noruegu\u00eas, Dinamarqu\u00eas, Tcheco, H\u00fangaro, Eslovaco, Polaco, Romeno, Grego, S\u00e9rvio (latim), B\u00f3snio, Maced\u00f3nio, B\u00falgaro, Finland\u00eas, Est\u00f3nio, Let\u00e3o, Lituano, Esloveno, Croata, Ucraniano, Turco, Vietnamita, Indon\u00e9sio, \u00c1rabe, Persa, Holand\u00eas, Tailand\u00eas, Malaio , catal\u00e3o, hindi, birman\u00eas, coreano, inscri\u00e7\u00f5es Heber, galego, basco, georgiano, azeri, uzbeque, khmer, cingal\u00eas, urdu, tibetano, bielorrusso, cazaque (cir\u00edlico), idioma de Bangladesh, laosiano, filipino, javan\u00eas, nepal\u00eas, sua\u00edli, Maori, Telugu Am\u00e1rico, Marathi, Tamil, Gujarati, Kannada, Malayalam, Oriya, Punjabi, Assam, Methili, Mongol (Cir\u00edlico)<br \/>\nSO: Android 9.0<br \/>\nProvedor de servi\u00e7os: desbloqueado<br \/>\nSlot para cart\u00e3o SIM: Dual SIM, espera dupla<br \/>\nTipo de cart\u00e3o SIM: Dual Nano SIM<br \/>\nTipo: Smartphone 4G<\/td>\n<\/tr>\n<tr>\n<th>Hardware<\/th>\n<td>Processador: Kirin 980<br \/>\nN\u00facleos: 1,8 GHz, 1,92 GHz, 2,6 GHz, Octa Core<br \/>\nMem\u00f3ria Externa: N\u00e3o Suportada<br \/>\nRAM: 8 GB de RAM<br \/>\nROM: 128 GB<\/td>\n<\/tr>\n<tr>\n<th>Rede<\/th>\n<td>Tipo de rede: FDD-LTE,GSM,WCDMA<br \/>\nWi-Fi: Wi-Fi 2.4G\/5G, internet sem fio 802.11a\/b\/g\/n\/ac<br \/>\nConectividade sem fio: A-GPS, Bluetooth, GPS, WiFi<\/td>\n<\/tr>\n<tr>\n<th>Mostrar<\/th>\n<td>Pixels por polegada (PPI): 412<br \/>\nResolu\u00e7\u00e3o da tela: 2340x1080<br \/>\nTamanho da tela: 6,26 polegadas<br \/>\nTipo de tela: capacitiva, LTPS, multitoque<\/td>\n<\/tr>\n<tr>\n<th>C\u00e2mera<\/th>\n<td>C\u00e2mera traseira: 48 megapixels (abertura F\/1.8) + 16 megapixels (abertura F\/2.2) + 2 megapixels (abertura F\/2.4) + 2 megapixels (abertura F\/2.4)<br \/>\nTipo de c\u00e2mera: Quatro c\u00e2meras traseiras e uma c\u00e2mera frontal<br \/>\nC\u00e2mera frontal: 32 megapixels, abertura F\/2.0<\/td>\n<\/tr>\n<tr>\n<th>Outras caracter\u00edsticas<\/th>\n<td>Recursos adicionais: Alarme,Bluetooth,Calculadora,Calend\u00e1rio,GPS,Sensor de impress\u00e3o digital lateral,Wi-Fi<br \/>\nVers\u00e3o Bluetooth: Bluetooth 5.0<br \/>\nGoogle Play Store: Sim<br \/>\nInterface de E\/S: 2 x slot Nano SIM, microfone, alto-falante, tipo C<br \/>\n\u00c0 prova d&#039;\u00e1gua\/resistente \u00e0 \u00e1gua: N\u00e3o<br \/>\nOTA: Sim<br \/>\nOTG: Sim<br \/>\nSensor: Sensor de Luz Ambiente, B\u00fassola Eletr\u00f4nica, Sensor de Gravidade, Sensor Hall, Sensor de Proximidade<\/td>\n<\/tr>\n<tr>\n<th>Bateria<\/th>\n<td>Capacidade da bateria (mAh): 3750mAh<br \/>\nTipo de bateria: N\u00e3o remov\u00edvel<\/td>\n<\/tr>\n<tr>\n<th>conte\u00fado do pacote<\/th>\n<td>Celular: 1<\/td>\n<\/tr>\n<tr>\n<th>Dimens\u00f5es e peso<\/th>\n<td>Peso do produto: 0,1740 kg<br \/>\nPeso do pacote: 0,5500 kg<br \/>\nTamanho do produto (C x L x A): 15,43 x 7,40 x 0,79 cm \/ 6,07 x 2,91 x 0,31 polegadas<br \/>\nTamanho do pacote (C x L x A): 18,50 x 10,00 x 6,00 cm \/ 7,28 x 3,94 x 2,36 polegadas<\/td>\n<\/tr>\n<\/tbody>\n<\/table>\n<\/div>","protected":false},"excerpt":{"rendered":"<p><b>Principais caracter\u00edsticas:<\/b><br \/>\nEquipped with rear AI 5 professional cameras.<br \/>\n6.26 inch full screen that give you a wide and clear view.<br \/>\n48MP HD front camera.<br \/>\nSupport 22.5W HUAWEI SuperCharge, 30 minutes to charge 50%.<br \/>\nFully upgraded GPU Turbo3.0 image processing techniques.<\/p>","protected":false},"featured_media":23976,"template":"","meta":[],"product_brand":[],"product_cat":[1345,1295,1322],"product_tag":[975],"class_list":{"0":"post-23867","1":"product","2":"type-product","3":"status-publish","4":"has-post-thumbnail","6":"product_cat-huawei-other-a-brands","7":"product_cat-mobile-phone","8":"product_cat-other-a-brands","9":"product_tag-huawei-nova-5t","11":"first","12":"instock","13":"shipping-taxable","14":"product-type-external"},"aioseo_notices":[],"aioseo_head":"\n\t\t<!-- All in One SEO Pro 4.5.9.2 - aioseo.com -->\n\t\t<meta name=\"description\" content=\"Main Features: Equipped with rear AI 5 professional cameras. 6.26 inch full screen that give you a wide and clear view. 48MP HD front camera. Support 22.5W HUAWEI SuperCharge, 30 minutes to charge 50%. Fully upgraded GPU Turbo3.0 image processing techniques.\" \/>\n\t\t<meta name=\"robots\" content=\"max-image-preview:large\" \/>\n\t\t<link rel=\"canonical\" href=\"https:\/\/www.rucashk.com\/pt\/produto\/huawei-nova-5t\/\" \/>\n\t\t<meta name=\"generator\" content=\"All in One SEO Pro (AIOSEO) 4.5.9.2\" \/>\n\t\t<meta property=\"og:locale\" content=\"pt_PT\" \/>\n\t\t<meta property=\"og:site_name\" content=\"Rucas - One-stop AIoT Distribution Worldwide\" \/>\n\t\t<meta property=\"og:type\" content=\"article\" \/>\n\t\t<meta property=\"og:title\" content=\"HUAWEI NOVA 5T - Rucas - Wholesale and Distribution\" \/>\n\t\t<meta property=\"og:description\" content=\"Main Features: Equipped with rear AI 5 professional cameras. 6.26 inch full screen that give you a wide and clear view. 48MP HD front camera. Support 22.5W HUAWEI SuperCharge, 30 minutes to charge 50%. Fully upgraded GPU Turbo3.0 image processing techniques.\" \/>\n\t\t<meta property=\"og:url\" content=\"https:\/\/www.rucashk.com\/pt\/produto\/huawei-nova-5t\/\" \/>\n\t\t<meta property=\"og:image\" content=\"https:\/\/www.rucashk.com\/wp-content\/uploads\/replace\/503b8e645f128a97ccde2b6290747646.jpeg\" \/>\n\t\t<meta property=\"og:image:secure_url\" content=\"https:\/\/www.rucashk.com\/wp-content\/uploads\/replace\/503b8e645f128a97ccde2b6290747646.jpeg\" \/>\n\t\t<meta property=\"og:image:width\" content=\"1456\" \/>\n\t\t<meta property=\"og:image:height\" content=\"816\" \/>\n\t\t<meta property=\"article:published_time\" content=\"2024-01-09T15:58:35+00:00\" \/>\n\t\t<meta property=\"article:modified_time\" content=\"2024-03-11T06:50:12+00:00\" \/>\n\t\t<meta name=\"twitter:card\" content=\"summary_large_image\" \/>\n\t\t<meta name=\"twitter:title\" content=\"HUAWEI NOVA 5T - Rucas - Wholesale and Distribution\" \/>\n\t\t<meta name=\"twitter:description\" content=\"Main Features: Equipped with rear AI 5 professional cameras. 6.26 inch full screen that give you a wide and clear view. 48MP HD front camera. Support 22.5W HUAWEI SuperCharge, 30 minutes to charge 50%. Fully upgraded GPU Turbo3.0 image processing techniques.\" \/>\n\t\t<meta name=\"twitter:image\" content=\"https:\/\/www.rucashk.com\/wp-content\/uploads\/replace\/503b8e645f128a97ccde2b6290747646.jpeg\" \/>\n\t\t<script type=\"application\/ld+json\" class=\"aioseo-schema\">\n\t\t\t{\"@context\":\"https:\\\/\\\/schema.org\",\"@graph\":[{\"@type\":\"BreadcrumbList\",\"@id\":\"https:\\\/\\\/www.rucashk.com\\\/pt\\\/produto\\\/huawei-nova-5t\\\/#breadcrumblist\",\"itemListElement\":[{\"@type\":\"ListItem\",\"@id\":\"https:\\\/\\\/www.rucashk.com\\\/pt\\\/#listItem\",\"position\":1,\"name\":\"Home\",\"item\":\"https:\\\/\\\/www.rucashk.com\\\/pt\\\/\",\"nextItem\":\"https:\\\/\\\/www.rucashk.com\\\/pt\\\/produto\\\/huawei-nova-5t\\\/#listItem\"},{\"@type\":\"ListItem\",\"@id\":\"https:\\\/\\\/www.rucashk.com\\\/pt\\\/produto\\\/huawei-nova-5t\\\/#listItem\",\"position\":2,\"name\":\"HUAWEI NOVA 5T\",\"previousItem\":\"https:\\\/\\\/www.rucashk.com\\\/pt\\\/#listItem\"}]},{\"@type\":\"Organization\",\"@id\":\"https:\\\/\\\/www.rucashk.com\\\/pt\\\/#organization\",\"name\":\"Rucas\",\"url\":\"https:\\\/\\\/www.rucashk.com\\\/pt\\\/\",\"logo\":{\"@type\":\"ImageObject\",\"url\":\"https:\\\/\\\/www.rucashk.com\\\/wp-content\\\/uploads\\\/2023\\\/12\\\/Rucas_campany_logo.png\",\"@id\":\"https:\\\/\\\/www.rucashk.com\\\/pt\\\/produto\\\/huawei-nova-5t\\\/#organizationLogo\",\"width\":221,\"height\":65},\"image\":{\"@id\":\"https:\\\/\\\/www.rucashk.com\\\/pt\\\/#organizationLogo\"}},{\"@type\":\"Person\",\"@id\":\"https:\\\/\\\/www.rucashk.com\\\/pt\\\/author\\\/admin\\\/#author\",\"url\":\"https:\\\/\\\/www.rucashk.com\\\/pt\\\/author\\\/admin\\\/\",\"name\":\"admin\",\"image\":{\"@type\":\"ImageObject\",\"@id\":\"https:\\\/\\\/www.rucashk.com\\\/pt\\\/produto\\\/huawei-nova-5t\\\/#authorImage\",\"url\":\"https:\\\/\\\/secure.gravatar.com\\\/avatar\\\/b7c8925b09a27e72b30232f8ecaadbd5af0f70a38c78096863fe51b64f031c24?s=96&d=mm&r=g\",\"width\":96,\"height\":96,\"caption\":\"admin\"}},{\"@type\":\"WebPage\",\"@id\":\"https:\\\/\\\/www.rucashk.com\\\/pt\\\/produto\\\/huawei-nova-5t\\\/#webpage\",\"url\":\"https:\\\/\\\/www.rucashk.com\\\/pt\\\/produto\\\/huawei-nova-5t\\\/\",\"name\":\"HUAWEI NOVA 5T - Rucas - Wholesale and Distribution\",\"description\":\"Main Features: Equipped with rear AI 5 professional cameras. 6.26 inch full screen that give you a wide and clear view. 48MP HD front camera. Support 22.5W HUAWEI SuperCharge, 30 minutes to charge 50%. Fully upgraded GPU Turbo3.0 image processing techniques.\",\"inLanguage\":\"pt-PT\",\"isPartOf\":{\"@id\":\"https:\\\/\\\/www.rucashk.com\\\/pt\\\/#website\"},\"breadcrumb\":{\"@id\":\"https:\\\/\\\/www.rucashk.com\\\/pt\\\/produto\\\/huawei-nova-5t\\\/#breadcrumblist\"},\"author\":{\"@id\":\"https:\\\/\\\/www.rucashk.com\\\/pt\\\/author\\\/admin\\\/#author\"},\"creator\":{\"@id\":\"https:\\\/\\\/www.rucashk.com\\\/pt\\\/author\\\/admin\\\/#author\"},\"image\":{\"@type\":\"ImageObject\",\"url\":\"https:\\\/\\\/www.rucashk.com\\\/wp-content\\\/uploads\\\/2024\\\/01\\\/huawei-nova-5t.jpg\",\"@id\":\"https:\\\/\\\/www.rucashk.com\\\/pt\\\/produto\\\/huawei-nova-5t\\\/#mainImage\",\"width\":800,\"height\":800},\"primaryImageOfPage\":{\"@id\":\"https:\\\/\\\/www.rucashk.com\\\/pt\\\/produto\\\/huawei-nova-5t\\\/#mainImage\"},\"datePublished\":\"2024-01-09T15:58:35+00:00\",\"dateModified\":\"2024-03-11T06:50:12+00:00\"},{\"@type\":\"WebSite\",\"@id\":\"https:\\\/\\\/www.rucashk.com\\\/pt\\\/#website\",\"url\":\"https:\\\/\\\/www.rucashk.com\\\/pt\\\/\",\"name\":\"Rucas - Wholesale and distribution worldwide\",\"alternateName\":\"Rucas - One-stop AIoT Distribution Worldwide\",\"description\":\"One-stop AIoT Distribution Worldwide\",\"inLanguage\":\"pt-PT\",\"publisher\":{\"@id\":\"https:\\\/\\\/www.rucashk.com\\\/pt\\\/#organization\"}}]}\n\t\t<\/script>\n\t\t<!-- All in One SEO Pro -->\r\n\t\t<title>HUAWEI NOVA 5T - Rucas - Wholesale and Distribution<\/title>\n\n","aioseo_head_json":{"title":"HUAWEI NOVA 5T - Rucas - Wholesale and Distribution","description":"Main Features: Equipped with rear AI 5 professional cameras. 6.26 inch full screen that give you a wide and clear view. 48MP HD front camera. Support 22.5W HUAWEI SuperCharge, 30 minutes to charge 50%. Fully upgraded GPU Turbo3.0 image processing techniques.","canonical_url":"https:\/\/www.rucashk.com\/pt\/produto\/huawei-nova-5t\/","robots":"max-image-preview:large","keywords":"","webmasterTools":{"miscellaneous":""},"og:locale":"pt_PT","og:site_name":"Rucas - One-stop AIoT Distribution Worldwide","og:type":"article","og:title":"HUAWEI NOVA 5T - Rucas - Wholesale and Distribution","og:description":"Main Features: Equipped with rear AI 5 professional cameras. 6.26 inch full screen that give you a wide and clear view. 48MP HD front camera. Support 22.5W HUAWEI SuperCharge, 30 minutes to charge 50%. Fully upgraded GPU Turbo3.0 image processing techniques.","og:url":"https:\/\/www.rucashk.com\/pt\/produto\/huawei-nova-5t\/","og:image":"https:\/\/www.rucashk.com\/wp-content\/uploads\/replace\/503b8e645f128a97ccde2b6290747646.jpeg","og:image:secure_url":"https:\/\/www.rucashk.com\/wp-content\/uploads\/replace\/503b8e645f128a97ccde2b6290747646.jpeg","og:image:width":1456,"og:image:height":816,"article:published_time":"2024-01-09T15:58:35+00:00","article:modified_time":"2024-03-11T06:50:12+00:00","twitter:card":"summary_large_image","twitter:title":"HUAWEI NOVA 5T - Rucas - Wholesale and Distribution","twitter:description":"Main Features: Equipped with rear AI 5 professional cameras. 6.26 inch full screen that give you a wide and clear view. 48MP HD front camera. Support 22.5W HUAWEI SuperCharge, 30 minutes to charge 50%. Fully upgraded GPU Turbo3.0 image processing techniques.","twitter:image":"https:\/\/www.rucashk.com\/wp-content\/uploads\/replace\/503b8e645f128a97ccde2b6290747646.jpeg","schema":{"@context":"https:\/\/schema.org","@graph":[{"@type":"BreadcrumbList","@id":"https:\/\/www.rucashk.com\/pt\/produto\/huawei-nova-5t\/#breadcrumblist","itemListElement":[{"@type":"ListItem","@id":"https:\/\/www.rucashk.com\/pt\/#listItem","position":1,"name":"Home","item":"https:\/\/www.rucashk.com\/pt\/","nextItem":"https:\/\/www.rucashk.com\/pt\/produto\/huawei-nova-5t\/#listItem"},{"@type":"ListItem","@id":"https:\/\/www.rucashk.com\/pt\/produto\/huawei-nova-5t\/#listItem","position":2,"name":"HUAWEI NOVA 5T","previousItem":"https:\/\/www.rucashk.com\/pt\/#listItem"}]},{"@type":"Organization","@id":"https:\/\/www.rucashk.com\/pt\/#organization","name":"Rucas","url":"https:\/\/www.rucashk.com\/pt\/","logo":{"@type":"ImageObject","url":"https:\/\/www.rucashk.com\/wp-content\/uploads\/2023\/12\/Rucas_campany_logo.png","@id":"https:\/\/www.rucashk.com\/pt\/produto\/huawei-nova-5t\/#organizationLogo","width":221,"height":65},"image":{"@id":"https:\/\/www.rucashk.com\/pt\/#organizationLogo"}},{"@type":"Person","@id":"https:\/\/www.rucashk.com\/pt\/author\/admin\/#author","url":"https:\/\/www.rucashk.com\/pt\/author\/admin\/","name":"admin","image":{"@type":"ImageObject","@id":"https:\/\/www.rucashk.com\/pt\/produto\/huawei-nova-5t\/#authorImage","url":"https:\/\/secure.gravatar.com\/avatar\/b7c8925b09a27e72b30232f8ecaadbd5af0f70a38c78096863fe51b64f031c24?s=96&d=mm&r=g","width":96,"height":96,"caption":"admin"}},{"@type":"WebPage","@id":"https:\/\/www.rucashk.com\/pt\/produto\/huawei-nova-5t\/#webpage","url":"https:\/\/www.rucashk.com\/pt\/produto\/huawei-nova-5t\/","name":"HUAWEI NOVA 5T - Rucas - Wholesale and Distribution","description":"Main Features: Equipped with rear AI 5 professional cameras. 6.26 inch full screen that give you a wide and clear view. 48MP HD front camera. Support 22.5W HUAWEI SuperCharge, 30 minutes to charge 50%. Fully upgraded GPU Turbo3.0 image processing techniques.","inLanguage":"pt-PT","isPartOf":{"@id":"https:\/\/www.rucashk.com\/pt\/#website"},"breadcrumb":{"@id":"https:\/\/www.rucashk.com\/pt\/produto\/huawei-nova-5t\/#breadcrumblist"},"author":{"@id":"https:\/\/www.rucashk.com\/pt\/author\/admin\/#author"},"creator":{"@id":"https:\/\/www.rucashk.com\/pt\/author\/admin\/#author"},"image":{"@type":"ImageObject","url":"https:\/\/www.rucashk.com\/wp-content\/uploads\/2024\/01\/huawei-nova-5t.jpg","@id":"https:\/\/www.rucashk.com\/pt\/produto\/huawei-nova-5t\/#mainImage","width":800,"height":800},"primaryImageOfPage":{"@id":"https:\/\/www.rucashk.com\/pt\/produto\/huawei-nova-5t\/#mainImage"},"datePublished":"2024-01-09T15:58:35+00:00","dateModified":"2024-03-11T06:50:12+00:00"},{"@type":"WebSite","@id":"https:\/\/www.rucashk.com\/pt\/#website","url":"https:\/\/www.rucashk.com\/pt\/","name":"Rucas - Wholesale and distribution worldwide","alternateName":"Rucas - One-stop AIoT Distribution Worldwide","description":"One-stop AIoT Distribution Worldwide","inLanguage":"pt-PT","publisher":{"@id":"https:\/\/www.rucashk.com\/pt\/#organization"}}]}},"aioseo_meta_data":{"post_id":"23867","title":null,"description":null,"keywords":null,"keyphrases":null,"primary_term":null,"canonical_url":null,"og_title":null,"og_description":null,"og_object_type":"default","og_image_type":"default","og_image_url":null,"og_image_width":null,"og_image_height":null,"og_image_custom_url":null,"og_image_custom_fields":null,"og_video":null,"og_custom_url":null,"og_article_section":null,"og_article_tags":null,"twitter_use_og":false,"twitter_card":"default","twitter_image_type":"default","twitter_image_url":null,"twitter_image_custom_url":null,"twitter_image_custom_fields":null,"twitter_title":null,"twitter_description":null,"schema":{"blockGraphs":[],"customGraphs":[],"default":{"data":{"Article":[],"Course":[],"Dataset":[],"FAQPage":[],"Movie":[],"Person":[],"Product":[],"Recipe":[],"Service":[],"SoftwareApplication":[],"WebPage":[]},"graphName":"","isEnabled":true},"graphs":[]},"schema_type":"default","schema_type_options":null,"pillar_content":false,"robots_default":true,"robots_noindex":false,"robots_noarchive":false,"robots_nosnippet":false,"robots_nofollow":false,"robots_noimageindex":false,"robots_noodp":false,"robots_notranslate":false,"robots_max_snippet":null,"robots_max_videopreview":null,"robots_max_imagepreview":"large","priority":null,"frequency":null,"local_seo":null,"breadcrumb_settings":null,"limit_modified_date":false,"created":"2024-04-11 01:57:07","updated":"2025-06-22 17:17:04"},"aioseo_breadcrumb":"<div class=\"aioseo-breadcrumbs\"><span class=\"aioseo-breadcrumb\">\n\t<a href=\"https:\/\/www.rucashk.com\/pt\" title=\"Home\">Home<\/a>\n<\/span><span class=\"aioseo-breadcrumb-separator\">&raquo;<\/span><span class=\"aioseo-breadcrumb\">\n\t<a href=\"https:\/\/www.rucashk.com\/pt\/products\/\" title=\"Produtos\">Produtos<\/a>\n<\/span><span class=\"aioseo-breadcrumb-separator\">&raquo;<\/span><span class=\"aioseo-breadcrumb\">\n\t<a href=\"https:\/\/www.rucashk.com\/pt\/categoria-produto\/other-a-brands\/\" title=\"Other A-Brands\">Other A-Brands<\/a>\n<\/span><span class=\"aioseo-breadcrumb-separator\">&raquo;<\/span><span class=\"aioseo-breadcrumb\">\n\t<a href=\"https:\/\/www.rucashk.com\/pt\/categoria-produto\/other-a-brands\/huawei-other-a-brands\/\" title=\"Huawei\">Huawei<\/a>\n<\/span><span class=\"aioseo-breadcrumb-separator\">&raquo;<\/span><span class=\"aioseo-breadcrumb\">\n\tHUAWEI NOVA 5T\n<\/span><\/div>","aioseo_breadcrumb_json":[{"label":"Home","link":"https:\/\/www.rucashk.com\/pt"},{"label":"Produtos","link":"https:\/\/www.rucashk.com\/pt\/products\/"},{"label":"Other A-Brands","link":"https:\/\/www.rucashk.com\/pt\/categoria-produto\/other-a-brands\/"},{"label":"Huawei","link":"https:\/\/www.rucashk.com\/pt\/categoria-produto\/other-a-brands\/huawei-other-a-brands\/"},{"label":"HUAWEI NOVA 5T","link":"https:\/\/www.rucashk.com\/pt\/produto\/huawei-nova-5t\/"}],"_links":{"self":[{"href":"https:\/\/www.rucashk.com\/pt\/wp-json\/wp\/v2\/product\/23867","targetHints":{"allow":["GET"]}}],"collection":[{"href":"https:\/\/www.rucashk.com\/pt\/wp-json\/wp\/v2\/product"}],"about":[{"href":"https:\/\/www.rucashk.com\/pt\/wp-json\/wp\/v2\/types\/product"}],"wp:featuredmedia":[{"embeddable":true,"href":"https:\/\/www.rucashk.com\/pt\/wp-json\/wp\/v2\/media\/23976"}],"wp:attachment":[{"href":"https:\/\/www.rucashk.com\/pt\/wp-json\/wp\/v2\/media?parent=23867"}],"wp:term":[{"taxonomy":"product_brand","embeddable":true,"href":"https:\/\/www.rucashk.com\/pt\/wp-json\/wp\/v2\/product_brand?post=23867"},{"taxonomy":"product_cat","embeddable":true,"href":"https:\/\/www.rucashk.com\/pt\/wp-json\/wp\/v2\/product_cat?post=23867"},{"taxonomy":"product_tag","embeddable":true,"href":"https:\/\/www.rucashk.com\/pt\/wp-json\/wp\/v2\/product_tag?post=23867"}],"curies":[{"name":"wp","href":"https:\/\/api.w.org\/{rel}","templated":true}]}}