{"id":23829,"date":"2024-01-09T15:58:12","date_gmt":"2024-01-09T15:58:12","guid":{"rendered":"http:\/\/rucashk.com\/?post_type=product&#038;p=23829"},"modified":"2024-01-20T10:23:10","modified_gmt":"2024-01-20T10:23:10","slug":"xiaomi-mijia-dc-floor-fan-1x","status":"publish","type":"product","link":"https:\/\/www.rucashk.com\/pt\/produto\/xiaomi-mijia-dc-floor-fan-1x\/","title":{"rendered":"Ventilador de ch\u00e3o Xiaomi Mijia DC 1X"},"content":{"rendered":"<p><img decoding=\"async\" title=\"20190510171456_85259.jpg\" src=\"https:\/\/www.rucashk.com\/wp-content\/uploads\/2020\/07\/H758ac1c54fb543088c4526cc423d55e9K.jpg\" \/><\/p>\n<div>Conforto de vento natural suave, amplo e inconstante.<\/div>\n<div>\n<p data-spm-anchor-id=\"a2g0o.detail.1000023.i0.13a519a1X62n80\">As caracter\u00edsticas de harmonia, formato amplo e inconst\u00e2ncia s\u00e3o os segredos que deixam as pessoas descoladas e confort\u00e1veis.<\/p>\n<p><img decoding=\"async\" src=\"https:\/\/www.rucashk.com\/wp-content\/uploads\/2020\/07\/Hc582e6acce5e4433801ee099009725feA.jpg\" alt=\"10\" \/><\/p>\n<p data-spm-anchor-id=\"a2g0o.detail.1000023.i1.13a519a1X62n80\">A velocidade do vento muda irregularmente para que os usu\u00e1rios possam senti-lo mais pr\u00f3ximo do vento natural<\/p>\n<p data-spm-anchor-id=\"a2g0o.detail.1000023.i0.13a519a1X62n80\">\n<\/div>\n<p><img decoding=\"async\" title=\"20190510171456_33718.jpg\" src=\"https:\/\/www.rucashk.com\/wp-content\/uploads\/2020\/07\/H94894c6a0f6549cfadd6f6701f66746dZ.jpg\" \/><\/p>\n<div>Design de l\u00e2mina para grandes \u00e1reas<\/div>\n<div>\n<p data-spm-anchor-id=\"a2g0o.detail.1000023.i2.13a519a1X62n80\">Corte o fluxo de ar para um mais delicado e macio<\/p>\n<\/div>\n<p><img decoding=\"async\" title=\"20190510171456_75318.jpg\" src=\"https:\/\/www.rucashk.com\/wp-content\/uploads\/2020\/07\/Hbe9f8dc6f5e9467280a7936bf2a5f034A.jpg\" \/><\/p>\n<p>Operando no aplicativo Mihome, os usu\u00e1rios podem ajustar a velocidade do vento de 100 marchas e a amplitude da cabe\u00e7a oscilante de 140 \u00b0, para atender a diferentes necessidades.<\/p>\n<p><img decoding=\"async\" title=\"20190510171456_96098.jpg\" src=\"https:\/\/www.rucashk.com\/wp-content\/uploads\/2020\/07\/H2a1b525a5be848b1853bc23d1f0822b35.jpg\" \/><\/p>\n<p>14 metros de dist\u00e2ncia de fornecimento de ar super distante, que permite que o ar condicionado seja distribu\u00eddo uniformemente na sala<\/p>\n<div class=\"self-adaption\"><img decoding=\"async\" title=\"20190510171457_58473.jpg\" src=\"https:\/\/www.rucashk.com\/wp-content\/uploads\/2020\/07\/H2b1611df747543a3ae28e3fb02833723B.jpg\" \/><\/div>\n<div>Som de trabalho m\u00ednimo de 26,6dB(A)<\/div>\n<div data-spm-anchor-id=\"a2g0o.detail.1000023.i7.13a519a1X62n80\">sua brisa soprando faz voc\u00ea dormir a noite toda<\/div>\n<p><img decoding=\"async\" title=\"20190510171457_73368.jpg\" src=\"https:\/\/www.rucashk.com\/wp-content\/uploads\/2020\/07\/Hdda0677dea3a460e91f1401f4c7a6c72N.jpg\" \/><\/p>\n<p><img decoding=\"async\" src=\"https:\/\/www.rucashk.com\/wp-content\/uploads\/2020\/07\/H2608d41ef06749c7a3b9ae0a137e1ecf1.jpg\" \/><\/p>\n<p data-spm-anchor-id=\"a2g0o.detail.1000023.i2.7d146afaNOhVjA\">\nModelo: 1X<br \/>\nMaterial: ABS<br \/>\nTipo: Ventiladores de Refrigera\u00e7\u00e3o<br \/>\nPot\u00eancia: 220V<br \/>\nFrequ\u00eancia: 50Hz<br \/>\nPeso do produto: 2,8000 kg<br \/>\nPeso da embalagem: 3,0000 kg<br \/>\nTamanho do produto (C x L x A): 95,00 x 34,30 x 33,00 cm \/ 37,4 x 13,5 x 12,99 polegadas<br \/>\nTamanho do pacote (C x L x A): 85,50 x 18,50 x 36,50 cm \/ 33,66 x 7,28 x 14,37 polegadas<br \/>\nConte\u00fado do pacote: 1 x pilar (motor), 1 x conjunto de componentes do ventilador, 1 x base, 1 x manual chin\u00eas, 1 x cabo de carregamento<\/p>\n<p data-spm-anchor-id=\"a2g0o.detail.1000023.i2.7d146afaNOhVjA\">Especifica\u00e7\u00e3o:<br \/>\n\u25cf Volume de ar: menos de 20cbm\/por minuto<br \/>\n\u25cf Ru\u00eddo: m\u00edn. 26,6dB(A)<br \/>\n\u25cf Tempo de trabalho: 500h (1,8 W de pot\u00eancia mais baixa)<br \/>\n<span data-spm-anchor-id=\"a2g0o.detail.1000023.i1.7d146afaNOhVjA\">\u25cf Comprimento do cabo: 1,6 m<\/span><\/p>","protected":false},"excerpt":{"rendered":"<p>Principais caracter\u00edsticas<br \/>\n\u25cf Adjustable 100-level wind, through connecting APP ( Mijia )<br \/>\n\u25cf 7 fan blades design for strong max. distance of 14m wind power<br \/>\n\u25cf Low noise without trouble your sleep<br \/>\n\u25cf Intelligent AI voice control<br \/>\n\u25cf 140 degrees wide pendulum angle<\/p>","protected":false},"featured_media":23936,"template":"","meta":[],"product_brand":[],"product_cat":[1318,1305],"product_tag":[968],"class_list":{"0":"post-23829","1":"product","2":"type-product","3":"status-publish","4":"has-post-thumbnail","6":"product_cat-gadgets","7":"product_cat-xiaomi-eco","8":"product_tag-xiaomi-mijia-dc-floor-fan-1x","10":"first","11":"instock","12":"shipping-taxable","13":"product-type-external"},"aioseo_notices":[],"aioseo_head":"\n\t\t<!-- All in One SEO Pro 4.5.9.2 - aioseo.com -->\n\t\t<meta name=\"description\" content=\"Main Features \u25cf Adjustable 100-level wind, through connecting APP ( Mijia ) \u25cf 7 fan blades design for strong max. distance of 14m wind power \u25cf Low noise without trouble your sleep \u25cf Intelligent AI voice control \u25cf 140 degrees wide pendulum angle\" \/>\n\t\t<meta name=\"robots\" content=\"max-image-preview:large\" \/>\n\t\t<link rel=\"canonical\" href=\"https:\/\/www.rucashk.com\/pt\/produto\/xiaomi-mijia-dc-floor-fan-1x\/\" \/>\n\t\t<meta name=\"generator\" content=\"All in One SEO Pro (AIOSEO) 4.5.9.2\" \/>\n\t\t<meta property=\"og:locale\" content=\"pt_PT\" \/>\n\t\t<meta property=\"og:site_name\" content=\"Rucas - One-stop AIoT Distribution Worldwide\" \/>\n\t\t<meta property=\"og:type\" content=\"article\" \/>\n\t\t<meta property=\"og:title\" content=\"Xiaomi Mijia DC Floor Fan 1X - Rucas - Wholesale and Distribution\" \/>\n\t\t<meta property=\"og:description\" content=\"Main Features \u25cf Adjustable 100-level wind, through connecting APP ( Mijia ) \u25cf 7 fan blades design for strong max. distance of 14m wind power \u25cf Low noise without trouble your sleep \u25cf Intelligent AI voice control \u25cf 140 degrees wide pendulum angle\" \/>\n\t\t<meta property=\"og:url\" content=\"https:\/\/www.rucashk.com\/pt\/produto\/xiaomi-mijia-dc-floor-fan-1x\/\" \/>\n\t\t<meta property=\"og:image\" content=\"https:\/\/www.rucashk.com\/wp-content\/uploads\/replace\/503b8e645f128a97ccde2b6290747646.jpeg\" \/>\n\t\t<meta property=\"og:image:secure_url\" content=\"https:\/\/www.rucashk.com\/wp-content\/uploads\/replace\/503b8e645f128a97ccde2b6290747646.jpeg\" \/>\n\t\t<meta property=\"og:image:width\" content=\"1456\" \/>\n\t\t<meta property=\"og:image:height\" content=\"816\" \/>\n\t\t<meta property=\"article:published_time\" content=\"2024-01-09T15:58:12+00:00\" \/>\n\t\t<meta property=\"article:modified_time\" content=\"2024-01-20T10:23:10+00:00\" \/>\n\t\t<meta name=\"twitter:card\" content=\"summary_large_image\" \/>\n\t\t<meta name=\"twitter:title\" content=\"Xiaomi Mijia DC Floor Fan 1X - Rucas - Wholesale and Distribution\" \/>\n\t\t<meta name=\"twitter:description\" content=\"Main Features \u25cf Adjustable 100-level wind, through connecting APP ( Mijia ) \u25cf 7 fan blades design for strong max. distance of 14m wind power \u25cf Low noise without trouble your sleep \u25cf Intelligent AI voice control \u25cf 140 degrees wide pendulum angle\" \/>\n\t\t<meta name=\"twitter:image\" content=\"https:\/\/www.rucashk.com\/wp-content\/uploads\/replace\/503b8e645f128a97ccde2b6290747646.jpeg\" \/>\n\t\t<script type=\"application\/ld+json\" class=\"aioseo-schema\">\n\t\t\t{\"@context\":\"https:\\\/\\\/schema.org\",\"@graph\":[{\"@type\":\"BreadcrumbList\",\"@id\":\"https:\\\/\\\/www.rucashk.com\\\/pt\\\/produto\\\/xiaomi-mijia-dc-floor-fan-1x\\\/#breadcrumblist\",\"itemListElement\":[{\"@type\":\"ListItem\",\"@id\":\"https:\\\/\\\/www.rucashk.com\\\/pt\\\/#listItem\",\"position\":1,\"name\":\"Home\",\"item\":\"https:\\\/\\\/www.rucashk.com\\\/pt\\\/\",\"nextItem\":\"https:\\\/\\\/www.rucashk.com\\\/pt\\\/produto\\\/xiaomi-mijia-dc-floor-fan-1x\\\/#listItem\"},{\"@type\":\"ListItem\",\"@id\":\"https:\\\/\\\/www.rucashk.com\\\/pt\\\/produto\\\/xiaomi-mijia-dc-floor-fan-1x\\\/#listItem\",\"position\":2,\"name\":\"Xiaomi Mijia DC Floor Fan 1X\",\"previousItem\":\"https:\\\/\\\/www.rucashk.com\\\/pt\\\/#listItem\"}]},{\"@type\":\"Organization\",\"@id\":\"https:\\\/\\\/www.rucashk.com\\\/pt\\\/#organization\",\"name\":\"Rucas\",\"url\":\"https:\\\/\\\/www.rucashk.com\\\/pt\\\/\",\"logo\":{\"@type\":\"ImageObject\",\"url\":\"https:\\\/\\\/www.rucashk.com\\\/wp-content\\\/uploads\\\/2023\\\/12\\\/Rucas_campany_logo.png\",\"@id\":\"https:\\\/\\\/www.rucashk.com\\\/pt\\\/produto\\\/xiaomi-mijia-dc-floor-fan-1x\\\/#organizationLogo\",\"width\":221,\"height\":65},\"image\":{\"@id\":\"https:\\\/\\\/www.rucashk.com\\\/pt\\\/#organizationLogo\"}},{\"@type\":\"Person\",\"@id\":\"https:\\\/\\\/www.rucashk.com\\\/pt\\\/author\\\/admin\\\/#author\",\"url\":\"https:\\\/\\\/www.rucashk.com\\\/pt\\\/author\\\/admin\\\/\",\"name\":\"admin\",\"image\":{\"@type\":\"ImageObject\",\"@id\":\"https:\\\/\\\/www.rucashk.com\\\/pt\\\/produto\\\/xiaomi-mijia-dc-floor-fan-1x\\\/#authorImage\",\"url\":\"https:\\\/\\\/secure.gravatar.com\\\/avatar\\\/b7c8925b09a27e72b30232f8ecaadbd5af0f70a38c78096863fe51b64f031c24?s=96&d=mm&r=g\",\"width\":96,\"height\":96,\"caption\":\"admin\"}},{\"@type\":\"WebPage\",\"@id\":\"https:\\\/\\\/www.rucashk.com\\\/pt\\\/produto\\\/xiaomi-mijia-dc-floor-fan-1x\\\/#webpage\",\"url\":\"https:\\\/\\\/www.rucashk.com\\\/pt\\\/produto\\\/xiaomi-mijia-dc-floor-fan-1x\\\/\",\"name\":\"Xiaomi Mijia DC Floor Fan 1X - Rucas - Wholesale and Distribution\",\"description\":\"Main Features \\u25cf Adjustable 100-level wind, through connecting APP ( Mijia ) \\u25cf 7 fan blades design for strong max. distance of 14m wind power \\u25cf Low noise without trouble your sleep \\u25cf Intelligent AI voice control \\u25cf 140 degrees wide pendulum angle\",\"inLanguage\":\"pt-PT\",\"isPartOf\":{\"@id\":\"https:\\\/\\\/www.rucashk.com\\\/pt\\\/#website\"},\"breadcrumb\":{\"@id\":\"https:\\\/\\\/www.rucashk.com\\\/pt\\\/produto\\\/xiaomi-mijia-dc-floor-fan-1x\\\/#breadcrumblist\"},\"author\":{\"@id\":\"https:\\\/\\\/www.rucashk.com\\\/pt\\\/author\\\/admin\\\/#author\"},\"creator\":{\"@id\":\"https:\\\/\\\/www.rucashk.com\\\/pt\\\/author\\\/admin\\\/#author\"},\"image\":{\"@type\":\"ImageObject\",\"url\":\"https:\\\/\\\/www.rucashk.com\\\/wp-content\\\/uploads\\\/2024\\\/01\\\/2019-Xiaomi-Mijia-DC-Inverter-Fan-1X-for-Home-Cooler-House-Floor-Standing-Fan-Portable-Air.jpg\",\"@id\":\"https:\\\/\\\/www.rucashk.com\\\/pt\\\/produto\\\/xiaomi-mijia-dc-floor-fan-1x\\\/#mainImage\",\"width\":800,\"height\":800},\"primaryImageOfPage\":{\"@id\":\"https:\\\/\\\/www.rucashk.com\\\/pt\\\/produto\\\/xiaomi-mijia-dc-floor-fan-1x\\\/#mainImage\"},\"datePublished\":\"2024-01-09T15:58:12+00:00\",\"dateModified\":\"2024-01-20T10:23:10+00:00\"},{\"@type\":\"WebSite\",\"@id\":\"https:\\\/\\\/www.rucashk.com\\\/pt\\\/#website\",\"url\":\"https:\\\/\\\/www.rucashk.com\\\/pt\\\/\",\"name\":\"Rucas - Wholesale and distribution worldwide\",\"alternateName\":\"Rucas - One-stop AIoT Distribution Worldwide\",\"description\":\"One-stop AIoT Distribution Worldwide\",\"inLanguage\":\"pt-PT\",\"publisher\":{\"@id\":\"https:\\\/\\\/www.rucashk.com\\\/pt\\\/#organization\"}}]}\n\t\t<\/script>\n\t\t<!-- All in One SEO Pro -->\r\n\t\t<title>Xiaomi Mijia DC Floor Fan 1X - Rucas - Wholesale and Distribution<\/title>\n\n","aioseo_head_json":{"title":"Xiaomi Mijia DC Floor Fan 1X - Rucas - Wholesale and Distribution","description":"Main Features \u25cf Adjustable 100-level wind, through connecting APP ( Mijia ) \u25cf 7 fan blades design for strong max. distance of 14m wind power \u25cf Low noise without trouble your sleep \u25cf Intelligent AI voice control \u25cf 140 degrees wide pendulum angle","canonical_url":"https:\/\/www.rucashk.com\/pt\/produto\/xiaomi-mijia-dc-floor-fan-1x\/","robots":"max-image-preview:large","keywords":"","webmasterTools":{"miscellaneous":""},"og:locale":"pt_PT","og:site_name":"Rucas - One-stop AIoT Distribution Worldwide","og:type":"article","og:title":"Xiaomi Mijia DC Floor Fan 1X - Rucas - Wholesale and Distribution","og:description":"Main Features \u25cf Adjustable 100-level wind, through connecting APP ( Mijia ) \u25cf 7 fan blades design for strong max. distance of 14m wind power \u25cf Low noise without trouble your sleep \u25cf Intelligent AI voice control \u25cf 140 degrees wide pendulum angle","og:url":"https:\/\/www.rucashk.com\/pt\/produto\/xiaomi-mijia-dc-floor-fan-1x\/","og:image":"https:\/\/www.rucashk.com\/wp-content\/uploads\/replace\/503b8e645f128a97ccde2b6290747646.jpeg","og:image:secure_url":"https:\/\/www.rucashk.com\/wp-content\/uploads\/replace\/503b8e645f128a97ccde2b6290747646.jpeg","og:image:width":1456,"og:image:height":816,"article:published_time":"2024-01-09T15:58:12+00:00","article:modified_time":"2024-01-20T10:23:10+00:00","twitter:card":"summary_large_image","twitter:title":"Xiaomi Mijia DC Floor Fan 1X - Rucas - Wholesale and Distribution","twitter:description":"Main Features \u25cf Adjustable 100-level wind, through connecting APP ( Mijia ) \u25cf 7 fan blades design for strong max. distance of 14m wind power \u25cf Low noise without trouble your sleep \u25cf Intelligent AI voice control \u25cf 140 degrees wide pendulum angle","twitter:image":"https:\/\/www.rucashk.com\/wp-content\/uploads\/replace\/503b8e645f128a97ccde2b6290747646.jpeg","schema":{"@context":"https:\/\/schema.org","@graph":[{"@type":"BreadcrumbList","@id":"https:\/\/www.rucashk.com\/pt\/produto\/xiaomi-mijia-dc-floor-fan-1x\/#breadcrumblist","itemListElement":[{"@type":"ListItem","@id":"https:\/\/www.rucashk.com\/pt\/#listItem","position":1,"name":"Home","item":"https:\/\/www.rucashk.com\/pt\/","nextItem":"https:\/\/www.rucashk.com\/pt\/produto\/xiaomi-mijia-dc-floor-fan-1x\/#listItem"},{"@type":"ListItem","@id":"https:\/\/www.rucashk.com\/pt\/produto\/xiaomi-mijia-dc-floor-fan-1x\/#listItem","position":2,"name":"Xiaomi Mijia DC Floor Fan 1X","previousItem":"https:\/\/www.rucashk.com\/pt\/#listItem"}]},{"@type":"Organization","@id":"https:\/\/www.rucashk.com\/pt\/#organization","name":"Rucas","url":"https:\/\/www.rucashk.com\/pt\/","logo":{"@type":"ImageObject","url":"https:\/\/www.rucashk.com\/wp-content\/uploads\/2023\/12\/Rucas_campany_logo.png","@id":"https:\/\/www.rucashk.com\/pt\/produto\/xiaomi-mijia-dc-floor-fan-1x\/#organizationLogo","width":221,"height":65},"image":{"@id":"https:\/\/www.rucashk.com\/pt\/#organizationLogo"}},{"@type":"Person","@id":"https:\/\/www.rucashk.com\/pt\/author\/admin\/#author","url":"https:\/\/www.rucashk.com\/pt\/author\/admin\/","name":"admin","image":{"@type":"ImageObject","@id":"https:\/\/www.rucashk.com\/pt\/produto\/xiaomi-mijia-dc-floor-fan-1x\/#authorImage","url":"https:\/\/secure.gravatar.com\/avatar\/b7c8925b09a27e72b30232f8ecaadbd5af0f70a38c78096863fe51b64f031c24?s=96&d=mm&r=g","width":96,"height":96,"caption":"admin"}},{"@type":"WebPage","@id":"https:\/\/www.rucashk.com\/pt\/produto\/xiaomi-mijia-dc-floor-fan-1x\/#webpage","url":"https:\/\/www.rucashk.com\/pt\/produto\/xiaomi-mijia-dc-floor-fan-1x\/","name":"Xiaomi Mijia DC Floor Fan 1X - Rucas - Wholesale and Distribution","description":"Main Features \u25cf Adjustable 100-level wind, through connecting APP ( Mijia ) \u25cf 7 fan blades design for strong max. distance of 14m wind power \u25cf Low noise without trouble your sleep \u25cf Intelligent AI voice control \u25cf 140 degrees wide pendulum angle","inLanguage":"pt-PT","isPartOf":{"@id":"https:\/\/www.rucashk.com\/pt\/#website"},"breadcrumb":{"@id":"https:\/\/www.rucashk.com\/pt\/produto\/xiaomi-mijia-dc-floor-fan-1x\/#breadcrumblist"},"author":{"@id":"https:\/\/www.rucashk.com\/pt\/author\/admin\/#author"},"creator":{"@id":"https:\/\/www.rucashk.com\/pt\/author\/admin\/#author"},"image":{"@type":"ImageObject","url":"https:\/\/www.rucashk.com\/wp-content\/uploads\/2024\/01\/2019-Xiaomi-Mijia-DC-Inverter-Fan-1X-for-Home-Cooler-House-Floor-Standing-Fan-Portable-Air.jpg","@id":"https:\/\/www.rucashk.com\/pt\/produto\/xiaomi-mijia-dc-floor-fan-1x\/#mainImage","width":800,"height":800},"primaryImageOfPage":{"@id":"https:\/\/www.rucashk.com\/pt\/produto\/xiaomi-mijia-dc-floor-fan-1x\/#mainImage"},"datePublished":"2024-01-09T15:58:12+00:00","dateModified":"2024-01-20T10:23:10+00:00"},{"@type":"WebSite","@id":"https:\/\/www.rucashk.com\/pt\/#website","url":"https:\/\/www.rucashk.com\/pt\/","name":"Rucas - Wholesale and distribution worldwide","alternateName":"Rucas - One-stop AIoT Distribution Worldwide","description":"One-stop AIoT Distribution Worldwide","inLanguage":"pt-PT","publisher":{"@id":"https:\/\/www.rucashk.com\/pt\/#organization"}}]}},"aioseo_meta_data":{"post_id":"23829","title":null,"description":null,"keywords":null,"keyphrases":null,"primary_term":null,"canonical_url":null,"og_title":null,"og_description":null,"og_object_type":"default","og_image_type":"default","og_image_url":null,"og_image_width":null,"og_image_height":null,"og_image_custom_url":null,"og_image_custom_fields":null,"og_video":null,"og_custom_url":null,"og_article_section":null,"og_article_tags":null,"twitter_use_og":false,"twitter_card":"default","twitter_image_type":"default","twitter_image_url":null,"twitter_image_custom_url":null,"twitter_image_custom_fields":null,"twitter_title":null,"twitter_description":null,"schema":{"blockGraphs":[],"customGraphs":[],"default":{"data":{"Article":[],"Course":[],"Dataset":[],"FAQPage":[],"Movie":[],"Person":[],"Product":[],"Recipe":[],"Service":[],"SoftwareApplication":[],"WebPage":[]},"graphName":"","isEnabled":true},"graphs":[]},"schema_type":"default","schema_type_options":null,"pillar_content":false,"robots_default":true,"robots_noindex":false,"robots_noarchive":false,"robots_nosnippet":false,"robots_nofollow":false,"robots_noimageindex":false,"robots_noodp":false,"robots_notranslate":false,"robots_max_snippet":null,"robots_max_videopreview":null,"robots_max_imagepreview":"large","priority":null,"frequency":null,"local_seo":null,"breadcrumb_settings":null,"limit_modified_date":false,"created":"2024-04-11 01:57:07","updated":"2025-06-22 17:16:08"},"aioseo_breadcrumb":"<div class=\"aioseo-breadcrumbs\"><span class=\"aioseo-breadcrumb\">\n\t<a href=\"https:\/\/www.rucashk.com\/pt\" title=\"Home\">Home<\/a>\n<\/span><span class=\"aioseo-breadcrumb-separator\">&raquo;<\/span><span class=\"aioseo-breadcrumb\">\n\t<a href=\"https:\/\/www.rucashk.com\/pt\/products\/\" title=\"Produtos\">Produtos<\/a>\n<\/span><span class=\"aioseo-breadcrumb-separator\">&raquo;<\/span><span class=\"aioseo-breadcrumb\">\n\t<a href=\"https:\/\/www.rucashk.com\/pt\/categoria-produto\/xiaomi-eco\/\" title=\"Xiaomi Eco\">Xiaomi Eco<\/a>\n<\/span><span class=\"aioseo-breadcrumb-separator\">&raquo;<\/span><span class=\"aioseo-breadcrumb\">\n\t<a href=\"https:\/\/www.rucashk.com\/pt\/categoria-produto\/xiaomi-eco\/gadgets\/\" title=\"Gadgets\">Gadgets<\/a>\n<\/span><span class=\"aioseo-breadcrumb-separator\">&raquo;<\/span><span class=\"aioseo-breadcrumb\">\n\tXiaomi Mijia DC Floor Fan 1X\n<\/span><\/div>","aioseo_breadcrumb_json":[{"label":"Home","link":"https:\/\/www.rucashk.com\/pt"},{"label":"Produtos","link":"https:\/\/www.rucashk.com\/pt\/products\/"},{"label":"Xiaomi Eco","link":"https:\/\/www.rucashk.com\/pt\/categoria-produto\/xiaomi-eco\/"},{"label":"Gadgets","link":"https:\/\/www.rucashk.com\/pt\/categoria-produto\/xiaomi-eco\/gadgets\/"},{"label":"Xiaomi Mijia DC Floor Fan 1X","link":"https:\/\/www.rucashk.com\/pt\/produto\/xiaomi-mijia-dc-floor-fan-1x\/"}],"_links":{"self":[{"href":"https:\/\/www.rucashk.com\/pt\/wp-json\/wp\/v2\/product\/23829","targetHints":{"allow":["GET"]}}],"collection":[{"href":"https:\/\/www.rucashk.com\/pt\/wp-json\/wp\/v2\/product"}],"about":[{"href":"https:\/\/www.rucashk.com\/pt\/wp-json\/wp\/v2\/types\/product"}],"wp:featuredmedia":[{"embeddable":true,"href":"https:\/\/www.rucashk.com\/pt\/wp-json\/wp\/v2\/media\/23936"}],"wp:attachment":[{"href":"https:\/\/www.rucashk.com\/pt\/wp-json\/wp\/v2\/media?parent=23829"}],"wp:term":[{"taxonomy":"product_brand","embeddable":true,"href":"https:\/\/www.rucashk.com\/pt\/wp-json\/wp\/v2\/product_brand?post=23829"},{"taxonomy":"product_cat","embeddable":true,"href":"https:\/\/www.rucashk.com\/pt\/wp-json\/wp\/v2\/product_cat?post=23829"},{"taxonomy":"product_tag","embeddable":true,"href":"https:\/\/www.rucashk.com\/pt\/wp-json\/wp\/v2\/product_tag?post=23829"}],"curies":[{"name":"wp","href":"https:\/\/api.w.org\/{rel}","templated":true}]}}