{"id":23775,"date":"2024-01-09T15:57:48","date_gmt":"2024-01-09T15:57:48","guid":{"rendered":"http:\/\/rucashk.com\/?post_type=product&#038;p=23775"},"modified":"2024-01-20T10:23:30","modified_gmt":"2024-01-20T10:23:30","slug":"xiaomis-mijia-smartmi-dc-inverter-air-conditioner","status":"publish","type":"product","link":"https:\/\/www.rucashk.com\/pt\/produto\/xiaomis-mijia-smartmi-dc-inverter-air-conditioner\/","title":{"rendered":"Ar condicionado inversor Mijia Smartmi DC da Xiaomi"},"content":{"rendered":"<p class=\"detail-desc-decorate-content\" data-spm-anchor-id=\"a2g0o.detail.1000023.i0.7682be9dfB79Xx\"><img decoding=\"async\" class=\"detail-desc-decorate-image\" src=\"https:\/\/www.rucashk.com\/wp-content\/uploads\/2020\/07\/Hd4d7f6cc90714d3c8d97b8a9259d2c27A.jpg\" \/><img decoding=\"async\" class=\"detail-desc-decorate-image\" src=\"https:\/\/www.rucashk.com\/wp-content\/uploads\/2020\/07\/H870938ebc0624e5ab43f2a8f349bea4eU.jpg\" \/><img decoding=\"async\" class=\"detail-desc-decorate-image\" src=\"https:\/\/www.rucashk.com\/wp-content\/uploads\/2020\/07\/Hff9f9acc1cae4dbcb40bc98432b379748.jpg\" \/><img decoding=\"async\" class=\"detail-desc-decorate-image\" src=\"https:\/\/www.rucashk.com\/wp-content\/uploads\/2020\/07\/H74b680859021477fa7b77a1e05d3c8e64.jpg\" \/><img decoding=\"async\" class=\"detail-desc-decorate-image\" src=\"https:\/\/www.rucashk.com\/wp-content\/uploads\/2020\/07\/H013b85b40f494941a18ff2a4de7760a0z.jpg\" \/><img decoding=\"async\" class=\"detail-desc-decorate-image\" src=\"https:\/\/www.rucashk.com\/wp-content\/uploads\/2020\/07\/H5f92db559f4045f1b9e3d6dcd4e84131d.jpg\" \/><img decoding=\"async\" class=\"detail-desc-decorate-image\" src=\"https:\/\/www.rucashk.com\/wp-content\/uploads\/2020\/07\/Hd24e4c94d0264148905ae944b1868f6eD.jpg\" \/><img decoding=\"async\" class=\"detail-desc-decorate-image\" src=\"https:\/\/www.rucashk.com\/wp-content\/uploads\/2020\/07\/Hc93f497da72049b9bee18d58939365b14.jpg\" \/><img decoding=\"async\" class=\"detail-desc-decorate-image\" src=\"https:\/\/www.rucashk.com\/wp-content\/uploads\/2020\/07\/H4a50365b22134907bf35513f44401abcC.jpg\" \/><img decoding=\"async\" class=\"detail-desc-decorate-image\" src=\"https:\/\/www.rucashk.com\/wp-content\/uploads\/2020\/07\/Ha7fab26d30c54cd9b8031d71e7cf23ddl.jpg\" \/><\/p>\n<p data-spm-anchor-id=\"a2g0o.detail.1000023.i0.7682be9dfB79Xx\">O smartmi DC Frequency Conversion Floor 2S possui uma bateria de \u00edon de l\u00edtio integrada e pode ser usado sem conex\u00e3o a uma fonte de alimenta\u00e7\u00e3o. Ele suporta vento natural simulado, 4 tipos de ajuste de \u00e2ngulo da cabe\u00e7a oscilante, ajuste de velocidade do vento de 100 blocos e pode ser conectado de forma inteligente ao APP Mijia para controlar remotamente atrav\u00e9s do telefone celular ou conectado ao alto-falante Xiaomi A, alto-falante Xiaomi Xiaoai mini, etc. ., atrav\u00e9s do controle de voz.<\/p>\n<p data-spm-anchor-id=\"a2g0o.detail.1000023.i0.7682be9dfB79Xx\">O ventilador de ch\u00e3o com convers\u00e3o de frequ\u00eancia DC smartmi 2S est\u00e1 totalmente carregado e configurado no estado de n\u00e3o bloquear a primeira marcha e pode ser usado continuamente por cerca de 20 horas.<\/p>\n<p data-spm-anchor-id=\"a2g0o.detail.1000023.i0.7682be9dfB79Xx\">O ventilador de piso do inversor smartmi DC 2S possui uma bateria de \u00edon de l\u00edtio de 2800mAh integrada, que n\u00e3o permite que os usu\u00e1rios a substituam por conta pr\u00f3pria.<\/p>\n<p data-spm-anchor-id=\"a2g0o.detail.1000023.i0.7682be9dfB79Xx\">Par\u00e2metros do produto<br \/>\nVentilador de ch\u00e3o com convers\u00e3o de frequ\u00eancia DC smartmi 2<br \/>\nCategoria de produto: Ventilador de piso DC<br \/>\nTamanho do produto: 340*330*960mm<br \/>\nPeso l\u00edquido do produto: 3,2 kg<br \/>\nTens\u00e3o nominal: 220v-<br \/>\nPot\u00eancia nominal: 20w<br \/>\nComprimento do cabo de alimenta\u00e7\u00e3o: 1,6 m<br \/>\nVentilador de ch\u00e3o com convers\u00e3o de frequ\u00eancia DC smartmi 2S<br \/>\nCategoria de produto: Ventilador de piso DC<br \/>\nTamanho do produto: 340*330*960mm<br \/>\nPeso l\u00edquido do produto: 3,5kg<br \/>\nTens\u00e3o nominal: 220v-<br \/>\nPot\u00eancia nominal: 25w<br \/>\nTipo de bateria: Bateria de \u00edon de l\u00edtio<br \/>\nCapacidade nominal: 2800mAh (33,6Wh)<br \/>\nComprimento do cabo de alimenta\u00e7\u00e3o: 16m<\/p>","protected":false},"excerpt":{"rendered":"<p>O ventilador de piso com inversor smartmi DC 2S possui uma bateria de \u00edon de l\u00edtio integrada que suporta uso sem fio, enquanto o ventilador de piso com inversor smartmi DC 2 n\u00e3o possui bateria embutida e s\u00f3 pode ser ligado.<\/p>","protected":false},"featured_media":23886,"template":"","meta":[],"product_brand":[],"product_cat":[1318,1305],"product_tag":[],"class_list":{"0":"post-23775","1":"product","2":"type-product","3":"status-publish","4":"has-post-thumbnail","6":"product_cat-gadgets","7":"product_cat-xiaomi-eco","9":"first","10":"instock","11":"shipping-taxable","12":"product-type-external"},"aioseo_notices":[],"aioseo_head":"\n\t\t<!-- All in One SEO Pro 4.5.9.2 - aioseo.com -->\n\t\t<meta name=\"description\" content=\"The smartmi DC inverter floor fan 2S has a built-in lithium-ion battery pack that supports wireless use, while the smartmi DC inverter floor fan 2 has no built-in battery pack and can only be powered on.\" \/>\n\t\t<meta name=\"robots\" content=\"max-image-preview:large\" \/>\n\t\t<link rel=\"canonical\" href=\"https:\/\/www.rucashk.com\/pt\/produto\/xiaomis-mijia-smartmi-dc-inverter-air-conditioner\/\" \/>\n\t\t<meta name=\"generator\" content=\"All in One SEO Pro (AIOSEO) 4.5.9.2\" \/>\n\t\t<meta property=\"og:locale\" content=\"pt_PT\" \/>\n\t\t<meta property=\"og:site_name\" content=\"Rucas - One-stop AIoT Distribution Worldwide\" \/>\n\t\t<meta property=\"og:type\" content=\"article\" \/>\n\t\t<meta property=\"og:title\" content=\"Xiaomi\u2019s Mijia Smartmi DC Inverter Air Conditioner - Rucas - Wholesale and Distribution\" \/>\n\t\t<meta property=\"og:description\" content=\"The smartmi DC inverter floor fan 2S has a built-in lithium-ion battery pack that supports wireless use, while the smartmi DC inverter floor fan 2 has no built-in battery pack and can only be powered on.\" \/>\n\t\t<meta property=\"og:url\" content=\"https:\/\/www.rucashk.com\/pt\/produto\/xiaomis-mijia-smartmi-dc-inverter-air-conditioner\/\" \/>\n\t\t<meta property=\"og:image\" content=\"https:\/\/www.rucashk.com\/wp-content\/uploads\/replace\/503b8e645f128a97ccde2b6290747646.jpeg\" \/>\n\t\t<meta property=\"og:image:secure_url\" content=\"https:\/\/www.rucashk.com\/wp-content\/uploads\/replace\/503b8e645f128a97ccde2b6290747646.jpeg\" \/>\n\t\t<meta property=\"og:image:width\" content=\"1456\" \/>\n\t\t<meta property=\"og:image:height\" content=\"816\" \/>\n\t\t<meta property=\"article:published_time\" content=\"2024-01-09T15:57:48+00:00\" \/>\n\t\t<meta property=\"article:modified_time\" content=\"2024-01-20T10:23:30+00:00\" \/>\n\t\t<meta name=\"twitter:card\" content=\"summary_large_image\" \/>\n\t\t<meta name=\"twitter:title\" content=\"Xiaomi\u2019s Mijia Smartmi DC Inverter Air Conditioner - Rucas - Wholesale and Distribution\" \/>\n\t\t<meta name=\"twitter:description\" content=\"The smartmi DC inverter floor fan 2S has a built-in lithium-ion battery pack that supports wireless use, while the smartmi DC inverter floor fan 2 has no built-in battery pack and can only be powered on.\" \/>\n\t\t<meta name=\"twitter:image\" content=\"https:\/\/www.rucashk.com\/wp-content\/uploads\/replace\/503b8e645f128a97ccde2b6290747646.jpeg\" \/>\n\t\t<script type=\"application\/ld+json\" class=\"aioseo-schema\">\n\t\t\t{\"@context\":\"https:\\\/\\\/schema.org\",\"@graph\":[{\"@type\":\"BreadcrumbList\",\"@id\":\"https:\\\/\\\/www.rucashk.com\\\/pt\\\/produto\\\/xiaomis-mijia-smartmi-dc-inverter-air-conditioner\\\/#breadcrumblist\",\"itemListElement\":[{\"@type\":\"ListItem\",\"@id\":\"https:\\\/\\\/www.rucashk.com\\\/pt\\\/#listItem\",\"position\":1,\"name\":\"Home\",\"item\":\"https:\\\/\\\/www.rucashk.com\\\/pt\\\/\",\"nextItem\":\"https:\\\/\\\/www.rucashk.com\\\/pt\\\/produto\\\/xiaomis-mijia-smartmi-dc-inverter-air-conditioner\\\/#listItem\"},{\"@type\":\"ListItem\",\"@id\":\"https:\\\/\\\/www.rucashk.com\\\/pt\\\/produto\\\/xiaomis-mijia-smartmi-dc-inverter-air-conditioner\\\/#listItem\",\"position\":2,\"name\":\"Xiaomi's Mijia Smartmi DC Inverter Air Conditioner\",\"previousItem\":\"https:\\\/\\\/www.rucashk.com\\\/pt\\\/#listItem\"}]},{\"@type\":\"Organization\",\"@id\":\"https:\\\/\\\/www.rucashk.com\\\/pt\\\/#organization\",\"name\":\"Rucas\",\"url\":\"https:\\\/\\\/www.rucashk.com\\\/pt\\\/\",\"logo\":{\"@type\":\"ImageObject\",\"url\":\"https:\\\/\\\/www.rucashk.com\\\/wp-content\\\/uploads\\\/2023\\\/12\\\/Rucas_campany_logo.png\",\"@id\":\"https:\\\/\\\/www.rucashk.com\\\/pt\\\/produto\\\/xiaomis-mijia-smartmi-dc-inverter-air-conditioner\\\/#organizationLogo\",\"width\":221,\"height\":65},\"image\":{\"@id\":\"https:\\\/\\\/www.rucashk.com\\\/pt\\\/#organizationLogo\"}},{\"@type\":\"Person\",\"@id\":\"https:\\\/\\\/www.rucashk.com\\\/pt\\\/author\\\/admin\\\/#author\",\"url\":\"https:\\\/\\\/www.rucashk.com\\\/pt\\\/author\\\/admin\\\/\",\"name\":\"admin\",\"image\":{\"@type\":\"ImageObject\",\"@id\":\"https:\\\/\\\/www.rucashk.com\\\/pt\\\/produto\\\/xiaomis-mijia-smartmi-dc-inverter-air-conditioner\\\/#authorImage\",\"url\":\"https:\\\/\\\/secure.gravatar.com\\\/avatar\\\/b7c8925b09a27e72b30232f8ecaadbd5af0f70a38c78096863fe51b64f031c24?s=96&d=mm&r=g\",\"width\":96,\"height\":96,\"caption\":\"admin\"}},{\"@type\":\"WebPage\",\"@id\":\"https:\\\/\\\/www.rucashk.com\\\/pt\\\/produto\\\/xiaomis-mijia-smartmi-dc-inverter-air-conditioner\\\/#webpage\",\"url\":\"https:\\\/\\\/www.rucashk.com\\\/pt\\\/produto\\\/xiaomis-mijia-smartmi-dc-inverter-air-conditioner\\\/\",\"name\":\"Xiaomi\\u2019s Mijia Smartmi DC Inverter Air Conditioner - Rucas - Wholesale and Distribution\",\"description\":\"The smartmi DC inverter floor fan 2S has a built-in lithium-ion battery pack that supports wireless use, while the smartmi DC inverter floor fan 2 has no built-in battery pack and can only be powered on.\",\"inLanguage\":\"pt-PT\",\"isPartOf\":{\"@id\":\"https:\\\/\\\/www.rucashk.com\\\/pt\\\/#website\"},\"breadcrumb\":{\"@id\":\"https:\\\/\\\/www.rucashk.com\\\/pt\\\/produto\\\/xiaomis-mijia-smartmi-dc-inverter-air-conditioner\\\/#breadcrumblist\"},\"author\":{\"@id\":\"https:\\\/\\\/www.rucashk.com\\\/pt\\\/author\\\/admin\\\/#author\"},\"creator\":{\"@id\":\"https:\\\/\\\/www.rucashk.com\\\/pt\\\/author\\\/admin\\\/#author\"},\"image\":{\"@type\":\"ImageObject\",\"url\":\"https:\\\/\\\/www.rucashk.com\\\/wp-content\\\/uploads\\\/2024\\\/01\\\/2020-New-Xiaomi-smartmi-Smart-Floor-electric-Fan-2-2S-Dc-Inverter-Vertical-AI-Voice-Mijia.jpg\",\"@id\":\"https:\\\/\\\/www.rucashk.com\\\/pt\\\/produto\\\/xiaomis-mijia-smartmi-dc-inverter-air-conditioner\\\/#mainImage\",\"width\":800,\"height\":800},\"primaryImageOfPage\":{\"@id\":\"https:\\\/\\\/www.rucashk.com\\\/pt\\\/produto\\\/xiaomis-mijia-smartmi-dc-inverter-air-conditioner\\\/#mainImage\"},\"datePublished\":\"2024-01-09T15:57:48+00:00\",\"dateModified\":\"2024-01-20T10:23:30+00:00\"},{\"@type\":\"WebSite\",\"@id\":\"https:\\\/\\\/www.rucashk.com\\\/pt\\\/#website\",\"url\":\"https:\\\/\\\/www.rucashk.com\\\/pt\\\/\",\"name\":\"Rucas - Wholesale and distribution worldwide\",\"alternateName\":\"Rucas - One-stop AIoT Distribution Worldwide\",\"description\":\"One-stop AIoT Distribution Worldwide\",\"inLanguage\":\"pt-PT\",\"publisher\":{\"@id\":\"https:\\\/\\\/www.rucashk.com\\\/pt\\\/#organization\"}}]}\n\t\t<\/script>\n\t\t<!-- All in One SEO Pro -->\r\n\t\t<title>Xiaomi\u2019s Mijia Smartmi DC Inverter Air Conditioner - Rucas - Wholesale and Distribution<\/title>\n\n","aioseo_head_json":{"title":"Xiaomi\u2019s Mijia Smartmi DC Inverter Air Conditioner - Rucas - Wholesale and Distribution","description":"The smartmi DC inverter floor fan 2S has a built-in lithium-ion battery pack that supports wireless use, while the smartmi DC inverter floor fan 2 has no built-in battery pack and can only be powered on.","canonical_url":"https:\/\/www.rucashk.com\/pt\/produto\/xiaomis-mijia-smartmi-dc-inverter-air-conditioner\/","robots":"max-image-preview:large","keywords":"","webmasterTools":{"miscellaneous":""},"og:locale":"pt_PT","og:site_name":"Rucas - One-stop AIoT Distribution Worldwide","og:type":"article","og:title":"Xiaomi\u2019s Mijia Smartmi DC Inverter Air Conditioner - Rucas - Wholesale and Distribution","og:description":"The smartmi DC inverter floor fan 2S has a built-in lithium-ion battery pack that supports wireless use, while the smartmi DC inverter floor fan 2 has no built-in battery pack and can only be powered on.","og:url":"https:\/\/www.rucashk.com\/pt\/produto\/xiaomis-mijia-smartmi-dc-inverter-air-conditioner\/","og:image":"https:\/\/www.rucashk.com\/wp-content\/uploads\/replace\/503b8e645f128a97ccde2b6290747646.jpeg","og:image:secure_url":"https:\/\/www.rucashk.com\/wp-content\/uploads\/replace\/503b8e645f128a97ccde2b6290747646.jpeg","og:image:width":1456,"og:image:height":816,"article:published_time":"2024-01-09T15:57:48+00:00","article:modified_time":"2024-01-20T10:23:30+00:00","twitter:card":"summary_large_image","twitter:title":"Xiaomi\u2019s Mijia Smartmi DC Inverter Air Conditioner - Rucas - Wholesale and Distribution","twitter:description":"The smartmi DC inverter floor fan 2S has a built-in lithium-ion battery pack that supports wireless use, while the smartmi DC inverter floor fan 2 has no built-in battery pack and can only be powered on.","twitter:image":"https:\/\/www.rucashk.com\/wp-content\/uploads\/replace\/503b8e645f128a97ccde2b6290747646.jpeg","schema":{"@context":"https:\/\/schema.org","@graph":[{"@type":"BreadcrumbList","@id":"https:\/\/www.rucashk.com\/pt\/produto\/xiaomis-mijia-smartmi-dc-inverter-air-conditioner\/#breadcrumblist","itemListElement":[{"@type":"ListItem","@id":"https:\/\/www.rucashk.com\/pt\/#listItem","position":1,"name":"Home","item":"https:\/\/www.rucashk.com\/pt\/","nextItem":"https:\/\/www.rucashk.com\/pt\/produto\/xiaomis-mijia-smartmi-dc-inverter-air-conditioner\/#listItem"},{"@type":"ListItem","@id":"https:\/\/www.rucashk.com\/pt\/produto\/xiaomis-mijia-smartmi-dc-inverter-air-conditioner\/#listItem","position":2,"name":"Xiaomi's Mijia Smartmi DC Inverter Air Conditioner","previousItem":"https:\/\/www.rucashk.com\/pt\/#listItem"}]},{"@type":"Organization","@id":"https:\/\/www.rucashk.com\/pt\/#organization","name":"Rucas","url":"https:\/\/www.rucashk.com\/pt\/","logo":{"@type":"ImageObject","url":"https:\/\/www.rucashk.com\/wp-content\/uploads\/2023\/12\/Rucas_campany_logo.png","@id":"https:\/\/www.rucashk.com\/pt\/produto\/xiaomis-mijia-smartmi-dc-inverter-air-conditioner\/#organizationLogo","width":221,"height":65},"image":{"@id":"https:\/\/www.rucashk.com\/pt\/#organizationLogo"}},{"@type":"Person","@id":"https:\/\/www.rucashk.com\/pt\/author\/admin\/#author","url":"https:\/\/www.rucashk.com\/pt\/author\/admin\/","name":"admin","image":{"@type":"ImageObject","@id":"https:\/\/www.rucashk.com\/pt\/produto\/xiaomis-mijia-smartmi-dc-inverter-air-conditioner\/#authorImage","url":"https:\/\/secure.gravatar.com\/avatar\/b7c8925b09a27e72b30232f8ecaadbd5af0f70a38c78096863fe51b64f031c24?s=96&d=mm&r=g","width":96,"height":96,"caption":"admin"}},{"@type":"WebPage","@id":"https:\/\/www.rucashk.com\/pt\/produto\/xiaomis-mijia-smartmi-dc-inverter-air-conditioner\/#webpage","url":"https:\/\/www.rucashk.com\/pt\/produto\/xiaomis-mijia-smartmi-dc-inverter-air-conditioner\/","name":"Xiaomi\u2019s Mijia Smartmi DC Inverter Air Conditioner - Rucas - Wholesale and Distribution","description":"The smartmi DC inverter floor fan 2S has a built-in lithium-ion battery pack that supports wireless use, while the smartmi DC inverter floor fan 2 has no built-in battery pack and can only be powered on.","inLanguage":"pt-PT","isPartOf":{"@id":"https:\/\/www.rucashk.com\/pt\/#website"},"breadcrumb":{"@id":"https:\/\/www.rucashk.com\/pt\/produto\/xiaomis-mijia-smartmi-dc-inverter-air-conditioner\/#breadcrumblist"},"author":{"@id":"https:\/\/www.rucashk.com\/pt\/author\/admin\/#author"},"creator":{"@id":"https:\/\/www.rucashk.com\/pt\/author\/admin\/#author"},"image":{"@type":"ImageObject","url":"https:\/\/www.rucashk.com\/wp-content\/uploads\/2024\/01\/2020-New-Xiaomi-smartmi-Smart-Floor-electric-Fan-2-2S-Dc-Inverter-Vertical-AI-Voice-Mijia.jpg","@id":"https:\/\/www.rucashk.com\/pt\/produto\/xiaomis-mijia-smartmi-dc-inverter-air-conditioner\/#mainImage","width":800,"height":800},"primaryImageOfPage":{"@id":"https:\/\/www.rucashk.com\/pt\/produto\/xiaomis-mijia-smartmi-dc-inverter-air-conditioner\/#mainImage"},"datePublished":"2024-01-09T15:57:48+00:00","dateModified":"2024-01-20T10:23:30+00:00"},{"@type":"WebSite","@id":"https:\/\/www.rucashk.com\/pt\/#website","url":"https:\/\/www.rucashk.com\/pt\/","name":"Rucas - Wholesale and distribution worldwide","alternateName":"Rucas - One-stop AIoT Distribution Worldwide","description":"One-stop AIoT Distribution Worldwide","inLanguage":"pt-PT","publisher":{"@id":"https:\/\/www.rucashk.com\/pt\/#organization"}}]}},"aioseo_meta_data":{"post_id":"23775","title":null,"description":null,"keywords":null,"keyphrases":null,"primary_term":null,"canonical_url":null,"og_title":null,"og_description":null,"og_object_type":"default","og_image_type":"default","og_image_url":null,"og_image_width":null,"og_image_height":null,"og_image_custom_url":null,"og_image_custom_fields":null,"og_video":null,"og_custom_url":null,"og_article_section":null,"og_article_tags":null,"twitter_use_og":false,"twitter_card":"default","twitter_image_type":"default","twitter_image_url":null,"twitter_image_custom_url":null,"twitter_image_custom_fields":null,"twitter_title":null,"twitter_description":null,"schema":{"blockGraphs":[],"customGraphs":[],"default":{"data":{"Article":[],"Course":[],"Dataset":[],"FAQPage":[],"Movie":[],"Person":[],"Product":[],"Recipe":[],"Service":[],"SoftwareApplication":[],"WebPage":[]},"graphName":"","isEnabled":true},"graphs":[]},"schema_type":"default","schema_type_options":null,"pillar_content":false,"robots_default":true,"robots_noindex":false,"robots_noarchive":false,"robots_nosnippet":false,"robots_nofollow":false,"robots_noimageindex":false,"robots_noodp":false,"robots_notranslate":false,"robots_max_snippet":null,"robots_max_videopreview":null,"robots_max_imagepreview":"large","priority":null,"frequency":null,"local_seo":null,"breadcrumb_settings":null,"limit_modified_date":false,"created":"2024-04-11 01:57:06","updated":"2025-06-22 17:15:04"},"aioseo_breadcrumb":"<div class=\"aioseo-breadcrumbs\"><span class=\"aioseo-breadcrumb\">\n\t<a href=\"https:\/\/www.rucashk.com\/pt\" title=\"Home\">Home<\/a>\n<\/span><span class=\"aioseo-breadcrumb-separator\">&raquo;<\/span><span class=\"aioseo-breadcrumb\">\n\t<a href=\"https:\/\/www.rucashk.com\/pt\/products\/\" title=\"Produtos\">Produtos<\/a>\n<\/span><span class=\"aioseo-breadcrumb-separator\">&raquo;<\/span><span class=\"aioseo-breadcrumb\">\n\t<a href=\"https:\/\/www.rucashk.com\/pt\/categoria-produto\/xiaomi-eco\/\" title=\"Xiaomi Eco\">Xiaomi Eco<\/a>\n<\/span><span class=\"aioseo-breadcrumb-separator\">&raquo;<\/span><span class=\"aioseo-breadcrumb\">\n\t<a href=\"https:\/\/www.rucashk.com\/pt\/categoria-produto\/xiaomi-eco\/gadgets\/\" title=\"Gadgets\">Gadgets<\/a>\n<\/span><span class=\"aioseo-breadcrumb-separator\">&raquo;<\/span><span class=\"aioseo-breadcrumb\">\n\tXiaomi\u2019s Mijia Smartmi DC Inverter Air Conditioner\n<\/span><\/div>","aioseo_breadcrumb_json":[{"label":"Home","link":"https:\/\/www.rucashk.com\/pt"},{"label":"Produtos","link":"https:\/\/www.rucashk.com\/pt\/products\/"},{"label":"Xiaomi Eco","link":"https:\/\/www.rucashk.com\/pt\/categoria-produto\/xiaomi-eco\/"},{"label":"Gadgets","link":"https:\/\/www.rucashk.com\/pt\/categoria-produto\/xiaomi-eco\/gadgets\/"},{"label":"Xiaomi&#8217;s Mijia Smartmi DC Inverter Air Conditioner","link":"https:\/\/www.rucashk.com\/pt\/produto\/xiaomis-mijia-smartmi-dc-inverter-air-conditioner\/"}],"_links":{"self":[{"href":"https:\/\/www.rucashk.com\/pt\/wp-json\/wp\/v2\/product\/23775","targetHints":{"allow":["GET"]}}],"collection":[{"href":"https:\/\/www.rucashk.com\/pt\/wp-json\/wp\/v2\/product"}],"about":[{"href":"https:\/\/www.rucashk.com\/pt\/wp-json\/wp\/v2\/types\/product"}],"wp:featuredmedia":[{"embeddable":true,"href":"https:\/\/www.rucashk.com\/pt\/wp-json\/wp\/v2\/media\/23886"}],"wp:attachment":[{"href":"https:\/\/www.rucashk.com\/pt\/wp-json\/wp\/v2\/media?parent=23775"}],"wp:term":[{"taxonomy":"product_brand","embeddable":true,"href":"https:\/\/www.rucashk.com\/pt\/wp-json\/wp\/v2\/product_brand?post=23775"},{"taxonomy":"product_cat","embeddable":true,"href":"https:\/\/www.rucashk.com\/pt\/wp-json\/wp\/v2\/product_cat?post=23775"},{"taxonomy":"product_tag","embeddable":true,"href":"https:\/\/www.rucashk.com\/pt\/wp-json\/wp\/v2\/product_tag?post=23775"}],"curies":[{"name":"wp","href":"https:\/\/api.w.org\/{rel}","templated":true}]}}