{"id":23738,"date":"2024-01-09T15:57:25","date_gmt":"2024-01-09T15:57:25","guid":{"rendered":"http:\/\/rucashk.com\/?post_type=product&#038;p=23738"},"modified":"2024-01-22T07:23:15","modified_gmt":"2024-01-22T07:23:15","slug":"oneplus-bullets-wireless-z","status":"publish","type":"product","link":"https:\/\/www.rucashk.com\/pt\/produto\/oneplus-bullets-wireless-z\/","title":{"rendered":"Oneplus balas sem fio z"},"content":{"rendered":"<div class=\"textDesc\">\n<p class=\"textDescTitle\">Principais caracter\u00edsticas<\/p>\n<p class=\"textDescContent\">Bullets Wireless Z Carregue por 10 minutos, aproveite por 10 horas.<\/p>\n<p>Carga de Dobra<br \/>\n20 horas de resist\u00eancia<br \/>\nTroca r\u00e1pida<br \/>\nModo de baixa lat\u00eancia<br \/>\nEm geral:<\/p>\n<p>\u00c1udio intra-auricular<br \/>\nPeso<\/p>\n<p>28g<br \/>\nVida \u00fatil da bateria<\/p>\n<p>At\u00e9 20 horas<br \/>\n10 minutos de carga para 10 horas de \u00e1udio<br \/>\nM\u00e9todo de carregamento da bateria<\/p>\n<p>USB tipo C<br \/>\nControles<\/p>\n<p>Controle magn\u00e9tico<br \/>\nBot\u00e3o<\/p>\n<p>Troca r\u00e1pida, volume, pular faixa, chamadas telef\u00f4nicas, assistente de voz<br \/>\nResistente ao suor e \u00e0 \u00e1gua<\/p>\n<p>IP55<\/p>\n<p>Bluetooth<br \/>\nAlcance Bluetooth<\/p>\n<p>At\u00e9 33 p\u00e9s (10 m)<br \/>\nVers\u00e3o Bluetooth<\/p>\n<p>5.0<\/p>\n<p>O que est\u00e1 na caixa<br \/>\nPar de Balas Wireless Z x 1<br \/>\nGuia do usu\u00e1rio x 1<br \/>\nFones de ouvido de silicone x 3<br \/>\nCart\u00e3o de seguran\u00e7a e garantia x 1<br \/>\nCabo de carregamento USB x 1<\/p>\n<\/div>\n<div class=\"sizeDesc js-sizeDescription\">\n<p class=\"sizeDescTitle\">Especifica\u00e7\u00e3o<\/p>\n<div class=\"sizeDescTable\">\n<div class=\"sizeDescCate  topBorder\">\n<div class=\"sizeDescCateContent\">conte\u00fado do pacote<\/div>\n<\/div>\n<div class=\"sizeDescDetail  topBorder\">\n<div class=\"sizeDescContent\">Par de Bullets Wireless Z x 1 Guia do usu\u00e1rio x 1 Fones de ouvido de silicone x 3 Cart\u00e3o de seguran\u00e7a e garantia x 1 Cabo de carregamento USB x 1<\/div>\n<\/div>\n<\/div>\n<div class=\"sizeDescTable\">\n<div class=\"sizeDescCate\">\n<div class=\"sizeDescCateContent\">Tempo de espera<\/div>\n<\/div>\n<div class=\"sizeDescDetail\">\n<div class=\"sizeDescContent\">20h<\/div>\n<\/div>\n<\/div>\n<div class=\"sizeDescTable\">\n<div class=\"sizeDescCate\">\n<div class=\"sizeDescCateContent\">Canal de som<\/div>\n<\/div>\n<div class=\"sizeDescDetail\">\n<div class=\"sizeDescContent\">Dois canais (est\u00e9reo)<\/div>\n<\/div>\n<\/div>\n<div class=\"sizeDescTable\">\n<div class=\"sizeDescCate\">\n<div class=\"sizeDescCateContent\">Linguagem<\/div>\n<\/div>\n<div class=\"sizeDescDetail\">\n<div class=\"sizeDescContent\">Ingl\u00eas, Chin\u00eas<\/div>\n<\/div>\n<\/div>\n<div class=\"sizeDescTable\">\n<div class=\"sizeDescCate\">\n<div class=\"sizeDescCateContent\">Tamanhos de pacote<\/div>\n<\/div>\n<div class=\"sizeDescDetail\">\n<div class=\"sizeDescContent\">20*18*6cm<\/div>\n<\/div>\n<\/div>\n<div class=\"sizeDescTable\">\n<div class=\"sizeDescCate\">\n<div class=\"sizeDescCateContent\">Modelo de produto<\/div>\n<\/div>\n<div class=\"sizeDescDetail\">\n<div class=\"sizeDescContent\">Balas sem fio Z<\/div>\n<\/div>\n<\/div>\n<div class=\"sizeDescTable\">\n<div class=\"sizeDescCate\">\n<div class=\"sizeDescCateContent\">Materiais Principais<\/div>\n<\/div>\n<div class=\"sizeDescDetail\">\n<div class=\"sizeDescContent\">Pl\u00e1stico, Abs, Silicone<\/div>\n<\/div>\n<\/div>\n<div class=\"sizeDescTable\">\n<div class=\"sizeDescCate\">\n<div class=\"sizeDescCateContent\">Pesos do produto<\/div>\n<\/div>\n<div class=\"sizeDescDetail\">\n<div class=\"sizeDescContent\">27,5g<\/div>\n<\/div>\n<\/div>\n<div class=\"sizeDescTable\">\n<div class=\"sizeDescCate\">\n<div class=\"sizeDescCateContent\">Tipo de driver<\/div>\n<\/div>\n<div class=\"sizeDescDetail\">\n<div class=\"sizeDescContent\">Armadura Balanceada<\/div>\n<\/div>\n<\/div>\n<div class=\"sizeDescTable\">\n<div class=\"sizeDescCate\">\n<div class=\"sizeDescCateContent\">Pesos de pacotes<\/div>\n<\/div>\n<div class=\"sizeDescDetail\">\n<div class=\"sizeDescContent\">0,215kg<\/div>\n<\/div>\n<\/div>\n<div class=\"sizeDescTable\">\n<div class=\"sizeDescCate\">\n<div class=\"sizeDescCateContent\">Escopo de aplica\u00e7\u00e3o<\/div>\n<\/div>\n<div class=\"sizeDescDetail\">\n<div class=\"sizeDescContent\">Jogos, Esporte, Trabalho<\/div>\n<\/div>\n<\/div>\n<div class=\"sizeDescTable\">\n<div class=\"sizeDescCate\">\n<div class=\"sizeDescCateContent\">Conectividade<\/div>\n<\/div>\n<div class=\"sizeDescDetail\">\n<div class=\"sizeDescContent\">Sem fio<\/div>\n<\/div>\n<\/div>\n<div class=\"sizeDescTable\">\n<div class=\"sizeDescCate\">\n<div class=\"sizeDescCateContent\">Resposta de frequ\u00eancia<\/div>\n<\/div>\n<div class=\"sizeDescDetail\">\n<div class=\"sizeDescContent\">20-20.000 kHz<\/div>\n<\/div>\n<\/div>\n<div class=\"sizeDescTable\">\n<div class=\"sizeDescCate\">\n<div class=\"sizeDescCateContent\">Compat\u00edvel com<\/div>\n<\/div>\n<div class=\"sizeDescDetail\">\n<div class=\"sizeDescContent\">Celular<\/div>\n<\/div>\n<\/div>\n<div class=\"sizeDescTable\">\n<div class=\"sizeDescCate\">\n<div class=\"sizeDescCateContent\">Caracter\u00edsticas<\/div>\n<\/div>\n<div class=\"sizeDescDetail\">\n<div class=\"sizeDescContent\">O som ao Redor<\/div>\n<\/div>\n<\/div>\n<div class=\"sizeDescTable\">\n<div class=\"sizeDescCate\">\n<div class=\"sizeDescCateContent\">Interface de conex\u00e3o<\/div>\n<\/div>\n<div class=\"sizeDescDetail\">\n<div class=\"sizeDescContent\">Tipo-C<\/div>\n<\/div>\n<\/div>\n<div class=\"sizeDescTable\">\n<div class=\"sizeDescCate\">\n<div class=\"sizeDescCateContent\">Tipo de uso<\/div>\n<\/div>\n<div class=\"sizeDescDetail\">\n<div class=\"sizeDescContent\">Gancho de orelha<\/div>\n<\/div>\n<\/div>\n<div class=\"sizeDescTable\">\n<div class=\"sizeDescCate\">\n<div class=\"sizeDescCateContent\">Tipo de plugue<\/div>\n<\/div>\n<div class=\"sizeDescDetail\">\n<div class=\"sizeDescContent\">USB tipo C<\/div>\n<\/div>\n<\/div>\n<div class=\"sizeDescTable\">\n<div class=\"sizeDescCate\">\n<div class=\"sizeDescCateContent\">Marcas<\/div>\n<\/div>\n<div class=\"sizeDescDetail\">\n<div class=\"sizeDescContent\">OnePlus<\/div>\n<\/div>\n<\/div>\n<div class=\"sizeDescTable\">\n<div class=\"sizeDescCate\">\n<div class=\"sizeDescCateContent\">Com fun\u00e7\u00e3o de modem<\/div>\n<\/div>\n<div class=\"sizeDescDetail\">\n<div class=\"sizeDescContent\">Bluetooth<\/div>\n<\/div>\n<\/div>\n<div class=\"sizeDescTable\">\n<div class=\"sizeDescCate\">\n<div class=\"sizeDescCateContent\">Imped\u00e2ncia<\/div>\n<\/div>\n<div class=\"sizeDescDetail\">\n<div class=\"sizeDescContent\">32\u03a9<\/div>\n<\/div>\n<\/div>\n<\/div>\n<div class=\"imageDesc\">\n<p><img decoding=\"async\" class=\"js-descLazyload lazy-loaded\" src=\"https:\/\/www.rucashk.com\/wp-content\/uploads\/2020\/07\/d273900a7d8e.jpg\" data-lazy=\"https:\/\/www.rucashk.com\/wp-content\/uploads\/2020\/07\/d273900a7d8e.jpg\" data-was-processed=\"true\" \/><\/p>\n<p><img decoding=\"async\" class=\"js-descLazyload lazy-loaded\" src=\"https:\/\/www.rucashk.com\/wp-content\/uploads\/2020\/07\/a69b559d95d6.jpg\" data-lazy=\"https:\/\/www.rucashk.com\/wp-content\/uploads\/2020\/07\/a69b559d95d6.jpg\" data-was-processed=\"true\" \/><\/p>\n<p><img decoding=\"async\" class=\"js-descLazyload lazy-loaded\" src=\"https:\/\/www.rucashk.com\/wp-content\/uploads\/2020\/07\/a0728db5a960.jpg\" data-lazy=\"https:\/\/www.rucashk.com\/wp-content\/uploads\/2020\/07\/a0728db5a960.jpg\" data-was-processed=\"true\" \/><\/p>\n<p><img decoding=\"async\" class=\"js-descLazyload lazy-loaded\" src=\"https:\/\/www.rucashk.com\/wp-content\/uploads\/2020\/07\/be54bce88a4c.jpg\" data-lazy=\"https:\/\/www.rucashk.com\/wp-content\/uploads\/2020\/07\/be54bce88a4c.jpg\" data-was-processed=\"true\" \/><\/p>\n<p><img decoding=\"async\" class=\"js-descLazyload lazy-loaded\" src=\"https:\/\/www.rucashk.com\/wp-content\/uploads\/2020\/07\/fa7dace18ac1.jpg\" data-lazy=\"https:\/\/www.rucashk.com\/wp-content\/uploads\/2020\/07\/fa7dace18ac1.jpg\" data-was-processed=\"true\" \/><\/p>\n<p><img decoding=\"async\" class=\"js-descLazyload lazy-loaded\" src=\"https:\/\/www.rucashk.com\/wp-content\/uploads\/2020\/07\/5f4984b76358.jpg\" data-lazy=\"https:\/\/www.rucashk.com\/wp-content\/uploads\/2020\/07\/5f4984b76358.jpg\" data-was-processed=\"true\" \/><\/p>\n<p><img decoding=\"async\" class=\"js-descLazyload lazy-loaded\" src=\"https:\/\/www.rucashk.com\/wp-content\/uploads\/2020\/07\/8910e20c554a.jpg\" data-lazy=\"https:\/\/www.rucashk.com\/wp-content\/uploads\/2020\/07\/8910e20c554a.jpg\" data-was-processed=\"true\" \/><\/p>\n<p><img decoding=\"async\" class=\"js-descLazyload lazy-loaded\" src=\"https:\/\/www.rucashk.com\/wp-content\/uploads\/2020\/07\/2e54230ecd59.jpg\" data-lazy=\"https:\/\/www.rucashk.com\/wp-content\/uploads\/2020\/07\/2e54230ecd59.jpg\" data-was-processed=\"true\" \/><\/p>\n<p><img decoding=\"async\" class=\"js-descLazyload lazy-loaded\" src=\"https:\/\/www.rucashk.com\/wp-content\/uploads\/2020\/07\/1be0a14f0490.jpg\" data-lazy=\"https:\/\/www.rucashk.com\/wp-content\/uploads\/2020\/07\/1be0a14f0490.jpg\" data-was-processed=\"true\" \/><\/p>\n<\/div>","protected":false},"excerpt":{"rendered":"<p>Main Features Bullets Wireless Z Charge for 10 minutes, enjoy for 10 hours. Warp Charge 20 Hours Endurance Quick Switch Low Latency Mode General: In-ear audio Weight 28g Battery life Up to 20 hours 10 minutes charge for 10 hours of audio Battery charge method USB Type-C Controls Magnetic control Button Quick Switch, volume, skip [&hellip;]<\/p>","protected":false},"featured_media":23876,"template":"","meta":[],"product_brand":[],"product_cat":[1348,1322],"product_tag":[953],"class_list":{"0":"post-23738","1":"product","2":"type-product","3":"status-publish","4":"has-post-thumbnail","6":"product_cat-oneplus-other-a-brands","7":"product_cat-other-a-brands","8":"product_tag-oneplus-bullets-wireless-z","10":"first","11":"instock","12":"shipping-taxable","13":"product-type-simple"},"aioseo_notices":[],"aioseo_head":"\n\t\t<!-- All in One SEO Pro 4.5.9.2 - aioseo.com -->\n\t\t<meta name=\"description\" content=\"Main Features Bullets Wireless Z Charge for 10 minutes, enjoy for 10 hours. Warp Charge 20 Hours Endurance Quick Switch Low Latency Mode General: In-ear audio Weight 28g Battery life Up to 20 hours 10 minutes charge for 10 hours of audio Battery charge method USB Type-C Controls Magnetic control Button Quick Switch, volume, skip\" \/>\n\t\t<meta name=\"robots\" content=\"max-image-preview:large\" \/>\n\t\t<link rel=\"canonical\" href=\"https:\/\/www.rucashk.com\/pt\/produto\/oneplus-bullets-wireless-z\/\" \/>\n\t\t<meta name=\"generator\" content=\"All in One SEO Pro (AIOSEO) 4.5.9.2\" \/>\n\t\t<meta property=\"og:locale\" content=\"pt_PT\" \/>\n\t\t<meta property=\"og:site_name\" content=\"Rucas - One-stop AIoT Distribution Worldwide\" \/>\n\t\t<meta property=\"og:type\" content=\"article\" \/>\n\t\t<meta property=\"og:title\" content=\"Oneplus bullets wireless z - Rucas - Wholesale and Distribution\" \/>\n\t\t<meta property=\"og:description\" content=\"Main Features Bullets Wireless Z Charge for 10 minutes, enjoy for 10 hours. Warp Charge 20 Hours Endurance Quick Switch Low Latency Mode General: In-ear audio Weight 28g Battery life Up to 20 hours 10 minutes charge for 10 hours of audio Battery charge method USB Type-C Controls Magnetic control Button Quick Switch, volume, skip\" \/>\n\t\t<meta property=\"og:url\" content=\"https:\/\/www.rucashk.com\/pt\/produto\/oneplus-bullets-wireless-z\/\" \/>\n\t\t<meta property=\"og:image\" content=\"https:\/\/www.rucashk.com\/wp-content\/uploads\/replace\/503b8e645f128a97ccde2b6290747646.jpeg\" \/>\n\t\t<meta property=\"og:image:secure_url\" content=\"https:\/\/www.rucashk.com\/wp-content\/uploads\/replace\/503b8e645f128a97ccde2b6290747646.jpeg\" \/>\n\t\t<meta property=\"og:image:width\" content=\"1456\" \/>\n\t\t<meta property=\"og:image:height\" content=\"816\" \/>\n\t\t<meta property=\"article:published_time\" content=\"2024-01-09T15:57:25+00:00\" \/>\n\t\t<meta property=\"article:modified_time\" content=\"2024-01-22T07:23:15+00:00\" \/>\n\t\t<meta name=\"twitter:card\" content=\"summary_large_image\" \/>\n\t\t<meta name=\"twitter:title\" content=\"Oneplus bullets wireless z - Rucas - Wholesale and Distribution\" \/>\n\t\t<meta name=\"twitter:description\" content=\"Main Features Bullets Wireless Z Charge for 10 minutes, enjoy for 10 hours. Warp Charge 20 Hours Endurance Quick Switch Low Latency Mode General: In-ear audio Weight 28g Battery life Up to 20 hours 10 minutes charge for 10 hours of audio Battery charge method USB Type-C Controls Magnetic control Button Quick Switch, volume, skip\" \/>\n\t\t<meta name=\"twitter:image\" content=\"https:\/\/www.rucashk.com\/wp-content\/uploads\/replace\/503b8e645f128a97ccde2b6290747646.jpeg\" \/>\n\t\t<script type=\"application\/ld+json\" class=\"aioseo-schema\">\n\t\t\t{\"@context\":\"https:\\\/\\\/schema.org\",\"@graph\":[{\"@type\":\"BreadcrumbList\",\"@id\":\"https:\\\/\\\/www.rucashk.com\\\/pt\\\/produto\\\/oneplus-bullets-wireless-z\\\/#breadcrumblist\",\"itemListElement\":[{\"@type\":\"ListItem\",\"@id\":\"https:\\\/\\\/www.rucashk.com\\\/pt\\\/#listItem\",\"position\":1,\"name\":\"Home\",\"item\":\"https:\\\/\\\/www.rucashk.com\\\/pt\\\/\",\"nextItem\":\"https:\\\/\\\/www.rucashk.com\\\/pt\\\/produto\\\/oneplus-bullets-wireless-z\\\/#listItem\"},{\"@type\":\"ListItem\",\"@id\":\"https:\\\/\\\/www.rucashk.com\\\/pt\\\/produto\\\/oneplus-bullets-wireless-z\\\/#listItem\",\"position\":2,\"name\":\"Oneplus\\u00a0bullets wireless z\",\"previousItem\":\"https:\\\/\\\/www.rucashk.com\\\/pt\\\/#listItem\"}]},{\"@type\":\"Organization\",\"@id\":\"https:\\\/\\\/www.rucashk.com\\\/pt\\\/#organization\",\"name\":\"Rucas\",\"url\":\"https:\\\/\\\/www.rucashk.com\\\/pt\\\/\",\"logo\":{\"@type\":\"ImageObject\",\"url\":\"https:\\\/\\\/www.rucashk.com\\\/wp-content\\\/uploads\\\/2023\\\/12\\\/Rucas_campany_logo.png\",\"@id\":\"https:\\\/\\\/www.rucashk.com\\\/pt\\\/produto\\\/oneplus-bullets-wireless-z\\\/#organizationLogo\",\"width\":221,\"height\":65},\"image\":{\"@id\":\"https:\\\/\\\/www.rucashk.com\\\/pt\\\/#organizationLogo\"}},{\"@type\":\"Person\",\"@id\":\"https:\\\/\\\/www.rucashk.com\\\/pt\\\/author\\\/admin\\\/#author\",\"url\":\"https:\\\/\\\/www.rucashk.com\\\/pt\\\/author\\\/admin\\\/\",\"name\":\"admin\",\"image\":{\"@type\":\"ImageObject\",\"@id\":\"https:\\\/\\\/www.rucashk.com\\\/pt\\\/produto\\\/oneplus-bullets-wireless-z\\\/#authorImage\",\"url\":\"https:\\\/\\\/secure.gravatar.com\\\/avatar\\\/b7c8925b09a27e72b30232f8ecaadbd5af0f70a38c78096863fe51b64f031c24?s=96&d=mm&r=g\",\"width\":96,\"height\":96,\"caption\":\"admin\"}},{\"@type\":\"WebPage\",\"@id\":\"https:\\\/\\\/www.rucashk.com\\\/pt\\\/produto\\\/oneplus-bullets-wireless-z\\\/#webpage\",\"url\":\"https:\\\/\\\/www.rucashk.com\\\/pt\\\/produto\\\/oneplus-bullets-wireless-z\\\/\",\"name\":\"Oneplus bullets wireless z - Rucas - Wholesale and Distribution\",\"description\":\"Main Features Bullets Wireless Z Charge for 10 minutes, enjoy for 10 hours. Warp Charge 20 Hours Endurance Quick Switch Low Latency Mode General: In-ear audio Weight 28g Battery life Up to 20 hours 10 minutes charge for 10 hours of audio Battery charge method USB Type-C Controls Magnetic control Button Quick Switch, volume, skip\",\"inLanguage\":\"pt-PT\",\"isPartOf\":{\"@id\":\"https:\\\/\\\/www.rucashk.com\\\/pt\\\/#website\"},\"breadcrumb\":{\"@id\":\"https:\\\/\\\/www.rucashk.com\\\/pt\\\/produto\\\/oneplus-bullets-wireless-z\\\/#breadcrumblist\"},\"author\":{\"@id\":\"https:\\\/\\\/www.rucashk.com\\\/pt\\\/author\\\/admin\\\/#author\"},\"creator\":{\"@id\":\"https:\\\/\\\/www.rucashk.com\\\/pt\\\/author\\\/admin\\\/#author\"},\"image\":{\"@type\":\"ImageObject\",\"url\":\"https:\\\/\\\/www.rucashk.com\\\/wp-content\\\/uploads\\\/2024\\\/01\\\/ee05503d-2b31-4220-a690-a0446129ee8f.jpg\",\"@id\":\"https:\\\/\\\/www.rucashk.com\\\/pt\\\/produto\\\/oneplus-bullets-wireless-z\\\/#mainImage\",\"width\":800,\"height\":800},\"primaryImageOfPage\":{\"@id\":\"https:\\\/\\\/www.rucashk.com\\\/pt\\\/produto\\\/oneplus-bullets-wireless-z\\\/#mainImage\"},\"datePublished\":\"2024-01-09T15:57:25+00:00\",\"dateModified\":\"2024-01-22T07:23:15+00:00\"},{\"@type\":\"WebSite\",\"@id\":\"https:\\\/\\\/www.rucashk.com\\\/pt\\\/#website\",\"url\":\"https:\\\/\\\/www.rucashk.com\\\/pt\\\/\",\"name\":\"Rucas - Wholesale and distribution worldwide\",\"alternateName\":\"Rucas - One-stop AIoT Distribution Worldwide\",\"description\":\"One-stop AIoT Distribution Worldwide\",\"inLanguage\":\"pt-PT\",\"publisher\":{\"@id\":\"https:\\\/\\\/www.rucashk.com\\\/pt\\\/#organization\"}}]}\n\t\t<\/script>\n\t\t<!-- All in One SEO Pro -->\r\n\t\t<title>Oneplus bullets wireless z - Rucas - Wholesale and Distribution<\/title>\n\n","aioseo_head_json":{"title":"Oneplus bullets wireless z - Rucas - Wholesale and Distribution","description":"Main Features Bullets Wireless Z Charge for 10 minutes, enjoy for 10 hours. Warp Charge 20 Hours Endurance Quick Switch Low Latency Mode General: In-ear audio Weight 28g Battery life Up to 20 hours 10 minutes charge for 10 hours of audio Battery charge method USB Type-C Controls Magnetic control Button Quick Switch, volume, skip","canonical_url":"https:\/\/www.rucashk.com\/pt\/produto\/oneplus-bullets-wireless-z\/","robots":"max-image-preview:large","keywords":"","webmasterTools":{"miscellaneous":""},"og:locale":"pt_PT","og:site_name":"Rucas - One-stop AIoT Distribution Worldwide","og:type":"article","og:title":"Oneplus bullets wireless z - Rucas - Wholesale and Distribution","og:description":"Main Features Bullets Wireless Z Charge for 10 minutes, enjoy for 10 hours. Warp Charge 20 Hours Endurance Quick Switch Low Latency Mode General: In-ear audio Weight 28g Battery life Up to 20 hours 10 minutes charge for 10 hours of audio Battery charge method USB Type-C Controls Magnetic control Button Quick Switch, volume, skip","og:url":"https:\/\/www.rucashk.com\/pt\/produto\/oneplus-bullets-wireless-z\/","og:image":"https:\/\/www.rucashk.com\/wp-content\/uploads\/replace\/503b8e645f128a97ccde2b6290747646.jpeg","og:image:secure_url":"https:\/\/www.rucashk.com\/wp-content\/uploads\/replace\/503b8e645f128a97ccde2b6290747646.jpeg","og:image:width":1456,"og:image:height":816,"article:published_time":"2024-01-09T15:57:25+00:00","article:modified_time":"2024-01-22T07:23:15+00:00","twitter:card":"summary_large_image","twitter:title":"Oneplus bullets wireless z - Rucas - Wholesale and Distribution","twitter:description":"Main Features Bullets Wireless Z Charge for 10 minutes, enjoy for 10 hours. Warp Charge 20 Hours Endurance Quick Switch Low Latency Mode General: In-ear audio Weight 28g Battery life Up to 20 hours 10 minutes charge for 10 hours of audio Battery charge method USB Type-C Controls Magnetic control Button Quick Switch, volume, skip","twitter:image":"https:\/\/www.rucashk.com\/wp-content\/uploads\/replace\/503b8e645f128a97ccde2b6290747646.jpeg","schema":{"@context":"https:\/\/schema.org","@graph":[{"@type":"BreadcrumbList","@id":"https:\/\/www.rucashk.com\/pt\/produto\/oneplus-bullets-wireless-z\/#breadcrumblist","itemListElement":[{"@type":"ListItem","@id":"https:\/\/www.rucashk.com\/pt\/#listItem","position":1,"name":"Home","item":"https:\/\/www.rucashk.com\/pt\/","nextItem":"https:\/\/www.rucashk.com\/pt\/produto\/oneplus-bullets-wireless-z\/#listItem"},{"@type":"ListItem","@id":"https:\/\/www.rucashk.com\/pt\/produto\/oneplus-bullets-wireless-z\/#listItem","position":2,"name":"Oneplus\u00a0bullets wireless z","previousItem":"https:\/\/www.rucashk.com\/pt\/#listItem"}]},{"@type":"Organization","@id":"https:\/\/www.rucashk.com\/pt\/#organization","name":"Rucas","url":"https:\/\/www.rucashk.com\/pt\/","logo":{"@type":"ImageObject","url":"https:\/\/www.rucashk.com\/wp-content\/uploads\/2023\/12\/Rucas_campany_logo.png","@id":"https:\/\/www.rucashk.com\/pt\/produto\/oneplus-bullets-wireless-z\/#organizationLogo","width":221,"height":65},"image":{"@id":"https:\/\/www.rucashk.com\/pt\/#organizationLogo"}},{"@type":"Person","@id":"https:\/\/www.rucashk.com\/pt\/author\/admin\/#author","url":"https:\/\/www.rucashk.com\/pt\/author\/admin\/","name":"admin","image":{"@type":"ImageObject","@id":"https:\/\/www.rucashk.com\/pt\/produto\/oneplus-bullets-wireless-z\/#authorImage","url":"https:\/\/secure.gravatar.com\/avatar\/b7c8925b09a27e72b30232f8ecaadbd5af0f70a38c78096863fe51b64f031c24?s=96&d=mm&r=g","width":96,"height":96,"caption":"admin"}},{"@type":"WebPage","@id":"https:\/\/www.rucashk.com\/pt\/produto\/oneplus-bullets-wireless-z\/#webpage","url":"https:\/\/www.rucashk.com\/pt\/produto\/oneplus-bullets-wireless-z\/","name":"Oneplus bullets wireless z - Rucas - Wholesale and Distribution","description":"Main Features Bullets Wireless Z Charge for 10 minutes, enjoy for 10 hours. Warp Charge 20 Hours Endurance Quick Switch Low Latency Mode General: In-ear audio Weight 28g Battery life Up to 20 hours 10 minutes charge for 10 hours of audio Battery charge method USB Type-C Controls Magnetic control Button Quick Switch, volume, skip","inLanguage":"pt-PT","isPartOf":{"@id":"https:\/\/www.rucashk.com\/pt\/#website"},"breadcrumb":{"@id":"https:\/\/www.rucashk.com\/pt\/produto\/oneplus-bullets-wireless-z\/#breadcrumblist"},"author":{"@id":"https:\/\/www.rucashk.com\/pt\/author\/admin\/#author"},"creator":{"@id":"https:\/\/www.rucashk.com\/pt\/author\/admin\/#author"},"image":{"@type":"ImageObject","url":"https:\/\/www.rucashk.com\/wp-content\/uploads\/2024\/01\/ee05503d-2b31-4220-a690-a0446129ee8f.jpg","@id":"https:\/\/www.rucashk.com\/pt\/produto\/oneplus-bullets-wireless-z\/#mainImage","width":800,"height":800},"primaryImageOfPage":{"@id":"https:\/\/www.rucashk.com\/pt\/produto\/oneplus-bullets-wireless-z\/#mainImage"},"datePublished":"2024-01-09T15:57:25+00:00","dateModified":"2024-01-22T07:23:15+00:00"},{"@type":"WebSite","@id":"https:\/\/www.rucashk.com\/pt\/#website","url":"https:\/\/www.rucashk.com\/pt\/","name":"Rucas - Wholesale and distribution worldwide","alternateName":"Rucas - One-stop AIoT Distribution Worldwide","description":"One-stop AIoT Distribution Worldwide","inLanguage":"pt-PT","publisher":{"@id":"https:\/\/www.rucashk.com\/pt\/#organization"}}]}},"aioseo_meta_data":{"post_id":"23738","title":null,"description":null,"keywords":null,"keyphrases":null,"primary_term":null,"canonical_url":null,"og_title":null,"og_description":null,"og_object_type":"default","og_image_type":"default","og_image_url":null,"og_image_width":null,"og_image_height":null,"og_image_custom_url":null,"og_image_custom_fields":null,"og_video":null,"og_custom_url":null,"og_article_section":null,"og_article_tags":null,"twitter_use_og":false,"twitter_card":"default","twitter_image_type":"default","twitter_image_url":null,"twitter_image_custom_url":null,"twitter_image_custom_fields":null,"twitter_title":null,"twitter_description":null,"schema":{"blockGraphs":[],"customGraphs":[],"default":{"data":{"Article":[],"Course":[],"Dataset":[],"FAQPage":[],"Movie":[],"Person":[],"Product":[],"Recipe":[],"Service":[],"SoftwareApplication":[],"WebPage":[]},"graphName":"","isEnabled":true},"graphs":[]},"schema_type":"default","schema_type_options":null,"pillar_content":false,"robots_default":true,"robots_noindex":false,"robots_noarchive":false,"robots_nosnippet":false,"robots_nofollow":false,"robots_noimageindex":false,"robots_noodp":false,"robots_notranslate":false,"robots_max_snippet":null,"robots_max_videopreview":null,"robots_max_imagepreview":"large","priority":null,"frequency":null,"local_seo":null,"breadcrumb_settings":null,"limit_modified_date":false,"created":"2024-04-11 01:57:06","updated":"2025-06-22 17:15:03"},"aioseo_breadcrumb":"<div class=\"aioseo-breadcrumbs\"><span class=\"aioseo-breadcrumb\">\n\t<a href=\"https:\/\/www.rucashk.com\/pt\" title=\"Home\">Home<\/a>\n<\/span><span class=\"aioseo-breadcrumb-separator\">&raquo;<\/span><span class=\"aioseo-breadcrumb\">\n\t<a href=\"https:\/\/www.rucashk.com\/pt\/products\/\" title=\"Produtos\">Produtos<\/a>\n<\/span><span class=\"aioseo-breadcrumb-separator\">&raquo;<\/span><span class=\"aioseo-breadcrumb\">\n\t<a href=\"https:\/\/www.rucashk.com\/pt\/categoria-produto\/other-a-brands\/\" title=\"Other A-Brands\">Other A-Brands<\/a>\n<\/span><span class=\"aioseo-breadcrumb-separator\">&raquo;<\/span><span class=\"aioseo-breadcrumb\">\n\t<a href=\"https:\/\/www.rucashk.com\/pt\/categoria-produto\/other-a-brands\/oneplus-other-a-brands\/\" title=\"Oneplus\">Oneplus<\/a>\n<\/span><span class=\"aioseo-breadcrumb-separator\">&raquo;<\/span><span class=\"aioseo-breadcrumb\">\n\tOneplus\u00a0bullets wireless z\n<\/span><\/div>","aioseo_breadcrumb_json":[{"label":"Home","link":"https:\/\/www.rucashk.com\/pt"},{"label":"Produtos","link":"https:\/\/www.rucashk.com\/pt\/products\/"},{"label":"Other A-Brands","link":"https:\/\/www.rucashk.com\/pt\/categoria-produto\/other-a-brands\/"},{"label":"Oneplus","link":"https:\/\/www.rucashk.com\/pt\/categoria-produto\/other-a-brands\/oneplus-other-a-brands\/"},{"label":"Oneplus\u00a0bullets wireless z","link":"https:\/\/www.rucashk.com\/pt\/produto\/oneplus-bullets-wireless-z\/"}],"_links":{"self":[{"href":"https:\/\/www.rucashk.com\/pt\/wp-json\/wp\/v2\/product\/23738","targetHints":{"allow":["GET"]}}],"collection":[{"href":"https:\/\/www.rucashk.com\/pt\/wp-json\/wp\/v2\/product"}],"about":[{"href":"https:\/\/www.rucashk.com\/pt\/wp-json\/wp\/v2\/types\/product"}],"wp:featuredmedia":[{"embeddable":true,"href":"https:\/\/www.rucashk.com\/pt\/wp-json\/wp\/v2\/media\/23876"}],"wp:attachment":[{"href":"https:\/\/www.rucashk.com\/pt\/wp-json\/wp\/v2\/media?parent=23738"}],"wp:term":[{"taxonomy":"product_brand","embeddable":true,"href":"https:\/\/www.rucashk.com\/pt\/wp-json\/wp\/v2\/product_brand?post=23738"},{"taxonomy":"product_cat","embeddable":true,"href":"https:\/\/www.rucashk.com\/pt\/wp-json\/wp\/v2\/product_cat?post=23738"},{"taxonomy":"product_tag","embeddable":true,"href":"https:\/\/www.rucashk.com\/pt\/wp-json\/wp\/v2\/product_tag?post=23738"}],"curies":[{"name":"wp","href":"https:\/\/api.w.org\/{rel}","templated":true}]}}