{"id":23693,"date":"2024-01-09T15:57:01","date_gmt":"2024-01-09T15:57:01","guid":{"rendered":"http:\/\/rucashk.com\/?post_type=product&#038;p=23693"},"modified":"2024-01-22T09:24:00","modified_gmt":"2024-01-22T09:24:00","slug":"70mai-a1-electric-scooter","status":"publish","type":"product","link":"https:\/\/www.rucashk.com\/pt\/produto\/70mai-a1-electric-scooter\/","title":{"rendered":"&quot;Trotinette&quot; el\u00e9trico de 70mai A1"},"content":{"rendered":"<p><img fetchpriority=\"high\" decoding=\"async\" class=\"aligncenter\" src=\"https:\/\/www.rucashk.com\/wp-content\/uploads\/2020\/07\/2-326.jpg\" alt=\"\u5c0f\u7c73\u7684\u4e24\u6b3e\u4ef7\u683c\u5b9e\u60e0\u7684\u65b0\u578b\u7535\u52a8\u6469\u6258\u8f66\u529f\u80fd\u7ec6\u8282\" width=\"914\" height=\"514\" \/><\/p>\n<p style=\"text-align: center\">As scooters el\u00e9tricas A1 recebem recursos como farol de LED, pneus de 14 polegadas, freios a disco dianteiros e a tambor traseiro e sistema de suspens\u00e3o no n\u00edvel da motocicleta.<\/p>\n<p><img decoding=\"async\" class=\"aligncenter\" src=\"https:\/\/www.rucashk.com\/wp-content\/uploads\/2020\/07\/Xiaomi-70mai-A1-and-A1-Pro-electric-scooter-1-1-1.jpg\" width=\"918\" height=\"624\" \/><\/p>\n<p style=\"text-align: center\">\u00a0Na frente h\u00e1 um farol quadrado de LED com longo alcance de ilumina\u00e7\u00e3o, enquanto a luz traseira (integrada com indicadores) est\u00e1 situada abaixo do banco, j\u00e1 que o para-lama traseiro \u00e9 colocado baixo.<\/p>\n<p><img decoding=\"async\" class=\"aligncenter\" src=\"https:\/\/www.rucashk.com\/wp-content\/uploads\/2020\/07\/Xiaomi-70mai-A1-and-A1-Pro-electric-scooter-8.jpg\" width=\"922\" height=\"627\" \/><\/p>\n<p style=\"text-align: center\">As e-scooters s\u00e3o oferecidas com v\u00e1rios acess\u00f3rios complementares, como espelhos retrovisores inteligentes. Por sistema de suspens\u00e3o no n\u00edvel da motocicleta, queremos dizer um garfo duplo na frente e amortecedores de mola duplos na parte traseira.<\/p>\n<p><img loading=\"lazy\" decoding=\"async\" class=\"aligncenter\" src=\"https:\/\/www.rucashk.com\/wp-content\/uploads\/2020\/07\/AF4A88950BA1D115DF77AB5C790F8884.jpg\" width=\"779\" height=\"435\" \/><\/p>\n<p style=\"text-align: center\">A s\u00e9rie A1 de scooters el\u00e9tricos recebe um painel de instrumentos digital com tela de 6,86 polegadas.<\/p>\n<p style=\"text-align: center\">As motocicletas de pequeno porte pesam 52 kg.<\/p>\n<p><img loading=\"lazy\" decoding=\"async\" class=\"aligncenter\" src=\"https:\/\/www.rucashk.com\/wp-content\/uploads\/2020\/07\/Xiaomi-70mai-A1-and-A1-Pro-electric-scooter-2.jpg\" width=\"958\" height=\"651\" \/><\/p>","protected":false},"excerpt":{"rendered":"<p>The maximum speed is 25km\/h,<\/p>\n<p>the weight of the car is only 52kg,<\/p>\n<p>and it is equipped with a 48V 20Ah lithium battery, which can travel up to 70km.<\/p>\n<p>Support touch and voice operation,<\/p>\n<p>connect to the Internet through built-in cellular data cards<\/p>\n<p>and use rich applications such as navigation, music, driving records, and so on.<\/p>","protected":false},"featured_media":23813,"template":"","meta":[],"product_brand":[],"product_cat":[1350,1305],"product_tag":[942],"class_list":{"0":"post-23693","1":"product","2":"type-product","3":"status-publish","4":"has-post-thumbnail","6":"product_cat-scooter","7":"product_cat-xiaomi-eco","8":"product_tag-70mai-a1-electric-scooter","10":"first","11":"instock","12":"shipping-taxable","13":"product-type-external"},"aioseo_notices":[],"aioseo_head":"\n\t\t<!-- All in One SEO Pro 4.5.9.2 - aioseo.com -->\n\t\t<meta name=\"description\" content=\"The maximum speed is 25km\/h, the weight of the car is only 52kg, and it is equipped with a 48V 20Ah lithium battery, which can travel up to 70km. Support touch and voice operation, connect to the Internet through built-in cellular data cards and use rich applications such as navigation, music, driving records, and so on.\" \/>\n\t\t<meta name=\"robots\" content=\"max-image-preview:large\" \/>\n\t\t<link rel=\"canonical\" href=\"https:\/\/www.rucashk.com\/pt\/produto\/70mai-a1-electric-scooter\/\" \/>\n\t\t<meta name=\"generator\" content=\"All in One SEO Pro (AIOSEO) 4.5.9.2\" \/>\n\t\t<meta property=\"og:locale\" content=\"pt_PT\" \/>\n\t\t<meta property=\"og:site_name\" content=\"Rucas - One-stop AIoT Distribution Worldwide\" \/>\n\t\t<meta property=\"og:type\" content=\"article\" \/>\n\t\t<meta property=\"og:title\" content=\"70mai A1 Electric Scooter - Rucas - Wholesale and Distribution\" \/>\n\t\t<meta property=\"og:description\" content=\"The maximum speed is 25km\/h, the weight of the car is only 52kg, and it is equipped with a 48V 20Ah lithium battery, which can travel up to 70km. Support touch and voice operation, connect to the Internet through built-in cellular data cards and use rich applications such as navigation, music, driving records, and so on.\" \/>\n\t\t<meta property=\"og:url\" content=\"https:\/\/www.rucashk.com\/pt\/produto\/70mai-a1-electric-scooter\/\" \/>\n\t\t<meta property=\"og:image\" content=\"https:\/\/www.rucashk.com\/wp-content\/uploads\/replace\/503b8e645f128a97ccde2b6290747646.jpeg\" \/>\n\t\t<meta property=\"og:image:secure_url\" content=\"https:\/\/www.rucashk.com\/wp-content\/uploads\/replace\/503b8e645f128a97ccde2b6290747646.jpeg\" \/>\n\t\t<meta property=\"og:image:width\" content=\"1456\" \/>\n\t\t<meta property=\"og:image:height\" content=\"816\" \/>\n\t\t<meta property=\"article:published_time\" content=\"2024-01-09T15:57:01+00:00\" \/>\n\t\t<meta property=\"article:modified_time\" content=\"2024-01-22T09:24:00+00:00\" \/>\n\t\t<meta name=\"twitter:card\" content=\"summary_large_image\" \/>\n\t\t<meta name=\"twitter:title\" content=\"70mai A1 Electric Scooter - Rucas - Wholesale and Distribution\" \/>\n\t\t<meta name=\"twitter:description\" content=\"The maximum speed is 25km\/h, the weight of the car is only 52kg, and it is equipped with a 48V 20Ah lithium battery, which can travel up to 70km. Support touch and voice operation, connect to the Internet through built-in cellular data cards and use rich applications such as navigation, music, driving records, and so on.\" \/>\n\t\t<meta name=\"twitter:image\" content=\"https:\/\/www.rucashk.com\/wp-content\/uploads\/replace\/503b8e645f128a97ccde2b6290747646.jpeg\" \/>\n\t\t<script type=\"application\/ld+json\" class=\"aioseo-schema\">\n\t\t\t{\"@context\":\"https:\\\/\\\/schema.org\",\"@graph\":[{\"@type\":\"BreadcrumbList\",\"@id\":\"https:\\\/\\\/www.rucashk.com\\\/pt\\\/produto\\\/70mai-a1-electric-scooter\\\/#breadcrumblist\",\"itemListElement\":[{\"@type\":\"ListItem\",\"@id\":\"https:\\\/\\\/www.rucashk.com\\\/pt\\\/#listItem\",\"position\":1,\"name\":\"Home\",\"item\":\"https:\\\/\\\/www.rucashk.com\\\/pt\\\/\",\"nextItem\":\"https:\\\/\\\/www.rucashk.com\\\/pt\\\/produto\\\/70mai-a1-electric-scooter\\\/#listItem\"},{\"@type\":\"ListItem\",\"@id\":\"https:\\\/\\\/www.rucashk.com\\\/pt\\\/produto\\\/70mai-a1-electric-scooter\\\/#listItem\",\"position\":2,\"name\":\"70mai A1 Electric Scooter\",\"previousItem\":\"https:\\\/\\\/www.rucashk.com\\\/pt\\\/#listItem\"}]},{\"@type\":\"Organization\",\"@id\":\"https:\\\/\\\/www.rucashk.com\\\/pt\\\/#organization\",\"name\":\"Rucas\",\"url\":\"https:\\\/\\\/www.rucashk.com\\\/pt\\\/\",\"logo\":{\"@type\":\"ImageObject\",\"url\":\"https:\\\/\\\/www.rucashk.com\\\/wp-content\\\/uploads\\\/2023\\\/12\\\/Rucas_campany_logo.png\",\"@id\":\"https:\\\/\\\/www.rucashk.com\\\/pt\\\/produto\\\/70mai-a1-electric-scooter\\\/#organizationLogo\",\"width\":221,\"height\":65},\"image\":{\"@id\":\"https:\\\/\\\/www.rucashk.com\\\/pt\\\/#organizationLogo\"}},{\"@type\":\"Person\",\"@id\":\"https:\\\/\\\/www.rucashk.com\\\/pt\\\/author\\\/admin\\\/#author\",\"url\":\"https:\\\/\\\/www.rucashk.com\\\/pt\\\/author\\\/admin\\\/\",\"name\":\"admin\",\"image\":{\"@type\":\"ImageObject\",\"@id\":\"https:\\\/\\\/www.rucashk.com\\\/pt\\\/produto\\\/70mai-a1-electric-scooter\\\/#authorImage\",\"url\":\"https:\\\/\\\/secure.gravatar.com\\\/avatar\\\/b7c8925b09a27e72b30232f8ecaadbd5af0f70a38c78096863fe51b64f031c24?s=96&d=mm&r=g\",\"width\":96,\"height\":96,\"caption\":\"admin\"}},{\"@type\":\"WebPage\",\"@id\":\"https:\\\/\\\/www.rucashk.com\\\/pt\\\/produto\\\/70mai-a1-electric-scooter\\\/#webpage\",\"url\":\"https:\\\/\\\/www.rucashk.com\\\/pt\\\/produto\\\/70mai-a1-electric-scooter\\\/\",\"name\":\"70mai A1 Electric Scooter - Rucas - Wholesale and Distribution\",\"description\":\"The maximum speed is 25km\\\/h, the weight of the car is only 52kg, and it is equipped with a 48V 20Ah lithium battery, which can travel up to 70km. Support touch and voice operation, connect to the Internet through built-in cellular data cards and use rich applications such as navigation, music, driving records, and so on.\",\"inLanguage\":\"pt-PT\",\"isPartOf\":{\"@id\":\"https:\\\/\\\/www.rucashk.com\\\/pt\\\/#website\"},\"breadcrumb\":{\"@id\":\"https:\\\/\\\/www.rucashk.com\\\/pt\\\/produto\\\/70mai-a1-electric-scooter\\\/#breadcrumblist\"},\"author\":{\"@id\":\"https:\\\/\\\/www.rucashk.com\\\/pt\\\/author\\\/admin\\\/#author\"},\"creator\":{\"@id\":\"https:\\\/\\\/www.rucashk.com\\\/pt\\\/author\\\/admin\\\/#author\"},\"image\":{\"@type\":\"ImageObject\",\"url\":\"https:\\\/\\\/www.rucashk.com\\\/wp-content\\\/uploads\\\/2024\\\/01\\\/1111_\\u526f\\u672c.jpg\",\"@id\":\"https:\\\/\\\/www.rucashk.com\\\/pt\\\/produto\\\/70mai-a1-electric-scooter\\\/#mainImage\",\"width\":800,\"height\":800},\"primaryImageOfPage\":{\"@id\":\"https:\\\/\\\/www.rucashk.com\\\/pt\\\/produto\\\/70mai-a1-electric-scooter\\\/#mainImage\"},\"datePublished\":\"2024-01-09T15:57:01+00:00\",\"dateModified\":\"2024-01-22T09:24:00+00:00\"},{\"@type\":\"WebSite\",\"@id\":\"https:\\\/\\\/www.rucashk.com\\\/pt\\\/#website\",\"url\":\"https:\\\/\\\/www.rucashk.com\\\/pt\\\/\",\"name\":\"Rucas - Wholesale and distribution worldwide\",\"alternateName\":\"Rucas - One-stop AIoT Distribution Worldwide\",\"description\":\"One-stop AIoT Distribution Worldwide\",\"inLanguage\":\"pt-PT\",\"publisher\":{\"@id\":\"https:\\\/\\\/www.rucashk.com\\\/pt\\\/#organization\"}}]}\n\t\t<\/script>\n\t\t<!-- All in One SEO Pro -->\r\n\t\t<title>70mai A1 Electric Scooter - Rucas - Wholesale and Distribution<\/title>\n\n","aioseo_head_json":{"title":"70mai A1 Electric Scooter - Rucas - Wholesale and Distribution","description":"The maximum speed is 25km\/h, the weight of the car is only 52kg, and it is equipped with a 48V 20Ah lithium battery, which can travel up to 70km. Support touch and voice operation, connect to the Internet through built-in cellular data cards and use rich applications such as navigation, music, driving records, and so on.","canonical_url":"https:\/\/www.rucashk.com\/pt\/produto\/70mai-a1-electric-scooter\/","robots":"max-image-preview:large","keywords":"","webmasterTools":{"miscellaneous":""},"og:locale":"pt_PT","og:site_name":"Rucas - One-stop AIoT Distribution Worldwide","og:type":"article","og:title":"70mai A1 Electric Scooter - Rucas - Wholesale and Distribution","og:description":"The maximum speed is 25km\/h, the weight of the car is only 52kg, and it is equipped with a 48V 20Ah lithium battery, which can travel up to 70km. Support touch and voice operation, connect to the Internet through built-in cellular data cards and use rich applications such as navigation, music, driving records, and so on.","og:url":"https:\/\/www.rucashk.com\/pt\/produto\/70mai-a1-electric-scooter\/","og:image":"https:\/\/www.rucashk.com\/wp-content\/uploads\/replace\/503b8e645f128a97ccde2b6290747646.jpeg","og:image:secure_url":"https:\/\/www.rucashk.com\/wp-content\/uploads\/replace\/503b8e645f128a97ccde2b6290747646.jpeg","og:image:width":1456,"og:image:height":816,"article:published_time":"2024-01-09T15:57:01+00:00","article:modified_time":"2024-01-22T09:24:00+00:00","twitter:card":"summary_large_image","twitter:title":"70mai A1 Electric Scooter - Rucas - Wholesale and Distribution","twitter:description":"The maximum speed is 25km\/h, the weight of the car is only 52kg, and it is equipped with a 48V 20Ah lithium battery, which can travel up to 70km. Support touch and voice operation, connect to the Internet through built-in cellular data cards and use rich applications such as navigation, music, driving records, and so on.","twitter:image":"https:\/\/www.rucashk.com\/wp-content\/uploads\/replace\/503b8e645f128a97ccde2b6290747646.jpeg","schema":{"@context":"https:\/\/schema.org","@graph":[{"@type":"BreadcrumbList","@id":"https:\/\/www.rucashk.com\/pt\/produto\/70mai-a1-electric-scooter\/#breadcrumblist","itemListElement":[{"@type":"ListItem","@id":"https:\/\/www.rucashk.com\/pt\/#listItem","position":1,"name":"Home","item":"https:\/\/www.rucashk.com\/pt\/","nextItem":"https:\/\/www.rucashk.com\/pt\/produto\/70mai-a1-electric-scooter\/#listItem"},{"@type":"ListItem","@id":"https:\/\/www.rucashk.com\/pt\/produto\/70mai-a1-electric-scooter\/#listItem","position":2,"name":"70mai A1 Electric Scooter","previousItem":"https:\/\/www.rucashk.com\/pt\/#listItem"}]},{"@type":"Organization","@id":"https:\/\/www.rucashk.com\/pt\/#organization","name":"Rucas","url":"https:\/\/www.rucashk.com\/pt\/","logo":{"@type":"ImageObject","url":"https:\/\/www.rucashk.com\/wp-content\/uploads\/2023\/12\/Rucas_campany_logo.png","@id":"https:\/\/www.rucashk.com\/pt\/produto\/70mai-a1-electric-scooter\/#organizationLogo","width":221,"height":65},"image":{"@id":"https:\/\/www.rucashk.com\/pt\/#organizationLogo"}},{"@type":"Person","@id":"https:\/\/www.rucashk.com\/pt\/author\/admin\/#author","url":"https:\/\/www.rucashk.com\/pt\/author\/admin\/","name":"admin","image":{"@type":"ImageObject","@id":"https:\/\/www.rucashk.com\/pt\/produto\/70mai-a1-electric-scooter\/#authorImage","url":"https:\/\/secure.gravatar.com\/avatar\/b7c8925b09a27e72b30232f8ecaadbd5af0f70a38c78096863fe51b64f031c24?s=96&d=mm&r=g","width":96,"height":96,"caption":"admin"}},{"@type":"WebPage","@id":"https:\/\/www.rucashk.com\/pt\/produto\/70mai-a1-electric-scooter\/#webpage","url":"https:\/\/www.rucashk.com\/pt\/produto\/70mai-a1-electric-scooter\/","name":"70mai A1 Electric Scooter - Rucas - Wholesale and Distribution","description":"The maximum speed is 25km\/h, the weight of the car is only 52kg, and it is equipped with a 48V 20Ah lithium battery, which can travel up to 70km. Support touch and voice operation, connect to the Internet through built-in cellular data cards and use rich applications such as navigation, music, driving records, and so on.","inLanguage":"pt-PT","isPartOf":{"@id":"https:\/\/www.rucashk.com\/pt\/#website"},"breadcrumb":{"@id":"https:\/\/www.rucashk.com\/pt\/produto\/70mai-a1-electric-scooter\/#breadcrumblist"},"author":{"@id":"https:\/\/www.rucashk.com\/pt\/author\/admin\/#author"},"creator":{"@id":"https:\/\/www.rucashk.com\/pt\/author\/admin\/#author"},"image":{"@type":"ImageObject","url":"https:\/\/www.rucashk.com\/wp-content\/uploads\/2024\/01\/1111_\u526f\u672c.jpg","@id":"https:\/\/www.rucashk.com\/pt\/produto\/70mai-a1-electric-scooter\/#mainImage","width":800,"height":800},"primaryImageOfPage":{"@id":"https:\/\/www.rucashk.com\/pt\/produto\/70mai-a1-electric-scooter\/#mainImage"},"datePublished":"2024-01-09T15:57:01+00:00","dateModified":"2024-01-22T09:24:00+00:00"},{"@type":"WebSite","@id":"https:\/\/www.rucashk.com\/pt\/#website","url":"https:\/\/www.rucashk.com\/pt\/","name":"Rucas - Wholesale and distribution worldwide","alternateName":"Rucas - One-stop AIoT Distribution Worldwide","description":"One-stop AIoT Distribution Worldwide","inLanguage":"pt-PT","publisher":{"@id":"https:\/\/www.rucashk.com\/pt\/#organization"}}]}},"aioseo_meta_data":{"post_id":"23693","title":null,"description":null,"keywords":null,"keyphrases":null,"primary_term":null,"canonical_url":null,"og_title":null,"og_description":null,"og_object_type":"default","og_image_type":"default","og_image_url":null,"og_image_width":null,"og_image_height":null,"og_image_custom_url":null,"og_image_custom_fields":null,"og_video":null,"og_custom_url":null,"og_article_section":null,"og_article_tags":null,"twitter_use_og":false,"twitter_card":"default","twitter_image_type":"default","twitter_image_url":null,"twitter_image_custom_url":null,"twitter_image_custom_fields":null,"twitter_title":null,"twitter_description":null,"schema":{"blockGraphs":[],"customGraphs":[],"default":{"data":{"Article":[],"Course":[],"Dataset":[],"FAQPage":[],"Movie":[],"Person":[],"Product":[],"Recipe":[],"Service":[],"SoftwareApplication":[],"WebPage":[]},"graphName":"","isEnabled":true},"graphs":[]},"schema_type":"default","schema_type_options":null,"pillar_content":false,"robots_default":true,"robots_noindex":false,"robots_noarchive":false,"robots_nosnippet":false,"robots_nofollow":false,"robots_noimageindex":false,"robots_noodp":false,"robots_notranslate":false,"robots_max_snippet":null,"robots_max_videopreview":null,"robots_max_imagepreview":"large","priority":null,"frequency":null,"local_seo":null,"breadcrumb_settings":null,"limit_modified_date":false,"created":"2024-04-11 01:57:06","updated":"2025-06-22 17:13:07"},"aioseo_breadcrumb":"<div class=\"aioseo-breadcrumbs\"><span class=\"aioseo-breadcrumb\">\n\t<a href=\"https:\/\/www.rucashk.com\/pt\" title=\"Home\">Home<\/a>\n<\/span><span class=\"aioseo-breadcrumb-separator\">&raquo;<\/span><span class=\"aioseo-breadcrumb\">\n\t<a href=\"https:\/\/www.rucashk.com\/pt\/products\/\" title=\"Produtos\">Produtos<\/a>\n<\/span><span class=\"aioseo-breadcrumb-separator\">&raquo;<\/span><span class=\"aioseo-breadcrumb\">\n\t<a href=\"https:\/\/www.rucashk.com\/pt\/categoria-produto\/xiaomi-eco\/\" title=\"Xiaomi Eco\">Xiaomi Eco<\/a>\n<\/span><span class=\"aioseo-breadcrumb-separator\">&raquo;<\/span><span class=\"aioseo-breadcrumb\">\n\t<a href=\"https:\/\/www.rucashk.com\/pt\/categoria-produto\/xiaomi-eco\/scooter\/\" title=\"Scooter\">Scooter<\/a>\n<\/span><span class=\"aioseo-breadcrumb-separator\">&raquo;<\/span><span class=\"aioseo-breadcrumb\">\n\t70mai A1 Electric Scooter\n<\/span><\/div>","aioseo_breadcrumb_json":[{"label":"Home","link":"https:\/\/www.rucashk.com\/pt"},{"label":"Produtos","link":"https:\/\/www.rucashk.com\/pt\/products\/"},{"label":"Xiaomi Eco","link":"https:\/\/www.rucashk.com\/pt\/categoria-produto\/xiaomi-eco\/"},{"label":"Scooter","link":"https:\/\/www.rucashk.com\/pt\/categoria-produto\/xiaomi-eco\/scooter\/"},{"label":"70mai A1 Electric Scooter","link":"https:\/\/www.rucashk.com\/pt\/produto\/70mai-a1-electric-scooter\/"}],"_links":{"self":[{"href":"https:\/\/www.rucashk.com\/pt\/wp-json\/wp\/v2\/product\/23693","targetHints":{"allow":["GET"]}}],"collection":[{"href":"https:\/\/www.rucashk.com\/pt\/wp-json\/wp\/v2\/product"}],"about":[{"href":"https:\/\/www.rucashk.com\/pt\/wp-json\/wp\/v2\/types\/product"}],"wp:featuredmedia":[{"embeddable":true,"href":"https:\/\/www.rucashk.com\/pt\/wp-json\/wp\/v2\/media\/23813"}],"wp:attachment":[{"href":"https:\/\/www.rucashk.com\/pt\/wp-json\/wp\/v2\/media?parent=23693"}],"wp:term":[{"taxonomy":"product_brand","embeddable":true,"href":"https:\/\/www.rucashk.com\/pt\/wp-json\/wp\/v2\/product_brand?post=23693"},{"taxonomy":"product_cat","embeddable":true,"href":"https:\/\/www.rucashk.com\/pt\/wp-json\/wp\/v2\/product_cat?post=23693"},{"taxonomy":"product_tag","embeddable":true,"href":"https:\/\/www.rucashk.com\/pt\/wp-json\/wp\/v2\/product_tag?post=23693"}],"curies":[{"name":"wp","href":"https:\/\/api.w.org\/{rel}","templated":true}]}}