{"id":23657,"date":"2024-01-09T15:56:40","date_gmt":"2024-01-09T15:56:40","guid":{"rendered":"http:\/\/rucashk.com\/?post_type=product&#038;p=23657"},"modified":"2024-01-21T04:01:20","modified_gmt":"2024-01-21T04:01:20","slug":"xiaomi-mijia-internet-dishwasher-vdw0401m","status":"publish","type":"product","link":"https:\/\/www.rucashk.com\/pt\/produto\/xiaomi-mijia-internet-dishwasher-vdw0401m\/","title":{"rendered":"M\u00e1quina de lavar lou\u00e7a Xiaomi Mijia Internet (VDW0401M)"},"content":{"rendered":"<p><img fetchpriority=\"high\" decoding=\"async\" class=\"alignnone size-full wp-image-18123\" src=\"https:\/\/www.rucashk.com\/wp-content\/uploads\/2020\/07\/2d4b7411-1575-416e-bca0-8975b58cefda.jpg\" alt=\"\" width=\"1080\" height=\"1080\" \/><\/p>\n<p>Na parte superior frontal, h\u00e1 uma tela de LED para mostrar dados de opera\u00e7\u00f5es em tempo real. Al\u00e9m disso, a m\u00e1quina de lavar lou\u00e7a marca um port\u00e3o que pode ser aberto para fora. Ele tamb\u00e9m imprime o logotipo na superf\u00edcie externa.<\/p>\n<p>O chassi \u00e9 fabricado com firmeza usando material de alta qualidade, que \u00e9 dur\u00e1vel e delicado ao mesmo tempo. Junto com os 12,5kg de peso, a m\u00e1quina de lavar lou\u00e7a Mijia VDW0401M mede 44,2\u00d746,15\u00d741,9 cm.<\/p>\n<h3>Sistema de limpeza duplo<\/h3>\n<p>Bem, a nova Xiaomi Internet DishWasher oferece esteriliza\u00e7\u00e3o e desinfec\u00e7\u00e3o com sistema de limpeza de duplo efeito para obter uma taxa de esteriliza\u00e7\u00e3o de at\u00e9 99.99%. Voc\u00ea pode usar a m\u00e1quina para esteriliza\u00e7\u00e3o, lavagem de lou\u00e7a, desinfec\u00e7\u00e3o e secagem para fins de armazenamento.<\/p>\n<p><img decoding=\"async\" class=\"alignnone size-full wp-image-18132\" src=\"https:\/\/www.rucashk.com\/wp-content\/uploads\/2020\/07\/d01b85f2-a026-4085-8153-dd75e811e432.jpg\" alt=\"\" width=\"1080\" height=\"1080\" \/><\/p>\n<h4>Sistema de pulveriza\u00e7\u00e3o<\/h4>\n<p>Al\u00e9m disso, o dispositivo adota o sistema de pulveriza\u00e7\u00e3o dupla 6D. Possui 6 tipos de spray para proporcionar uma experi\u00eancia de lavagem abrangente o tempo todo. O sistema possui capacidade de carga de 4 conjuntos de talheres, o que \u00e9 bom para uma micro fam\u00edlia.<\/p>\n<h4>Pot\u00eancia da m\u00e1quina de lavar lou\u00e7a Xiaomi Mijia Internet<\/h4>\n<p>A m\u00e1quina de lavar lou\u00e7a Xiaomi Mijia consome 900W de energia junto com a tens\u00e3o de 220V. Tamb\u00e9m possui bateria recarreg\u00e1vel para funcionar de 90 a 120 minutos por carga. O tempo de carregamento permanece de 4 a 6 horas.<\/p>\n<p><img decoding=\"async\" class=\"alignnone size-full wp-image-18131\" src=\"https:\/\/www.rucashk.com\/wp-content\/uploads\/2020\/07\/af836029-6f55-4b7a-b632-9228646bb39f.jpg\" alt=\"\" width=\"1080\" height=\"1080\" \/><\/p>\n<h4>Utiliza\u00e7\u00e3o de \u00e1gua<\/h4>\n<p>Quando se trata das necessidades de \u00e1gua, a m\u00e1quina de lavar lou\u00e7a oferece lavagem com economia de energia com consumo de \u00e1gua padr\u00e3o de 5,3L. A press\u00e3o da \u00e1gua mede 0,04-0,4 MPA.<\/p>\n<h5>Controle de m\u00e1quina de lavar lou\u00e7a Xiaomi Mijia Internet<\/h5>\n<p>Al\u00e9m do controle de bot\u00e3o, a M\u00e1quina de Lavar Lou\u00e7a Xiaomi Mijia suporta o aplicativo Mijia, bem como o controle de voz XiaoAI.<\/p>\n<table border=\"1\" cellpadding=\"5\">\n<tbody>\n<tr>\n<th>Especifica\u00e7\u00e3o<\/th>\n<td>Marca:\u00a0<strong>Mijia (marca de coopera\u00e7\u00e3o Xiaomi)<\/strong><br \/>\nModelo:VDW0401M<br \/>\nM\u00e9todo de Secagem: Secagem em Ventilador + Secagem em Temperatura Residual<br \/>\nM\u00e9todo de lavagem: 6 tipos de spray<br \/>\nM\u00e9todo de instala\u00e7\u00e3o:<br \/>\nCapacidade de carregamento de utens\u00edlios de mesa: 4 conjuntos<br \/>\nConsumo padr\u00e3o de \u00e1gua: 5,3L (lavagem com economia de energia)<br \/>\nPress\u00e3o nominal da \u00e1gua: 0,04-0,4 MPa<br \/>\nM\u00e9todo de controle: controle de bot\u00e3o<br \/>\nPot\u00eancia: 900W<br \/>\nTens\u00e3o: 220V<br \/>\nFrequ\u00eancia: 50Hz<br \/>\nTempo de carregamento: 4 a 6 horas<br \/>\nTempo de trabalho: 90 \u2013 120 minutos<\/td>\n<\/tr>\n<tr>\n<th>Dimens\u00e3o<\/th>\n<td>Peso do produto: 12,5 kg<br \/>\nTamanho do produto: 44,2 x 46,15 x 41,9 cm<\/td>\n<\/tr>\n<\/tbody>\n<\/table>","protected":false},"excerpt":{"rendered":"<div>\n<p>\u25cf Limpeza de duplo efeito de esteriliza\u00e7\u00e3o e desinfec\u00e7\u00e3o, taxa de esteriliza\u00e7\u00e3o 99.99%<\/p>\n<\/div>\n<div>\n<p><span lang=\"EN-US\">\u25cf<\/span><span lang=\"EN-US\">\u00a0<\/span>Sistema de pulveriza\u00e7\u00e3o dupla 6D<\/p>\n<\/div>\n<div>\n<p><span lang=\"EN-US\">\u25cf Suporta APP Mijia e controle de voz Xiaoai<\/span><\/p>\n<\/div>\n<div>\n<p>\u25cf pode ser usado para lavagem de lou\u00e7a, esteriliza\u00e7\u00e3o, desinfec\u00e7\u00e3o, secagem e armazenamento<\/p>\n<\/div>\n<div>\n<p><span lang=\"EN-US\">\u25cf Instala\u00e7\u00e3o gratuita em desktop<\/span><\/p>\n<\/div>","protected":false},"featured_media":23800,"template":"","meta":[],"product_brand":[],"product_cat":[1341,1305],"product_tag":[939],"class_list":{"0":"post-23657","1":"product","2":"type-product","3":"status-publish","4":"has-post-thumbnail","6":"product_cat-others","7":"product_cat-xiaomi-eco","8":"product_tag-xiaomi-mijia-internet-dishwasher-vdw0401m","10":"first","11":"instock","12":"shipping-taxable","13":"product-type-external"},"aioseo_notices":[],"aioseo_head":"\n\t\t<!-- All in One SEO Pro 4.5.9.2 - aioseo.com -->\n\t\t<meta name=\"description\" content=\"\u25cf Sterilization&amp;disinfection dual-effect clean, 99.99% sterilization rate \u25cf 6D double spray system \u25cf Support Mijia APP and Xiaoai voice control \u25cf can be used for dishwashing, sterilization, disinfection, drying and storage \u25cf Desktop Free Installation\" \/>\n\t\t<meta name=\"robots\" content=\"max-image-preview:large\" \/>\n\t\t<link rel=\"canonical\" href=\"https:\/\/www.rucashk.com\/pt\/produto\/xiaomi-mijia-internet-dishwasher-vdw0401m\/\" \/>\n\t\t<meta name=\"generator\" content=\"All in One SEO Pro (AIOSEO) 4.5.9.2\" \/>\n\t\t<meta property=\"og:locale\" content=\"pt_PT\" \/>\n\t\t<meta property=\"og:site_name\" content=\"Rucas - One-stop AIoT Distribution Worldwide\" \/>\n\t\t<meta property=\"og:type\" content=\"article\" \/>\n\t\t<meta property=\"og:title\" content=\"Xiaomi Mijia Internet DishWasher (VDW0401M) - Rucas - Wholesale and Distribution\" \/>\n\t\t<meta property=\"og:description\" content=\"\u25cf Sterilization&amp;disinfection dual-effect clean, 99.99% sterilization rate \u25cf 6D double spray system \u25cf Support Mijia APP and Xiaoai voice control \u25cf can be used for dishwashing, sterilization, disinfection, drying and storage \u25cf Desktop Free Installation\" \/>\n\t\t<meta property=\"og:url\" content=\"https:\/\/www.rucashk.com\/pt\/produto\/xiaomi-mijia-internet-dishwasher-vdw0401m\/\" \/>\n\t\t<meta property=\"og:image\" content=\"https:\/\/www.rucashk.com\/wp-content\/uploads\/replace\/503b8e645f128a97ccde2b6290747646.jpeg\" \/>\n\t\t<meta property=\"og:image:secure_url\" content=\"https:\/\/www.rucashk.com\/wp-content\/uploads\/replace\/503b8e645f128a97ccde2b6290747646.jpeg\" \/>\n\t\t<meta property=\"og:image:width\" content=\"1456\" \/>\n\t\t<meta property=\"og:image:height\" content=\"816\" \/>\n\t\t<meta property=\"article:published_time\" content=\"2024-01-09T15:56:40+00:00\" \/>\n\t\t<meta property=\"article:modified_time\" content=\"2024-01-21T04:01:20+00:00\" \/>\n\t\t<meta name=\"twitter:card\" content=\"summary_large_image\" \/>\n\t\t<meta name=\"twitter:title\" content=\"Xiaomi Mijia Internet DishWasher (VDW0401M) - Rucas - Wholesale and Distribution\" \/>\n\t\t<meta name=\"twitter:description\" content=\"\u25cf Sterilization&amp;disinfection dual-effect clean, 99.99% sterilization rate \u25cf 6D double spray system \u25cf Support Mijia APP and Xiaoai voice control \u25cf can be used for dishwashing, sterilization, disinfection, drying and storage \u25cf Desktop Free Installation\" \/>\n\t\t<meta name=\"twitter:image\" content=\"https:\/\/www.rucashk.com\/wp-content\/uploads\/replace\/503b8e645f128a97ccde2b6290747646.jpeg\" \/>\n\t\t<script type=\"application\/ld+json\" class=\"aioseo-schema\">\n\t\t\t{\"@context\":\"https:\\\/\\\/schema.org\",\"@graph\":[{\"@type\":\"BreadcrumbList\",\"@id\":\"https:\\\/\\\/www.rucashk.com\\\/pt\\\/produto\\\/xiaomi-mijia-internet-dishwasher-vdw0401m\\\/#breadcrumblist\",\"itemListElement\":[{\"@type\":\"ListItem\",\"@id\":\"https:\\\/\\\/www.rucashk.com\\\/pt\\\/#listItem\",\"position\":1,\"name\":\"Home\",\"item\":\"https:\\\/\\\/www.rucashk.com\\\/pt\\\/\",\"nextItem\":\"https:\\\/\\\/www.rucashk.com\\\/pt\\\/produto\\\/xiaomi-mijia-internet-dishwasher-vdw0401m\\\/#listItem\"},{\"@type\":\"ListItem\",\"@id\":\"https:\\\/\\\/www.rucashk.com\\\/pt\\\/produto\\\/xiaomi-mijia-internet-dishwasher-vdw0401m\\\/#listItem\",\"position\":2,\"name\":\"Xiaomi Mijia Internet DishWasher (VDW0401M)\",\"previousItem\":\"https:\\\/\\\/www.rucashk.com\\\/pt\\\/#listItem\"}]},{\"@type\":\"Organization\",\"@id\":\"https:\\\/\\\/www.rucashk.com\\\/pt\\\/#organization\",\"name\":\"Rucas\",\"url\":\"https:\\\/\\\/www.rucashk.com\\\/pt\\\/\",\"logo\":{\"@type\":\"ImageObject\",\"url\":\"https:\\\/\\\/www.rucashk.com\\\/wp-content\\\/uploads\\\/2023\\\/12\\\/Rucas_campany_logo.png\",\"@id\":\"https:\\\/\\\/www.rucashk.com\\\/pt\\\/produto\\\/xiaomi-mijia-internet-dishwasher-vdw0401m\\\/#organizationLogo\",\"width\":221,\"height\":65},\"image\":{\"@id\":\"https:\\\/\\\/www.rucashk.com\\\/pt\\\/#organizationLogo\"}},{\"@type\":\"Person\",\"@id\":\"https:\\\/\\\/www.rucashk.com\\\/pt\\\/author\\\/admin\\\/#author\",\"url\":\"https:\\\/\\\/www.rucashk.com\\\/pt\\\/author\\\/admin\\\/\",\"name\":\"admin\",\"image\":{\"@type\":\"ImageObject\",\"@id\":\"https:\\\/\\\/www.rucashk.com\\\/pt\\\/produto\\\/xiaomi-mijia-internet-dishwasher-vdw0401m\\\/#authorImage\",\"url\":\"https:\\\/\\\/secure.gravatar.com\\\/avatar\\\/b7c8925b09a27e72b30232f8ecaadbd5af0f70a38c78096863fe51b64f031c24?s=96&d=mm&r=g\",\"width\":96,\"height\":96,\"caption\":\"admin\"}},{\"@type\":\"WebPage\",\"@id\":\"https:\\\/\\\/www.rucashk.com\\\/pt\\\/produto\\\/xiaomi-mijia-internet-dishwasher-vdw0401m\\\/#webpage\",\"url\":\"https:\\\/\\\/www.rucashk.com\\\/pt\\\/produto\\\/xiaomi-mijia-internet-dishwasher-vdw0401m\\\/\",\"name\":\"Xiaomi Mijia Internet DishWasher (VDW0401M) - Rucas - Wholesale and Distribution\",\"description\":\"\\u25cf Sterilization&disinfection dual-effect clean, 99.99% sterilization rate \\u25cf 6D double spray system \\u25cf Support Mijia APP and Xiaoai voice control \\u25cf can be used for dishwashing, sterilization, disinfection, drying and storage \\u25cf Desktop Free Installation\",\"inLanguage\":\"pt-PT\",\"isPartOf\":{\"@id\":\"https:\\\/\\\/www.rucashk.com\\\/pt\\\/#website\"},\"breadcrumb\":{\"@id\":\"https:\\\/\\\/www.rucashk.com\\\/pt\\\/produto\\\/xiaomi-mijia-internet-dishwasher-vdw0401m\\\/#breadcrumblist\"},\"author\":{\"@id\":\"https:\\\/\\\/www.rucashk.com\\\/pt\\\/author\\\/admin\\\/#author\"},\"creator\":{\"@id\":\"https:\\\/\\\/www.rucashk.com\\\/pt\\\/author\\\/admin\\\/#author\"},\"image\":{\"@type\":\"ImageObject\",\"url\":\"https:\\\/\\\/www.rucashk.com\\\/wp-content\\\/uploads\\\/2024\\\/01\\\/2d4b7411-1575-416e-bca0-8975b58cefda.jpg\",\"@id\":\"https:\\\/\\\/www.rucashk.com\\\/pt\\\/produto\\\/xiaomi-mijia-internet-dishwasher-vdw0401m\\\/#mainImage\",\"width\":1080,\"height\":1080},\"primaryImageOfPage\":{\"@id\":\"https:\\\/\\\/www.rucashk.com\\\/pt\\\/produto\\\/xiaomi-mijia-internet-dishwasher-vdw0401m\\\/#mainImage\"},\"datePublished\":\"2024-01-09T15:56:40+00:00\",\"dateModified\":\"2024-01-21T04:01:20+00:00\"},{\"@type\":\"WebSite\",\"@id\":\"https:\\\/\\\/www.rucashk.com\\\/pt\\\/#website\",\"url\":\"https:\\\/\\\/www.rucashk.com\\\/pt\\\/\",\"name\":\"Rucas - Wholesale and distribution worldwide\",\"alternateName\":\"Rucas - One-stop AIoT Distribution Worldwide\",\"description\":\"One-stop AIoT Distribution Worldwide\",\"inLanguage\":\"pt-PT\",\"publisher\":{\"@id\":\"https:\\\/\\\/www.rucashk.com\\\/pt\\\/#organization\"}}]}\n\t\t<\/script>\n\t\t<!-- All in One SEO Pro -->\r\n\t\t<title>Xiaomi Mijia Internet DishWasher (VDW0401M) - Rucas - Wholesale and Distribution<\/title>\n\n","aioseo_head_json":{"title":"Xiaomi Mijia Internet DishWasher (VDW0401M) - Rucas - Wholesale and Distribution","description":"\u25cf Sterilization&disinfection dual-effect clean, 99.99% sterilization rate \u25cf 6D double spray system \u25cf Support Mijia APP and Xiaoai voice control \u25cf can be used for dishwashing, sterilization, disinfection, drying and storage \u25cf Desktop Free Installation","canonical_url":"https:\/\/www.rucashk.com\/pt\/produto\/xiaomi-mijia-internet-dishwasher-vdw0401m\/","robots":"max-image-preview:large","keywords":"","webmasterTools":{"miscellaneous":""},"og:locale":"pt_PT","og:site_name":"Rucas - One-stop AIoT Distribution Worldwide","og:type":"article","og:title":"Xiaomi Mijia Internet DishWasher (VDW0401M) - Rucas - Wholesale and Distribution","og:description":"\u25cf Sterilization&amp;disinfection dual-effect clean, 99.99% sterilization rate \u25cf 6D double spray system \u25cf Support Mijia APP and Xiaoai voice control \u25cf can be used for dishwashing, sterilization, disinfection, drying and storage \u25cf Desktop Free Installation","og:url":"https:\/\/www.rucashk.com\/pt\/produto\/xiaomi-mijia-internet-dishwasher-vdw0401m\/","og:image":"https:\/\/www.rucashk.com\/wp-content\/uploads\/replace\/503b8e645f128a97ccde2b6290747646.jpeg","og:image:secure_url":"https:\/\/www.rucashk.com\/wp-content\/uploads\/replace\/503b8e645f128a97ccde2b6290747646.jpeg","og:image:width":1456,"og:image:height":816,"article:published_time":"2024-01-09T15:56:40+00:00","article:modified_time":"2024-01-21T04:01:20+00:00","twitter:card":"summary_large_image","twitter:title":"Xiaomi Mijia Internet DishWasher (VDW0401M) - Rucas - Wholesale and Distribution","twitter:description":"\u25cf Sterilization&amp;disinfection dual-effect clean, 99.99% sterilization rate \u25cf 6D double spray system \u25cf Support Mijia APP and Xiaoai voice control \u25cf can be used for dishwashing, sterilization, disinfection, drying and storage \u25cf Desktop Free Installation","twitter:image":"https:\/\/www.rucashk.com\/wp-content\/uploads\/replace\/503b8e645f128a97ccde2b6290747646.jpeg","schema":{"@context":"https:\/\/schema.org","@graph":[{"@type":"BreadcrumbList","@id":"https:\/\/www.rucashk.com\/pt\/produto\/xiaomi-mijia-internet-dishwasher-vdw0401m\/#breadcrumblist","itemListElement":[{"@type":"ListItem","@id":"https:\/\/www.rucashk.com\/pt\/#listItem","position":1,"name":"Home","item":"https:\/\/www.rucashk.com\/pt\/","nextItem":"https:\/\/www.rucashk.com\/pt\/produto\/xiaomi-mijia-internet-dishwasher-vdw0401m\/#listItem"},{"@type":"ListItem","@id":"https:\/\/www.rucashk.com\/pt\/produto\/xiaomi-mijia-internet-dishwasher-vdw0401m\/#listItem","position":2,"name":"Xiaomi Mijia Internet DishWasher (VDW0401M)","previousItem":"https:\/\/www.rucashk.com\/pt\/#listItem"}]},{"@type":"Organization","@id":"https:\/\/www.rucashk.com\/pt\/#organization","name":"Rucas","url":"https:\/\/www.rucashk.com\/pt\/","logo":{"@type":"ImageObject","url":"https:\/\/www.rucashk.com\/wp-content\/uploads\/2023\/12\/Rucas_campany_logo.png","@id":"https:\/\/www.rucashk.com\/pt\/produto\/xiaomi-mijia-internet-dishwasher-vdw0401m\/#organizationLogo","width":221,"height":65},"image":{"@id":"https:\/\/www.rucashk.com\/pt\/#organizationLogo"}},{"@type":"Person","@id":"https:\/\/www.rucashk.com\/pt\/author\/admin\/#author","url":"https:\/\/www.rucashk.com\/pt\/author\/admin\/","name":"admin","image":{"@type":"ImageObject","@id":"https:\/\/www.rucashk.com\/pt\/produto\/xiaomi-mijia-internet-dishwasher-vdw0401m\/#authorImage","url":"https:\/\/secure.gravatar.com\/avatar\/b7c8925b09a27e72b30232f8ecaadbd5af0f70a38c78096863fe51b64f031c24?s=96&d=mm&r=g","width":96,"height":96,"caption":"admin"}},{"@type":"WebPage","@id":"https:\/\/www.rucashk.com\/pt\/produto\/xiaomi-mijia-internet-dishwasher-vdw0401m\/#webpage","url":"https:\/\/www.rucashk.com\/pt\/produto\/xiaomi-mijia-internet-dishwasher-vdw0401m\/","name":"Xiaomi Mijia Internet DishWasher (VDW0401M) - Rucas - Wholesale and Distribution","description":"\u25cf Sterilization&disinfection dual-effect clean, 99.99% sterilization rate \u25cf 6D double spray system \u25cf Support Mijia APP and Xiaoai voice control \u25cf can be used for dishwashing, sterilization, disinfection, drying and storage \u25cf Desktop Free Installation","inLanguage":"pt-PT","isPartOf":{"@id":"https:\/\/www.rucashk.com\/pt\/#website"},"breadcrumb":{"@id":"https:\/\/www.rucashk.com\/pt\/produto\/xiaomi-mijia-internet-dishwasher-vdw0401m\/#breadcrumblist"},"author":{"@id":"https:\/\/www.rucashk.com\/pt\/author\/admin\/#author"},"creator":{"@id":"https:\/\/www.rucashk.com\/pt\/author\/admin\/#author"},"image":{"@type":"ImageObject","url":"https:\/\/www.rucashk.com\/wp-content\/uploads\/2024\/01\/2d4b7411-1575-416e-bca0-8975b58cefda.jpg","@id":"https:\/\/www.rucashk.com\/pt\/produto\/xiaomi-mijia-internet-dishwasher-vdw0401m\/#mainImage","width":1080,"height":1080},"primaryImageOfPage":{"@id":"https:\/\/www.rucashk.com\/pt\/produto\/xiaomi-mijia-internet-dishwasher-vdw0401m\/#mainImage"},"datePublished":"2024-01-09T15:56:40+00:00","dateModified":"2024-01-21T04:01:20+00:00"},{"@type":"WebSite","@id":"https:\/\/www.rucashk.com\/pt\/#website","url":"https:\/\/www.rucashk.com\/pt\/","name":"Rucas - Wholesale and distribution worldwide","alternateName":"Rucas - One-stop AIoT Distribution Worldwide","description":"One-stop AIoT Distribution Worldwide","inLanguage":"pt-PT","publisher":{"@id":"https:\/\/www.rucashk.com\/pt\/#organization"}}]}},"aioseo_meta_data":{"post_id":"23657","title":null,"description":null,"keywords":null,"keyphrases":null,"primary_term":null,"canonical_url":null,"og_title":null,"og_description":null,"og_object_type":"default","og_image_type":"default","og_image_url":null,"og_image_width":null,"og_image_height":null,"og_image_custom_url":null,"og_image_custom_fields":null,"og_video":null,"og_custom_url":null,"og_article_section":null,"og_article_tags":null,"twitter_use_og":false,"twitter_card":"default","twitter_image_type":"default","twitter_image_url":null,"twitter_image_custom_url":null,"twitter_image_custom_fields":null,"twitter_title":null,"twitter_description":null,"schema":{"blockGraphs":[],"customGraphs":[],"default":{"data":{"Article":[],"Course":[],"Dataset":[],"FAQPage":[],"Movie":[],"Person":[],"Product":[],"Recipe":[],"Service":[],"SoftwareApplication":[],"WebPage":[]},"graphName":"","isEnabled":true},"graphs":[]},"schema_type":"default","schema_type_options":null,"pillar_content":false,"robots_default":true,"robots_noindex":false,"robots_noarchive":false,"robots_nosnippet":false,"robots_nofollow":false,"robots_noimageindex":false,"robots_noodp":false,"robots_notranslate":false,"robots_max_snippet":null,"robots_max_videopreview":null,"robots_max_imagepreview":"large","priority":null,"frequency":null,"local_seo":null,"breadcrumb_settings":null,"limit_modified_date":false,"created":"2024-04-11 01:57:06","updated":"2025-06-22 17:13:07"},"aioseo_breadcrumb":"<div class=\"aioseo-breadcrumbs\"><span class=\"aioseo-breadcrumb\">\n\t<a href=\"https:\/\/www.rucashk.com\/pt\" title=\"Home\">Home<\/a>\n<\/span><span class=\"aioseo-breadcrumb-separator\">&raquo;<\/span><span class=\"aioseo-breadcrumb\">\n\t<a href=\"https:\/\/www.rucashk.com\/pt\/products\/\" title=\"Produtos\">Produtos<\/a>\n<\/span><span class=\"aioseo-breadcrumb-separator\">&raquo;<\/span><span class=\"aioseo-breadcrumb\">\n\t<a href=\"https:\/\/www.rucashk.com\/pt\/categoria-produto\/xiaomi-eco\/\" title=\"Xiaomi Eco\">Xiaomi Eco<\/a>\n<\/span><span class=\"aioseo-breadcrumb-separator\">&raquo;<\/span><span class=\"aioseo-breadcrumb\">\n\t<a href=\"https:\/\/www.rucashk.com\/pt\/categoria-produto\/xiaomi-eco\/others\/\" title=\"Others\">Others<\/a>\n<\/span><span class=\"aioseo-breadcrumb-separator\">&raquo;<\/span><span class=\"aioseo-breadcrumb\">\n\tXiaomi Mijia Internet DishWasher (VDW0401M)\n<\/span><\/div>","aioseo_breadcrumb_json":[{"label":"Home","link":"https:\/\/www.rucashk.com\/pt"},{"label":"Produtos","link":"https:\/\/www.rucashk.com\/pt\/products\/"},{"label":"Xiaomi Eco","link":"https:\/\/www.rucashk.com\/pt\/categoria-produto\/xiaomi-eco\/"},{"label":"Others","link":"https:\/\/www.rucashk.com\/pt\/categoria-produto\/xiaomi-eco\/others\/"},{"label":"Xiaomi Mijia Internet DishWasher (VDW0401M)","link":"https:\/\/www.rucashk.com\/pt\/produto\/xiaomi-mijia-internet-dishwasher-vdw0401m\/"}],"_links":{"self":[{"href":"https:\/\/www.rucashk.com\/pt\/wp-json\/wp\/v2\/product\/23657","targetHints":{"allow":["GET"]}}],"collection":[{"href":"https:\/\/www.rucashk.com\/pt\/wp-json\/wp\/v2\/product"}],"about":[{"href":"https:\/\/www.rucashk.com\/pt\/wp-json\/wp\/v2\/types\/product"}],"wp:featuredmedia":[{"embeddable":true,"href":"https:\/\/www.rucashk.com\/pt\/wp-json\/wp\/v2\/media\/23800"}],"wp:attachment":[{"href":"https:\/\/www.rucashk.com\/pt\/wp-json\/wp\/v2\/media?parent=23657"}],"wp:term":[{"taxonomy":"product_brand","embeddable":true,"href":"https:\/\/www.rucashk.com\/pt\/wp-json\/wp\/v2\/product_brand?post=23657"},{"taxonomy":"product_cat","embeddable":true,"href":"https:\/\/www.rucashk.com\/pt\/wp-json\/wp\/v2\/product_cat?post=23657"},{"taxonomy":"product_tag","embeddable":true,"href":"https:\/\/www.rucashk.com\/pt\/wp-json\/wp\/v2\/product_tag?post=23657"}],"curies":[{"name":"wp","href":"https:\/\/api.w.org\/{rel}","templated":true}]}}