{"id":23654,"date":"2024-01-09T15:56:39","date_gmt":"2024-01-09T15:56:39","guid":{"rendered":"http:\/\/rucashk.com\/?post_type=product&#038;p=23654"},"modified":"2024-03-12T07:46:20","modified_gmt":"2024-03-12T07:46:20","slug":"roborock-e4","status":"publish","type":"product","link":"https:\/\/www.rucashk.com\/pt\/produto\/roborock-e4\/","title":{"rendered":"Roborock e4"},"content":{"rendered":"<h2>Descri\u00e7\u00e3o do produto<\/h2>\n<div class=\"aplus-v2 desktop celwidget\" data-cel-widget=\"aplus\">\n<div class=\"celwidget aplus-module 3p-module-b\" data-cel-widget=\"aplus-3p-module-b\">\n<div class=\"aplus-3p-fixed-width\"><img decoding=\"async\" class=\"a-spacing-base\" src=\"\/wp-content\/uploads\/replace\/b50ec2003215b05e09eb31933baffd53.jpeg\" alt=\"roborock E4 robot vacuum\" data-src=\"\/wp-content\/uploads\/replace\/b50ec2003215b05e09eb31933baffd53.jpeg\" \/><\/div>\n<\/div>\n<div class=\"celwidget aplus-module module-9\" data-cel-widget=\"aplus-module-9\">\n<div class=\"a-expander-collapsed-height a-row a-expander-container a-expander-partial-collapse-container\" data-a-expander-name=\"aplus-module-expander\" data-a-expander-collapsed-height=\"700\">\n<div class=\"a-expander-content a-expander-partial-collapse-content\">\n<div class=\"aplus-module-wrapper\">\n<div class=\"apm-spacing apm-fixed-width\">\n<table class=\"apm-fixed-width apm-eventhirdcol-table\">\n<tbody>\n<tr>\n<th class=\"apm-center\">\n<div class=\"apm-eventhirdcol apm-floatleft\">\n<p><img decoding=\"async\" class=\"a-spacing-mini\" src=\"\/wp-content\/uploads\/replace\/83200f84e68dd85974397a6093eddfd1.jpeg\" alt=\"robot vacuum cleaner\" data-src=\"\/wp-content\/uploads\/replace\/83200f84e68dd85974397a6093eddfd1.jpeg\" \/><\/p>\n<\/div>\n<\/th>\n<th class=\"apm-center\">\n<div class=\"apm-eventhirdcol apm-floatleft\">\n<p><img decoding=\"async\" class=\"a-spacing-mini\" src=\"\/wp-content\/uploads\/replace\/d92573d38b8b29a253bf9d4341eb9466.jpeg\" alt=\"robot vacuum cleaner\" data-src=\"\/wp-content\/uploads\/replace\/d92573d38b8b29a253bf9d4341eb9466.jpeg\" \/><\/p>\n<\/div>\n<\/th>\n<th class=\"apm-center\">\n<div class=\"apm-eventhirdcol apm-floatleft\">\n<p><img decoding=\"async\" class=\"a-spacing-mini\" src=\"\/wp-content\/uploads\/replace\/f5a9160d9206d4cff2da7a41c4c05005.jpeg\" alt=\"robotic vacuum and mop\" data-src=\"\/wp-content\/uploads\/replace\/f5a9160d9206d4cff2da7a41c4c05005.jpeg\" \/><\/p>\n<\/div>\n<\/th>\n<\/tr>\n<tr>\n<td class=\"apm-top\">\n<div class=\"apm-eventhirdcol apm-floatleft\">\n<h4 class=\"a-spacing-mini\">Limpeza Eficaz<\/h4>\n<p>Movimento 10% mais r\u00e1pido *, navega\u00e7\u00e3o inteligente alimentada por girosc\u00f3pios duplos, um sistema de rastreamento de movimento OpticEye e uma rota em forma de Z limpam seus pisos com rapidez e efici\u00eancia.<\/p>\n<p>*Comparado com Roborock E2 e E3<\/p>\n<\/div>\n<\/td>\n<td class=\"apm-top\">\n<div class=\"apm-eventhirdcol apm-floatleft\">\n<h4 class=\"a-spacing-mini\">Suc\u00e7\u00e3o Intensa<\/h4>\n<p>Um aumento de 11% * para 2.000 Pa significa suc\u00e7\u00e3o m\u00e1xima poderosa que remove facilmente a poeira do ch\u00e3o e dos carpetes. O Carpet Boost autom\u00e1tico aumenta a suc\u00e7\u00e3o ao m\u00e1ximo quando um tapete \u00e9 detectado para uma aspira\u00e7\u00e3o mais eficaz.<\/p>\n<p>*Comparado com Roborock<span class=\"a-text-bold\">\u00a0E2<\/span><\/p>\n<\/div>\n<\/td>\n<td class=\"apm-top\">\n<div class=\"apm-eventhirdcol apm-floatleft\">\n<h4 class=\"a-spacing-mini\">Bateria de longa dura\u00e7\u00e3o<\/h4>\n<p>Um aumento de bateria 100% para 5200mAh significa energia suficiente para 2,5 horas de limpeza ininterrupta ou para limpar at\u00e9 2.152 p\u00e9s quadrados.<\/p>\n<\/div>\n<\/td>\n<\/tr>\n<\/tbody>\n<\/table>\n<\/div>\n<\/div>\n<div><\/div>\n<\/div>\n<\/div>\n<\/div>\n<div class=\"celwidget aplus-module module-9\" data-cel-widget=\"aplus-module-9\">\n<div class=\"a-expander-collapsed-height a-row a-expander-container a-expander-partial-collapse-container\" data-a-expander-name=\"aplus-module-expander\" data-a-expander-collapsed-height=\"700\">\n<div class=\"a-expander-content a-expander-partial-collapse-content\">\n<div class=\"aplus-module-wrapper\">\n<div class=\"apm-spacing apm-fixed-width\">\n<table class=\"apm-fixed-width apm-eventhirdcol-table\">\n<tbody>\n<tr>\n<th class=\"apm-center\">\n<div class=\"apm-eventhirdcol apm-floatleft\">\n<p><img decoding=\"async\" class=\"a-spacing-mini\" src=\"\/wp-content\/uploads\/replace\/7101bf02b3631c45f5d28f72900981e7.jpeg\" alt=\"robot vacuum cleaner\" data-src=\"\/wp-content\/uploads\/replace\/7101bf02b3631c45f5d28f72900981e7.jpeg\" \/><\/p>\n<\/div>\n<\/th>\n<th class=\"apm-center\">\n<div class=\"apm-eventhirdcol apm-floatleft\">\n<p><img decoding=\"async\" class=\"a-spacing-mini\" src=\"\/wp-content\/uploads\/replace\/bdb42525e63a9835fe3e9ab4a2b24f1a.jpeg\" alt=\"wi-fi connected\" data-src=\"\/wp-content\/uploads\/replace\/bdb42525e63a9835fe3e9ab4a2b24f1a.jpeg\" \/><\/p>\n<\/div>\n<\/th>\n<th class=\"apm-center\">\n<div class=\"apm-eventhirdcol apm-floatleft\">\n<p><img decoding=\"async\" class=\"a-spacing-mini\" src=\"\/wp-content\/uploads\/replace\/d3bfcea26365f180f57073cf875eac1a.jpeg\" alt=\"auto charging\" data-src=\"\/wp-content\/uploads\/replace\/d3bfcea26365f180f57073cf875eac1a.jpeg\" \/><\/p>\n<\/div>\n<\/th>\n<\/tr>\n<tr>\n<td class=\"apm-top\">\n<div class=\"apm-eventhirdcol apm-floatleft\">\n<h4 class=\"a-spacing-mini\">Lixeira grande<\/h4>\n<p>Uma lata de lixo de 640ml armazena mais detritos, o que significa que pode ser esvaziada com menos frequ\u00eancia e limpa de uma s\u00f3 vez.<\/p>\n<\/div>\n<\/td>\n<td class=\"apm-top\">\n<div class=\"apm-eventhirdcol apm-floatleft\">\n<h4 class=\"a-spacing-mini\">Aplicativo e controle de voz<\/h4>\n<p>Inicie\/interrompa limpezas, defina a for\u00e7a de suc\u00e7\u00e3o, defina hor\u00e1rios e muito mais no Mi Home APP ou inicie e pare a limpeza usando Amazon Alexa.<\/p>\n<p><span class=\"a-text-bold\">Nota: Wi-Fi de 2,4 GHz \u00e9 necess\u00e1rio para a conex\u00e3o do aplicativo.<\/span><\/p>\n<\/div>\n<\/td>\n<td class=\"apm-top\">\n<div class=\"apm-eventhirdcol apm-floatleft\">\n<h4 class=\"a-spacing-mini\">Recarga autom\u00e1tica<\/h4>\n<p>Ao limpar grandes espa\u00e7os, o E4 retornar\u00e1 ao dock, recarregar\u00e1 a bateria e continuar\u00e1 aspirando de onde parou.<\/p>\n<p>Nota: Consulte o manual para colocar o encaixe na \u00e1rea correta.<\/p>\n<\/div>\n<\/td>\n<\/tr>\n<\/tbody>\n<\/table>\n<\/div>\n<\/div>\n<div><\/div>\n<\/div>\n<\/div>\n<\/div>\n<div class=\"celwidget aplus-module 3p-module-b\" data-cel-widget=\"aplus-3p-module-b\">\n<div class=\"aplus-3p-fixed-width\">\n<ul class=\"a-unordered-list a-vertical\">\n<li><span class=\"a-list-item\"><span class=\"a-text-bold\">Esfregar opcional<\/span><\/span><\/li>\n<\/ul>\n<p class=\"a-spacing-base\">Um sistema de limpeza adicional, 28% maior do que os encontrados em outros produtos da s\u00e9rie E, \u00e9 ideal para remover poeira fina adicional que outros aspiradores podem deixar passar.<\/p>\n<p class=\"a-spacing-base\"><span class=\"a-text-bold\">*O sistema de limpeza precisa ser adquirido separadamente na Amazon.<\/span><\/p>\n<ul class=\"a-unordered-list a-vertical\">\n<li><span class=\"a-list-item\"><span class=\"a-text-bold\">Escalada de 0,8 pol.<\/span><\/span><\/li>\n<\/ul>\n<p class=\"a-spacing-base\">Suba rapidamente pelas soleiras dos quartos e pelos tapetes da casa.<\/p>\n<ul class=\"a-unordered-list a-vertical\">\n<li><span class=\"a-list-item\"><span class=\"a-text-bold\">Sensores de penhasco<\/span><\/span><\/li>\n<\/ul>\n<p class=\"a-spacing-base\">Uma s\u00e9rie de sensores de penhasco sempre verificam sali\u00eancias e degraus, evitando quedas acidentais.<\/p>\n<ul class=\"a-unordered-list a-vertical\">\n<li><span class=\"a-list-item\"><span class=\"a-text-bold\">Observa\u00e7\u00e3o<\/span><\/span><\/li>\n<\/ul>\n<p class=\"a-spacing-base\">Limpe os pisos de cabos soltos, ou seja, cabos de carregamento para evitar emaranhados mais graves.<\/p>\n<p class=\"a-spacing-base\"><span class=\"a-text-bold\">Wi-Fi de 2,4 GHz necess\u00e1rio para a conex\u00e3o do aplicativo.<\/span><\/p>\n<p class=\"a-spacing-base\">Zonas sem esfreg\u00e3o n\u00e3o suportadas.<\/p>\n<p class=\"a-spacing-base\">Todos os dados de compara\u00e7\u00e3o s\u00e3o comparados com roborock E2 ou E3.<\/p>\n<p class=\"a-spacing-base\">Ligue o carpete boost no APP para limpeza de carpetes<\/p>\n<p class=\"a-spacing-base\">Voc\u00ea pode tocar no bot\u00e3o para iniciar e finalizar a limpeza e baixar o Mi Home APP para desfrutar de mais fun\u00e7\u00f5es.<\/p>\n<p><img fetchpriority=\"high\" decoding=\"async\" class=\"alignnone size-full wp-image-18061\" src=\"\/wp-content\/uploads\/replace\/be4b72da87d63c2b941e89a3baabb635.jpeg\" alt=\"Roborock\u00a0e4\" width=\"979\" height=\"293\" \/><\/p>\n<p>&nbsp;<\/p>\n<h3><strong>Informa\u00e7\u00e3o do produto<\/strong><\/h3>\n<p>&nbsp;<\/p>\n<table width=\"0\">\n<tbody>\n<tr>\n<td width=\"352\">Dimens\u00f5es da embalagem<\/td>\n<td>19,3 x 15,9 x 6 polegadas<\/td>\n<\/tr>\n<tr>\n<td width=\"352\">Peso do Item<\/td>\n<td>11,23 libras<\/td>\n<\/tr>\n<tr>\n<td width=\"352\">Fabricante<\/td>\n<td>roborock<\/td>\n<\/tr>\n<tr>\n<td width=\"352\">COMO EM<\/td>\n<td>B0825NN2FM<\/td>\n<\/tr>\n<tr>\n<td width=\"352\">N\u00famero do modelo do item<\/td>\n<td>E4<\/td>\n<\/tr>\n<tr>\n<td width=\"352\">Baterias<\/td>\n<td>1 S\u00e3o necess\u00e1rias baterias de \u00edon de l\u00edtio. (inclu\u00eddo)<\/td>\n<\/tr>\n<tr>\n<td width=\"352\">Baterias necess\u00e1rias<\/td>\n<td>Sim<\/td>\n<\/tr>\n<\/tbody>\n<\/table>\n<h3>Principais caracter\u00edsticas<\/h3>\n<ul class=\"a-unordered-list a-vertical a-spacing-mini\">\n<li><span class=\"a-list-item\">Limpeza eficaz: movimento mais r\u00e1pido 10%, navega\u00e7\u00e3o inteligente e uma rota em forma de Z limpam seus pisos com rapidez e efici\u00eancia.<\/span><\/li>\n<li><span class=\"a-list-item\">Limpeza completa: Um aumento de suc\u00e7\u00e3o de 11% para 2.000 Pa e Carpet Boost autom\u00e1tico fornecem a energia necess\u00e1ria para puxar poeira e cabelos alojados em carpetes.<\/span><\/li>\n<li><span class=\"a-list-item\">Bateria de longa dura\u00e7\u00e3o: um aumento de bateria 100% para 5.200 mAh significa energia suficiente para limpar at\u00e9 2.152 p\u00e9s quadrados<\/span><\/li>\n<li><span class=\"a-list-item\">Lixeira grande: Uma lata de lixo de 640ml armazena mais detritos, o que significa que pode ser esvaziada com menos frequ\u00eancia.<\/span><\/li>\n<li><span class=\"a-list-item\">Aplicativo e controle de voz: inicie\/interrompa limpezas, defina a for\u00e7a de suc\u00e7\u00e3o, defina hor\u00e1rios e muito mais no aplicativo Mi home ou inicie e pare a limpeza usando Amazon Alexa. (Observa\u00e7\u00e3o: nenhum controle remoto separado \u00e9 fornecido).<\/span><\/li>\n<\/ul>\n<\/div>\n<\/div>\n<\/div>","protected":false},"excerpt":{"rendered":"<p><strong>Recurso:<\/strong><\/p>\n<ul>\n<li>Limpeza Eficaz<\/li>\n<li>Limpeza completa<\/li>\n<li>Bateria de longa dura\u00e7\u00e3o<\/li>\n<li>Lixeira grande<\/li>\n<li>Aplicativo e controle de voz<\/li>\n<\/ul>","protected":false},"featured_media":23789,"template":"","meta":[],"product_brand":[],"product_cat":[1312,1305],"product_tag":[936],"class_list":{"0":"post-23654","1":"product","2":"type-product","3":"status-publish","4":"has-post-thumbnail","6":"product_cat-roborock-vacuum-cleaner","7":"product_cat-xiaomi-eco","8":"product_tag-roborock-e4","10":"first","11":"instock","12":"shipping-taxable","13":"product-type-external"},"aioseo_notices":[],"aioseo_head":"\n\t\t<!-- All in One SEO Pro 4.5.9.2 - aioseo.com -->\n\t\t<meta name=\"description\" content=\"Feature: Effective Cleaning Thorough cleaning Long-Lasting Battery Large Dustbin App and Voice Control\" \/>\n\t\t<meta name=\"robots\" content=\"max-image-preview:large\" \/>\n\t\t<link rel=\"canonical\" href=\"https:\/\/www.rucashk.com\/pt\/produto\/roborock-e4\/\" \/>\n\t\t<meta name=\"generator\" content=\"All in One SEO Pro (AIOSEO) 4.5.9.2\" \/>\n\t\t<meta property=\"og:locale\" content=\"pt_PT\" \/>\n\t\t<meta property=\"og:site_name\" content=\"Rucas - One-stop AIoT Distribution Worldwide\" \/>\n\t\t<meta property=\"og:type\" content=\"article\" \/>\n\t\t<meta property=\"og:title\" content=\"Roborock e4 - Rucas - Wholesale and Distribution\" \/>\n\t\t<meta property=\"og:description\" content=\"Feature: Effective Cleaning Thorough cleaning Long-Lasting Battery Large Dustbin App and Voice Control\" \/>\n\t\t<meta property=\"og:url\" content=\"https:\/\/www.rucashk.com\/pt\/produto\/roborock-e4\/\" \/>\n\t\t<meta property=\"og:image\" content=\"https:\/\/www.rucashk.com\/wp-content\/uploads\/replace\/503b8e645f128a97ccde2b6290747646.jpeg\" \/>\n\t\t<meta property=\"og:image:secure_url\" content=\"https:\/\/www.rucashk.com\/wp-content\/uploads\/replace\/503b8e645f128a97ccde2b6290747646.jpeg\" \/>\n\t\t<meta property=\"og:image:width\" content=\"1456\" \/>\n\t\t<meta property=\"og:image:height\" content=\"816\" \/>\n\t\t<meta property=\"article:published_time\" content=\"2024-01-09T15:56:39+00:00\" \/>\n\t\t<meta property=\"article:modified_time\" content=\"2024-03-12T07:46:20+00:00\" \/>\n\t\t<meta name=\"twitter:card\" content=\"summary_large_image\" \/>\n\t\t<meta name=\"twitter:title\" content=\"Roborock e4 - Rucas - Wholesale and Distribution\" \/>\n\t\t<meta name=\"twitter:description\" content=\"Feature: Effective Cleaning Thorough cleaning Long-Lasting Battery Large Dustbin App and Voice Control\" \/>\n\t\t<meta name=\"twitter:image\" content=\"https:\/\/www.rucashk.com\/wp-content\/uploads\/replace\/503b8e645f128a97ccde2b6290747646.jpeg\" \/>\n\t\t<script type=\"application\/ld+json\" class=\"aioseo-schema\">\n\t\t\t{\"@context\":\"https:\\\/\\\/schema.org\",\"@graph\":[{\"@type\":\"BreadcrumbList\",\"@id\":\"https:\\\/\\\/www.rucashk.com\\\/pt\\\/produto\\\/roborock-e4\\\/#breadcrumblist\",\"itemListElement\":[{\"@type\":\"ListItem\",\"@id\":\"https:\\\/\\\/www.rucashk.com\\\/pt\\\/#listItem\",\"position\":1,\"name\":\"Home\",\"item\":\"https:\\\/\\\/www.rucashk.com\\\/pt\\\/\",\"nextItem\":\"https:\\\/\\\/www.rucashk.com\\\/pt\\\/produto\\\/roborock-e4\\\/#listItem\"},{\"@type\":\"ListItem\",\"@id\":\"https:\\\/\\\/www.rucashk.com\\\/pt\\\/produto\\\/roborock-e4\\\/#listItem\",\"position\":2,\"name\":\"Roborock\\u00a0e4\",\"previousItem\":\"https:\\\/\\\/www.rucashk.com\\\/pt\\\/#listItem\"}]},{\"@type\":\"Organization\",\"@id\":\"https:\\\/\\\/www.rucashk.com\\\/pt\\\/#organization\",\"name\":\"Rucas\",\"url\":\"https:\\\/\\\/www.rucashk.com\\\/pt\\\/\",\"logo\":{\"@type\":\"ImageObject\",\"url\":\"https:\\\/\\\/www.rucashk.com\\\/wp-content\\\/uploads\\\/2023\\\/12\\\/Rucas_campany_logo.png\",\"@id\":\"https:\\\/\\\/www.rucashk.com\\\/pt\\\/produto\\\/roborock-e4\\\/#organizationLogo\",\"width\":221,\"height\":65},\"image\":{\"@id\":\"https:\\\/\\\/www.rucashk.com\\\/pt\\\/#organizationLogo\"}},{\"@type\":\"Person\",\"@id\":\"https:\\\/\\\/www.rucashk.com\\\/pt\\\/author\\\/admin\\\/#author\",\"url\":\"https:\\\/\\\/www.rucashk.com\\\/pt\\\/author\\\/admin\\\/\",\"name\":\"admin\",\"image\":{\"@type\":\"ImageObject\",\"@id\":\"https:\\\/\\\/www.rucashk.com\\\/pt\\\/produto\\\/roborock-e4\\\/#authorImage\",\"url\":\"https:\\\/\\\/secure.gravatar.com\\\/avatar\\\/b7c8925b09a27e72b30232f8ecaadbd5af0f70a38c78096863fe51b64f031c24?s=96&d=mm&r=g\",\"width\":96,\"height\":96,\"caption\":\"admin\"}},{\"@type\":\"WebPage\",\"@id\":\"https:\\\/\\\/www.rucashk.com\\\/pt\\\/produto\\\/roborock-e4\\\/#webpage\",\"url\":\"https:\\\/\\\/www.rucashk.com\\\/pt\\\/produto\\\/roborock-e4\\\/\",\"name\":\"Roborock e4 - Rucas - Wholesale and Distribution\",\"description\":\"Feature: Effective Cleaning Thorough cleaning Long-Lasting Battery Large Dustbin App and Voice Control\",\"inLanguage\":\"pt-PT\",\"isPartOf\":{\"@id\":\"https:\\\/\\\/www.rucashk.com\\\/pt\\\/#website\"},\"breadcrumb\":{\"@id\":\"https:\\\/\\\/www.rucashk.com\\\/pt\\\/produto\\\/roborock-e4\\\/#breadcrumblist\"},\"author\":{\"@id\":\"https:\\\/\\\/www.rucashk.com\\\/pt\\\/author\\\/admin\\\/#author\"},\"creator\":{\"@id\":\"https:\\\/\\\/www.rucashk.com\\\/pt\\\/author\\\/admin\\\/#author\"},\"image\":{\"@type\":\"ImageObject\",\"url\":\"https:\\\/\\\/www.rucashk.com\\\/wp-content\\\/uploads\\\/2024\\\/01\\\/roborock-e4.jpg\",\"@id\":\"https:\\\/\\\/www.rucashk.com\\\/pt\\\/produto\\\/roborock-e4\\\/#mainImage\",\"width\":800,\"height\":800},\"primaryImageOfPage\":{\"@id\":\"https:\\\/\\\/www.rucashk.com\\\/pt\\\/produto\\\/roborock-e4\\\/#mainImage\"},\"datePublished\":\"2024-01-09T15:56:39+00:00\",\"dateModified\":\"2024-03-12T07:46:20+00:00\"},{\"@type\":\"WebSite\",\"@id\":\"https:\\\/\\\/www.rucashk.com\\\/pt\\\/#website\",\"url\":\"https:\\\/\\\/www.rucashk.com\\\/pt\\\/\",\"name\":\"Rucas - Wholesale and distribution worldwide\",\"alternateName\":\"Rucas - One-stop AIoT Distribution Worldwide\",\"description\":\"One-stop AIoT Distribution Worldwide\",\"inLanguage\":\"pt-PT\",\"publisher\":{\"@id\":\"https:\\\/\\\/www.rucashk.com\\\/pt\\\/#organization\"}}]}\n\t\t<\/script>\n\t\t<!-- All in One SEO Pro -->\r\n\t\t<title>Roborock e4 - Rucas - Wholesale and Distribution<\/title>\n\n","aioseo_head_json":{"title":"Roborock e4 - Rucas - Wholesale and Distribution","description":"Feature: Effective Cleaning Thorough cleaning Long-Lasting Battery Large Dustbin App and Voice Control","canonical_url":"https:\/\/www.rucashk.com\/pt\/produto\/roborock-e4\/","robots":"max-image-preview:large","keywords":"","webmasterTools":{"miscellaneous":""},"og:locale":"pt_PT","og:site_name":"Rucas - One-stop AIoT Distribution Worldwide","og:type":"article","og:title":"Roborock e4 - Rucas - Wholesale and Distribution","og:description":"Feature: Effective Cleaning Thorough cleaning Long-Lasting Battery Large Dustbin App and Voice Control","og:url":"https:\/\/www.rucashk.com\/pt\/produto\/roborock-e4\/","og:image":"https:\/\/www.rucashk.com\/wp-content\/uploads\/replace\/503b8e645f128a97ccde2b6290747646.jpeg","og:image:secure_url":"https:\/\/www.rucashk.com\/wp-content\/uploads\/replace\/503b8e645f128a97ccde2b6290747646.jpeg","og:image:width":1456,"og:image:height":816,"article:published_time":"2024-01-09T15:56:39+00:00","article:modified_time":"2024-03-12T07:46:20+00:00","twitter:card":"summary_large_image","twitter:title":"Roborock e4 - Rucas - Wholesale and Distribution","twitter:description":"Feature: Effective Cleaning Thorough cleaning Long-Lasting Battery Large Dustbin App and Voice Control","twitter:image":"https:\/\/www.rucashk.com\/wp-content\/uploads\/replace\/503b8e645f128a97ccde2b6290747646.jpeg","schema":{"@context":"https:\/\/schema.org","@graph":[{"@type":"BreadcrumbList","@id":"https:\/\/www.rucashk.com\/pt\/produto\/roborock-e4\/#breadcrumblist","itemListElement":[{"@type":"ListItem","@id":"https:\/\/www.rucashk.com\/pt\/#listItem","position":1,"name":"Home","item":"https:\/\/www.rucashk.com\/pt\/","nextItem":"https:\/\/www.rucashk.com\/pt\/produto\/roborock-e4\/#listItem"},{"@type":"ListItem","@id":"https:\/\/www.rucashk.com\/pt\/produto\/roborock-e4\/#listItem","position":2,"name":"Roborock\u00a0e4","previousItem":"https:\/\/www.rucashk.com\/pt\/#listItem"}]},{"@type":"Organization","@id":"https:\/\/www.rucashk.com\/pt\/#organization","name":"Rucas","url":"https:\/\/www.rucashk.com\/pt\/","logo":{"@type":"ImageObject","url":"https:\/\/www.rucashk.com\/wp-content\/uploads\/2023\/12\/Rucas_campany_logo.png","@id":"https:\/\/www.rucashk.com\/pt\/produto\/roborock-e4\/#organizationLogo","width":221,"height":65},"image":{"@id":"https:\/\/www.rucashk.com\/pt\/#organizationLogo"}},{"@type":"Person","@id":"https:\/\/www.rucashk.com\/pt\/author\/admin\/#author","url":"https:\/\/www.rucashk.com\/pt\/author\/admin\/","name":"admin","image":{"@type":"ImageObject","@id":"https:\/\/www.rucashk.com\/pt\/produto\/roborock-e4\/#authorImage","url":"https:\/\/secure.gravatar.com\/avatar\/b7c8925b09a27e72b30232f8ecaadbd5af0f70a38c78096863fe51b64f031c24?s=96&d=mm&r=g","width":96,"height":96,"caption":"admin"}},{"@type":"WebPage","@id":"https:\/\/www.rucashk.com\/pt\/produto\/roborock-e4\/#webpage","url":"https:\/\/www.rucashk.com\/pt\/produto\/roborock-e4\/","name":"Roborock e4 - Rucas - Wholesale and Distribution","description":"Feature: Effective Cleaning Thorough cleaning Long-Lasting Battery Large Dustbin App and Voice Control","inLanguage":"pt-PT","isPartOf":{"@id":"https:\/\/www.rucashk.com\/pt\/#website"},"breadcrumb":{"@id":"https:\/\/www.rucashk.com\/pt\/produto\/roborock-e4\/#breadcrumblist"},"author":{"@id":"https:\/\/www.rucashk.com\/pt\/author\/admin\/#author"},"creator":{"@id":"https:\/\/www.rucashk.com\/pt\/author\/admin\/#author"},"image":{"@type":"ImageObject","url":"https:\/\/www.rucashk.com\/wp-content\/uploads\/2024\/01\/roborock-e4.jpg","@id":"https:\/\/www.rucashk.com\/pt\/produto\/roborock-e4\/#mainImage","width":800,"height":800},"primaryImageOfPage":{"@id":"https:\/\/www.rucashk.com\/pt\/produto\/roborock-e4\/#mainImage"},"datePublished":"2024-01-09T15:56:39+00:00","dateModified":"2024-03-12T07:46:20+00:00"},{"@type":"WebSite","@id":"https:\/\/www.rucashk.com\/pt\/#website","url":"https:\/\/www.rucashk.com\/pt\/","name":"Rucas - Wholesale and distribution worldwide","alternateName":"Rucas - One-stop AIoT Distribution Worldwide","description":"One-stop AIoT Distribution Worldwide","inLanguage":"pt-PT","publisher":{"@id":"https:\/\/www.rucashk.com\/pt\/#organization"}}]}},"aioseo_meta_data":{"post_id":"23654","title":null,"description":null,"keywords":null,"keyphrases":null,"primary_term":null,"canonical_url":null,"og_title":null,"og_description":null,"og_object_type":"default","og_image_type":"default","og_image_url":null,"og_image_width":null,"og_image_height":null,"og_image_custom_url":null,"og_image_custom_fields":null,"og_video":null,"og_custom_url":null,"og_article_section":null,"og_article_tags":null,"twitter_use_og":false,"twitter_card":"default","twitter_image_type":"default","twitter_image_url":null,"twitter_image_custom_url":null,"twitter_image_custom_fields":null,"twitter_title":null,"twitter_description":null,"schema":{"blockGraphs":[],"customGraphs":[],"default":{"data":{"Article":[],"Course":[],"Dataset":[],"FAQPage":[],"Movie":[],"Person":[],"Product":[],"Recipe":[],"Service":[],"SoftwareApplication":[],"WebPage":[]},"graphName":"","isEnabled":true},"graphs":[]},"schema_type":"default","schema_type_options":null,"pillar_content":false,"robots_default":true,"robots_noindex":false,"robots_noarchive":false,"robots_nosnippet":false,"robots_nofollow":false,"robots_noimageindex":false,"robots_noodp":false,"robots_notranslate":false,"robots_max_snippet":null,"robots_max_videopreview":null,"robots_max_imagepreview":"large","priority":null,"frequency":null,"local_seo":null,"breadcrumb_settings":null,"limit_modified_date":false,"created":"2024-04-11 01:57:06","updated":"2025-06-22 17:13:06"},"aioseo_breadcrumb":"<div class=\"aioseo-breadcrumbs\"><span class=\"aioseo-breadcrumb\">\n\t<a href=\"https:\/\/www.rucashk.com\/pt\" title=\"Home\">Home<\/a>\n<\/span><span class=\"aioseo-breadcrumb-separator\">&raquo;<\/span><span class=\"aioseo-breadcrumb\">\n\t<a href=\"https:\/\/www.rucashk.com\/pt\/products\/\" title=\"Produtos\">Produtos<\/a>\n<\/span><span class=\"aioseo-breadcrumb-separator\">&raquo;<\/span><span class=\"aioseo-breadcrumb\">\n\t<a href=\"https:\/\/www.rucashk.com\/pt\/categoria-produto\/xiaomi-eco\/\" title=\"Xiaomi Eco\">Xiaomi Eco<\/a>\n<\/span><span class=\"aioseo-breadcrumb-separator\">&raquo;<\/span><span class=\"aioseo-breadcrumb\">\n\t<a href=\"https:\/\/www.rucashk.com\/pt\/categoria-produto\/xiaomi-eco\/roborock-vacuum-cleaner\/\" title=\"Roborock Vacuum Cleaner\">Roborock Vacuum Cleaner<\/a>\n<\/span><span class=\"aioseo-breadcrumb-separator\">&raquo;<\/span><span class=\"aioseo-breadcrumb\">\n\tRoborock\u00a0e4\n<\/span><\/div>","aioseo_breadcrumb_json":[{"label":"Home","link":"https:\/\/www.rucashk.com\/pt"},{"label":"Produtos","link":"https:\/\/www.rucashk.com\/pt\/products\/"},{"label":"Xiaomi Eco","link":"https:\/\/www.rucashk.com\/pt\/categoria-produto\/xiaomi-eco\/"},{"label":"Roborock Vacuum Cleaner","link":"https:\/\/www.rucashk.com\/pt\/categoria-produto\/xiaomi-eco\/roborock-vacuum-cleaner\/"},{"label":"Roborock\u00a0e4","link":"https:\/\/www.rucashk.com\/pt\/produto\/roborock-e4\/"}],"_links":{"self":[{"href":"https:\/\/www.rucashk.com\/pt\/wp-json\/wp\/v2\/product\/23654","targetHints":{"allow":["GET"]}}],"collection":[{"href":"https:\/\/www.rucashk.com\/pt\/wp-json\/wp\/v2\/product"}],"about":[{"href":"https:\/\/www.rucashk.com\/pt\/wp-json\/wp\/v2\/types\/product"}],"wp:featuredmedia":[{"embeddable":true,"href":"https:\/\/www.rucashk.com\/pt\/wp-json\/wp\/v2\/media\/23789"}],"wp:attachment":[{"href":"https:\/\/www.rucashk.com\/pt\/wp-json\/wp\/v2\/media?parent=23654"}],"wp:term":[{"taxonomy":"product_brand","embeddable":true,"href":"https:\/\/www.rucashk.com\/pt\/wp-json\/wp\/v2\/product_brand?post=23654"},{"taxonomy":"product_cat","embeddable":true,"href":"https:\/\/www.rucashk.com\/pt\/wp-json\/wp\/v2\/product_cat?post=23654"},{"taxonomy":"product_tag","embeddable":true,"href":"https:\/\/www.rucashk.com\/pt\/wp-json\/wp\/v2\/product_tag?post=23654"}],"curies":[{"name":"wp","href":"https:\/\/api.w.org\/{rel}","templated":true}]}}