{"id":23617,"date":"2024-01-09T15:56:15","date_gmt":"2024-01-09T15:56:15","guid":{"rendered":"http:\/\/rucashk.com\/?post_type=product&#038;p=23617"},"modified":"2024-03-11T06:45:08","modified_gmt":"2024-03-11T06:45:08","slug":"meizu-16t","status":"publish","type":"product","link":"https:\/\/www.rucashk.com\/pt\/produto\/meizu-16t\/","title":{"rendered":"Meizu 16T"},"content":{"rendered":"<div class=\"self-adaption\"><img decoding=\"async\" class=\"js-descLazyload lazy-loaded\" title=\"Meizu 16T 4G Phablet 8GB RAM 256GB ROM - Azul Profundo\" src=\"\/wp-content\/uploads\/replace\/60d786b300d449952ef1ae94666ac9fa.jpeg\" alt=\"Meizu 16T 4G Phablet 8GB RAM 256GB ROM- Deep Blue\" data-lazy=\"\/wp-content\/uploads\/replace\/60d786b300d449952ef1ae94666ac9fa.jpeg\" data-was-processed=\"true\" \/><\/div>\n<div class=\"self-adaption\"><img decoding=\"async\" class=\"js-descLazyload lazy-loaded\" title=\"Meizu 16T 4G Phablet 8GB RAM 256GB ROM - Azul Profundo\" src=\"\/wp-content\/uploads\/replace\/d0f3141c60fc8faa5ca248b920a71ee4.jpeg\" alt=\"Meizu 16T 4G Phablet 8GB RAM 256GB ROM- Deep Blue\" data-lazy=\"\/wp-content\/uploads\/replace\/d0f3141c60fc8faa5ca248b920a71ee4.jpeg\" data-was-processed=\"true\" \/><\/div>\n<div class=\"self-adaption\"><img decoding=\"async\" class=\"js-descLazyload lazy-loaded\" title=\"Meizu 16T 4G Phablet 8GB RAM 256GB ROM - Azul Profundo\" src=\"\/wp-content\/uploads\/replace\/58553c828c6ddfd175c5f93534d68101.jpeg\" alt=\"Meizu 16T 4G Phablet 8GB RAM 256GB ROM- Deep Blue\" data-lazy=\"\/wp-content\/uploads\/replace\/58553c828c6ddfd175c5f93534d68101.jpeg\" data-was-processed=\"true\" \/><\/div>\n<div class=\"self-adaption\"><img decoding=\"async\" class=\"js-descLazyload lazy-loaded\" title=\"Meizu 16T 4G Phablet 8GB RAM 256GB ROM - Azul Profundo\" src=\"\/wp-content\/uploads\/replace\/4d916225b3b5dc10e94bb1af8328cc1a.jpeg\" alt=\"Meizu 16T 4G Phablet 8GB RAM 256GB ROM- Deep Blue\" data-lazy=\"\/wp-content\/uploads\/replace\/4d916225b3b5dc10e94bb1af8328cc1a.jpeg\" data-was-processed=\"true\" \/><\/div>\n<div class=\"self-adaption\"><img decoding=\"async\" class=\"js-descLazyload lazy-loaded\" title=\"Meizu 16T 4G Phablet 8GB RAM 256GB ROM - Azul Profundo\" src=\"\/wp-content\/uploads\/replace\/13becc787ab530704a4351884797ba4f.jpeg\" alt=\"Meizu 16T 4G Phablet 8GB RAM 256GB ROM- Deep Blue\" data-lazy=\"\/wp-content\/uploads\/replace\/13becc787ab530704a4351884797ba4f.jpeg\" data-was-processed=\"true\" \/><\/div>\n<div class=\"self-adaption\"><img decoding=\"async\" class=\"js-descLazyload lazy-loaded\" title=\"Meizu 16T 4G Phablet 8GB RAM 256GB ROM - Azul Profundo\" src=\"\/wp-content\/uploads\/replace\/8ef1d4f071d47eed84b9678e88c4f11e.jpeg\" alt=\"Meizu 16T 4G Phablet 8GB RAM 256GB ROM- Deep Blue\" data-lazy=\"\/wp-content\/uploads\/replace\/8ef1d4f071d47eed84b9678e88c4f11e.jpeg\" data-was-processed=\"true\" \/><\/div>\n<div class=\"self-adaption\"><img decoding=\"async\" class=\"js-descLazyload lazy-loaded\" title=\"Meizu 16T 4G Phablet 8GB RAM 256GB ROM - Azul Profundo\" src=\"\/wp-content\/uploads\/replace\/360e95f8ccfad2be1dc66ed204b022bf.jpeg\" alt=\"Meizu 16T 4G Phablet 8GB RAM 256GB ROM- Deep Blue\" data-lazy=\"\/wp-content\/uploads\/replace\/360e95f8ccfad2be1dc66ed204b022bf.jpeg\" data-was-processed=\"true\" \/><\/div>\n<div class=\"self-adaption\"><img decoding=\"async\" class=\"js-descLazyload lazy-loaded\" title=\"Meizu 16T 4G Phablet 8GB RAM 256GB ROM - Azul Profundo\" src=\"\/wp-content\/uploads\/replace\/e5e2cef37c13db1dbf38b54f69c332a4.jpeg\" alt=\"Meizu 16T 4G Phablet 8GB RAM 256GB ROM- Deep Blue\" data-lazy=\"\/wp-content\/uploads\/replace\/e5e2cef37c13db1dbf38b54f69c332a4.jpeg\" data-was-processed=\"true\" \/><\/div>\n<div>\n<h4 class=\"expand_en_name\">Especifica\u00e7\u00e3o<\/h4>\n<div class=\"product_pz_info product_pz_style2\">\n<table>\n<tbody>\n<tr>\n<th>Em geral<\/th>\n<td>Marca: MEIZU<br \/>\nN\u00famero do modelo: 16T<br \/>\nIdioma: ingl\u00eas, chin\u00eas<br \/>\nProvedor de servi\u00e7os: desbloqueado<br \/>\nSlot para cart\u00e3o SIM: Dual SIM, espera dupla<br \/>\nTipo de cart\u00e3o SIM: Dual Nano SIM<br \/>\nTipo: 4G Phablet<\/td>\n<\/tr>\n<tr>\n<th>Hardware<\/th>\n<td>Processador: Qualcomm Snapdragon 855<br \/>\nN\u00facleos: 1,7 GHz, 2,4 GHz, 2,84 GHz, Octa Core<br \/>\nMem\u00f3ria Externa: N\u00e3o Suportada<br \/>\nGPU: Adreno 640<\/td>\n<\/tr>\n<tr>\n<th>Rede<\/th>\n<td>Tipo de rede: CDMA,FDD-LTE,GSM,TD-SCDMA,TDD-LTE,WCDMA<br \/>\nConectividade sem fio: Wi-Fi de 2,4 GHz\/5 GHz<\/td>\n<\/tr>\n<tr>\n<th>Mostrar<\/th>\n<td>Tamanho da tela: 6,5 polegadas<br \/>\nTipo de tela: AMOLED<\/td>\n<\/tr>\n<tr>\n<th>C\u00e2mera<\/th>\n<td>Fun\u00e7\u00f5es da c\u00e2mera: HDR<br \/>\nTipo de c\u00e2mera: Caremas traseiros triplos e uma c\u00e2mera frontal<br \/>\nLanterna: Sim<br \/>\nGrava\u00e7\u00e3o de v\u00eddeo: v\u00eddeo 4K, sim<\/td>\n<\/tr>\n<tr>\n<th>Outras caracter\u00edsticas<\/th>\n<td>Recursos adicionais: 4G,Bluetooth,Reconhecimento facial,Reconhecimento de impress\u00e3o digital,GPS,Wi-Fi<br \/>\nVers\u00e3o Bluetooth: Bluetooth 5.0<br \/>\nGoogle Play Store: N\u00e3o<br \/>\nInterface de E\/S: 2 x slot Nano SIM, porta de sa\u00edda de \u00e1udio de 3,5 mm, tipo C<br \/>\n\u00c0 prova d&#039;\u00e1gua\/resistente \u00e0 \u00e1gua: N\u00e3o<br \/>\nSensor: Sensor de luz ambiente, reconhecimento facial, sensor de impress\u00e3o digital, sensor de gravidade<\/td>\n<\/tr>\n<tr>\n<th>Bateria<\/th>\n<td>Capacidade da bateria (mAh): 4500mAh<br \/>\nTipo de bateria: N\u00e3o remov\u00edvel<\/td>\n<\/tr>\n<tr>\n<th>conte\u00fado do pacote<\/th>\n<td>Celular: 1<br \/>\nCarregador: 1<br \/>\nAgulha SIM: 1<br \/>\nCabo USB: 1<\/td>\n<\/tr>\n<tr>\n<th>Dimens\u00f5es e peso<\/th>\n<td>Peso do produto: 0,1830 kg<br \/>\nPeso do pacote: 0,4150 kg<br \/>\nTamanho do produto (C x L x A): 15,96 x 7,82 x 0,83 cm \/ 6,28 x 3,08 x 0,33 polegadas<br \/>\nTamanho do pacote (C x L x A): 17,00 x 8,50 x 5,30 cm \/ 6,69 x 3,35 x 2,09 polegadas<\/td>\n<\/tr>\n<\/tbody>\n<\/table>\n<\/div>\n<\/div>","protected":false},"excerpt":{"rendered":"<p><b>Principais caracter\u00edsticas:<\/b><br \/>\n\u25cf Equipped with advanced architecture and powerful performance, it can be loaded smoothly whether you play games or watch videos<br \/>\n\u25cf 4500mAh battery provides the power and supports 18W fast mCharge<br \/>\n\u25cf With game mode 4.0, playing games and watching movies give you an immersive experience<br \/>\n\u25cf A tried and tested lens, the Sony IMX362 main camera has a better camera effect, enough to easily control any photo scene<\/p>","protected":false},"featured_media":23740,"template":"","meta":[],"product_brand":[],"product_cat":[1295,1322],"product_tag":[925],"class_list":{"0":"post-23617","1":"product","2":"type-product","3":"status-publish","4":"has-post-thumbnail","6":"product_cat-mobile-phone","7":"product_cat-other-a-brands","8":"product_tag-meizu-16t","10":"first","11":"instock","12":"shipping-taxable","13":"product-type-external"},"aioseo_notices":[],"aioseo_head":"\n\t\t<!-- All in One SEO Pro 4.5.9.2 - aioseo.com -->\n\t\t<meta name=\"description\" content=\"Main Features: \u25cf Equipped with advanced architecture and powerful performance, it can be loaded smoothly whether you play games or watch videos \u25cf 4500mAh battery provides the power and supports 18W fast mCharge \u25cf With game mode 4.0, playing games and watching movies give you an immersive experience \u25cf A tried and tested lens, the Sony IMX362 main camera has a better camera effect, enough to easily control any photo scene\" \/>\n\t\t<meta name=\"robots\" content=\"max-image-preview:large\" \/>\n\t\t<link rel=\"canonical\" href=\"https:\/\/www.rucashk.com\/pt\/produto\/meizu-16t\/\" \/>\n\t\t<meta name=\"generator\" content=\"All in One SEO Pro (AIOSEO) 4.5.9.2\" \/>\n\t\t<meta property=\"og:locale\" content=\"pt_PT\" \/>\n\t\t<meta property=\"og:site_name\" content=\"Rucas - One-stop AIoT Distribution Worldwide\" \/>\n\t\t<meta property=\"og:type\" content=\"article\" \/>\n\t\t<meta property=\"og:title\" content=\"Meizu 16T - Rucas - Wholesale and Distribution\" \/>\n\t\t<meta property=\"og:description\" content=\"Main Features: \u25cf Equipped with advanced architecture and powerful performance, it can be loaded smoothly whether you play games or watch videos \u25cf 4500mAh battery provides the power and supports 18W fast mCharge \u25cf With game mode 4.0, playing games and watching movies give you an immersive experience \u25cf A tried and tested lens, the Sony IMX362 main camera has a better camera effect, enough to easily control any photo scene\" \/>\n\t\t<meta property=\"og:url\" content=\"https:\/\/www.rucashk.com\/pt\/produto\/meizu-16t\/\" \/>\n\t\t<meta property=\"og:image\" content=\"https:\/\/www.rucashk.com\/wp-content\/uploads\/replace\/503b8e645f128a97ccde2b6290747646.jpeg\" \/>\n\t\t<meta property=\"og:image:secure_url\" content=\"https:\/\/www.rucashk.com\/wp-content\/uploads\/replace\/503b8e645f128a97ccde2b6290747646.jpeg\" \/>\n\t\t<meta property=\"og:image:width\" content=\"1456\" \/>\n\t\t<meta property=\"og:image:height\" content=\"816\" \/>\n\t\t<meta property=\"article:published_time\" content=\"2024-01-09T15:56:15+00:00\" \/>\n\t\t<meta property=\"article:modified_time\" content=\"2024-03-11T06:45:08+00:00\" \/>\n\t\t<meta name=\"twitter:card\" content=\"summary_large_image\" \/>\n\t\t<meta name=\"twitter:title\" content=\"Meizu 16T - Rucas - Wholesale and Distribution\" \/>\n\t\t<meta name=\"twitter:description\" content=\"Main Features: \u25cf Equipped with advanced architecture and powerful performance, it can be loaded smoothly whether you play games or watch videos \u25cf 4500mAh battery provides the power and supports 18W fast mCharge \u25cf With game mode 4.0, playing games and watching movies give you an immersive experience \u25cf A tried and tested lens, the Sony IMX362 main camera has a better camera effect, enough to easily control any photo scene\" \/>\n\t\t<meta name=\"twitter:image\" content=\"https:\/\/www.rucashk.com\/wp-content\/uploads\/replace\/503b8e645f128a97ccde2b6290747646.jpeg\" \/>\n\t\t<script type=\"application\/ld+json\" class=\"aioseo-schema\">\n\t\t\t{\"@context\":\"https:\\\/\\\/schema.org\",\"@graph\":[{\"@type\":\"BreadcrumbList\",\"@id\":\"https:\\\/\\\/www.rucashk.com\\\/pt\\\/produto\\\/meizu-16t\\\/#breadcrumblist\",\"itemListElement\":[{\"@type\":\"ListItem\",\"@id\":\"https:\\\/\\\/www.rucashk.com\\\/pt\\\/#listItem\",\"position\":1,\"name\":\"Home\",\"item\":\"https:\\\/\\\/www.rucashk.com\\\/pt\\\/\",\"nextItem\":\"https:\\\/\\\/www.rucashk.com\\\/pt\\\/produto\\\/meizu-16t\\\/#listItem\"},{\"@type\":\"ListItem\",\"@id\":\"https:\\\/\\\/www.rucashk.com\\\/pt\\\/produto\\\/meizu-16t\\\/#listItem\",\"position\":2,\"name\":\"Meizu\\u00a016T\",\"previousItem\":\"https:\\\/\\\/www.rucashk.com\\\/pt\\\/#listItem\"}]},{\"@type\":\"Organization\",\"@id\":\"https:\\\/\\\/www.rucashk.com\\\/pt\\\/#organization\",\"name\":\"Rucas\",\"url\":\"https:\\\/\\\/www.rucashk.com\\\/pt\\\/\",\"logo\":{\"@type\":\"ImageObject\",\"url\":\"https:\\\/\\\/www.rucashk.com\\\/wp-content\\\/uploads\\\/2023\\\/12\\\/Rucas_campany_logo.png\",\"@id\":\"https:\\\/\\\/www.rucashk.com\\\/pt\\\/produto\\\/meizu-16t\\\/#organizationLogo\",\"width\":221,\"height\":65},\"image\":{\"@id\":\"https:\\\/\\\/www.rucashk.com\\\/pt\\\/#organizationLogo\"}},{\"@type\":\"Person\",\"@id\":\"https:\\\/\\\/www.rucashk.com\\\/pt\\\/author\\\/admin\\\/#author\",\"url\":\"https:\\\/\\\/www.rucashk.com\\\/pt\\\/author\\\/admin\\\/\",\"name\":\"admin\",\"image\":{\"@type\":\"ImageObject\",\"@id\":\"https:\\\/\\\/www.rucashk.com\\\/pt\\\/produto\\\/meizu-16t\\\/#authorImage\",\"url\":\"https:\\\/\\\/secure.gravatar.com\\\/avatar\\\/b7c8925b09a27e72b30232f8ecaadbd5af0f70a38c78096863fe51b64f031c24?s=96&d=mm&r=g\",\"width\":96,\"height\":96,\"caption\":\"admin\"}},{\"@type\":\"WebPage\",\"@id\":\"https:\\\/\\\/www.rucashk.com\\\/pt\\\/produto\\\/meizu-16t\\\/#webpage\",\"url\":\"https:\\\/\\\/www.rucashk.com\\\/pt\\\/produto\\\/meizu-16t\\\/\",\"name\":\"Meizu 16T - Rucas - Wholesale and Distribution\",\"description\":\"Main Features: \\u25cf Equipped with advanced architecture and powerful performance, it can be loaded smoothly whether you play games or watch videos \\u25cf 4500mAh battery provides the power and supports 18W fast mCharge \\u25cf With game mode 4.0, playing games and watching movies give you an immersive experience \\u25cf A tried and tested lens, the Sony IMX362 main camera has a better camera effect, enough to easily control any photo scene\",\"inLanguage\":\"pt-PT\",\"isPartOf\":{\"@id\":\"https:\\\/\\\/www.rucashk.com\\\/pt\\\/#website\"},\"breadcrumb\":{\"@id\":\"https:\\\/\\\/www.rucashk.com\\\/pt\\\/produto\\\/meizu-16t\\\/#breadcrumblist\"},\"author\":{\"@id\":\"https:\\\/\\\/www.rucashk.com\\\/pt\\\/author\\\/admin\\\/#author\"},\"creator\":{\"@id\":\"https:\\\/\\\/www.rucashk.com\\\/pt\\\/author\\\/admin\\\/#author\"},\"image\":{\"@type\":\"ImageObject\",\"url\":\"https:\\\/\\\/www.rucashk.com\\\/wp-content\\\/uploads\\\/2024\\\/01\\\/Meizu-16T.jpg\",\"@id\":\"https:\\\/\\\/www.rucashk.com\\\/pt\\\/produto\\\/meizu-16t\\\/#mainImage\",\"width\":800,\"height\":800},\"primaryImageOfPage\":{\"@id\":\"https:\\\/\\\/www.rucashk.com\\\/pt\\\/produto\\\/meizu-16t\\\/#mainImage\"},\"datePublished\":\"2024-01-09T15:56:15+00:00\",\"dateModified\":\"2024-03-11T06:45:08+00:00\"},{\"@type\":\"WebSite\",\"@id\":\"https:\\\/\\\/www.rucashk.com\\\/pt\\\/#website\",\"url\":\"https:\\\/\\\/www.rucashk.com\\\/pt\\\/\",\"name\":\"Rucas - Wholesale and distribution worldwide\",\"alternateName\":\"Rucas - One-stop AIoT Distribution Worldwide\",\"description\":\"One-stop AIoT Distribution Worldwide\",\"inLanguage\":\"pt-PT\",\"publisher\":{\"@id\":\"https:\\\/\\\/www.rucashk.com\\\/pt\\\/#organization\"}}]}\n\t\t<\/script>\n\t\t<!-- All in One SEO Pro -->\r\n\t\t<title>Meizu 16T - Rucas - Wholesale and Distribution<\/title>\n\n","aioseo_head_json":{"title":"Meizu 16T - Rucas - Wholesale and Distribution","description":"Main Features: \u25cf Equipped with advanced architecture and powerful performance, it can be loaded smoothly whether you play games or watch videos \u25cf 4500mAh battery provides the power and supports 18W fast mCharge \u25cf With game mode 4.0, playing games and watching movies give you an immersive experience \u25cf A tried and tested lens, the Sony IMX362 main camera has a better camera effect, enough to easily control any photo scene","canonical_url":"https:\/\/www.rucashk.com\/pt\/produto\/meizu-16t\/","robots":"max-image-preview:large","keywords":"","webmasterTools":{"miscellaneous":""},"og:locale":"pt_PT","og:site_name":"Rucas - One-stop AIoT Distribution Worldwide","og:type":"article","og:title":"Meizu 16T - Rucas - Wholesale and Distribution","og:description":"Main Features: \u25cf Equipped with advanced architecture and powerful performance, it can be loaded smoothly whether you play games or watch videos \u25cf 4500mAh battery provides the power and supports 18W fast mCharge \u25cf With game mode 4.0, playing games and watching movies give you an immersive experience \u25cf A tried and tested lens, the Sony IMX362 main camera has a better camera effect, enough to easily control any photo scene","og:url":"https:\/\/www.rucashk.com\/pt\/produto\/meizu-16t\/","og:image":"https:\/\/www.rucashk.com\/wp-content\/uploads\/replace\/503b8e645f128a97ccde2b6290747646.jpeg","og:image:secure_url":"https:\/\/www.rucashk.com\/wp-content\/uploads\/replace\/503b8e645f128a97ccde2b6290747646.jpeg","og:image:width":1456,"og:image:height":816,"article:published_time":"2024-01-09T15:56:15+00:00","article:modified_time":"2024-03-11T06:45:08+00:00","twitter:card":"summary_large_image","twitter:title":"Meizu 16T - Rucas - Wholesale and Distribution","twitter:description":"Main Features: \u25cf Equipped with advanced architecture and powerful performance, it can be loaded smoothly whether you play games or watch videos \u25cf 4500mAh battery provides the power and supports 18W fast mCharge \u25cf With game mode 4.0, playing games and watching movies give you an immersive experience \u25cf A tried and tested lens, the Sony IMX362 main camera has a better camera effect, enough to easily control any photo scene","twitter:image":"https:\/\/www.rucashk.com\/wp-content\/uploads\/replace\/503b8e645f128a97ccde2b6290747646.jpeg","schema":{"@context":"https:\/\/schema.org","@graph":[{"@type":"BreadcrumbList","@id":"https:\/\/www.rucashk.com\/pt\/produto\/meizu-16t\/#breadcrumblist","itemListElement":[{"@type":"ListItem","@id":"https:\/\/www.rucashk.com\/pt\/#listItem","position":1,"name":"Home","item":"https:\/\/www.rucashk.com\/pt\/","nextItem":"https:\/\/www.rucashk.com\/pt\/produto\/meizu-16t\/#listItem"},{"@type":"ListItem","@id":"https:\/\/www.rucashk.com\/pt\/produto\/meizu-16t\/#listItem","position":2,"name":"Meizu\u00a016T","previousItem":"https:\/\/www.rucashk.com\/pt\/#listItem"}]},{"@type":"Organization","@id":"https:\/\/www.rucashk.com\/pt\/#organization","name":"Rucas","url":"https:\/\/www.rucashk.com\/pt\/","logo":{"@type":"ImageObject","url":"https:\/\/www.rucashk.com\/wp-content\/uploads\/2023\/12\/Rucas_campany_logo.png","@id":"https:\/\/www.rucashk.com\/pt\/produto\/meizu-16t\/#organizationLogo","width":221,"height":65},"image":{"@id":"https:\/\/www.rucashk.com\/pt\/#organizationLogo"}},{"@type":"Person","@id":"https:\/\/www.rucashk.com\/pt\/author\/admin\/#author","url":"https:\/\/www.rucashk.com\/pt\/author\/admin\/","name":"admin","image":{"@type":"ImageObject","@id":"https:\/\/www.rucashk.com\/pt\/produto\/meizu-16t\/#authorImage","url":"https:\/\/secure.gravatar.com\/avatar\/b7c8925b09a27e72b30232f8ecaadbd5af0f70a38c78096863fe51b64f031c24?s=96&d=mm&r=g","width":96,"height":96,"caption":"admin"}},{"@type":"WebPage","@id":"https:\/\/www.rucashk.com\/pt\/produto\/meizu-16t\/#webpage","url":"https:\/\/www.rucashk.com\/pt\/produto\/meizu-16t\/","name":"Meizu 16T - Rucas - Wholesale and Distribution","description":"Main Features: \u25cf Equipped with advanced architecture and powerful performance, it can be loaded smoothly whether you play games or watch videos \u25cf 4500mAh battery provides the power and supports 18W fast mCharge \u25cf With game mode 4.0, playing games and watching movies give you an immersive experience \u25cf A tried and tested lens, the Sony IMX362 main camera has a better camera effect, enough to easily control any photo scene","inLanguage":"pt-PT","isPartOf":{"@id":"https:\/\/www.rucashk.com\/pt\/#website"},"breadcrumb":{"@id":"https:\/\/www.rucashk.com\/pt\/produto\/meizu-16t\/#breadcrumblist"},"author":{"@id":"https:\/\/www.rucashk.com\/pt\/author\/admin\/#author"},"creator":{"@id":"https:\/\/www.rucashk.com\/pt\/author\/admin\/#author"},"image":{"@type":"ImageObject","url":"https:\/\/www.rucashk.com\/wp-content\/uploads\/2024\/01\/Meizu-16T.jpg","@id":"https:\/\/www.rucashk.com\/pt\/produto\/meizu-16t\/#mainImage","width":800,"height":800},"primaryImageOfPage":{"@id":"https:\/\/www.rucashk.com\/pt\/produto\/meizu-16t\/#mainImage"},"datePublished":"2024-01-09T15:56:15+00:00","dateModified":"2024-03-11T06:45:08+00:00"},{"@type":"WebSite","@id":"https:\/\/www.rucashk.com\/pt\/#website","url":"https:\/\/www.rucashk.com\/pt\/","name":"Rucas - Wholesale and distribution worldwide","alternateName":"Rucas - One-stop AIoT Distribution Worldwide","description":"One-stop AIoT Distribution Worldwide","inLanguage":"pt-PT","publisher":{"@id":"https:\/\/www.rucashk.com\/pt\/#organization"}}]}},"aioseo_meta_data":{"post_id":"23617","title":null,"description":null,"keywords":null,"keyphrases":null,"primary_term":null,"canonical_url":null,"og_title":null,"og_description":null,"og_object_type":"default","og_image_type":"default","og_image_url":null,"og_image_width":null,"og_image_height":null,"og_image_custom_url":null,"og_image_custom_fields":null,"og_video":null,"og_custom_url":null,"og_article_section":null,"og_article_tags":null,"twitter_use_og":false,"twitter_card":"default","twitter_image_type":"default","twitter_image_url":null,"twitter_image_custom_url":null,"twitter_image_custom_fields":null,"twitter_title":null,"twitter_description":null,"schema":{"blockGraphs":[],"customGraphs":[],"default":{"data":{"Article":[],"Course":[],"Dataset":[],"FAQPage":[],"Movie":[],"Person":[],"Product":[],"Recipe":[],"Service":[],"SoftwareApplication":[],"WebPage":[]},"graphName":"","isEnabled":true},"graphs":[]},"schema_type":"default","schema_type_options":null,"pillar_content":false,"robots_default":true,"robots_noindex":false,"robots_noarchive":false,"robots_nosnippet":false,"robots_nofollow":false,"robots_noimageindex":false,"robots_noodp":false,"robots_notranslate":false,"robots_max_snippet":null,"robots_max_videopreview":null,"robots_max_imagepreview":"large","priority":null,"frequency":null,"local_seo":null,"breadcrumb_settings":null,"limit_modified_date":false,"created":"2024-04-11 01:57:06","updated":"2025-06-22 17:12:07"},"aioseo_breadcrumb":"<div class=\"aioseo-breadcrumbs\"><span class=\"aioseo-breadcrumb\">\n\t<a href=\"https:\/\/www.rucashk.com\/pt\" title=\"Home\">Home<\/a>\n<\/span><span class=\"aioseo-breadcrumb-separator\">&raquo;<\/span><span class=\"aioseo-breadcrumb\">\n\t<a href=\"https:\/\/www.rucashk.com\/pt\/products\/\" title=\"Produtos\">Produtos<\/a>\n<\/span><span class=\"aioseo-breadcrumb-separator\">&raquo;<\/span><span class=\"aioseo-breadcrumb\">\n\t<a href=\"https:\/\/www.rucashk.com\/pt\/categoria-produto\/mobile-phone\/\" title=\"Mobile Phone\">Mobile Phone<\/a>\n<\/span><span class=\"aioseo-breadcrumb-separator\">&raquo;<\/span><span class=\"aioseo-breadcrumb\">\n\tMeizu\u00a016T\n<\/span><\/div>","aioseo_breadcrumb_json":[{"label":"Home","link":"https:\/\/www.rucashk.com\/pt"},{"label":"Produtos","link":"https:\/\/www.rucashk.com\/pt\/products\/"},{"label":"Mobile Phone","link":"https:\/\/www.rucashk.com\/pt\/categoria-produto\/mobile-phone\/"},{"label":"Meizu\u00a016T","link":"https:\/\/www.rucashk.com\/pt\/produto\/meizu-16t\/"}],"_links":{"self":[{"href":"https:\/\/www.rucashk.com\/pt\/wp-json\/wp\/v2\/product\/23617","targetHints":{"allow":["GET"]}}],"collection":[{"href":"https:\/\/www.rucashk.com\/pt\/wp-json\/wp\/v2\/product"}],"about":[{"href":"https:\/\/www.rucashk.com\/pt\/wp-json\/wp\/v2\/types\/product"}],"wp:featuredmedia":[{"embeddable":true,"href":"https:\/\/www.rucashk.com\/pt\/wp-json\/wp\/v2\/media\/23740"}],"wp:attachment":[{"href":"https:\/\/www.rucashk.com\/pt\/wp-json\/wp\/v2\/media?parent=23617"}],"wp:term":[{"taxonomy":"product_brand","embeddable":true,"href":"https:\/\/www.rucashk.com\/pt\/wp-json\/wp\/v2\/product_brand?post=23617"},{"taxonomy":"product_cat","embeddable":true,"href":"https:\/\/www.rucashk.com\/pt\/wp-json\/wp\/v2\/product_cat?post=23617"},{"taxonomy":"product_tag","embeddable":true,"href":"https:\/\/www.rucashk.com\/pt\/wp-json\/wp\/v2\/product_tag?post=23617"}],"curies":[{"name":"wp","href":"https:\/\/api.w.org\/{rel}","templated":true}]}}