{"id":23585,"date":"2024-01-09T15:55:52","date_gmt":"2024-01-09T15:55:52","guid":{"rendered":"http:\/\/rucashk.com\/?post_type=product&#038;p=23585"},"modified":"2024-01-21T04:14:54","modified_gmt":"2024-01-21T04:14:54","slug":"xiaomi-electric-kettle-2","status":"publish","type":"product","link":"https:\/\/www.rucashk.com\/pt\/produto\/xiaomi-electric-kettle-2\/","title":{"rendered":"Chaleira el\u00e9trica xiaomi"},"content":{"rendered":"<p data-spm-anchor-id=\"a2g0o.detail.1000023.i0.48b933e4vzkJwW\">Chaleira El\u00e9trica Xiaomi MIJIA<\/p>\n<div>Ebuli\u00e7\u00e3o r\u00e1pida | forro de a\u00e7o inoxid\u00e1vel 304 | 1,5L de grande capacidade<\/div>\n<div>Dupla camada anti-escaldante | 13 cm de di\u00e2metro grande<\/div>\n<p><img decoding=\"async\" src=\"https:\/\/www.rucashk.com\/wp-content\/uploads\/2020\/07\/HTB12EGSXLfsK1RjSszbq6AqBXXap.jpg\" alt=\"_01\" \/><\/p>\n<p>1.5L de grande capacidade<\/p>\n<p>Conhe\u00e7a uma bebida familiar fervendo, n\u00e3o h\u00e1 necessidade de ferver \u00e1gua com frequ\u00eancia<\/p>\n<p><img decoding=\"async\" src=\"https:\/\/www.rucashk.com\/wp-content\/uploads\/2020\/07\/HTB1wU9ZXULrK1Rjy0Fjq6zYXFXaS.jpg\" alt=\"_03\" \/><img decoding=\"async\" src=\"https:\/\/www.rucashk.com\/wp-content\/uploads\/2020\/07\/HTB1ILOUXI_vK1Rjy0Foq6xIxVXaF.jpg\" alt=\"_05\" \/><\/p>\n<p>Camada interna de a\u00e7o inoxid\u00e1vel 304 mais segura e limpa<\/p>\n<p>A\u00e7o inoxid\u00e1vel de qualidade alimentar padr\u00e3o, sem ferrugem, anti-incrusta\u00e7\u00e3o, inodoro, f\u00e1cil de limpar<\/p>\n<p><img decoding=\"async\" src=\"https:\/\/www.rucashk.com\/wp-content\/uploads\/2020\/07\/HTB1XFmWXOjrK1RjSsplq6xHmVXa1.jpg\" alt=\"_07\" \/><\/p>\n<p>Controlador de temperatura STRIX superior<\/p>\n<p>Garantir uma ebuli\u00e7\u00e3o completa e maior vida \u00fatil<\/p>\n<p>O controle preciso da temperatura garante \u00e1gua totalmente fervida para beber<\/p>\n<p>O controlador STRIX pode durar muito tempo para uso 10.000 vezes<\/p>\n<p><img decoding=\"async\" src=\"https:\/\/www.rucashk.com\/wp-content\/uploads\/2020\/07\/HTB1GQaUXPzuK1Rjy0Fpq6yEpFXan.jpg\" alt=\"_09\" \/><\/p>\n<p>Projeto destampado com amortecimento de dois est\u00e1gios<\/p>\n<p>Evitar respingos e queimaduras<\/p>\n<p>Pressione o bot\u00e3o de abertura da tampa, a tampa \u00e9 aberta automaticamente em um \u00e2ngulo de 30 graus sem respingos de gotas quentes, o que evita que os respingos queimem voc\u00ea<\/p>\n<p><img decoding=\"async\" src=\"https:\/\/www.rucashk.com\/wp-content\/uploads\/2020\/07\/HTB1VkiUXJjvK1RjSspiq6AEqXXaw.jpg\" alt=\"_11\" \/><\/p>\n<p>Camadas Duplas Anti-escaldantes<\/p>\n<p>Mais isolamento t\u00e9rmico para prote\u00e7\u00e3o das m\u00e3os<\/p>\n<p>com a camada de isolamento oca entre a camada interna e externa<\/p>\n<p><img decoding=\"async\" src=\"https:\/\/www.rucashk.com\/wp-content\/uploads\/2020\/07\/HTB1FW5SXInrK1RkHFrdq6xCoFXao.jpg\" alt=\"_13\" \/><\/p>\n<p>&nbsp;<\/p>\n<p>Prote\u00e7\u00e3o de seguran\u00e7a tripla<\/p>\n<p>Evitar choque el\u00e9trico<\/p>\n<p>Desligamento autom\u00e1tico de opera\u00e7\u00e3o a seco<\/p>\n<p>Fervendo desligamento autom\u00e1tico<\/p>\n<p><img decoding=\"async\" src=\"https:\/\/www.rucashk.com\/wp-content\/uploads\/2020\/07\/HTB1_cqTXIfrK1Rjy1Xdq6yemFXao.jpg\" alt=\"_15\" \/><\/p>\n<p>Luz indicadora LED vis\u00edvel<\/p>\n<p>Conveniente para acompanhar o processo de aquecimento de \u00e1gua<\/p>\n<p><img decoding=\"async\" src=\"https:\/\/www.rucashk.com\/wp-content\/uploads\/2020\/07\/HTB1kQqUXJjvK1RjSspiq6AEqXXaz.jpg\" alt=\"_17\" \/><\/p>\n<p>Armazenamento atencioso de cabos<\/p>\n<p>Mais limpo e bonito<\/p>\n<p>F\u00e1cil de arrumar o cabo de alimenta\u00e7\u00e3o longo. gemina\u00e7\u00e3o na parte inferior da base<\/p>\n<p><img decoding=\"async\" src=\"https:\/\/www.rucashk.com\/wp-content\/uploads\/2020\/07\/HTB1oAeSXOnrK1Rjy1Xcq6yeDVXa1.jpg\" alt=\"_19\" \/><\/p>\n<p><img decoding=\"async\" src=\"\" data-spm-anchor-id=\"a2g0o.detail.1000023.i3.48b933e4vzkJwW\" \/><\/p>\n<p>\u25cf Camada interna de a\u00e7o inoxid\u00e1vel 304<\/p>\n<p data-spm-anchor-id=\"a2g0o.detail.1000023.i4.48b933e4vzkJwW\">A\u00e7o inoxid\u00e1vel de qualidade alimentar padr\u00e3o, sem ferrugem, anti-incrusta\u00e7\u00e3o, inodoro, f\u00e1cil de limpar<br \/>\n\u25cf 1,5L de grande capacidade<br \/>\nUma fervura pode servir para uma bebida familiar para v\u00e1rios membros, n\u00e3o h\u00e1 necessidade de ferver \u00e1gua com frequ\u00eancia<br \/>\n\u25cf Camadas duplas anti-escaldantes<br \/>\nCom a camada de isolamento oca entre a camada interna e externa, fornece mais isolamento t\u00e9rmico para proteg\u00ea-lo contra queimaduras<br \/>\n\u25cf Controle superior de temperatura STRIX<br \/>\nO controle preciso da temperatura garante uma ebuli\u00e7\u00e3o completa e maior vida \u00fatil<br \/>\n\u25cf Projeto destampado com amortecimento em dois est\u00e1gios<br \/>\nPressione o bot\u00e3o de abertura da tampa, a tampa \u00e9 aberta automaticamente em um \u00e2ngulo de 30 graus sem respingos de gotas quentes, o que evita que os respingos queimem voc\u00ea<br \/>\n\u25cf Prote\u00e7\u00e3o tripla de seguran\u00e7a<br \/>\n<span data-spm-anchor-id=\"a2g0o.detail.1000023.i2.48b933e4vzkJwW\">Evite choque el\u00e9trico, sem vazamento el\u00e9trico e desligamento autom\u00e1tico durante opera\u00e7\u00e3o a seco e fervura<\/span><br \/>\n\u25cf Design unicorpo perfeito<br \/>\nF\u00e1cil de limpar, diga adeus \u00e0 sujeira interna<br \/>\n\u25cf Luz indicadora LED vis\u00edvel<br \/>\nConveniente para acompanhar o processo de aquecimento de \u00e1gua<br \/>\n\u25cf Armazenamento atencioso do cabo<br \/>\nF\u00e1cil de arrumar o cabo de alimenta\u00e7\u00e3o longo, unindo-o na parte inferior da base principal<\/p>\n<p class=\"sizeDescTitle\">Especifica\u00e7\u00e3o<\/p>\n<div class=\"sizeDescTable\">\n<div class=\"sizeDescCate  topBorder\">\n<div class=\"sizeDescCateContent\">Tens\u00e3o (V):220v Pot\u00eancia (W);1800W<\/div>\n<\/div>\n<\/div>\n<div class=\"sizeDescTable\">\n<div class=\"sizeDescCate\">\n<div class=\"sizeDescCateContent\">M\u00e9todo de aquecimento: Capacidade da bobina de aquecimento: 1,5L<\/div>\n<\/div>\n<\/div>","protected":false},"excerpt":{"rendered":"<p>XIAOMI Mijia 1.5L \/ 1800W Electric Water Kettle 304 Stainless Steel 12hrs Temperature Control Time<br \/>\nTriple security protection : Prevent electric shock, no electric leakage and auto power off.<br \/>\nConstant temperature control time can be up to 12hrs.<br \/>\nDouble 304 stainless steel inner layer, heat insulation design gives more safe protection.<br \/>\n360 degree power base provides durable use and convenience.<\/p>","protected":false},"featured_media":23723,"template":"","meta":[],"product_brand":[],"product_cat":[1318,1305],"product_tag":[837],"class_list":{"0":"post-23585","1":"product","2":"type-product","3":"status-publish","4":"has-post-thumbnail","6":"product_cat-gadgets","7":"product_cat-xiaomi-eco","8":"product_tag-xiaomi-electric-kettle","10":"first","11":"instock","12":"shipping-taxable","13":"product-type-external"},"aioseo_notices":[],"aioseo_head":"\n\t\t<!-- All in One SEO Pro 4.5.9.2 - aioseo.com -->\n\t\t<meta name=\"description\" content=\"XIAOMI Mijia 1.5L \/ 1800W Electric Water Kettle 304 Stainless Steel 12hrs Temperature Control Time Triple security protection : Prevent electric shock, no electric leakage and auto power off. Constant temperature control time can be up to 12hrs. Double 304 stainless steel inner layer, heat insulation design gives more safe protection. 360 degree power base provides durable use and convenience.\" \/>\n\t\t<meta name=\"robots\" content=\"max-image-preview:large\" \/>\n\t\t<link rel=\"canonical\" href=\"https:\/\/www.rucashk.com\/pt\/produto\/xiaomi-electric-kettle-2\/\" \/>\n\t\t<meta name=\"generator\" content=\"All in One SEO Pro (AIOSEO) 4.5.9.2\" \/>\n\t\t<meta property=\"og:locale\" content=\"pt_PT\" \/>\n\t\t<meta property=\"og:site_name\" content=\"Rucas - One-stop AIoT Distribution Worldwide\" \/>\n\t\t<meta property=\"og:type\" content=\"article\" \/>\n\t\t<meta property=\"og:title\" content=\"xiaomi Electric kettle - Rucas - Wholesale and Distribution\" \/>\n\t\t<meta property=\"og:description\" content=\"XIAOMI Mijia 1.5L \/ 1800W Electric Water Kettle 304 Stainless Steel 12hrs Temperature Control Time Triple security protection : Prevent electric shock, no electric leakage and auto power off. Constant temperature control time can be up to 12hrs. Double 304 stainless steel inner layer, heat insulation design gives more safe protection. 360 degree power base provides durable use and convenience.\" \/>\n\t\t<meta property=\"og:url\" content=\"https:\/\/www.rucashk.com\/pt\/produto\/xiaomi-electric-kettle-2\/\" \/>\n\t\t<meta property=\"og:image\" content=\"https:\/\/www.rucashk.com\/wp-content\/uploads\/replace\/503b8e645f128a97ccde2b6290747646.jpeg\" \/>\n\t\t<meta property=\"og:image:secure_url\" content=\"https:\/\/www.rucashk.com\/wp-content\/uploads\/replace\/503b8e645f128a97ccde2b6290747646.jpeg\" \/>\n\t\t<meta property=\"og:image:width\" content=\"1456\" \/>\n\t\t<meta property=\"og:image:height\" content=\"816\" \/>\n\t\t<meta property=\"article:published_time\" content=\"2024-01-09T15:55:52+00:00\" \/>\n\t\t<meta property=\"article:modified_time\" content=\"2024-01-21T04:14:54+00:00\" \/>\n\t\t<meta name=\"twitter:card\" content=\"summary_large_image\" \/>\n\t\t<meta name=\"twitter:title\" content=\"xiaomi Electric kettle - Rucas - Wholesale and Distribution\" \/>\n\t\t<meta name=\"twitter:description\" content=\"XIAOMI Mijia 1.5L \/ 1800W Electric Water Kettle 304 Stainless Steel 12hrs Temperature Control Time Triple security protection : Prevent electric shock, no electric leakage and auto power off. Constant temperature control time can be up to 12hrs. Double 304 stainless steel inner layer, heat insulation design gives more safe protection. 360 degree power base provides durable use and convenience.\" \/>\n\t\t<meta name=\"twitter:image\" content=\"https:\/\/www.rucashk.com\/wp-content\/uploads\/replace\/503b8e645f128a97ccde2b6290747646.jpeg\" \/>\n\t\t<script type=\"application\/ld+json\" class=\"aioseo-schema\">\n\t\t\t{\"@context\":\"https:\\\/\\\/schema.org\",\"@graph\":[{\"@type\":\"BreadcrumbList\",\"@id\":\"https:\\\/\\\/www.rucashk.com\\\/pt\\\/produto\\\/xiaomi-electric-kettle-2\\\/#breadcrumblist\",\"itemListElement\":[{\"@type\":\"ListItem\",\"@id\":\"https:\\\/\\\/www.rucashk.com\\\/pt\\\/#listItem\",\"position\":1,\"name\":\"Home\",\"item\":\"https:\\\/\\\/www.rucashk.com\\\/pt\\\/\",\"nextItem\":\"https:\\\/\\\/www.rucashk.com\\\/pt\\\/produto\\\/xiaomi-electric-kettle-2\\\/#listItem\"},{\"@type\":\"ListItem\",\"@id\":\"https:\\\/\\\/www.rucashk.com\\\/pt\\\/produto\\\/xiaomi-electric-kettle-2\\\/#listItem\",\"position\":2,\"name\":\"xiaomi\\u00a0Electric kettle\",\"previousItem\":\"https:\\\/\\\/www.rucashk.com\\\/pt\\\/#listItem\"}]},{\"@type\":\"Organization\",\"@id\":\"https:\\\/\\\/www.rucashk.com\\\/pt\\\/#organization\",\"name\":\"Rucas\",\"url\":\"https:\\\/\\\/www.rucashk.com\\\/pt\\\/\",\"logo\":{\"@type\":\"ImageObject\",\"url\":\"https:\\\/\\\/www.rucashk.com\\\/wp-content\\\/uploads\\\/2023\\\/12\\\/Rucas_campany_logo.png\",\"@id\":\"https:\\\/\\\/www.rucashk.com\\\/pt\\\/produto\\\/xiaomi-electric-kettle-2\\\/#organizationLogo\",\"width\":221,\"height\":65},\"image\":{\"@id\":\"https:\\\/\\\/www.rucashk.com\\\/pt\\\/#organizationLogo\"}},{\"@type\":\"Person\",\"@id\":\"https:\\\/\\\/www.rucashk.com\\\/pt\\\/author\\\/admin\\\/#author\",\"url\":\"https:\\\/\\\/www.rucashk.com\\\/pt\\\/author\\\/admin\\\/\",\"name\":\"admin\",\"image\":{\"@type\":\"ImageObject\",\"@id\":\"https:\\\/\\\/www.rucashk.com\\\/pt\\\/produto\\\/xiaomi-electric-kettle-2\\\/#authorImage\",\"url\":\"https:\\\/\\\/secure.gravatar.com\\\/avatar\\\/b7c8925b09a27e72b30232f8ecaadbd5af0f70a38c78096863fe51b64f031c24?s=96&d=mm&r=g\",\"width\":96,\"height\":96,\"caption\":\"admin\"}},{\"@type\":\"WebPage\",\"@id\":\"https:\\\/\\\/www.rucashk.com\\\/pt\\\/produto\\\/xiaomi-electric-kettle-2\\\/#webpage\",\"url\":\"https:\\\/\\\/www.rucashk.com\\\/pt\\\/produto\\\/xiaomi-electric-kettle-2\\\/\",\"name\":\"xiaomi Electric kettle - Rucas - Wholesale and Distribution\",\"description\":\"XIAOMI Mijia 1.5L \\\/ 1800W Electric Water Kettle 304 Stainless Steel 12hrs Temperature Control Time Triple security protection : Prevent electric shock, no electric leakage and auto power off. Constant temperature control time can be up to 12hrs. Double 304 stainless steel inner layer, heat insulation design gives more safe protection. 360 degree power base provides durable use and convenience.\",\"inLanguage\":\"pt-PT\",\"isPartOf\":{\"@id\":\"https:\\\/\\\/www.rucashk.com\\\/pt\\\/#website\"},\"breadcrumb\":{\"@id\":\"https:\\\/\\\/www.rucashk.com\\\/pt\\\/produto\\\/xiaomi-electric-kettle-2\\\/#breadcrumblist\"},\"author\":{\"@id\":\"https:\\\/\\\/www.rucashk.com\\\/pt\\\/author\\\/admin\\\/#author\"},\"creator\":{\"@id\":\"https:\\\/\\\/www.rucashk.com\\\/pt\\\/author\\\/admin\\\/#author\"},\"image\":{\"@type\":\"ImageObject\",\"url\":\"https:\\\/\\\/www.rucashk.com\\\/wp-content\\\/uploads\\\/2024\\\/01\\\/Original-Xiaomi-Mijia-Electric-Kettle-1-5L-Auto-Power-off-Protection-Smart-Water-Boiler-Instant-Heating_\\u526f\\u672c.jpg\",\"@id\":\"https:\\\/\\\/www.rucashk.com\\\/pt\\\/produto\\\/xiaomi-electric-kettle-2\\\/#mainImage\",\"width\":800,\"height\":800},\"primaryImageOfPage\":{\"@id\":\"https:\\\/\\\/www.rucashk.com\\\/pt\\\/produto\\\/xiaomi-electric-kettle-2\\\/#mainImage\"},\"datePublished\":\"2024-01-09T15:55:52+00:00\",\"dateModified\":\"2024-01-21T04:14:54+00:00\"},{\"@type\":\"WebSite\",\"@id\":\"https:\\\/\\\/www.rucashk.com\\\/pt\\\/#website\",\"url\":\"https:\\\/\\\/www.rucashk.com\\\/pt\\\/\",\"name\":\"Rucas - Wholesale and distribution worldwide\",\"alternateName\":\"Rucas - One-stop AIoT Distribution Worldwide\",\"description\":\"One-stop AIoT Distribution Worldwide\",\"inLanguage\":\"pt-PT\",\"publisher\":{\"@id\":\"https:\\\/\\\/www.rucashk.com\\\/pt\\\/#organization\"}}]}\n\t\t<\/script>\n\t\t<!-- All in One SEO Pro -->\r\n\t\t<title>xiaomi Electric kettle - Rucas - Wholesale and Distribution<\/title>\n\n","aioseo_head_json":{"title":"xiaomi Electric kettle - Rucas - Wholesale and Distribution","description":"XIAOMI Mijia 1.5L \/ 1800W Electric Water Kettle 304 Stainless Steel 12hrs Temperature Control Time Triple security protection : Prevent electric shock, no electric leakage and auto power off. Constant temperature control time can be up to 12hrs. Double 304 stainless steel inner layer, heat insulation design gives more safe protection. 360 degree power base provides durable use and convenience.","canonical_url":"https:\/\/www.rucashk.com\/pt\/produto\/xiaomi-electric-kettle-2\/","robots":"max-image-preview:large","keywords":"","webmasterTools":{"miscellaneous":""},"og:locale":"pt_PT","og:site_name":"Rucas - One-stop AIoT Distribution Worldwide","og:type":"article","og:title":"xiaomi Electric kettle - Rucas - Wholesale and Distribution","og:description":"XIAOMI Mijia 1.5L \/ 1800W Electric Water Kettle 304 Stainless Steel 12hrs Temperature Control Time Triple security protection : Prevent electric shock, no electric leakage and auto power off. Constant temperature control time can be up to 12hrs. Double 304 stainless steel inner layer, heat insulation design gives more safe protection. 360 degree power base provides durable use and convenience.","og:url":"https:\/\/www.rucashk.com\/pt\/produto\/xiaomi-electric-kettle-2\/","og:image":"https:\/\/www.rucashk.com\/wp-content\/uploads\/replace\/503b8e645f128a97ccde2b6290747646.jpeg","og:image:secure_url":"https:\/\/www.rucashk.com\/wp-content\/uploads\/replace\/503b8e645f128a97ccde2b6290747646.jpeg","og:image:width":1456,"og:image:height":816,"article:published_time":"2024-01-09T15:55:52+00:00","article:modified_time":"2024-01-21T04:14:54+00:00","twitter:card":"summary_large_image","twitter:title":"xiaomi Electric kettle - Rucas - Wholesale and Distribution","twitter:description":"XIAOMI Mijia 1.5L \/ 1800W Electric Water Kettle 304 Stainless Steel 12hrs Temperature Control Time Triple security protection : Prevent electric shock, no electric leakage and auto power off. Constant temperature control time can be up to 12hrs. Double 304 stainless steel inner layer, heat insulation design gives more safe protection. 360 degree power base provides durable use and convenience.","twitter:image":"https:\/\/www.rucashk.com\/wp-content\/uploads\/replace\/503b8e645f128a97ccde2b6290747646.jpeg","schema":{"@context":"https:\/\/schema.org","@graph":[{"@type":"BreadcrumbList","@id":"https:\/\/www.rucashk.com\/pt\/produto\/xiaomi-electric-kettle-2\/#breadcrumblist","itemListElement":[{"@type":"ListItem","@id":"https:\/\/www.rucashk.com\/pt\/#listItem","position":1,"name":"Home","item":"https:\/\/www.rucashk.com\/pt\/","nextItem":"https:\/\/www.rucashk.com\/pt\/produto\/xiaomi-electric-kettle-2\/#listItem"},{"@type":"ListItem","@id":"https:\/\/www.rucashk.com\/pt\/produto\/xiaomi-electric-kettle-2\/#listItem","position":2,"name":"xiaomi\u00a0Electric kettle","previousItem":"https:\/\/www.rucashk.com\/pt\/#listItem"}]},{"@type":"Organization","@id":"https:\/\/www.rucashk.com\/pt\/#organization","name":"Rucas","url":"https:\/\/www.rucashk.com\/pt\/","logo":{"@type":"ImageObject","url":"https:\/\/www.rucashk.com\/wp-content\/uploads\/2023\/12\/Rucas_campany_logo.png","@id":"https:\/\/www.rucashk.com\/pt\/produto\/xiaomi-electric-kettle-2\/#organizationLogo","width":221,"height":65},"image":{"@id":"https:\/\/www.rucashk.com\/pt\/#organizationLogo"}},{"@type":"Person","@id":"https:\/\/www.rucashk.com\/pt\/author\/admin\/#author","url":"https:\/\/www.rucashk.com\/pt\/author\/admin\/","name":"admin","image":{"@type":"ImageObject","@id":"https:\/\/www.rucashk.com\/pt\/produto\/xiaomi-electric-kettle-2\/#authorImage","url":"https:\/\/secure.gravatar.com\/avatar\/b7c8925b09a27e72b30232f8ecaadbd5af0f70a38c78096863fe51b64f031c24?s=96&d=mm&r=g","width":96,"height":96,"caption":"admin"}},{"@type":"WebPage","@id":"https:\/\/www.rucashk.com\/pt\/produto\/xiaomi-electric-kettle-2\/#webpage","url":"https:\/\/www.rucashk.com\/pt\/produto\/xiaomi-electric-kettle-2\/","name":"xiaomi Electric kettle - Rucas - Wholesale and Distribution","description":"XIAOMI Mijia 1.5L \/ 1800W Electric Water Kettle 304 Stainless Steel 12hrs Temperature Control Time Triple security protection : Prevent electric shock, no electric leakage and auto power off. Constant temperature control time can be up to 12hrs. Double 304 stainless steel inner layer, heat insulation design gives more safe protection. 360 degree power base provides durable use and convenience.","inLanguage":"pt-PT","isPartOf":{"@id":"https:\/\/www.rucashk.com\/pt\/#website"},"breadcrumb":{"@id":"https:\/\/www.rucashk.com\/pt\/produto\/xiaomi-electric-kettle-2\/#breadcrumblist"},"author":{"@id":"https:\/\/www.rucashk.com\/pt\/author\/admin\/#author"},"creator":{"@id":"https:\/\/www.rucashk.com\/pt\/author\/admin\/#author"},"image":{"@type":"ImageObject","url":"https:\/\/www.rucashk.com\/wp-content\/uploads\/2024\/01\/Original-Xiaomi-Mijia-Electric-Kettle-1-5L-Auto-Power-off-Protection-Smart-Water-Boiler-Instant-Heating_\u526f\u672c.jpg","@id":"https:\/\/www.rucashk.com\/pt\/produto\/xiaomi-electric-kettle-2\/#mainImage","width":800,"height":800},"primaryImageOfPage":{"@id":"https:\/\/www.rucashk.com\/pt\/produto\/xiaomi-electric-kettle-2\/#mainImage"},"datePublished":"2024-01-09T15:55:52+00:00","dateModified":"2024-01-21T04:14:54+00:00"},{"@type":"WebSite","@id":"https:\/\/www.rucashk.com\/pt\/#website","url":"https:\/\/www.rucashk.com\/pt\/","name":"Rucas - Wholesale and distribution worldwide","alternateName":"Rucas - One-stop AIoT Distribution Worldwide","description":"One-stop AIoT Distribution Worldwide","inLanguage":"pt-PT","publisher":{"@id":"https:\/\/www.rucashk.com\/pt\/#organization"}}]}},"aioseo_meta_data":{"post_id":"23585","title":null,"description":null,"keywords":null,"keyphrases":null,"primary_term":null,"canonical_url":null,"og_title":null,"og_description":null,"og_object_type":"default","og_image_type":"default","og_image_url":null,"og_image_width":null,"og_image_height":null,"og_image_custom_url":null,"og_image_custom_fields":null,"og_video":null,"og_custom_url":null,"og_article_section":null,"og_article_tags":null,"twitter_use_og":false,"twitter_card":"default","twitter_image_type":"default","twitter_image_url":null,"twitter_image_custom_url":null,"twitter_image_custom_fields":null,"twitter_title":null,"twitter_description":null,"schema":{"blockGraphs":[],"customGraphs":[],"default":{"data":{"Article":[],"Course":[],"Dataset":[],"FAQPage":[],"Movie":[],"Person":[],"Product":[],"Recipe":[],"Service":[],"SoftwareApplication":[],"WebPage":[]},"graphName":"","isEnabled":true},"graphs":[]},"schema_type":"default","schema_type_options":null,"pillar_content":false,"robots_default":true,"robots_noindex":false,"robots_noarchive":false,"robots_nosnippet":false,"robots_nofollow":false,"robots_noimageindex":false,"robots_noodp":false,"robots_notranslate":false,"robots_max_snippet":null,"robots_max_videopreview":null,"robots_max_imagepreview":"large","priority":null,"frequency":null,"local_seo":null,"breadcrumb_settings":null,"limit_modified_date":false,"created":"2024-04-11 01:57:06","updated":"2025-06-22 17:12:06"},"aioseo_breadcrumb":"<div class=\"aioseo-breadcrumbs\"><span class=\"aioseo-breadcrumb\">\n\t<a href=\"https:\/\/www.rucashk.com\/pt\" title=\"Home\">Home<\/a>\n<\/span><span class=\"aioseo-breadcrumb-separator\">&raquo;<\/span><span class=\"aioseo-breadcrumb\">\n\t<a href=\"https:\/\/www.rucashk.com\/pt\/products\/\" title=\"Produtos\">Produtos<\/a>\n<\/span><span class=\"aioseo-breadcrumb-separator\">&raquo;<\/span><span class=\"aioseo-breadcrumb\">\n\t<a href=\"https:\/\/www.rucashk.com\/pt\/categoria-produto\/xiaomi-eco\/\" title=\"Xiaomi Eco\">Xiaomi Eco<\/a>\n<\/span><span class=\"aioseo-breadcrumb-separator\">&raquo;<\/span><span class=\"aioseo-breadcrumb\">\n\t<a href=\"https:\/\/www.rucashk.com\/pt\/categoria-produto\/xiaomi-eco\/gadgets\/\" title=\"Gadgets\">Gadgets<\/a>\n<\/span><span class=\"aioseo-breadcrumb-separator\">&raquo;<\/span><span class=\"aioseo-breadcrumb\">\n\txiaomi\u00a0Electric kettle\n<\/span><\/div>","aioseo_breadcrumb_json":[{"label":"Home","link":"https:\/\/www.rucashk.com\/pt"},{"label":"Produtos","link":"https:\/\/www.rucashk.com\/pt\/products\/"},{"label":"Xiaomi Eco","link":"https:\/\/www.rucashk.com\/pt\/categoria-produto\/xiaomi-eco\/"},{"label":"Gadgets","link":"https:\/\/www.rucashk.com\/pt\/categoria-produto\/xiaomi-eco\/gadgets\/"},{"label":"xiaomi\u00a0Electric kettle","link":"https:\/\/www.rucashk.com\/pt\/produto\/xiaomi-electric-kettle-2\/"}],"_links":{"self":[{"href":"https:\/\/www.rucashk.com\/pt\/wp-json\/wp\/v2\/product\/23585","targetHints":{"allow":["GET"]}}],"collection":[{"href":"https:\/\/www.rucashk.com\/pt\/wp-json\/wp\/v2\/product"}],"about":[{"href":"https:\/\/www.rucashk.com\/pt\/wp-json\/wp\/v2\/types\/product"}],"wp:featuredmedia":[{"embeddable":true,"href":"https:\/\/www.rucashk.com\/pt\/wp-json\/wp\/v2\/media\/23723"}],"wp:attachment":[{"href":"https:\/\/www.rucashk.com\/pt\/wp-json\/wp\/v2\/media?parent=23585"}],"wp:term":[{"taxonomy":"product_brand","embeddable":true,"href":"https:\/\/www.rucashk.com\/pt\/wp-json\/wp\/v2\/product_brand?post=23585"},{"taxonomy":"product_cat","embeddable":true,"href":"https:\/\/www.rucashk.com\/pt\/wp-json\/wp\/v2\/product_cat?post=23585"},{"taxonomy":"product_tag","embeddable":true,"href":"https:\/\/www.rucashk.com\/pt\/wp-json\/wp\/v2\/product_tag?post=23585"}],"curies":[{"name":"wp","href":"https:\/\/api.w.org\/{rel}","templated":true}]}}