{"id":23545,"date":"2024-01-09T15:55:28","date_gmt":"2024-01-09T15:55:28","guid":{"rendered":"http:\/\/rucashk.com\/?post_type=product&#038;p=23545"},"modified":"2024-01-21T09:02:11","modified_gmt":"2024-01-21T09:02:11","slug":"xiaomi-imi-smart-wifi-camera","status":"publish","type":"product","link":"https:\/\/www.rucashk.com\/pt\/produto\/xiaomi-imi-smart-wifi-camera\/","title":{"rendered":"c\u00e2mera wi-fi inteligente xiaomi imi"},"content":{"rendered":"<p><img decoding=\"async\" class=\"aligncenter\" src=\"https:\/\/www.rucashk.com\/wp-content\/uploads\/2020\/07\/510Fznn-OPL._AC_SL1000_.jpg\" \/><\/p>\n<p><img decoding=\"async\" class=\"aligncenter\" src=\"https:\/\/www.rucashk.com\/wp-content\/uploads\/2020\/07\/519UgBXVAhL._AC_SL1000_.jpg\" \/><\/p>\n<p><img decoding=\"async\" class=\"aligncenter\" src=\"https:\/\/www.rucashk.com\/wp-content\/uploads\/2020\/07\/519UgBXVAhL._AC_SL1000_.jpg\" \/><\/p>\n<p><img decoding=\"async\" class=\"aligncenter\" src=\"https:\/\/www.rucashk.com\/wp-content\/uploads\/2020\/07\/610J1i3ZSZL._AC_SL1000_.jpg\" \/><\/p>\n<p><img decoding=\"async\" class=\"aligncenter\" src=\"https:\/\/www.rucashk.com\/wp-content\/uploads\/2020\/07\/61mIIGpAeVL._AC_SL1000_.jpg\" \/><\/p>\n<p><img decoding=\"async\" class=\"aligncenter\" src=\"https:\/\/www.rucashk.com\/wp-content\/uploads\/2020\/07\/51yo7ZxyiTL._AC_SL1000_.jpg\" \/><\/p>\n<p><img decoding=\"async\" class=\"aligncenter\" src=\"https:\/\/www.rucashk.com\/wp-content\/uploads\/2020\/07\/51h7uissWpL._AC_SL1000_.jpg\" \/><\/p>\n<p><img decoding=\"async\" class=\"aligncenter\" src=\"https:\/\/www.rucashk.com\/wp-content\/uploads\/2020\/07\/51jUZ6EkpwL._AC_SL1000_.jpg\" \/><\/p>\n<p><b>Especifica\u00e7\u00e3o:<\/b><br \/>\nResolu\u00e7\u00e3o: 1 milh\u00e3o de pixels, 1280 x 720 (720P)<\/p>\n<p>Mem\u00f3ria: Armazenada em cart\u00e3o Micro SD de 32 GB pr\u00e9-instalado localmente ou vinculando roteador millet e servi\u00e7o de nuvem (NAS) para backup de espa\u00e7o em nuvem<\/p>\n<p>Modo de reprodu\u00e7\u00e3o de v\u00eddeo: cliente de celular ou servi\u00e7o em nuvem<\/p>\n<p>Entrada\/Sa\u00edda de \u00c1udio: Entrada: microfone embutido; Sa\u00edda: alto-falante embutido<\/p>\n<p>Lente embutida: 3,6 mm<\/p>\n<p>Vis\u00e3o noturna de luz infravermelha: l\u00e2mpada LED de vis\u00e3o noturna de 9 metros, (comuta\u00e7\u00e3o autom\u00e1tica IR-CUT)<\/p>\n<p>Suporta v\u00e1rios protocolos: TCP\/UDP, IP, HTTP, DHCP, DDNS, UPNP, NTP<\/p>\n<p>Rede sem fio: WiFi 2,4 GHz (IEEE802.11b\/g\/n)<\/p>\n<p>Atualiza\u00e7\u00e3o de firmware: atualizado remotamente via rede<\/p>\n<p>Porta de alimenta\u00e7\u00e3o: CC 5V<\/p>\n<p>Temperatura de trabalho: -10\u00b0C~ 40\u00b0C<\/p>\n<p>Ambiente de trabalho: Interior<\/p>\n<p>Gerenciamento avan\u00e7ado de eventos: acionado por movimento, notifica\u00e7\u00f5es transmitidas para o APP<\/p>\n<p><b>Pacote Incluindo:<\/b><br \/>\n1 x c\u00e2mera IP IMI<br \/>\n1 x Adaptador de energia (com um cabo Micro USB)<br \/>\n1 x cart\u00e3o micro SD de 32 GB pr\u00e9-instalado<br \/>\n1 x manual do usu\u00e1rio<\/p>","protected":false},"excerpt":{"rendered":"<p>Panoramic Lens<br \/>\nConstant 360\u00b0surveillance; captures everything in the field of view.Resolution with genuine color by H.264 compression format.<br \/>\nTwo-way Audio Communication<br \/>\nPre-installed 32GB Micro SD Card<br \/>\nUsing pre-installed 32GB Micro SD Card without complicated backend device is more convenient. It can record individually without video recorder and hard drive.<br \/>\nMotion Detection &amp; Intelligent Alerts<br \/>\nAlarm will be triggered when motions are detected and real-time notification will be sent to your smart phone or tablet.<br \/>\nRemote Monitoring<br \/>\nWhenever and wherever if you are connected to the internet, remote monitoring is ready for you via smart phones.<\/p>","protected":false},"featured_media":23675,"template":"","meta":[],"product_brand":[],"product_cat":[1317,1305],"product_tag":[916],"class_list":{"0":"post-23545","1":"product","2":"type-product","3":"status-publish","4":"has-post-thumbnail","6":"product_cat-imilab-camera","7":"product_cat-xiaomi-eco","8":"product_tag-xiaomi-imi-smart-wifi-camera","10":"first","11":"instock","12":"shipping-taxable","13":"product-type-external"},"aioseo_notices":[],"aioseo_head":"\n\t\t<!-- All in One SEO Pro 4.5.9.2 - aioseo.com -->\n\t\t<meta name=\"description\" content=\"Panoramic Lens Constant 360\u00b0surveillance; captures everything in the field of view.Resolution with genuine color by H.264 compression format. Two-way Audio Communication Pre-installed 32GB Micro SD Card Using pre-installed 32GB Micro SD Card without complicated backend device is more convenient. It can record individually without video recorder and hard drive. Motion Detection &amp; Intelligent Alerts Alarm will be triggered when motions are detected and real-time notification will be sent to your smart phone or tablet. Remote Monitoring Whenever and wherever if you are connected to the internet, remote monitoring is ready for you via smart phones.\" \/>\n\t\t<meta name=\"robots\" content=\"max-image-preview:large\" \/>\n\t\t<link rel=\"canonical\" href=\"https:\/\/www.rucashk.com\/pt\/produto\/xiaomi-imi-smart-wifi-camera\/\" \/>\n\t\t<meta name=\"generator\" content=\"All in One SEO Pro (AIOSEO) 4.5.9.2\" \/>\n\t\t<meta property=\"og:locale\" content=\"pt_PT\" \/>\n\t\t<meta property=\"og:site_name\" content=\"Rucas - One-stop AIoT Distribution Worldwide\" \/>\n\t\t<meta property=\"og:type\" content=\"article\" \/>\n\t\t<meta property=\"og:title\" content=\"xiaomi imi smart WiFi camera - Rucas - Wholesale and Distribution\" \/>\n\t\t<meta property=\"og:description\" content=\"Panoramic Lens Constant 360\u00b0surveillance; captures everything in the field of view.Resolution with genuine color by H.264 compression format. Two-way Audio Communication Pre-installed 32GB Micro SD Card Using pre-installed 32GB Micro SD Card without complicated backend device is more convenient. It can record individually without video recorder and hard drive. Motion Detection &amp; Intelligent Alerts Alarm will be triggered when motions are detected and real-time notification will be sent to your smart phone or tablet. Remote Monitoring Whenever and wherever if you are connected to the internet, remote monitoring is ready for you via smart phones.\" \/>\n\t\t<meta property=\"og:url\" content=\"https:\/\/www.rucashk.com\/pt\/produto\/xiaomi-imi-smart-wifi-camera\/\" \/>\n\t\t<meta property=\"og:image\" content=\"https:\/\/www.rucashk.com\/wp-content\/uploads\/replace\/503b8e645f128a97ccde2b6290747646.jpeg\" \/>\n\t\t<meta property=\"og:image:secure_url\" content=\"https:\/\/www.rucashk.com\/wp-content\/uploads\/replace\/503b8e645f128a97ccde2b6290747646.jpeg\" \/>\n\t\t<meta property=\"og:image:width\" content=\"1456\" \/>\n\t\t<meta property=\"og:image:height\" content=\"816\" \/>\n\t\t<meta property=\"article:published_time\" content=\"2024-01-09T15:55:28+00:00\" \/>\n\t\t<meta property=\"article:modified_time\" content=\"2024-01-21T09:02:11+00:00\" \/>\n\t\t<meta name=\"twitter:card\" content=\"summary_large_image\" \/>\n\t\t<meta name=\"twitter:title\" content=\"xiaomi imi smart WiFi camera - Rucas - Wholesale and Distribution\" \/>\n\t\t<meta name=\"twitter:description\" content=\"Panoramic Lens Constant 360\u00b0surveillance; captures everything in the field of view.Resolution with genuine color by H.264 compression format. Two-way Audio Communication Pre-installed 32GB Micro SD Card Using pre-installed 32GB Micro SD Card without complicated backend device is more convenient. It can record individually without video recorder and hard drive. Motion Detection &amp; Intelligent Alerts Alarm will be triggered when motions are detected and real-time notification will be sent to your smart phone or tablet. Remote Monitoring Whenever and wherever if you are connected to the internet, remote monitoring is ready for you via smart phones.\" \/>\n\t\t<meta name=\"twitter:image\" content=\"https:\/\/www.rucashk.com\/wp-content\/uploads\/replace\/503b8e645f128a97ccde2b6290747646.jpeg\" \/>\n\t\t<script type=\"application\/ld+json\" class=\"aioseo-schema\">\n\t\t\t{\"@context\":\"https:\\\/\\\/schema.org\",\"@graph\":[{\"@type\":\"BreadcrumbList\",\"@id\":\"https:\\\/\\\/www.rucashk.com\\\/pt\\\/produto\\\/xiaomi-imi-smart-wifi-camera\\\/#breadcrumblist\",\"itemListElement\":[{\"@type\":\"ListItem\",\"@id\":\"https:\\\/\\\/www.rucashk.com\\\/pt\\\/#listItem\",\"position\":1,\"name\":\"Home\",\"item\":\"https:\\\/\\\/www.rucashk.com\\\/pt\\\/\",\"nextItem\":\"https:\\\/\\\/www.rucashk.com\\\/pt\\\/produto\\\/xiaomi-imi-smart-wifi-camera\\\/#listItem\"},{\"@type\":\"ListItem\",\"@id\":\"https:\\\/\\\/www.rucashk.com\\\/pt\\\/produto\\\/xiaomi-imi-smart-wifi-camera\\\/#listItem\",\"position\":2,\"name\":\"xiaomi imi\\u00a0smart WiFi camera\",\"previousItem\":\"https:\\\/\\\/www.rucashk.com\\\/pt\\\/#listItem\"}]},{\"@type\":\"Organization\",\"@id\":\"https:\\\/\\\/www.rucashk.com\\\/pt\\\/#organization\",\"name\":\"Rucas\",\"url\":\"https:\\\/\\\/www.rucashk.com\\\/pt\\\/\",\"logo\":{\"@type\":\"ImageObject\",\"url\":\"https:\\\/\\\/www.rucashk.com\\\/wp-content\\\/uploads\\\/2023\\\/12\\\/Rucas_campany_logo.png\",\"@id\":\"https:\\\/\\\/www.rucashk.com\\\/pt\\\/produto\\\/xiaomi-imi-smart-wifi-camera\\\/#organizationLogo\",\"width\":221,\"height\":65},\"image\":{\"@id\":\"https:\\\/\\\/www.rucashk.com\\\/pt\\\/#organizationLogo\"}},{\"@type\":\"Person\",\"@id\":\"https:\\\/\\\/www.rucashk.com\\\/pt\\\/author\\\/admin\\\/#author\",\"url\":\"https:\\\/\\\/www.rucashk.com\\\/pt\\\/author\\\/admin\\\/\",\"name\":\"admin\",\"image\":{\"@type\":\"ImageObject\",\"@id\":\"https:\\\/\\\/www.rucashk.com\\\/pt\\\/produto\\\/xiaomi-imi-smart-wifi-camera\\\/#authorImage\",\"url\":\"https:\\\/\\\/secure.gravatar.com\\\/avatar\\\/b7c8925b09a27e72b30232f8ecaadbd5af0f70a38c78096863fe51b64f031c24?s=96&d=mm&r=g\",\"width\":96,\"height\":96,\"caption\":\"admin\"}},{\"@type\":\"WebPage\",\"@id\":\"https:\\\/\\\/www.rucashk.com\\\/pt\\\/produto\\\/xiaomi-imi-smart-wifi-camera\\\/#webpage\",\"url\":\"https:\\\/\\\/www.rucashk.com\\\/pt\\\/produto\\\/xiaomi-imi-smart-wifi-camera\\\/\",\"name\":\"xiaomi imi smart WiFi camera - Rucas - Wholesale and Distribution\",\"description\":\"Panoramic Lens Constant 360\\u00b0surveillance; captures everything in the field of view.Resolution with genuine color by H.264 compression format. Two-way Audio Communication Pre-installed 32GB Micro SD Card Using pre-installed 32GB Micro SD Card without complicated backend device is more convenient. It can record individually without video recorder and hard drive. Motion Detection & Intelligent Alerts Alarm will be triggered when motions are detected and real-time notification will be sent to your smart phone or tablet. Remote Monitoring Whenever and wherever if you are connected to the internet, remote monitoring is ready for you via smart phones.\",\"inLanguage\":\"pt-PT\",\"isPartOf\":{\"@id\":\"https:\\\/\\\/www.rucashk.com\\\/pt\\\/#website\"},\"breadcrumb\":{\"@id\":\"https:\\\/\\\/www.rucashk.com\\\/pt\\\/produto\\\/xiaomi-imi-smart-wifi-camera\\\/#breadcrumblist\"},\"author\":{\"@id\":\"https:\\\/\\\/www.rucashk.com\\\/pt\\\/author\\\/admin\\\/#author\"},\"creator\":{\"@id\":\"https:\\\/\\\/www.rucashk.com\\\/pt\\\/author\\\/admin\\\/#author\"},\"image\":{\"@type\":\"ImageObject\",\"url\":\"https:\\\/\\\/www.rucashk.com\\\/wp-content\\\/uploads\\\/2024\\\/01\\\/01_\\u526f\\u672c.jpg\",\"@id\":\"https:\\\/\\\/www.rucashk.com\\\/pt\\\/produto\\\/xiaomi-imi-smart-wifi-camera\\\/#mainImage\",\"width\":800,\"height\":800},\"primaryImageOfPage\":{\"@id\":\"https:\\\/\\\/www.rucashk.com\\\/pt\\\/produto\\\/xiaomi-imi-smart-wifi-camera\\\/#mainImage\"},\"datePublished\":\"2024-01-09T15:55:28+00:00\",\"dateModified\":\"2024-01-21T09:02:11+00:00\"},{\"@type\":\"WebSite\",\"@id\":\"https:\\\/\\\/www.rucashk.com\\\/pt\\\/#website\",\"url\":\"https:\\\/\\\/www.rucashk.com\\\/pt\\\/\",\"name\":\"Rucas - Wholesale and distribution worldwide\",\"alternateName\":\"Rucas - One-stop AIoT Distribution Worldwide\",\"description\":\"One-stop AIoT Distribution Worldwide\",\"inLanguage\":\"pt-PT\",\"publisher\":{\"@id\":\"https:\\\/\\\/www.rucashk.com\\\/pt\\\/#organization\"}}]}\n\t\t<\/script>\n\t\t<!-- All in One SEO Pro -->\r\n\t\t<title>xiaomi imi smart WiFi camera - Rucas - Wholesale and Distribution<\/title>\n\n","aioseo_head_json":{"title":"xiaomi imi smart WiFi camera - Rucas - Wholesale and Distribution","description":"Panoramic Lens Constant 360\u00b0surveillance; captures everything in the field of view.Resolution with genuine color by H.264 compression format. Two-way Audio Communication Pre-installed 32GB Micro SD Card Using pre-installed 32GB Micro SD Card without complicated backend device is more convenient. It can record individually without video recorder and hard drive. Motion Detection & Intelligent Alerts Alarm will be triggered when motions are detected and real-time notification will be sent to your smart phone or tablet. Remote Monitoring Whenever and wherever if you are connected to the internet, remote monitoring is ready for you via smart phones.","canonical_url":"https:\/\/www.rucashk.com\/pt\/produto\/xiaomi-imi-smart-wifi-camera\/","robots":"max-image-preview:large","keywords":"","webmasterTools":{"miscellaneous":""},"og:locale":"pt_PT","og:site_name":"Rucas - One-stop AIoT Distribution Worldwide","og:type":"article","og:title":"xiaomi imi smart WiFi camera - Rucas - Wholesale and Distribution","og:description":"Panoramic Lens Constant 360\u00b0surveillance; captures everything in the field of view.Resolution with genuine color by H.264 compression format. Two-way Audio Communication Pre-installed 32GB Micro SD Card Using pre-installed 32GB Micro SD Card without complicated backend device is more convenient. It can record individually without video recorder and hard drive. Motion Detection &amp; Intelligent Alerts Alarm will be triggered when motions are detected and real-time notification will be sent to your smart phone or tablet. Remote Monitoring Whenever and wherever if you are connected to the internet, remote monitoring is ready for you via smart phones.","og:url":"https:\/\/www.rucashk.com\/pt\/produto\/xiaomi-imi-smart-wifi-camera\/","og:image":"https:\/\/www.rucashk.com\/wp-content\/uploads\/replace\/503b8e645f128a97ccde2b6290747646.jpeg","og:image:secure_url":"https:\/\/www.rucashk.com\/wp-content\/uploads\/replace\/503b8e645f128a97ccde2b6290747646.jpeg","og:image:width":1456,"og:image:height":816,"article:published_time":"2024-01-09T15:55:28+00:00","article:modified_time":"2024-01-21T09:02:11+00:00","twitter:card":"summary_large_image","twitter:title":"xiaomi imi smart WiFi camera - Rucas - Wholesale and Distribution","twitter:description":"Panoramic Lens Constant 360\u00b0surveillance; captures everything in the field of view.Resolution with genuine color by H.264 compression format. Two-way Audio Communication Pre-installed 32GB Micro SD Card Using pre-installed 32GB Micro SD Card without complicated backend device is more convenient. It can record individually without video recorder and hard drive. Motion Detection &amp; Intelligent Alerts Alarm will be triggered when motions are detected and real-time notification will be sent to your smart phone or tablet. Remote Monitoring Whenever and wherever if you are connected to the internet, remote monitoring is ready for you via smart phones.","twitter:image":"https:\/\/www.rucashk.com\/wp-content\/uploads\/replace\/503b8e645f128a97ccde2b6290747646.jpeg","schema":{"@context":"https:\/\/schema.org","@graph":[{"@type":"BreadcrumbList","@id":"https:\/\/www.rucashk.com\/pt\/produto\/xiaomi-imi-smart-wifi-camera\/#breadcrumblist","itemListElement":[{"@type":"ListItem","@id":"https:\/\/www.rucashk.com\/pt\/#listItem","position":1,"name":"Home","item":"https:\/\/www.rucashk.com\/pt\/","nextItem":"https:\/\/www.rucashk.com\/pt\/produto\/xiaomi-imi-smart-wifi-camera\/#listItem"},{"@type":"ListItem","@id":"https:\/\/www.rucashk.com\/pt\/produto\/xiaomi-imi-smart-wifi-camera\/#listItem","position":2,"name":"xiaomi imi\u00a0smart WiFi camera","previousItem":"https:\/\/www.rucashk.com\/pt\/#listItem"}]},{"@type":"Organization","@id":"https:\/\/www.rucashk.com\/pt\/#organization","name":"Rucas","url":"https:\/\/www.rucashk.com\/pt\/","logo":{"@type":"ImageObject","url":"https:\/\/www.rucashk.com\/wp-content\/uploads\/2023\/12\/Rucas_campany_logo.png","@id":"https:\/\/www.rucashk.com\/pt\/produto\/xiaomi-imi-smart-wifi-camera\/#organizationLogo","width":221,"height":65},"image":{"@id":"https:\/\/www.rucashk.com\/pt\/#organizationLogo"}},{"@type":"Person","@id":"https:\/\/www.rucashk.com\/pt\/author\/admin\/#author","url":"https:\/\/www.rucashk.com\/pt\/author\/admin\/","name":"admin","image":{"@type":"ImageObject","@id":"https:\/\/www.rucashk.com\/pt\/produto\/xiaomi-imi-smart-wifi-camera\/#authorImage","url":"https:\/\/secure.gravatar.com\/avatar\/b7c8925b09a27e72b30232f8ecaadbd5af0f70a38c78096863fe51b64f031c24?s=96&d=mm&r=g","width":96,"height":96,"caption":"admin"}},{"@type":"WebPage","@id":"https:\/\/www.rucashk.com\/pt\/produto\/xiaomi-imi-smart-wifi-camera\/#webpage","url":"https:\/\/www.rucashk.com\/pt\/produto\/xiaomi-imi-smart-wifi-camera\/","name":"xiaomi imi smart WiFi camera - Rucas - Wholesale and Distribution","description":"Panoramic Lens Constant 360\u00b0surveillance; captures everything in the field of view.Resolution with genuine color by H.264 compression format. Two-way Audio Communication Pre-installed 32GB Micro SD Card Using pre-installed 32GB Micro SD Card without complicated backend device is more convenient. It can record individually without video recorder and hard drive. Motion Detection & Intelligent Alerts Alarm will be triggered when motions are detected and real-time notification will be sent to your smart phone or tablet. Remote Monitoring Whenever and wherever if you are connected to the internet, remote monitoring is ready for you via smart phones.","inLanguage":"pt-PT","isPartOf":{"@id":"https:\/\/www.rucashk.com\/pt\/#website"},"breadcrumb":{"@id":"https:\/\/www.rucashk.com\/pt\/produto\/xiaomi-imi-smart-wifi-camera\/#breadcrumblist"},"author":{"@id":"https:\/\/www.rucashk.com\/pt\/author\/admin\/#author"},"creator":{"@id":"https:\/\/www.rucashk.com\/pt\/author\/admin\/#author"},"image":{"@type":"ImageObject","url":"https:\/\/www.rucashk.com\/wp-content\/uploads\/2024\/01\/01_\u526f\u672c.jpg","@id":"https:\/\/www.rucashk.com\/pt\/produto\/xiaomi-imi-smart-wifi-camera\/#mainImage","width":800,"height":800},"primaryImageOfPage":{"@id":"https:\/\/www.rucashk.com\/pt\/produto\/xiaomi-imi-smart-wifi-camera\/#mainImage"},"datePublished":"2024-01-09T15:55:28+00:00","dateModified":"2024-01-21T09:02:11+00:00"},{"@type":"WebSite","@id":"https:\/\/www.rucashk.com\/pt\/#website","url":"https:\/\/www.rucashk.com\/pt\/","name":"Rucas - Wholesale and distribution worldwide","alternateName":"Rucas - One-stop AIoT Distribution Worldwide","description":"One-stop AIoT Distribution Worldwide","inLanguage":"pt-PT","publisher":{"@id":"https:\/\/www.rucashk.com\/pt\/#organization"}}]}},"aioseo_meta_data":{"post_id":"23545","title":null,"description":null,"keywords":null,"keyphrases":null,"primary_term":null,"canonical_url":null,"og_title":null,"og_description":null,"og_object_type":"default","og_image_type":"default","og_image_url":null,"og_image_width":null,"og_image_height":null,"og_image_custom_url":null,"og_image_custom_fields":null,"og_video":null,"og_custom_url":null,"og_article_section":null,"og_article_tags":null,"twitter_use_og":false,"twitter_card":"default","twitter_image_type":"default","twitter_image_url":null,"twitter_image_custom_url":null,"twitter_image_custom_fields":null,"twitter_title":null,"twitter_description":null,"schema":{"blockGraphs":[],"customGraphs":[],"default":{"data":{"Article":[],"Course":[],"Dataset":[],"FAQPage":[],"Movie":[],"Person":[],"Product":[],"Recipe":[],"Service":[],"SoftwareApplication":[],"WebPage":[]},"graphName":"","isEnabled":true},"graphs":[]},"schema_type":"default","schema_type_options":null,"pillar_content":false,"robots_default":true,"robots_noindex":false,"robots_noarchive":false,"robots_nosnippet":false,"robots_nofollow":false,"robots_noimageindex":false,"robots_noodp":false,"robots_notranslate":false,"robots_max_snippet":null,"robots_max_videopreview":null,"robots_max_imagepreview":"large","priority":null,"frequency":null,"local_seo":null,"breadcrumb_settings":null,"limit_modified_date":false,"created":"2024-04-11 01:57:06","updated":"2025-06-22 17:11:00"},"aioseo_breadcrumb":"<div class=\"aioseo-breadcrumbs\"><span class=\"aioseo-breadcrumb\">\n\t<a href=\"https:\/\/www.rucashk.com\/pt\" title=\"Home\">Home<\/a>\n<\/span><span class=\"aioseo-breadcrumb-separator\">&raquo;<\/span><span class=\"aioseo-breadcrumb\">\n\t<a href=\"https:\/\/www.rucashk.com\/pt\/products\/\" title=\"Produtos\">Produtos<\/a>\n<\/span><span class=\"aioseo-breadcrumb-separator\">&raquo;<\/span><span class=\"aioseo-breadcrumb\">\n\t<a href=\"https:\/\/www.rucashk.com\/pt\/categoria-produto\/xiaomi-eco\/\" title=\"Xiaomi Eco\">Xiaomi Eco<\/a>\n<\/span><span class=\"aioseo-breadcrumb-separator\">&raquo;<\/span><span class=\"aioseo-breadcrumb\">\n\t<a href=\"https:\/\/www.rucashk.com\/pt\/categoria-produto\/xiaomi-eco\/imilab-camera\/\" title=\"Imilab Camera\">Imilab Camera<\/a>\n<\/span><span class=\"aioseo-breadcrumb-separator\">&raquo;<\/span><span class=\"aioseo-breadcrumb\">\n\txiaomi imi\u00a0smart WiFi camera\n<\/span><\/div>","aioseo_breadcrumb_json":[{"label":"Home","link":"https:\/\/www.rucashk.com\/pt"},{"label":"Produtos","link":"https:\/\/www.rucashk.com\/pt\/products\/"},{"label":"Xiaomi Eco","link":"https:\/\/www.rucashk.com\/pt\/categoria-produto\/xiaomi-eco\/"},{"label":"Imilab Camera","link":"https:\/\/www.rucashk.com\/pt\/categoria-produto\/xiaomi-eco\/imilab-camera\/"},{"label":"xiaomi imi\u00a0smart WiFi camera","link":"https:\/\/www.rucashk.com\/pt\/produto\/xiaomi-imi-smart-wifi-camera\/"}],"_links":{"self":[{"href":"https:\/\/www.rucashk.com\/pt\/wp-json\/wp\/v2\/product\/23545","targetHints":{"allow":["GET"]}}],"collection":[{"href":"https:\/\/www.rucashk.com\/pt\/wp-json\/wp\/v2\/product"}],"about":[{"href":"https:\/\/www.rucashk.com\/pt\/wp-json\/wp\/v2\/types\/product"}],"wp:featuredmedia":[{"embeddable":true,"href":"https:\/\/www.rucashk.com\/pt\/wp-json\/wp\/v2\/media\/23675"}],"wp:attachment":[{"href":"https:\/\/www.rucashk.com\/pt\/wp-json\/wp\/v2\/media?parent=23545"}],"wp:term":[{"taxonomy":"product_brand","embeddable":true,"href":"https:\/\/www.rucashk.com\/pt\/wp-json\/wp\/v2\/product_brand?post=23545"},{"taxonomy":"product_cat","embeddable":true,"href":"https:\/\/www.rucashk.com\/pt\/wp-json\/wp\/v2\/product_cat?post=23545"},{"taxonomy":"product_tag","embeddable":true,"href":"https:\/\/www.rucashk.com\/pt\/wp-json\/wp\/v2\/product_tag?post=23545"}],"curies":[{"name":"wp","href":"https:\/\/api.w.org\/{rel}","templated":true}]}}