{"id":23542,"date":"2024-01-09T15:55:28","date_gmt":"2024-01-09T15:55:28","guid":{"rendered":"http:\/\/rucashk.com\/?post_type=product&#038;p=23542"},"modified":"2024-03-13T06:41:19","modified_gmt":"2024-03-13T06:41:19","slug":"xiaomi-mi-10-pro-gcam","status":"publish","type":"product","link":"https:\/\/www.rucashk.com\/pt\/produto\/xiaomi-mi-10-pro-gcam\/","title":{"rendered":"Xiaomi Mi 10 Pro Gcam"},"content":{"rendered":"<p><img decoding=\"async\" alt=\"Xiaomi\u00a0Mi 10 Pro Gcam\" src=\"\/wp-content\/uploads\/replace\/e7ebefa26682239d4ef579ae537605ae.jpeg\" \/><img decoding=\"async\" alt=\"Xiaomi\u00a0Mi 10 Pro Gcam\" src=\"\/wp-content\/uploads\/replace\/54dedeae1f12b101c2526735a2740569.jpeg\" \/><img decoding=\"async\" alt=\"Xiaomi\u00a0Mi 10 Pro Gcam\" src=\"\/wp-content\/uploads\/replace\/1da21382c486322ab6878b5d11e1d042.jpeg\" \/><img decoding=\"async\" alt=\"Xiaomi\u00a0Mi 10 Pro Gcam\" src=\"\/wp-content\/uploads\/replace\/9118a54c386a67001033b52388c7212e.jpeg\" \/><img decoding=\"async\" alt=\"Xiaomi\u00a0Mi 10 Pro Gcam\" src=\"\/wp-content\/uploads\/replace\/af3b385c833d4e22c913fb7ee3ab1957.jpeg\" \/><img decoding=\"async\" alt=\"Xiaomi\u00a0Mi 10 Pro Gcam\" src=\"\/wp-content\/uploads\/replace\/7d7ad24466c7a7cd8d82a8e6f08bd06a.jpeg\" \/><img decoding=\"async\" alt=\"Xiaomi\u00a0Mi 10 Pro Gcam\" src=\"\/wp-content\/uploads\/replace\/343a513ed4153ffbbbaa3307fe92e9f3.jpeg\" \/><img decoding=\"async\" alt=\"Xiaomi\u00a0Mi 10 Pro Gcam\" src=\"\/wp-content\/uploads\/replace\/9ee402f433dc25356b73da49d18903fe.jpeg\" \/><img decoding=\"async\" alt=\"Xiaomi\u00a0Mi 10 Pro Gcam\" src=\"\/wp-content\/uploads\/replace\/0baf1722bec7c0fdbbbab4e7d61ee83e.jpeg\" \/><img decoding=\"async\" alt=\"Xiaomi\u00a0Mi 10 Pro Gcam\" src=\"\/wp-content\/uploads\/replace\/c5bd7752a3f60142900487d4caa949a4.jpeg\" \/><img decoding=\"async\" alt=\"Xiaomi\u00a0Mi 10 Pro Gcam\" src=\"\/wp-content\/uploads\/replace\/8a5683172d3e01bc0866f7b33f3e8e23.jpeg\" \/><img decoding=\"async\" alt=\"Xiaomi\u00a0Mi 10 Pro Gcam\" src=\"\/wp-content\/uploads\/replace\/efeabf0fee85816239f2fe3e94937d72.jpeg\" \/><img decoding=\"async\" alt=\"Xiaomi\u00a0Mi 10 Pro Gcam\" src=\"\/wp-content\/uploads\/replace\/efeabf0fee85816239f2fe3e94937d72.jpeg\" \/><img decoding=\"async\" alt=\"Xiaomi\u00a0Mi 10 Pro Gcam\" src=\"\/wp-content\/uploads\/replace\/e45452dde7f848375f3549377e9c267f.jpeg\" \/><img decoding=\"async\" alt=\"Xiaomi\u00a0Mi 10 Pro Gcam\" src=\"\/wp-content\/uploads\/replace\/de719fb7a6a839fef319bec9b91e852f.jpeg\" \/><img decoding=\"async\" alt=\"Xiaomi\u00a0Mi 10 Pro Gcam\" src=\"\/wp-content\/uploads\/replace\/ce8e8a9697abb9a5db788a1361e7ec14.jpeg\" \/><img decoding=\"async\" alt=\"Xiaomi\u00a0Mi 10 Pro Gcam\" src=\"\/wp-content\/uploads\/replace\/60a0370300fe1e22cedb1a7719e02f39.jpeg\" \/><img decoding=\"async\" alt=\"Xiaomi\u00a0Mi 10 Pro Gcam\" src=\"\/wp-content\/uploads\/replace\/793d5d632f622440b757469478b83a43.jpeg\" \/><\/p>","protected":false},"excerpt":{"rendered":"<p><b>Principais caracter\u00edsticas:<\/b><br \/>\n<b>Processador Snapdragon 865 da Qualcomm:<\/b>A configura\u00e7\u00e3o mais alta do processador do telefone m\u00f3vel melhora o desempenho do telefone.<br \/>\n<b>C\u00e2mera de 108 MP + v\u00eddeo 8K, zoom digital 50x + zoom \u00f3ptico h\u00edbrido 10x:<\/b>\u00a0Captura de fotos e grava\u00e7\u00e3o de v\u00eddeo super n\u00edtidas.<br \/>\n<b>Modo duplo 5G:<\/b>\u00a0Suporta comunica\u00e7\u00e3o 5G.<br \/>\n<b>Mem\u00f3ria LPDDR5 de nova gera\u00e7\u00e3o:<\/b>\u00a0Melhora a velocidade de descompacta\u00e7\u00e3o e leitura de arquivos no telefone 50%.<br \/>\n<b>Est\u00e9reo Sim\u00e9trico:<\/b>\u00a0Desfrute de uma qualidade de som ultra n\u00edtida.<br \/>\n<b>Taxa de atualiza\u00e7\u00e3o de 90 Hz + taxa de amostragem de 180 Hz<\/b><br \/>\n<b>Armazenamento de alta velocidade UFS 3.0<\/b><br \/>\n<b>Totalmente compat\u00edvel com Wi-Fi 6<\/b><br \/>\n<b>Forte dissipa\u00e7\u00e3o de calor VC:<\/b>\u00a0Resfrie rapidamente o telefone e garanta um desempenho poderoso.<br \/>\n<b>Carga de flash r\u00e1pida de 50 W + carga de flash sem fio de 30 W + carregamento reverso sem fio de 10 W<\/b><br \/>\n<b>Capacidade da bateria de 4500mAh<\/b><br \/>\n<b>Fun\u00e7\u00e3o NFC completa<br \/>\n<\/b><\/p>","protected":false},"featured_media":23661,"template":"","meta":[],"product_brand":[],"product_cat":[1295,1296],"product_tag":[911],"class_list":{"0":"post-23542","1":"product","2":"type-product","3":"status-publish","4":"has-post-thumbnail","6":"product_cat-mobile-phone","7":"product_cat-xiaomi-mobile-phone","8":"product_tag-xiaomi-mi-10-pro-gcam","10":"first","11":"instock","12":"shipping-taxable","13":"product-type-external"},"aioseo_notices":[],"aioseo_head":"\n\t\t<!-- All in One SEO Pro 4.5.9.2 - aioseo.com -->\n\t\t<meta name=\"description\" content=\"Main Features: Qualcomm snapdragon 865 CPU:The highest configuration mobile phone processor improves the performance of the phone. 108MP camera + 8K video, 50x digital zoom + 10x hybrid optical zoom: Super clear picture taking and video recording. Dual mode 5G: Support 5G communication. New generation LPDDR5 memory: Improves the speed of decompressing and reading files on 50% the phone by. Symmetrical Stereo: Enjoy ultra clear sound quality. 90Hz refresh rate + 180Hz sampling rate UFS 3.0 high speed storage Fully compatible with Wi-Fi 6 Strong VC heat dissipation: Quickly cooling the phone and ensure the powerful performance. 50W fast flash charge + 30W wireless flash charge + 10W wireless reverse charging 4500mAh battery capacity Full-featured NFC function\" \/>\n\t\t<meta name=\"robots\" content=\"max-image-preview:large\" \/>\n\t\t<link rel=\"canonical\" href=\"https:\/\/www.rucashk.com\/pt\/produto\/xiaomi-mi-10-pro-gcam\/\" \/>\n\t\t<meta name=\"generator\" content=\"All in One SEO Pro (AIOSEO) 4.5.9.2\" \/>\n\t\t<meta property=\"og:locale\" content=\"pt_PT\" \/>\n\t\t<meta property=\"og:site_name\" content=\"Rucas - One-stop AIoT Distribution Worldwide\" \/>\n\t\t<meta property=\"og:type\" content=\"article\" \/>\n\t\t<meta property=\"og:title\" content=\"Xiaomi Mi 10 Pro Gcam - Rucas - Wholesale and Distribution\" \/>\n\t\t<meta property=\"og:description\" content=\"Main Features: Qualcomm snapdragon 865 CPU:The highest configuration mobile phone processor improves the performance of the phone. 108MP camera + 8K video, 50x digital zoom + 10x hybrid optical zoom: Super clear picture taking and video recording. Dual mode 5G: Support 5G communication. New generation LPDDR5 memory: Improves the speed of decompressing and reading files on 50% the phone by. Symmetrical Stereo: Enjoy ultra clear sound quality. 90Hz refresh rate + 180Hz sampling rate UFS 3.0 high speed storage Fully compatible with Wi-Fi 6 Strong VC heat dissipation: Quickly cooling the phone and ensure the powerful performance. 50W fast flash charge + 30W wireless flash charge + 10W wireless reverse charging 4500mAh battery capacity Full-featured NFC function\" \/>\n\t\t<meta property=\"og:url\" content=\"https:\/\/www.rucashk.com\/pt\/produto\/xiaomi-mi-10-pro-gcam\/\" \/>\n\t\t<meta property=\"og:image\" content=\"https:\/\/www.rucashk.com\/wp-content\/uploads\/replace\/503b8e645f128a97ccde2b6290747646.jpeg\" \/>\n\t\t<meta property=\"og:image:secure_url\" content=\"https:\/\/www.rucashk.com\/wp-content\/uploads\/replace\/503b8e645f128a97ccde2b6290747646.jpeg\" \/>\n\t\t<meta property=\"og:image:width\" content=\"1456\" \/>\n\t\t<meta property=\"og:image:height\" content=\"816\" \/>\n\t\t<meta property=\"article:published_time\" content=\"2024-01-09T15:55:28+00:00\" \/>\n\t\t<meta property=\"article:modified_time\" content=\"2024-03-13T06:41:19+00:00\" \/>\n\t\t<meta name=\"twitter:card\" content=\"summary_large_image\" \/>\n\t\t<meta name=\"twitter:title\" content=\"Xiaomi Mi 10 Pro Gcam - Rucas - Wholesale and Distribution\" \/>\n\t\t<meta name=\"twitter:description\" content=\"Main Features: Qualcomm snapdragon 865 CPU:The highest configuration mobile phone processor improves the performance of the phone. 108MP camera + 8K video, 50x digital zoom + 10x hybrid optical zoom: Super clear picture taking and video recording. Dual mode 5G: Support 5G communication. New generation LPDDR5 memory: Improves the speed of decompressing and reading files on 50% the phone by. Symmetrical Stereo: Enjoy ultra clear sound quality. 90Hz refresh rate + 180Hz sampling rate UFS 3.0 high speed storage Fully compatible with Wi-Fi 6 Strong VC heat dissipation: Quickly cooling the phone and ensure the powerful performance. 50W fast flash charge + 30W wireless flash charge + 10W wireless reverse charging 4500mAh battery capacity Full-featured NFC function\" \/>\n\t\t<meta name=\"twitter:image\" content=\"https:\/\/www.rucashk.com\/wp-content\/uploads\/replace\/503b8e645f128a97ccde2b6290747646.jpeg\" \/>\n\t\t<script type=\"application\/ld+json\" class=\"aioseo-schema\">\n\t\t\t{\"@context\":\"https:\\\/\\\/schema.org\",\"@graph\":[{\"@type\":\"BreadcrumbList\",\"@id\":\"https:\\\/\\\/www.rucashk.com\\\/pt\\\/produto\\\/xiaomi-mi-10-pro-gcam\\\/#breadcrumblist\",\"itemListElement\":[{\"@type\":\"ListItem\",\"@id\":\"https:\\\/\\\/www.rucashk.com\\\/pt\\\/#listItem\",\"position\":1,\"name\":\"Home\",\"item\":\"https:\\\/\\\/www.rucashk.com\\\/pt\\\/\",\"nextItem\":\"https:\\\/\\\/www.rucashk.com\\\/pt\\\/produto\\\/xiaomi-mi-10-pro-gcam\\\/#listItem\"},{\"@type\":\"ListItem\",\"@id\":\"https:\\\/\\\/www.rucashk.com\\\/pt\\\/produto\\\/xiaomi-mi-10-pro-gcam\\\/#listItem\",\"position\":2,\"name\":\"Xiaomi\\u00a0Mi 10 Pro Gcam\",\"previousItem\":\"https:\\\/\\\/www.rucashk.com\\\/pt\\\/#listItem\"}]},{\"@type\":\"Organization\",\"@id\":\"https:\\\/\\\/www.rucashk.com\\\/pt\\\/#organization\",\"name\":\"Rucas\",\"url\":\"https:\\\/\\\/www.rucashk.com\\\/pt\\\/\",\"logo\":{\"@type\":\"ImageObject\",\"url\":\"https:\\\/\\\/www.rucashk.com\\\/wp-content\\\/uploads\\\/2023\\\/12\\\/Rucas_campany_logo.png\",\"@id\":\"https:\\\/\\\/www.rucashk.com\\\/pt\\\/produto\\\/xiaomi-mi-10-pro-gcam\\\/#organizationLogo\",\"width\":221,\"height\":65},\"image\":{\"@id\":\"https:\\\/\\\/www.rucashk.com\\\/pt\\\/#organizationLogo\"}},{\"@type\":\"Person\",\"@id\":\"https:\\\/\\\/www.rucashk.com\\\/pt\\\/author\\\/admin\\\/#author\",\"url\":\"https:\\\/\\\/www.rucashk.com\\\/pt\\\/author\\\/admin\\\/\",\"name\":\"admin\",\"image\":{\"@type\":\"ImageObject\",\"@id\":\"https:\\\/\\\/www.rucashk.com\\\/pt\\\/produto\\\/xiaomi-mi-10-pro-gcam\\\/#authorImage\",\"url\":\"https:\\\/\\\/secure.gravatar.com\\\/avatar\\\/b7c8925b09a27e72b30232f8ecaadbd5af0f70a38c78096863fe51b64f031c24?s=96&d=mm&r=g\",\"width\":96,\"height\":96,\"caption\":\"admin\"}},{\"@type\":\"WebPage\",\"@id\":\"https:\\\/\\\/www.rucashk.com\\\/pt\\\/produto\\\/xiaomi-mi-10-pro-gcam\\\/#webpage\",\"url\":\"https:\\\/\\\/www.rucashk.com\\\/pt\\\/produto\\\/xiaomi-mi-10-pro-gcam\\\/\",\"name\":\"Xiaomi Mi 10 Pro Gcam - Rucas - Wholesale and Distribution\",\"description\":\"Main Features: Qualcomm snapdragon 865 CPU:The highest configuration mobile phone processor improves the performance of the phone. 108MP camera + 8K video, 50x digital zoom + 10x hybrid optical zoom: Super clear picture taking and video recording. Dual mode 5G: Support 5G communication. New generation LPDDR5 memory: Improves the speed of decompressing and reading files on 50% the phone by. Symmetrical Stereo: Enjoy ultra clear sound quality. 90Hz refresh rate + 180Hz sampling rate UFS 3.0 high speed storage Fully compatible with Wi-Fi 6 Strong VC heat dissipation: Quickly cooling the phone and ensure the powerful performance. 50W fast flash charge + 30W wireless flash charge + 10W wireless reverse charging 4500mAh battery capacity Full-featured NFC function\",\"inLanguage\":\"pt-PT\",\"isPartOf\":{\"@id\":\"https:\\\/\\\/www.rucashk.com\\\/pt\\\/#website\"},\"breadcrumb\":{\"@id\":\"https:\\\/\\\/www.rucashk.com\\\/pt\\\/produto\\\/xiaomi-mi-10-pro-gcam\\\/#breadcrumblist\"},\"author\":{\"@id\":\"https:\\\/\\\/www.rucashk.com\\\/pt\\\/author\\\/admin\\\/#author\"},\"creator\":{\"@id\":\"https:\\\/\\\/www.rucashk.com\\\/pt\\\/author\\\/admin\\\/#author\"},\"image\":{\"@type\":\"ImageObject\",\"url\":\"https:\\\/\\\/www.rucashk.com\\\/wp-content\\\/uploads\\\/2024\\\/01\\\/1_\\u526f\\u672c-11-1.jpg\",\"@id\":\"https:\\\/\\\/www.rucashk.com\\\/pt\\\/produto\\\/xiaomi-mi-10-pro-gcam\\\/#mainImage\",\"width\":800,\"height\":800},\"primaryImageOfPage\":{\"@id\":\"https:\\\/\\\/www.rucashk.com\\\/pt\\\/produto\\\/xiaomi-mi-10-pro-gcam\\\/#mainImage\"},\"datePublished\":\"2024-01-09T15:55:28+00:00\",\"dateModified\":\"2024-03-13T06:41:19+00:00\"},{\"@type\":\"WebSite\",\"@id\":\"https:\\\/\\\/www.rucashk.com\\\/pt\\\/#website\",\"url\":\"https:\\\/\\\/www.rucashk.com\\\/pt\\\/\",\"name\":\"Rucas - Wholesale and distribution worldwide\",\"alternateName\":\"Rucas - One-stop AIoT Distribution Worldwide\",\"description\":\"One-stop AIoT Distribution Worldwide\",\"inLanguage\":\"pt-PT\",\"publisher\":{\"@id\":\"https:\\\/\\\/www.rucashk.com\\\/pt\\\/#organization\"}}]}\n\t\t<\/script>\n\t\t<!-- All in One SEO Pro -->\r\n\t\t<title>Xiaomi Mi 10 Pro Gcam - Rucas - Wholesale and Distribution<\/title>\n\n","aioseo_head_json":{"title":"Xiaomi Mi 10 Pro Gcam - Rucas - Wholesale and Distribution","description":"Main Features: Qualcomm snapdragon 865 CPU:The highest configuration mobile phone processor improves the performance of the phone. 108MP camera + 8K video, 50x digital zoom + 10x hybrid optical zoom: Super clear picture taking and video recording. Dual mode 5G: Support 5G communication. New generation LPDDR5 memory: Improves the speed of decompressing and reading files on 50% the phone by. Symmetrical Stereo: Enjoy ultra clear sound quality. 90Hz refresh rate + 180Hz sampling rate UFS 3.0 high speed storage Fully compatible with Wi-Fi 6 Strong VC heat dissipation: Quickly cooling the phone and ensure the powerful performance. 50W fast flash charge + 30W wireless flash charge + 10W wireless reverse charging 4500mAh battery capacity Full-featured NFC function","canonical_url":"https:\/\/www.rucashk.com\/pt\/produto\/xiaomi-mi-10-pro-gcam\/","robots":"max-image-preview:large","keywords":"","webmasterTools":{"miscellaneous":""},"og:locale":"pt_PT","og:site_name":"Rucas - One-stop AIoT Distribution Worldwide","og:type":"article","og:title":"Xiaomi Mi 10 Pro Gcam - Rucas - Wholesale and Distribution","og:description":"Main Features: Qualcomm snapdragon 865 CPU:The highest configuration mobile phone processor improves the performance of the phone. 108MP camera + 8K video, 50x digital zoom + 10x hybrid optical zoom: Super clear picture taking and video recording. Dual mode 5G: Support 5G communication. New generation LPDDR5 memory: Improves the speed of decompressing and reading files on 50% the phone by. Symmetrical Stereo: Enjoy ultra clear sound quality. 90Hz refresh rate + 180Hz sampling rate UFS 3.0 high speed storage Fully compatible with Wi-Fi 6 Strong VC heat dissipation: Quickly cooling the phone and ensure the powerful performance. 50W fast flash charge + 30W wireless flash charge + 10W wireless reverse charging 4500mAh battery capacity Full-featured NFC function","og:url":"https:\/\/www.rucashk.com\/pt\/produto\/xiaomi-mi-10-pro-gcam\/","og:image":"https:\/\/www.rucashk.com\/wp-content\/uploads\/replace\/503b8e645f128a97ccde2b6290747646.jpeg","og:image:secure_url":"https:\/\/www.rucashk.com\/wp-content\/uploads\/replace\/503b8e645f128a97ccde2b6290747646.jpeg","og:image:width":1456,"og:image:height":816,"article:published_time":"2024-01-09T15:55:28+00:00","article:modified_time":"2024-03-13T06:41:19+00:00","twitter:card":"summary_large_image","twitter:title":"Xiaomi Mi 10 Pro Gcam - Rucas - Wholesale and Distribution","twitter:description":"Main Features: Qualcomm snapdragon 865 CPU:The highest configuration mobile phone processor improves the performance of the phone. 108MP camera + 8K video, 50x digital zoom + 10x hybrid optical zoom: Super clear picture taking and video recording. Dual mode 5G: Support 5G communication. New generation LPDDR5 memory: Improves the speed of decompressing and reading files on 50% the phone by. Symmetrical Stereo: Enjoy ultra clear sound quality. 90Hz refresh rate + 180Hz sampling rate UFS 3.0 high speed storage Fully compatible with Wi-Fi 6 Strong VC heat dissipation: Quickly cooling the phone and ensure the powerful performance. 50W fast flash charge + 30W wireless flash charge + 10W wireless reverse charging 4500mAh battery capacity Full-featured NFC function","twitter:image":"https:\/\/www.rucashk.com\/wp-content\/uploads\/replace\/503b8e645f128a97ccde2b6290747646.jpeg","schema":{"@context":"https:\/\/schema.org","@graph":[{"@type":"BreadcrumbList","@id":"https:\/\/www.rucashk.com\/pt\/produto\/xiaomi-mi-10-pro-gcam\/#breadcrumblist","itemListElement":[{"@type":"ListItem","@id":"https:\/\/www.rucashk.com\/pt\/#listItem","position":1,"name":"Home","item":"https:\/\/www.rucashk.com\/pt\/","nextItem":"https:\/\/www.rucashk.com\/pt\/produto\/xiaomi-mi-10-pro-gcam\/#listItem"},{"@type":"ListItem","@id":"https:\/\/www.rucashk.com\/pt\/produto\/xiaomi-mi-10-pro-gcam\/#listItem","position":2,"name":"Xiaomi\u00a0Mi 10 Pro Gcam","previousItem":"https:\/\/www.rucashk.com\/pt\/#listItem"}]},{"@type":"Organization","@id":"https:\/\/www.rucashk.com\/pt\/#organization","name":"Rucas","url":"https:\/\/www.rucashk.com\/pt\/","logo":{"@type":"ImageObject","url":"https:\/\/www.rucashk.com\/wp-content\/uploads\/2023\/12\/Rucas_campany_logo.png","@id":"https:\/\/www.rucashk.com\/pt\/produto\/xiaomi-mi-10-pro-gcam\/#organizationLogo","width":221,"height":65},"image":{"@id":"https:\/\/www.rucashk.com\/pt\/#organizationLogo"}},{"@type":"Person","@id":"https:\/\/www.rucashk.com\/pt\/author\/admin\/#author","url":"https:\/\/www.rucashk.com\/pt\/author\/admin\/","name":"admin","image":{"@type":"ImageObject","@id":"https:\/\/www.rucashk.com\/pt\/produto\/xiaomi-mi-10-pro-gcam\/#authorImage","url":"https:\/\/secure.gravatar.com\/avatar\/b7c8925b09a27e72b30232f8ecaadbd5af0f70a38c78096863fe51b64f031c24?s=96&d=mm&r=g","width":96,"height":96,"caption":"admin"}},{"@type":"WebPage","@id":"https:\/\/www.rucashk.com\/pt\/produto\/xiaomi-mi-10-pro-gcam\/#webpage","url":"https:\/\/www.rucashk.com\/pt\/produto\/xiaomi-mi-10-pro-gcam\/","name":"Xiaomi Mi 10 Pro Gcam - Rucas - Wholesale and Distribution","description":"Main Features: Qualcomm snapdragon 865 CPU:The highest configuration mobile phone processor improves the performance of the phone. 108MP camera + 8K video, 50x digital zoom + 10x hybrid optical zoom: Super clear picture taking and video recording. Dual mode 5G: Support 5G communication. New generation LPDDR5 memory: Improves the speed of decompressing and reading files on 50% the phone by. Symmetrical Stereo: Enjoy ultra clear sound quality. 90Hz refresh rate + 180Hz sampling rate UFS 3.0 high speed storage Fully compatible with Wi-Fi 6 Strong VC heat dissipation: Quickly cooling the phone and ensure the powerful performance. 50W fast flash charge + 30W wireless flash charge + 10W wireless reverse charging 4500mAh battery capacity Full-featured NFC function","inLanguage":"pt-PT","isPartOf":{"@id":"https:\/\/www.rucashk.com\/pt\/#website"},"breadcrumb":{"@id":"https:\/\/www.rucashk.com\/pt\/produto\/xiaomi-mi-10-pro-gcam\/#breadcrumblist"},"author":{"@id":"https:\/\/www.rucashk.com\/pt\/author\/admin\/#author"},"creator":{"@id":"https:\/\/www.rucashk.com\/pt\/author\/admin\/#author"},"image":{"@type":"ImageObject","url":"https:\/\/www.rucashk.com\/wp-content\/uploads\/2024\/01\/1_\u526f\u672c-11-1.jpg","@id":"https:\/\/www.rucashk.com\/pt\/produto\/xiaomi-mi-10-pro-gcam\/#mainImage","width":800,"height":800},"primaryImageOfPage":{"@id":"https:\/\/www.rucashk.com\/pt\/produto\/xiaomi-mi-10-pro-gcam\/#mainImage"},"datePublished":"2024-01-09T15:55:28+00:00","dateModified":"2024-03-13T06:41:19+00:00"},{"@type":"WebSite","@id":"https:\/\/www.rucashk.com\/pt\/#website","url":"https:\/\/www.rucashk.com\/pt\/","name":"Rucas - Wholesale and distribution worldwide","alternateName":"Rucas - One-stop AIoT Distribution Worldwide","description":"One-stop AIoT Distribution Worldwide","inLanguage":"pt-PT","publisher":{"@id":"https:\/\/www.rucashk.com\/pt\/#organization"}}]}},"aioseo_meta_data":{"post_id":"23542","title":null,"description":null,"keywords":null,"keyphrases":null,"primary_term":null,"canonical_url":null,"og_title":null,"og_description":null,"og_object_type":"default","og_image_type":"default","og_image_url":null,"og_image_width":null,"og_image_height":null,"og_image_custom_url":null,"og_image_custom_fields":null,"og_video":null,"og_custom_url":null,"og_article_section":null,"og_article_tags":null,"twitter_use_og":false,"twitter_card":"default","twitter_image_type":"default","twitter_image_url":null,"twitter_image_custom_url":null,"twitter_image_custom_fields":null,"twitter_title":null,"twitter_description":null,"schema":{"blockGraphs":[],"customGraphs":[],"default":{"data":{"Article":[],"Course":[],"Dataset":[],"FAQPage":[],"Movie":[],"Person":[],"Product":[],"Recipe":[],"Service":[],"SoftwareApplication":[],"WebPage":[]},"graphName":"","isEnabled":true},"graphs":[]},"schema_type":"default","schema_type_options":null,"pillar_content":false,"robots_default":true,"robots_noindex":false,"robots_noarchive":false,"robots_nosnippet":false,"robots_nofollow":false,"robots_noimageindex":false,"robots_noodp":false,"robots_notranslate":false,"robots_max_snippet":null,"robots_max_videopreview":null,"robots_max_imagepreview":"large","priority":null,"frequency":null,"local_seo":null,"breadcrumb_settings":null,"limit_modified_date":false,"created":"2024-04-11 01:57:06","updated":"2025-06-22 17:10:01"},"aioseo_breadcrumb":"<div class=\"aioseo-breadcrumbs\"><span class=\"aioseo-breadcrumb\">\n\t<a href=\"https:\/\/www.rucashk.com\/pt\" title=\"Home\">Home<\/a>\n<\/span><span class=\"aioseo-breadcrumb-separator\">&raquo;<\/span><span class=\"aioseo-breadcrumb\">\n\t<a href=\"https:\/\/www.rucashk.com\/pt\/products\/\" title=\"Produtos\">Produtos<\/a>\n<\/span><span class=\"aioseo-breadcrumb-separator\">&raquo;<\/span><span class=\"aioseo-breadcrumb\">\n\t<a href=\"https:\/\/www.rucashk.com\/pt\/categoria-produto\/mobile-phone\/\" title=\"Mobile Phone\">Mobile Phone<\/a>\n<\/span><span class=\"aioseo-breadcrumb-separator\">&raquo;<\/span><span class=\"aioseo-breadcrumb\">\n\t<a href=\"https:\/\/www.rucashk.com\/pt\/categoria-produto\/mobile-phone\/xiaomi-mobile-phone\/\" title=\"Xiaomi\">Xiaomi<\/a>\n<\/span><span class=\"aioseo-breadcrumb-separator\">&raquo;<\/span><span class=\"aioseo-breadcrumb\">\n\tXiaomi\u00a0Mi 10 Pro Gcam\n<\/span><\/div>","aioseo_breadcrumb_json":[{"label":"Home","link":"https:\/\/www.rucashk.com\/pt"},{"label":"Produtos","link":"https:\/\/www.rucashk.com\/pt\/products\/"},{"label":"Mobile Phone","link":"https:\/\/www.rucashk.com\/pt\/categoria-produto\/mobile-phone\/"},{"label":"Xiaomi","link":"https:\/\/www.rucashk.com\/pt\/categoria-produto\/mobile-phone\/xiaomi-mobile-phone\/"},{"label":"Xiaomi\u00a0Mi 10 Pro Gcam","link":"https:\/\/www.rucashk.com\/pt\/produto\/xiaomi-mi-10-pro-gcam\/"}],"_links":{"self":[{"href":"https:\/\/www.rucashk.com\/pt\/wp-json\/wp\/v2\/product\/23542","targetHints":{"allow":["GET"]}}],"collection":[{"href":"https:\/\/www.rucashk.com\/pt\/wp-json\/wp\/v2\/product"}],"about":[{"href":"https:\/\/www.rucashk.com\/pt\/wp-json\/wp\/v2\/types\/product"}],"wp:featuredmedia":[{"embeddable":true,"href":"https:\/\/www.rucashk.com\/pt\/wp-json\/wp\/v2\/media\/23661"}],"wp:attachment":[{"href":"https:\/\/www.rucashk.com\/pt\/wp-json\/wp\/v2\/media?parent=23542"}],"wp:term":[{"taxonomy":"product_brand","embeddable":true,"href":"https:\/\/www.rucashk.com\/pt\/wp-json\/wp\/v2\/product_brand?post=23542"},{"taxonomy":"product_cat","embeddable":true,"href":"https:\/\/www.rucashk.com\/pt\/wp-json\/wp\/v2\/product_cat?post=23542"},{"taxonomy":"product_tag","embeddable":true,"href":"https:\/\/www.rucashk.com\/pt\/wp-json\/wp\/v2\/product_tag?post=23542"}],"curies":[{"name":"wp","href":"https:\/\/api.w.org\/{rel}","templated":true}]}}