{"id":23541,"date":"2024-01-09T15:55:28","date_gmt":"2024-01-09T15:55:28","guid":{"rendered":"http:\/\/rucashk.com\/?post_type=product&#038;p=23541"},"modified":"2024-03-11T06:45:36","modified_gmt":"2024-03-11T06:45:36","slug":"realme-6-pro","status":"publish","type":"product","link":"https:\/\/www.rucashk.com\/pt\/produto\/realme-6-pro\/","title":{"rendered":"Eu de verdade 6 Pro"},"content":{"rendered":"<p><img decoding=\"async\" src=\"\/wp-content\/uploads\/replace\/28f9e4082ced9f6f6859f44816331f43.jpeg\" alt=\"realme 6 pro 1\" \/><img decoding=\"async\" src=\"\/wp-content\/uploads\/replace\/ff25f39d77358d471c5f2cae379dbd09.jpeg\" alt=\"realme 6 pro 2\" \/><img decoding=\"async\" src=\"\/wp-content\/uploads\/replace\/593334e49b7ded336682a7372fa7e1d4.jpeg\" alt=\"realme 6 pro 3\" \/><img decoding=\"async\" src=\"\/wp-content\/uploads\/replace\/d57cdd4cfb669d17efef9c9619cfcf75.jpeg\" alt=\"realme 6 pro 4\" \/><img decoding=\"async\" src=\"\/wp-content\/uploads\/replace\/83628f254ac9379cbc8fe351955ce695.jpeg\" alt=\"realme 6 pro 5\" \/><img decoding=\"async\" src=\"\/wp-content\/uploads\/replace\/969eba41b616deb65a8ffa53ec31b6eb.jpeg\" alt=\"realme 6 pro 6\" \/><img decoding=\"async\" src=\"\/wp-content\/uploads\/replace\/b9515dfda3db3b893f869ac50cf7598c.jpeg\" alt=\"realme 6 pro 7\" \/><img decoding=\"async\" src=\"\/wp-content\/uploads\/replace\/efe6a3e8fb828aa97c9ba31452e384eb.jpeg\" alt=\"realme 6 pro 8\" \/><img decoding=\"async\" src=\"\/wp-content\/uploads\/replace\/60dbb76f20bb4a892d274e1231c306e5.jpeg\" alt=\"realme 6 pro 9\" \/><img decoding=\"async\" src=\"\/wp-content\/uploads\/replace\/64d2dca387bc476b1ef271a5a2273480.jpeg\" alt=\"realme 6 pro 10\" \/><img decoding=\"async\" src=\"\/wp-content\/uploads\/replace\/b62bf218baac6e1c94d0796f4ff9ab07.jpeg\" alt=\"realme 6 pro 11\" \/><img decoding=\"async\" src=\"\/wp-content\/uploads\/replace\/404e22c710bc5853be5e63e28bc3aeec.jpeg\" alt=\"realme 6 pro 12\" \/><img decoding=\"async\" src=\"\/wp-content\/uploads\/replace\/579ad8fe88c57a4111e41e733c3ae0ac.jpeg\" alt=\"realme 6 pro 13\" \/><img decoding=\"async\" src=\"\/wp-content\/uploads\/replace\/1dc72555e7d8d2a3c2c1c92a3348001a.jpeg\" alt=\"realme 6 pro 14\" \/><\/p>\n<table border=\"1\" cellspacing=\"1\" cellpadding=\"1\">\n<tbody>\n<tr>\n<td colspan=\"2\"><strong>Especifica\u00e7\u00e3o<\/strong><\/td>\n<\/tr>\n<tr>\n<td>\u00a0Modelo<\/td>\n<td><strong>\u00a0<\/strong><strong>Realme 6 Pro (vers\u00e3o IN 6 GB + 128 GB)<\/strong><\/td>\n<\/tr>\n<tr>\n<td colspan=\"1\" rowspan=\"3\">\u00a0Rede<\/td>\n<td>\u00a02G: GSM: 850\/900\/1800\/1900 MHz<\/td>\n<\/tr>\n<tr>\n<td>\u00a03G: WCDMA: B1(2100)\/B5(850)\/B8(900)<\/td>\n<\/tr>\n<tr>\n<td>\u00a04G: FDD-TLE: B1(2100)\/B3(1800)\/B5(850)\/B8(900)<\/p>\n<div>\u00a0 \u00a0 \u00a0 \u00a0 TDD-TLE: B38\/B40\/B41(2535-2655MHz)<\/div>\n<\/td>\n<\/tr>\n<tr>\n<td colspan=\"1\">\u00a0Velocidade<\/td>\n<td>\u00a0HSPA 42,2\/11,5 Mbps, LTE-A (2CA) Cat6 300\/150 Mbps<\/td>\n<\/tr>\n<\/tbody>\n<\/table>","protected":false},"excerpt":{"rendered":"<h3>Principais caracter\u00edsticas:<\/h3>\n<ul>\n<li>Tela ultra suave de 90 Hz<\/li>\n<li>Selfie dupla no display<\/li>\n<li>C\u00e2mera qu\u00e1drupla AI de 64 MP com zoom 20x<\/li>\n<li>Super Paisagem Noturna 3.0<\/li>\n<li>Ultra Estabiliza\u00e7\u00e3o de V\u00eddeo<\/li>\n<li>O primeiro Snapdragon 720G do mundo<\/li>\n<li>Bateria de 4300mAh<\/li>\n<li>Sensor de impress\u00e3o digital lateral 0,38s Flash Unlock<\/li>\n<li>UI real<\/li>\n<li>\u00c1udio Dolby<\/li>\n<\/ul>","protected":false},"featured_media":23659,"template":"","meta":[],"product_brand":[],"product_cat":[1295,1301],"product_tag":[910],"class_list":{"0":"post-23541","1":"product","2":"type-product","3":"status-publish","4":"has-post-thumbnail","6":"product_cat-mobile-phone","7":"product_cat-realme-mobile-phone","8":"product_tag-realme-6-pro","10":"first","11":"instock","12":"shipping-taxable","13":"product-type-external"},"aioseo_notices":[],"aioseo_head":"\n\t\t<!-- All in One SEO Pro 4.5.9.2 - aioseo.com -->\n\t\t<meta name=\"description\" content=\"Main Features: 90 Hz Ultra Smooth Display Dual In-display Selfie 64 MP AI Quad Camera with 20x Zoom Super Nightscape 3.0 Ultra Video Stabilization World&#039;s First Snapdragon 720G 4300 mAh Battery Side-fingerprint Sensor 0.38s Flash Unlock realme UI Dolby Audio\" \/>\n\t\t<meta name=\"robots\" content=\"max-image-preview:large\" \/>\n\t\t<link rel=\"canonical\" href=\"https:\/\/www.rucashk.com\/pt\/produto\/realme-6-pro\/\" \/>\n\t\t<meta name=\"generator\" content=\"All in One SEO Pro (AIOSEO) 4.5.9.2\" \/>\n\t\t<meta property=\"og:locale\" content=\"pt_PT\" \/>\n\t\t<meta property=\"og:site_name\" content=\"Rucas - One-stop AIoT Distribution Worldwide\" \/>\n\t\t<meta property=\"og:type\" content=\"article\" \/>\n\t\t<meta property=\"og:title\" content=\"Realme 6 Pro - Rucas - Wholesale and Distribution\" \/>\n\t\t<meta property=\"og:description\" content=\"Main Features: 90 Hz Ultra Smooth Display Dual In-display Selfie 64 MP AI Quad Camera with 20x Zoom Super Nightscape 3.0 Ultra Video Stabilization World&#039;s First Snapdragon 720G 4300 mAh Battery Side-fingerprint Sensor 0.38s Flash Unlock realme UI Dolby Audio\" \/>\n\t\t<meta property=\"og:url\" content=\"https:\/\/www.rucashk.com\/pt\/produto\/realme-6-pro\/\" \/>\n\t\t<meta property=\"og:image\" content=\"https:\/\/www.rucashk.com\/wp-content\/uploads\/replace\/503b8e645f128a97ccde2b6290747646.jpeg\" \/>\n\t\t<meta property=\"og:image:secure_url\" content=\"https:\/\/www.rucashk.com\/wp-content\/uploads\/replace\/503b8e645f128a97ccde2b6290747646.jpeg\" \/>\n\t\t<meta property=\"og:image:width\" content=\"1456\" \/>\n\t\t<meta property=\"og:image:height\" content=\"816\" \/>\n\t\t<meta property=\"article:published_time\" content=\"2024-01-09T15:55:28+00:00\" \/>\n\t\t<meta property=\"article:modified_time\" content=\"2024-03-11T06:45:36+00:00\" \/>\n\t\t<meta name=\"twitter:card\" content=\"summary_large_image\" \/>\n\t\t<meta name=\"twitter:title\" content=\"Realme 6 Pro - Rucas - Wholesale and Distribution\" \/>\n\t\t<meta name=\"twitter:description\" content=\"Main Features: 90 Hz Ultra Smooth Display Dual In-display Selfie 64 MP AI Quad Camera with 20x Zoom Super Nightscape 3.0 Ultra Video Stabilization World&#039;s First Snapdragon 720G 4300 mAh Battery Side-fingerprint Sensor 0.38s Flash Unlock realme UI Dolby Audio\" \/>\n\t\t<meta name=\"twitter:image\" content=\"https:\/\/www.rucashk.com\/wp-content\/uploads\/replace\/503b8e645f128a97ccde2b6290747646.jpeg\" \/>\n\t\t<script type=\"application\/ld+json\" class=\"aioseo-schema\">\n\t\t\t{\"@context\":\"https:\\\/\\\/schema.org\",\"@graph\":[{\"@type\":\"BreadcrumbList\",\"@id\":\"https:\\\/\\\/www.rucashk.com\\\/pt\\\/produto\\\/realme-6-pro\\\/#breadcrumblist\",\"itemListElement\":[{\"@type\":\"ListItem\",\"@id\":\"https:\\\/\\\/www.rucashk.com\\\/pt\\\/#listItem\",\"position\":1,\"name\":\"Home\",\"item\":\"https:\\\/\\\/www.rucashk.com\\\/pt\\\/\",\"nextItem\":\"https:\\\/\\\/www.rucashk.com\\\/pt\\\/produto\\\/realme-6-pro\\\/#listItem\"},{\"@type\":\"ListItem\",\"@id\":\"https:\\\/\\\/www.rucashk.com\\\/pt\\\/produto\\\/realme-6-pro\\\/#listItem\",\"position\":2,\"name\":\"Realme\\u00a06 Pro\",\"previousItem\":\"https:\\\/\\\/www.rucashk.com\\\/pt\\\/#listItem\"}]},{\"@type\":\"Organization\",\"@id\":\"https:\\\/\\\/www.rucashk.com\\\/pt\\\/#organization\",\"name\":\"Rucas\",\"url\":\"https:\\\/\\\/www.rucashk.com\\\/pt\\\/\",\"logo\":{\"@type\":\"ImageObject\",\"url\":\"https:\\\/\\\/www.rucashk.com\\\/wp-content\\\/uploads\\\/2023\\\/12\\\/Rucas_campany_logo.png\",\"@id\":\"https:\\\/\\\/www.rucashk.com\\\/pt\\\/produto\\\/realme-6-pro\\\/#organizationLogo\",\"width\":221,\"height\":65},\"image\":{\"@id\":\"https:\\\/\\\/www.rucashk.com\\\/pt\\\/#organizationLogo\"}},{\"@type\":\"Person\",\"@id\":\"https:\\\/\\\/www.rucashk.com\\\/pt\\\/author\\\/admin\\\/#author\",\"url\":\"https:\\\/\\\/www.rucashk.com\\\/pt\\\/author\\\/admin\\\/\",\"name\":\"admin\",\"image\":{\"@type\":\"ImageObject\",\"@id\":\"https:\\\/\\\/www.rucashk.com\\\/pt\\\/produto\\\/realme-6-pro\\\/#authorImage\",\"url\":\"https:\\\/\\\/secure.gravatar.com\\\/avatar\\\/b7c8925b09a27e72b30232f8ecaadbd5af0f70a38c78096863fe51b64f031c24?s=96&d=mm&r=g\",\"width\":96,\"height\":96,\"caption\":\"admin\"}},{\"@type\":\"WebPage\",\"@id\":\"https:\\\/\\\/www.rucashk.com\\\/pt\\\/produto\\\/realme-6-pro\\\/#webpage\",\"url\":\"https:\\\/\\\/www.rucashk.com\\\/pt\\\/produto\\\/realme-6-pro\\\/\",\"name\":\"Realme 6 Pro - Rucas - Wholesale and Distribution\",\"description\":\"Main Features: 90 Hz Ultra Smooth Display Dual In-display Selfie 64 MP AI Quad Camera with 20x Zoom Super Nightscape 3.0 Ultra Video Stabilization World's First Snapdragon 720G 4300 mAh Battery Side-fingerprint Sensor 0.38s Flash Unlock realme UI Dolby Audio\",\"inLanguage\":\"pt-PT\",\"isPartOf\":{\"@id\":\"https:\\\/\\\/www.rucashk.com\\\/pt\\\/#website\"},\"breadcrumb\":{\"@id\":\"https:\\\/\\\/www.rucashk.com\\\/pt\\\/produto\\\/realme-6-pro\\\/#breadcrumblist\"},\"author\":{\"@id\":\"https:\\\/\\\/www.rucashk.com\\\/pt\\\/author\\\/admin\\\/#author\"},\"creator\":{\"@id\":\"https:\\\/\\\/www.rucashk.com\\\/pt\\\/author\\\/admin\\\/#author\"},\"image\":{\"@type\":\"ImageObject\",\"url\":\"https:\\\/\\\/www.rucashk.com\\\/wp-content\\\/uploads\\\/2024\\\/01\\\/realme_6_pro.jpg\",\"@id\":\"https:\\\/\\\/www.rucashk.com\\\/pt\\\/produto\\\/realme-6-pro\\\/#mainImage\",\"width\":800,\"height\":800},\"primaryImageOfPage\":{\"@id\":\"https:\\\/\\\/www.rucashk.com\\\/pt\\\/produto\\\/realme-6-pro\\\/#mainImage\"},\"datePublished\":\"2024-01-09T15:55:28+00:00\",\"dateModified\":\"2024-03-11T06:45:36+00:00\"},{\"@type\":\"WebSite\",\"@id\":\"https:\\\/\\\/www.rucashk.com\\\/pt\\\/#website\",\"url\":\"https:\\\/\\\/www.rucashk.com\\\/pt\\\/\",\"name\":\"Rucas - Wholesale and distribution worldwide\",\"alternateName\":\"Rucas - One-stop AIoT Distribution Worldwide\",\"description\":\"One-stop AIoT Distribution Worldwide\",\"inLanguage\":\"pt-PT\",\"publisher\":{\"@id\":\"https:\\\/\\\/www.rucashk.com\\\/pt\\\/#organization\"}}]}\n\t\t<\/script>\n\t\t<!-- All in One SEO Pro -->\r\n\t\t<title>Realme 6 Pro - Rucas - Wholesale and Distribution<\/title>\n\n","aioseo_head_json":{"title":"Realme 6 Pro - Rucas - Wholesale and Distribution","description":"Main Features: 90 Hz Ultra Smooth Display Dual In-display Selfie 64 MP AI Quad Camera with 20x Zoom Super Nightscape 3.0 Ultra Video Stabilization World's First Snapdragon 720G 4300 mAh Battery Side-fingerprint Sensor 0.38s Flash Unlock realme UI Dolby Audio","canonical_url":"https:\/\/www.rucashk.com\/pt\/produto\/realme-6-pro\/","robots":"max-image-preview:large","keywords":"","webmasterTools":{"miscellaneous":""},"og:locale":"pt_PT","og:site_name":"Rucas - One-stop AIoT Distribution Worldwide","og:type":"article","og:title":"Realme 6 Pro - Rucas - Wholesale and Distribution","og:description":"Main Features: 90 Hz Ultra Smooth Display Dual In-display Selfie 64 MP AI Quad Camera with 20x Zoom Super Nightscape 3.0 Ultra Video Stabilization World's First Snapdragon 720G 4300 mAh Battery Side-fingerprint Sensor 0.38s Flash Unlock realme UI Dolby Audio","og:url":"https:\/\/www.rucashk.com\/pt\/produto\/realme-6-pro\/","og:image":"https:\/\/www.rucashk.com\/wp-content\/uploads\/replace\/503b8e645f128a97ccde2b6290747646.jpeg","og:image:secure_url":"https:\/\/www.rucashk.com\/wp-content\/uploads\/replace\/503b8e645f128a97ccde2b6290747646.jpeg","og:image:width":1456,"og:image:height":816,"article:published_time":"2024-01-09T15:55:28+00:00","article:modified_time":"2024-03-11T06:45:36+00:00","twitter:card":"summary_large_image","twitter:title":"Realme 6 Pro - Rucas - Wholesale and Distribution","twitter:description":"Main Features: 90 Hz Ultra Smooth Display Dual In-display Selfie 64 MP AI Quad Camera with 20x Zoom Super Nightscape 3.0 Ultra Video Stabilization World's First Snapdragon 720G 4300 mAh Battery Side-fingerprint Sensor 0.38s Flash Unlock realme UI Dolby Audio","twitter:image":"https:\/\/www.rucashk.com\/wp-content\/uploads\/replace\/503b8e645f128a97ccde2b6290747646.jpeg","schema":{"@context":"https:\/\/schema.org","@graph":[{"@type":"BreadcrumbList","@id":"https:\/\/www.rucashk.com\/pt\/produto\/realme-6-pro\/#breadcrumblist","itemListElement":[{"@type":"ListItem","@id":"https:\/\/www.rucashk.com\/pt\/#listItem","position":1,"name":"Home","item":"https:\/\/www.rucashk.com\/pt\/","nextItem":"https:\/\/www.rucashk.com\/pt\/produto\/realme-6-pro\/#listItem"},{"@type":"ListItem","@id":"https:\/\/www.rucashk.com\/pt\/produto\/realme-6-pro\/#listItem","position":2,"name":"Realme\u00a06 Pro","previousItem":"https:\/\/www.rucashk.com\/pt\/#listItem"}]},{"@type":"Organization","@id":"https:\/\/www.rucashk.com\/pt\/#organization","name":"Rucas","url":"https:\/\/www.rucashk.com\/pt\/","logo":{"@type":"ImageObject","url":"https:\/\/www.rucashk.com\/wp-content\/uploads\/2023\/12\/Rucas_campany_logo.png","@id":"https:\/\/www.rucashk.com\/pt\/produto\/realme-6-pro\/#organizationLogo","width":221,"height":65},"image":{"@id":"https:\/\/www.rucashk.com\/pt\/#organizationLogo"}},{"@type":"Person","@id":"https:\/\/www.rucashk.com\/pt\/author\/admin\/#author","url":"https:\/\/www.rucashk.com\/pt\/author\/admin\/","name":"admin","image":{"@type":"ImageObject","@id":"https:\/\/www.rucashk.com\/pt\/produto\/realme-6-pro\/#authorImage","url":"https:\/\/secure.gravatar.com\/avatar\/b7c8925b09a27e72b30232f8ecaadbd5af0f70a38c78096863fe51b64f031c24?s=96&d=mm&r=g","width":96,"height":96,"caption":"admin"}},{"@type":"WebPage","@id":"https:\/\/www.rucashk.com\/pt\/produto\/realme-6-pro\/#webpage","url":"https:\/\/www.rucashk.com\/pt\/produto\/realme-6-pro\/","name":"Realme 6 Pro - Rucas - Wholesale and Distribution","description":"Main Features: 90 Hz Ultra Smooth Display Dual In-display Selfie 64 MP AI Quad Camera with 20x Zoom Super Nightscape 3.0 Ultra Video Stabilization World's First Snapdragon 720G 4300 mAh Battery Side-fingerprint Sensor 0.38s Flash Unlock realme UI Dolby Audio","inLanguage":"pt-PT","isPartOf":{"@id":"https:\/\/www.rucashk.com\/pt\/#website"},"breadcrumb":{"@id":"https:\/\/www.rucashk.com\/pt\/produto\/realme-6-pro\/#breadcrumblist"},"author":{"@id":"https:\/\/www.rucashk.com\/pt\/author\/admin\/#author"},"creator":{"@id":"https:\/\/www.rucashk.com\/pt\/author\/admin\/#author"},"image":{"@type":"ImageObject","url":"https:\/\/www.rucashk.com\/wp-content\/uploads\/2024\/01\/realme_6_pro.jpg","@id":"https:\/\/www.rucashk.com\/pt\/produto\/realme-6-pro\/#mainImage","width":800,"height":800},"primaryImageOfPage":{"@id":"https:\/\/www.rucashk.com\/pt\/produto\/realme-6-pro\/#mainImage"},"datePublished":"2024-01-09T15:55:28+00:00","dateModified":"2024-03-11T06:45:36+00:00"},{"@type":"WebSite","@id":"https:\/\/www.rucashk.com\/pt\/#website","url":"https:\/\/www.rucashk.com\/pt\/","name":"Rucas - Wholesale and distribution worldwide","alternateName":"Rucas - One-stop AIoT Distribution Worldwide","description":"One-stop AIoT Distribution Worldwide","inLanguage":"pt-PT","publisher":{"@id":"https:\/\/www.rucashk.com\/pt\/#organization"}}]}},"aioseo_meta_data":{"post_id":"23541","title":null,"description":null,"keywords":null,"keyphrases":null,"primary_term":null,"canonical_url":null,"og_title":null,"og_description":null,"og_object_type":"default","og_image_type":"default","og_image_url":null,"og_image_width":null,"og_image_height":null,"og_image_custom_url":null,"og_image_custom_fields":null,"og_video":null,"og_custom_url":null,"og_article_section":null,"og_article_tags":null,"twitter_use_og":false,"twitter_card":"default","twitter_image_type":"default","twitter_image_url":null,"twitter_image_custom_url":null,"twitter_image_custom_fields":null,"twitter_title":null,"twitter_description":null,"schema":{"blockGraphs":[],"customGraphs":[],"default":{"data":{"Article":[],"Course":[],"Dataset":[],"FAQPage":[],"Movie":[],"Person":[],"Product":[],"Recipe":[],"Service":[],"SoftwareApplication":[],"WebPage":[]},"graphName":"","isEnabled":true},"graphs":[]},"schema_type":"default","schema_type_options":null,"pillar_content":false,"robots_default":true,"robots_noindex":false,"robots_noarchive":false,"robots_nosnippet":false,"robots_nofollow":false,"robots_noimageindex":false,"robots_noodp":false,"robots_notranslate":false,"robots_max_snippet":null,"robots_max_videopreview":null,"robots_max_imagepreview":"large","priority":null,"frequency":null,"local_seo":null,"breadcrumb_settings":null,"limit_modified_date":false,"created":"2024-04-11 01:57:05","updated":"2025-06-22 17:10:00"},"aioseo_breadcrumb":"<div class=\"aioseo-breadcrumbs\"><span class=\"aioseo-breadcrumb\">\n\t<a href=\"https:\/\/www.rucashk.com\/pt\" title=\"Home\">Home<\/a>\n<\/span><span class=\"aioseo-breadcrumb-separator\">&raquo;<\/span><span class=\"aioseo-breadcrumb\">\n\t<a href=\"https:\/\/www.rucashk.com\/pt\/products\/\" title=\"Produtos\">Produtos<\/a>\n<\/span><span class=\"aioseo-breadcrumb-separator\">&raquo;<\/span><span class=\"aioseo-breadcrumb\">\n\t<a href=\"https:\/\/www.rucashk.com\/pt\/categoria-produto\/mobile-phone\/\" title=\"Mobile Phone\">Mobile Phone<\/a>\n<\/span><span class=\"aioseo-breadcrumb-separator\">&raquo;<\/span><span class=\"aioseo-breadcrumb\">\n\t<a href=\"https:\/\/www.rucashk.com\/pt\/categoria-produto\/mobile-phone\/realme-mobile-phone\/\" title=\"Realme\">Realme<\/a>\n<\/span><span class=\"aioseo-breadcrumb-separator\">&raquo;<\/span><span class=\"aioseo-breadcrumb\">\n\tRealme\u00a06 Pro\n<\/span><\/div>","aioseo_breadcrumb_json":[{"label":"Home","link":"https:\/\/www.rucashk.com\/pt"},{"label":"Produtos","link":"https:\/\/www.rucashk.com\/pt\/products\/"},{"label":"Mobile Phone","link":"https:\/\/www.rucashk.com\/pt\/categoria-produto\/mobile-phone\/"},{"label":"Realme","link":"https:\/\/www.rucashk.com\/pt\/categoria-produto\/mobile-phone\/realme-mobile-phone\/"},{"label":"Realme\u00a06 Pro","link":"https:\/\/www.rucashk.com\/pt\/produto\/realme-6-pro\/"}],"_links":{"self":[{"href":"https:\/\/www.rucashk.com\/pt\/wp-json\/wp\/v2\/product\/23541","targetHints":{"allow":["GET"]}}],"collection":[{"href":"https:\/\/www.rucashk.com\/pt\/wp-json\/wp\/v2\/product"}],"about":[{"href":"https:\/\/www.rucashk.com\/pt\/wp-json\/wp\/v2\/types\/product"}],"wp:featuredmedia":[{"embeddable":true,"href":"https:\/\/www.rucashk.com\/pt\/wp-json\/wp\/v2\/media\/23659"}],"wp:attachment":[{"href":"https:\/\/www.rucashk.com\/pt\/wp-json\/wp\/v2\/media?parent=23541"}],"wp:term":[{"taxonomy":"product_brand","embeddable":true,"href":"https:\/\/www.rucashk.com\/pt\/wp-json\/wp\/v2\/product_brand?post=23541"},{"taxonomy":"product_cat","embeddable":true,"href":"https:\/\/www.rucashk.com\/pt\/wp-json\/wp\/v2\/product_cat?post=23541"},{"taxonomy":"product_tag","embeddable":true,"href":"https:\/\/www.rucashk.com\/pt\/wp-json\/wp\/v2\/product_tag?post=23541"}],"curies":[{"name":"wp","href":"https:\/\/api.w.org\/{rel}","templated":true}]}}