{"id":23505,"date":"2024-01-09T15:55:04","date_gmt":"2024-01-09T15:55:04","guid":{"rendered":"http:\/\/rucashk.com\/?post_type=product&#038;p=23505"},"modified":"2024-01-21T09:03:42","modified_gmt":"2024-01-21T09:03:42","slug":"xiaomi-imi-smart-home-camera1080p-360-wholesale","status":"publish","type":"product","link":"https:\/\/www.rucashk.com\/pt\/produto\/xiaomi-imi-smart-home-camera1080p-360-wholesale\/","title":{"rendered":"Xiaomi Imi Smart Home Camera1080p 360\u00b0 Atacado"},"content":{"rendered":"<h2 style=\"text-align: center\">C\u00e2mera dom\u00e9stica inteligente Xiaomi Imi 1080p 360\u00b0<\/h2>\n<p><img fetchpriority=\"high\" decoding=\"async\" class=\"aligncenter\" src=\"https:\/\/www.rucashk.com\/wp-content\/uploads\/2020\/07\/xiaomi-mijia-mini-ip-camera-wifi-2mp-1080p.jpg\" alt=\"Xiaomi Imi\u00a0Smart Home Camera1080p 360\u00b0 Wholesale\" width=\"800\" height=\"800\" \/><img decoding=\"async\" class=\"aligncenter\" src=\"https:\/\/www.rucashk.com\/wp-content\/uploads\/2020\/07\/xiaomi-mijia-mini-ip-camera-wifi-2mp-1080p-1.jpg\" alt=\"Xiaomi Imi\u00a0Smart Home Camera1080p 360\u00b0 Wholesale\" width=\"800\" height=\"800\" \/><img decoding=\"async\" class=\"aligncenter\" src=\"https:\/\/www.rucashk.com\/wp-content\/uploads\/2020\/07\/xiaomi-mijia-mini-ip-camera-wifi-2mp-1080p-2.jpg\" alt=\"Xiaomi Imi\u00a0Smart Home Camera1080p 360\u00b0 Wholesale\" width=\"800\" height=\"800\" \/><img loading=\"lazy\" decoding=\"async\" class=\"aligncenter\" src=\"https:\/\/www.rucashk.com\/wp-content\/uploads\/2020\/07\/xiaomi-mijia-mini-ip-camera-wifi-2mp-1080p-3.jpg\" alt=\"Xiaomi Imi\u00a0Smart Home Camera1080p 360\u00b0 Wholesale\" width=\"790\" height=\"790\" \/><img loading=\"lazy\" decoding=\"async\" class=\"aligncenter\" src=\"https:\/\/www.rucashk.com\/wp-content\/uploads\/2020\/07\/xiaomi-mijia-mini-ip-camera-wifi-2mp-1080p-4.jpg\" alt=\"Xiaomi Imi\u00a0Smart Home Camera1080p 360\u00b0 Wholesale\" width=\"790\" height=\"790\" \/><img loading=\"lazy\" decoding=\"async\" class=\"aligncenter\" src=\"https:\/\/www.rucashk.com\/wp-content\/uploads\/2020\/07\/xiaomi-mijia-mini-ip-camera-wifi-2mp-1080p-5.jpg\" alt=\"Xiaomi Imi\u00a0Smart Home Camera1080p 360\u00b0 Wholesale\" width=\"790\" height=\"790\" \/><img loading=\"lazy\" decoding=\"async\" class=\"aligncenter\" src=\"https:\/\/www.rucashk.com\/wp-content\/uploads\/2020\/07\/xiaomi-mijia-mini-ip-camera-wifi-2mp-1080p-6.jpg\" alt=\"Xiaomi Imi\u00a0Smart Home Camera1080p 360\u00b0 Wholesale\" width=\"800\" height=\"800\" \/><img loading=\"lazy\" decoding=\"async\" class=\"aligncenter\" src=\"https:\/\/www.rucashk.com\/wp-content\/uploads\/2020\/07\/xiaomi-mijia-mini-ip-camera-wifi-2mp-1080p-7.jpg\" alt=\"Xiaomi Imi\u00a0Smart Home Camera1080p 360\u00b0 Wholesale\" width=\"800\" height=\"800\" \/><img loading=\"lazy\" decoding=\"async\" class=\"aligncenter\" src=\"https:\/\/www.rucashk.com\/wp-content\/uploads\/2020\/07\/rBVaVl7rSYCAcjyVAABpooMGMNw557.jpg\" alt=\"Xiaomi Imi\u00a0Smart Home Camera1080p 360\u00b0 Wholesale\" width=\"800\" height=\"379\" \/><img loading=\"lazy\" decoding=\"async\" class=\"aligncenter\" src=\"https:\/\/www.rucashk.com\/wp-content\/uploads\/2020\/07\/rBVaWV7rSYCABgECAABcwwltvLQ606.jpg\" alt=\"Xiaomi Imi\u00a0Smart Home Camera1080p 360\u00b0 Wholesale\" width=\"800\" height=\"512\" \/><img loading=\"lazy\" decoding=\"async\" class=\"aligncenter\" src=\"https:\/\/www.rucashk.com\/wp-content\/uploads\/2020\/07\/rBVaWV7rSYGAYjgOAACMATHtUvU493.jpg\" alt=\"Xiaomi Imi\u00a0Smart Home Camera1080p 360\u00b0 Wholesale\" width=\"800\" height=\"464\" \/><img loading=\"lazy\" decoding=\"async\" class=\"aligncenter\" src=\"https:\/\/www.rucashk.com\/wp-content\/uploads\/2020\/07\/rBVaV17rSYGAP7hhAAC8MNdrrUY483.jpg\" alt=\"Xiaomi Imi\u00a0Smart Home Camera1080p 360\u00b0 Wholesale\" width=\"800\" height=\"589\" \/><img loading=\"lazy\" decoding=\"async\" class=\"aligncenter\" src=\"https:\/\/www.rucashk.com\/wp-content\/uploads\/2020\/07\/rBVaWV7rSYGAK1-IAAEjIZgD3Dc583.jpg\" alt=\"Xiaomi Imi\u00a0Smart Home Camera1080p 360\u00b0 Wholesale\" width=\"800\" height=\"510\" \/><img loading=\"lazy\" decoding=\"async\" class=\"aligncenter\" src=\"https:\/\/www.rucashk.com\/wp-content\/uploads\/2020\/07\/rBVaWV7rSYGAUnGlAACkzVS9IdI077.jpg\" alt=\"Xiaomi Imi\u00a0Smart Home Camera1080p 360\u00b0 Wholesale\" width=\"800\" height=\"525\" \/><img loading=\"lazy\" decoding=\"async\" class=\"aligncenter\" src=\"https:\/\/www.rucashk.com\/wp-content\/uploads\/2020\/07\/rBVaVF7rSYGANJ7JAACdEXMcIp0728.jpg\" alt=\"Xiaomi Imi\u00a0Smart Home Camera1080p 360\u00b0 Wholesale\" width=\"800\" height=\"460\" \/><img loading=\"lazy\" decoding=\"async\" class=\"aligncenter\" src=\"https:\/\/www.rucashk.com\/wp-content\/uploads\/2020\/07\/rBVaV17rSYKAPjiIAABPJgwtKfk138.jpg\" alt=\"Xiaomi Imi\u00a0Smart Home Camera1080p 360\u00b0 Wholesale\" width=\"800\" height=\"320\" \/><\/p>\n<p><strong>Especifica\u00e7\u00e3o:<\/strong><\/p>\n<p>Marca: Xiaomi<\/p>\n<p>Modelo do produto: MJSXJ02CM<\/p>\n<p>Estilo: Mini C\u00e2mera<\/p>\n<p>Recurso: WiFi, vis\u00e3o noturna infravermelha, panor\u00e2mica\/inclina\u00e7\u00e3o\/zoom, detec\u00e7\u00e3o de movimento<\/p>\n<p>Dist\u00e2ncia de detec\u00e7\u00e3o de movimento: 9m<\/p>\n<p>Sistemas operacionais compat\u00edveis: Android, IOS<\/p>\n<p>APLICATIVO: Mi Home<\/p>\n<p>Conex\u00e3o: WiFi sem fio 802.11 b\/g\/n<\/p>\n<p>Interface:MicroUSB<\/p>\n<p>Resolu\u00e7\u00e3o: 1080P HD<\/p>\n<p>\u00c2ngulo horizontal de panor\u00e2mica\/inclina\u00e7\u00e3o (graus): 360 graus<\/p>\n<p>\u00c2ngulo vertical de panor\u00e2mica\/inclina\u00e7\u00e3o (graus): 115 graus<\/p>\n<p>Armazenamento local: cart\u00e3o Micro SD de at\u00e9 64G<\/p>\n<p>Faixa m\u00e1xima de monitoramento: 100,4 graus<\/p>\n<p>Formato de compress\u00e3o de v\u00eddeo: MPEG4<\/p>\n<p>Sensor: CMOS<\/p>\n<p>LED infravermelho: 10pcs LEDs 940nm<\/p>\n<p>Dist\u00e2ncia infravermelha: 9m<\/p>","protected":false},"excerpt":{"rendered":"<p><strong>Principais caracter\u00edsticas:<\/strong><\/p>\n<p>&#8211; Pan \/ Tilt control with dual motors, 360 degrees panorama viewing angle.<br \/>\n&#8211; Night vision function.<br \/>\n&#8211; 1080P resolution, shoot high-quality and smooth video.<br \/>\n&#8211; Two-way audio, with internal microphone and speaker.<br \/>\n&#8211; Mi Home APP, download from Google Play or Apple Store.<br \/>\n&#8211; Separate antenna, strong wireless signal.<br \/>\n&#8211; Support Android 4.0 and above, iOS 7.0 and above.<\/p>","protected":false},"featured_media":23644,"template":"","meta":[],"product_brand":[],"product_cat":[1317,1305],"product_tag":[908],"class_list":{"0":"post-23505","1":"product","2":"type-product","3":"status-publish","4":"has-post-thumbnail","6":"product_cat-imilab-camera","7":"product_cat-xiaomi-eco","8":"product_tag-xiaomi-imi-smart-home-1080p-360","10":"first","11":"instock","12":"shipping-taxable","13":"product-type-external"},"aioseo_notices":[],"aioseo_head":"\n\t\t<!-- All in One SEO Pro 4.5.9.2 - aioseo.com -->\n\t\t<meta name=\"description\" content=\"Main Features: - Pan \/ Tilt control with dual motors, 360 degrees panorama viewing angle. - Night vision function. - 1080P resolution, shoot high-quality and smooth video. - Two-way audio, with internal microphone and speaker. - Mi Home APP, download from Google Play or Apple Store. - Separate antenna, strong wireless signal. - Support Android 4.0 and above, iOS 7.0 and above.\" \/>\n\t\t<meta name=\"robots\" content=\"max-image-preview:large\" \/>\n\t\t<link rel=\"canonical\" href=\"https:\/\/www.rucashk.com\/pt\/produto\/xiaomi-imi-smart-home-camera1080p-360-wholesale\/\" \/>\n\t\t<meta name=\"generator\" content=\"All in One SEO Pro (AIOSEO) 4.5.9.2\" \/>\n\t\t<meta property=\"og:locale\" content=\"pt_PT\" \/>\n\t\t<meta property=\"og:site_name\" content=\"Rucas - One-stop AIoT Distribution Worldwide\" \/>\n\t\t<meta property=\"og:type\" content=\"article\" \/>\n\t\t<meta property=\"og:title\" content=\"Xiaomi Imi Smart Home Camera1080p 360\u00b0 Wholesale - Rucas - Wholesale and Distribution\" \/>\n\t\t<meta property=\"og:description\" content=\"Main Features: - Pan \/ Tilt control with dual motors, 360 degrees panorama viewing angle. - Night vision function. - 1080P resolution, shoot high-quality and smooth video. - Two-way audio, with internal microphone and speaker. - Mi Home APP, download from Google Play or Apple Store. - Separate antenna, strong wireless signal. - Support Android 4.0 and above, iOS 7.0 and above.\" \/>\n\t\t<meta property=\"og:url\" content=\"https:\/\/www.rucashk.com\/pt\/produto\/xiaomi-imi-smart-home-camera1080p-360-wholesale\/\" \/>\n\t\t<meta property=\"og:image\" content=\"https:\/\/www.rucashk.com\/wp-content\/uploads\/replace\/503b8e645f128a97ccde2b6290747646.jpeg\" \/>\n\t\t<meta property=\"og:image:secure_url\" content=\"https:\/\/www.rucashk.com\/wp-content\/uploads\/replace\/503b8e645f128a97ccde2b6290747646.jpeg\" \/>\n\t\t<meta property=\"og:image:width\" content=\"1456\" \/>\n\t\t<meta property=\"og:image:height\" content=\"816\" \/>\n\t\t<meta property=\"article:published_time\" content=\"2024-01-09T15:55:04+00:00\" \/>\n\t\t<meta property=\"article:modified_time\" content=\"2024-01-21T09:03:42+00:00\" \/>\n\t\t<meta name=\"twitter:card\" content=\"summary_large_image\" \/>\n\t\t<meta name=\"twitter:title\" content=\"Xiaomi Imi Smart Home Camera1080p 360\u00b0 Wholesale - Rucas - Wholesale and Distribution\" \/>\n\t\t<meta name=\"twitter:description\" content=\"Main Features: - Pan \/ Tilt control with dual motors, 360 degrees panorama viewing angle. - Night vision function. - 1080P resolution, shoot high-quality and smooth video. - Two-way audio, with internal microphone and speaker. - Mi Home APP, download from Google Play or Apple Store. - Separate antenna, strong wireless signal. - Support Android 4.0 and above, iOS 7.0 and above.\" \/>\n\t\t<meta name=\"twitter:image\" content=\"https:\/\/www.rucashk.com\/wp-content\/uploads\/replace\/503b8e645f128a97ccde2b6290747646.jpeg\" \/>\n\t\t<script type=\"application\/ld+json\" class=\"aioseo-schema\">\n\t\t\t{\"@context\":\"https:\\\/\\\/schema.org\",\"@graph\":[{\"@type\":\"BreadcrumbList\",\"@id\":\"https:\\\/\\\/www.rucashk.com\\\/pt\\\/produto\\\/xiaomi-imi-smart-home-camera1080p-360-wholesale\\\/#breadcrumblist\",\"itemListElement\":[{\"@type\":\"ListItem\",\"@id\":\"https:\\\/\\\/www.rucashk.com\\\/pt\\\/#listItem\",\"position\":1,\"name\":\"Home\",\"item\":\"https:\\\/\\\/www.rucashk.com\\\/pt\\\/\",\"nextItem\":\"https:\\\/\\\/www.rucashk.com\\\/pt\\\/produto\\\/xiaomi-imi-smart-home-camera1080p-360-wholesale\\\/#listItem\"},{\"@type\":\"ListItem\",\"@id\":\"https:\\\/\\\/www.rucashk.com\\\/pt\\\/produto\\\/xiaomi-imi-smart-home-camera1080p-360-wholesale\\\/#listItem\",\"position\":2,\"name\":\"Xiaomi Imi\\u00a0Smart Home Camera1080p 360\\u00b0 Wholesale\",\"previousItem\":\"https:\\\/\\\/www.rucashk.com\\\/pt\\\/#listItem\"}]},{\"@type\":\"Organization\",\"@id\":\"https:\\\/\\\/www.rucashk.com\\\/pt\\\/#organization\",\"name\":\"Rucas\",\"url\":\"https:\\\/\\\/www.rucashk.com\\\/pt\\\/\",\"logo\":{\"@type\":\"ImageObject\",\"url\":\"https:\\\/\\\/www.rucashk.com\\\/wp-content\\\/uploads\\\/2023\\\/12\\\/Rucas_campany_logo.png\",\"@id\":\"https:\\\/\\\/www.rucashk.com\\\/pt\\\/produto\\\/xiaomi-imi-smart-home-camera1080p-360-wholesale\\\/#organizationLogo\",\"width\":221,\"height\":65},\"image\":{\"@id\":\"https:\\\/\\\/www.rucashk.com\\\/pt\\\/#organizationLogo\"}},{\"@type\":\"Person\",\"@id\":\"https:\\\/\\\/www.rucashk.com\\\/pt\\\/author\\\/admin\\\/#author\",\"url\":\"https:\\\/\\\/www.rucashk.com\\\/pt\\\/author\\\/admin\\\/\",\"name\":\"admin\",\"image\":{\"@type\":\"ImageObject\",\"@id\":\"https:\\\/\\\/www.rucashk.com\\\/pt\\\/produto\\\/xiaomi-imi-smart-home-camera1080p-360-wholesale\\\/#authorImage\",\"url\":\"https:\\\/\\\/secure.gravatar.com\\\/avatar\\\/b7c8925b09a27e72b30232f8ecaadbd5af0f70a38c78096863fe51b64f031c24?s=96&d=mm&r=g\",\"width\":96,\"height\":96,\"caption\":\"admin\"}},{\"@type\":\"WebPage\",\"@id\":\"https:\\\/\\\/www.rucashk.com\\\/pt\\\/produto\\\/xiaomi-imi-smart-home-camera1080p-360-wholesale\\\/#webpage\",\"url\":\"https:\\\/\\\/www.rucashk.com\\\/pt\\\/produto\\\/xiaomi-imi-smart-home-camera1080p-360-wholesale\\\/\",\"name\":\"Xiaomi Imi Smart Home Camera1080p 360\\u00b0 Wholesale - Rucas - Wholesale and Distribution\",\"description\":\"Main Features: - Pan \\\/ Tilt control with dual motors, 360 degrees panorama viewing angle. - Night vision function. - 1080P resolution, shoot high-quality and smooth video. - Two-way audio, with internal microphone and speaker. - Mi Home APP, download from Google Play or Apple Store. - Separate antenna, strong wireless signal. - Support Android 4.0 and above, iOS 7.0 and above.\",\"inLanguage\":\"pt-PT\",\"isPartOf\":{\"@id\":\"https:\\\/\\\/www.rucashk.com\\\/pt\\\/#website\"},\"breadcrumb\":{\"@id\":\"https:\\\/\\\/www.rucashk.com\\\/pt\\\/produto\\\/xiaomi-imi-smart-home-camera1080p-360-wholesale\\\/#breadcrumblist\"},\"author\":{\"@id\":\"https:\\\/\\\/www.rucashk.com\\\/pt\\\/author\\\/admin\\\/#author\"},\"creator\":{\"@id\":\"https:\\\/\\\/www.rucashk.com\\\/pt\\\/author\\\/admin\\\/#author\"},\"image\":{\"@type\":\"ImageObject\",\"url\":\"https:\\\/\\\/www.rucashk.com\\\/wp-content\\\/uploads\\\/2024\\\/01\\\/36.jpg\",\"@id\":\"https:\\\/\\\/www.rucashk.com\\\/pt\\\/produto\\\/xiaomi-imi-smart-home-camera1080p-360-wholesale\\\/#mainImage\",\"width\":800,\"height\":800},\"primaryImageOfPage\":{\"@id\":\"https:\\\/\\\/www.rucashk.com\\\/pt\\\/produto\\\/xiaomi-imi-smart-home-camera1080p-360-wholesale\\\/#mainImage\"},\"datePublished\":\"2024-01-09T15:55:04+00:00\",\"dateModified\":\"2024-01-21T09:03:42+00:00\"},{\"@type\":\"WebSite\",\"@id\":\"https:\\\/\\\/www.rucashk.com\\\/pt\\\/#website\",\"url\":\"https:\\\/\\\/www.rucashk.com\\\/pt\\\/\",\"name\":\"Rucas - Wholesale and distribution worldwide\",\"alternateName\":\"Rucas - One-stop AIoT Distribution Worldwide\",\"description\":\"One-stop AIoT Distribution Worldwide\",\"inLanguage\":\"pt-PT\",\"publisher\":{\"@id\":\"https:\\\/\\\/www.rucashk.com\\\/pt\\\/#organization\"}}]}\n\t\t<\/script>\n\t\t<!-- All in One SEO Pro -->\r\n\t\t<title>Xiaomi Imi Smart Home Camera1080p 360\u00b0 Wholesale - Rucas - Wholesale and Distribution<\/title>\n\n","aioseo_head_json":{"title":"Xiaomi Imi Smart Home Camera1080p 360\u00b0 Wholesale - Rucas - Wholesale and Distribution","description":"Main Features: - Pan \/ Tilt control with dual motors, 360 degrees panorama viewing angle. - Night vision function. - 1080P resolution, shoot high-quality and smooth video. - Two-way audio, with internal microphone and speaker. - Mi Home APP, download from Google Play or Apple Store. - Separate antenna, strong wireless signal. - Support Android 4.0 and above, iOS 7.0 and above.","canonical_url":"https:\/\/www.rucashk.com\/pt\/produto\/xiaomi-imi-smart-home-camera1080p-360-wholesale\/","robots":"max-image-preview:large","keywords":"","webmasterTools":{"miscellaneous":""},"og:locale":"pt_PT","og:site_name":"Rucas - One-stop AIoT Distribution Worldwide","og:type":"article","og:title":"Xiaomi Imi Smart Home Camera1080p 360\u00b0 Wholesale - Rucas - Wholesale and Distribution","og:description":"Main Features: - Pan \/ Tilt control with dual motors, 360 degrees panorama viewing angle. - Night vision function. - 1080P resolution, shoot high-quality and smooth video. - Two-way audio, with internal microphone and speaker. - Mi Home APP, download from Google Play or Apple Store. - Separate antenna, strong wireless signal. - Support Android 4.0 and above, iOS 7.0 and above.","og:url":"https:\/\/www.rucashk.com\/pt\/produto\/xiaomi-imi-smart-home-camera1080p-360-wholesale\/","og:image":"https:\/\/www.rucashk.com\/wp-content\/uploads\/replace\/503b8e645f128a97ccde2b6290747646.jpeg","og:image:secure_url":"https:\/\/www.rucashk.com\/wp-content\/uploads\/replace\/503b8e645f128a97ccde2b6290747646.jpeg","og:image:width":1456,"og:image:height":816,"article:published_time":"2024-01-09T15:55:04+00:00","article:modified_time":"2024-01-21T09:03:42+00:00","twitter:card":"summary_large_image","twitter:title":"Xiaomi Imi Smart Home Camera1080p 360\u00b0 Wholesale - Rucas - Wholesale and Distribution","twitter:description":"Main Features: - Pan \/ Tilt control with dual motors, 360 degrees panorama viewing angle. - Night vision function. - 1080P resolution, shoot high-quality and smooth video. - Two-way audio, with internal microphone and speaker. - Mi Home APP, download from Google Play or Apple Store. - Separate antenna, strong wireless signal. - Support Android 4.0 and above, iOS 7.0 and above.","twitter:image":"https:\/\/www.rucashk.com\/wp-content\/uploads\/replace\/503b8e645f128a97ccde2b6290747646.jpeg","schema":{"@context":"https:\/\/schema.org","@graph":[{"@type":"BreadcrumbList","@id":"https:\/\/www.rucashk.com\/pt\/produto\/xiaomi-imi-smart-home-camera1080p-360-wholesale\/#breadcrumblist","itemListElement":[{"@type":"ListItem","@id":"https:\/\/www.rucashk.com\/pt\/#listItem","position":1,"name":"Home","item":"https:\/\/www.rucashk.com\/pt\/","nextItem":"https:\/\/www.rucashk.com\/pt\/produto\/xiaomi-imi-smart-home-camera1080p-360-wholesale\/#listItem"},{"@type":"ListItem","@id":"https:\/\/www.rucashk.com\/pt\/produto\/xiaomi-imi-smart-home-camera1080p-360-wholesale\/#listItem","position":2,"name":"Xiaomi Imi\u00a0Smart Home Camera1080p 360\u00b0 Wholesale","previousItem":"https:\/\/www.rucashk.com\/pt\/#listItem"}]},{"@type":"Organization","@id":"https:\/\/www.rucashk.com\/pt\/#organization","name":"Rucas","url":"https:\/\/www.rucashk.com\/pt\/","logo":{"@type":"ImageObject","url":"https:\/\/www.rucashk.com\/wp-content\/uploads\/2023\/12\/Rucas_campany_logo.png","@id":"https:\/\/www.rucashk.com\/pt\/produto\/xiaomi-imi-smart-home-camera1080p-360-wholesale\/#organizationLogo","width":221,"height":65},"image":{"@id":"https:\/\/www.rucashk.com\/pt\/#organizationLogo"}},{"@type":"Person","@id":"https:\/\/www.rucashk.com\/pt\/author\/admin\/#author","url":"https:\/\/www.rucashk.com\/pt\/author\/admin\/","name":"admin","image":{"@type":"ImageObject","@id":"https:\/\/www.rucashk.com\/pt\/produto\/xiaomi-imi-smart-home-camera1080p-360-wholesale\/#authorImage","url":"https:\/\/secure.gravatar.com\/avatar\/b7c8925b09a27e72b30232f8ecaadbd5af0f70a38c78096863fe51b64f031c24?s=96&d=mm&r=g","width":96,"height":96,"caption":"admin"}},{"@type":"WebPage","@id":"https:\/\/www.rucashk.com\/pt\/produto\/xiaomi-imi-smart-home-camera1080p-360-wholesale\/#webpage","url":"https:\/\/www.rucashk.com\/pt\/produto\/xiaomi-imi-smart-home-camera1080p-360-wholesale\/","name":"Xiaomi Imi Smart Home Camera1080p 360\u00b0 Wholesale - Rucas - Wholesale and Distribution","description":"Main Features: - Pan \/ Tilt control with dual motors, 360 degrees panorama viewing angle. - Night vision function. - 1080P resolution, shoot high-quality and smooth video. - Two-way audio, with internal microphone and speaker. - Mi Home APP, download from Google Play or Apple Store. - Separate antenna, strong wireless signal. - Support Android 4.0 and above, iOS 7.0 and above.","inLanguage":"pt-PT","isPartOf":{"@id":"https:\/\/www.rucashk.com\/pt\/#website"},"breadcrumb":{"@id":"https:\/\/www.rucashk.com\/pt\/produto\/xiaomi-imi-smart-home-camera1080p-360-wholesale\/#breadcrumblist"},"author":{"@id":"https:\/\/www.rucashk.com\/pt\/author\/admin\/#author"},"creator":{"@id":"https:\/\/www.rucashk.com\/pt\/author\/admin\/#author"},"image":{"@type":"ImageObject","url":"https:\/\/www.rucashk.com\/wp-content\/uploads\/2024\/01\/36.jpg","@id":"https:\/\/www.rucashk.com\/pt\/produto\/xiaomi-imi-smart-home-camera1080p-360-wholesale\/#mainImage","width":800,"height":800},"primaryImageOfPage":{"@id":"https:\/\/www.rucashk.com\/pt\/produto\/xiaomi-imi-smart-home-camera1080p-360-wholesale\/#mainImage"},"datePublished":"2024-01-09T15:55:04+00:00","dateModified":"2024-01-21T09:03:42+00:00"},{"@type":"WebSite","@id":"https:\/\/www.rucashk.com\/pt\/#website","url":"https:\/\/www.rucashk.com\/pt\/","name":"Rucas - Wholesale and distribution worldwide","alternateName":"Rucas - One-stop AIoT Distribution Worldwide","description":"One-stop AIoT Distribution Worldwide","inLanguage":"pt-PT","publisher":{"@id":"https:\/\/www.rucashk.com\/pt\/#organization"}}]}},"aioseo_meta_data":{"post_id":"23505","title":null,"description":null,"keywords":null,"keyphrases":null,"primary_term":null,"canonical_url":null,"og_title":null,"og_description":null,"og_object_type":"default","og_image_type":"default","og_image_url":null,"og_image_width":null,"og_image_height":null,"og_image_custom_url":null,"og_image_custom_fields":null,"og_video":null,"og_custom_url":null,"og_article_section":null,"og_article_tags":null,"twitter_use_og":false,"twitter_card":"default","twitter_image_type":"default","twitter_image_url":null,"twitter_image_custom_url":null,"twitter_image_custom_fields":null,"twitter_title":null,"twitter_description":null,"schema":{"blockGraphs":[],"customGraphs":[],"default":{"data":{"Article":[],"Course":[],"Dataset":[],"FAQPage":[],"Movie":[],"Person":[],"Product":[],"Recipe":[],"Service":[],"SoftwareApplication":[],"WebPage":[]},"graphName":"","isEnabled":true},"graphs":[]},"schema_type":"default","schema_type_options":null,"pillar_content":false,"robots_default":true,"robots_noindex":false,"robots_noarchive":false,"robots_nosnippet":false,"robots_nofollow":false,"robots_noimageindex":false,"robots_noodp":false,"robots_notranslate":false,"robots_max_snippet":null,"robots_max_videopreview":null,"robots_max_imagepreview":"large","priority":null,"frequency":null,"local_seo":null,"breadcrumb_settings":null,"limit_modified_date":false,"created":"2024-04-11 01:57:05","updated":"2025-06-22 17:10:00"},"aioseo_breadcrumb":"<div class=\"aioseo-breadcrumbs\"><span class=\"aioseo-breadcrumb\">\n\t<a href=\"https:\/\/www.rucashk.com\/pt\" title=\"Home\">Home<\/a>\n<\/span><span class=\"aioseo-breadcrumb-separator\">&raquo;<\/span><span class=\"aioseo-breadcrumb\">\n\t<a href=\"https:\/\/www.rucashk.com\/pt\/products\/\" title=\"Produtos\">Produtos<\/a>\n<\/span><span class=\"aioseo-breadcrumb-separator\">&raquo;<\/span><span class=\"aioseo-breadcrumb\">\n\t<a href=\"https:\/\/www.rucashk.com\/pt\/categoria-produto\/xiaomi-eco\/\" title=\"Xiaomi Eco\">Xiaomi Eco<\/a>\n<\/span><span class=\"aioseo-breadcrumb-separator\">&raquo;<\/span><span class=\"aioseo-breadcrumb\">\n\t<a href=\"https:\/\/www.rucashk.com\/pt\/categoria-produto\/xiaomi-eco\/imilab-camera\/\" title=\"Imilab Camera\">Imilab Camera<\/a>\n<\/span><span class=\"aioseo-breadcrumb-separator\">&raquo;<\/span><span class=\"aioseo-breadcrumb\">\n\tXiaomi Imi\u00a0Smart Home Camera1080p 360\u00b0 Wholesale\n<\/span><\/div>","aioseo_breadcrumb_json":[{"label":"Home","link":"https:\/\/www.rucashk.com\/pt"},{"label":"Produtos","link":"https:\/\/www.rucashk.com\/pt\/products\/"},{"label":"Xiaomi Eco","link":"https:\/\/www.rucashk.com\/pt\/categoria-produto\/xiaomi-eco\/"},{"label":"Imilab Camera","link":"https:\/\/www.rucashk.com\/pt\/categoria-produto\/xiaomi-eco\/imilab-camera\/"},{"label":"Xiaomi Imi\u00a0Smart Home Camera1080p 360\u00b0 Wholesale","link":"https:\/\/www.rucashk.com\/pt\/produto\/xiaomi-imi-smart-home-camera1080p-360-wholesale\/"}],"_links":{"self":[{"href":"https:\/\/www.rucashk.com\/pt\/wp-json\/wp\/v2\/product\/23505","targetHints":{"allow":["GET"]}}],"collection":[{"href":"https:\/\/www.rucashk.com\/pt\/wp-json\/wp\/v2\/product"}],"about":[{"href":"https:\/\/www.rucashk.com\/pt\/wp-json\/wp\/v2\/types\/product"}],"wp:featuredmedia":[{"embeddable":true,"href":"https:\/\/www.rucashk.com\/pt\/wp-json\/wp\/v2\/media\/23644"}],"wp:attachment":[{"href":"https:\/\/www.rucashk.com\/pt\/wp-json\/wp\/v2\/media?parent=23505"}],"wp:term":[{"taxonomy":"product_brand","embeddable":true,"href":"https:\/\/www.rucashk.com\/pt\/wp-json\/wp\/v2\/product_brand?post=23505"},{"taxonomy":"product_cat","embeddable":true,"href":"https:\/\/www.rucashk.com\/pt\/wp-json\/wp\/v2\/product_cat?post=23505"},{"taxonomy":"product_tag","embeddable":true,"href":"https:\/\/www.rucashk.com\/pt\/wp-json\/wp\/v2\/product_tag?post=23505"}],"curies":[{"name":"wp","href":"https:\/\/api.w.org\/{rel}","templated":true}]}}