{"id":23502,"date":"2024-01-09T15:55:03","date_gmt":"2024-01-09T15:55:03","guid":{"rendered":"http:\/\/rucashk.com\/?post_type=product&#038;p=23502"},"modified":"2024-03-13T06:41:52","modified_gmt":"2024-03-13T06:41:52","slug":"berrcom-infrared-thermometer-jxb-178","status":"publish","type":"product","link":"https:\/\/www.rucashk.com\/pt\/produto\/berrcom-infrared-thermometer-jxb-178\/","title":{"rendered":"Term\u00f4metro infravermelho Berrcom JXB 178"},"content":{"rendered":"<p><img decoding=\"async\" alt=\"Berrcom Infrared Thermometer JXB 178\" src=\"\/wp-content\/uploads\/replace\/15d3ec9a849f9adf16083e2bf304cb00.jpeg\" \/><img decoding=\"async\" alt=\"Berrcom Infrared Thermometer JXB 178\" src=\"\/wp-content\/uploads\/replace\/c70aab59fde4f94e8b2a53f3eca258f6.jpeg\" \/><img decoding=\"async\" alt=\"Berrcom Infrared Thermometer JXB 178\" src=\"\/wp-content\/uploads\/replace\/6e49234bee5d6a14ed33035025cafbc1.jpeg\" \/><img decoding=\"async\" alt=\"Berrcom Infrared Thermometer JXB 178\" src=\"\/wp-content\/uploads\/replace\/3abe2024af94d556ec47ae5a8ca73cbe.jpeg\" \/><img decoding=\"async\" alt=\"Berrcom Infrared Thermometer JXB 178\" src=\"\/wp-content\/uploads\/replace\/49189f8a178ddea1629d3463cbf90d20.jpeg\" \/><img decoding=\"async\" alt=\"Berrcom Infrared Thermometer JXB 178\" src=\"\/wp-content\/uploads\/replace\/eb3e81617922cadf903974b6ee7c4a68.jpeg\" \/><img decoding=\"async\" alt=\"Berrcom Infrared Thermometer JXB 178\" src=\"\/wp-content\/uploads\/replace\/11a5fff713b179b1ae9124678f4c72e5.jpeg\" \/><\/p>","protected":false},"excerpt":{"rendered":"<div class=\"spec-row\">\n<h2>Identificadores de produto<\/h2>\n<ul>\n<li class=\"\">\n<div class=\"s-name\">Marca: Berrcom<\/div>\n<\/li>\n<li class=\"\">\n<div class=\"s-name\">MPN: JXB178<\/div>\n<\/li>\n<li class=\"\">\n<div class=\"s-name\">UPC: 0782932294503, 6947656112739<\/div>\n<\/li>\n<li class=\"\">\n<div class=\"s-name\">ID do produto eBay (ePID):24038130742<\/div>\n<\/li>\n<\/ul>\n<\/div>\n<div class=\"spec-row\">\n<h2>Principais recursos do produto<\/h2>\n<ul>\n<li class=\"\">\n<div class=\"s-name\">Precis\u00e3o: \u00b1 0,3\u00b0C (0,6\u00b0F)<\/div>\n<\/li>\n<li class=\"\">\n<div class=\"s-name\">Rela\u00e7\u00e3o dist\u00e2ncia ao ponto: 3-5cm<\/div>\n<\/li>\n<li class=\"\">\n<div class=\"s-name\">Exibi\u00e7\u00e3o:Digital<\/div>\n<\/li>\n<li class=\"\">\n<div class=\"s-name\">Tipo de term\u00f4metro sem contato: term\u00f4metro infravermelho<\/div>\n<\/li>\n<li class=\"\">\n<div class=\"s-name\">Faixa de temperatura: 10\u00b0C ~ 40\u00b0C (50\u00b0F ~ 104\u00b0F)<\/div>\n<\/li>\n<\/ul>\n<\/div>","protected":false},"featured_media":23633,"template":"","meta":[],"product_brand":[],"product_cat":[1322],"product_tag":[905],"class_list":{"0":"post-23502","1":"product","2":"type-product","3":"status-publish","4":"has-post-thumbnail","6":"product_cat-other-a-brands","7":"product_tag-berrcom-infrared-thermometer-jxb-178","9":"first","10":"instock","11":"shipping-taxable","12":"product-type-external"},"aioseo_notices":[],"aioseo_head":"\n\t\t<!-- All in One SEO Pro 4.5.9.2 - aioseo.com -->\n\t\t<meta name=\"description\" content=\"Product Identifiers Brand:Berrcom MPN:JXB178 UPC:0782932294503, 6947656112739 eBay Product ID (ePID):24038130742 Product Key Features Accuracy:\u00b1 0.3\u00b0C (0.6\u00b0F) Distance to Spot Ratio:3-5cm Display:Digital Non-Contact Thermometer Type:Infrared Thermometer Temperature Range:10\u00b0C ~ 40\u00b0C (50\u00b0F ~ 104\u00b0F)\" \/>\n\t\t<meta name=\"robots\" content=\"max-image-preview:large\" \/>\n\t\t<link rel=\"canonical\" href=\"https:\/\/www.rucashk.com\/pt\/produto\/berrcom-infrared-thermometer-jxb-178\/\" \/>\n\t\t<meta name=\"generator\" content=\"All in One SEO Pro (AIOSEO) 4.5.9.2\" \/>\n\t\t<meta property=\"og:locale\" content=\"pt_PT\" \/>\n\t\t<meta property=\"og:site_name\" content=\"Rucas - One-stop AIoT Distribution Worldwide\" \/>\n\t\t<meta property=\"og:type\" content=\"article\" \/>\n\t\t<meta property=\"og:title\" content=\"Berrcom Infrared Thermometer JXB 178 - Rucas - Wholesale and Distribution\" \/>\n\t\t<meta property=\"og:description\" content=\"Product Identifiers Brand:Berrcom MPN:JXB178 UPC:0782932294503, 6947656112739 eBay Product ID (ePID):24038130742 Product Key Features Accuracy:\u00b1 0.3\u00b0C (0.6\u00b0F) Distance to Spot Ratio:3-5cm Display:Digital Non-Contact Thermometer Type:Infrared Thermometer Temperature Range:10\u00b0C ~ 40\u00b0C (50\u00b0F ~ 104\u00b0F)\" \/>\n\t\t<meta property=\"og:url\" content=\"https:\/\/www.rucashk.com\/pt\/produto\/berrcom-infrared-thermometer-jxb-178\/\" \/>\n\t\t<meta property=\"og:image\" content=\"https:\/\/www.rucashk.com\/wp-content\/uploads\/replace\/503b8e645f128a97ccde2b6290747646.jpeg\" \/>\n\t\t<meta property=\"og:image:secure_url\" content=\"https:\/\/www.rucashk.com\/wp-content\/uploads\/replace\/503b8e645f128a97ccde2b6290747646.jpeg\" \/>\n\t\t<meta property=\"og:image:width\" content=\"1456\" \/>\n\t\t<meta property=\"og:image:height\" content=\"816\" \/>\n\t\t<meta property=\"article:published_time\" content=\"2024-01-09T15:55:03+00:00\" \/>\n\t\t<meta property=\"article:modified_time\" content=\"2024-03-13T06:41:52+00:00\" \/>\n\t\t<meta name=\"twitter:card\" content=\"summary_large_image\" \/>\n\t\t<meta name=\"twitter:title\" content=\"Berrcom Infrared Thermometer JXB 178 - Rucas - Wholesale and Distribution\" \/>\n\t\t<meta name=\"twitter:description\" content=\"Product Identifiers Brand:Berrcom MPN:JXB178 UPC:0782932294503, 6947656112739 eBay Product ID (ePID):24038130742 Product Key Features Accuracy:\u00b1 0.3\u00b0C (0.6\u00b0F) Distance to Spot Ratio:3-5cm Display:Digital Non-Contact Thermometer Type:Infrared Thermometer Temperature Range:10\u00b0C ~ 40\u00b0C (50\u00b0F ~ 104\u00b0F)\" \/>\n\t\t<meta name=\"twitter:image\" content=\"https:\/\/www.rucashk.com\/wp-content\/uploads\/replace\/503b8e645f128a97ccde2b6290747646.jpeg\" \/>\n\t\t<script type=\"application\/ld+json\" class=\"aioseo-schema\">\n\t\t\t{\"@context\":\"https:\\\/\\\/schema.org\",\"@graph\":[{\"@type\":\"BreadcrumbList\",\"@id\":\"https:\\\/\\\/www.rucashk.com\\\/pt\\\/produto\\\/berrcom-infrared-thermometer-jxb-178\\\/#breadcrumblist\",\"itemListElement\":[{\"@type\":\"ListItem\",\"@id\":\"https:\\\/\\\/www.rucashk.com\\\/pt\\\/#listItem\",\"position\":1,\"name\":\"Home\",\"item\":\"https:\\\/\\\/www.rucashk.com\\\/pt\\\/\",\"nextItem\":\"https:\\\/\\\/www.rucashk.com\\\/pt\\\/produto\\\/berrcom-infrared-thermometer-jxb-178\\\/#listItem\"},{\"@type\":\"ListItem\",\"@id\":\"https:\\\/\\\/www.rucashk.com\\\/pt\\\/produto\\\/berrcom-infrared-thermometer-jxb-178\\\/#listItem\",\"position\":2,\"name\":\"Berrcom Infrared Thermometer JXB 178\",\"previousItem\":\"https:\\\/\\\/www.rucashk.com\\\/pt\\\/#listItem\"}]},{\"@type\":\"Organization\",\"@id\":\"https:\\\/\\\/www.rucashk.com\\\/pt\\\/#organization\",\"name\":\"Rucas\",\"url\":\"https:\\\/\\\/www.rucashk.com\\\/pt\\\/\",\"logo\":{\"@type\":\"ImageObject\",\"url\":\"https:\\\/\\\/www.rucashk.com\\\/wp-content\\\/uploads\\\/2023\\\/12\\\/Rucas_campany_logo.png\",\"@id\":\"https:\\\/\\\/www.rucashk.com\\\/pt\\\/produto\\\/berrcom-infrared-thermometer-jxb-178\\\/#organizationLogo\",\"width\":221,\"height\":65},\"image\":{\"@id\":\"https:\\\/\\\/www.rucashk.com\\\/pt\\\/#organizationLogo\"}},{\"@type\":\"Person\",\"@id\":\"https:\\\/\\\/www.rucashk.com\\\/pt\\\/author\\\/admin\\\/#author\",\"url\":\"https:\\\/\\\/www.rucashk.com\\\/pt\\\/author\\\/admin\\\/\",\"name\":\"admin\",\"image\":{\"@type\":\"ImageObject\",\"@id\":\"https:\\\/\\\/www.rucashk.com\\\/pt\\\/produto\\\/berrcom-infrared-thermometer-jxb-178\\\/#authorImage\",\"url\":\"https:\\\/\\\/secure.gravatar.com\\\/avatar\\\/b7c8925b09a27e72b30232f8ecaadbd5af0f70a38c78096863fe51b64f031c24?s=96&d=mm&r=g\",\"width\":96,\"height\":96,\"caption\":\"admin\"}},{\"@type\":\"WebPage\",\"@id\":\"https:\\\/\\\/www.rucashk.com\\\/pt\\\/produto\\\/berrcom-infrared-thermometer-jxb-178\\\/#webpage\",\"url\":\"https:\\\/\\\/www.rucashk.com\\\/pt\\\/produto\\\/berrcom-infrared-thermometer-jxb-178\\\/\",\"name\":\"Berrcom Infrared Thermometer JXB 178 - Rucas - Wholesale and Distribution\",\"description\":\"Product Identifiers Brand:Berrcom MPN:JXB178 UPC:0782932294503, 6947656112739 eBay Product ID (ePID):24038130742 Product Key Features Accuracy:\\u00b1 0.3\\u00b0C (0.6\\u00b0F) Distance to Spot Ratio:3-5cm Display:Digital Non-Contact Thermometer Type:Infrared Thermometer Temperature Range:10\\u00b0C ~ 40\\u00b0C (50\\u00b0F ~ 104\\u00b0F)\",\"inLanguage\":\"pt-PT\",\"isPartOf\":{\"@id\":\"https:\\\/\\\/www.rucashk.com\\\/pt\\\/#website\"},\"breadcrumb\":{\"@id\":\"https:\\\/\\\/www.rucashk.com\\\/pt\\\/produto\\\/berrcom-infrared-thermometer-jxb-178\\\/#breadcrumblist\"},\"author\":{\"@id\":\"https:\\\/\\\/www.rucashk.com\\\/pt\\\/author\\\/admin\\\/#author\"},\"creator\":{\"@id\":\"https:\\\/\\\/www.rucashk.com\\\/pt\\\/author\\\/admin\\\/#author\"},\"image\":{\"@type\":\"ImageObject\",\"url\":\"https:\\\/\\\/www.rucashk.com\\\/wp-content\\\/uploads\\\/2024\\\/01\\\/2_\\u526f\\u672c-10-1.jpg\",\"@id\":\"https:\\\/\\\/www.rucashk.com\\\/pt\\\/produto\\\/berrcom-infrared-thermometer-jxb-178\\\/#mainImage\",\"width\":800,\"height\":800},\"primaryImageOfPage\":{\"@id\":\"https:\\\/\\\/www.rucashk.com\\\/pt\\\/produto\\\/berrcom-infrared-thermometer-jxb-178\\\/#mainImage\"},\"datePublished\":\"2024-01-09T15:55:03+00:00\",\"dateModified\":\"2024-03-13T06:41:52+00:00\"},{\"@type\":\"WebSite\",\"@id\":\"https:\\\/\\\/www.rucashk.com\\\/pt\\\/#website\",\"url\":\"https:\\\/\\\/www.rucashk.com\\\/pt\\\/\",\"name\":\"Rucas - Wholesale and distribution worldwide\",\"alternateName\":\"Rucas - One-stop AIoT Distribution Worldwide\",\"description\":\"One-stop AIoT Distribution Worldwide\",\"inLanguage\":\"pt-PT\",\"publisher\":{\"@id\":\"https:\\\/\\\/www.rucashk.com\\\/pt\\\/#organization\"}}]}\n\t\t<\/script>\n\t\t<!-- All in One SEO Pro -->\r\n\t\t<title>Berrcom Infrared Thermometer JXB 178 - Rucas - Wholesale and Distribution<\/title>\n\n","aioseo_head_json":{"title":"Berrcom Infrared Thermometer JXB 178 - Rucas - Wholesale and Distribution","description":"Product Identifiers Brand:Berrcom MPN:JXB178 UPC:0782932294503, 6947656112739 eBay Product ID (ePID):24038130742 Product Key Features Accuracy:\u00b1 0.3\u00b0C (0.6\u00b0F) Distance to Spot Ratio:3-5cm Display:Digital Non-Contact Thermometer Type:Infrared Thermometer Temperature Range:10\u00b0C ~ 40\u00b0C (50\u00b0F ~ 104\u00b0F)","canonical_url":"https:\/\/www.rucashk.com\/pt\/produto\/berrcom-infrared-thermometer-jxb-178\/","robots":"max-image-preview:large","keywords":"","webmasterTools":{"miscellaneous":""},"og:locale":"pt_PT","og:site_name":"Rucas - One-stop AIoT Distribution Worldwide","og:type":"article","og:title":"Berrcom Infrared Thermometer JXB 178 - Rucas - Wholesale and Distribution","og:description":"Product Identifiers Brand:Berrcom MPN:JXB178 UPC:0782932294503, 6947656112739 eBay Product ID (ePID):24038130742 Product Key Features Accuracy:\u00b1 0.3\u00b0C (0.6\u00b0F) Distance to Spot Ratio:3-5cm Display:Digital Non-Contact Thermometer Type:Infrared Thermometer Temperature Range:10\u00b0C ~ 40\u00b0C (50\u00b0F ~ 104\u00b0F)","og:url":"https:\/\/www.rucashk.com\/pt\/produto\/berrcom-infrared-thermometer-jxb-178\/","og:image":"https:\/\/www.rucashk.com\/wp-content\/uploads\/replace\/503b8e645f128a97ccde2b6290747646.jpeg","og:image:secure_url":"https:\/\/www.rucashk.com\/wp-content\/uploads\/replace\/503b8e645f128a97ccde2b6290747646.jpeg","og:image:width":1456,"og:image:height":816,"article:published_time":"2024-01-09T15:55:03+00:00","article:modified_time":"2024-03-13T06:41:52+00:00","twitter:card":"summary_large_image","twitter:title":"Berrcom Infrared Thermometer JXB 178 - Rucas - Wholesale and Distribution","twitter:description":"Product Identifiers Brand:Berrcom MPN:JXB178 UPC:0782932294503, 6947656112739 eBay Product ID (ePID):24038130742 Product Key Features Accuracy:\u00b1 0.3\u00b0C (0.6\u00b0F) Distance to Spot Ratio:3-5cm Display:Digital Non-Contact Thermometer Type:Infrared Thermometer Temperature Range:10\u00b0C ~ 40\u00b0C (50\u00b0F ~ 104\u00b0F)","twitter:image":"https:\/\/www.rucashk.com\/wp-content\/uploads\/replace\/503b8e645f128a97ccde2b6290747646.jpeg","schema":{"@context":"https:\/\/schema.org","@graph":[{"@type":"BreadcrumbList","@id":"https:\/\/www.rucashk.com\/pt\/produto\/berrcom-infrared-thermometer-jxb-178\/#breadcrumblist","itemListElement":[{"@type":"ListItem","@id":"https:\/\/www.rucashk.com\/pt\/#listItem","position":1,"name":"Home","item":"https:\/\/www.rucashk.com\/pt\/","nextItem":"https:\/\/www.rucashk.com\/pt\/produto\/berrcom-infrared-thermometer-jxb-178\/#listItem"},{"@type":"ListItem","@id":"https:\/\/www.rucashk.com\/pt\/produto\/berrcom-infrared-thermometer-jxb-178\/#listItem","position":2,"name":"Berrcom Infrared Thermometer JXB 178","previousItem":"https:\/\/www.rucashk.com\/pt\/#listItem"}]},{"@type":"Organization","@id":"https:\/\/www.rucashk.com\/pt\/#organization","name":"Rucas","url":"https:\/\/www.rucashk.com\/pt\/","logo":{"@type":"ImageObject","url":"https:\/\/www.rucashk.com\/wp-content\/uploads\/2023\/12\/Rucas_campany_logo.png","@id":"https:\/\/www.rucashk.com\/pt\/produto\/berrcom-infrared-thermometer-jxb-178\/#organizationLogo","width":221,"height":65},"image":{"@id":"https:\/\/www.rucashk.com\/pt\/#organizationLogo"}},{"@type":"Person","@id":"https:\/\/www.rucashk.com\/pt\/author\/admin\/#author","url":"https:\/\/www.rucashk.com\/pt\/author\/admin\/","name":"admin","image":{"@type":"ImageObject","@id":"https:\/\/www.rucashk.com\/pt\/produto\/berrcom-infrared-thermometer-jxb-178\/#authorImage","url":"https:\/\/secure.gravatar.com\/avatar\/b7c8925b09a27e72b30232f8ecaadbd5af0f70a38c78096863fe51b64f031c24?s=96&d=mm&r=g","width":96,"height":96,"caption":"admin"}},{"@type":"WebPage","@id":"https:\/\/www.rucashk.com\/pt\/produto\/berrcom-infrared-thermometer-jxb-178\/#webpage","url":"https:\/\/www.rucashk.com\/pt\/produto\/berrcom-infrared-thermometer-jxb-178\/","name":"Berrcom Infrared Thermometer JXB 178 - Rucas - Wholesale and Distribution","description":"Product Identifiers Brand:Berrcom MPN:JXB178 UPC:0782932294503, 6947656112739 eBay Product ID (ePID):24038130742 Product Key Features Accuracy:\u00b1 0.3\u00b0C (0.6\u00b0F) Distance to Spot Ratio:3-5cm Display:Digital Non-Contact Thermometer Type:Infrared Thermometer Temperature Range:10\u00b0C ~ 40\u00b0C (50\u00b0F ~ 104\u00b0F)","inLanguage":"pt-PT","isPartOf":{"@id":"https:\/\/www.rucashk.com\/pt\/#website"},"breadcrumb":{"@id":"https:\/\/www.rucashk.com\/pt\/produto\/berrcom-infrared-thermometer-jxb-178\/#breadcrumblist"},"author":{"@id":"https:\/\/www.rucashk.com\/pt\/author\/admin\/#author"},"creator":{"@id":"https:\/\/www.rucashk.com\/pt\/author\/admin\/#author"},"image":{"@type":"ImageObject","url":"https:\/\/www.rucashk.com\/wp-content\/uploads\/2024\/01\/2_\u526f\u672c-10-1.jpg","@id":"https:\/\/www.rucashk.com\/pt\/produto\/berrcom-infrared-thermometer-jxb-178\/#mainImage","width":800,"height":800},"primaryImageOfPage":{"@id":"https:\/\/www.rucashk.com\/pt\/produto\/berrcom-infrared-thermometer-jxb-178\/#mainImage"},"datePublished":"2024-01-09T15:55:03+00:00","dateModified":"2024-03-13T06:41:52+00:00"},{"@type":"WebSite","@id":"https:\/\/www.rucashk.com\/pt\/#website","url":"https:\/\/www.rucashk.com\/pt\/","name":"Rucas - Wholesale and distribution worldwide","alternateName":"Rucas - One-stop AIoT Distribution Worldwide","description":"One-stop AIoT Distribution Worldwide","inLanguage":"pt-PT","publisher":{"@id":"https:\/\/www.rucashk.com\/pt\/#organization"}}]}},"aioseo_meta_data":{"post_id":"23502","title":null,"description":null,"keywords":null,"keyphrases":null,"primary_term":null,"canonical_url":null,"og_title":null,"og_description":null,"og_object_type":"default","og_image_type":"default","og_image_url":null,"og_image_width":null,"og_image_height":null,"og_image_custom_url":null,"og_image_custom_fields":null,"og_video":null,"og_custom_url":null,"og_article_section":null,"og_article_tags":null,"twitter_use_og":false,"twitter_card":"default","twitter_image_type":"default","twitter_image_url":null,"twitter_image_custom_url":null,"twitter_image_custom_fields":null,"twitter_title":null,"twitter_description":null,"schema":{"blockGraphs":[],"customGraphs":[],"default":{"data":{"Article":[],"Course":[],"Dataset":[],"FAQPage":[],"Movie":[],"Person":[],"Product":[],"Recipe":[],"Service":[],"SoftwareApplication":[],"WebPage":[]},"graphName":"","isEnabled":true},"graphs":[]},"schema_type":"default","schema_type_options":null,"pillar_content":false,"robots_default":true,"robots_noindex":false,"robots_noarchive":false,"robots_nosnippet":false,"robots_nofollow":false,"robots_noimageindex":false,"robots_noodp":false,"robots_notranslate":false,"robots_max_snippet":null,"robots_max_videopreview":null,"robots_max_imagepreview":"large","priority":null,"frequency":null,"local_seo":null,"breadcrumb_settings":null,"limit_modified_date":false,"created":"2024-04-11 01:57:05","updated":"2025-06-22 17:09:58"},"aioseo_breadcrumb":"<div class=\"aioseo-breadcrumbs\"><span class=\"aioseo-breadcrumb\">\n\t<a href=\"https:\/\/www.rucashk.com\/pt\" title=\"Home\">Home<\/a>\n<\/span><span class=\"aioseo-breadcrumb-separator\">&raquo;<\/span><span class=\"aioseo-breadcrumb\">\n\t<a href=\"https:\/\/www.rucashk.com\/pt\/products\/\" title=\"Produtos\">Produtos<\/a>\n<\/span><span class=\"aioseo-breadcrumb-separator\">&raquo;<\/span><span class=\"aioseo-breadcrumb\">\n\t<a href=\"https:\/\/www.rucashk.com\/pt\/categoria-produto\/other-a-brands\/\" title=\"Other A-Brands\">Other A-Brands<\/a>\n<\/span><span class=\"aioseo-breadcrumb-separator\">&raquo;<\/span><span class=\"aioseo-breadcrumb\">\n\tBerrcom Infrared Thermometer JXB 178\n<\/span><\/div>","aioseo_breadcrumb_json":[{"label":"Home","link":"https:\/\/www.rucashk.com\/pt"},{"label":"Produtos","link":"https:\/\/www.rucashk.com\/pt\/products\/"},{"label":"Other A-Brands","link":"https:\/\/www.rucashk.com\/pt\/categoria-produto\/other-a-brands\/"},{"label":"Berrcom Infrared Thermometer JXB 178","link":"https:\/\/www.rucashk.com\/pt\/produto\/berrcom-infrared-thermometer-jxb-178\/"}],"_links":{"self":[{"href":"https:\/\/www.rucashk.com\/pt\/wp-json\/wp\/v2\/product\/23502","targetHints":{"allow":["GET"]}}],"collection":[{"href":"https:\/\/www.rucashk.com\/pt\/wp-json\/wp\/v2\/product"}],"about":[{"href":"https:\/\/www.rucashk.com\/pt\/wp-json\/wp\/v2\/types\/product"}],"wp:featuredmedia":[{"embeddable":true,"href":"https:\/\/www.rucashk.com\/pt\/wp-json\/wp\/v2\/media\/23633"}],"wp:attachment":[{"href":"https:\/\/www.rucashk.com\/pt\/wp-json\/wp\/v2\/media?parent=23502"}],"wp:term":[{"taxonomy":"product_brand","embeddable":true,"href":"https:\/\/www.rucashk.com\/pt\/wp-json\/wp\/v2\/product_brand?post=23502"},{"taxonomy":"product_cat","embeddable":true,"href":"https:\/\/www.rucashk.com\/pt\/wp-json\/wp\/v2\/product_cat?post=23502"},{"taxonomy":"product_tag","embeddable":true,"href":"https:\/\/www.rucashk.com\/pt\/wp-json\/wp\/v2\/product_tag?post=23502"}],"curies":[{"name":"wp","href":"https:\/\/api.w.org\/{rel}","templated":true}]}}