{"id":23500,"date":"2024-01-09T15:55:03","date_gmt":"2024-01-09T15:55:03","guid":{"rendered":"http:\/\/rucashk.com\/?post_type=product&#038;p=23500"},"modified":"2024-03-13T06:43:07","modified_gmt":"2024-03-13T06:43:07","slug":"70mai-midrive-d05-black-car-dvr-sale","status":"publish","type":"product","link":"https:\/\/www.rucashk.com\/pt\/produto\/70mai-midrive-d05-black-car-dvr-sale\/","title":{"rendered":"Venda de DVR de carro preto 70mai Midrive D05"},"content":{"rendered":"<p><img decoding=\"async\" alt=\"70mai Midrive D05 Black Car DVR Sale\" src=\"\/wp-content\/uploads\/replace\/97000d8bd472089c896b63167972205a.jpeg\" \/><img decoding=\"async\" alt=\"70mai Midrive D05 Black Car DVR Sale\" src=\"\/wp-content\/uploads\/replace\/eec296cff03ed65c716bffde4b4789f3.jpeg\" \/><img decoding=\"async\" alt=\"70mai Midrive D05 Black Car DVR Sale\" src=\"\/wp-content\/uploads\/replace\/2efd1480896e2a7f03b51d2f2e61bf45.jpeg\" \/><img decoding=\"async\" alt=\"70mai Midrive D05 Black Car DVR Sale\" src=\"\/wp-content\/uploads\/replace\/28e03ad4bdd9d620c32961864763e7d1.jpeg\" \/><img decoding=\"async\" alt=\"70mai Midrive D05 Black Car DVR Sale\" src=\"\/wp-content\/uploads\/replace\/5d3442cb7eb835622161e5589608221f.jpeg\" \/><img decoding=\"async\" alt=\"70mai Midrive D05 Black Car DVR Sale\" src=\"\/wp-content\/uploads\/replace\/5ede1912bc0117f7243174924c2cb8ff.jpeg\" \/><\/p>","protected":false},"excerpt":{"rendered":"<table class=\"jbEidtTable\" border=\"1\" cellspacing=\"0\" cellpadding=\"5\">\n<tbody>\n<tr>\n<td>Especifica\u00e7\u00f5es:<\/p>\n<p>Abertura: 6G\/F1.8<br \/>\nResolu\u00e7\u00e3o: 2560*1600<br \/>\nSensor de imagem: OS05A10<br \/>\nLente: \u00e2ngulo amplo de 140 \u00b0<br \/>\nMem\u00f3ria Expans\u00edvel: Cart\u00e3o MicroSD com capacidade de 16-64 GB e velocidade de leitura\/grava\u00e7\u00e3o de Classe 10 e superior (n\u00e3o inclu\u00edda)<br \/>\nCapacidade da bateria: 500mAh<br \/>\nEntrada: 5V 1,5A<br \/>\nAPP: 70mai APP (Andriod 6.0 acima\/iOS)<br \/>\nConectar: Wi-Fi<br \/>\nIdioma: ingl\u00eas\/russo\/japon\u00eas\/coreano<\/td>\n<\/tr>\n<\/tbody>\n<\/table>","protected":false},"featured_media":23625,"template":"","meta":[],"product_brand":[],"product_cat":[1289,1288],"product_tag":[903],"class_list":{"0":"post-23500","1":"product","2":"type-product","3":"status-publish","4":"has-post-thumbnail","6":"product_cat-dash-camera","7":"product_cat-e-vehicle-accessories","8":"product_tag-70mai-midrive-d05-black-car-dvr-sale","10":"first","11":"instock","12":"shipping-taxable","13":"product-type-external"},"aioseo_notices":[],"aioseo_head":"\n\t\t<!-- All in One SEO Pro 4.5.9.2 - aioseo.com -->\n\t\t<meta name=\"description\" content=\"Specifications: Aperture: 6G \/ F1.8 Resolution: 2560*1600 Image Sensor: OS05A10 Lens: 140\u00b0 Wide Angle Expandable Memory: MicroSD card with a capacity of 16-64GB and read\/write speed of Class 10 and above(not included) Battery Capacity: 500mAh Input: 5V 1.5A APP: 70mai APP(Andriod 6.0 above \/iOS) Connect: WiFi Language: English\/Russian\/Japanese\/Korean\" \/>\n\t\t<meta name=\"robots\" content=\"max-image-preview:large\" \/>\n\t\t<link rel=\"canonical\" href=\"https:\/\/www.rucashk.com\/pt\/produto\/70mai-midrive-d05-black-car-dvr-sale\/\" \/>\n\t\t<meta name=\"generator\" content=\"All in One SEO Pro (AIOSEO) 4.5.9.2\" \/>\n\t\t<meta property=\"og:locale\" content=\"pt_PT\" \/>\n\t\t<meta property=\"og:site_name\" content=\"Rucas - One-stop AIoT Distribution Worldwide\" \/>\n\t\t<meta property=\"og:type\" content=\"article\" \/>\n\t\t<meta property=\"og:title\" content=\"70mai Midrive D05 Black Car DVR Sale - Rucas - Wholesale and Distribution\" \/>\n\t\t<meta property=\"og:description\" content=\"Specifications: Aperture: 6G \/ F1.8 Resolution: 2560*1600 Image Sensor: OS05A10 Lens: 140\u00b0 Wide Angle Expandable Memory: MicroSD card with a capacity of 16-64GB and read\/write speed of Class 10 and above(not included) Battery Capacity: 500mAh Input: 5V 1.5A APP: 70mai APP(Andriod 6.0 above \/iOS) Connect: WiFi Language: English\/Russian\/Japanese\/Korean\" \/>\n\t\t<meta property=\"og:url\" content=\"https:\/\/www.rucashk.com\/pt\/produto\/70mai-midrive-d05-black-car-dvr-sale\/\" \/>\n\t\t<meta property=\"og:image\" content=\"https:\/\/www.rucashk.com\/wp-content\/uploads\/replace\/503b8e645f128a97ccde2b6290747646.jpeg\" \/>\n\t\t<meta property=\"og:image:secure_url\" content=\"https:\/\/www.rucashk.com\/wp-content\/uploads\/replace\/503b8e645f128a97ccde2b6290747646.jpeg\" \/>\n\t\t<meta property=\"og:image:width\" content=\"1456\" \/>\n\t\t<meta property=\"og:image:height\" content=\"816\" \/>\n\t\t<meta property=\"article:published_time\" content=\"2024-01-09T15:55:03+00:00\" \/>\n\t\t<meta property=\"article:modified_time\" content=\"2024-03-13T06:43:07+00:00\" \/>\n\t\t<meta name=\"twitter:card\" content=\"summary_large_image\" \/>\n\t\t<meta name=\"twitter:title\" content=\"70mai Midrive D05 Black Car DVR Sale - Rucas - Wholesale and Distribution\" \/>\n\t\t<meta name=\"twitter:description\" content=\"Specifications: Aperture: 6G \/ F1.8 Resolution: 2560*1600 Image Sensor: OS05A10 Lens: 140\u00b0 Wide Angle Expandable Memory: MicroSD card with a capacity of 16-64GB and read\/write speed of Class 10 and above(not included) Battery Capacity: 500mAh Input: 5V 1.5A APP: 70mai APP(Andriod 6.0 above \/iOS) Connect: WiFi Language: English\/Russian\/Japanese\/Korean\" \/>\n\t\t<meta name=\"twitter:image\" content=\"https:\/\/www.rucashk.com\/wp-content\/uploads\/replace\/503b8e645f128a97ccde2b6290747646.jpeg\" \/>\n\t\t<script type=\"application\/ld+json\" class=\"aioseo-schema\">\n\t\t\t{\"@context\":\"https:\\\/\\\/schema.org\",\"@graph\":[{\"@type\":\"BreadcrumbList\",\"@id\":\"https:\\\/\\\/www.rucashk.com\\\/pt\\\/produto\\\/70mai-midrive-d05-black-car-dvr-sale\\\/#breadcrumblist\",\"itemListElement\":[{\"@type\":\"ListItem\",\"@id\":\"https:\\\/\\\/www.rucashk.com\\\/pt\\\/#listItem\",\"position\":1,\"name\":\"Home\",\"item\":\"https:\\\/\\\/www.rucashk.com\\\/pt\\\/\",\"nextItem\":\"https:\\\/\\\/www.rucashk.com\\\/pt\\\/produto\\\/70mai-midrive-d05-black-car-dvr-sale\\\/#listItem\"},{\"@type\":\"ListItem\",\"@id\":\"https:\\\/\\\/www.rucashk.com\\\/pt\\\/produto\\\/70mai-midrive-d05-black-car-dvr-sale\\\/#listItem\",\"position\":2,\"name\":\"70mai Midrive D05 Black Car DVR Sale\",\"previousItem\":\"https:\\\/\\\/www.rucashk.com\\\/pt\\\/#listItem\"}]},{\"@type\":\"Organization\",\"@id\":\"https:\\\/\\\/www.rucashk.com\\\/pt\\\/#organization\",\"name\":\"Rucas\",\"url\":\"https:\\\/\\\/www.rucashk.com\\\/pt\\\/\",\"logo\":{\"@type\":\"ImageObject\",\"url\":\"https:\\\/\\\/www.rucashk.com\\\/wp-content\\\/uploads\\\/2023\\\/12\\\/Rucas_campany_logo.png\",\"@id\":\"https:\\\/\\\/www.rucashk.com\\\/pt\\\/produto\\\/70mai-midrive-d05-black-car-dvr-sale\\\/#organizationLogo\",\"width\":221,\"height\":65},\"image\":{\"@id\":\"https:\\\/\\\/www.rucashk.com\\\/pt\\\/#organizationLogo\"}},{\"@type\":\"Person\",\"@id\":\"https:\\\/\\\/www.rucashk.com\\\/pt\\\/author\\\/admin\\\/#author\",\"url\":\"https:\\\/\\\/www.rucashk.com\\\/pt\\\/author\\\/admin\\\/\",\"name\":\"admin\",\"image\":{\"@type\":\"ImageObject\",\"@id\":\"https:\\\/\\\/www.rucashk.com\\\/pt\\\/produto\\\/70mai-midrive-d05-black-car-dvr-sale\\\/#authorImage\",\"url\":\"https:\\\/\\\/secure.gravatar.com\\\/avatar\\\/b7c8925b09a27e72b30232f8ecaadbd5af0f70a38c78096863fe51b64f031c24?s=96&d=mm&r=g\",\"width\":96,\"height\":96,\"caption\":\"admin\"}},{\"@type\":\"WebPage\",\"@id\":\"https:\\\/\\\/www.rucashk.com\\\/pt\\\/produto\\\/70mai-midrive-d05-black-car-dvr-sale\\\/#webpage\",\"url\":\"https:\\\/\\\/www.rucashk.com\\\/pt\\\/produto\\\/70mai-midrive-d05-black-car-dvr-sale\\\/\",\"name\":\"70mai Midrive D05 Black Car DVR Sale - Rucas - Wholesale and Distribution\",\"description\":\"Specifications: Aperture: 6G \\\/ F1.8 Resolution: 2560*1600 Image Sensor: OS05A10 Lens: 140\\u00b0 Wide Angle Expandable Memory: MicroSD card with a capacity of 16-64GB and read\\\/write speed of Class 10 and above(not included) Battery Capacity: 500mAh Input: 5V 1.5A APP: 70mai APP(Andriod 6.0 above \\\/iOS) Connect: WiFi Language: English\\\/Russian\\\/Japanese\\\/Korean\",\"inLanguage\":\"pt-PT\",\"isPartOf\":{\"@id\":\"https:\\\/\\\/www.rucashk.com\\\/pt\\\/#website\"},\"breadcrumb\":{\"@id\":\"https:\\\/\\\/www.rucashk.com\\\/pt\\\/produto\\\/70mai-midrive-d05-black-car-dvr-sale\\\/#breadcrumblist\"},\"author\":{\"@id\":\"https:\\\/\\\/www.rucashk.com\\\/pt\\\/author\\\/admin\\\/#author\"},\"creator\":{\"@id\":\"https:\\\/\\\/www.rucashk.com\\\/pt\\\/author\\\/admin\\\/#author\"},\"image\":{\"@type\":\"ImageObject\",\"url\":\"https:\\\/\\\/www.rucashk.com\\\/wp-content\\\/uploads\\\/2024\\\/01\\\/2_\\u526f\\u672c-9-1.jpg\",\"@id\":\"https:\\\/\\\/www.rucashk.com\\\/pt\\\/produto\\\/70mai-midrive-d05-black-car-dvr-sale\\\/#mainImage\",\"width\":800,\"height\":800},\"primaryImageOfPage\":{\"@id\":\"https:\\\/\\\/www.rucashk.com\\\/pt\\\/produto\\\/70mai-midrive-d05-black-car-dvr-sale\\\/#mainImage\"},\"datePublished\":\"2024-01-09T15:55:03+00:00\",\"dateModified\":\"2024-03-13T06:43:07+00:00\"},{\"@type\":\"WebSite\",\"@id\":\"https:\\\/\\\/www.rucashk.com\\\/pt\\\/#website\",\"url\":\"https:\\\/\\\/www.rucashk.com\\\/pt\\\/\",\"name\":\"Rucas - Wholesale and distribution worldwide\",\"alternateName\":\"Rucas - One-stop AIoT Distribution Worldwide\",\"description\":\"One-stop AIoT Distribution Worldwide\",\"inLanguage\":\"pt-PT\",\"publisher\":{\"@id\":\"https:\\\/\\\/www.rucashk.com\\\/pt\\\/#organization\"}}]}\n\t\t<\/script>\n\t\t<!-- All in One SEO Pro -->\r\n\t\t<title>70mai Midrive D05 Black Car DVR Sale - Rucas - Wholesale and Distribution<\/title>\n\n","aioseo_head_json":{"title":"70mai Midrive D05 Black Car DVR Sale - Rucas - Wholesale and Distribution","description":"Specifications: Aperture: 6G \/ F1.8 Resolution: 2560*1600 Image Sensor: OS05A10 Lens: 140\u00b0 Wide Angle Expandable Memory: MicroSD card with a capacity of 16-64GB and read\/write speed of Class 10 and above(not included) Battery Capacity: 500mAh Input: 5V 1.5A APP: 70mai APP(Andriod 6.0 above \/iOS) Connect: WiFi Language: English\/Russian\/Japanese\/Korean","canonical_url":"https:\/\/www.rucashk.com\/pt\/produto\/70mai-midrive-d05-black-car-dvr-sale\/","robots":"max-image-preview:large","keywords":"","webmasterTools":{"miscellaneous":""},"og:locale":"pt_PT","og:site_name":"Rucas - One-stop AIoT Distribution Worldwide","og:type":"article","og:title":"70mai Midrive D05 Black Car DVR Sale - Rucas - Wholesale and Distribution","og:description":"Specifications: Aperture: 6G \/ F1.8 Resolution: 2560*1600 Image Sensor: OS05A10 Lens: 140\u00b0 Wide Angle Expandable Memory: MicroSD card with a capacity of 16-64GB and read\/write speed of Class 10 and above(not included) Battery Capacity: 500mAh Input: 5V 1.5A APP: 70mai APP(Andriod 6.0 above \/iOS) Connect: WiFi Language: English\/Russian\/Japanese\/Korean","og:url":"https:\/\/www.rucashk.com\/pt\/produto\/70mai-midrive-d05-black-car-dvr-sale\/","og:image":"https:\/\/www.rucashk.com\/wp-content\/uploads\/replace\/503b8e645f128a97ccde2b6290747646.jpeg","og:image:secure_url":"https:\/\/www.rucashk.com\/wp-content\/uploads\/replace\/503b8e645f128a97ccde2b6290747646.jpeg","og:image:width":1456,"og:image:height":816,"article:published_time":"2024-01-09T15:55:03+00:00","article:modified_time":"2024-03-13T06:43:07+00:00","twitter:card":"summary_large_image","twitter:title":"70mai Midrive D05 Black Car DVR Sale - Rucas - Wholesale and Distribution","twitter:description":"Specifications: Aperture: 6G \/ F1.8 Resolution: 2560*1600 Image Sensor: OS05A10 Lens: 140\u00b0 Wide Angle Expandable Memory: MicroSD card with a capacity of 16-64GB and read\/write speed of Class 10 and above(not included) Battery Capacity: 500mAh Input: 5V 1.5A APP: 70mai APP(Andriod 6.0 above \/iOS) Connect: WiFi Language: English\/Russian\/Japanese\/Korean","twitter:image":"https:\/\/www.rucashk.com\/wp-content\/uploads\/replace\/503b8e645f128a97ccde2b6290747646.jpeg","schema":{"@context":"https:\/\/schema.org","@graph":[{"@type":"BreadcrumbList","@id":"https:\/\/www.rucashk.com\/pt\/produto\/70mai-midrive-d05-black-car-dvr-sale\/#breadcrumblist","itemListElement":[{"@type":"ListItem","@id":"https:\/\/www.rucashk.com\/pt\/#listItem","position":1,"name":"Home","item":"https:\/\/www.rucashk.com\/pt\/","nextItem":"https:\/\/www.rucashk.com\/pt\/produto\/70mai-midrive-d05-black-car-dvr-sale\/#listItem"},{"@type":"ListItem","@id":"https:\/\/www.rucashk.com\/pt\/produto\/70mai-midrive-d05-black-car-dvr-sale\/#listItem","position":2,"name":"70mai Midrive D05 Black Car DVR Sale","previousItem":"https:\/\/www.rucashk.com\/pt\/#listItem"}]},{"@type":"Organization","@id":"https:\/\/www.rucashk.com\/pt\/#organization","name":"Rucas","url":"https:\/\/www.rucashk.com\/pt\/","logo":{"@type":"ImageObject","url":"https:\/\/www.rucashk.com\/wp-content\/uploads\/2023\/12\/Rucas_campany_logo.png","@id":"https:\/\/www.rucashk.com\/pt\/produto\/70mai-midrive-d05-black-car-dvr-sale\/#organizationLogo","width":221,"height":65},"image":{"@id":"https:\/\/www.rucashk.com\/pt\/#organizationLogo"}},{"@type":"Person","@id":"https:\/\/www.rucashk.com\/pt\/author\/admin\/#author","url":"https:\/\/www.rucashk.com\/pt\/author\/admin\/","name":"admin","image":{"@type":"ImageObject","@id":"https:\/\/www.rucashk.com\/pt\/produto\/70mai-midrive-d05-black-car-dvr-sale\/#authorImage","url":"https:\/\/secure.gravatar.com\/avatar\/b7c8925b09a27e72b30232f8ecaadbd5af0f70a38c78096863fe51b64f031c24?s=96&d=mm&r=g","width":96,"height":96,"caption":"admin"}},{"@type":"WebPage","@id":"https:\/\/www.rucashk.com\/pt\/produto\/70mai-midrive-d05-black-car-dvr-sale\/#webpage","url":"https:\/\/www.rucashk.com\/pt\/produto\/70mai-midrive-d05-black-car-dvr-sale\/","name":"70mai Midrive D05 Black Car DVR Sale - Rucas - Wholesale and Distribution","description":"Specifications: Aperture: 6G \/ F1.8 Resolution: 2560*1600 Image Sensor: OS05A10 Lens: 140\u00b0 Wide Angle Expandable Memory: MicroSD card with a capacity of 16-64GB and read\/write speed of Class 10 and above(not included) Battery Capacity: 500mAh Input: 5V 1.5A APP: 70mai APP(Andriod 6.0 above \/iOS) Connect: WiFi Language: English\/Russian\/Japanese\/Korean","inLanguage":"pt-PT","isPartOf":{"@id":"https:\/\/www.rucashk.com\/pt\/#website"},"breadcrumb":{"@id":"https:\/\/www.rucashk.com\/pt\/produto\/70mai-midrive-d05-black-car-dvr-sale\/#breadcrumblist"},"author":{"@id":"https:\/\/www.rucashk.com\/pt\/author\/admin\/#author"},"creator":{"@id":"https:\/\/www.rucashk.com\/pt\/author\/admin\/#author"},"image":{"@type":"ImageObject","url":"https:\/\/www.rucashk.com\/wp-content\/uploads\/2024\/01\/2_\u526f\u672c-9-1.jpg","@id":"https:\/\/www.rucashk.com\/pt\/produto\/70mai-midrive-d05-black-car-dvr-sale\/#mainImage","width":800,"height":800},"primaryImageOfPage":{"@id":"https:\/\/www.rucashk.com\/pt\/produto\/70mai-midrive-d05-black-car-dvr-sale\/#mainImage"},"datePublished":"2024-01-09T15:55:03+00:00","dateModified":"2024-03-13T06:43:07+00:00"},{"@type":"WebSite","@id":"https:\/\/www.rucashk.com\/pt\/#website","url":"https:\/\/www.rucashk.com\/pt\/","name":"Rucas - Wholesale and distribution worldwide","alternateName":"Rucas - One-stop AIoT Distribution Worldwide","description":"One-stop AIoT Distribution Worldwide","inLanguage":"pt-PT","publisher":{"@id":"https:\/\/www.rucashk.com\/pt\/#organization"}}]}},"aioseo_meta_data":{"post_id":"23500","title":null,"description":null,"keywords":null,"keyphrases":null,"primary_term":null,"canonical_url":null,"og_title":null,"og_description":null,"og_object_type":"default","og_image_type":"default","og_image_url":null,"og_image_width":null,"og_image_height":null,"og_image_custom_url":null,"og_image_custom_fields":null,"og_video":null,"og_custom_url":null,"og_article_section":null,"og_article_tags":null,"twitter_use_og":false,"twitter_card":"default","twitter_image_type":"default","twitter_image_url":null,"twitter_image_custom_url":null,"twitter_image_custom_fields":null,"twitter_title":null,"twitter_description":null,"schema":{"blockGraphs":[],"customGraphs":[],"default":{"data":{"Article":[],"Course":[],"Dataset":[],"FAQPage":[],"Movie":[],"Person":[],"Product":[],"Recipe":[],"Service":[],"SoftwareApplication":[],"WebPage":[]},"graphName":"","isEnabled":true},"graphs":[]},"schema_type":"default","schema_type_options":null,"pillar_content":false,"robots_default":true,"robots_noindex":false,"robots_noarchive":false,"robots_nosnippet":false,"robots_nofollow":false,"robots_noimageindex":false,"robots_noodp":false,"robots_notranslate":false,"robots_max_snippet":null,"robots_max_videopreview":null,"robots_max_imagepreview":"large","priority":null,"frequency":null,"local_seo":null,"breadcrumb_settings":null,"limit_modified_date":false,"created":"2024-04-11 01:57:05","updated":"2025-06-22 17:09:57"},"aioseo_breadcrumb":"<div class=\"aioseo-breadcrumbs\"><span class=\"aioseo-breadcrumb\">\n\t<a href=\"https:\/\/www.rucashk.com\/pt\" title=\"Home\">Home<\/a>\n<\/span><span class=\"aioseo-breadcrumb-separator\">&raquo;<\/span><span class=\"aioseo-breadcrumb\">\n\t<a href=\"https:\/\/www.rucashk.com\/pt\/products\/\" title=\"Produtos\">Produtos<\/a>\n<\/span><span class=\"aioseo-breadcrumb-separator\">&raquo;<\/span><span class=\"aioseo-breadcrumb\">\n\t<a href=\"https:\/\/www.rucashk.com\/pt\/categoria-produto\/e-vehicle-accessories\/\" title=\"E-Vehicle Accessories\">E-Vehicle Accessories<\/a>\n<\/span><span class=\"aioseo-breadcrumb-separator\">&raquo;<\/span><span class=\"aioseo-breadcrumb\">\n\t<a href=\"https:\/\/www.rucashk.com\/pt\/categoria-produto\/e-vehicle-accessories\/dash-camera\/\" title=\"Dash Camera\">Dash Camera<\/a>\n<\/span><span class=\"aioseo-breadcrumb-separator\">&raquo;<\/span><span class=\"aioseo-breadcrumb\">\n\t70mai Midrive D05 Black Car DVR Sale\n<\/span><\/div>","aioseo_breadcrumb_json":[{"label":"Home","link":"https:\/\/www.rucashk.com\/pt"},{"label":"Produtos","link":"https:\/\/www.rucashk.com\/pt\/products\/"},{"label":"E-Vehicle Accessories","link":"https:\/\/www.rucashk.com\/pt\/categoria-produto\/e-vehicle-accessories\/"},{"label":"Dash Camera","link":"https:\/\/www.rucashk.com\/pt\/categoria-produto\/e-vehicle-accessories\/dash-camera\/"},{"label":"70mai Midrive D05 Black Car DVR Sale","link":"https:\/\/www.rucashk.com\/pt\/produto\/70mai-midrive-d05-black-car-dvr-sale\/"}],"_links":{"self":[{"href":"https:\/\/www.rucashk.com\/pt\/wp-json\/wp\/v2\/product\/23500","targetHints":{"allow":["GET"]}}],"collection":[{"href":"https:\/\/www.rucashk.com\/pt\/wp-json\/wp\/v2\/product"}],"about":[{"href":"https:\/\/www.rucashk.com\/pt\/wp-json\/wp\/v2\/types\/product"}],"wp:featuredmedia":[{"embeddable":true,"href":"https:\/\/www.rucashk.com\/pt\/wp-json\/wp\/v2\/media\/23625"}],"wp:attachment":[{"href":"https:\/\/www.rucashk.com\/pt\/wp-json\/wp\/v2\/media?parent=23500"}],"wp:term":[{"taxonomy":"product_brand","embeddable":true,"href":"https:\/\/www.rucashk.com\/pt\/wp-json\/wp\/v2\/product_brand?post=23500"},{"taxonomy":"product_cat","embeddable":true,"href":"https:\/\/www.rucashk.com\/pt\/wp-json\/wp\/v2\/product_cat?post=23500"},{"taxonomy":"product_tag","embeddable":true,"href":"https:\/\/www.rucashk.com\/pt\/wp-json\/wp\/v2\/product_tag?post=23500"}],"curies":[{"name":"wp","href":"https:\/\/api.w.org\/{rel}","templated":true}]}}