{"id":23499,"date":"2024-01-09T15:55:03","date_gmt":"2024-01-09T15:55:03","guid":{"rendered":"http:\/\/rucashk.com\/?post_type=product&#038;p=23499"},"modified":"2024-03-13T06:42:49","modified_gmt":"2024-03-13T06:42:49","slug":"70mai-rearview-mirror-dash-cam-wifi-1600p-hd","status":"publish","type":"product","link":"https:\/\/www.rucashk.com\/pt\/produto\/70mai-rearview-mirror-dash-cam-wifi-1600p-hd\/","title":{"rendered":"70mai Espelho Retrovisor Dash Cam Wifi 1600P HD"},"content":{"rendered":"<p><img decoding=\"async\" alt=\"70mai Rearview Mirror Dash Cam Wifi 1600P HD\" src=\"\/wp-content\/uploads\/replace\/da09ae4517cb369c2134f75b55011ca4.jpeg\" \/><\/p>\n<p><img fetchpriority=\"high\" decoding=\"async\" class=\"alignnone  wp-image-17499\" src=\"\/wp-content\/uploads\/replace\/fc34676344f1e7728ac905f415551984.jpeg\" alt=\"70mai Rearview Mirror Dash Cam Wifi 1600P HD\" width=\"969\" height=\"980\" \/><\/p>\n<p><img decoding=\"async\" alt=\"70mai Rearview Mirror Dash Cam Wifi 1600P HD\" src=\"\/wp-content\/uploads\/replace\/4f03ad016f8966ed46ac2e4e98017536.jpeg\" \/><\/p>\n<h4 class=\"a-spacing-mini\">Vigil\u00e2ncia de estacionamento 24 horas<\/h4>\n<p>A c\u00e2mera Dash come\u00e7ar\u00e1 a gravar automaticamente quando houver uma colis\u00e3o sendo detectada pelo sensor G integrado. Ele ir\u00e1 lembr\u00e1-lo de verificar o v\u00eddeo do evento quando voltar para o carro.<\/p>\n<p><img decoding=\"async\" alt=\"70mai Rearview Mirror Dash Cam Wifi 1600P HD\" src=\"\/wp-content\/uploads\/replace\/4c4f1d30f3110a82de03859e234289b5.jpeg\" \/><\/p>\n<h4 class=\"a-spacing-mini\">Desemba\u00e7amento<\/h4>\n<p>O algoritmo de desemba\u00e7amento pode efetivamente reduzir a distor\u00e7\u00e3o ou degrada\u00e7\u00e3o das imagens e reproduzir uma vis\u00e3o clara ao dirigir em ambientes com fuma\u00e7a e neblina.<\/p>\n<p><img decoding=\"async\" alt=\"70mai Rearview Mirror Dash Cam Wifi 1600P HD\" src=\"\/wp-content\/uploads\/replace\/7b8c3a4b02702c37fb708632fea1fb32.jpeg\" \/><\/p>\n<h4 class=\"a-spacing-mini\">Sistema ADAS-Advanced Driver Assistant<\/h4>\n<p>Aviso de sa\u00edda de faixa: alerta em tempo real avisa quando voc\u00ea sai da faixa e antes de bater em outro ve\u00edculo \u00e0 frente. Aviso de colis\u00e3o frontal: ajuda voc\u00ea a manter uma dist\u00e2ncia segura do ve\u00edculo dianteiro. Prevenir eficazmente colis\u00f5es traseiras e reduzir les\u00f5es relevantes, especialmente durante engarrafamentos.<\/p>\n<p><img decoding=\"async\" alt=\"70mai Rearview Mirror Dash Cam Wifi 1600P HD\" src=\"\/wp-content\/uploads\/replace\/8ba12636647a0b9e7b7c159b6582c158.jpeg\" \/><\/p>","protected":false},"excerpt":{"rendered":"<ul class=\"a-unordered-list a-vertical a-spacing-mini\">\n<li><span class=\"a-list-item\">\u3010Qualidade de imagem de super alta defini\u00e7\u00e3o\u3011 Resolu\u00e7\u00e3o Full HD de 5 megapixels e 1600P com WDR que ajusta o equil\u00edbrio da exposi\u00e7\u00e3o tanto na escurid\u00e3o quanto na luz forte e produz uma imagem mais n\u00edtida e vibrante.<\/span><\/li>\n<li><span class=\"a-list-item\">\u3010Sensor de imagem SONY IMX335\u3011 A c\u00e2mera de vis\u00e3o traseira do carro 70mai adota o sensor de imagem Sony IMX335, resolu\u00e7\u00e3o 1600 FHD que ajusta o equil\u00edbrio da exposi\u00e7\u00e3o tanto na escurid\u00e3o quanto na luz forte e produz uma imagem mais clara e vibrante.<\/span><\/li>\n<li><span class=\"a-list-item\">\u3010Monitor de estacionamento 24 horas\u3011No modo de estacionamento, a c\u00e2mera 70mai dash entra no modo de hiberna\u00e7\u00e3o, mas continua monitorando os ve\u00edculos. Sensor G integrado, c\u00e2mera 70mai dash come\u00e7a a gravar v\u00eddeos se houver alguma colis\u00e3o, e a filmagem do evento ser\u00e1 armazenada.<\/span><\/li>\n<li><span class=\"a-list-item\">\u3010Conex\u00e3o Wi-Fi gratuita\u3011 Conecte-se ao gravador de dire\u00e7\u00e3o WIFI gr\u00e1tis, voc\u00ea pode assistir as imagens hist\u00f3ricas em tempo real e baixar v\u00eddeos para o seu celular.<\/span><\/li>\n<li><span class=\"a-list-item\">\u3010Tela IPS grande de 5.0\u3011 Grava\u00e7\u00e3o dupla, o 70mai Car DVR possui duas c\u00e2meras que permitem gravar v\u00eddeos simultaneamente de dois \u00e2ngulos diferentes. A exibi\u00e7\u00e3o Picture in Picture permitir\u00e1 que voc\u00ea tenha uma vis\u00e3o clara da c\u00e2mera frontal e traseira.<\/span><\/li>\n<\/ul>","protected":false},"featured_media":23613,"template":"","meta":[],"product_brand":[],"product_cat":[1289,1288],"product_tag":[902],"class_list":{"0":"post-23499","1":"product","2":"type-product","3":"status-publish","4":"has-post-thumbnail","6":"product_cat-dash-camera","7":"product_cat-e-vehicle-accessories","8":"product_tag-70mai-rearview-mirror-dash-cam-wifi-1600p-hd","10":"first","11":"instock","12":"shipping-taxable","13":"product-type-external"},"aioseo_notices":[],"aioseo_head":"\n\t\t<!-- All in One SEO Pro 4.5.9.2 - aioseo.com -->\n\t\t<meta name=\"description\" content=\"\u3010Super High Definition Picture Quality\u30115 Mega-pixel, 1600P Full HD resolution with WDR that adjust the exposure balance both in darkness and strong light and produces a more clear and vibrant image. \u3010SONY IMX335 Image Sensor\u301170mai car rear view camera adopts Sony IMX335 image sensor, 1600 FHD resolution that adjust the exposure balance both in darkness and strong light and produces a more clear and vibrant image. \u301024-Hour Parking Monitor\u3011In parking mode, 70mai dash cam enters into sleeping mode but keeps monitoring vehicles. Built-in G-sensor, 70mai dash cam start recording videos itself if there is any collision occurs, and the footage of event will be stored. \u3010Free Wi-Fi Connection\u3011 Connect to the driving recorder free WIFI, you can watch the historical images real time, and download video to your mobile phone. \u30105.0 Large IPS Screen \u3011Dual recording, 70mai Car DVR has two cameras that allows for simultaneously recording videos from two different angles. Picture in Picture display will let you have clear view from front and back-up camera.\" \/>\n\t\t<meta name=\"robots\" content=\"max-image-preview:large\" \/>\n\t\t<link rel=\"canonical\" href=\"https:\/\/www.rucashk.com\/pt\/produto\/70mai-rearview-mirror-dash-cam-wifi-1600p-hd\/\" \/>\n\t\t<meta name=\"generator\" content=\"All in One SEO Pro (AIOSEO) 4.5.9.2\" \/>\n\t\t<meta property=\"og:locale\" content=\"pt_PT\" \/>\n\t\t<meta property=\"og:site_name\" content=\"Rucas - One-stop AIoT Distribution Worldwide\" \/>\n\t\t<meta property=\"og:type\" content=\"article\" \/>\n\t\t<meta property=\"og:title\" content=\"70mai Rearview Mirror Dash Cam Wifi 1600P HD - Rucas - Wholesale and Distribution\" \/>\n\t\t<meta property=\"og:description\" content=\"\u3010Super High Definition Picture Quality\u30115 Mega-pixel, 1600P Full HD resolution with WDR that adjust the exposure balance both in darkness and strong light and produces a more clear and vibrant image. \u3010SONY IMX335 Image Sensor\u301170mai car rear view camera adopts Sony IMX335 image sensor, 1600 FHD resolution that adjust the exposure balance both in darkness and strong light and produces a more clear and vibrant image. \u301024-Hour Parking Monitor\u3011In parking mode, 70mai dash cam enters into sleeping mode but keeps monitoring vehicles. Built-in G-sensor, 70mai dash cam start recording videos itself if there is any collision occurs, and the footage of event will be stored. \u3010Free Wi-Fi Connection\u3011 Connect to the driving recorder free WIFI, you can watch the historical images real time, and download video to your mobile phone. \u30105.0 Large IPS Screen \u3011Dual recording, 70mai Car DVR has two cameras that allows for simultaneously recording videos from two different angles. Picture in Picture display will let you have clear view from front and back-up camera.\" \/>\n\t\t<meta property=\"og:url\" content=\"https:\/\/www.rucashk.com\/pt\/produto\/70mai-rearview-mirror-dash-cam-wifi-1600p-hd\/\" \/>\n\t\t<meta property=\"og:image\" content=\"https:\/\/www.rucashk.com\/wp-content\/uploads\/replace\/503b8e645f128a97ccde2b6290747646.jpeg\" \/>\n\t\t<meta property=\"og:image:secure_url\" content=\"https:\/\/www.rucashk.com\/wp-content\/uploads\/replace\/503b8e645f128a97ccde2b6290747646.jpeg\" \/>\n\t\t<meta property=\"og:image:width\" content=\"1456\" \/>\n\t\t<meta property=\"og:image:height\" content=\"816\" \/>\n\t\t<meta property=\"article:published_time\" content=\"2024-01-09T15:55:03+00:00\" \/>\n\t\t<meta property=\"article:modified_time\" content=\"2024-03-13T06:42:49+00:00\" \/>\n\t\t<meta name=\"twitter:card\" content=\"summary_large_image\" \/>\n\t\t<meta name=\"twitter:title\" content=\"70mai Rearview Mirror Dash Cam Wifi 1600P HD - Rucas - Wholesale and Distribution\" \/>\n\t\t<meta name=\"twitter:description\" content=\"\u3010Super High Definition Picture Quality\u30115 Mega-pixel, 1600P Full HD resolution with WDR that adjust the exposure balance both in darkness and strong light and produces a more clear and vibrant image. \u3010SONY IMX335 Image Sensor\u301170mai car rear view camera adopts Sony IMX335 image sensor, 1600 FHD resolution that adjust the exposure balance both in darkness and strong light and produces a more clear and vibrant image. \u301024-Hour Parking Monitor\u3011In parking mode, 70mai dash cam enters into sleeping mode but keeps monitoring vehicles. Built-in G-sensor, 70mai dash cam start recording videos itself if there is any collision occurs, and the footage of event will be stored. \u3010Free Wi-Fi Connection\u3011 Connect to the driving recorder free WIFI, you can watch the historical images real time, and download video to your mobile phone. \u30105.0 Large IPS Screen \u3011Dual recording, 70mai Car DVR has two cameras that allows for simultaneously recording videos from two different angles. Picture in Picture display will let you have clear view from front and back-up camera.\" \/>\n\t\t<meta name=\"twitter:image\" content=\"https:\/\/www.rucashk.com\/wp-content\/uploads\/replace\/503b8e645f128a97ccde2b6290747646.jpeg\" \/>\n\t\t<script type=\"application\/ld+json\" class=\"aioseo-schema\">\n\t\t\t{\"@context\":\"https:\\\/\\\/schema.org\",\"@graph\":[{\"@type\":\"BreadcrumbList\",\"@id\":\"https:\\\/\\\/www.rucashk.com\\\/pt\\\/produto\\\/70mai-rearview-mirror-dash-cam-wifi-1600p-hd\\\/#breadcrumblist\",\"itemListElement\":[{\"@type\":\"ListItem\",\"@id\":\"https:\\\/\\\/www.rucashk.com\\\/pt\\\/#listItem\",\"position\":1,\"name\":\"Home\",\"item\":\"https:\\\/\\\/www.rucashk.com\\\/pt\\\/\",\"nextItem\":\"https:\\\/\\\/www.rucashk.com\\\/pt\\\/produto\\\/70mai-rearview-mirror-dash-cam-wifi-1600p-hd\\\/#listItem\"},{\"@type\":\"ListItem\",\"@id\":\"https:\\\/\\\/www.rucashk.com\\\/pt\\\/produto\\\/70mai-rearview-mirror-dash-cam-wifi-1600p-hd\\\/#listItem\",\"position\":2,\"name\":\"70mai Rearview Mirror Dash Cam Wifi 1600P HD\",\"previousItem\":\"https:\\\/\\\/www.rucashk.com\\\/pt\\\/#listItem\"}]},{\"@type\":\"Organization\",\"@id\":\"https:\\\/\\\/www.rucashk.com\\\/pt\\\/#organization\",\"name\":\"Rucas\",\"url\":\"https:\\\/\\\/www.rucashk.com\\\/pt\\\/\",\"logo\":{\"@type\":\"ImageObject\",\"url\":\"https:\\\/\\\/www.rucashk.com\\\/wp-content\\\/uploads\\\/2023\\\/12\\\/Rucas_campany_logo.png\",\"@id\":\"https:\\\/\\\/www.rucashk.com\\\/pt\\\/produto\\\/70mai-rearview-mirror-dash-cam-wifi-1600p-hd\\\/#organizationLogo\",\"width\":221,\"height\":65},\"image\":{\"@id\":\"https:\\\/\\\/www.rucashk.com\\\/pt\\\/#organizationLogo\"}},{\"@type\":\"Person\",\"@id\":\"https:\\\/\\\/www.rucashk.com\\\/pt\\\/author\\\/admin\\\/#author\",\"url\":\"https:\\\/\\\/www.rucashk.com\\\/pt\\\/author\\\/admin\\\/\",\"name\":\"admin\",\"image\":{\"@type\":\"ImageObject\",\"@id\":\"https:\\\/\\\/www.rucashk.com\\\/pt\\\/produto\\\/70mai-rearview-mirror-dash-cam-wifi-1600p-hd\\\/#authorImage\",\"url\":\"https:\\\/\\\/secure.gravatar.com\\\/avatar\\\/b7c8925b09a27e72b30232f8ecaadbd5af0f70a38c78096863fe51b64f031c24?s=96&d=mm&r=g\",\"width\":96,\"height\":96,\"caption\":\"admin\"}},{\"@type\":\"WebPage\",\"@id\":\"https:\\\/\\\/www.rucashk.com\\\/pt\\\/produto\\\/70mai-rearview-mirror-dash-cam-wifi-1600p-hd\\\/#webpage\",\"url\":\"https:\\\/\\\/www.rucashk.com\\\/pt\\\/produto\\\/70mai-rearview-mirror-dash-cam-wifi-1600p-hd\\\/\",\"name\":\"70mai Rearview Mirror Dash Cam Wifi 1600P HD - Rucas - Wholesale and Distribution\",\"description\":\"\\u3010Super High Definition Picture Quality\\u30115 Mega-pixel, 1600P Full HD resolution with WDR that adjust the exposure balance both in darkness and strong light and produces a more clear and vibrant image. \\u3010SONY IMX335 Image Sensor\\u301170mai car rear view camera adopts Sony IMX335 image sensor, 1600 FHD resolution that adjust the exposure balance both in darkness and strong light and produces a more clear and vibrant image. \\u301024-Hour Parking Monitor\\u3011In parking mode, 70mai dash cam enters into sleeping mode but keeps monitoring vehicles. Built-in G-sensor, 70mai dash cam start recording videos itself if there is any collision occurs, and the footage of event will be stored. \\u3010Free Wi-Fi Connection\\u3011 Connect to the driving recorder free WIFI, you can watch the historical images real time, and download video to your mobile phone. \\u30105.0 Large IPS Screen \\u3011Dual recording, 70mai Car DVR has two cameras that allows for simultaneously recording videos from two different angles. Picture in Picture display will let you have clear view from front and back-up camera.\",\"inLanguage\":\"pt-PT\",\"isPartOf\":{\"@id\":\"https:\\\/\\\/www.rucashk.com\\\/pt\\\/#website\"},\"breadcrumb\":{\"@id\":\"https:\\\/\\\/www.rucashk.com\\\/pt\\\/produto\\\/70mai-rearview-mirror-dash-cam-wifi-1600p-hd\\\/#breadcrumblist\"},\"author\":{\"@id\":\"https:\\\/\\\/www.rucashk.com\\\/pt\\\/author\\\/admin\\\/#author\"},\"creator\":{\"@id\":\"https:\\\/\\\/www.rucashk.com\\\/pt\\\/author\\\/admin\\\/#author\"},\"image\":{\"@type\":\"ImageObject\",\"url\":\"https:\\\/\\\/www.rucashk.com\\\/wp-content\\\/uploads\\\/2024\\\/01\\\/1_\\u526f\\u672c-9-1.jpg\",\"@id\":\"https:\\\/\\\/www.rucashk.com\\\/pt\\\/produto\\\/70mai-rearview-mirror-dash-cam-wifi-1600p-hd\\\/#mainImage\",\"width\":800,\"height\":800},\"primaryImageOfPage\":{\"@id\":\"https:\\\/\\\/www.rucashk.com\\\/pt\\\/produto\\\/70mai-rearview-mirror-dash-cam-wifi-1600p-hd\\\/#mainImage\"},\"datePublished\":\"2024-01-09T15:55:03+00:00\",\"dateModified\":\"2024-03-13T06:42:49+00:00\"},{\"@type\":\"WebSite\",\"@id\":\"https:\\\/\\\/www.rucashk.com\\\/pt\\\/#website\",\"url\":\"https:\\\/\\\/www.rucashk.com\\\/pt\\\/\",\"name\":\"Rucas - Wholesale and distribution worldwide\",\"alternateName\":\"Rucas - One-stop AIoT Distribution Worldwide\",\"description\":\"One-stop AIoT Distribution Worldwide\",\"inLanguage\":\"pt-PT\",\"publisher\":{\"@id\":\"https:\\\/\\\/www.rucashk.com\\\/pt\\\/#organization\"}}]}\n\t\t<\/script>\n\t\t<!-- All in One SEO Pro -->\r\n\t\t<title>70mai Rearview Mirror Dash Cam Wifi 1600P HD - Rucas - Wholesale and Distribution<\/title>\n\n","aioseo_head_json":{"title":"70mai Rearview Mirror Dash Cam Wifi 1600P HD - Rucas - Wholesale and Distribution","description":"\u3010Super High Definition Picture Quality\u30115 Mega-pixel, 1600P Full HD resolution with WDR that adjust the exposure balance both in darkness and strong light and produces a more clear and vibrant image. \u3010SONY IMX335 Image Sensor\u301170mai car rear view camera adopts Sony IMX335 image sensor, 1600 FHD resolution that adjust the exposure balance both in darkness and strong light and produces a more clear and vibrant image. \u301024-Hour Parking Monitor\u3011In parking mode, 70mai dash cam enters into sleeping mode but keeps monitoring vehicles. Built-in G-sensor, 70mai dash cam start recording videos itself if there is any collision occurs, and the footage of event will be stored. \u3010Free Wi-Fi Connection\u3011 Connect to the driving recorder free WIFI, you can watch the historical images real time, and download video to your mobile phone. \u30105.0 Large IPS Screen \u3011Dual recording, 70mai Car DVR has two cameras that allows for simultaneously recording videos from two different angles. Picture in Picture display will let you have clear view from front and back-up camera.","canonical_url":"https:\/\/www.rucashk.com\/pt\/produto\/70mai-rearview-mirror-dash-cam-wifi-1600p-hd\/","robots":"max-image-preview:large","keywords":"","webmasterTools":{"miscellaneous":""},"og:locale":"pt_PT","og:site_name":"Rucas - One-stop AIoT Distribution Worldwide","og:type":"article","og:title":"70mai Rearview Mirror Dash Cam Wifi 1600P HD - Rucas - Wholesale and Distribution","og:description":"\u3010Super High Definition Picture Quality\u30115 Mega-pixel, 1600P Full HD resolution with WDR that adjust the exposure balance both in darkness and strong light and produces a more clear and vibrant image. \u3010SONY IMX335 Image Sensor\u301170mai car rear view camera adopts Sony IMX335 image sensor, 1600 FHD resolution that adjust the exposure balance both in darkness and strong light and produces a more clear and vibrant image. \u301024-Hour Parking Monitor\u3011In parking mode, 70mai dash cam enters into sleeping mode but keeps monitoring vehicles. Built-in G-sensor, 70mai dash cam start recording videos itself if there is any collision occurs, and the footage of event will be stored. \u3010Free Wi-Fi Connection\u3011 Connect to the driving recorder free WIFI, you can watch the historical images real time, and download video to your mobile phone. \u30105.0 Large IPS Screen \u3011Dual recording, 70mai Car DVR has two cameras that allows for simultaneously recording videos from two different angles. Picture in Picture display will let you have clear view from front and back-up camera.","og:url":"https:\/\/www.rucashk.com\/pt\/produto\/70mai-rearview-mirror-dash-cam-wifi-1600p-hd\/","og:image":"https:\/\/www.rucashk.com\/wp-content\/uploads\/replace\/503b8e645f128a97ccde2b6290747646.jpeg","og:image:secure_url":"https:\/\/www.rucashk.com\/wp-content\/uploads\/replace\/503b8e645f128a97ccde2b6290747646.jpeg","og:image:width":1456,"og:image:height":816,"article:published_time":"2024-01-09T15:55:03+00:00","article:modified_time":"2024-03-13T06:42:49+00:00","twitter:card":"summary_large_image","twitter:title":"70mai Rearview Mirror Dash Cam Wifi 1600P HD - Rucas - Wholesale and Distribution","twitter:description":"\u3010Super High Definition Picture Quality\u30115 Mega-pixel, 1600P Full HD resolution with WDR that adjust the exposure balance both in darkness and strong light and produces a more clear and vibrant image. \u3010SONY IMX335 Image Sensor\u301170mai car rear view camera adopts Sony IMX335 image sensor, 1600 FHD resolution that adjust the exposure balance both in darkness and strong light and produces a more clear and vibrant image. \u301024-Hour Parking Monitor\u3011In parking mode, 70mai dash cam enters into sleeping mode but keeps monitoring vehicles. Built-in G-sensor, 70mai dash cam start recording videos itself if there is any collision occurs, and the footage of event will be stored. \u3010Free Wi-Fi Connection\u3011 Connect to the driving recorder free WIFI, you can watch the historical images real time, and download video to your mobile phone. \u30105.0 Large IPS Screen \u3011Dual recording, 70mai Car DVR has two cameras that allows for simultaneously recording videos from two different angles. Picture in Picture display will let you have clear view from front and back-up camera.","twitter:image":"https:\/\/www.rucashk.com\/wp-content\/uploads\/replace\/503b8e645f128a97ccde2b6290747646.jpeg","schema":{"@context":"https:\/\/schema.org","@graph":[{"@type":"BreadcrumbList","@id":"https:\/\/www.rucashk.com\/pt\/produto\/70mai-rearview-mirror-dash-cam-wifi-1600p-hd\/#breadcrumblist","itemListElement":[{"@type":"ListItem","@id":"https:\/\/www.rucashk.com\/pt\/#listItem","position":1,"name":"Home","item":"https:\/\/www.rucashk.com\/pt\/","nextItem":"https:\/\/www.rucashk.com\/pt\/produto\/70mai-rearview-mirror-dash-cam-wifi-1600p-hd\/#listItem"},{"@type":"ListItem","@id":"https:\/\/www.rucashk.com\/pt\/produto\/70mai-rearview-mirror-dash-cam-wifi-1600p-hd\/#listItem","position":2,"name":"70mai Rearview Mirror Dash Cam Wifi 1600P HD","previousItem":"https:\/\/www.rucashk.com\/pt\/#listItem"}]},{"@type":"Organization","@id":"https:\/\/www.rucashk.com\/pt\/#organization","name":"Rucas","url":"https:\/\/www.rucashk.com\/pt\/","logo":{"@type":"ImageObject","url":"https:\/\/www.rucashk.com\/wp-content\/uploads\/2023\/12\/Rucas_campany_logo.png","@id":"https:\/\/www.rucashk.com\/pt\/produto\/70mai-rearview-mirror-dash-cam-wifi-1600p-hd\/#organizationLogo","width":221,"height":65},"image":{"@id":"https:\/\/www.rucashk.com\/pt\/#organizationLogo"}},{"@type":"Person","@id":"https:\/\/www.rucashk.com\/pt\/author\/admin\/#author","url":"https:\/\/www.rucashk.com\/pt\/author\/admin\/","name":"admin","image":{"@type":"ImageObject","@id":"https:\/\/www.rucashk.com\/pt\/produto\/70mai-rearview-mirror-dash-cam-wifi-1600p-hd\/#authorImage","url":"https:\/\/secure.gravatar.com\/avatar\/b7c8925b09a27e72b30232f8ecaadbd5af0f70a38c78096863fe51b64f031c24?s=96&d=mm&r=g","width":96,"height":96,"caption":"admin"}},{"@type":"WebPage","@id":"https:\/\/www.rucashk.com\/pt\/produto\/70mai-rearview-mirror-dash-cam-wifi-1600p-hd\/#webpage","url":"https:\/\/www.rucashk.com\/pt\/produto\/70mai-rearview-mirror-dash-cam-wifi-1600p-hd\/","name":"70mai Rearview Mirror Dash Cam Wifi 1600P HD - Rucas - Wholesale and Distribution","description":"\u3010Super High Definition Picture Quality\u30115 Mega-pixel, 1600P Full HD resolution with WDR that adjust the exposure balance both in darkness and strong light and produces a more clear and vibrant image. \u3010SONY IMX335 Image Sensor\u301170mai car rear view camera adopts Sony IMX335 image sensor, 1600 FHD resolution that adjust the exposure balance both in darkness and strong light and produces a more clear and vibrant image. \u301024-Hour Parking Monitor\u3011In parking mode, 70mai dash cam enters into sleeping mode but keeps monitoring vehicles. Built-in G-sensor, 70mai dash cam start recording videos itself if there is any collision occurs, and the footage of event will be stored. \u3010Free Wi-Fi Connection\u3011 Connect to the driving recorder free WIFI, you can watch the historical images real time, and download video to your mobile phone. \u30105.0 Large IPS Screen \u3011Dual recording, 70mai Car DVR has two cameras that allows for simultaneously recording videos from two different angles. Picture in Picture display will let you have clear view from front and back-up camera.","inLanguage":"pt-PT","isPartOf":{"@id":"https:\/\/www.rucashk.com\/pt\/#website"},"breadcrumb":{"@id":"https:\/\/www.rucashk.com\/pt\/produto\/70mai-rearview-mirror-dash-cam-wifi-1600p-hd\/#breadcrumblist"},"author":{"@id":"https:\/\/www.rucashk.com\/pt\/author\/admin\/#author"},"creator":{"@id":"https:\/\/www.rucashk.com\/pt\/author\/admin\/#author"},"image":{"@type":"ImageObject","url":"https:\/\/www.rucashk.com\/wp-content\/uploads\/2024\/01\/1_\u526f\u672c-9-1.jpg","@id":"https:\/\/www.rucashk.com\/pt\/produto\/70mai-rearview-mirror-dash-cam-wifi-1600p-hd\/#mainImage","width":800,"height":800},"primaryImageOfPage":{"@id":"https:\/\/www.rucashk.com\/pt\/produto\/70mai-rearview-mirror-dash-cam-wifi-1600p-hd\/#mainImage"},"datePublished":"2024-01-09T15:55:03+00:00","dateModified":"2024-03-13T06:42:49+00:00"},{"@type":"WebSite","@id":"https:\/\/www.rucashk.com\/pt\/#website","url":"https:\/\/www.rucashk.com\/pt\/","name":"Rucas - Wholesale and distribution worldwide","alternateName":"Rucas - One-stop AIoT Distribution Worldwide","description":"One-stop AIoT Distribution Worldwide","inLanguage":"pt-PT","publisher":{"@id":"https:\/\/www.rucashk.com\/pt\/#organization"}}]}},"aioseo_meta_data":{"post_id":"23499","title":null,"description":null,"keywords":null,"keyphrases":null,"primary_term":null,"canonical_url":null,"og_title":null,"og_description":null,"og_object_type":"default","og_image_type":"default","og_image_url":null,"og_image_width":null,"og_image_height":null,"og_image_custom_url":null,"og_image_custom_fields":null,"og_video":null,"og_custom_url":null,"og_article_section":null,"og_article_tags":null,"twitter_use_og":false,"twitter_card":"default","twitter_image_type":"default","twitter_image_url":null,"twitter_image_custom_url":null,"twitter_image_custom_fields":null,"twitter_title":null,"twitter_description":null,"schema":{"blockGraphs":[],"customGraphs":[],"default":{"data":{"Article":[],"Course":[],"Dataset":[],"FAQPage":[],"Movie":[],"Person":[],"Product":[],"Recipe":[],"Service":[],"SoftwareApplication":[],"WebPage":[]},"graphName":"","isEnabled":true},"graphs":[]},"schema_type":"default","schema_type_options":null,"pillar_content":false,"robots_default":true,"robots_noindex":false,"robots_noarchive":false,"robots_nosnippet":false,"robots_nofollow":false,"robots_noimageindex":false,"robots_noodp":false,"robots_notranslate":false,"robots_max_snippet":null,"robots_max_videopreview":null,"robots_max_imagepreview":"large","priority":null,"frequency":null,"local_seo":null,"breadcrumb_settings":null,"limit_modified_date":false,"created":"2024-04-11 01:57:05","updated":"2025-06-22 17:08:59"},"aioseo_breadcrumb":"<div class=\"aioseo-breadcrumbs\"><span class=\"aioseo-breadcrumb\">\n\t<a href=\"https:\/\/www.rucashk.com\/pt\" title=\"Home\">Home<\/a>\n<\/span><span class=\"aioseo-breadcrumb-separator\">&raquo;<\/span><span class=\"aioseo-breadcrumb\">\n\t<a href=\"https:\/\/www.rucashk.com\/pt\/products\/\" title=\"Produtos\">Produtos<\/a>\n<\/span><span class=\"aioseo-breadcrumb-separator\">&raquo;<\/span><span class=\"aioseo-breadcrumb\">\n\t<a href=\"https:\/\/www.rucashk.com\/pt\/categoria-produto\/e-vehicle-accessories\/\" title=\"E-Vehicle Accessories\">E-Vehicle Accessories<\/a>\n<\/span><span class=\"aioseo-breadcrumb-separator\">&raquo;<\/span><span class=\"aioseo-breadcrumb\">\n\t<a href=\"https:\/\/www.rucashk.com\/pt\/categoria-produto\/e-vehicle-accessories\/dash-camera\/\" title=\"Dash Camera\">Dash Camera<\/a>\n<\/span><span class=\"aioseo-breadcrumb-separator\">&raquo;<\/span><span class=\"aioseo-breadcrumb\">\n\t70mai Rearview Mirror Dash Cam Wifi 1600P HD\n<\/span><\/div>","aioseo_breadcrumb_json":[{"label":"Home","link":"https:\/\/www.rucashk.com\/pt"},{"label":"Produtos","link":"https:\/\/www.rucashk.com\/pt\/products\/"},{"label":"E-Vehicle Accessories","link":"https:\/\/www.rucashk.com\/pt\/categoria-produto\/e-vehicle-accessories\/"},{"label":"Dash Camera","link":"https:\/\/www.rucashk.com\/pt\/categoria-produto\/e-vehicle-accessories\/dash-camera\/"},{"label":"70mai Rearview Mirror Dash Cam Wifi 1600P HD","link":"https:\/\/www.rucashk.com\/pt\/produto\/70mai-rearview-mirror-dash-cam-wifi-1600p-hd\/"}],"_links":{"self":[{"href":"https:\/\/www.rucashk.com\/pt\/wp-json\/wp\/v2\/product\/23499","targetHints":{"allow":["GET"]}}],"collection":[{"href":"https:\/\/www.rucashk.com\/pt\/wp-json\/wp\/v2\/product"}],"about":[{"href":"https:\/\/www.rucashk.com\/pt\/wp-json\/wp\/v2\/types\/product"}],"wp:featuredmedia":[{"embeddable":true,"href":"https:\/\/www.rucashk.com\/pt\/wp-json\/wp\/v2\/media\/23613"}],"wp:attachment":[{"href":"https:\/\/www.rucashk.com\/pt\/wp-json\/wp\/v2\/media?parent=23499"}],"wp:term":[{"taxonomy":"product_brand","embeddable":true,"href":"https:\/\/www.rucashk.com\/pt\/wp-json\/wp\/v2\/product_brand?post=23499"},{"taxonomy":"product_cat","embeddable":true,"href":"https:\/\/www.rucashk.com\/pt\/wp-json\/wp\/v2\/product_cat?post=23499"},{"taxonomy":"product_tag","embeddable":true,"href":"https:\/\/www.rucashk.com\/pt\/wp-json\/wp\/v2\/product_tag?post=23499"}],"curies":[{"name":"wp","href":"https:\/\/api.w.org\/{rel}","templated":true}]}}