{"id":23498,"date":"2024-01-09T15:55:03","date_gmt":"2024-01-09T15:55:03","guid":{"rendered":"http:\/\/rucashk.com\/?post_type=product&#038;p=23498"},"modified":"2024-03-13T06:42:28","modified_gmt":"2024-03-13T06:42:28","slug":"70mai-rearview-mirror-dash-cam-d04","status":"publish","type":"product","link":"https:\/\/www.rucashk.com\/pt\/produto\/70mai-rearview-mirror-dash-cam-d04\/","title":{"rendered":"70Mai Espelho Retrovisor Dash Cam D04"},"content":{"rendered":"<p><img decoding=\"async\" alt=\"70Mai Rearview Mirror Dash Cam D04\" src=\"\/wp-content\/uploads\/replace\/8a0ee36ee8d662f6ef6c7a0526c1c9e8.jpeg\" \/><img decoding=\"async\" alt=\"70Mai Rearview Mirror Dash Cam D04\" src=\"\/wp-content\/uploads\/replace\/07b23d0998b29910e241eb0c66f28781.jpeg\" \/><img decoding=\"async\" alt=\"70Mai Rearview Mirror Dash Cam D04\" src=\"\/wp-content\/uploads\/replace\/1e66a5f92b5e7abf21fbdcdf1d3bf099.jpeg\" \/><img decoding=\"async\" alt=\"70Mai Rearview Mirror Dash Cam D04\" src=\"\/wp-content\/uploads\/replace\/b8b074cba5eb646e64321f22a55ff45f.jpeg\" \/><img decoding=\"async\" alt=\"70Mai Rearview Mirror Dash Cam D04\" src=\"\/wp-content\/uploads\/replace\/e70542490600441994966b4fd208fccf.jpeg\" \/><img decoding=\"async\" alt=\"70Mai Rearview Mirror Dash Cam D04\" src=\"\/wp-content\/uploads\/replace\/7de485cb9dad574256955fb21899750f.jpeg\" \/><\/p>","protected":false},"excerpt":{"rendered":"<p><b>Principais caracter\u00edsticas:<\/b><br \/>\n\u25cf<b>Sensor G<\/b><br \/>\nDevido \u00e0 tecnologia do sensor G, o DVR pode iniciar a grava\u00e7\u00e3o automaticamente quando uma colis\u00e3o for detectada. Filmagens bloqueadas no arquivo de eventos separadas do arquivo normal para evitar serem substitu\u00eddas<br \/>\n\u25cf<b>Desemba\u00e7ar<\/b><br \/>\nO algoritmo Defog pode efetivamente reduzir a distor\u00e7\u00e3o ou degrada\u00e7\u00e3o das imagens e reproduzir uma vis\u00e3o clara ao dirigir em ambientes com fuma\u00e7a e neblina<br \/>\n\u25cf<b>WDR<\/b><br \/>\nA tecnologia WDR pode ajustar o equil\u00edbrio da exposi\u00e7\u00e3o, permitindo que a c\u00e2mera capte maiores detalhes na escurid\u00e3o e nos realces, permitindo que a c\u00e2mera do painel processe mais luz no sensor e produza uma imagem mais vibrante<br \/>\n\u25cf<b>Grande angular de 140 graus<\/b><br \/>\nA grande angular de 140 graus permite que um \u00e2ngulo de vis\u00e3o maior seja gravado e permite que os motoristas vejam 4 faixas de tr\u00e1fego. Junto com 6 vidros, ele pode fornecer transmiss\u00e3o de luz, gravando v\u00eddeo cristalino<br \/>\n\u25cf<b>Monitor de estacionamento 24 horas<\/b><br \/>\nNo modo de estacionamento, ele entra no modo de hiberna\u00e7\u00e3o, mas continua monitorando os ve\u00edculos<br \/>\nO lapso de tempo permite o uso eficiente do armazenamento e substitui automaticamente as filmagens mais antigas pelas mais recentes<br \/>\n\u25cf<b>Sistema avan\u00e7ado de assist\u00eancia ao motorista (ADAS)<\/b><br \/>\nUm recurso de seguran\u00e7a moderno e altamente sofisticado projetado para aumentar a seguran\u00e7a ao dirigir<\/p>","protected":false},"featured_media":23608,"template":"","meta":[],"product_brand":[],"product_cat":[1289,1288],"product_tag":[901],"class_list":{"0":"post-23498","1":"product","2":"type-product","3":"status-publish","4":"has-post-thumbnail","6":"product_cat-dash-camera","7":"product_cat-e-vehicle-accessories","8":"product_tag-70mai-rearview-mirror-dash-cam-d04","10":"first","11":"instock","12":"shipping-taxable","13":"product-type-external"},"aioseo_notices":[],"aioseo_head":"\n\t\t<!-- All in One SEO Pro 4.5.9.2 - aioseo.com -->\n\t\t<meta name=\"description\" content=\"Main Features: \u25cfG-sensor Due to the G-sensor technology, the DVR can automatically start recording when collision detected. Footage locked in Event File separated from regular file to avoid being overwritten \u25cfDefog Defog algorithm can effectively reduce distortion or degradation of images and reproduce a clear vision while driving in smoke and haze environment \u25cfWDR WDR technology can adjust exposure balance, enabling the camera to pick up greater detail in darkness and highlights, allowing the dash cam to process more light on the sensor and produce a more vibrant image \u25cf140deg Wide Angle 140-degree wide-angle allows a larger viewing angle to be recorded, and enables drivers to see 4 lanes of traffic. Along with 6 glass, it can provide light transmission, thus recording crystal clear video \u25cf24 Hour Parking Monitor In parking mode, it enters into sleeping mode but keeps monitoring vehicles The time-lapse allows efficiently use of storage, and automatically overwritten the oldest footages with the latest ones \u25cfAdvanced Driver Assistant System ( ADAS ) A modern highly sophisticated safety feature designed to boost driving safety\" \/>\n\t\t<meta name=\"robots\" content=\"max-image-preview:large\" \/>\n\t\t<link rel=\"canonical\" href=\"https:\/\/www.rucashk.com\/pt\/produto\/70mai-rearview-mirror-dash-cam-d04\/\" \/>\n\t\t<meta name=\"generator\" content=\"All in One SEO Pro (AIOSEO) 4.5.9.2\" \/>\n\t\t<meta property=\"og:locale\" content=\"pt_PT\" \/>\n\t\t<meta property=\"og:site_name\" content=\"Rucas - One-stop AIoT Distribution Worldwide\" \/>\n\t\t<meta property=\"og:type\" content=\"article\" \/>\n\t\t<meta property=\"og:title\" content=\"70Mai Rearview Mirror Dash Cam D04 - Rucas - Wholesale and Distribution\" \/>\n\t\t<meta property=\"og:description\" content=\"Main Features: \u25cfG-sensor Due to the G-sensor technology, the DVR can automatically start recording when collision detected. Footage locked in Event File separated from regular file to avoid being overwritten \u25cfDefog Defog algorithm can effectively reduce distortion or degradation of images and reproduce a clear vision while driving in smoke and haze environment \u25cfWDR WDR technology can adjust exposure balance, enabling the camera to pick up greater detail in darkness and highlights, allowing the dash cam to process more light on the sensor and produce a more vibrant image \u25cf140deg Wide Angle 140-degree wide-angle allows a larger viewing angle to be recorded, and enables drivers to see 4 lanes of traffic. Along with 6 glass, it can provide light transmission, thus recording crystal clear video \u25cf24 Hour Parking Monitor In parking mode, it enters into sleeping mode but keeps monitoring vehicles The time-lapse allows efficiently use of storage, and automatically overwritten the oldest footages with the latest ones \u25cfAdvanced Driver Assistant System ( ADAS ) A modern highly sophisticated safety feature designed to boost driving safety\" \/>\n\t\t<meta property=\"og:url\" content=\"https:\/\/www.rucashk.com\/pt\/produto\/70mai-rearview-mirror-dash-cam-d04\/\" \/>\n\t\t<meta property=\"og:image\" content=\"https:\/\/www.rucashk.com\/wp-content\/uploads\/replace\/503b8e645f128a97ccde2b6290747646.jpeg\" \/>\n\t\t<meta property=\"og:image:secure_url\" content=\"https:\/\/www.rucashk.com\/wp-content\/uploads\/replace\/503b8e645f128a97ccde2b6290747646.jpeg\" \/>\n\t\t<meta property=\"og:image:width\" content=\"1456\" \/>\n\t\t<meta property=\"og:image:height\" content=\"816\" \/>\n\t\t<meta property=\"article:published_time\" content=\"2024-01-09T15:55:03+00:00\" \/>\n\t\t<meta property=\"article:modified_time\" content=\"2024-03-13T06:42:28+00:00\" \/>\n\t\t<meta name=\"twitter:card\" content=\"summary_large_image\" \/>\n\t\t<meta name=\"twitter:title\" content=\"70Mai Rearview Mirror Dash Cam D04 - Rucas - Wholesale and Distribution\" \/>\n\t\t<meta name=\"twitter:description\" content=\"Main Features: \u25cfG-sensor Due to the G-sensor technology, the DVR can automatically start recording when collision detected. Footage locked in Event File separated from regular file to avoid being overwritten \u25cfDefog Defog algorithm can effectively reduce distortion or degradation of images and reproduce a clear vision while driving in smoke and haze environment \u25cfWDR WDR technology can adjust exposure balance, enabling the camera to pick up greater detail in darkness and highlights, allowing the dash cam to process more light on the sensor and produce a more vibrant image \u25cf140deg Wide Angle 140-degree wide-angle allows a larger viewing angle to be recorded, and enables drivers to see 4 lanes of traffic. Along with 6 glass, it can provide light transmission, thus recording crystal clear video \u25cf24 Hour Parking Monitor In parking mode, it enters into sleeping mode but keeps monitoring vehicles The time-lapse allows efficiently use of storage, and automatically overwritten the oldest footages with the latest ones \u25cfAdvanced Driver Assistant System ( ADAS ) A modern highly sophisticated safety feature designed to boost driving safety\" \/>\n\t\t<meta name=\"twitter:image\" content=\"https:\/\/www.rucashk.com\/wp-content\/uploads\/replace\/503b8e645f128a97ccde2b6290747646.jpeg\" \/>\n\t\t<script type=\"application\/ld+json\" class=\"aioseo-schema\">\n\t\t\t{\"@context\":\"https:\\\/\\\/schema.org\",\"@graph\":[{\"@type\":\"BreadcrumbList\",\"@id\":\"https:\\\/\\\/www.rucashk.com\\\/pt\\\/produto\\\/70mai-rearview-mirror-dash-cam-d04\\\/#breadcrumblist\",\"itemListElement\":[{\"@type\":\"ListItem\",\"@id\":\"https:\\\/\\\/www.rucashk.com\\\/pt\\\/#listItem\",\"position\":1,\"name\":\"Home\",\"item\":\"https:\\\/\\\/www.rucashk.com\\\/pt\\\/\",\"nextItem\":\"https:\\\/\\\/www.rucashk.com\\\/pt\\\/produto\\\/70mai-rearview-mirror-dash-cam-d04\\\/#listItem\"},{\"@type\":\"ListItem\",\"@id\":\"https:\\\/\\\/www.rucashk.com\\\/pt\\\/produto\\\/70mai-rearview-mirror-dash-cam-d04\\\/#listItem\",\"position\":2,\"name\":\"70Mai Rearview Mirror Dash Cam D04\",\"previousItem\":\"https:\\\/\\\/www.rucashk.com\\\/pt\\\/#listItem\"}]},{\"@type\":\"Organization\",\"@id\":\"https:\\\/\\\/www.rucashk.com\\\/pt\\\/#organization\",\"name\":\"Rucas\",\"url\":\"https:\\\/\\\/www.rucashk.com\\\/pt\\\/\",\"logo\":{\"@type\":\"ImageObject\",\"url\":\"https:\\\/\\\/www.rucashk.com\\\/wp-content\\\/uploads\\\/2023\\\/12\\\/Rucas_campany_logo.png\",\"@id\":\"https:\\\/\\\/www.rucashk.com\\\/pt\\\/produto\\\/70mai-rearview-mirror-dash-cam-d04\\\/#organizationLogo\",\"width\":221,\"height\":65},\"image\":{\"@id\":\"https:\\\/\\\/www.rucashk.com\\\/pt\\\/#organizationLogo\"}},{\"@type\":\"Person\",\"@id\":\"https:\\\/\\\/www.rucashk.com\\\/pt\\\/author\\\/admin\\\/#author\",\"url\":\"https:\\\/\\\/www.rucashk.com\\\/pt\\\/author\\\/admin\\\/\",\"name\":\"admin\",\"image\":{\"@type\":\"ImageObject\",\"@id\":\"https:\\\/\\\/www.rucashk.com\\\/pt\\\/produto\\\/70mai-rearview-mirror-dash-cam-d04\\\/#authorImage\",\"url\":\"https:\\\/\\\/secure.gravatar.com\\\/avatar\\\/b7c8925b09a27e72b30232f8ecaadbd5af0f70a38c78096863fe51b64f031c24?s=96&d=mm&r=g\",\"width\":96,\"height\":96,\"caption\":\"admin\"}},{\"@type\":\"WebPage\",\"@id\":\"https:\\\/\\\/www.rucashk.com\\\/pt\\\/produto\\\/70mai-rearview-mirror-dash-cam-d04\\\/#webpage\",\"url\":\"https:\\\/\\\/www.rucashk.com\\\/pt\\\/produto\\\/70mai-rearview-mirror-dash-cam-d04\\\/\",\"name\":\"70Mai Rearview Mirror Dash Cam D04 - Rucas - Wholesale and Distribution\",\"description\":\"Main Features: \\u25cfG-sensor Due to the G-sensor technology, the DVR can automatically start recording when collision detected. Footage locked in Event File separated from regular file to avoid being overwritten \\u25cfDefog Defog algorithm can effectively reduce distortion or degradation of images and reproduce a clear vision while driving in smoke and haze environment \\u25cfWDR WDR technology can adjust exposure balance, enabling the camera to pick up greater detail in darkness and highlights, allowing the dash cam to process more light on the sensor and produce a more vibrant image \\u25cf140deg Wide Angle 140-degree wide-angle allows a larger viewing angle to be recorded, and enables drivers to see 4 lanes of traffic. Along with 6 glass, it can provide light transmission, thus recording crystal clear video \\u25cf24 Hour Parking Monitor In parking mode, it enters into sleeping mode but keeps monitoring vehicles The time-lapse allows efficiently use of storage, and automatically overwritten the oldest footages with the latest ones \\u25cfAdvanced Driver Assistant System ( ADAS ) A modern highly sophisticated safety feature designed to boost driving safety\",\"inLanguage\":\"pt-PT\",\"isPartOf\":{\"@id\":\"https:\\\/\\\/www.rucashk.com\\\/pt\\\/#website\"},\"breadcrumb\":{\"@id\":\"https:\\\/\\\/www.rucashk.com\\\/pt\\\/produto\\\/70mai-rearview-mirror-dash-cam-d04\\\/#breadcrumblist\"},\"author\":{\"@id\":\"https:\\\/\\\/www.rucashk.com\\\/pt\\\/author\\\/admin\\\/#author\"},\"creator\":{\"@id\":\"https:\\\/\\\/www.rucashk.com\\\/pt\\\/author\\\/admin\\\/#author\"},\"image\":{\"@type\":\"ImageObject\",\"url\":\"https:\\\/\\\/www.rucashk.com\\\/wp-content\\\/uploads\\\/2024\\\/01\\\/1.4_\\u526f\\u672c-2-2.jpg\",\"@id\":\"https:\\\/\\\/www.rucashk.com\\\/pt\\\/produto\\\/70mai-rearview-mirror-dash-cam-d04\\\/#mainImage\",\"width\":800,\"height\":800},\"primaryImageOfPage\":{\"@id\":\"https:\\\/\\\/www.rucashk.com\\\/pt\\\/produto\\\/70mai-rearview-mirror-dash-cam-d04\\\/#mainImage\"},\"datePublished\":\"2024-01-09T15:55:03+00:00\",\"dateModified\":\"2024-03-13T06:42:28+00:00\"},{\"@type\":\"WebSite\",\"@id\":\"https:\\\/\\\/www.rucashk.com\\\/pt\\\/#website\",\"url\":\"https:\\\/\\\/www.rucashk.com\\\/pt\\\/\",\"name\":\"Rucas - Wholesale and distribution worldwide\",\"alternateName\":\"Rucas - One-stop AIoT Distribution Worldwide\",\"description\":\"One-stop AIoT Distribution Worldwide\",\"inLanguage\":\"pt-PT\",\"publisher\":{\"@id\":\"https:\\\/\\\/www.rucashk.com\\\/pt\\\/#organization\"}}]}\n\t\t<\/script>\n\t\t<!-- All in One SEO Pro -->\r\n\t\t<title>70Mai Rearview Mirror Dash Cam D04 - Rucas - Wholesale and Distribution<\/title>\n\n","aioseo_head_json":{"title":"70Mai Rearview Mirror Dash Cam D04 - Rucas - Wholesale and Distribution","description":"Main Features: \u25cfG-sensor Due to the G-sensor technology, the DVR can automatically start recording when collision detected. Footage locked in Event File separated from regular file to avoid being overwritten \u25cfDefog Defog algorithm can effectively reduce distortion or degradation of images and reproduce a clear vision while driving in smoke and haze environment \u25cfWDR WDR technology can adjust exposure balance, enabling the camera to pick up greater detail in darkness and highlights, allowing the dash cam to process more light on the sensor and produce a more vibrant image \u25cf140deg Wide Angle 140-degree wide-angle allows a larger viewing angle to be recorded, and enables drivers to see 4 lanes of traffic. Along with 6 glass, it can provide light transmission, thus recording crystal clear video \u25cf24 Hour Parking Monitor In parking mode, it enters into sleeping mode but keeps monitoring vehicles The time-lapse allows efficiently use of storage, and automatically overwritten the oldest footages with the latest ones \u25cfAdvanced Driver Assistant System ( ADAS ) A modern highly sophisticated safety feature designed to boost driving safety","canonical_url":"https:\/\/www.rucashk.com\/pt\/produto\/70mai-rearview-mirror-dash-cam-d04\/","robots":"max-image-preview:large","keywords":"","webmasterTools":{"miscellaneous":""},"og:locale":"pt_PT","og:site_name":"Rucas - One-stop AIoT Distribution Worldwide","og:type":"article","og:title":"70Mai Rearview Mirror Dash Cam D04 - Rucas - Wholesale and Distribution","og:description":"Main Features: \u25cfG-sensor Due to the G-sensor technology, the DVR can automatically start recording when collision detected. Footage locked in Event File separated from regular file to avoid being overwritten \u25cfDefog Defog algorithm can effectively reduce distortion or degradation of images and reproduce a clear vision while driving in smoke and haze environment \u25cfWDR WDR technology can adjust exposure balance, enabling the camera to pick up greater detail in darkness and highlights, allowing the dash cam to process more light on the sensor and produce a more vibrant image \u25cf140deg Wide Angle 140-degree wide-angle allows a larger viewing angle to be recorded, and enables drivers to see 4 lanes of traffic. Along with 6 glass, it can provide light transmission, thus recording crystal clear video \u25cf24 Hour Parking Monitor In parking mode, it enters into sleeping mode but keeps monitoring vehicles The time-lapse allows efficiently use of storage, and automatically overwritten the oldest footages with the latest ones \u25cfAdvanced Driver Assistant System ( ADAS ) A modern highly sophisticated safety feature designed to boost driving safety","og:url":"https:\/\/www.rucashk.com\/pt\/produto\/70mai-rearview-mirror-dash-cam-d04\/","og:image":"https:\/\/www.rucashk.com\/wp-content\/uploads\/replace\/503b8e645f128a97ccde2b6290747646.jpeg","og:image:secure_url":"https:\/\/www.rucashk.com\/wp-content\/uploads\/replace\/503b8e645f128a97ccde2b6290747646.jpeg","og:image:width":1456,"og:image:height":816,"article:published_time":"2024-01-09T15:55:03+00:00","article:modified_time":"2024-03-13T06:42:28+00:00","twitter:card":"summary_large_image","twitter:title":"70Mai Rearview Mirror Dash Cam D04 - Rucas - Wholesale and Distribution","twitter:description":"Main Features: \u25cfG-sensor Due to the G-sensor technology, the DVR can automatically start recording when collision detected. Footage locked in Event File separated from regular file to avoid being overwritten \u25cfDefog Defog algorithm can effectively reduce distortion or degradation of images and reproduce a clear vision while driving in smoke and haze environment \u25cfWDR WDR technology can adjust exposure balance, enabling the camera to pick up greater detail in darkness and highlights, allowing the dash cam to process more light on the sensor and produce a more vibrant image \u25cf140deg Wide Angle 140-degree wide-angle allows a larger viewing angle to be recorded, and enables drivers to see 4 lanes of traffic. Along with 6 glass, it can provide light transmission, thus recording crystal clear video \u25cf24 Hour Parking Monitor In parking mode, it enters into sleeping mode but keeps monitoring vehicles The time-lapse allows efficiently use of storage, and automatically overwritten the oldest footages with the latest ones \u25cfAdvanced Driver Assistant System ( ADAS ) A modern highly sophisticated safety feature designed to boost driving safety","twitter:image":"https:\/\/www.rucashk.com\/wp-content\/uploads\/replace\/503b8e645f128a97ccde2b6290747646.jpeg","schema":{"@context":"https:\/\/schema.org","@graph":[{"@type":"BreadcrumbList","@id":"https:\/\/www.rucashk.com\/pt\/produto\/70mai-rearview-mirror-dash-cam-d04\/#breadcrumblist","itemListElement":[{"@type":"ListItem","@id":"https:\/\/www.rucashk.com\/pt\/#listItem","position":1,"name":"Home","item":"https:\/\/www.rucashk.com\/pt\/","nextItem":"https:\/\/www.rucashk.com\/pt\/produto\/70mai-rearview-mirror-dash-cam-d04\/#listItem"},{"@type":"ListItem","@id":"https:\/\/www.rucashk.com\/pt\/produto\/70mai-rearview-mirror-dash-cam-d04\/#listItem","position":2,"name":"70Mai Rearview Mirror Dash Cam D04","previousItem":"https:\/\/www.rucashk.com\/pt\/#listItem"}]},{"@type":"Organization","@id":"https:\/\/www.rucashk.com\/pt\/#organization","name":"Rucas","url":"https:\/\/www.rucashk.com\/pt\/","logo":{"@type":"ImageObject","url":"https:\/\/www.rucashk.com\/wp-content\/uploads\/2023\/12\/Rucas_campany_logo.png","@id":"https:\/\/www.rucashk.com\/pt\/produto\/70mai-rearview-mirror-dash-cam-d04\/#organizationLogo","width":221,"height":65},"image":{"@id":"https:\/\/www.rucashk.com\/pt\/#organizationLogo"}},{"@type":"Person","@id":"https:\/\/www.rucashk.com\/pt\/author\/admin\/#author","url":"https:\/\/www.rucashk.com\/pt\/author\/admin\/","name":"admin","image":{"@type":"ImageObject","@id":"https:\/\/www.rucashk.com\/pt\/produto\/70mai-rearview-mirror-dash-cam-d04\/#authorImage","url":"https:\/\/secure.gravatar.com\/avatar\/b7c8925b09a27e72b30232f8ecaadbd5af0f70a38c78096863fe51b64f031c24?s=96&d=mm&r=g","width":96,"height":96,"caption":"admin"}},{"@type":"WebPage","@id":"https:\/\/www.rucashk.com\/pt\/produto\/70mai-rearview-mirror-dash-cam-d04\/#webpage","url":"https:\/\/www.rucashk.com\/pt\/produto\/70mai-rearview-mirror-dash-cam-d04\/","name":"70Mai Rearview Mirror Dash Cam D04 - Rucas - Wholesale and Distribution","description":"Main Features: \u25cfG-sensor Due to the G-sensor technology, the DVR can automatically start recording when collision detected. Footage locked in Event File separated from regular file to avoid being overwritten \u25cfDefog Defog algorithm can effectively reduce distortion or degradation of images and reproduce a clear vision while driving in smoke and haze environment \u25cfWDR WDR technology can adjust exposure balance, enabling the camera to pick up greater detail in darkness and highlights, allowing the dash cam to process more light on the sensor and produce a more vibrant image \u25cf140deg Wide Angle 140-degree wide-angle allows a larger viewing angle to be recorded, and enables drivers to see 4 lanes of traffic. Along with 6 glass, it can provide light transmission, thus recording crystal clear video \u25cf24 Hour Parking Monitor In parking mode, it enters into sleeping mode but keeps monitoring vehicles The time-lapse allows efficiently use of storage, and automatically overwritten the oldest footages with the latest ones \u25cfAdvanced Driver Assistant System ( ADAS ) A modern highly sophisticated safety feature designed to boost driving safety","inLanguage":"pt-PT","isPartOf":{"@id":"https:\/\/www.rucashk.com\/pt\/#website"},"breadcrumb":{"@id":"https:\/\/www.rucashk.com\/pt\/produto\/70mai-rearview-mirror-dash-cam-d04\/#breadcrumblist"},"author":{"@id":"https:\/\/www.rucashk.com\/pt\/author\/admin\/#author"},"creator":{"@id":"https:\/\/www.rucashk.com\/pt\/author\/admin\/#author"},"image":{"@type":"ImageObject","url":"https:\/\/www.rucashk.com\/wp-content\/uploads\/2024\/01\/1.4_\u526f\u672c-2-2.jpg","@id":"https:\/\/www.rucashk.com\/pt\/produto\/70mai-rearview-mirror-dash-cam-d04\/#mainImage","width":800,"height":800},"primaryImageOfPage":{"@id":"https:\/\/www.rucashk.com\/pt\/produto\/70mai-rearview-mirror-dash-cam-d04\/#mainImage"},"datePublished":"2024-01-09T15:55:03+00:00","dateModified":"2024-03-13T06:42:28+00:00"},{"@type":"WebSite","@id":"https:\/\/www.rucashk.com\/pt\/#website","url":"https:\/\/www.rucashk.com\/pt\/","name":"Rucas - Wholesale and distribution worldwide","alternateName":"Rucas - One-stop AIoT Distribution Worldwide","description":"One-stop AIoT Distribution Worldwide","inLanguage":"pt-PT","publisher":{"@id":"https:\/\/www.rucashk.com\/pt\/#organization"}}]}},"aioseo_meta_data":{"post_id":"23498","title":null,"description":null,"keywords":null,"keyphrases":null,"primary_term":null,"canonical_url":null,"og_title":null,"og_description":null,"og_object_type":"default","og_image_type":"default","og_image_url":null,"og_image_width":null,"og_image_height":null,"og_image_custom_url":null,"og_image_custom_fields":null,"og_video":null,"og_custom_url":null,"og_article_section":null,"og_article_tags":null,"twitter_use_og":false,"twitter_card":"default","twitter_image_type":"default","twitter_image_url":null,"twitter_image_custom_url":null,"twitter_image_custom_fields":null,"twitter_title":null,"twitter_description":null,"schema":{"blockGraphs":[],"customGraphs":[],"default":{"data":{"Article":[],"Course":[],"Dataset":[],"FAQPage":[],"Movie":[],"Person":[],"Product":[],"Recipe":[],"Service":[],"SoftwareApplication":[],"WebPage":[]},"graphName":"","isEnabled":true},"graphs":[]},"schema_type":"default","schema_type_options":null,"pillar_content":false,"robots_default":true,"robots_noindex":false,"robots_noarchive":false,"robots_nosnippet":false,"robots_nofollow":false,"robots_noimageindex":false,"robots_noodp":false,"robots_notranslate":false,"robots_max_snippet":null,"robots_max_videopreview":null,"robots_max_imagepreview":"large","priority":null,"frequency":null,"local_seo":null,"breadcrumb_settings":null,"limit_modified_date":false,"created":"2024-04-11 01:57:05","updated":"2025-06-22 17:08:59"},"aioseo_breadcrumb":"<div class=\"aioseo-breadcrumbs\"><span class=\"aioseo-breadcrumb\">\n\t<a href=\"https:\/\/www.rucashk.com\/pt\" title=\"Home\">Home<\/a>\n<\/span><span class=\"aioseo-breadcrumb-separator\">&raquo;<\/span><span class=\"aioseo-breadcrumb\">\n\t<a href=\"https:\/\/www.rucashk.com\/pt\/products\/\" title=\"Produtos\">Produtos<\/a>\n<\/span><span class=\"aioseo-breadcrumb-separator\">&raquo;<\/span><span class=\"aioseo-breadcrumb\">\n\t<a href=\"https:\/\/www.rucashk.com\/pt\/categoria-produto\/e-vehicle-accessories\/\" title=\"E-Vehicle Accessories\">E-Vehicle Accessories<\/a>\n<\/span><span class=\"aioseo-breadcrumb-separator\">&raquo;<\/span><span class=\"aioseo-breadcrumb\">\n\t<a href=\"https:\/\/www.rucashk.com\/pt\/categoria-produto\/e-vehicle-accessories\/dash-camera\/\" title=\"Dash Camera\">Dash Camera<\/a>\n<\/span><span class=\"aioseo-breadcrumb-separator\">&raquo;<\/span><span class=\"aioseo-breadcrumb\">\n\t70Mai Rearview Mirror Dash Cam D04\n<\/span><\/div>","aioseo_breadcrumb_json":[{"label":"Home","link":"https:\/\/www.rucashk.com\/pt"},{"label":"Produtos","link":"https:\/\/www.rucashk.com\/pt\/products\/"},{"label":"E-Vehicle Accessories","link":"https:\/\/www.rucashk.com\/pt\/categoria-produto\/e-vehicle-accessories\/"},{"label":"Dash Camera","link":"https:\/\/www.rucashk.com\/pt\/categoria-produto\/e-vehicle-accessories\/dash-camera\/"},{"label":"70Mai Rearview Mirror Dash Cam D04","link":"https:\/\/www.rucashk.com\/pt\/produto\/70mai-rearview-mirror-dash-cam-d04\/"}],"_links":{"self":[{"href":"https:\/\/www.rucashk.com\/pt\/wp-json\/wp\/v2\/product\/23498","targetHints":{"allow":["GET"]}}],"collection":[{"href":"https:\/\/www.rucashk.com\/pt\/wp-json\/wp\/v2\/product"}],"about":[{"href":"https:\/\/www.rucashk.com\/pt\/wp-json\/wp\/v2\/types\/product"}],"wp:featuredmedia":[{"embeddable":true,"href":"https:\/\/www.rucashk.com\/pt\/wp-json\/wp\/v2\/media\/23608"}],"wp:attachment":[{"href":"https:\/\/www.rucashk.com\/pt\/wp-json\/wp\/v2\/media?parent=23498"}],"wp:term":[{"taxonomy":"product_brand","embeddable":true,"href":"https:\/\/www.rucashk.com\/pt\/wp-json\/wp\/v2\/product_brand?post=23498"},{"taxonomy":"product_cat","embeddable":true,"href":"https:\/\/www.rucashk.com\/pt\/wp-json\/wp\/v2\/product_cat?post=23498"},{"taxonomy":"product_tag","embeddable":true,"href":"https:\/\/www.rucashk.com\/pt\/wp-json\/wp\/v2\/product_tag?post=23498"}],"curies":[{"name":"wp","href":"https:\/\/api.w.org\/{rel}","templated":true}]}}