{"id":23457,"date":"2024-01-09T15:54:39","date_gmt":"2024-01-09T15:54:39","guid":{"rendered":"http:\/\/rucashk.com\/?post_type=product&#038;p=23457"},"modified":"2024-03-13T07:06:20","modified_gmt":"2024-03-13T07:06:20","slug":"meizu-m10","status":"publish","type":"product","link":"https:\/\/www.rucashk.com\/pt\/produto\/meizu-m10\/","title":{"rendered":"Meizu M10"},"content":{"rendered":"<p><img fetchpriority=\"high\" decoding=\"async\" class=\"alignnone size-full wp-image-17393\" src=\"\/wp-content\/uploads\/replace\/42807f12d45a314ca6023ae18e5826d8.jpeg\" alt=\"Meizu M10\" width=\"1573\" height=\"709\" \/><img decoding=\"async\" class=\"alignnone size-full wp-image-17394\" src=\"\/wp-content\/uploads\/replace\/c98d4987cb72009c629b32d66d69f57f.png\" alt=\"Meizu M10\" width=\"1580\" height=\"695\" \/><img decoding=\"async\" class=\"alignnone size-full wp-image-17395\" src=\"\/wp-content\/uploads\/replace\/6f77ad61695208450be1394785eab418.jpeg\" alt=\"Meizu M10\" width=\"1537\" height=\"612\" \/><img loading=\"lazy\" decoding=\"async\" class=\"alignnone size-full wp-image-17396\" src=\"\/wp-content\/uploads\/replace\/2f88d81150635be25f6005e7b8a9850b.png\" alt=\"Meizu M10\" width=\"1584\" height=\"653\" \/><img loading=\"lazy\" decoding=\"async\" class=\"alignnone size-full wp-image-17397\" src=\"\/wp-content\/uploads\/replace\/35831b9500a56a619b9a4ced5e2f1c03.png\" alt=\"Meizu M10\" width=\"1580\" height=\"671\" \/><img loading=\"lazy\" decoding=\"async\" class=\"alignnone size-full wp-image-17398\" src=\"\/wp-content\/uploads\/replace\/cfbb1bf2b874505d12a208162f0ac5e7.png\" alt=\"Meizu M10\" width=\"1571\" height=\"655\" \/><img loading=\"lazy\" decoding=\"async\" class=\"alignnone size-full wp-image-17399\" src=\"\/wp-content\/uploads\/replace\/aa76e5b93c88c8c6935715bf9714bb79.jpeg\" alt=\"Meizu M10\" width=\"1576\" height=\"639\" \/><\/p>","protected":false},"excerpt":{"rendered":"<div class=\"title-font-style\"><strong>Informa\u00e7\u00e3o b\u00e1sica:<\/strong><\/div>\n<div class=\"desc-font-style\">\n<p><span class=\"desc-1\">largura:<\/span>76,33 mm<\/p>\n<p><span class=\"desc-1\">altura:<\/span>164,87 mm<\/p>\n<p><span class=\"desc-1\">grossura:<\/span>8,45 mm<\/p>\n<p><span class=\"desc-1\">peso:<\/span>184g<\/p>\n<p><span class=\"desc-1\">bateria:<\/span>4000mAh \uff08valor t\u00edpico\uff09<\/p>\n<p><span class=\"desc-1\">Ram+rom:<\/span>2 GB + 32 GB \/ 3 GB + 32 GB<\/p>\n<\/div>","protected":false},"featured_media":23594,"template":"","meta":[],"product_brand":[],"product_cat":[1295],"product_tag":[896],"class_list":{"0":"post-23457","1":"product","2":"type-product","3":"status-publish","4":"has-post-thumbnail","6":"product_cat-mobile-phone","7":"product_tag-meizu-m10","9":"first","10":"instock","11":"shipping-taxable","12":"product-type-external"},"aioseo_notices":[],"aioseo_head":"\n\t\t<!-- All in One SEO Pro 4.5.9.2 - aioseo.com -->\n\t\t<meta name=\"description\" content=\"Basic information: width:76.33mm height:164.87mm thickness:8.45mm weight:184g battery:4000mAh\uff08typical value\uff09 Ram+rom:2GB+32GB \/ 3GB+32GB\" \/>\n\t\t<meta name=\"robots\" content=\"max-image-preview:large\" \/>\n\t\t<link rel=\"canonical\" href=\"https:\/\/www.rucashk.com\/pt\/produto\/meizu-m10\/\" \/>\n\t\t<meta name=\"generator\" content=\"All in One SEO Pro (AIOSEO) 4.5.9.2\" \/>\n\t\t<meta property=\"og:locale\" content=\"pt_PT\" \/>\n\t\t<meta property=\"og:site_name\" content=\"Rucas - One-stop AIoT Distribution Worldwide\" \/>\n\t\t<meta property=\"og:type\" content=\"article\" \/>\n\t\t<meta property=\"og:title\" content=\"Meizu M10 - Rucas - Wholesale and Distribution\" \/>\n\t\t<meta property=\"og:description\" content=\"Basic information: width:76.33mm height:164.87mm thickness:8.45mm weight:184g battery:4000mAh\uff08typical value\uff09 Ram+rom:2GB+32GB \/ 3GB+32GB\" \/>\n\t\t<meta property=\"og:url\" content=\"https:\/\/www.rucashk.com\/pt\/produto\/meizu-m10\/\" \/>\n\t\t<meta property=\"og:image\" content=\"https:\/\/www.rucashk.com\/wp-content\/uploads\/replace\/503b8e645f128a97ccde2b6290747646.jpeg\" \/>\n\t\t<meta property=\"og:image:secure_url\" content=\"https:\/\/www.rucashk.com\/wp-content\/uploads\/replace\/503b8e645f128a97ccde2b6290747646.jpeg\" \/>\n\t\t<meta property=\"og:image:width\" content=\"1456\" \/>\n\t\t<meta property=\"og:image:height\" content=\"816\" \/>\n\t\t<meta property=\"article:published_time\" content=\"2024-01-09T15:54:39+00:00\" \/>\n\t\t<meta property=\"article:modified_time\" content=\"2024-03-13T07:06:20+00:00\" \/>\n\t\t<meta name=\"twitter:card\" content=\"summary_large_image\" \/>\n\t\t<meta name=\"twitter:title\" content=\"Meizu M10 - Rucas - Wholesale and Distribution\" \/>\n\t\t<meta name=\"twitter:description\" content=\"Basic information: width:76.33mm height:164.87mm thickness:8.45mm weight:184g battery:4000mAh\uff08typical value\uff09 Ram+rom:2GB+32GB \/ 3GB+32GB\" \/>\n\t\t<meta name=\"twitter:image\" content=\"https:\/\/www.rucashk.com\/wp-content\/uploads\/replace\/503b8e645f128a97ccde2b6290747646.jpeg\" \/>\n\t\t<script type=\"application\/ld+json\" class=\"aioseo-schema\">\n\t\t\t{\"@context\":\"https:\\\/\\\/schema.org\",\"@graph\":[{\"@type\":\"BreadcrumbList\",\"@id\":\"https:\\\/\\\/www.rucashk.com\\\/pt\\\/produto\\\/meizu-m10\\\/#breadcrumblist\",\"itemListElement\":[{\"@type\":\"ListItem\",\"@id\":\"https:\\\/\\\/www.rucashk.com\\\/pt\\\/#listItem\",\"position\":1,\"name\":\"Home\",\"item\":\"https:\\\/\\\/www.rucashk.com\\\/pt\\\/\",\"nextItem\":\"https:\\\/\\\/www.rucashk.com\\\/pt\\\/produto\\\/meizu-m10\\\/#listItem\"},{\"@type\":\"ListItem\",\"@id\":\"https:\\\/\\\/www.rucashk.com\\\/pt\\\/produto\\\/meizu-m10\\\/#listItem\",\"position\":2,\"name\":\"Meizu M10\",\"previousItem\":\"https:\\\/\\\/www.rucashk.com\\\/pt\\\/#listItem\"}]},{\"@type\":\"Organization\",\"@id\":\"https:\\\/\\\/www.rucashk.com\\\/pt\\\/#organization\",\"name\":\"Rucas\",\"url\":\"https:\\\/\\\/www.rucashk.com\\\/pt\\\/\",\"logo\":{\"@type\":\"ImageObject\",\"url\":\"https:\\\/\\\/www.rucashk.com\\\/wp-content\\\/uploads\\\/2023\\\/12\\\/Rucas_campany_logo.png\",\"@id\":\"https:\\\/\\\/www.rucashk.com\\\/pt\\\/produto\\\/meizu-m10\\\/#organizationLogo\",\"width\":221,\"height\":65},\"image\":{\"@id\":\"https:\\\/\\\/www.rucashk.com\\\/pt\\\/#organizationLogo\"}},{\"@type\":\"Person\",\"@id\":\"https:\\\/\\\/www.rucashk.com\\\/pt\\\/author\\\/admin\\\/#author\",\"url\":\"https:\\\/\\\/www.rucashk.com\\\/pt\\\/author\\\/admin\\\/\",\"name\":\"admin\",\"image\":{\"@type\":\"ImageObject\",\"@id\":\"https:\\\/\\\/www.rucashk.com\\\/pt\\\/produto\\\/meizu-m10\\\/#authorImage\",\"url\":\"https:\\\/\\\/secure.gravatar.com\\\/avatar\\\/b7c8925b09a27e72b30232f8ecaadbd5af0f70a38c78096863fe51b64f031c24?s=96&d=mm&r=g\",\"width\":96,\"height\":96,\"caption\":\"admin\"}},{\"@type\":\"WebPage\",\"@id\":\"https:\\\/\\\/www.rucashk.com\\\/pt\\\/produto\\\/meizu-m10\\\/#webpage\",\"url\":\"https:\\\/\\\/www.rucashk.com\\\/pt\\\/produto\\\/meizu-m10\\\/\",\"name\":\"Meizu M10 - Rucas - Wholesale and Distribution\",\"description\":\"Basic information: width:76.33mm height:164.87mm thickness:8.45mm weight:184g battery:4000mAh\\uff08typical value\\uff09 Ram+rom:2GB+32GB \\\/ 3GB+32GB\",\"inLanguage\":\"pt-PT\",\"isPartOf\":{\"@id\":\"https:\\\/\\\/www.rucashk.com\\\/pt\\\/#website\"},\"breadcrumb\":{\"@id\":\"https:\\\/\\\/www.rucashk.com\\\/pt\\\/produto\\\/meizu-m10\\\/#breadcrumblist\"},\"author\":{\"@id\":\"https:\\\/\\\/www.rucashk.com\\\/pt\\\/author\\\/admin\\\/#author\"},\"creator\":{\"@id\":\"https:\\\/\\\/www.rucashk.com\\\/pt\\\/author\\\/admin\\\/#author\"},\"image\":{\"@type\":\"ImageObject\",\"url\":\"https:\\\/\\\/www.rucashk.com\\\/wp-content\\\/uploads\\\/2024\\\/01\\\/3_\\u526f\\u672c-5-1.jpg\",\"@id\":\"https:\\\/\\\/www.rucashk.com\\\/pt\\\/produto\\\/meizu-m10\\\/#mainImage\",\"width\":800,\"height\":800},\"primaryImageOfPage\":{\"@id\":\"https:\\\/\\\/www.rucashk.com\\\/pt\\\/produto\\\/meizu-m10\\\/#mainImage\"},\"datePublished\":\"2024-01-09T15:54:39+00:00\",\"dateModified\":\"2024-03-13T07:06:20+00:00\"},{\"@type\":\"WebSite\",\"@id\":\"https:\\\/\\\/www.rucashk.com\\\/pt\\\/#website\",\"url\":\"https:\\\/\\\/www.rucashk.com\\\/pt\\\/\",\"name\":\"Rucas - Wholesale and distribution worldwide\",\"alternateName\":\"Rucas - One-stop AIoT Distribution Worldwide\",\"description\":\"One-stop AIoT Distribution Worldwide\",\"inLanguage\":\"pt-PT\",\"publisher\":{\"@id\":\"https:\\\/\\\/www.rucashk.com\\\/pt\\\/#organization\"}}]}\n\t\t<\/script>\n\t\t<!-- All in One SEO Pro -->\r\n\t\t<title>Meizu M10 - Rucas - Wholesale and Distribution<\/title>\n\n","aioseo_head_json":{"title":"Meizu M10 - Rucas - Wholesale and Distribution","description":"Basic information: width:76.33mm height:164.87mm thickness:8.45mm weight:184g battery:4000mAh\uff08typical value\uff09 Ram+rom:2GB+32GB \/ 3GB+32GB","canonical_url":"https:\/\/www.rucashk.com\/pt\/produto\/meizu-m10\/","robots":"max-image-preview:large","keywords":"","webmasterTools":{"miscellaneous":""},"og:locale":"pt_PT","og:site_name":"Rucas - One-stop AIoT Distribution Worldwide","og:type":"article","og:title":"Meizu M10 - Rucas - Wholesale and Distribution","og:description":"Basic information: width:76.33mm height:164.87mm thickness:8.45mm weight:184g battery:4000mAh\uff08typical value\uff09 Ram+rom:2GB+32GB \/ 3GB+32GB","og:url":"https:\/\/www.rucashk.com\/pt\/produto\/meizu-m10\/","og:image":"https:\/\/www.rucashk.com\/wp-content\/uploads\/replace\/503b8e645f128a97ccde2b6290747646.jpeg","og:image:secure_url":"https:\/\/www.rucashk.com\/wp-content\/uploads\/replace\/503b8e645f128a97ccde2b6290747646.jpeg","og:image:width":1456,"og:image:height":816,"article:published_time":"2024-01-09T15:54:39+00:00","article:modified_time":"2024-03-13T07:06:20+00:00","twitter:card":"summary_large_image","twitter:title":"Meizu M10 - Rucas - Wholesale and Distribution","twitter:description":"Basic information: width:76.33mm height:164.87mm thickness:8.45mm weight:184g battery:4000mAh\uff08typical value\uff09 Ram+rom:2GB+32GB \/ 3GB+32GB","twitter:image":"https:\/\/www.rucashk.com\/wp-content\/uploads\/replace\/503b8e645f128a97ccde2b6290747646.jpeg","schema":{"@context":"https:\/\/schema.org","@graph":[{"@type":"BreadcrumbList","@id":"https:\/\/www.rucashk.com\/pt\/produto\/meizu-m10\/#breadcrumblist","itemListElement":[{"@type":"ListItem","@id":"https:\/\/www.rucashk.com\/pt\/#listItem","position":1,"name":"Home","item":"https:\/\/www.rucashk.com\/pt\/","nextItem":"https:\/\/www.rucashk.com\/pt\/produto\/meizu-m10\/#listItem"},{"@type":"ListItem","@id":"https:\/\/www.rucashk.com\/pt\/produto\/meizu-m10\/#listItem","position":2,"name":"Meizu M10","previousItem":"https:\/\/www.rucashk.com\/pt\/#listItem"}]},{"@type":"Organization","@id":"https:\/\/www.rucashk.com\/pt\/#organization","name":"Rucas","url":"https:\/\/www.rucashk.com\/pt\/","logo":{"@type":"ImageObject","url":"https:\/\/www.rucashk.com\/wp-content\/uploads\/2023\/12\/Rucas_campany_logo.png","@id":"https:\/\/www.rucashk.com\/pt\/produto\/meizu-m10\/#organizationLogo","width":221,"height":65},"image":{"@id":"https:\/\/www.rucashk.com\/pt\/#organizationLogo"}},{"@type":"Person","@id":"https:\/\/www.rucashk.com\/pt\/author\/admin\/#author","url":"https:\/\/www.rucashk.com\/pt\/author\/admin\/","name":"admin","image":{"@type":"ImageObject","@id":"https:\/\/www.rucashk.com\/pt\/produto\/meizu-m10\/#authorImage","url":"https:\/\/secure.gravatar.com\/avatar\/b7c8925b09a27e72b30232f8ecaadbd5af0f70a38c78096863fe51b64f031c24?s=96&d=mm&r=g","width":96,"height":96,"caption":"admin"}},{"@type":"WebPage","@id":"https:\/\/www.rucashk.com\/pt\/produto\/meizu-m10\/#webpage","url":"https:\/\/www.rucashk.com\/pt\/produto\/meizu-m10\/","name":"Meizu M10 - Rucas - Wholesale and Distribution","description":"Basic information: width:76.33mm height:164.87mm thickness:8.45mm weight:184g battery:4000mAh\uff08typical value\uff09 Ram+rom:2GB+32GB \/ 3GB+32GB","inLanguage":"pt-PT","isPartOf":{"@id":"https:\/\/www.rucashk.com\/pt\/#website"},"breadcrumb":{"@id":"https:\/\/www.rucashk.com\/pt\/produto\/meizu-m10\/#breadcrumblist"},"author":{"@id":"https:\/\/www.rucashk.com\/pt\/author\/admin\/#author"},"creator":{"@id":"https:\/\/www.rucashk.com\/pt\/author\/admin\/#author"},"image":{"@type":"ImageObject","url":"https:\/\/www.rucashk.com\/wp-content\/uploads\/2024\/01\/3_\u526f\u672c-5-1.jpg","@id":"https:\/\/www.rucashk.com\/pt\/produto\/meizu-m10\/#mainImage","width":800,"height":800},"primaryImageOfPage":{"@id":"https:\/\/www.rucashk.com\/pt\/produto\/meizu-m10\/#mainImage"},"datePublished":"2024-01-09T15:54:39+00:00","dateModified":"2024-03-13T07:06:20+00:00"},{"@type":"WebSite","@id":"https:\/\/www.rucashk.com\/pt\/#website","url":"https:\/\/www.rucashk.com\/pt\/","name":"Rucas - Wholesale and distribution worldwide","alternateName":"Rucas - One-stop AIoT Distribution Worldwide","description":"One-stop AIoT Distribution Worldwide","inLanguage":"pt-PT","publisher":{"@id":"https:\/\/www.rucashk.com\/pt\/#organization"}}]}},"aioseo_meta_data":{"post_id":"23457","title":null,"description":null,"keywords":null,"keyphrases":null,"primary_term":null,"canonical_url":null,"og_title":null,"og_description":null,"og_object_type":"default","og_image_type":"default","og_image_url":null,"og_image_width":null,"og_image_height":null,"og_image_custom_url":null,"og_image_custom_fields":null,"og_video":null,"og_custom_url":null,"og_article_section":null,"og_article_tags":null,"twitter_use_og":false,"twitter_card":"default","twitter_image_type":"default","twitter_image_url":null,"twitter_image_custom_url":null,"twitter_image_custom_fields":null,"twitter_title":null,"twitter_description":null,"schema":{"blockGraphs":[],"customGraphs":[],"default":{"data":{"Article":[],"Course":[],"Dataset":[],"FAQPage":[],"Movie":[],"Person":[],"Product":[],"Recipe":[],"Service":[],"SoftwareApplication":[],"WebPage":[]},"graphName":"","isEnabled":true},"graphs":[]},"schema_type":"default","schema_type_options":null,"pillar_content":false,"robots_default":true,"robots_noindex":false,"robots_noarchive":false,"robots_nosnippet":false,"robots_nofollow":false,"robots_noimageindex":false,"robots_noodp":false,"robots_notranslate":false,"robots_max_snippet":null,"robots_max_videopreview":null,"robots_max_imagepreview":"large","priority":null,"frequency":null,"local_seo":null,"breadcrumb_settings":null,"limit_modified_date":false,"created":"2024-04-11 01:57:05","updated":"2025-06-22 17:08:58"},"aioseo_breadcrumb":"<div class=\"aioseo-breadcrumbs\"><span class=\"aioseo-breadcrumb\">\n\t<a href=\"https:\/\/www.rucashk.com\/pt\" title=\"Home\">Home<\/a>\n<\/span><span class=\"aioseo-breadcrumb-separator\">&raquo;<\/span><span class=\"aioseo-breadcrumb\">\n\t<a href=\"https:\/\/www.rucashk.com\/pt\/products\/\" title=\"Produtos\">Produtos<\/a>\n<\/span><span class=\"aioseo-breadcrumb-separator\">&raquo;<\/span><span class=\"aioseo-breadcrumb\">\n\t<a href=\"https:\/\/www.rucashk.com\/pt\/categoria-produto\/mobile-phone\/\" title=\"Mobile Phone\">Mobile Phone<\/a>\n<\/span><span class=\"aioseo-breadcrumb-separator\">&raquo;<\/span><span class=\"aioseo-breadcrumb\">\n\tMeizu M10\n<\/span><\/div>","aioseo_breadcrumb_json":[{"label":"Home","link":"https:\/\/www.rucashk.com\/pt"},{"label":"Produtos","link":"https:\/\/www.rucashk.com\/pt\/products\/"},{"label":"Mobile Phone","link":"https:\/\/www.rucashk.com\/pt\/categoria-produto\/mobile-phone\/"},{"label":"Meizu M10","link":"https:\/\/www.rucashk.com\/pt\/produto\/meizu-m10\/"}],"_links":{"self":[{"href":"https:\/\/www.rucashk.com\/pt\/wp-json\/wp\/v2\/product\/23457","targetHints":{"allow":["GET"]}}],"collection":[{"href":"https:\/\/www.rucashk.com\/pt\/wp-json\/wp\/v2\/product"}],"about":[{"href":"https:\/\/www.rucashk.com\/pt\/wp-json\/wp\/v2\/types\/product"}],"wp:featuredmedia":[{"embeddable":true,"href":"https:\/\/www.rucashk.com\/pt\/wp-json\/wp\/v2\/media\/23594"}],"wp:attachment":[{"href":"https:\/\/www.rucashk.com\/pt\/wp-json\/wp\/v2\/media?parent=23457"}],"wp:term":[{"taxonomy":"product_brand","embeddable":true,"href":"https:\/\/www.rucashk.com\/pt\/wp-json\/wp\/v2\/product_brand?post=23457"},{"taxonomy":"product_cat","embeddable":true,"href":"https:\/\/www.rucashk.com\/pt\/wp-json\/wp\/v2\/product_cat?post=23457"},{"taxonomy":"product_tag","embeddable":true,"href":"https:\/\/www.rucashk.com\/pt\/wp-json\/wp\/v2\/product_tag?post=23457"}],"curies":[{"name":"wp","href":"https:\/\/api.w.org\/{rel}","templated":true}]}}