{"id":23419,"date":"2024-01-09T15:54:17","date_gmt":"2024-01-09T15:54:17","guid":{"rendered":"http:\/\/rucashk.com\/?post_type=product&#038;p=23419"},"modified":"2025-06-22T06:35:04","modified_gmt":"2025-06-22T06:35:04","slug":"qcy-m1c-earhpones","status":"publish","type":"product","link":"https:\/\/www.rucashk.com\/pt\/produto\/qcy-m1c-earhpones\/","title":{"rendered":"Fones de ouvido QCY M1C"},"content":{"rendered":"<h2 style=\"text-align: center\">Fones de ouvido QCY M1C<\/h2>\n<p><img fetchpriority=\"high\" decoding=\"async\" class=\"aligncenter\" src=\"\/wp-content\/uploads\/replace\/19c9feef1a77f032161a48107fc7b04f.jpeg\" alt=\"QCY M1C Earhpones\" width=\"1000\" height=\"496\" \/><img decoding=\"async\" class=\"aligncenter\" src=\"\/wp-content\/uploads\/replace\/ae5fdca82bb4fd695947549e7191c311.jpeg\" alt=\"QCY M1C Earhpones\" width=\"1000\" height=\"352\" \/><img decoding=\"async\" class=\"aligncenter\" src=\"\/wp-content\/uploads\/replace\/82fe1a406e101b64a9f796c08bfa33d5.jpeg\" alt=\"QCY M1C Earhpones\" width=\"1000\" height=\"513\" \/><img loading=\"lazy\" decoding=\"async\" class=\"aligncenter\" src=\"\/wp-content\/uploads\/replace\/4aa0feb634c698113f4a98146ba868d5.jpeg\" alt=\"QCY M1C Earhpones\" width=\"1000\" height=\"544\" \/><img loading=\"lazy\" decoding=\"async\" class=\"aligncenter\" src=\"\/wp-content\/uploads\/replace\/d6519fdb9157754e754fe16f42235e4e.jpeg\" alt=\"QCY M1C Earhpones\" width=\"1000\" height=\"463\" \/><img loading=\"lazy\" decoding=\"async\" class=\"aligncenter\" src=\"\/wp-content\/uploads\/replace\/915510a1212781fe3eaa162b3c5f4a05.jpeg\" alt=\"QCY M1C Earhpones\" width=\"1000\" height=\"539\" \/><\/p>","protected":false},"excerpt":{"rendered":"<p><b>Principais caracter\u00edsticas:<\/b><br \/>\n\u25cf<b>Interruptor Magn\u00e9tico<\/b><br \/>\nO design de adsor\u00e7\u00e3o magn\u00e9tica permite atender ou encerrar chamadas de maneira inteligente, conectando e separando os fones de ouvido<br \/>\n\u25cf<b>CSR8645, Bluetooth 4.2 e apt-X<\/b><br \/>\nFornece som HD e bom sinal sem fio e tamb\u00e9m \u00e9 compat\u00edvel com a maioria dos dispositivos habilitados para Bluetooth. Mais efici\u00eancia energ\u00e9tica e menos atraso<br \/>\n\u25cf<b>Driver din\u00e2mico de 12 mm de di\u00e2metro<\/b><br \/>\nMostrando um tom maravilhoso de baixa frequ\u00eancia e enriquecendo os graves din\u00e2micos<br \/>\n\u25cf<b>Tecnologia de cancelamento de ru\u00eddo CVC 6.0<\/b><br \/>\nAo reduzir o ru\u00eddo de fundo, voc\u00ea pode obter conversas telef\u00f4nicas de alta qualidade e com viva-voz, mesmo em um ambiente barulhento<br \/>\n\u25cf<b>Bateria de longa dura\u00e7\u00e3o<\/b><br \/>\nAt\u00e9 7 horas de reprodu\u00e7\u00e3o cont\u00ednua e at\u00e9 200 horas em standby com carga total. Deixe-se sentir a alegria de se mover ao som da sua m\u00fasica favorita<br \/>\n\u25cf<b>Compatibilidade universal<\/b><br \/>\nCompatibilidade com smartphones e tablets. Voc\u00ea pode curtir m\u00fasica em diferentes dispositivos<\/p>","protected":false},"featured_media":23558,"template":"","meta":[],"product_brand":[1417],"product_cat":[1311,1305],"product_tag":[887],"class_list":{"0":"post-23419","1":"product","2":"type-product","3":"status-publish","4":"has-post-thumbnail","6":"product_brand-qcy","7":"product_cat-qcy-earphone","8":"product_cat-xiaomi-eco","9":"product_tag-qcy-m1c","11":"first","12":"instock","13":"shipping-taxable","14":"product-type-external"},"aioseo_notices":[],"aioseo_head":"\n\t\t<!-- All in One SEO Pro 4.5.9.2 - aioseo.com -->\n\t\t<meta name=\"description\" content=\"Main Features\uff1a \u25cfMagnetic Switch The magnetic adsorption design enables you to intelligently answer or end phone calls by attaching and separating the earbuds \u25cfCSR8645, Bluetooth 4.2 and apt-X Provides HD sound and good wireless signal and is also compatible with most Bluetooth-enabled devices. More energy efficiency and less delay \u25cfDiameter 12mm Dynamic Driver Showing low-frequency wonderful tone and enriching the dynamic bass \u25cfCVC Noise Cancellation 6.0 Technology By reducing background noise, you can get high quality and hands-free phone conversation even you are in a noisy environment \u25cfLong Battery Life Up to 7 hours of continuous play time and up to 200 hours of standby time on a full charge. Let yourself feel the joy of moving to your favorite music \u25cfUniversal compatibility Compatibility with smartphones and tablets. You can enjoy music on different devices\" \/>\n\t\t<meta name=\"robots\" content=\"max-image-preview:large\" \/>\n\t\t<link rel=\"canonical\" href=\"https:\/\/www.rucashk.com\/pt\/produto\/qcy-m1c-earhpones\/\" \/>\n\t\t<meta name=\"generator\" content=\"All in One SEO Pro (AIOSEO) 4.5.9.2\" \/>\n\t\t<meta property=\"og:locale\" content=\"pt_PT\" \/>\n\t\t<meta property=\"og:site_name\" content=\"Rucas - One-stop AIoT Distribution Worldwide\" \/>\n\t\t<meta property=\"og:type\" content=\"article\" \/>\n\t\t<meta property=\"og:title\" content=\"QCY M1C Earhpones - Rucas - Wholesale and Distribution\" \/>\n\t\t<meta property=\"og:description\" content=\"Main Features\uff1a \u25cfMagnetic Switch The magnetic adsorption design enables you to intelligently answer or end phone calls by attaching and separating the earbuds \u25cfCSR8645, Bluetooth 4.2 and apt-X Provides HD sound and good wireless signal and is also compatible with most Bluetooth-enabled devices. More energy efficiency and less delay \u25cfDiameter 12mm Dynamic Driver Showing low-frequency wonderful tone and enriching the dynamic bass \u25cfCVC Noise Cancellation 6.0 Technology By reducing background noise, you can get high quality and hands-free phone conversation even you are in a noisy environment \u25cfLong Battery Life Up to 7 hours of continuous play time and up to 200 hours of standby time on a full charge. Let yourself feel the joy of moving to your favorite music \u25cfUniversal compatibility Compatibility with smartphones and tablets. You can enjoy music on different devices\" \/>\n\t\t<meta property=\"og:url\" content=\"https:\/\/www.rucashk.com\/pt\/produto\/qcy-m1c-earhpones\/\" \/>\n\t\t<meta property=\"og:image\" content=\"https:\/\/www.rucashk.com\/wp-content\/uploads\/replace\/503b8e645f128a97ccde2b6290747646.jpeg\" \/>\n\t\t<meta property=\"og:image:secure_url\" content=\"https:\/\/www.rucashk.com\/wp-content\/uploads\/replace\/503b8e645f128a97ccde2b6290747646.jpeg\" \/>\n\t\t<meta property=\"og:image:width\" content=\"1456\" \/>\n\t\t<meta property=\"og:image:height\" content=\"816\" \/>\n\t\t<meta property=\"article:published_time\" content=\"2024-01-09T15:54:17+00:00\" \/>\n\t\t<meta property=\"article:modified_time\" content=\"2025-06-22T06:35:04+00:00\" \/>\n\t\t<meta name=\"twitter:card\" content=\"summary_large_image\" \/>\n\t\t<meta name=\"twitter:title\" content=\"QCY M1C Earhpones - Rucas - Wholesale and Distribution\" \/>\n\t\t<meta name=\"twitter:description\" content=\"Main Features\uff1a \u25cfMagnetic Switch The magnetic adsorption design enables you to intelligently answer or end phone calls by attaching and separating the earbuds \u25cfCSR8645, Bluetooth 4.2 and apt-X Provides HD sound and good wireless signal and is also compatible with most Bluetooth-enabled devices. More energy efficiency and less delay \u25cfDiameter 12mm Dynamic Driver Showing low-frequency wonderful tone and enriching the dynamic bass \u25cfCVC Noise Cancellation 6.0 Technology By reducing background noise, you can get high quality and hands-free phone conversation even you are in a noisy environment \u25cfLong Battery Life Up to 7 hours of continuous play time and up to 200 hours of standby time on a full charge. Let yourself feel the joy of moving to your favorite music \u25cfUniversal compatibility Compatibility with smartphones and tablets. You can enjoy music on different devices\" \/>\n\t\t<meta name=\"twitter:image\" content=\"https:\/\/www.rucashk.com\/wp-content\/uploads\/replace\/503b8e645f128a97ccde2b6290747646.jpeg\" \/>\n\t\t<script type=\"application\/ld+json\" class=\"aioseo-schema\">\n\t\t\t{\"@context\":\"https:\\\/\\\/schema.org\",\"@graph\":[{\"@type\":\"BreadcrumbList\",\"@id\":\"https:\\\/\\\/www.rucashk.com\\\/pt\\\/produto\\\/qcy-m1c-earhpones\\\/#breadcrumblist\",\"itemListElement\":[{\"@type\":\"ListItem\",\"@id\":\"https:\\\/\\\/www.rucashk.com\\\/pt\\\/#listItem\",\"position\":1,\"name\":\"Home\",\"item\":\"https:\\\/\\\/www.rucashk.com\\\/pt\\\/\",\"nextItem\":\"https:\\\/\\\/www.rucashk.com\\\/pt\\\/produto\\\/qcy-m1c-earhpones\\\/#listItem\"},{\"@type\":\"ListItem\",\"@id\":\"https:\\\/\\\/www.rucashk.com\\\/pt\\\/produto\\\/qcy-m1c-earhpones\\\/#listItem\",\"position\":2,\"name\":\"QCY M1C Earhpones\",\"previousItem\":\"https:\\\/\\\/www.rucashk.com\\\/pt\\\/#listItem\"}]},{\"@type\":\"Organization\",\"@id\":\"https:\\\/\\\/www.rucashk.com\\\/pt\\\/#organization\",\"name\":\"Rucas\",\"url\":\"https:\\\/\\\/www.rucashk.com\\\/pt\\\/\",\"logo\":{\"@type\":\"ImageObject\",\"url\":\"https:\\\/\\\/www.rucashk.com\\\/wp-content\\\/uploads\\\/2023\\\/12\\\/Rucas_campany_logo.png\",\"@id\":\"https:\\\/\\\/www.rucashk.com\\\/pt\\\/produto\\\/qcy-m1c-earhpones\\\/#organizationLogo\",\"width\":221,\"height\":65},\"image\":{\"@id\":\"https:\\\/\\\/www.rucashk.com\\\/pt\\\/#organizationLogo\"}},{\"@type\":\"Person\",\"@id\":\"https:\\\/\\\/www.rucashk.com\\\/pt\\\/author\\\/admin\\\/#author\",\"url\":\"https:\\\/\\\/www.rucashk.com\\\/pt\\\/author\\\/admin\\\/\",\"name\":\"admin\",\"image\":{\"@type\":\"ImageObject\",\"@id\":\"https:\\\/\\\/www.rucashk.com\\\/pt\\\/produto\\\/qcy-m1c-earhpones\\\/#authorImage\",\"url\":\"https:\\\/\\\/secure.gravatar.com\\\/avatar\\\/b7c8925b09a27e72b30232f8ecaadbd5af0f70a38c78096863fe51b64f031c24?s=96&d=mm&r=g\",\"width\":96,\"height\":96,\"caption\":\"admin\"}},{\"@type\":\"WebPage\",\"@id\":\"https:\\\/\\\/www.rucashk.com\\\/pt\\\/produto\\\/qcy-m1c-earhpones\\\/#webpage\",\"url\":\"https:\\\/\\\/www.rucashk.com\\\/pt\\\/produto\\\/qcy-m1c-earhpones\\\/\",\"name\":\"QCY M1C Earhpones - Rucas - Wholesale and Distribution\",\"description\":\"Main Features\\uff1a \\u25cfMagnetic Switch The magnetic adsorption design enables you to intelligently answer or end phone calls by attaching and separating the earbuds \\u25cfCSR8645, Bluetooth 4.2 and apt-X Provides HD sound and good wireless signal and is also compatible with most Bluetooth-enabled devices. More energy efficiency and less delay \\u25cfDiameter 12mm Dynamic Driver Showing low-frequency wonderful tone and enriching the dynamic bass \\u25cfCVC Noise Cancellation 6.0 Technology By reducing background noise, you can get high quality and hands-free phone conversation even you are in a noisy environment \\u25cfLong Battery Life Up to 7 hours of continuous play time and up to 200 hours of standby time on a full charge. Let yourself feel the joy of moving to your favorite music \\u25cfUniversal compatibility Compatibility with smartphones and tablets. You can enjoy music on different devices\",\"inLanguage\":\"pt-PT\",\"isPartOf\":{\"@id\":\"https:\\\/\\\/www.rucashk.com\\\/pt\\\/#website\"},\"breadcrumb\":{\"@id\":\"https:\\\/\\\/www.rucashk.com\\\/pt\\\/produto\\\/qcy-m1c-earhpones\\\/#breadcrumblist\"},\"author\":{\"@id\":\"https:\\\/\\\/www.rucashk.com\\\/pt\\\/author\\\/admin\\\/#author\"},\"creator\":{\"@id\":\"https:\\\/\\\/www.rucashk.com\\\/pt\\\/author\\\/admin\\\/#author\"},\"image\":{\"@type\":\"ImageObject\",\"url\":\"https:\\\/\\\/www.rucashk.com\\\/wp-content\\\/uploads\\\/2024\\\/01\\\/5_\\u526f\\u672c-1-1.jpg\",\"@id\":\"https:\\\/\\\/www.rucashk.com\\\/pt\\\/produto\\\/qcy-m1c-earhpones\\\/#mainImage\",\"width\":800,\"height\":800},\"primaryImageOfPage\":{\"@id\":\"https:\\\/\\\/www.rucashk.com\\\/pt\\\/produto\\\/qcy-m1c-earhpones\\\/#mainImage\"},\"datePublished\":\"2024-01-09T15:54:17+00:00\",\"dateModified\":\"2025-06-22T06:35:04+00:00\"},{\"@type\":\"WebSite\",\"@id\":\"https:\\\/\\\/www.rucashk.com\\\/pt\\\/#website\",\"url\":\"https:\\\/\\\/www.rucashk.com\\\/pt\\\/\",\"name\":\"Rucas - Wholesale and distribution worldwide\",\"alternateName\":\"Rucas - One-stop AIoT Distribution Worldwide\",\"description\":\"One-stop AIoT Distribution Worldwide\",\"inLanguage\":\"pt-PT\",\"publisher\":{\"@id\":\"https:\\\/\\\/www.rucashk.com\\\/pt\\\/#organization\"}}]}\n\t\t<\/script>\n\t\t<!-- All in One SEO Pro -->\r\n\t\t<title>QCY M1C Earhpones - Rucas - Wholesale and Distribution<\/title>\n\n","aioseo_head_json":{"title":"QCY M1C Earhpones - Rucas - Wholesale and Distribution","description":"Main Features\uff1a \u25cfMagnetic Switch The magnetic adsorption design enables you to intelligently answer or end phone calls by attaching and separating the earbuds \u25cfCSR8645, Bluetooth 4.2 and apt-X Provides HD sound and good wireless signal and is also compatible with most Bluetooth-enabled devices. More energy efficiency and less delay \u25cfDiameter 12mm Dynamic Driver Showing low-frequency wonderful tone and enriching the dynamic bass \u25cfCVC Noise Cancellation 6.0 Technology By reducing background noise, you can get high quality and hands-free phone conversation even you are in a noisy environment \u25cfLong Battery Life Up to 7 hours of continuous play time and up to 200 hours of standby time on a full charge. Let yourself feel the joy of moving to your favorite music \u25cfUniversal compatibility Compatibility with smartphones and tablets. You can enjoy music on different devices","canonical_url":"https:\/\/www.rucashk.com\/pt\/produto\/qcy-m1c-earhpones\/","robots":"max-image-preview:large","keywords":"","webmasterTools":{"miscellaneous":""},"og:locale":"pt_PT","og:site_name":"Rucas - One-stop AIoT Distribution Worldwide","og:type":"article","og:title":"QCY M1C Earhpones - Rucas - Wholesale and Distribution","og:description":"Main Features\uff1a \u25cfMagnetic Switch The magnetic adsorption design enables you to intelligently answer or end phone calls by attaching and separating the earbuds \u25cfCSR8645, Bluetooth 4.2 and apt-X Provides HD sound and good wireless signal and is also compatible with most Bluetooth-enabled devices. More energy efficiency and less delay \u25cfDiameter 12mm Dynamic Driver Showing low-frequency wonderful tone and enriching the dynamic bass \u25cfCVC Noise Cancellation 6.0 Technology By reducing background noise, you can get high quality and hands-free phone conversation even you are in a noisy environment \u25cfLong Battery Life Up to 7 hours of continuous play time and up to 200 hours of standby time on a full charge. Let yourself feel the joy of moving to your favorite music \u25cfUniversal compatibility Compatibility with smartphones and tablets. You can enjoy music on different devices","og:url":"https:\/\/www.rucashk.com\/pt\/produto\/qcy-m1c-earhpones\/","og:image":"https:\/\/www.rucashk.com\/wp-content\/uploads\/replace\/503b8e645f128a97ccde2b6290747646.jpeg","og:image:secure_url":"https:\/\/www.rucashk.com\/wp-content\/uploads\/replace\/503b8e645f128a97ccde2b6290747646.jpeg","og:image:width":1456,"og:image:height":816,"article:published_time":"2024-01-09T15:54:17+00:00","article:modified_time":"2025-06-22T06:35:04+00:00","twitter:card":"summary_large_image","twitter:title":"QCY M1C Earhpones - Rucas - Wholesale and Distribution","twitter:description":"Main Features\uff1a \u25cfMagnetic Switch The magnetic adsorption design enables you to intelligently answer or end phone calls by attaching and separating the earbuds \u25cfCSR8645, Bluetooth 4.2 and apt-X Provides HD sound and good wireless signal and is also compatible with most Bluetooth-enabled devices. More energy efficiency and less delay \u25cfDiameter 12mm Dynamic Driver Showing low-frequency wonderful tone and enriching the dynamic bass \u25cfCVC Noise Cancellation 6.0 Technology By reducing background noise, you can get high quality and hands-free phone conversation even you are in a noisy environment \u25cfLong Battery Life Up to 7 hours of continuous play time and up to 200 hours of standby time on a full charge. Let yourself feel the joy of moving to your favorite music \u25cfUniversal compatibility Compatibility with smartphones and tablets. You can enjoy music on different devices","twitter:image":"https:\/\/www.rucashk.com\/wp-content\/uploads\/replace\/503b8e645f128a97ccde2b6290747646.jpeg","schema":{"@context":"https:\/\/schema.org","@graph":[{"@type":"BreadcrumbList","@id":"https:\/\/www.rucashk.com\/pt\/produto\/qcy-m1c-earhpones\/#breadcrumblist","itemListElement":[{"@type":"ListItem","@id":"https:\/\/www.rucashk.com\/pt\/#listItem","position":1,"name":"Home","item":"https:\/\/www.rucashk.com\/pt\/","nextItem":"https:\/\/www.rucashk.com\/pt\/produto\/qcy-m1c-earhpones\/#listItem"},{"@type":"ListItem","@id":"https:\/\/www.rucashk.com\/pt\/produto\/qcy-m1c-earhpones\/#listItem","position":2,"name":"QCY M1C Earhpones","previousItem":"https:\/\/www.rucashk.com\/pt\/#listItem"}]},{"@type":"Organization","@id":"https:\/\/www.rucashk.com\/pt\/#organization","name":"Rucas","url":"https:\/\/www.rucashk.com\/pt\/","logo":{"@type":"ImageObject","url":"https:\/\/www.rucashk.com\/wp-content\/uploads\/2023\/12\/Rucas_campany_logo.png","@id":"https:\/\/www.rucashk.com\/pt\/produto\/qcy-m1c-earhpones\/#organizationLogo","width":221,"height":65},"image":{"@id":"https:\/\/www.rucashk.com\/pt\/#organizationLogo"}},{"@type":"Person","@id":"https:\/\/www.rucashk.com\/pt\/author\/admin\/#author","url":"https:\/\/www.rucashk.com\/pt\/author\/admin\/","name":"admin","image":{"@type":"ImageObject","@id":"https:\/\/www.rucashk.com\/pt\/produto\/qcy-m1c-earhpones\/#authorImage","url":"https:\/\/secure.gravatar.com\/avatar\/b7c8925b09a27e72b30232f8ecaadbd5af0f70a38c78096863fe51b64f031c24?s=96&d=mm&r=g","width":96,"height":96,"caption":"admin"}},{"@type":"WebPage","@id":"https:\/\/www.rucashk.com\/pt\/produto\/qcy-m1c-earhpones\/#webpage","url":"https:\/\/www.rucashk.com\/pt\/produto\/qcy-m1c-earhpones\/","name":"QCY M1C Earhpones - Rucas - Wholesale and Distribution","description":"Main Features\uff1a \u25cfMagnetic Switch The magnetic adsorption design enables you to intelligently answer or end phone calls by attaching and separating the earbuds \u25cfCSR8645, Bluetooth 4.2 and apt-X Provides HD sound and good wireless signal and is also compatible with most Bluetooth-enabled devices. More energy efficiency and less delay \u25cfDiameter 12mm Dynamic Driver Showing low-frequency wonderful tone and enriching the dynamic bass \u25cfCVC Noise Cancellation 6.0 Technology By reducing background noise, you can get high quality and hands-free phone conversation even you are in a noisy environment \u25cfLong Battery Life Up to 7 hours of continuous play time and up to 200 hours of standby time on a full charge. Let yourself feel the joy of moving to your favorite music \u25cfUniversal compatibility Compatibility with smartphones and tablets. You can enjoy music on different devices","inLanguage":"pt-PT","isPartOf":{"@id":"https:\/\/www.rucashk.com\/pt\/#website"},"breadcrumb":{"@id":"https:\/\/www.rucashk.com\/pt\/produto\/qcy-m1c-earhpones\/#breadcrumblist"},"author":{"@id":"https:\/\/www.rucashk.com\/pt\/author\/admin\/#author"},"creator":{"@id":"https:\/\/www.rucashk.com\/pt\/author\/admin\/#author"},"image":{"@type":"ImageObject","url":"https:\/\/www.rucashk.com\/wp-content\/uploads\/2024\/01\/5_\u526f\u672c-1-1.jpg","@id":"https:\/\/www.rucashk.com\/pt\/produto\/qcy-m1c-earhpones\/#mainImage","width":800,"height":800},"primaryImageOfPage":{"@id":"https:\/\/www.rucashk.com\/pt\/produto\/qcy-m1c-earhpones\/#mainImage"},"datePublished":"2024-01-09T15:54:17+00:00","dateModified":"2025-06-22T06:35:04+00:00"},{"@type":"WebSite","@id":"https:\/\/www.rucashk.com\/pt\/#website","url":"https:\/\/www.rucashk.com\/pt\/","name":"Rucas - Wholesale and distribution worldwide","alternateName":"Rucas - One-stop AIoT Distribution Worldwide","description":"One-stop AIoT Distribution Worldwide","inLanguage":"pt-PT","publisher":{"@id":"https:\/\/www.rucashk.com\/pt\/#organization"}}]}},"aioseo_meta_data":{"post_id":"23419","title":null,"description":null,"keywords":null,"keyphrases":null,"primary_term":null,"canonical_url":null,"og_title":null,"og_description":null,"og_object_type":"default","og_image_type":"default","og_image_url":null,"og_image_width":null,"og_image_height":null,"og_image_custom_url":null,"og_image_custom_fields":null,"og_video":null,"og_custom_url":null,"og_article_section":null,"og_article_tags":null,"twitter_use_og":false,"twitter_card":"default","twitter_image_type":"default","twitter_image_url":null,"twitter_image_custom_url":null,"twitter_image_custom_fields":null,"twitter_title":null,"twitter_description":null,"schema":{"blockGraphs":[],"customGraphs":[],"default":{"data":{"Article":[],"Course":[],"Dataset":[],"FAQPage":[],"Movie":[],"Person":[],"Product":[],"Recipe":[],"Service":[],"SoftwareApplication":[],"WebPage":[]},"graphName":"","isEnabled":true},"graphs":[]},"schema_type":"default","schema_type_options":null,"pillar_content":false,"robots_default":true,"robots_noindex":false,"robots_noarchive":false,"robots_nosnippet":false,"robots_nofollow":false,"robots_noimageindex":false,"robots_noodp":false,"robots_notranslate":false,"robots_max_snippet":null,"robots_max_videopreview":null,"robots_max_imagepreview":"large","priority":null,"frequency":null,"local_seo":null,"breadcrumb_settings":null,"limit_modified_date":false,"created":"2024-04-11 01:55:29","updated":"2025-06-22 17:07:33"},"aioseo_breadcrumb":"<div class=\"aioseo-breadcrumbs\"><span class=\"aioseo-breadcrumb\">\n\t<a href=\"https:\/\/www.rucashk.com\/pt\" title=\"Home\">Home<\/a>\n<\/span><span class=\"aioseo-breadcrumb-separator\">&raquo;<\/span><span class=\"aioseo-breadcrumb\">\n\t<a href=\"https:\/\/www.rucashk.com\/pt\/products\/\" title=\"Produtos\">Produtos<\/a>\n<\/span><span class=\"aioseo-breadcrumb-separator\">&raquo;<\/span><span class=\"aioseo-breadcrumb\">\n\t<a href=\"https:\/\/www.rucashk.com\/pt\/marca\/qcy\/\" title=\"QCY\">QCY<\/a>\n<\/span><span class=\"aioseo-breadcrumb-separator\">&raquo;<\/span><span class=\"aioseo-breadcrumb\">\n\tQCY M1C Earhpones\n<\/span><\/div>","aioseo_breadcrumb_json":[{"label":"Home","link":"https:\/\/www.rucashk.com\/pt"},{"label":"Produtos","link":"https:\/\/www.rucashk.com\/pt\/products\/"},{"label":"QCY","link":"https:\/\/www.rucashk.com\/pt\/marca\/qcy\/"},{"label":"QCY M1C Earhpones","link":"https:\/\/www.rucashk.com\/pt\/produto\/qcy-m1c-earhpones\/"}],"_links":{"self":[{"href":"https:\/\/www.rucashk.com\/pt\/wp-json\/wp\/v2\/product\/23419","targetHints":{"allow":["GET"]}}],"collection":[{"href":"https:\/\/www.rucashk.com\/pt\/wp-json\/wp\/v2\/product"}],"about":[{"href":"https:\/\/www.rucashk.com\/pt\/wp-json\/wp\/v2\/types\/product"}],"wp:featuredmedia":[{"embeddable":true,"href":"https:\/\/www.rucashk.com\/pt\/wp-json\/wp\/v2\/media\/23558"}],"wp:attachment":[{"href":"https:\/\/www.rucashk.com\/pt\/wp-json\/wp\/v2\/media?parent=23419"}],"wp:term":[{"taxonomy":"product_brand","embeddable":true,"href":"https:\/\/www.rucashk.com\/pt\/wp-json\/wp\/v2\/product_brand?post=23419"},{"taxonomy":"product_cat","embeddable":true,"href":"https:\/\/www.rucashk.com\/pt\/wp-json\/wp\/v2\/product_cat?post=23419"},{"taxonomy":"product_tag","embeddable":true,"href":"https:\/\/www.rucashk.com\/pt\/wp-json\/wp\/v2\/product_tag?post=23419"}],"curies":[{"name":"wp","href":"https:\/\/api.w.org\/{rel}","templated":true}]}}