{"id":23418,"date":"2024-01-09T15:54:17","date_gmt":"2024-01-09T15:54:17","guid":{"rendered":"http:\/\/rucashk.com\/?post_type=product&#038;p=23418"},"modified":"2025-06-22T06:35:04","modified_gmt":"2025-06-22T06:35:04","slug":"qcy-t1c","status":"publish","type":"product","link":"https:\/\/www.rucashk.com\/pt\/produto\/qcy-t1c\/","title":{"rendered":"QCY T1C"},"content":{"rendered":"<h2 style=\"text-align: center\">QCY T1C<\/h2>\n<p><img fetchpriority=\"high\" decoding=\"async\" class=\"aligncenter\" src=\"\/wp-content\/uploads\/replace\/462801aef12461560b3b0951e920ac40.jpeg\" alt=\"QCY T1C\" width=\"1000\" height=\"594\" \/><img decoding=\"async\" class=\"aligncenter\" src=\"\/wp-content\/uploads\/replace\/8159d093be4f88d76c40af2d6ac715fa.jpeg\" alt=\"QCY T1C\" width=\"1000\" height=\"817\" \/><img decoding=\"async\" class=\"aligncenter\" src=\"\/wp-content\/uploads\/replace\/eb0eb0c376ca7f4ec6132bfc7652fa9c.jpeg\" alt=\"QCY T1C\" width=\"1000\" height=\"671\" \/><img loading=\"lazy\" decoding=\"async\" class=\"aligncenter\" src=\"\/wp-content\/uploads\/replace\/4a692fd0e080f1dc329da3152fb599eb.jpeg\" alt=\"QCY T1C\" width=\"1000\" height=\"614\" \/><img loading=\"lazy\" decoding=\"async\" class=\"aligncenter\" src=\"\/wp-content\/uploads\/replace\/0e62c76d7e564ecec646a24cc806d251.jpeg\" alt=\"QCY T1C\" width=\"1000\" height=\"590\" \/><img loading=\"lazy\" decoding=\"async\" class=\"aligncenter\" src=\"\/wp-content\/uploads\/replace\/852424b1ce4a81f1dd14c2467a2ddf69.jpeg\" alt=\"QCY T1C\" width=\"1000\" height=\"623\" \/><img loading=\"lazy\" decoding=\"async\" class=\"aligncenter\" src=\"\/wp-content\/uploads\/replace\/38cfe242e73fe0c9f6e4e9651d5e31b3.jpeg\" alt=\"QCY T1C\" width=\"1000\" height=\"646\" \/><img loading=\"lazy\" decoding=\"async\" class=\"aligncenter\" src=\"\/wp-content\/uploads\/replace\/8f66aa83126d6c2495f5ae0c433ca9fb.jpeg\" alt=\"QCY T1C\" width=\"1000\" height=\"627\" \/><img loading=\"lazy\" decoding=\"async\" class=\"aligncenter\" src=\"\/wp-content\/uploads\/replace\/652c961250020fed380c3210046732df.jpeg\" alt=\"QCY T1C\" width=\"1000\" height=\"612\" \/><img loading=\"lazy\" decoding=\"async\" class=\"aligncenter\" src=\"\/wp-content\/uploads\/replace\/aa4ae4c434afcbb61e51dd0a10e15e9d.jpeg\" alt=\"QCY T1C\" width=\"1000\" height=\"635\" \/><\/p>","protected":false},"excerpt":{"rendered":"<p><b>Principais caracter\u00edsticas:<\/b><br \/>\n\u2022 Tecnologia Bluetooth 5.0 avan\u00e7ada, menor consumo, suporte para transmiss\u00e3o de sinal mais est\u00e1vel e mais forte, sem qualquer atraso de voz ao jogar jogos de computador<br \/>\n\u2022 A sa\u00edda de \u00e1udio de alta defini\u00e7\u00e3o oferece qualidade de som cristalina e divers\u00e3o musical est\u00e9reo 3D<br \/>\n\u2022 Chamadas binaural dispon\u00edveis, com redu\u00e7\u00e3o de ru\u00eddo CVC6.0 real e excelente cancelamento de \u00e1udio de fundo, permitem que voc\u00ea ou\u00e7a a voz com mais clareza, perfeito para ligar e atender<br \/>\n\u2022 Design ergon\u00f4mico para se ajustar aos contornos dos ouvidos e curtir m\u00fasica sem ternura<br \/>\n\u2022 Opera\u00e7\u00e3o com um bot\u00e3o, basta retir\u00e1-los da caixa de carregamento para que os fones de ouvido possam se conectar aos seus dispositivos automaticamente<\/p>","protected":false},"featured_media":23553,"template":"","meta":[],"product_brand":[1417],"product_cat":[1311,1305],"product_tag":[886],"class_list":{"0":"post-23418","1":"product","2":"type-product","3":"status-publish","4":"has-post-thumbnail","6":"product_brand-qcy","7":"product_cat-qcy-earphone","8":"product_cat-xiaomi-eco","9":"product_tag-qcy-t1c","11":"first","12":"instock","13":"shipping-taxable","14":"product-type-external"},"aioseo_notices":[],"aioseo_head":"\n\t\t<!-- All in One SEO Pro 4.5.9.2 - aioseo.com -->\n\t\t<meta name=\"description\" content=\"Main Features: \u2022 Advanced Bluetooth 5.0 tech, lower consumption, support more stable and stronger signal transmission, no any voice delay while playing computer games \u2022 High-definition audio output brings you the crystal clear sound quality and 3D stereo music enjoyment \u2022 Binaural calling available, with real CVC6.0 noise-reduction and great background audio canceling, let you hear the voice more clearly, perfect for calling and answering \u2022 Ergonomic design to fit the contours of ears enjoy music without tenderness \u2022 One-button operation, just need to take them out of charging box that the headphones can connect with your devices automatically\" \/>\n\t\t<meta name=\"robots\" content=\"max-image-preview:large\" \/>\n\t\t<link rel=\"canonical\" href=\"https:\/\/www.rucashk.com\/pt\/produto\/qcy-t1c\/\" \/>\n\t\t<meta name=\"generator\" content=\"All in One SEO Pro (AIOSEO) 4.5.9.2\" \/>\n\t\t<meta property=\"og:locale\" content=\"pt_PT\" \/>\n\t\t<meta property=\"og:site_name\" content=\"Rucas - One-stop AIoT Distribution Worldwide\" \/>\n\t\t<meta property=\"og:type\" content=\"article\" \/>\n\t\t<meta property=\"og:title\" content=\"QCY T1C - Rucas - Wholesale and Distribution\" \/>\n\t\t<meta property=\"og:description\" content=\"Main Features: \u2022 Advanced Bluetooth 5.0 tech, lower consumption, support more stable and stronger signal transmission, no any voice delay while playing computer games \u2022 High-definition audio output brings you the crystal clear sound quality and 3D stereo music enjoyment \u2022 Binaural calling available, with real CVC6.0 noise-reduction and great background audio canceling, let you hear the voice more clearly, perfect for calling and answering \u2022 Ergonomic design to fit the contours of ears enjoy music without tenderness \u2022 One-button operation, just need to take them out of charging box that the headphones can connect with your devices automatically\" \/>\n\t\t<meta property=\"og:url\" content=\"https:\/\/www.rucashk.com\/pt\/produto\/qcy-t1c\/\" \/>\n\t\t<meta property=\"og:image\" content=\"https:\/\/www.rucashk.com\/wp-content\/uploads\/replace\/503b8e645f128a97ccde2b6290747646.jpeg\" \/>\n\t\t<meta property=\"og:image:secure_url\" content=\"https:\/\/www.rucashk.com\/wp-content\/uploads\/replace\/503b8e645f128a97ccde2b6290747646.jpeg\" \/>\n\t\t<meta property=\"og:image:width\" content=\"1456\" \/>\n\t\t<meta property=\"og:image:height\" content=\"816\" \/>\n\t\t<meta property=\"article:published_time\" content=\"2024-01-09T15:54:17+00:00\" \/>\n\t\t<meta property=\"article:modified_time\" content=\"2025-06-22T06:35:04+00:00\" \/>\n\t\t<meta name=\"twitter:card\" content=\"summary_large_image\" \/>\n\t\t<meta name=\"twitter:title\" content=\"QCY T1C - Rucas - Wholesale and Distribution\" \/>\n\t\t<meta name=\"twitter:description\" content=\"Main Features: \u2022 Advanced Bluetooth 5.0 tech, lower consumption, support more stable and stronger signal transmission, no any voice delay while playing computer games \u2022 High-definition audio output brings you the crystal clear sound quality and 3D stereo music enjoyment \u2022 Binaural calling available, with real CVC6.0 noise-reduction and great background audio canceling, let you hear the voice more clearly, perfect for calling and answering \u2022 Ergonomic design to fit the contours of ears enjoy music without tenderness \u2022 One-button operation, just need to take them out of charging box that the headphones can connect with your devices automatically\" \/>\n\t\t<meta name=\"twitter:image\" content=\"https:\/\/www.rucashk.com\/wp-content\/uploads\/replace\/503b8e645f128a97ccde2b6290747646.jpeg\" \/>\n\t\t<script type=\"application\/ld+json\" class=\"aioseo-schema\">\n\t\t\t{\"@context\":\"https:\\\/\\\/schema.org\",\"@graph\":[{\"@type\":\"BreadcrumbList\",\"@id\":\"https:\\\/\\\/www.rucashk.com\\\/pt\\\/produto\\\/qcy-t1c\\\/#breadcrumblist\",\"itemListElement\":[{\"@type\":\"ListItem\",\"@id\":\"https:\\\/\\\/www.rucashk.com\\\/pt\\\/#listItem\",\"position\":1,\"name\":\"Home\",\"item\":\"https:\\\/\\\/www.rucashk.com\\\/pt\\\/\",\"nextItem\":\"https:\\\/\\\/www.rucashk.com\\\/pt\\\/produto\\\/qcy-t1c\\\/#listItem\"},{\"@type\":\"ListItem\",\"@id\":\"https:\\\/\\\/www.rucashk.com\\\/pt\\\/produto\\\/qcy-t1c\\\/#listItem\",\"position\":2,\"name\":\"QCY T1C\",\"previousItem\":\"https:\\\/\\\/www.rucashk.com\\\/pt\\\/#listItem\"}]},{\"@type\":\"Organization\",\"@id\":\"https:\\\/\\\/www.rucashk.com\\\/pt\\\/#organization\",\"name\":\"Rucas\",\"url\":\"https:\\\/\\\/www.rucashk.com\\\/pt\\\/\",\"logo\":{\"@type\":\"ImageObject\",\"url\":\"https:\\\/\\\/www.rucashk.com\\\/wp-content\\\/uploads\\\/2023\\\/12\\\/Rucas_campany_logo.png\",\"@id\":\"https:\\\/\\\/www.rucashk.com\\\/pt\\\/produto\\\/qcy-t1c\\\/#organizationLogo\",\"width\":221,\"height\":65},\"image\":{\"@id\":\"https:\\\/\\\/www.rucashk.com\\\/pt\\\/#organizationLogo\"}},{\"@type\":\"Person\",\"@id\":\"https:\\\/\\\/www.rucashk.com\\\/pt\\\/author\\\/admin\\\/#author\",\"url\":\"https:\\\/\\\/www.rucashk.com\\\/pt\\\/author\\\/admin\\\/\",\"name\":\"admin\",\"image\":{\"@type\":\"ImageObject\",\"@id\":\"https:\\\/\\\/www.rucashk.com\\\/pt\\\/produto\\\/qcy-t1c\\\/#authorImage\",\"url\":\"https:\\\/\\\/secure.gravatar.com\\\/avatar\\\/b7c8925b09a27e72b30232f8ecaadbd5af0f70a38c78096863fe51b64f031c24?s=96&d=mm&r=g\",\"width\":96,\"height\":96,\"caption\":\"admin\"}},{\"@type\":\"WebPage\",\"@id\":\"https:\\\/\\\/www.rucashk.com\\\/pt\\\/produto\\\/qcy-t1c\\\/#webpage\",\"url\":\"https:\\\/\\\/www.rucashk.com\\\/pt\\\/produto\\\/qcy-t1c\\\/\",\"name\":\"QCY T1C - Rucas - Wholesale and Distribution\",\"description\":\"Main Features: \\u2022 Advanced Bluetooth 5.0 tech, lower consumption, support more stable and stronger signal transmission, no any voice delay while playing computer games \\u2022 High-definition audio output brings you the crystal clear sound quality and 3D stereo music enjoyment \\u2022 Binaural calling available, with real CVC6.0 noise-reduction and great background audio canceling, let you hear the voice more clearly, perfect for calling and answering \\u2022 Ergonomic design to fit the contours of ears enjoy music without tenderness \\u2022 One-button operation, just need to take them out of charging box that the headphones can connect with your devices automatically\",\"inLanguage\":\"pt-PT\",\"isPartOf\":{\"@id\":\"https:\\\/\\\/www.rucashk.com\\\/pt\\\/#website\"},\"breadcrumb\":{\"@id\":\"https:\\\/\\\/www.rucashk.com\\\/pt\\\/produto\\\/qcy-t1c\\\/#breadcrumblist\"},\"author\":{\"@id\":\"https:\\\/\\\/www.rucashk.com\\\/pt\\\/author\\\/admin\\\/#author\"},\"creator\":{\"@id\":\"https:\\\/\\\/www.rucashk.com\\\/pt\\\/author\\\/admin\\\/#author\"},\"image\":{\"@type\":\"ImageObject\",\"url\":\"https:\\\/\\\/www.rucashk.com\\\/wp-content\\\/uploads\\\/2024\\\/01\\\/4_\\u526f\\u672c-3-1.jpg\",\"@id\":\"https:\\\/\\\/www.rucashk.com\\\/pt\\\/produto\\\/qcy-t1c\\\/#mainImage\",\"width\":800,\"height\":800},\"primaryImageOfPage\":{\"@id\":\"https:\\\/\\\/www.rucashk.com\\\/pt\\\/produto\\\/qcy-t1c\\\/#mainImage\"},\"datePublished\":\"2024-01-09T15:54:17+00:00\",\"dateModified\":\"2025-06-22T06:35:04+00:00\"},{\"@type\":\"WebSite\",\"@id\":\"https:\\\/\\\/www.rucashk.com\\\/pt\\\/#website\",\"url\":\"https:\\\/\\\/www.rucashk.com\\\/pt\\\/\",\"name\":\"Rucas - Wholesale and distribution worldwide\",\"alternateName\":\"Rucas - One-stop AIoT Distribution Worldwide\",\"description\":\"One-stop AIoT Distribution Worldwide\",\"inLanguage\":\"pt-PT\",\"publisher\":{\"@id\":\"https:\\\/\\\/www.rucashk.com\\\/pt\\\/#organization\"}}]}\n\t\t<\/script>\n\t\t<!-- All in One SEO Pro -->\r\n\t\t<title>QCY T1C - Rucas - Wholesale and Distribution<\/title>\n\n","aioseo_head_json":{"title":"QCY T1C - Rucas - Wholesale and Distribution","description":"Main Features: \u2022 Advanced Bluetooth 5.0 tech, lower consumption, support more stable and stronger signal transmission, no any voice delay while playing computer games \u2022 High-definition audio output brings you the crystal clear sound quality and 3D stereo music enjoyment \u2022 Binaural calling available, with real CVC6.0 noise-reduction and great background audio canceling, let you hear the voice more clearly, perfect for calling and answering \u2022 Ergonomic design to fit the contours of ears enjoy music without tenderness \u2022 One-button operation, just need to take them out of charging box that the headphones can connect with your devices automatically","canonical_url":"https:\/\/www.rucashk.com\/pt\/produto\/qcy-t1c\/","robots":"max-image-preview:large","keywords":"","webmasterTools":{"miscellaneous":""},"og:locale":"pt_PT","og:site_name":"Rucas - One-stop AIoT Distribution Worldwide","og:type":"article","og:title":"QCY T1C - Rucas - Wholesale and Distribution","og:description":"Main Features: \u2022 Advanced Bluetooth 5.0 tech, lower consumption, support more stable and stronger signal transmission, no any voice delay while playing computer games \u2022 High-definition audio output brings you the crystal clear sound quality and 3D stereo music enjoyment \u2022 Binaural calling available, with real CVC6.0 noise-reduction and great background audio canceling, let you hear the voice more clearly, perfect for calling and answering \u2022 Ergonomic design to fit the contours of ears enjoy music without tenderness \u2022 One-button operation, just need to take them out of charging box that the headphones can connect with your devices automatically","og:url":"https:\/\/www.rucashk.com\/pt\/produto\/qcy-t1c\/","og:image":"https:\/\/www.rucashk.com\/wp-content\/uploads\/replace\/503b8e645f128a97ccde2b6290747646.jpeg","og:image:secure_url":"https:\/\/www.rucashk.com\/wp-content\/uploads\/replace\/503b8e645f128a97ccde2b6290747646.jpeg","og:image:width":1456,"og:image:height":816,"article:published_time":"2024-01-09T15:54:17+00:00","article:modified_time":"2025-06-22T06:35:04+00:00","twitter:card":"summary_large_image","twitter:title":"QCY T1C - Rucas - Wholesale and Distribution","twitter:description":"Main Features: \u2022 Advanced Bluetooth 5.0 tech, lower consumption, support more stable and stronger signal transmission, no any voice delay while playing computer games \u2022 High-definition audio output brings you the crystal clear sound quality and 3D stereo music enjoyment \u2022 Binaural calling available, with real CVC6.0 noise-reduction and great background audio canceling, let you hear the voice more clearly, perfect for calling and answering \u2022 Ergonomic design to fit the contours of ears enjoy music without tenderness \u2022 One-button operation, just need to take them out of charging box that the headphones can connect with your devices automatically","twitter:image":"https:\/\/www.rucashk.com\/wp-content\/uploads\/replace\/503b8e645f128a97ccde2b6290747646.jpeg","schema":{"@context":"https:\/\/schema.org","@graph":[{"@type":"BreadcrumbList","@id":"https:\/\/www.rucashk.com\/pt\/produto\/qcy-t1c\/#breadcrumblist","itemListElement":[{"@type":"ListItem","@id":"https:\/\/www.rucashk.com\/pt\/#listItem","position":1,"name":"Home","item":"https:\/\/www.rucashk.com\/pt\/","nextItem":"https:\/\/www.rucashk.com\/pt\/produto\/qcy-t1c\/#listItem"},{"@type":"ListItem","@id":"https:\/\/www.rucashk.com\/pt\/produto\/qcy-t1c\/#listItem","position":2,"name":"QCY T1C","previousItem":"https:\/\/www.rucashk.com\/pt\/#listItem"}]},{"@type":"Organization","@id":"https:\/\/www.rucashk.com\/pt\/#organization","name":"Rucas","url":"https:\/\/www.rucashk.com\/pt\/","logo":{"@type":"ImageObject","url":"https:\/\/www.rucashk.com\/wp-content\/uploads\/2023\/12\/Rucas_campany_logo.png","@id":"https:\/\/www.rucashk.com\/pt\/produto\/qcy-t1c\/#organizationLogo","width":221,"height":65},"image":{"@id":"https:\/\/www.rucashk.com\/pt\/#organizationLogo"}},{"@type":"Person","@id":"https:\/\/www.rucashk.com\/pt\/author\/admin\/#author","url":"https:\/\/www.rucashk.com\/pt\/author\/admin\/","name":"admin","image":{"@type":"ImageObject","@id":"https:\/\/www.rucashk.com\/pt\/produto\/qcy-t1c\/#authorImage","url":"https:\/\/secure.gravatar.com\/avatar\/b7c8925b09a27e72b30232f8ecaadbd5af0f70a38c78096863fe51b64f031c24?s=96&d=mm&r=g","width":96,"height":96,"caption":"admin"}},{"@type":"WebPage","@id":"https:\/\/www.rucashk.com\/pt\/produto\/qcy-t1c\/#webpage","url":"https:\/\/www.rucashk.com\/pt\/produto\/qcy-t1c\/","name":"QCY T1C - Rucas - Wholesale and Distribution","description":"Main Features: \u2022 Advanced Bluetooth 5.0 tech, lower consumption, support more stable and stronger signal transmission, no any voice delay while playing computer games \u2022 High-definition audio output brings you the crystal clear sound quality and 3D stereo music enjoyment \u2022 Binaural calling available, with real CVC6.0 noise-reduction and great background audio canceling, let you hear the voice more clearly, perfect for calling and answering \u2022 Ergonomic design to fit the contours of ears enjoy music without tenderness \u2022 One-button operation, just need to take them out of charging box that the headphones can connect with your devices automatically","inLanguage":"pt-PT","isPartOf":{"@id":"https:\/\/www.rucashk.com\/pt\/#website"},"breadcrumb":{"@id":"https:\/\/www.rucashk.com\/pt\/produto\/qcy-t1c\/#breadcrumblist"},"author":{"@id":"https:\/\/www.rucashk.com\/pt\/author\/admin\/#author"},"creator":{"@id":"https:\/\/www.rucashk.com\/pt\/author\/admin\/#author"},"image":{"@type":"ImageObject","url":"https:\/\/www.rucashk.com\/wp-content\/uploads\/2024\/01\/4_\u526f\u672c-3-1.jpg","@id":"https:\/\/www.rucashk.com\/pt\/produto\/qcy-t1c\/#mainImage","width":800,"height":800},"primaryImageOfPage":{"@id":"https:\/\/www.rucashk.com\/pt\/produto\/qcy-t1c\/#mainImage"},"datePublished":"2024-01-09T15:54:17+00:00","dateModified":"2025-06-22T06:35:04+00:00"},{"@type":"WebSite","@id":"https:\/\/www.rucashk.com\/pt\/#website","url":"https:\/\/www.rucashk.com\/pt\/","name":"Rucas - Wholesale and distribution worldwide","alternateName":"Rucas - One-stop AIoT Distribution Worldwide","description":"One-stop AIoT Distribution Worldwide","inLanguage":"pt-PT","publisher":{"@id":"https:\/\/www.rucashk.com\/pt\/#organization"}}]}},"aioseo_meta_data":{"post_id":"23418","title":null,"description":null,"keywords":null,"keyphrases":null,"primary_term":null,"canonical_url":null,"og_title":null,"og_description":null,"og_object_type":"default","og_image_type":"default","og_image_url":null,"og_image_width":null,"og_image_height":null,"og_image_custom_url":null,"og_image_custom_fields":null,"og_video":null,"og_custom_url":null,"og_article_section":null,"og_article_tags":null,"twitter_use_og":false,"twitter_card":"default","twitter_image_type":"default","twitter_image_url":null,"twitter_image_custom_url":null,"twitter_image_custom_fields":null,"twitter_title":null,"twitter_description":null,"schema":{"blockGraphs":[],"customGraphs":[],"default":{"data":{"Article":[],"Course":[],"Dataset":[],"FAQPage":[],"Movie":[],"Person":[],"Product":[],"Recipe":[],"Service":[],"SoftwareApplication":[],"WebPage":[]},"graphName":"","isEnabled":true},"graphs":[]},"schema_type":"default","schema_type_options":null,"pillar_content":false,"robots_default":true,"robots_noindex":false,"robots_noarchive":false,"robots_nosnippet":false,"robots_nofollow":false,"robots_noimageindex":false,"robots_noodp":false,"robots_notranslate":false,"robots_max_snippet":null,"robots_max_videopreview":null,"robots_max_imagepreview":"large","priority":null,"frequency":null,"local_seo":null,"breadcrumb_settings":null,"limit_modified_date":false,"created":"2024-04-11 01:55:29","updated":"2025-06-22 17:07:33"},"aioseo_breadcrumb":"<div class=\"aioseo-breadcrumbs\"><span class=\"aioseo-breadcrumb\">\n\t<a href=\"https:\/\/www.rucashk.com\/pt\" title=\"Home\">Home<\/a>\n<\/span><span class=\"aioseo-breadcrumb-separator\">&raquo;<\/span><span class=\"aioseo-breadcrumb\">\n\t<a href=\"https:\/\/www.rucashk.com\/pt\/products\/\" title=\"Produtos\">Produtos<\/a>\n<\/span><span class=\"aioseo-breadcrumb-separator\">&raquo;<\/span><span class=\"aioseo-breadcrumb\">\n\t<a href=\"https:\/\/www.rucashk.com\/pt\/marca\/qcy\/\" title=\"QCY\">QCY<\/a>\n<\/span><span class=\"aioseo-breadcrumb-separator\">&raquo;<\/span><span class=\"aioseo-breadcrumb\">\n\tQCY T1C\n<\/span><\/div>","aioseo_breadcrumb_json":[{"label":"Home","link":"https:\/\/www.rucashk.com\/pt"},{"label":"Produtos","link":"https:\/\/www.rucashk.com\/pt\/products\/"},{"label":"QCY","link":"https:\/\/www.rucashk.com\/pt\/marca\/qcy\/"},{"label":"QCY T1C","link":"https:\/\/www.rucashk.com\/pt\/produto\/qcy-t1c\/"}],"_links":{"self":[{"href":"https:\/\/www.rucashk.com\/pt\/wp-json\/wp\/v2\/product\/23418","targetHints":{"allow":["GET"]}}],"collection":[{"href":"https:\/\/www.rucashk.com\/pt\/wp-json\/wp\/v2\/product"}],"about":[{"href":"https:\/\/www.rucashk.com\/pt\/wp-json\/wp\/v2\/types\/product"}],"wp:featuredmedia":[{"embeddable":true,"href":"https:\/\/www.rucashk.com\/pt\/wp-json\/wp\/v2\/media\/23553"}],"wp:attachment":[{"href":"https:\/\/www.rucashk.com\/pt\/wp-json\/wp\/v2\/media?parent=23418"}],"wp:term":[{"taxonomy":"product_brand","embeddable":true,"href":"https:\/\/www.rucashk.com\/pt\/wp-json\/wp\/v2\/product_brand?post=23418"},{"taxonomy":"product_cat","embeddable":true,"href":"https:\/\/www.rucashk.com\/pt\/wp-json\/wp\/v2\/product_cat?post=23418"},{"taxonomy":"product_tag","embeddable":true,"href":"https:\/\/www.rucashk.com\/pt\/wp-json\/wp\/v2\/product_tag?post=23418"}],"curies":[{"name":"wp","href":"https:\/\/api.w.org\/{rel}","templated":true}]}}