{"id":23379,"date":"2024-01-09T15:53:54","date_gmt":"2024-01-09T15:53:54","guid":{"rendered":"http:\/\/rucashk.com\/?post_type=product&#038;p=23379"},"modified":"2024-03-11T06:51:46","modified_gmt":"2024-03-11T06:51:46","slug":"oneplus-6","status":"publish","type":"product","link":"https:\/\/www.rucashk.com\/pt\/produto\/oneplus-6\/","title":{"rendered":"OnePlus 6"},"content":{"rendered":"<h2 style=\"text-align: center\">OnePlus 6<\/h2>\n<p style=\"text-align: center\"><img fetchpriority=\"high\" decoding=\"async\" class=\"alignnone\" src=\"\/wp-content\/uploads\/replace\/6009e5b00815acb9b5e9f19b3c5aa9b9.jpeg\" alt=\"Oneplus\u00a06\" width=\"2400\" height=\"1149\" \/><img decoding=\"async\" class=\"alignnone\" src=\"\/wp-content\/uploads\/replace\/9c7eb9bd0f3f0842de229928536919c8.jpeg\" alt=\"Oneplus\u00a06\" width=\"1200\" height=\"588\" \/><img decoding=\"async\" class=\"alignnone\" src=\"\/wp-content\/uploads\/replace\/453739142e752566b5350d1be8f5479a.jpeg\" alt=\"Oneplus\u00a06\" width=\"1003\" height=\"2049\" \/><img loading=\"lazy\" decoding=\"async\" class=\"alignnone\" src=\"\/wp-content\/uploads\/replace\/b671c72e5b37ee3bbb06b26f5871873a.jpeg\" alt=\"Oneplus\u00a06\" width=\"1600\" height=\"3262\" \/><img loading=\"lazy\" decoding=\"async\" class=\"alignnone\" src=\"\/wp-content\/uploads\/replace\/39781fc872b84f2f4141e486e059a402.jpeg\" alt=\"Oneplus\u00a06\" width=\"1920\" height=\"1600\" \/><img loading=\"lazy\" decoding=\"async\" class=\"alignnone\" src=\"\/wp-content\/uploads\/replace\/5b32a3dc4e4ff55e7b887844c975b540.jpeg\" alt=\"Oneplus\u00a06\" width=\"628\" height=\"1752\" \/><\/p>\n<p style=\"text-align: center\"><img decoding=\"async\" alt=\"Oneplus\u00a06\" src=\"\/wp-content\/uploads\/replace\/ab5cc59d1987ad42324a8f74524d1f8e.jpeg\" \/><\/p>\n<p class=\"tgt\" data-section=\"1\"><strong><span class=\"tgt\" data-section=\"1\" data-sentence=\"0\" data-group=\"1-0\">especifica\u00e7\u00f5es:<\/span><\/strong><\/p>\n<p class=\"tgt\" data-section=\"2\"><span class=\"tgt\" data-section=\"2\" data-sentence=\"0\" data-group=\"2-0\">Tamanho: 6,28 polegadas<\/span><\/p>\n<p class=\"tgt\" data-section=\"3\"><span class=\"tgt\" data-section=\"3\" data-sentence=\"0\" data-group=\"3-0\">Resolu\u00e7\u00e3o: 2280x1080<\/span><\/p>\n<p class=\"tgt\" data-section=\"4\"><span class=\"tgt\" data-section=\"4\" data-sentence=\"0\" data-group=\"4-0\">Escala: al\u00e9m disso,<\/span><\/p>\n<p class=\"tgt\" data-section=\"5\"><span class=\"tgt\" data-section=\"5\" data-sentence=\"0\" data-group=\"5-0\">Material: \u00d3ptico AMOLED<\/span><\/p>\n<p class=\"tgt\" data-section=\"6\"><span class=\"tgt\" data-section=\"6\" data-sentence=\"0\" data-group=\"6-0\">Suporte SRGB, display DCI-P3<\/span><\/p>\n<p class=\"tgt\" data-section=\"7\"><span class=\"tgt\" data-section=\"7\" data-sentence=\"0\" data-group=\"7-0\">Vidro: 2,5D Corning\u00ae Gorilla\u00ae Glass 5<\/span><\/p>","protected":false},"excerpt":{"rendered":"<ul class=\"a-unordered-list a-vertical a-spacing-mini\">\n<li><span class=\"a-list-item\">C\u00e2mera: C\u00e2mera traseira dupla de 20 + 16 MP com estabiliza\u00e7\u00e3o \u00f3tica de imagem, c\u00e2mera super lenta, modo retrato | C\u00e2mera frontal de 16MP<\/span><\/li>\n<li><span class=\"a-list-item\">Display: 15.95 centimeters (6.28-inch) Full HD+ Optic AMOLED display with 2280&#215;1080 pixels and 19:9 aspect ratio | 2.5D Corning Gorilla Glass 5<\/span><\/li>\n<li><span class=\"a-list-item\">Mem\u00f3ria, armazenamento e SIM: 6 GB de RAM | Armazenamento de 64 GB | Nano SIM duplo com espera dupla (4G+4G)<\/span><\/li>\n<li><span class=\"a-list-item\">Sistema operacional e processador: sistema operacional Android Oreo 8.1 Oxygen baseado no processador Qualcomm Snapdragon 845 octa core<\/span><\/li>\n<li><span class=\"a-list-item\">Bateria: bateria de pol\u00edmero de l\u00edtio de 3300 mAh com tecnologia Dash Charge<\/span><\/li>\n<li><span class=\"a-list-item\">Outros recursos: Desbloqueio facial, leitor de impress\u00e3o digital, resistente \u00e0 \u00e1gua, parte traseira de vidro e NFC habilitado<\/span><\/li>\n<\/ul>","protected":false},"featured_media":23529,"template":"","meta":[],"product_brand":[],"product_cat":[1295,1304],"product_tag":[882],"class_list":{"0":"post-23379","1":"product","2":"type-product","3":"status-publish","4":"has-post-thumbnail","6":"product_cat-mobile-phone","7":"product_cat-oneplus-mobile-phone","8":"product_tag-oneplus-6","10":"first","11":"instock","12":"shipping-taxable","13":"product-type-external"},"aioseo_notices":[],"aioseo_head":"\n\t\t<!-- All in One SEO Pro 4.5.9.2 - aioseo.com -->\n\t\t<meta name=\"description\" content=\"Camera: 20+16 MP Dual rear camera with Optical image stabilization, Super slow motion, Portrait mode | 16 MP front camera Display: 15.95 centimeters (6.28-inch) Full HD+ Optic AMOLED display with 2280x1080 pixels and 19:9 aspect ratio | 2.5D Corning Gorilla Glass 5 Memory, Storage &amp; SIM: 6GB RAM | 64GB storage | Dual nano SIM with dual standby (4G+4G) Operating System and Processor: Android Oreo 8.1 Oxygen operating system based on with Qualcomm Snapdragon 845 octa core processor Battery: 3300 mAH lithium Polymer battery with Dash Charge technology Other features: Face Unlock, Fingerprint scanner, Water Resistant, Glass back and NFC enabled\" \/>\n\t\t<meta name=\"robots\" content=\"max-image-preview:large\" \/>\n\t\t<link rel=\"canonical\" href=\"https:\/\/www.rucashk.com\/pt\/produto\/oneplus-6\/\" \/>\n\t\t<meta name=\"generator\" content=\"All in One SEO Pro (AIOSEO) 4.5.9.2\" \/>\n\t\t<meta property=\"og:locale\" content=\"pt_PT\" \/>\n\t\t<meta property=\"og:site_name\" content=\"Rucas - One-stop AIoT Distribution Worldwide\" \/>\n\t\t<meta property=\"og:type\" content=\"article\" \/>\n\t\t<meta property=\"og:title\" content=\"Oneplus 6 - Rucas - Wholesale and Distribution\" \/>\n\t\t<meta property=\"og:description\" content=\"Camera: 20+16 MP Dual rear camera with Optical image stabilization, Super slow motion, Portrait mode | 16 MP front camera Display: 15.95 centimeters (6.28-inch) Full HD+ Optic AMOLED display with 2280x1080 pixels and 19:9 aspect ratio | 2.5D Corning Gorilla Glass 5 Memory, Storage &amp; SIM: 6GB RAM | 64GB storage | Dual nano SIM with dual standby (4G+4G) Operating System and Processor: Android Oreo 8.1 Oxygen operating system based on with Qualcomm Snapdragon 845 octa core processor Battery: 3300 mAH lithium Polymer battery with Dash Charge technology Other features: Face Unlock, Fingerprint scanner, Water Resistant, Glass back and NFC enabled\" \/>\n\t\t<meta property=\"og:url\" content=\"https:\/\/www.rucashk.com\/pt\/produto\/oneplus-6\/\" \/>\n\t\t<meta property=\"og:image\" content=\"https:\/\/www.rucashk.com\/wp-content\/uploads\/replace\/503b8e645f128a97ccde2b6290747646.jpeg\" \/>\n\t\t<meta property=\"og:image:secure_url\" content=\"https:\/\/www.rucashk.com\/wp-content\/uploads\/replace\/503b8e645f128a97ccde2b6290747646.jpeg\" \/>\n\t\t<meta property=\"og:image:width\" content=\"1456\" \/>\n\t\t<meta property=\"og:image:height\" content=\"816\" \/>\n\t\t<meta property=\"article:published_time\" content=\"2024-01-09T15:53:54+00:00\" \/>\n\t\t<meta property=\"article:modified_time\" content=\"2024-03-11T06:51:46+00:00\" \/>\n\t\t<meta name=\"twitter:card\" content=\"summary_large_image\" \/>\n\t\t<meta name=\"twitter:title\" content=\"Oneplus 6 - Rucas - Wholesale and Distribution\" \/>\n\t\t<meta name=\"twitter:description\" content=\"Camera: 20+16 MP Dual rear camera with Optical image stabilization, Super slow motion, Portrait mode | 16 MP front camera Display: 15.95 centimeters (6.28-inch) Full HD+ Optic AMOLED display with 2280x1080 pixels and 19:9 aspect ratio | 2.5D Corning Gorilla Glass 5 Memory, Storage &amp; SIM: 6GB RAM | 64GB storage | Dual nano SIM with dual standby (4G+4G) Operating System and Processor: Android Oreo 8.1 Oxygen operating system based on with Qualcomm Snapdragon 845 octa core processor Battery: 3300 mAH lithium Polymer battery with Dash Charge technology Other features: Face Unlock, Fingerprint scanner, Water Resistant, Glass back and NFC enabled\" \/>\n\t\t<meta name=\"twitter:image\" content=\"https:\/\/www.rucashk.com\/wp-content\/uploads\/replace\/503b8e645f128a97ccde2b6290747646.jpeg\" \/>\n\t\t<script type=\"application\/ld+json\" class=\"aioseo-schema\">\n\t\t\t{\"@context\":\"https:\\\/\\\/schema.org\",\"@graph\":[{\"@type\":\"BreadcrumbList\",\"@id\":\"https:\\\/\\\/www.rucashk.com\\\/pt\\\/produto\\\/oneplus-6\\\/#breadcrumblist\",\"itemListElement\":[{\"@type\":\"ListItem\",\"@id\":\"https:\\\/\\\/www.rucashk.com\\\/pt\\\/#listItem\",\"position\":1,\"name\":\"Home\",\"item\":\"https:\\\/\\\/www.rucashk.com\\\/pt\\\/\",\"nextItem\":\"https:\\\/\\\/www.rucashk.com\\\/pt\\\/produto\\\/oneplus-6\\\/#listItem\"},{\"@type\":\"ListItem\",\"@id\":\"https:\\\/\\\/www.rucashk.com\\\/pt\\\/produto\\\/oneplus-6\\\/#listItem\",\"position\":2,\"name\":\"Oneplus\\u00a06\",\"previousItem\":\"https:\\\/\\\/www.rucashk.com\\\/pt\\\/#listItem\"}]},{\"@type\":\"Organization\",\"@id\":\"https:\\\/\\\/www.rucashk.com\\\/pt\\\/#organization\",\"name\":\"Rucas\",\"url\":\"https:\\\/\\\/www.rucashk.com\\\/pt\\\/\",\"logo\":{\"@type\":\"ImageObject\",\"url\":\"https:\\\/\\\/www.rucashk.com\\\/wp-content\\\/uploads\\\/2023\\\/12\\\/Rucas_campany_logo.png\",\"@id\":\"https:\\\/\\\/www.rucashk.com\\\/pt\\\/produto\\\/oneplus-6\\\/#organizationLogo\",\"width\":221,\"height\":65},\"image\":{\"@id\":\"https:\\\/\\\/www.rucashk.com\\\/pt\\\/#organizationLogo\"}},{\"@type\":\"Person\",\"@id\":\"https:\\\/\\\/www.rucashk.com\\\/pt\\\/author\\\/admin\\\/#author\",\"url\":\"https:\\\/\\\/www.rucashk.com\\\/pt\\\/author\\\/admin\\\/\",\"name\":\"admin\",\"image\":{\"@type\":\"ImageObject\",\"@id\":\"https:\\\/\\\/www.rucashk.com\\\/pt\\\/produto\\\/oneplus-6\\\/#authorImage\",\"url\":\"https:\\\/\\\/secure.gravatar.com\\\/avatar\\\/b7c8925b09a27e72b30232f8ecaadbd5af0f70a38c78096863fe51b64f031c24?s=96&d=mm&r=g\",\"width\":96,\"height\":96,\"caption\":\"admin\"}},{\"@type\":\"WebPage\",\"@id\":\"https:\\\/\\\/www.rucashk.com\\\/pt\\\/produto\\\/oneplus-6\\\/#webpage\",\"url\":\"https:\\\/\\\/www.rucashk.com\\\/pt\\\/produto\\\/oneplus-6\\\/\",\"name\":\"Oneplus 6 - Rucas - Wholesale and Distribution\",\"description\":\"Camera: 20+16 MP Dual rear camera with Optical image stabilization, Super slow motion, Portrait mode | 16 MP front camera Display: 15.95 centimeters (6.28-inch) Full HD+ Optic AMOLED display with 2280x1080 pixels and 19:9 aspect ratio | 2.5D Corning Gorilla Glass 5 Memory, Storage & SIM: 6GB RAM | 64GB storage | Dual nano SIM with dual standby (4G+4G) Operating System and Processor: Android Oreo 8.1 Oxygen operating system based on with Qualcomm Snapdragon 845 octa core processor Battery: 3300 mAH lithium Polymer battery with Dash Charge technology Other features: Face Unlock, Fingerprint scanner, Water Resistant, Glass back and NFC enabled\",\"inLanguage\":\"pt-PT\",\"isPartOf\":{\"@id\":\"https:\\\/\\\/www.rucashk.com\\\/pt\\\/#website\"},\"breadcrumb\":{\"@id\":\"https:\\\/\\\/www.rucashk.com\\\/pt\\\/produto\\\/oneplus-6\\\/#breadcrumblist\"},\"author\":{\"@id\":\"https:\\\/\\\/www.rucashk.com\\\/pt\\\/author\\\/admin\\\/#author\"},\"creator\":{\"@id\":\"https:\\\/\\\/www.rucashk.com\\\/pt\\\/author\\\/admin\\\/#author\"},\"image\":{\"@type\":\"ImageObject\",\"url\":\"https:\\\/\\\/www.rucashk.com\\\/wp-content\\\/uploads\\\/2024\\\/01\\\/2-1-4.jpg\",\"@id\":\"https:\\\/\\\/www.rucashk.com\\\/pt\\\/produto\\\/oneplus-6\\\/#mainImage\",\"width\":1200,\"height\":1200},\"primaryImageOfPage\":{\"@id\":\"https:\\\/\\\/www.rucashk.com\\\/pt\\\/produto\\\/oneplus-6\\\/#mainImage\"},\"datePublished\":\"2024-01-09T15:53:54+00:00\",\"dateModified\":\"2024-03-11T06:51:46+00:00\"},{\"@type\":\"WebSite\",\"@id\":\"https:\\\/\\\/www.rucashk.com\\\/pt\\\/#website\",\"url\":\"https:\\\/\\\/www.rucashk.com\\\/pt\\\/\",\"name\":\"Rucas - Wholesale and distribution worldwide\",\"alternateName\":\"Rucas - One-stop AIoT Distribution Worldwide\",\"description\":\"One-stop AIoT Distribution Worldwide\",\"inLanguage\":\"pt-PT\",\"publisher\":{\"@id\":\"https:\\\/\\\/www.rucashk.com\\\/pt\\\/#organization\"}}]}\n\t\t<\/script>\n\t\t<!-- All in One SEO Pro -->\r\n\t\t<title>Oneplus 6 - Rucas - Wholesale and Distribution<\/title>\n\n","aioseo_head_json":{"title":"Oneplus 6 - Rucas - Wholesale and Distribution","description":"Camera: 20+16 MP Dual rear camera with Optical image stabilization, Super slow motion, Portrait mode | 16 MP front camera Display: 15.95 centimeters (6.28-inch) Full HD+ Optic AMOLED display with 2280x1080 pixels and 19:9 aspect ratio | 2.5D Corning Gorilla Glass 5 Memory, Storage & SIM: 6GB RAM | 64GB storage | Dual nano SIM with dual standby (4G+4G) Operating System and Processor: Android Oreo 8.1 Oxygen operating system based on with Qualcomm Snapdragon 845 octa core processor Battery: 3300 mAH lithium Polymer battery with Dash Charge technology Other features: Face Unlock, Fingerprint scanner, Water Resistant, Glass back and NFC enabled","canonical_url":"https:\/\/www.rucashk.com\/pt\/produto\/oneplus-6\/","robots":"max-image-preview:large","keywords":"","webmasterTools":{"miscellaneous":""},"og:locale":"pt_PT","og:site_name":"Rucas - One-stop AIoT Distribution Worldwide","og:type":"article","og:title":"Oneplus 6 - Rucas - Wholesale and Distribution","og:description":"Camera: 20+16 MP Dual rear camera with Optical image stabilization, Super slow motion, Portrait mode | 16 MP front camera Display: 15.95 centimeters (6.28-inch) Full HD+ Optic AMOLED display with 2280x1080 pixels and 19:9 aspect ratio | 2.5D Corning Gorilla Glass 5 Memory, Storage &amp; SIM: 6GB RAM | 64GB storage | Dual nano SIM with dual standby (4G+4G) Operating System and Processor: Android Oreo 8.1 Oxygen operating system based on with Qualcomm Snapdragon 845 octa core processor Battery: 3300 mAH lithium Polymer battery with Dash Charge technology Other features: Face Unlock, Fingerprint scanner, Water Resistant, Glass back and NFC enabled","og:url":"https:\/\/www.rucashk.com\/pt\/produto\/oneplus-6\/","og:image":"https:\/\/www.rucashk.com\/wp-content\/uploads\/replace\/503b8e645f128a97ccde2b6290747646.jpeg","og:image:secure_url":"https:\/\/www.rucashk.com\/wp-content\/uploads\/replace\/503b8e645f128a97ccde2b6290747646.jpeg","og:image:width":1456,"og:image:height":816,"article:published_time":"2024-01-09T15:53:54+00:00","article:modified_time":"2024-03-11T06:51:46+00:00","twitter:card":"summary_large_image","twitter:title":"Oneplus 6 - Rucas - Wholesale and Distribution","twitter:description":"Camera: 20+16 MP Dual rear camera with Optical image stabilization, Super slow motion, Portrait mode | 16 MP front camera Display: 15.95 centimeters (6.28-inch) Full HD+ Optic AMOLED display with 2280x1080 pixels and 19:9 aspect ratio | 2.5D Corning Gorilla Glass 5 Memory, Storage &amp; SIM: 6GB RAM | 64GB storage | Dual nano SIM with dual standby (4G+4G) Operating System and Processor: Android Oreo 8.1 Oxygen operating system based on with Qualcomm Snapdragon 845 octa core processor Battery: 3300 mAH lithium Polymer battery with Dash Charge technology Other features: Face Unlock, Fingerprint scanner, Water Resistant, Glass back and NFC enabled","twitter:image":"https:\/\/www.rucashk.com\/wp-content\/uploads\/replace\/503b8e645f128a97ccde2b6290747646.jpeg","schema":{"@context":"https:\/\/schema.org","@graph":[{"@type":"BreadcrumbList","@id":"https:\/\/www.rucashk.com\/pt\/produto\/oneplus-6\/#breadcrumblist","itemListElement":[{"@type":"ListItem","@id":"https:\/\/www.rucashk.com\/pt\/#listItem","position":1,"name":"Home","item":"https:\/\/www.rucashk.com\/pt\/","nextItem":"https:\/\/www.rucashk.com\/pt\/produto\/oneplus-6\/#listItem"},{"@type":"ListItem","@id":"https:\/\/www.rucashk.com\/pt\/produto\/oneplus-6\/#listItem","position":2,"name":"Oneplus\u00a06","previousItem":"https:\/\/www.rucashk.com\/pt\/#listItem"}]},{"@type":"Organization","@id":"https:\/\/www.rucashk.com\/pt\/#organization","name":"Rucas","url":"https:\/\/www.rucashk.com\/pt\/","logo":{"@type":"ImageObject","url":"https:\/\/www.rucashk.com\/wp-content\/uploads\/2023\/12\/Rucas_campany_logo.png","@id":"https:\/\/www.rucashk.com\/pt\/produto\/oneplus-6\/#organizationLogo","width":221,"height":65},"image":{"@id":"https:\/\/www.rucashk.com\/pt\/#organizationLogo"}},{"@type":"Person","@id":"https:\/\/www.rucashk.com\/pt\/author\/admin\/#author","url":"https:\/\/www.rucashk.com\/pt\/author\/admin\/","name":"admin","image":{"@type":"ImageObject","@id":"https:\/\/www.rucashk.com\/pt\/produto\/oneplus-6\/#authorImage","url":"https:\/\/secure.gravatar.com\/avatar\/b7c8925b09a27e72b30232f8ecaadbd5af0f70a38c78096863fe51b64f031c24?s=96&d=mm&r=g","width":96,"height":96,"caption":"admin"}},{"@type":"WebPage","@id":"https:\/\/www.rucashk.com\/pt\/produto\/oneplus-6\/#webpage","url":"https:\/\/www.rucashk.com\/pt\/produto\/oneplus-6\/","name":"Oneplus 6 - Rucas - Wholesale and Distribution","description":"Camera: 20+16 MP Dual rear camera with Optical image stabilization, Super slow motion, Portrait mode | 16 MP front camera Display: 15.95 centimeters (6.28-inch) Full HD+ Optic AMOLED display with 2280x1080 pixels and 19:9 aspect ratio | 2.5D Corning Gorilla Glass 5 Memory, Storage & SIM: 6GB RAM | 64GB storage | Dual nano SIM with dual standby (4G+4G) Operating System and Processor: Android Oreo 8.1 Oxygen operating system based on with Qualcomm Snapdragon 845 octa core processor Battery: 3300 mAH lithium Polymer battery with Dash Charge technology Other features: Face Unlock, Fingerprint scanner, Water Resistant, Glass back and NFC enabled","inLanguage":"pt-PT","isPartOf":{"@id":"https:\/\/www.rucashk.com\/pt\/#website"},"breadcrumb":{"@id":"https:\/\/www.rucashk.com\/pt\/produto\/oneplus-6\/#breadcrumblist"},"author":{"@id":"https:\/\/www.rucashk.com\/pt\/author\/admin\/#author"},"creator":{"@id":"https:\/\/www.rucashk.com\/pt\/author\/admin\/#author"},"image":{"@type":"ImageObject","url":"https:\/\/www.rucashk.com\/wp-content\/uploads\/2024\/01\/2-1-4.jpg","@id":"https:\/\/www.rucashk.com\/pt\/produto\/oneplus-6\/#mainImage","width":1200,"height":1200},"primaryImageOfPage":{"@id":"https:\/\/www.rucashk.com\/pt\/produto\/oneplus-6\/#mainImage"},"datePublished":"2024-01-09T15:53:54+00:00","dateModified":"2024-03-11T06:51:46+00:00"},{"@type":"WebSite","@id":"https:\/\/www.rucashk.com\/pt\/#website","url":"https:\/\/www.rucashk.com\/pt\/","name":"Rucas - Wholesale and distribution worldwide","alternateName":"Rucas - One-stop AIoT Distribution Worldwide","description":"One-stop AIoT Distribution Worldwide","inLanguage":"pt-PT","publisher":{"@id":"https:\/\/www.rucashk.com\/pt\/#organization"}}]}},"aioseo_meta_data":{"post_id":"23379","title":null,"description":null,"keywords":null,"keyphrases":null,"primary_term":null,"canonical_url":null,"og_title":null,"og_description":null,"og_object_type":"default","og_image_type":"default","og_image_url":null,"og_image_width":null,"og_image_height":null,"og_image_custom_url":null,"og_image_custom_fields":null,"og_video":null,"og_custom_url":null,"og_article_section":null,"og_article_tags":null,"twitter_use_og":false,"twitter_card":"default","twitter_image_type":"default","twitter_image_url":null,"twitter_image_custom_url":null,"twitter_image_custom_fields":null,"twitter_title":null,"twitter_description":null,"schema":{"blockGraphs":[],"customGraphs":[],"default":{"data":{"Article":[],"Course":[],"Dataset":[],"FAQPage":[],"Movie":[],"Person":[],"Product":[],"Recipe":[],"Service":[],"SoftwareApplication":[],"WebPage":[]},"graphName":"","isEnabled":true},"graphs":[]},"schema_type":"default","schema_type_options":null,"pillar_content":false,"robots_default":true,"robots_noindex":false,"robots_noarchive":false,"robots_nosnippet":false,"robots_nofollow":false,"robots_noimageindex":false,"robots_noodp":false,"robots_notranslate":false,"robots_max_snippet":null,"robots_max_videopreview":null,"robots_max_imagepreview":"large","priority":null,"frequency":null,"local_seo":null,"breadcrumb_settings":null,"limit_modified_date":false,"created":"2024-04-11 01:55:29","updated":"2025-06-22 17:07:32"},"aioseo_breadcrumb":"<div class=\"aioseo-breadcrumbs\"><span class=\"aioseo-breadcrumb\">\n\t<a href=\"https:\/\/www.rucashk.com\/pt\" title=\"Home\">Home<\/a>\n<\/span><span class=\"aioseo-breadcrumb-separator\">&raquo;<\/span><span class=\"aioseo-breadcrumb\">\n\t<a href=\"https:\/\/www.rucashk.com\/pt\/products\/\" title=\"Produtos\">Produtos<\/a>\n<\/span><span class=\"aioseo-breadcrumb-separator\">&raquo;<\/span><span class=\"aioseo-breadcrumb\">\n\t<a href=\"https:\/\/www.rucashk.com\/pt\/categoria-produto\/mobile-phone\/\" title=\"Mobile Phone\">Mobile Phone<\/a>\n<\/span><span class=\"aioseo-breadcrumb-separator\">&raquo;<\/span><span class=\"aioseo-breadcrumb\">\n\t<a href=\"https:\/\/www.rucashk.com\/pt\/categoria-produto\/mobile-phone\/oneplus-mobile-phone\/\" title=\"Oneplus\">Oneplus<\/a>\n<\/span><span class=\"aioseo-breadcrumb-separator\">&raquo;<\/span><span class=\"aioseo-breadcrumb\">\n\tOneplus\u00a06\n<\/span><\/div>","aioseo_breadcrumb_json":[{"label":"Home","link":"https:\/\/www.rucashk.com\/pt"},{"label":"Produtos","link":"https:\/\/www.rucashk.com\/pt\/products\/"},{"label":"Mobile Phone","link":"https:\/\/www.rucashk.com\/pt\/categoria-produto\/mobile-phone\/"},{"label":"Oneplus","link":"https:\/\/www.rucashk.com\/pt\/categoria-produto\/mobile-phone\/oneplus-mobile-phone\/"},{"label":"Oneplus\u00a06","link":"https:\/\/www.rucashk.com\/pt\/produto\/oneplus-6\/"}],"_links":{"self":[{"href":"https:\/\/www.rucashk.com\/pt\/wp-json\/wp\/v2\/product\/23379","targetHints":{"allow":["GET"]}}],"collection":[{"href":"https:\/\/www.rucashk.com\/pt\/wp-json\/wp\/v2\/product"}],"about":[{"href":"https:\/\/www.rucashk.com\/pt\/wp-json\/wp\/v2\/types\/product"}],"wp:featuredmedia":[{"embeddable":true,"href":"https:\/\/www.rucashk.com\/pt\/wp-json\/wp\/v2\/media\/23529"}],"wp:attachment":[{"href":"https:\/\/www.rucashk.com\/pt\/wp-json\/wp\/v2\/media?parent=23379"}],"wp:term":[{"taxonomy":"product_brand","embeddable":true,"href":"https:\/\/www.rucashk.com\/pt\/wp-json\/wp\/v2\/product_brand?post=23379"},{"taxonomy":"product_cat","embeddable":true,"href":"https:\/\/www.rucashk.com\/pt\/wp-json\/wp\/v2\/product_cat?post=23379"},{"taxonomy":"product_tag","embeddable":true,"href":"https:\/\/www.rucashk.com\/pt\/wp-json\/wp\/v2\/product_tag?post=23379"}],"curies":[{"name":"wp","href":"https:\/\/api.w.org\/{rel}","templated":true}]}}