{"id":23378,"date":"2024-01-09T15:53:53","date_gmt":"2024-01-09T15:53:53","guid":{"rendered":"http:\/\/rucashk.com\/?post_type=product&#038;p=23378"},"modified":"2024-03-11T06:52:35","modified_gmt":"2024-03-11T06:52:35","slug":"oneplus-6t","status":"publish","type":"product","link":"https:\/\/www.rucashk.com\/pt\/produto\/oneplus-6t\/","title":{"rendered":"Oneplus 6T"},"content":{"rendered":"<h2 style=\"text-align: center\">Oneplus 6T<\/h2>\n<p><img fetchpriority=\"high\" decoding=\"async\" class=\"aligncenter wp-image-17198 size-full\" src=\"\/wp-content\/uploads\/replace\/142671ac6eb7c72e887a594096e0d901.png\" alt=\"Oneplus\u00a06T\" width=\"1545\" height=\"712\" \/><img decoding=\"async\" class=\"aligncenter wp-image-17199 size-full\" src=\"\/wp-content\/uploads\/replace\/5c2a4e1b1d6b8c071a98670f6b008574.png\" alt=\"Oneplus\u00a06T\" width=\"1552\" height=\"611\" \/><img decoding=\"async\" class=\"aligncenter wp-image-17200 size-full\" src=\"\/wp-content\/uploads\/replace\/fa1599f888eee23f351c44bce7b32b0a.jpeg\" alt=\"Oneplus\u00a06T\" width=\"1546\" height=\"627\" \/><img loading=\"lazy\" decoding=\"async\" class=\"aligncenter wp-image-17201 size-full\" src=\"\/wp-content\/uploads\/replace\/df10955a6c661fae0d24fc50777e1655.jpeg\" alt=\"Oneplus\u00a06T\" width=\"1542\" height=\"703\" \/><img loading=\"lazy\" decoding=\"async\" class=\"aligncenter wp-image-17202 size-full\" src=\"\/wp-content\/uploads\/replace\/f7b606c821444eeaa07b440a5c940832.jpeg\" alt=\"Oneplus\u00a06T\" width=\"1533\" height=\"472\" \/><\/p>","protected":false},"excerpt":{"rendered":"<ul>\n<li>Compat\u00edvel com Verizon, Tmobile, AT&amp;T e todas as redes GSM. N\u00e3o funcionar\u00e1 com Sprint. Verifique com sua rede para garantir compatibilidade total.<\/li>\n<li>Sistema operacional: OxygenOS baseado em Android 9 (Pie), CPU: Qualcomm Snapdragon 845 (Octa-core, 10nm, at\u00e9 2,8 GHz), 8 GB de mem\u00f3ria + 128 GB de armazenamento, Sensores: Sensor de impress\u00e3o digital no display.<\/li>\n<li>C\u00e2mera traseira dupla: 16 MP (f\/1.7) + 20 MP (f\/1.7) Flash LED duplo, V\u00eddeo: resolu\u00e7\u00e3o 4K a 30\/60 fps | Resolu\u00e7\u00e3o 1080p a 30\/60 fps | Resolu\u00e7\u00e3o 720p a 30 fps | C\u00e2mera super lenta: v\u00eddeos em 1080p a 240 fps | V\u00eddeo 720p a 480 fps, Time-Lapse, Editor de V\u00eddeo. C\u00e2mera frontal: 16MP, V\u00eddeo: resolu\u00e7\u00e3o 1080p a 30 fps | Resolu\u00e7\u00e3o 720p a 30 fps, lapso de tempo.<\/li>\n<\/ul>","protected":false},"featured_media":23526,"template":"","meta":[],"product_brand":[],"product_cat":[1295,1304],"product_tag":[881],"class_list":{"0":"post-23378","1":"product","2":"type-product","3":"status-publish","4":"has-post-thumbnail","6":"product_cat-mobile-phone","7":"product_cat-oneplus-mobile-phone","8":"product_tag-oneplus-6t","10":"first","11":"instock","12":"shipping-taxable","13":"product-type-external"},"aioseo_notices":[],"aioseo_head":"\n\t\t<!-- All in One SEO Pro 4.5.9.2 - aioseo.com -->\n\t\t<meta name=\"description\" content=\"Compatible with Verizon, Tmobile, AT&amp;T and all GSM Networks. Will not work with Sprint. Please verify with your network to ensure full compatibility. Operating System: OxygenOS based on Android 9 (Pie), CPU: Qualcomm Snapdragon 845 (Octa-core, 10nm, up to 2.8GHz), 8GB Memory + 128GB Storage, Sensors: In-Display Fingerprint Sensor. Dual Rear Camera: 16MP (f\/1.7) + 20MP (f\/1.7) Dual LED Flash, Video: 4K resolution at 30\/60 fps | 1080p resolution at 30\/60 fps | 720p resolution at 30 fps | Super Slow Motion: 1080p videos at 240 fps | 720p video at 480 fps, Time-Lapse, Video Editor. Front camera: 16MP, Video: 1080p resolution at 30 fps | 720p resolution at 30 fps, Time-Lapse.\" \/>\n\t\t<meta name=\"robots\" content=\"max-image-preview:large\" \/>\n\t\t<link rel=\"canonical\" href=\"https:\/\/www.rucashk.com\/pt\/produto\/oneplus-6t\/\" \/>\n\t\t<meta name=\"generator\" content=\"All in One SEO Pro (AIOSEO) 4.5.9.2\" \/>\n\t\t<meta property=\"og:locale\" content=\"pt_PT\" \/>\n\t\t<meta property=\"og:site_name\" content=\"Rucas - One-stop AIoT Distribution Worldwide\" \/>\n\t\t<meta property=\"og:type\" content=\"article\" \/>\n\t\t<meta property=\"og:title\" content=\"Oneplus 6T - Rucas - Wholesale and Distribution\" \/>\n\t\t<meta property=\"og:description\" content=\"Compatible with Verizon, Tmobile, AT&amp;T and all GSM Networks. Will not work with Sprint. Please verify with your network to ensure full compatibility. Operating System: OxygenOS based on Android 9 (Pie), CPU: Qualcomm Snapdragon 845 (Octa-core, 10nm, up to 2.8GHz), 8GB Memory + 128GB Storage, Sensors: In-Display Fingerprint Sensor. Dual Rear Camera: 16MP (f\/1.7) + 20MP (f\/1.7) Dual LED Flash, Video: 4K resolution at 30\/60 fps | 1080p resolution at 30\/60 fps | 720p resolution at 30 fps | Super Slow Motion: 1080p videos at 240 fps | 720p video at 480 fps, Time-Lapse, Video Editor. Front camera: 16MP, Video: 1080p resolution at 30 fps | 720p resolution at 30 fps, Time-Lapse.\" \/>\n\t\t<meta property=\"og:url\" content=\"https:\/\/www.rucashk.com\/pt\/produto\/oneplus-6t\/\" \/>\n\t\t<meta property=\"og:image\" content=\"https:\/\/www.rucashk.com\/wp-content\/uploads\/replace\/503b8e645f128a97ccde2b6290747646.jpeg\" \/>\n\t\t<meta property=\"og:image:secure_url\" content=\"https:\/\/www.rucashk.com\/wp-content\/uploads\/replace\/503b8e645f128a97ccde2b6290747646.jpeg\" \/>\n\t\t<meta property=\"og:image:width\" content=\"1456\" \/>\n\t\t<meta property=\"og:image:height\" content=\"816\" \/>\n\t\t<meta property=\"article:published_time\" content=\"2024-01-09T15:53:53+00:00\" \/>\n\t\t<meta property=\"article:modified_time\" content=\"2024-03-11T06:52:35+00:00\" \/>\n\t\t<meta name=\"twitter:card\" content=\"summary_large_image\" \/>\n\t\t<meta name=\"twitter:title\" content=\"Oneplus 6T - Rucas - Wholesale and Distribution\" \/>\n\t\t<meta name=\"twitter:description\" content=\"Compatible with Verizon, Tmobile, AT&amp;T and all GSM Networks. Will not work with Sprint. Please verify with your network to ensure full compatibility. Operating System: OxygenOS based on Android 9 (Pie), CPU: Qualcomm Snapdragon 845 (Octa-core, 10nm, up to 2.8GHz), 8GB Memory + 128GB Storage, Sensors: In-Display Fingerprint Sensor. Dual Rear Camera: 16MP (f\/1.7) + 20MP (f\/1.7) Dual LED Flash, Video: 4K resolution at 30\/60 fps | 1080p resolution at 30\/60 fps | 720p resolution at 30 fps | Super Slow Motion: 1080p videos at 240 fps | 720p video at 480 fps, Time-Lapse, Video Editor. Front camera: 16MP, Video: 1080p resolution at 30 fps | 720p resolution at 30 fps, Time-Lapse.\" \/>\n\t\t<meta name=\"twitter:image\" content=\"https:\/\/www.rucashk.com\/wp-content\/uploads\/replace\/503b8e645f128a97ccde2b6290747646.jpeg\" \/>\n\t\t<script type=\"application\/ld+json\" class=\"aioseo-schema\">\n\t\t\t{\"@context\":\"https:\\\/\\\/schema.org\",\"@graph\":[{\"@type\":\"BreadcrumbList\",\"@id\":\"https:\\\/\\\/www.rucashk.com\\\/pt\\\/produto\\\/oneplus-6t\\\/#breadcrumblist\",\"itemListElement\":[{\"@type\":\"ListItem\",\"@id\":\"https:\\\/\\\/www.rucashk.com\\\/pt\\\/#listItem\",\"position\":1,\"name\":\"Home\",\"item\":\"https:\\\/\\\/www.rucashk.com\\\/pt\\\/\",\"nextItem\":\"https:\\\/\\\/www.rucashk.com\\\/pt\\\/produto\\\/oneplus-6t\\\/#listItem\"},{\"@type\":\"ListItem\",\"@id\":\"https:\\\/\\\/www.rucashk.com\\\/pt\\\/produto\\\/oneplus-6t\\\/#listItem\",\"position\":2,\"name\":\"Oneplus\\u00a06T\",\"previousItem\":\"https:\\\/\\\/www.rucashk.com\\\/pt\\\/#listItem\"}]},{\"@type\":\"Organization\",\"@id\":\"https:\\\/\\\/www.rucashk.com\\\/pt\\\/#organization\",\"name\":\"Rucas\",\"url\":\"https:\\\/\\\/www.rucashk.com\\\/pt\\\/\",\"logo\":{\"@type\":\"ImageObject\",\"url\":\"https:\\\/\\\/www.rucashk.com\\\/wp-content\\\/uploads\\\/2023\\\/12\\\/Rucas_campany_logo.png\",\"@id\":\"https:\\\/\\\/www.rucashk.com\\\/pt\\\/produto\\\/oneplus-6t\\\/#organizationLogo\",\"width\":221,\"height\":65},\"image\":{\"@id\":\"https:\\\/\\\/www.rucashk.com\\\/pt\\\/#organizationLogo\"}},{\"@type\":\"Person\",\"@id\":\"https:\\\/\\\/www.rucashk.com\\\/pt\\\/author\\\/admin\\\/#author\",\"url\":\"https:\\\/\\\/www.rucashk.com\\\/pt\\\/author\\\/admin\\\/\",\"name\":\"admin\",\"image\":{\"@type\":\"ImageObject\",\"@id\":\"https:\\\/\\\/www.rucashk.com\\\/pt\\\/produto\\\/oneplus-6t\\\/#authorImage\",\"url\":\"https:\\\/\\\/secure.gravatar.com\\\/avatar\\\/b7c8925b09a27e72b30232f8ecaadbd5af0f70a38c78096863fe51b64f031c24?s=96&d=mm&r=g\",\"width\":96,\"height\":96,\"caption\":\"admin\"}},{\"@type\":\"WebPage\",\"@id\":\"https:\\\/\\\/www.rucashk.com\\\/pt\\\/produto\\\/oneplus-6t\\\/#webpage\",\"url\":\"https:\\\/\\\/www.rucashk.com\\\/pt\\\/produto\\\/oneplus-6t\\\/\",\"name\":\"Oneplus 6T - Rucas - Wholesale and Distribution\",\"description\":\"Compatible with Verizon, Tmobile, AT&T and all GSM Networks. Will not work with Sprint. Please verify with your network to ensure full compatibility. Operating System: OxygenOS based on Android 9 (Pie), CPU: Qualcomm Snapdragon 845 (Octa-core, 10nm, up to 2.8GHz), 8GB Memory + 128GB Storage, Sensors: In-Display Fingerprint Sensor. Dual Rear Camera: 16MP (f\\\/1.7) + 20MP (f\\\/1.7) Dual LED Flash, Video: 4K resolution at 30\\\/60 fps | 1080p resolution at 30\\\/60 fps | 720p resolution at 30 fps | Super Slow Motion: 1080p videos at 240 fps | 720p video at 480 fps, Time-Lapse, Video Editor. Front camera: 16MP, Video: 1080p resolution at 30 fps | 720p resolution at 30 fps, Time-Lapse.\",\"inLanguage\":\"pt-PT\",\"isPartOf\":{\"@id\":\"https:\\\/\\\/www.rucashk.com\\\/pt\\\/#website\"},\"breadcrumb\":{\"@id\":\"https:\\\/\\\/www.rucashk.com\\\/pt\\\/produto\\\/oneplus-6t\\\/#breadcrumblist\"},\"author\":{\"@id\":\"https:\\\/\\\/www.rucashk.com\\\/pt\\\/author\\\/admin\\\/#author\"},\"creator\":{\"@id\":\"https:\\\/\\\/www.rucashk.com\\\/pt\\\/author\\\/admin\\\/#author\"},\"image\":{\"@type\":\"ImageObject\",\"url\":\"https:\\\/\\\/www.rucashk.com\\\/wp-content\\\/uploads\\\/2024\\\/01\\\/3_\\u526f\\u672c-17.jpg\",\"@id\":\"https:\\\/\\\/www.rucashk.com\\\/pt\\\/produto\\\/oneplus-6t\\\/#mainImage\",\"width\":800,\"height\":800},\"primaryImageOfPage\":{\"@id\":\"https:\\\/\\\/www.rucashk.com\\\/pt\\\/produto\\\/oneplus-6t\\\/#mainImage\"},\"datePublished\":\"2024-01-09T15:53:53+00:00\",\"dateModified\":\"2024-03-11T06:52:35+00:00\"},{\"@type\":\"WebSite\",\"@id\":\"https:\\\/\\\/www.rucashk.com\\\/pt\\\/#website\",\"url\":\"https:\\\/\\\/www.rucashk.com\\\/pt\\\/\",\"name\":\"Rucas - Wholesale and distribution worldwide\",\"alternateName\":\"Rucas - One-stop AIoT Distribution Worldwide\",\"description\":\"One-stop AIoT Distribution Worldwide\",\"inLanguage\":\"pt-PT\",\"publisher\":{\"@id\":\"https:\\\/\\\/www.rucashk.com\\\/pt\\\/#organization\"}}]}\n\t\t<\/script>\n\t\t<!-- All in One SEO Pro -->\r\n\t\t<title>Oneplus 6T - Rucas - Wholesale and Distribution<\/title>\n\n","aioseo_head_json":{"title":"Oneplus 6T - Rucas - Wholesale and Distribution","description":"Compatible with Verizon, Tmobile, AT&T and all GSM Networks. Will not work with Sprint. Please verify with your network to ensure full compatibility. Operating System: OxygenOS based on Android 9 (Pie), CPU: Qualcomm Snapdragon 845 (Octa-core, 10nm, up to 2.8GHz), 8GB Memory + 128GB Storage, Sensors: In-Display Fingerprint Sensor. Dual Rear Camera: 16MP (f\/1.7) + 20MP (f\/1.7) Dual LED Flash, Video: 4K resolution at 30\/60 fps | 1080p resolution at 30\/60 fps | 720p resolution at 30 fps | Super Slow Motion: 1080p videos at 240 fps | 720p video at 480 fps, Time-Lapse, Video Editor. Front camera: 16MP, Video: 1080p resolution at 30 fps | 720p resolution at 30 fps, Time-Lapse.","canonical_url":"https:\/\/www.rucashk.com\/pt\/produto\/oneplus-6t\/","robots":"max-image-preview:large","keywords":"","webmasterTools":{"miscellaneous":""},"og:locale":"pt_PT","og:site_name":"Rucas - One-stop AIoT Distribution Worldwide","og:type":"article","og:title":"Oneplus 6T - Rucas - Wholesale and Distribution","og:description":"Compatible with Verizon, Tmobile, AT&amp;T and all GSM Networks. Will not work with Sprint. Please verify with your network to ensure full compatibility. Operating System: OxygenOS based on Android 9 (Pie), CPU: Qualcomm Snapdragon 845 (Octa-core, 10nm, up to 2.8GHz), 8GB Memory + 128GB Storage, Sensors: In-Display Fingerprint Sensor. Dual Rear Camera: 16MP (f\/1.7) + 20MP (f\/1.7) Dual LED Flash, Video: 4K resolution at 30\/60 fps | 1080p resolution at 30\/60 fps | 720p resolution at 30 fps | Super Slow Motion: 1080p videos at 240 fps | 720p video at 480 fps, Time-Lapse, Video Editor. Front camera: 16MP, Video: 1080p resolution at 30 fps | 720p resolution at 30 fps, Time-Lapse.","og:url":"https:\/\/www.rucashk.com\/pt\/produto\/oneplus-6t\/","og:image":"https:\/\/www.rucashk.com\/wp-content\/uploads\/replace\/503b8e645f128a97ccde2b6290747646.jpeg","og:image:secure_url":"https:\/\/www.rucashk.com\/wp-content\/uploads\/replace\/503b8e645f128a97ccde2b6290747646.jpeg","og:image:width":1456,"og:image:height":816,"article:published_time":"2024-01-09T15:53:53+00:00","article:modified_time":"2024-03-11T06:52:35+00:00","twitter:card":"summary_large_image","twitter:title":"Oneplus 6T - Rucas - Wholesale and Distribution","twitter:description":"Compatible with Verizon, Tmobile, AT&amp;T and all GSM Networks. Will not work with Sprint. Please verify with your network to ensure full compatibility. Operating System: OxygenOS based on Android 9 (Pie), CPU: Qualcomm Snapdragon 845 (Octa-core, 10nm, up to 2.8GHz), 8GB Memory + 128GB Storage, Sensors: In-Display Fingerprint Sensor. Dual Rear Camera: 16MP (f\/1.7) + 20MP (f\/1.7) Dual LED Flash, Video: 4K resolution at 30\/60 fps | 1080p resolution at 30\/60 fps | 720p resolution at 30 fps | Super Slow Motion: 1080p videos at 240 fps | 720p video at 480 fps, Time-Lapse, Video Editor. Front camera: 16MP, Video: 1080p resolution at 30 fps | 720p resolution at 30 fps, Time-Lapse.","twitter:image":"https:\/\/www.rucashk.com\/wp-content\/uploads\/replace\/503b8e645f128a97ccde2b6290747646.jpeg","schema":{"@context":"https:\/\/schema.org","@graph":[{"@type":"BreadcrumbList","@id":"https:\/\/www.rucashk.com\/pt\/produto\/oneplus-6t\/#breadcrumblist","itemListElement":[{"@type":"ListItem","@id":"https:\/\/www.rucashk.com\/pt\/#listItem","position":1,"name":"Home","item":"https:\/\/www.rucashk.com\/pt\/","nextItem":"https:\/\/www.rucashk.com\/pt\/produto\/oneplus-6t\/#listItem"},{"@type":"ListItem","@id":"https:\/\/www.rucashk.com\/pt\/produto\/oneplus-6t\/#listItem","position":2,"name":"Oneplus\u00a06T","previousItem":"https:\/\/www.rucashk.com\/pt\/#listItem"}]},{"@type":"Organization","@id":"https:\/\/www.rucashk.com\/pt\/#organization","name":"Rucas","url":"https:\/\/www.rucashk.com\/pt\/","logo":{"@type":"ImageObject","url":"https:\/\/www.rucashk.com\/wp-content\/uploads\/2023\/12\/Rucas_campany_logo.png","@id":"https:\/\/www.rucashk.com\/pt\/produto\/oneplus-6t\/#organizationLogo","width":221,"height":65},"image":{"@id":"https:\/\/www.rucashk.com\/pt\/#organizationLogo"}},{"@type":"Person","@id":"https:\/\/www.rucashk.com\/pt\/author\/admin\/#author","url":"https:\/\/www.rucashk.com\/pt\/author\/admin\/","name":"admin","image":{"@type":"ImageObject","@id":"https:\/\/www.rucashk.com\/pt\/produto\/oneplus-6t\/#authorImage","url":"https:\/\/secure.gravatar.com\/avatar\/b7c8925b09a27e72b30232f8ecaadbd5af0f70a38c78096863fe51b64f031c24?s=96&d=mm&r=g","width":96,"height":96,"caption":"admin"}},{"@type":"WebPage","@id":"https:\/\/www.rucashk.com\/pt\/produto\/oneplus-6t\/#webpage","url":"https:\/\/www.rucashk.com\/pt\/produto\/oneplus-6t\/","name":"Oneplus 6T - Rucas - Wholesale and Distribution","description":"Compatible with Verizon, Tmobile, AT&T and all GSM Networks. Will not work with Sprint. Please verify with your network to ensure full compatibility. Operating System: OxygenOS based on Android 9 (Pie), CPU: Qualcomm Snapdragon 845 (Octa-core, 10nm, up to 2.8GHz), 8GB Memory + 128GB Storage, Sensors: In-Display Fingerprint Sensor. Dual Rear Camera: 16MP (f\/1.7) + 20MP (f\/1.7) Dual LED Flash, Video: 4K resolution at 30\/60 fps | 1080p resolution at 30\/60 fps | 720p resolution at 30 fps | Super Slow Motion: 1080p videos at 240 fps | 720p video at 480 fps, Time-Lapse, Video Editor. Front camera: 16MP, Video: 1080p resolution at 30 fps | 720p resolution at 30 fps, Time-Lapse.","inLanguage":"pt-PT","isPartOf":{"@id":"https:\/\/www.rucashk.com\/pt\/#website"},"breadcrumb":{"@id":"https:\/\/www.rucashk.com\/pt\/produto\/oneplus-6t\/#breadcrumblist"},"author":{"@id":"https:\/\/www.rucashk.com\/pt\/author\/admin\/#author"},"creator":{"@id":"https:\/\/www.rucashk.com\/pt\/author\/admin\/#author"},"image":{"@type":"ImageObject","url":"https:\/\/www.rucashk.com\/wp-content\/uploads\/2024\/01\/3_\u526f\u672c-17.jpg","@id":"https:\/\/www.rucashk.com\/pt\/produto\/oneplus-6t\/#mainImage","width":800,"height":800},"primaryImageOfPage":{"@id":"https:\/\/www.rucashk.com\/pt\/produto\/oneplus-6t\/#mainImage"},"datePublished":"2024-01-09T15:53:53+00:00","dateModified":"2024-03-11T06:52:35+00:00"},{"@type":"WebSite","@id":"https:\/\/www.rucashk.com\/pt\/#website","url":"https:\/\/www.rucashk.com\/pt\/","name":"Rucas - Wholesale and distribution worldwide","alternateName":"Rucas - One-stop AIoT Distribution Worldwide","description":"One-stop AIoT Distribution Worldwide","inLanguage":"pt-PT","publisher":{"@id":"https:\/\/www.rucashk.com\/pt\/#organization"}}]}},"aioseo_meta_data":{"post_id":"23378","title":null,"description":null,"keywords":null,"keyphrases":null,"primary_term":null,"canonical_url":null,"og_title":null,"og_description":null,"og_object_type":"default","og_image_type":"default","og_image_url":null,"og_image_width":null,"og_image_height":null,"og_image_custom_url":null,"og_image_custom_fields":null,"og_video":null,"og_custom_url":null,"og_article_section":null,"og_article_tags":null,"twitter_use_og":false,"twitter_card":"default","twitter_image_type":"default","twitter_image_url":null,"twitter_image_custom_url":null,"twitter_image_custom_fields":null,"twitter_title":null,"twitter_description":null,"schema":{"blockGraphs":[],"customGraphs":[],"default":{"data":{"Article":[],"Course":[],"Dataset":[],"FAQPage":[],"Movie":[],"Person":[],"Product":[],"Recipe":[],"Service":[],"SoftwareApplication":[],"WebPage":[]},"graphName":"","isEnabled":true},"graphs":[]},"schema_type":"default","schema_type_options":null,"pillar_content":false,"robots_default":true,"robots_noindex":false,"robots_noarchive":false,"robots_nosnippet":false,"robots_nofollow":false,"robots_noimageindex":false,"robots_noodp":false,"robots_notranslate":false,"robots_max_snippet":null,"robots_max_videopreview":null,"robots_max_imagepreview":"large","priority":null,"frequency":null,"local_seo":null,"breadcrumb_settings":null,"limit_modified_date":false,"created":"2024-04-11 01:55:29","updated":"2025-06-22 17:07:32"},"aioseo_breadcrumb":"<div class=\"aioseo-breadcrumbs\"><span class=\"aioseo-breadcrumb\">\n\t<a href=\"https:\/\/www.rucashk.com\/pt\" title=\"Home\">Home<\/a>\n<\/span><span class=\"aioseo-breadcrumb-separator\">&raquo;<\/span><span class=\"aioseo-breadcrumb\">\n\t<a href=\"https:\/\/www.rucashk.com\/pt\/products\/\" title=\"Produtos\">Produtos<\/a>\n<\/span><span class=\"aioseo-breadcrumb-separator\">&raquo;<\/span><span class=\"aioseo-breadcrumb\">\n\t<a href=\"https:\/\/www.rucashk.com\/pt\/categoria-produto\/mobile-phone\/\" title=\"Mobile Phone\">Mobile Phone<\/a>\n<\/span><span class=\"aioseo-breadcrumb-separator\">&raquo;<\/span><span class=\"aioseo-breadcrumb\">\n\t<a href=\"https:\/\/www.rucashk.com\/pt\/categoria-produto\/mobile-phone\/oneplus-mobile-phone\/\" title=\"Oneplus\">Oneplus<\/a>\n<\/span><span class=\"aioseo-breadcrumb-separator\">&raquo;<\/span><span class=\"aioseo-breadcrumb\">\n\tOneplus\u00a06T\n<\/span><\/div>","aioseo_breadcrumb_json":[{"label":"Home","link":"https:\/\/www.rucashk.com\/pt"},{"label":"Produtos","link":"https:\/\/www.rucashk.com\/pt\/products\/"},{"label":"Mobile Phone","link":"https:\/\/www.rucashk.com\/pt\/categoria-produto\/mobile-phone\/"},{"label":"Oneplus","link":"https:\/\/www.rucashk.com\/pt\/categoria-produto\/mobile-phone\/oneplus-mobile-phone\/"},{"label":"Oneplus\u00a06T","link":"https:\/\/www.rucashk.com\/pt\/produto\/oneplus-6t\/"}],"_links":{"self":[{"href":"https:\/\/www.rucashk.com\/pt\/wp-json\/wp\/v2\/product\/23378","targetHints":{"allow":["GET"]}}],"collection":[{"href":"https:\/\/www.rucashk.com\/pt\/wp-json\/wp\/v2\/product"}],"about":[{"href":"https:\/\/www.rucashk.com\/pt\/wp-json\/wp\/v2\/types\/product"}],"wp:featuredmedia":[{"embeddable":true,"href":"https:\/\/www.rucashk.com\/pt\/wp-json\/wp\/v2\/media\/23526"}],"wp:attachment":[{"href":"https:\/\/www.rucashk.com\/pt\/wp-json\/wp\/v2\/media?parent=23378"}],"wp:term":[{"taxonomy":"product_brand","embeddable":true,"href":"https:\/\/www.rucashk.com\/pt\/wp-json\/wp\/v2\/product_brand?post=23378"},{"taxonomy":"product_cat","embeddable":true,"href":"https:\/\/www.rucashk.com\/pt\/wp-json\/wp\/v2\/product_cat?post=23378"},{"taxonomy":"product_tag","embeddable":true,"href":"https:\/\/www.rucashk.com\/pt\/wp-json\/wp\/v2\/product_tag?post=23378"}],"curies":[{"name":"wp","href":"https:\/\/api.w.org\/{rel}","templated":true}]}}