{"id":23373,"date":"2024-01-09T15:53:53","date_gmt":"2024-01-09T15:53:53","guid":{"rendered":"http:\/\/rucashk.com\/?post_type=product&#038;p=23373"},"modified":"2024-03-13T07:09:25","modified_gmt":"2024-03-13T07:09:25","slug":"xiaomi-black-shark-3-pro-2","status":"publish","type":"product","link":"https:\/\/www.rucashk.com\/pt\/produto\/xiaomi-black-shark-3-pro-2\/","title":{"rendered":"Xiaomi Tubar\u00e3o Negro 3 Pro"},"content":{"rendered":"<h2 style=\"text-align: center\">Xiaomi Tubar\u00e3o Negro 3 Pro<\/h2>\n<p style=\"text-align: center\"><img fetchpriority=\"high\" decoding=\"async\" class=\"alignnone\" src=\"\/wp-content\/uploads\/replace\/ab67fd4750577cddecbacc271288d7fb.jpeg\" alt=\"Xiaomi\u00a0Black Shark 3 Pro\" width=\"940\" height=\"445\" \/><\/p>\n<div style=\"text-align: center\">Controle de jogo superior<\/div>\n<div style=\"text-align: center\">Bot\u00f5es pop-up do jogo | Controle de voz | Press\u00e3o da tela 3.0<\/div>\n<div style=\"text-align: center\"><img decoding=\"async\" class=\"alignnone\" src=\"\/wp-content\/uploads\/replace\/8ee3eb1eb3ab364a1467e60380c70e22.jpeg\" alt=\"Xiaomi\u00a0Black Shark 3 Pro\" width=\"940\" height=\"166\" \/><\/div>\n<div>\n<div style=\"text-align: center\" data-spm-anchor-id=\"a2g0o.detail.1000023.i4.1f965507PRznZR\">Teclas mec\u00e2nicas exclusivas e confort\u00e1veis para jogos fornecem feedback de toque verdadeiro, design ergon\u00f4mico microcurvado e s\u00e3o adequadas para diferentes tipos de m\u00e3os.<\/div>\n<div style=\"text-align: center\">Atraso zero, toque zero, reconhecimento autom\u00e1tico de cenas de jogo, remo\u00e7\u00e3o inteligente de chave. Suporta feedback autom\u00e1tico.<\/div>\n<div style=\"text-align: center\"><img decoding=\"async\" class=\"alignnone\" src=\"\/wp-content\/uploads\/replace\/8f750803c417d661416cd6920b4b47ba.jpeg\" alt=\"Xiaomi\u00a0Black Shark 3 Pro\" width=\"940\" height=\"333\" \/><img loading=\"lazy\" decoding=\"async\" class=\"alignnone\" src=\"\/wp-content\/uploads\/replace\/1d58312f19fe2d7f2da605eca5f88b6f.jpeg\" alt=\"Xiaomi\u00a0Black Shark 3 Pro\" width=\"940\" height=\"412\" \/><\/div>\n<div>\n<div style=\"text-align: center\" data-spm-anchor-id=\"a2g0o.detail.1000023.i7.1f965507PRznZR\">Melhor desempenho em jogos<\/div>\n<div style=\"text-align: center\" data-spm-anchor-id=\"a2g0o.detail.1000023.i10.1f965507PRznZR\">Snapdragon 865 | Carregador 65W | Resfriamento L\u00edquido Sandu\u00edche | Banda Dupla 5G<\/div>\n<div style=\"text-align: center\" data-spm-anchor-id=\"a2g0o.detail.1000023.i10.1f965507PRznZR\"><img loading=\"lazy\" decoding=\"async\" class=\"alignnone\" src=\"\/wp-content\/uploads\/replace\/78e90792a3411c7bdb02cca74fe449fb.jpeg\" alt=\"Xiaomi\u00a0Black Shark 3 Pro\" width=\"940\" height=\"549\" \/><\/div>\n<div style=\"text-align: center\" data-spm-anchor-id=\"a2g0o.detail.1000023.i10.1f965507PRznZR\">Bateria de modo duplo de 5000 mAh, suporta carregamento r\u00e1pido de at\u00e9 65 watts<\/div>\n<div style=\"text-align: center\" data-spm-anchor-id=\"a2g0o.detail.1000023.i10.1f965507PRznZR\"><img loading=\"lazy\" decoding=\"async\" class=\"alignnone\" src=\"\/wp-content\/uploads\/replace\/27ab689cda3e0db6d1eacb4f6bfa198c.jpeg\" alt=\"Xiaomi\u00a0Black Shark 3 Pro\" width=\"940\" height=\"417\" \/><\/div>\n<div data-spm-anchor-id=\"a2g0o.detail.1000023.i10.1f965507PRznZR\">\n<div style=\"text-align: center\" data-spm-anchor-id=\"a2g0o.detail.1000023.i14.1f965507PRznZR\">Suporta carga magn\u00e9tica traseira de 18 W *<\/div>\n<div style=\"text-align: center\">O kit padr\u00e3o n\u00e3o possui este cabo de carregamento, voc\u00ea mesmo precisa comprar um cabo de carregamento magn\u00e9tico.<\/div>\n<div style=\"text-align: center\"><img loading=\"lazy\" decoding=\"async\" class=\"alignnone\" src=\"\/wp-content\/uploads\/replace\/74e498d74571c8ca59bd21f5c55e4224.jpeg\" alt=\"Xiaomi\u00a0Black Shark 3 Pro\" width=\"940\" height=\"437\" \/><\/div>\n<div style=\"text-align: center\">Sistema de resfriamento l\u00edquido sandu\u00edche<\/div>\n<div style=\"text-align: center\"><img loading=\"lazy\" decoding=\"async\" class=\"alignnone\" src=\"\/wp-content\/uploads\/replace\/8582b124515979bc1c8e716f11d779ad.jpeg\" alt=\"Xiaomi\u00a0Black Shark 3 Pro\" width=\"940\" height=\"381\" \/><\/div>\n<div style=\"text-align: center\">Antena \u201cX + X\u201d<\/div>\n<div style=\"text-align: center\"><img loading=\"lazy\" decoding=\"async\" class=\"alignnone\" src=\"\/wp-content\/uploads\/replace\/c320c9fc7b58326619e8a400541ff360.jpeg\" alt=\"Xiaomi\u00a0Black Shark 3 Pro\" width=\"940\" height=\"380\" \/><\/div>\n<div>\n<div style=\"text-align: center\" data-spm-anchor-id=\"a2g0o.detail.1000023.i20.1f965507PRznZR\">Melhor experi\u00eancia de jogo<\/div>\n<div style=\"text-align: center\">Resolu\u00e7\u00e3o 2K + | Classifica\u00e7\u00e3o de flash de 90 Hz | Est\u00e9reo balanceado<\/div>\n<div style=\"text-align: center\"><img loading=\"lazy\" decoding=\"async\" class=\"alignnone\" src=\"\/wp-content\/uploads\/replace\/c7fc464b15aad3ea2f18ee8fd666cc4b.jpeg\" alt=\"Xiaomi\u00a0Black Shark 3 Pro\" width=\"940\" height=\"534\" \/><\/div>\n<div style=\"text-align: center\">C\u00e2mera tripla AI de 64 MP + 13 MP + 5 MP<\/div>\n<div style=\"text-align: center\"><img loading=\"lazy\" decoding=\"async\" class=\"alignnone\" src=\"\/wp-content\/uploads\/replace\/8fce7f3c7dbbc8b4fe8e436d31294319.jpeg\" alt=\"Xiaomi\u00a0Black Shark 3 Pro\" width=\"940\" height=\"470\" \/><\/div>\n<div style=\"text-align: center\">Impress\u00e3o digital e bot\u00e3o<\/div>\n<div><img loading=\"lazy\" decoding=\"async\" class=\"aligncenter\" src=\"\/wp-content\/uploads\/replace\/e6010dec2ffde9bb2677066bfee2aaa8.jpeg\" alt=\"Xiaomi\u00a0Black Shark 3 Pro\" width=\"940\" height=\"443\" \/><img loading=\"lazy\" decoding=\"async\" class=\"aligncenter\" src=\"\/wp-content\/uploads\/replace\/5d4cb9b2039fbb66e357752911b20127.jpeg\" alt=\"Xiaomi\u00a0Black Shark 3 Pro\" width=\"940\" height=\"350\" \/><\/div>\n<\/div>\n<\/div>\n<\/div>\n<\/div>","protected":false},"excerpt":{"rendered":"<p><strong>Especifica\u00e7\u00f5es:<\/strong><\/p>\n<p><span class=\"tgt\" data-section=\"0\" data-sentence=\"0\" data-group=\"0-0\">Marca:XIAOMI<\/span><\/p>\n<p><span class=\"tgt\" data-section=\"0\" data-sentence=\"0\" data-group=\"0-0\">Bateria<span class=\"property-title\">\u00a0Tipo :\u00a0<\/span><span class=\"property-desc line-limit-length\" title=\"Fixo\">Fixo<\/span><\/span><\/p>\n<p><span class=\"tgt\" data-section=\"0\" data-sentence=\"0\" data-group=\"0-0\">Mem\u00f3ria: 256 GB<\/span><\/p>\n<p><span class=\"tgt\" data-section=\"0\" data-sentence=\"0\" data-group=\"0-0\">Sistema operacional: Android<\/span><\/p>\n<p>&nbsp;<\/p>","protected":false},"featured_media":23506,"template":"","meta":[],"product_brand":[],"product_cat":[1353,1295],"product_tag":[721],"class_list":{"0":"post-23373","1":"product","2":"type-product","3":"status-publish","4":"has-post-thumbnail","6":"product_cat-black-shark-mobile-phone","7":"product_cat-mobile-phone","8":"product_tag-xiaomi-black-shark-3-pro","10":"first","11":"instock","12":"shipping-taxable","13":"product-type-external"},"aioseo_notices":[],"aioseo_head":"\n\t\t<!-- All in One SEO Pro 4.5.9.2 - aioseo.com -->\n\t\t<meta name=\"description\" content=\"Specifications: Brand Name: XIAOMI Battery Type : Fixed Memory: 256GB Operating System: Android\" \/>\n\t\t<meta name=\"robots\" content=\"max-image-preview:large\" \/>\n\t\t<link rel=\"canonical\" href=\"https:\/\/www.rucashk.com\/pt\/produto\/xiaomi-black-shark-3-pro-2\/\" \/>\n\t\t<meta name=\"generator\" content=\"All in One SEO Pro (AIOSEO) 4.5.9.2\" \/>\n\t\t<meta property=\"og:locale\" content=\"pt_PT\" \/>\n\t\t<meta property=\"og:site_name\" content=\"Rucas - One-stop AIoT Distribution Worldwide\" \/>\n\t\t<meta property=\"og:type\" content=\"article\" \/>\n\t\t<meta property=\"og:title\" content=\"Xiaomi Black Shark 3 Pro - Rucas - Wholesale and Distribution\" \/>\n\t\t<meta property=\"og:description\" content=\"Specifications: Brand Name: XIAOMI Battery Type : Fixed Memory: 256GB Operating System: Android\" \/>\n\t\t<meta property=\"og:url\" content=\"https:\/\/www.rucashk.com\/pt\/produto\/xiaomi-black-shark-3-pro-2\/\" \/>\n\t\t<meta property=\"og:image\" content=\"https:\/\/www.rucashk.com\/wp-content\/uploads\/replace\/503b8e645f128a97ccde2b6290747646.jpeg\" \/>\n\t\t<meta property=\"og:image:secure_url\" content=\"https:\/\/www.rucashk.com\/wp-content\/uploads\/replace\/503b8e645f128a97ccde2b6290747646.jpeg\" \/>\n\t\t<meta property=\"og:image:width\" content=\"1456\" \/>\n\t\t<meta property=\"og:image:height\" content=\"816\" \/>\n\t\t<meta property=\"article:published_time\" content=\"2024-01-09T15:53:53+00:00\" \/>\n\t\t<meta property=\"article:modified_time\" content=\"2024-03-13T07:09:25+00:00\" \/>\n\t\t<meta name=\"twitter:card\" content=\"summary_large_image\" \/>\n\t\t<meta name=\"twitter:title\" content=\"Xiaomi Black Shark 3 Pro - Rucas - Wholesale and Distribution\" \/>\n\t\t<meta name=\"twitter:description\" content=\"Specifications: Brand Name: XIAOMI Battery Type : Fixed Memory: 256GB Operating System: Android\" \/>\n\t\t<meta name=\"twitter:image\" content=\"https:\/\/www.rucashk.com\/wp-content\/uploads\/replace\/503b8e645f128a97ccde2b6290747646.jpeg\" \/>\n\t\t<script type=\"application\/ld+json\" class=\"aioseo-schema\">\n\t\t\t{\"@context\":\"https:\\\/\\\/schema.org\",\"@graph\":[{\"@type\":\"BreadcrumbList\",\"@id\":\"https:\\\/\\\/www.rucashk.com\\\/pt\\\/produto\\\/xiaomi-black-shark-3-pro-2\\\/#breadcrumblist\",\"itemListElement\":[{\"@type\":\"ListItem\",\"@id\":\"https:\\\/\\\/www.rucashk.com\\\/pt\\\/#listItem\",\"position\":1,\"name\":\"Home\",\"item\":\"https:\\\/\\\/www.rucashk.com\\\/pt\\\/\",\"nextItem\":\"https:\\\/\\\/www.rucashk.com\\\/pt\\\/produto\\\/xiaomi-black-shark-3-pro-2\\\/#listItem\"},{\"@type\":\"ListItem\",\"@id\":\"https:\\\/\\\/www.rucashk.com\\\/pt\\\/produto\\\/xiaomi-black-shark-3-pro-2\\\/#listItem\",\"position\":2,\"name\":\"Xiaomi\\u00a0Black Shark 3 Pro\",\"previousItem\":\"https:\\\/\\\/www.rucashk.com\\\/pt\\\/#listItem\"}]},{\"@type\":\"Organization\",\"@id\":\"https:\\\/\\\/www.rucashk.com\\\/pt\\\/#organization\",\"name\":\"Rucas\",\"url\":\"https:\\\/\\\/www.rucashk.com\\\/pt\\\/\",\"logo\":{\"@type\":\"ImageObject\",\"url\":\"https:\\\/\\\/www.rucashk.com\\\/wp-content\\\/uploads\\\/2023\\\/12\\\/Rucas_campany_logo.png\",\"@id\":\"https:\\\/\\\/www.rucashk.com\\\/pt\\\/produto\\\/xiaomi-black-shark-3-pro-2\\\/#organizationLogo\",\"width\":221,\"height\":65},\"image\":{\"@id\":\"https:\\\/\\\/www.rucashk.com\\\/pt\\\/#organizationLogo\"}},{\"@type\":\"Person\",\"@id\":\"https:\\\/\\\/www.rucashk.com\\\/pt\\\/author\\\/admin\\\/#author\",\"url\":\"https:\\\/\\\/www.rucashk.com\\\/pt\\\/author\\\/admin\\\/\",\"name\":\"admin\",\"image\":{\"@type\":\"ImageObject\",\"@id\":\"https:\\\/\\\/www.rucashk.com\\\/pt\\\/produto\\\/xiaomi-black-shark-3-pro-2\\\/#authorImage\",\"url\":\"https:\\\/\\\/secure.gravatar.com\\\/avatar\\\/b7c8925b09a27e72b30232f8ecaadbd5af0f70a38c78096863fe51b64f031c24?s=96&d=mm&r=g\",\"width\":96,\"height\":96,\"caption\":\"admin\"}},{\"@type\":\"WebPage\",\"@id\":\"https:\\\/\\\/www.rucashk.com\\\/pt\\\/produto\\\/xiaomi-black-shark-3-pro-2\\\/#webpage\",\"url\":\"https:\\\/\\\/www.rucashk.com\\\/pt\\\/produto\\\/xiaomi-black-shark-3-pro-2\\\/\",\"name\":\"Xiaomi Black Shark 3 Pro - Rucas - Wholesale and Distribution\",\"description\":\"Specifications: Brand Name: XIAOMI Battery Type : Fixed Memory: 256GB Operating System: Android\",\"inLanguage\":\"pt-PT\",\"isPartOf\":{\"@id\":\"https:\\\/\\\/www.rucashk.com\\\/pt\\\/#website\"},\"breadcrumb\":{\"@id\":\"https:\\\/\\\/www.rucashk.com\\\/pt\\\/produto\\\/xiaomi-black-shark-3-pro-2\\\/#breadcrumblist\"},\"author\":{\"@id\":\"https:\\\/\\\/www.rucashk.com\\\/pt\\\/author\\\/admin\\\/#author\"},\"creator\":{\"@id\":\"https:\\\/\\\/www.rucashk.com\\\/pt\\\/author\\\/admin\\\/#author\"},\"image\":{\"@type\":\"ImageObject\",\"url\":\"https:\\\/\\\/www.rucashk.com\\\/wp-content\\\/uploads\\\/2024\\\/01\\\/1-2.jpg\",\"@id\":\"https:\\\/\\\/www.rucashk.com\\\/pt\\\/produto\\\/xiaomi-black-shark-3-pro-2\\\/#mainImage\",\"width\":800,\"height\":800},\"primaryImageOfPage\":{\"@id\":\"https:\\\/\\\/www.rucashk.com\\\/pt\\\/produto\\\/xiaomi-black-shark-3-pro-2\\\/#mainImage\"},\"datePublished\":\"2024-01-09T15:53:53+00:00\",\"dateModified\":\"2024-03-13T07:09:25+00:00\"},{\"@type\":\"WebSite\",\"@id\":\"https:\\\/\\\/www.rucashk.com\\\/pt\\\/#website\",\"url\":\"https:\\\/\\\/www.rucashk.com\\\/pt\\\/\",\"name\":\"Rucas - Wholesale and distribution worldwide\",\"alternateName\":\"Rucas - One-stop AIoT Distribution Worldwide\",\"description\":\"One-stop AIoT Distribution Worldwide\",\"inLanguage\":\"pt-PT\",\"publisher\":{\"@id\":\"https:\\\/\\\/www.rucashk.com\\\/pt\\\/#organization\"}}]}\n\t\t<\/script>\n\t\t<!-- All in One SEO Pro -->\r\n\t\t<title>Xiaomi Black Shark 3 Pro - Rucas - Wholesale and Distribution<\/title>\n\n","aioseo_head_json":{"title":"Xiaomi Black Shark 3 Pro - Rucas - Wholesale and Distribution","description":"Specifications: Brand Name: XIAOMI Battery Type : Fixed Memory: 256GB Operating System: Android","canonical_url":"https:\/\/www.rucashk.com\/pt\/produto\/xiaomi-black-shark-3-pro-2\/","robots":"max-image-preview:large","keywords":"","webmasterTools":{"miscellaneous":""},"og:locale":"pt_PT","og:site_name":"Rucas - One-stop AIoT Distribution Worldwide","og:type":"article","og:title":"Xiaomi Black Shark 3 Pro - Rucas - Wholesale and Distribution","og:description":"Specifications: Brand Name: XIAOMI Battery Type : Fixed Memory: 256GB Operating System: Android","og:url":"https:\/\/www.rucashk.com\/pt\/produto\/xiaomi-black-shark-3-pro-2\/","og:image":"https:\/\/www.rucashk.com\/wp-content\/uploads\/replace\/503b8e645f128a97ccde2b6290747646.jpeg","og:image:secure_url":"https:\/\/www.rucashk.com\/wp-content\/uploads\/replace\/503b8e645f128a97ccde2b6290747646.jpeg","og:image:width":1456,"og:image:height":816,"article:published_time":"2024-01-09T15:53:53+00:00","article:modified_time":"2024-03-13T07:09:25+00:00","twitter:card":"summary_large_image","twitter:title":"Xiaomi Black Shark 3 Pro - Rucas - Wholesale and Distribution","twitter:description":"Specifications: Brand Name: XIAOMI Battery Type : Fixed Memory: 256GB Operating System: Android","twitter:image":"https:\/\/www.rucashk.com\/wp-content\/uploads\/replace\/503b8e645f128a97ccde2b6290747646.jpeg","schema":{"@context":"https:\/\/schema.org","@graph":[{"@type":"BreadcrumbList","@id":"https:\/\/www.rucashk.com\/pt\/produto\/xiaomi-black-shark-3-pro-2\/#breadcrumblist","itemListElement":[{"@type":"ListItem","@id":"https:\/\/www.rucashk.com\/pt\/#listItem","position":1,"name":"Home","item":"https:\/\/www.rucashk.com\/pt\/","nextItem":"https:\/\/www.rucashk.com\/pt\/produto\/xiaomi-black-shark-3-pro-2\/#listItem"},{"@type":"ListItem","@id":"https:\/\/www.rucashk.com\/pt\/produto\/xiaomi-black-shark-3-pro-2\/#listItem","position":2,"name":"Xiaomi\u00a0Black Shark 3 Pro","previousItem":"https:\/\/www.rucashk.com\/pt\/#listItem"}]},{"@type":"Organization","@id":"https:\/\/www.rucashk.com\/pt\/#organization","name":"Rucas","url":"https:\/\/www.rucashk.com\/pt\/","logo":{"@type":"ImageObject","url":"https:\/\/www.rucashk.com\/wp-content\/uploads\/2023\/12\/Rucas_campany_logo.png","@id":"https:\/\/www.rucashk.com\/pt\/produto\/xiaomi-black-shark-3-pro-2\/#organizationLogo","width":221,"height":65},"image":{"@id":"https:\/\/www.rucashk.com\/pt\/#organizationLogo"}},{"@type":"Person","@id":"https:\/\/www.rucashk.com\/pt\/author\/admin\/#author","url":"https:\/\/www.rucashk.com\/pt\/author\/admin\/","name":"admin","image":{"@type":"ImageObject","@id":"https:\/\/www.rucashk.com\/pt\/produto\/xiaomi-black-shark-3-pro-2\/#authorImage","url":"https:\/\/secure.gravatar.com\/avatar\/b7c8925b09a27e72b30232f8ecaadbd5af0f70a38c78096863fe51b64f031c24?s=96&d=mm&r=g","width":96,"height":96,"caption":"admin"}},{"@type":"WebPage","@id":"https:\/\/www.rucashk.com\/pt\/produto\/xiaomi-black-shark-3-pro-2\/#webpage","url":"https:\/\/www.rucashk.com\/pt\/produto\/xiaomi-black-shark-3-pro-2\/","name":"Xiaomi Black Shark 3 Pro - Rucas - Wholesale and Distribution","description":"Specifications: Brand Name: XIAOMI Battery Type : Fixed Memory: 256GB Operating System: Android","inLanguage":"pt-PT","isPartOf":{"@id":"https:\/\/www.rucashk.com\/pt\/#website"},"breadcrumb":{"@id":"https:\/\/www.rucashk.com\/pt\/produto\/xiaomi-black-shark-3-pro-2\/#breadcrumblist"},"author":{"@id":"https:\/\/www.rucashk.com\/pt\/author\/admin\/#author"},"creator":{"@id":"https:\/\/www.rucashk.com\/pt\/author\/admin\/#author"},"image":{"@type":"ImageObject","url":"https:\/\/www.rucashk.com\/wp-content\/uploads\/2024\/01\/1-2.jpg","@id":"https:\/\/www.rucashk.com\/pt\/produto\/xiaomi-black-shark-3-pro-2\/#mainImage","width":800,"height":800},"primaryImageOfPage":{"@id":"https:\/\/www.rucashk.com\/pt\/produto\/xiaomi-black-shark-3-pro-2\/#mainImage"},"datePublished":"2024-01-09T15:53:53+00:00","dateModified":"2024-03-13T07:09:25+00:00"},{"@type":"WebSite","@id":"https:\/\/www.rucashk.com\/pt\/#website","url":"https:\/\/www.rucashk.com\/pt\/","name":"Rucas - Wholesale and distribution worldwide","alternateName":"Rucas - One-stop AIoT Distribution Worldwide","description":"One-stop AIoT Distribution Worldwide","inLanguage":"pt-PT","publisher":{"@id":"https:\/\/www.rucashk.com\/pt\/#organization"}}]}},"aioseo_meta_data":{"post_id":"23373","title":null,"description":null,"keywords":null,"keyphrases":null,"primary_term":null,"canonical_url":null,"og_title":null,"og_description":null,"og_object_type":"default","og_image_type":"default","og_image_url":null,"og_image_width":null,"og_image_height":null,"og_image_custom_url":null,"og_image_custom_fields":null,"og_video":null,"og_custom_url":null,"og_article_section":null,"og_article_tags":null,"twitter_use_og":false,"twitter_card":"default","twitter_image_type":"default","twitter_image_url":null,"twitter_image_custom_url":null,"twitter_image_custom_fields":null,"twitter_title":null,"twitter_description":null,"schema":{"blockGraphs":[],"customGraphs":[],"default":{"data":{"Article":[],"Course":[],"Dataset":[],"FAQPage":[],"Movie":[],"Person":[],"Product":[],"Recipe":[],"Service":[],"SoftwareApplication":[],"WebPage":[]},"graphName":"","isEnabled":true},"graphs":[]},"schema_type":"default","schema_type_options":null,"pillar_content":false,"robots_default":true,"robots_noindex":false,"robots_noarchive":false,"robots_nosnippet":false,"robots_nofollow":false,"robots_noimageindex":false,"robots_noodp":false,"robots_notranslate":false,"robots_max_snippet":null,"robots_max_videopreview":null,"robots_max_imagepreview":"large","priority":null,"frequency":null,"local_seo":null,"breadcrumb_settings":null,"limit_modified_date":false,"created":"2024-04-11 01:55:29","updated":"2025-06-22 17:06:01"},"aioseo_breadcrumb":"<div class=\"aioseo-breadcrumbs\"><span class=\"aioseo-breadcrumb\">\n\t<a href=\"https:\/\/www.rucashk.com\/pt\" title=\"Home\">Home<\/a>\n<\/span><span class=\"aioseo-breadcrumb-separator\">&raquo;<\/span><span class=\"aioseo-breadcrumb\">\n\t<a href=\"https:\/\/www.rucashk.com\/pt\/products\/\" title=\"Produtos\">Produtos<\/a>\n<\/span><span class=\"aioseo-breadcrumb-separator\">&raquo;<\/span><span class=\"aioseo-breadcrumb\">\n\t<a href=\"https:\/\/www.rucashk.com\/pt\/categoria-produto\/mobile-phone\/\" title=\"Mobile Phone\">Mobile Phone<\/a>\n<\/span><span class=\"aioseo-breadcrumb-separator\">&raquo;<\/span><span class=\"aioseo-breadcrumb\">\n\t<a href=\"https:\/\/www.rucashk.com\/pt\/categoria-produto\/mobile-phone\/black-shark-mobile-phone\/\" title=\"Black Shark\">Black Shark<\/a>\n<\/span><span class=\"aioseo-breadcrumb-separator\">&raquo;<\/span><span class=\"aioseo-breadcrumb\">\n\tXiaomi\u00a0Black Shark 3 Pro\n<\/span><\/div>","aioseo_breadcrumb_json":[{"label":"Home","link":"https:\/\/www.rucashk.com\/pt"},{"label":"Produtos","link":"https:\/\/www.rucashk.com\/pt\/products\/"},{"label":"Mobile Phone","link":"https:\/\/www.rucashk.com\/pt\/categoria-produto\/mobile-phone\/"},{"label":"Black Shark","link":"https:\/\/www.rucashk.com\/pt\/categoria-produto\/mobile-phone\/black-shark-mobile-phone\/"},{"label":"Xiaomi\u00a0Black Shark 3 Pro","link":"https:\/\/www.rucashk.com\/pt\/produto\/xiaomi-black-shark-3-pro-2\/"}],"_links":{"self":[{"href":"https:\/\/www.rucashk.com\/pt\/wp-json\/wp\/v2\/product\/23373","targetHints":{"allow":["GET"]}}],"collection":[{"href":"https:\/\/www.rucashk.com\/pt\/wp-json\/wp\/v2\/product"}],"about":[{"href":"https:\/\/www.rucashk.com\/pt\/wp-json\/wp\/v2\/types\/product"}],"wp:featuredmedia":[{"embeddable":true,"href":"https:\/\/www.rucashk.com\/pt\/wp-json\/wp\/v2\/media\/23506"}],"wp:attachment":[{"href":"https:\/\/www.rucashk.com\/pt\/wp-json\/wp\/v2\/media?parent=23373"}],"wp:term":[{"taxonomy":"product_brand","embeddable":true,"href":"https:\/\/www.rucashk.com\/pt\/wp-json\/wp\/v2\/product_brand?post=23373"},{"taxonomy":"product_cat","embeddable":true,"href":"https:\/\/www.rucashk.com\/pt\/wp-json\/wp\/v2\/product_cat?post=23373"},{"taxonomy":"product_tag","embeddable":true,"href":"https:\/\/www.rucashk.com\/pt\/wp-json\/wp\/v2\/product_tag?post=23373"}],"curies":[{"name":"wp","href":"https:\/\/api.w.org\/{rel}","templated":true}]}}