{"id":23294,"date":"2024-01-09T15:53:07","date_gmt":"2024-01-09T15:53:07","guid":{"rendered":"http:\/\/rucashk.com\/?post_type=product&#038;p=23294"},"modified":"2024-03-13T07:01:21","modified_gmt":"2024-03-13T07:01:21","slug":"mijia-smart-shoes","status":"publish","type":"product","link":"https:\/\/www.rucashk.com\/pt\/produto\/mijia-smart-shoes\/","title":{"rendered":"Sapatos inteligentes MIJIA"},"content":{"rendered":"<h2 style=\"text-align: center\">Sapatos inteligentes MIJIA<\/h2>\n<p><img fetchpriority=\"high\" decoding=\"async\" class=\"aligncenter\" src=\"\/wp-content\/uploads\/replace\/de9ae3e9cc90e2a96d2647e920cd4c1a.jpeg\" alt=\"MIJIA\u00a0Smart Shoes\" width=\"1000\" height=\"719\" \/><img decoding=\"async\" class=\"aligncenter\" src=\"\/wp-content\/uploads\/replace\/9bc7892111abd415065eeb122a1475ef.jpeg\" alt=\"MIJIA\u00a0Smart Shoes\" width=\"1000\" height=\"808\" \/><img decoding=\"async\" class=\"aligncenter\" src=\"\/wp-content\/uploads\/replace\/1ebe27348f27ebdef2dd84ef548e8f56.jpeg\" alt=\"MIJIA\u00a0Smart Shoes\" width=\"1000\" height=\"671\" \/><img loading=\"lazy\" decoding=\"async\" class=\"aligncenter\" src=\"\/wp-content\/uploads\/replace\/afd6f33b0c7d61abd1a90d40d3224a04.jpeg\" alt=\"MIJIA\u00a0Smart Shoes\" width=\"1000\" height=\"771\" \/>V<img loading=\"lazy\" decoding=\"async\" class=\"aligncenter\" src=\"\/wp-content\/uploads\/replace\/843dfca00a721db3ecb4219cc003fe85.jpeg\" alt=\"MIJIA\u00a0Smart Shoes\" width=\"1000\" height=\"747\" \/><img loading=\"lazy\" decoding=\"async\" class=\"aligncenter\" src=\"\/wp-content\/uploads\/replace\/f22c907343517d72074f3c3e2d3471f6.jpeg\" alt=\"MIJIA\u00a0Smart Shoes\" width=\"1000\" height=\"465\" \/><img decoding=\"async\" alt=\"MIJIA\u00a0Smart Shoes\" class=\"aligncenter\" src=\"\/wp-content\/uploads\/replace\/1fda9150c0ce1af63236e7b5da997243.jpeg\" \/><img loading=\"lazy\" decoding=\"async\" class=\"aligncenter\" src=\"\/wp-content\/uploads\/replace\/6da8085aae4eb91b1d838dcb8b948f93.jpeg\" alt=\"MIJIA\u00a0Smart Shoes\" width=\"1000\" height=\"1184\" \/><\/p>","protected":false},"excerpt":{"rendered":"<p><strong>Descri\u00e7\u00e3o:<\/strong><br \/>\nOs sapatos de malha com suporte tornam-no confort\u00e1vel, respir\u00e1vel e macio. A tecnologia especial forma firmemente 5 partes diferentes em um sapato integrado para tornar o sapato dur\u00e1vel e sofisticado. Os sapatos usam material EVA especial para aumentar o amortecimento e o desempenho da sola. A textura c\u00f4ncava da sola convexa aumenta a for\u00e7a de atrito e garante seguran\u00e7a em estradas escorregadias. Estes cal\u00e7ados s\u00e3o a escolha perfeita para casais que desejam cal\u00e7ados esportivos pr\u00e1ticos e bonitos.<\/p>","protected":false},"featured_media":23440,"template":"","meta":[],"product_brand":[],"product_cat":[1341,1305],"product_tag":[865],"class_list":{"0":"post-23294","1":"product","2":"type-product","3":"status-publish","4":"has-post-thumbnail","6":"product_cat-others","7":"product_cat-xiaomi-eco","8":"product_tag-mijia-smart-shoes","10":"first","11":"instock","12":"shipping-taxable","13":"product-type-external"},"aioseo_notices":[],"aioseo_head":"\n\t\t<!-- All in One SEO Pro 4.5.9.2 - aioseo.com -->\n\t\t<meta name=\"description\" content=\"Description: Supported mesh shoes make it comfortable, breathable and soft. Special technology firmly forms 5 different parts in one integrated shoe to make the shoe durable and sophisticated. Shoes use special EVA material to increase cushioning and sole performance. The concave convex sole texture increases the friction force and ensures safety on slippery roads. These shoes are the perfect choice for couples who want practical and beautiful sports shoes.\" \/>\n\t\t<meta name=\"robots\" content=\"max-image-preview:large\" \/>\n\t\t<link rel=\"canonical\" href=\"https:\/\/www.rucashk.com\/pt\/produto\/mijia-smart-shoes\/\" \/>\n\t\t<meta name=\"generator\" content=\"All in One SEO Pro (AIOSEO) 4.5.9.2\" \/>\n\t\t<meta property=\"og:locale\" content=\"pt_PT\" \/>\n\t\t<meta property=\"og:site_name\" content=\"Rucas - One-stop AIoT Distribution Worldwide\" \/>\n\t\t<meta property=\"og:type\" content=\"article\" \/>\n\t\t<meta property=\"og:title\" content=\"MIJIA Smart Shoes - Rucas - Wholesale and Distribution\" \/>\n\t\t<meta property=\"og:description\" content=\"Description: Supported mesh shoes make it comfortable, breathable and soft. Special technology firmly forms 5 different parts in one integrated shoe to make the shoe durable and sophisticated. Shoes use special EVA material to increase cushioning and sole performance. The concave convex sole texture increases the friction force and ensures safety on slippery roads. These shoes are the perfect choice for couples who want practical and beautiful sports shoes.\" \/>\n\t\t<meta property=\"og:url\" content=\"https:\/\/www.rucashk.com\/pt\/produto\/mijia-smart-shoes\/\" \/>\n\t\t<meta property=\"og:image\" content=\"https:\/\/www.rucashk.com\/wp-content\/uploads\/replace\/503b8e645f128a97ccde2b6290747646.jpeg\" \/>\n\t\t<meta property=\"og:image:secure_url\" content=\"https:\/\/www.rucashk.com\/wp-content\/uploads\/replace\/503b8e645f128a97ccde2b6290747646.jpeg\" \/>\n\t\t<meta property=\"og:image:width\" content=\"1456\" \/>\n\t\t<meta property=\"og:image:height\" content=\"816\" \/>\n\t\t<meta property=\"article:published_time\" content=\"2024-01-09T15:53:07+00:00\" \/>\n\t\t<meta property=\"article:modified_time\" content=\"2024-03-13T07:01:21+00:00\" \/>\n\t\t<meta name=\"twitter:card\" content=\"summary_large_image\" \/>\n\t\t<meta name=\"twitter:title\" content=\"MIJIA Smart Shoes - Rucas - Wholesale and Distribution\" \/>\n\t\t<meta name=\"twitter:description\" content=\"Description: Supported mesh shoes make it comfortable, breathable and soft. Special technology firmly forms 5 different parts in one integrated shoe to make the shoe durable and sophisticated. Shoes use special EVA material to increase cushioning and sole performance. The concave convex sole texture increases the friction force and ensures safety on slippery roads. These shoes are the perfect choice for couples who want practical and beautiful sports shoes.\" \/>\n\t\t<meta name=\"twitter:image\" content=\"https:\/\/www.rucashk.com\/wp-content\/uploads\/replace\/503b8e645f128a97ccde2b6290747646.jpeg\" \/>\n\t\t<script type=\"application\/ld+json\" class=\"aioseo-schema\">\n\t\t\t{\"@context\":\"https:\\\/\\\/schema.org\",\"@graph\":[{\"@type\":\"BreadcrumbList\",\"@id\":\"https:\\\/\\\/www.rucashk.com\\\/pt\\\/produto\\\/mijia-smart-shoes\\\/#breadcrumblist\",\"itemListElement\":[{\"@type\":\"ListItem\",\"@id\":\"https:\\\/\\\/www.rucashk.com\\\/pt\\\/#listItem\",\"position\":1,\"name\":\"Home\",\"item\":\"https:\\\/\\\/www.rucashk.com\\\/pt\\\/\",\"nextItem\":\"https:\\\/\\\/www.rucashk.com\\\/pt\\\/produto\\\/mijia-smart-shoes\\\/#listItem\"},{\"@type\":\"ListItem\",\"@id\":\"https:\\\/\\\/www.rucashk.com\\\/pt\\\/produto\\\/mijia-smart-shoes\\\/#listItem\",\"position\":2,\"name\":\"MIJIA\\u00a0Smart Shoes\",\"previousItem\":\"https:\\\/\\\/www.rucashk.com\\\/pt\\\/#listItem\"}]},{\"@type\":\"Organization\",\"@id\":\"https:\\\/\\\/www.rucashk.com\\\/pt\\\/#organization\",\"name\":\"Rucas\",\"url\":\"https:\\\/\\\/www.rucashk.com\\\/pt\\\/\",\"logo\":{\"@type\":\"ImageObject\",\"url\":\"https:\\\/\\\/www.rucashk.com\\\/wp-content\\\/uploads\\\/2023\\\/12\\\/Rucas_campany_logo.png\",\"@id\":\"https:\\\/\\\/www.rucashk.com\\\/pt\\\/produto\\\/mijia-smart-shoes\\\/#organizationLogo\",\"width\":221,\"height\":65},\"image\":{\"@id\":\"https:\\\/\\\/www.rucashk.com\\\/pt\\\/#organizationLogo\"}},{\"@type\":\"Person\",\"@id\":\"https:\\\/\\\/www.rucashk.com\\\/pt\\\/author\\\/admin\\\/#author\",\"url\":\"https:\\\/\\\/www.rucashk.com\\\/pt\\\/author\\\/admin\\\/\",\"name\":\"admin\",\"image\":{\"@type\":\"ImageObject\",\"@id\":\"https:\\\/\\\/www.rucashk.com\\\/pt\\\/produto\\\/mijia-smart-shoes\\\/#authorImage\",\"url\":\"https:\\\/\\\/secure.gravatar.com\\\/avatar\\\/b7c8925b09a27e72b30232f8ecaadbd5af0f70a38c78096863fe51b64f031c24?s=96&d=mm&r=g\",\"width\":96,\"height\":96,\"caption\":\"admin\"}},{\"@type\":\"WebPage\",\"@id\":\"https:\\\/\\\/www.rucashk.com\\\/pt\\\/produto\\\/mijia-smart-shoes\\\/#webpage\",\"url\":\"https:\\\/\\\/www.rucashk.com\\\/pt\\\/produto\\\/mijia-smart-shoes\\\/\",\"name\":\"MIJIA Smart Shoes - Rucas - Wholesale and Distribution\",\"description\":\"Description: Supported mesh shoes make it comfortable, breathable and soft. Special technology firmly forms 5 different parts in one integrated shoe to make the shoe durable and sophisticated. Shoes use special EVA material to increase cushioning and sole performance. The concave convex sole texture increases the friction force and ensures safety on slippery roads. These shoes are the perfect choice for couples who want practical and beautiful sports shoes.\",\"inLanguage\":\"pt-PT\",\"isPartOf\":{\"@id\":\"https:\\\/\\\/www.rucashk.com\\\/pt\\\/#website\"},\"breadcrumb\":{\"@id\":\"https:\\\/\\\/www.rucashk.com\\\/pt\\\/produto\\\/mijia-smart-shoes\\\/#breadcrumblist\"},\"author\":{\"@id\":\"https:\\\/\\\/www.rucashk.com\\\/pt\\\/author\\\/admin\\\/#author\"},\"creator\":{\"@id\":\"https:\\\/\\\/www.rucashk.com\\\/pt\\\/author\\\/admin\\\/#author\"},\"image\":{\"@type\":\"ImageObject\",\"url\":\"https:\\\/\\\/www.rucashk.com\\\/wp-content\\\/uploads\\\/2024\\\/01\\\/4.2-5.jpg\",\"@id\":\"https:\\\/\\\/www.rucashk.com\\\/pt\\\/produto\\\/mijia-smart-shoes\\\/#mainImage\",\"width\":800,\"height\":800},\"primaryImageOfPage\":{\"@id\":\"https:\\\/\\\/www.rucashk.com\\\/pt\\\/produto\\\/mijia-smart-shoes\\\/#mainImage\"},\"datePublished\":\"2024-01-09T15:53:07+00:00\",\"dateModified\":\"2024-03-13T07:01:21+00:00\"},{\"@type\":\"WebSite\",\"@id\":\"https:\\\/\\\/www.rucashk.com\\\/pt\\\/#website\",\"url\":\"https:\\\/\\\/www.rucashk.com\\\/pt\\\/\",\"name\":\"Rucas - Wholesale and distribution worldwide\",\"alternateName\":\"Rucas - One-stop AIoT Distribution Worldwide\",\"description\":\"One-stop AIoT Distribution Worldwide\",\"inLanguage\":\"pt-PT\",\"publisher\":{\"@id\":\"https:\\\/\\\/www.rucashk.com\\\/pt\\\/#organization\"}}]}\n\t\t<\/script>\n\t\t<!-- All in One SEO Pro -->\r\n\t\t<title>MIJIA Smart Shoes - Rucas - Wholesale and Distribution<\/title>\n\n","aioseo_head_json":{"title":"MIJIA Smart Shoes - Rucas - Wholesale and Distribution","description":"Description: Supported mesh shoes make it comfortable, breathable and soft. Special technology firmly forms 5 different parts in one integrated shoe to make the shoe durable and sophisticated. Shoes use special EVA material to increase cushioning and sole performance. The concave convex sole texture increases the friction force and ensures safety on slippery roads. These shoes are the perfect choice for couples who want practical and beautiful sports shoes.","canonical_url":"https:\/\/www.rucashk.com\/pt\/produto\/mijia-smart-shoes\/","robots":"max-image-preview:large","keywords":"","webmasterTools":{"miscellaneous":""},"og:locale":"pt_PT","og:site_name":"Rucas - One-stop AIoT Distribution Worldwide","og:type":"article","og:title":"MIJIA Smart Shoes - Rucas - Wholesale and Distribution","og:description":"Description: Supported mesh shoes make it comfortable, breathable and soft. Special technology firmly forms 5 different parts in one integrated shoe to make the shoe durable and sophisticated. Shoes use special EVA material to increase cushioning and sole performance. The concave convex sole texture increases the friction force and ensures safety on slippery roads. These shoes are the perfect choice for couples who want practical and beautiful sports shoes.","og:url":"https:\/\/www.rucashk.com\/pt\/produto\/mijia-smart-shoes\/","og:image":"https:\/\/www.rucashk.com\/wp-content\/uploads\/replace\/503b8e645f128a97ccde2b6290747646.jpeg","og:image:secure_url":"https:\/\/www.rucashk.com\/wp-content\/uploads\/replace\/503b8e645f128a97ccde2b6290747646.jpeg","og:image:width":1456,"og:image:height":816,"article:published_time":"2024-01-09T15:53:07+00:00","article:modified_time":"2024-03-13T07:01:21+00:00","twitter:card":"summary_large_image","twitter:title":"MIJIA Smart Shoes - Rucas - Wholesale and Distribution","twitter:description":"Description: Supported mesh shoes make it comfortable, breathable and soft. Special technology firmly forms 5 different parts in one integrated shoe to make the shoe durable and sophisticated. Shoes use special EVA material to increase cushioning and sole performance. The concave convex sole texture increases the friction force and ensures safety on slippery roads. These shoes are the perfect choice for couples who want practical and beautiful sports shoes.","twitter:image":"https:\/\/www.rucashk.com\/wp-content\/uploads\/replace\/503b8e645f128a97ccde2b6290747646.jpeg","schema":{"@context":"https:\/\/schema.org","@graph":[{"@type":"BreadcrumbList","@id":"https:\/\/www.rucashk.com\/pt\/produto\/mijia-smart-shoes\/#breadcrumblist","itemListElement":[{"@type":"ListItem","@id":"https:\/\/www.rucashk.com\/pt\/#listItem","position":1,"name":"Home","item":"https:\/\/www.rucashk.com\/pt\/","nextItem":"https:\/\/www.rucashk.com\/pt\/produto\/mijia-smart-shoes\/#listItem"},{"@type":"ListItem","@id":"https:\/\/www.rucashk.com\/pt\/produto\/mijia-smart-shoes\/#listItem","position":2,"name":"MIJIA\u00a0Smart Shoes","previousItem":"https:\/\/www.rucashk.com\/pt\/#listItem"}]},{"@type":"Organization","@id":"https:\/\/www.rucashk.com\/pt\/#organization","name":"Rucas","url":"https:\/\/www.rucashk.com\/pt\/","logo":{"@type":"ImageObject","url":"https:\/\/www.rucashk.com\/wp-content\/uploads\/2023\/12\/Rucas_campany_logo.png","@id":"https:\/\/www.rucashk.com\/pt\/produto\/mijia-smart-shoes\/#organizationLogo","width":221,"height":65},"image":{"@id":"https:\/\/www.rucashk.com\/pt\/#organizationLogo"}},{"@type":"Person","@id":"https:\/\/www.rucashk.com\/pt\/author\/admin\/#author","url":"https:\/\/www.rucashk.com\/pt\/author\/admin\/","name":"admin","image":{"@type":"ImageObject","@id":"https:\/\/www.rucashk.com\/pt\/produto\/mijia-smart-shoes\/#authorImage","url":"https:\/\/secure.gravatar.com\/avatar\/b7c8925b09a27e72b30232f8ecaadbd5af0f70a38c78096863fe51b64f031c24?s=96&d=mm&r=g","width":96,"height":96,"caption":"admin"}},{"@type":"WebPage","@id":"https:\/\/www.rucashk.com\/pt\/produto\/mijia-smart-shoes\/#webpage","url":"https:\/\/www.rucashk.com\/pt\/produto\/mijia-smart-shoes\/","name":"MIJIA Smart Shoes - Rucas - Wholesale and Distribution","description":"Description: Supported mesh shoes make it comfortable, breathable and soft. Special technology firmly forms 5 different parts in one integrated shoe to make the shoe durable and sophisticated. Shoes use special EVA material to increase cushioning and sole performance. The concave convex sole texture increases the friction force and ensures safety on slippery roads. These shoes are the perfect choice for couples who want practical and beautiful sports shoes.","inLanguage":"pt-PT","isPartOf":{"@id":"https:\/\/www.rucashk.com\/pt\/#website"},"breadcrumb":{"@id":"https:\/\/www.rucashk.com\/pt\/produto\/mijia-smart-shoes\/#breadcrumblist"},"author":{"@id":"https:\/\/www.rucashk.com\/pt\/author\/admin\/#author"},"creator":{"@id":"https:\/\/www.rucashk.com\/pt\/author\/admin\/#author"},"image":{"@type":"ImageObject","url":"https:\/\/www.rucashk.com\/wp-content\/uploads\/2024\/01\/4.2-5.jpg","@id":"https:\/\/www.rucashk.com\/pt\/produto\/mijia-smart-shoes\/#mainImage","width":800,"height":800},"primaryImageOfPage":{"@id":"https:\/\/www.rucashk.com\/pt\/produto\/mijia-smart-shoes\/#mainImage"},"datePublished":"2024-01-09T15:53:07+00:00","dateModified":"2024-03-13T07:01:21+00:00"},{"@type":"WebSite","@id":"https:\/\/www.rucashk.com\/pt\/#website","url":"https:\/\/www.rucashk.com\/pt\/","name":"Rucas - Wholesale and distribution worldwide","alternateName":"Rucas - One-stop AIoT Distribution Worldwide","description":"One-stop AIoT Distribution Worldwide","inLanguage":"pt-PT","publisher":{"@id":"https:\/\/www.rucashk.com\/pt\/#organization"}}]}},"aioseo_meta_data":{"post_id":"23294","title":null,"description":null,"keywords":null,"keyphrases":null,"primary_term":null,"canonical_url":null,"og_title":null,"og_description":null,"og_object_type":"default","og_image_type":"default","og_image_url":null,"og_image_width":null,"og_image_height":null,"og_image_custom_url":null,"og_image_custom_fields":null,"og_video":null,"og_custom_url":null,"og_article_section":null,"og_article_tags":null,"twitter_use_og":false,"twitter_card":"default","twitter_image_type":"default","twitter_image_url":null,"twitter_image_custom_url":null,"twitter_image_custom_fields":null,"twitter_title":null,"twitter_description":null,"schema":{"blockGraphs":[],"customGraphs":[],"default":{"data":{"Article":[],"Course":[],"Dataset":[],"FAQPage":[],"Movie":[],"Person":[],"Product":[],"Recipe":[],"Service":[],"SoftwareApplication":[],"WebPage":[]},"graphName":"","isEnabled":true},"graphs":[]},"schema_type":"default","schema_type_options":null,"pillar_content":false,"robots_default":true,"robots_noindex":false,"robots_noarchive":false,"robots_nosnippet":false,"robots_nofollow":false,"robots_noimageindex":false,"robots_noodp":false,"robots_notranslate":false,"robots_max_snippet":null,"robots_max_videopreview":null,"robots_max_imagepreview":"large","priority":null,"frequency":null,"local_seo":null,"breadcrumb_settings":null,"limit_modified_date":false,"created":"2024-04-11 01:55:29","updated":"2025-06-22 17:04:59"},"aioseo_breadcrumb":"<div class=\"aioseo-breadcrumbs\"><span class=\"aioseo-breadcrumb\">\n\t<a href=\"https:\/\/www.rucashk.com\/pt\" title=\"Home\">Home<\/a>\n<\/span><span class=\"aioseo-breadcrumb-separator\">&raquo;<\/span><span class=\"aioseo-breadcrumb\">\n\t<a href=\"https:\/\/www.rucashk.com\/pt\/products\/\" title=\"Produtos\">Produtos<\/a>\n<\/span><span class=\"aioseo-breadcrumb-separator\">&raquo;<\/span><span class=\"aioseo-breadcrumb\">\n\t<a href=\"https:\/\/www.rucashk.com\/pt\/categoria-produto\/xiaomi-eco\/\" title=\"Xiaomi Eco\">Xiaomi Eco<\/a>\n<\/span><span class=\"aioseo-breadcrumb-separator\">&raquo;<\/span><span class=\"aioseo-breadcrumb\">\n\t<a href=\"https:\/\/www.rucashk.com\/pt\/categoria-produto\/xiaomi-eco\/others\/\" title=\"Others\">Others<\/a>\n<\/span><span class=\"aioseo-breadcrumb-separator\">&raquo;<\/span><span class=\"aioseo-breadcrumb\">\n\tMIJIA\u00a0Smart Shoes\n<\/span><\/div>","aioseo_breadcrumb_json":[{"label":"Home","link":"https:\/\/www.rucashk.com\/pt"},{"label":"Produtos","link":"https:\/\/www.rucashk.com\/pt\/products\/"},{"label":"Xiaomi Eco","link":"https:\/\/www.rucashk.com\/pt\/categoria-produto\/xiaomi-eco\/"},{"label":"Others","link":"https:\/\/www.rucashk.com\/pt\/categoria-produto\/xiaomi-eco\/others\/"},{"label":"MIJIA\u00a0Smart Shoes","link":"https:\/\/www.rucashk.com\/pt\/produto\/mijia-smart-shoes\/"}],"_links":{"self":[{"href":"https:\/\/www.rucashk.com\/pt\/wp-json\/wp\/v2\/product\/23294","targetHints":{"allow":["GET"]}}],"collection":[{"href":"https:\/\/www.rucashk.com\/pt\/wp-json\/wp\/v2\/product"}],"about":[{"href":"https:\/\/www.rucashk.com\/pt\/wp-json\/wp\/v2\/types\/product"}],"wp:featuredmedia":[{"embeddable":true,"href":"https:\/\/www.rucashk.com\/pt\/wp-json\/wp\/v2\/media\/23440"}],"wp:attachment":[{"href":"https:\/\/www.rucashk.com\/pt\/wp-json\/wp\/v2\/media?parent=23294"}],"wp:term":[{"taxonomy":"product_brand","embeddable":true,"href":"https:\/\/www.rucashk.com\/pt\/wp-json\/wp\/v2\/product_brand?post=23294"},{"taxonomy":"product_cat","embeddable":true,"href":"https:\/\/www.rucashk.com\/pt\/wp-json\/wp\/v2\/product_cat?post=23294"},{"taxonomy":"product_tag","embeddable":true,"href":"https:\/\/www.rucashk.com\/pt\/wp-json\/wp\/v2\/product_tag?post=23294"}],"curies":[{"name":"wp","href":"https:\/\/api.w.org\/{rel}","templated":true}]}}