{"id":23290,"date":"2024-01-09T15:53:06","date_gmt":"2024-01-09T15:53:06","guid":{"rendered":"http:\/\/rucashk.com\/?post_type=product&#038;p=23290"},"modified":"2024-03-13T07:03:25","modified_gmt":"2024-03-13T07:03:25","slug":"huawei-honor-tws-moecen-x1","status":"publish","type":"product","link":"https:\/\/www.rucashk.com\/pt\/produto\/huawei-honor-tws-moecen-x1\/","title":{"rendered":"Huawei Honor TWS Moecen X1"},"content":{"rendered":"<h2 style=\"text-align: center\">Huawei Honor TWS Moecen X1<\/h2>\n<p style=\"text-align: center\"><img fetchpriority=\"high\" decoding=\"async\" class=\"alignnone\" src=\"\/wp-content\/uploads\/replace\/414f6eccb3421d02ef5efb75483934d7.jpeg\" alt=\"Huawei Honor TWS Moecen X1\" width=\"949\" height=\"80\" \/><\/p>\n<p style=\"text-align: center\"><img decoding=\"async\" class=\"alignnone wp-image-16716 size-full\" src=\"\/wp-content\/uploads\/replace\/d86e4b0d6d6bfc2390c7d459382a2f41.png\" alt=\"Huawei Honor TWS Moecen X1\" width=\"763\" height=\"639\" \/><img decoding=\"async\" class=\"alignnone\" src=\"\/wp-content\/uploads\/replace\/efdbb3583f09fc4b500cd8628b750c7e.jpeg\" alt=\"Huawei Honor TWS Moecen X1\" width=\"950\" height=\"80\" \/><\/p>\n<p style=\"text-align: center\" data-spm-anchor-id=\"a2g0o.detail.1000023.i4.5c5a756a4Ho0rS\"><strong>Fones de ouvido <a href=\"https:\/\/www.rucashk.com\/pt\/huawei-tws-honor-moecen-x1-starts-pre-sale\/\" class=\"\" style=\"width: auto !important\" data-wpil-post-to-id=\"16883\">Honra X1<\/a><\/strong><\/p>\n<div style=\"text-align: center\"><a href=\"https:\/\/www.rucashk.com\/pt\/xiaomi-true-wireless-bluetooth-headset-air2-se-with-endurance-of-20-hours-is-released\/\" class=\"\" style=\"width: auto !important\" data-wpil-post-to-id=\"8073\">Est\u00e9reo sem fio verdadeiro | D Ual M Icrofones L Ow L Fitness | 24 horas<\/a> em bajula\u00e7\u00e3o L Ife<\/div>\n<div>\n<p style=\"text-align: center\"><img loading=\"lazy\" decoding=\"async\" class=\"alignnone\" src=\"\/wp-content\/uploads\/replace\/5e2e62df111f52fd8f823192338e66b0.jpeg\" alt=\"Huawei Honor TWS Moecen X1\" width=\"1000\" height=\"429\" \/><\/p>\n<div style=\"text-align: center\" data-spm-anchor-id=\"a2g0o.detail.1000023.i6.5c5a756a4Ho0rS\"><strong>Seis raz\u00f5es pelas quais voc\u00ea vai adorar os fones de ouvido sem fio Honor Choice<\/strong><\/div>\n<div style=\"text-align: center\"><\/div>\n<div>\n<div style=\"text-align: center\">Baixa lat\u00eancia, tecnologia de transmiss\u00e3o de canal duplo<\/div>\n<div style=\"text-align: center\">Bateria com dura\u00e7\u00e3o de 24 horas<\/div>\n<div style=\"text-align: center\">Redu\u00e7\u00e3o dupla de ru\u00eddo para chamadas<\/div>\n<div style=\"text-align: center\">Emparelhamento autom\u00e1tico instant\u00e2neo<\/div>\n<div style=\"text-align: center\">Alta qualidade de som<\/div>\n<div style=\"text-align: center\">Controle de toque intuitivo<\/div>\n<div style=\"text-align: center\"><img loading=\"lazy\" decoding=\"async\" class=\"alignnone\" src=\"\/wp-content\/uploads\/replace\/fd67b7fefe83027949daa83993badd1c.jpeg\" alt=\"Huawei Honor TWS Moecen X1\" width=\"930\" height=\"1157\" \/><\/div>\n<div>\n<div style=\"text-align: center\" data-spm-anchor-id=\"a2g0o.detail.1000023.i8.5c5a756a4Ho0rS\"><strong>Transmiss\u00e3o robusta de canal duplo de baixa lat\u00eancia<\/strong><\/div>\n<div style=\"text-align: center\"><\/div>\n<div style=\"text-align: center\">Prepare-se para uma audi\u00e7\u00e3o excepcional. Gra\u00e7as \u00e0 tecnologia recentemente desenvolvida de transmiss\u00e3o de canal duplo via Bluetooth 5.0, ambos os fones de ouvido funcionam simultaneamente para garantir a sincroniza\u00e7\u00e3o simult\u00e2nea dos sinais de \u00e1udio de ambos os ouvidos.<\/div>\n<div>\n<p style=\"text-align: center\"><img loading=\"lazy\" decoding=\"async\" class=\"alignnone\" src=\"\/wp-content\/uploads\/replace\/10aecc157329073d9589635cfc58b35d.jpeg\" alt=\"Huawei Honor TWS Moecen X1\" width=\"930\" height=\"1195\" \/><\/p>\n<div style=\"text-align: center\" data-spm-anchor-id=\"a2g0o.detail.1000023.i10.5c5a756a4Ho0rS\"><strong>24 horas de reprodu\u00e7\u00e3o de \u00e1udio combinada<\/strong><\/div>\n<div style=\"text-align: center\"><\/div>\n<div style=\"text-align: center\">Com uma carga, os fones de ouvido sem fio HONOR Choice permitem transmitir dados continuamente por 6 horas. O estojo de carregamento suporta mais tr\u00eas cargas completas, o que proporciona mais 18 horas de reprodu\u00e7\u00e3o, o que significa que os fones de ouvido e o estojo de carregamento podem fornecer at\u00e9 24 horas de reprodu\u00e7\u00e3o total.<\/div>\n<div>\n<p style=\"text-align: center\"><img loading=\"lazy\" decoding=\"async\" class=\"alignnone\" src=\"\/wp-content\/uploads\/replace\/234a710040008c388cfa75cf02f6277a.jpeg\" alt=\"Huawei Honor TWS Moecen X1\" width=\"930\" height=\"750\" \/><\/p>\n<div style=\"text-align: center\" data-spm-anchor-id=\"a2g0o.detail.1000023.i12.5c5a756a4Ho0rS\"><strong>Redu\u00e7\u00e3o dupla de ru\u00eddo para chamadas<\/strong><\/div>\n<div style=\"text-align: center\"><\/div>\n<div style=\"text-align: center\">Os dois fones de ouvido incluem um total de 4 microfones, alimentados por tecnologia de processamento de sinal digital para determinar o que as outras palavras da noite est\u00e3o dizendo e separ\u00e1-las do ru\u00eddo externo para que voc\u00ea possa ouvir a conversa, n\u00e3o o ru\u00eddo.<\/div>\n<div>\n<p style=\"text-align: center\"><img loading=\"lazy\" decoding=\"async\" class=\"alignnone\" src=\"\/wp-content\/uploads\/replace\/137ce937d79c4839f3bb556c29d81156.jpeg\" alt=\"Huawei Honor TWS Moecen X1\" width=\"930\" height=\"663\" \/><img loading=\"lazy\" decoding=\"async\" class=\"alignnone\" src=\"\/wp-content\/uploads\/replace\/878affae92a63deddd2e5bfbba55025b.jpeg\" alt=\"Huawei Honor TWS Moecen X1\" width=\"930\" height=\"1053\" \/><img loading=\"lazy\" decoding=\"async\" class=\"alignnone\" src=\"\/wp-content\/uploads\/replace\/3df277415b24beb0c63ec3496e1d286d.jpeg\" alt=\"Huawei Honor TWS Moecen X1\" width=\"930\" height=\"1307\" \/><\/p>\n<p style=\"text-align: center\">Fones de ouvido duplos em fones de ouvido eqDual<\/p>\n<div style=\"text-align: center\" data-spm-anchor-id=\"a2g0o.detail.1000023.i1.17cf6530YiKZmD\"><strong>Fones de ouvido duplos em igualdade de condi\u00e7\u00f5es<\/strong><\/div>\n<div style=\"text-align: center\" data-spm-anchor-id=\"a2g0o.detail.1000023.i1.17cf6530YiKZmD\"><\/div>\n<div style=\"text-align: center\">Com o TWS Earbus, voc\u00ea pode remover qualquer fone de ouvido, por favor. Sem ter que mudar para o fone de ouvido \u201cprincipal\u201d nas configura\u00e7\u00f5es de Bluetooth.<\/div>\n<div>\n<p style=\"text-align: center\"><img loading=\"lazy\" decoding=\"async\" class=\"alignnone\" src=\"\/wp-content\/uploads\/replace\/afc5957637d56b6cb6b3b88475bd869f.jpeg\" alt=\"Huawei Honor TWS Moecen X1\" width=\"930\" height=\"488\" \/><\/p>\n<p style=\"text-align: center\" data-spm-anchor-id=\"a2g0o.detail.1000023.i19.5c5a756a4Ho0rS\"><strong>IP54 com certifica\u00e7\u00e3o contra respingos e poeira<\/strong><\/p>\n<p style=\"text-align: center\">Com uma classifica\u00e7\u00e3o IP54, a l\u00e2mpada respinga ou o suor n\u00e3o pode impedi-lo de ficar no ritmo com suas m\u00fasicas favoritas. Ent\u00e3o mantenha a calma e balance.<\/p>\n<p style=\"text-align: center\"><img loading=\"lazy\" decoding=\"async\" class=\"alignnone\" src=\"\/wp-content\/uploads\/replace\/966aa8a2106373b69ec8038f1c3c60f5.jpeg\" alt=\"Huawei Honor TWS Moecen X1\" width=\"930\" height=\"586\" \/><img loading=\"lazy\" decoding=\"async\" class=\"alignnone\" src=\"\/wp-content\/uploads\/replace\/ebd813e2f2e3782fb1ea40eaaaf95c5a.jpeg\" alt=\"Huawei Honor TWS Moecen X1\" width=\"930\" height=\"1158\" \/><img loading=\"lazy\" decoding=\"async\" class=\"alignnone\" src=\"\/wp-content\/uploads\/replace\/32c1f2c5f58dcfca29fa9d5f6651cb05.jpeg\" alt=\"Huawei Honor TWS Moecen X1\" width=\"930\" height=\"1180\" \/><img loading=\"lazy\" decoding=\"async\" class=\"alignnone\" src=\"\/wp-content\/uploads\/replace\/ed52879a4854dee0241afb9b041688f1.jpeg\" alt=\"Huawei Honor TWS Moecen X1\" width=\"5000\" height=\"3334\" \/><img loading=\"lazy\" decoding=\"async\" class=\"alignnone\" src=\"\/wp-content\/uploads\/replace\/a445291e3001dddcb7d3a772a3ea1219.jpeg\" alt=\"Huawei Honor TWS Moecen X1\" width=\"5000\" height=\"3333\" \/><\/p>\n<p style=\"text-align: center\">\n<\/div>\n<\/div>\n<\/div>\n<\/div>\n<\/div>\n<\/div>\n<\/div>","protected":false},"excerpt":{"rendered":"<div>\n<div><strong>Especifica\u00e7\u00f5es:<\/strong><\/div>\n<div><strong>Modelo do produto:<\/strong>\u00a0Fones de ouvido X1<\/div>\n<div><\/div>\n<div><strong>Cor:<\/strong>\u00a0Branco<\/div>\n<div><\/div>\n<div><strong>Peso l\u00edquido:<\/strong>\u00a047,1g<\/div>\n<div><\/div>\n<div><strong>Conex\u00e3o sem fio:<\/strong>\u00a0Bluetooth 5.0<\/div>\n<div><\/div>\n<div><strong>Vida \u00fatil da bateria:<\/strong>\u00a05 horas de reprodu\u00e7\u00e3o de m\u00fasica, at\u00e9 24 horas quando usado com um estojo de carregamento<\/div>\n<div><\/div>\n<div><strong>Protocolo Bluetooth:<\/strong>\u00a0BLE\/HFP\/AVRCP<\/div>\n<div><\/div>\n<div><strong>Suporte ao codificador:<\/strong>\u00a0SBC e AAC<\/div>\n<div><\/div>\n<div><strong>Imped\u00e2ncia do alto-falante:<\/strong>\u00a016 ohms<\/div>\n<div><\/div>\n<div><strong>Bateria do fone de ouvido:<\/strong>\u00a055mAh<\/div>\n<div><\/div>\n<div><strong>Estojo de carregamento de bateria:<\/strong>\u00a0500mAh<\/div>\n<div><\/div>\n<div><strong>Padr\u00e3o de implementa\u00e7\u00e3o:<\/strong>\u00a0Q\/JH 2-2020<\/div>\n<\/div>\n<div data-spm-anchor-id=\"a2g0o.detail.1000023.i25.5c5a756a4Ho0rS\"><\/div>","protected":false},"featured_media":23423,"template":"","meta":[],"product_brand":[],"product_cat":[1345,1322],"product_tag":[861],"class_list":{"0":"post-23290","1":"product","2":"type-product","3":"status-publish","4":"has-post-thumbnail","6":"product_cat-huawei-other-a-brands","7":"product_cat-other-a-brands","8":"product_tag-huawei-honor-tws-moecen-x1","10":"first","11":"instock","12":"shipping-taxable","13":"product-type-external"},"aioseo_notices":[],"aioseo_head":"\n\t\t<!-- All in One SEO Pro 4.5.9.2 - aioseo.com -->\n\t\t<meta name=\"description\" content=\"Specifications: Product Model: Headphones X1 Color: White Net Weight: 47.1g Wireless Connection: Bluetooth 5.0 Battery Life: 5 hours music playback, up to 24 hours when used with a charging case Bluetooth Protocol: BLE \/ HFP \/ AVRCP Encoder Support: SBC and AAC Speaker impedance: 16 ohms Headphone Battery: 55mAh Battery Charging Case: 500mAh Implementation Standard: Q \/ JH 2-2020\" \/>\n\t\t<meta name=\"robots\" content=\"max-image-preview:large\" \/>\n\t\t<link rel=\"canonical\" href=\"https:\/\/www.rucashk.com\/pt\/produto\/huawei-honor-tws-moecen-x1\/\" \/>\n\t\t<meta name=\"generator\" content=\"All in One SEO Pro (AIOSEO) 4.5.9.2\" \/>\n\t\t<meta property=\"og:locale\" content=\"pt_PT\" \/>\n\t\t<meta property=\"og:site_name\" content=\"Rucas - One-stop AIoT Distribution Worldwide\" \/>\n\t\t<meta property=\"og:type\" content=\"article\" \/>\n\t\t<meta property=\"og:title\" content=\"Huawei Honor TWS Moecen X1 - Rucas - Wholesale and Distribution\" \/>\n\t\t<meta property=\"og:description\" content=\"Specifications: Product Model: Headphones X1 Color: White Net Weight: 47.1g Wireless Connection: Bluetooth 5.0 Battery Life: 5 hours music playback, up to 24 hours when used with a charging case Bluetooth Protocol: BLE \/ HFP \/ AVRCP Encoder Support: SBC and AAC Speaker impedance: 16 ohms Headphone Battery: 55mAh Battery Charging Case: 500mAh Implementation Standard: Q \/ JH 2-2020\" \/>\n\t\t<meta property=\"og:url\" content=\"https:\/\/www.rucashk.com\/pt\/produto\/huawei-honor-tws-moecen-x1\/\" \/>\n\t\t<meta property=\"og:image\" content=\"https:\/\/www.rucashk.com\/wp-content\/uploads\/replace\/503b8e645f128a97ccde2b6290747646.jpeg\" \/>\n\t\t<meta property=\"og:image:secure_url\" content=\"https:\/\/www.rucashk.com\/wp-content\/uploads\/replace\/503b8e645f128a97ccde2b6290747646.jpeg\" \/>\n\t\t<meta property=\"og:image:width\" content=\"1456\" \/>\n\t\t<meta property=\"og:image:height\" content=\"816\" \/>\n\t\t<meta property=\"article:published_time\" content=\"2024-01-09T15:53:06+00:00\" \/>\n\t\t<meta property=\"article:modified_time\" content=\"2024-03-13T07:03:25+00:00\" \/>\n\t\t<meta name=\"twitter:card\" content=\"summary_large_image\" \/>\n\t\t<meta name=\"twitter:title\" content=\"Huawei Honor TWS Moecen X1 - Rucas - Wholesale and Distribution\" \/>\n\t\t<meta name=\"twitter:description\" content=\"Specifications: Product Model: Headphones X1 Color: White Net Weight: 47.1g Wireless Connection: Bluetooth 5.0 Battery Life: 5 hours music playback, up to 24 hours when used with a charging case Bluetooth Protocol: BLE \/ HFP \/ AVRCP Encoder Support: SBC and AAC Speaker impedance: 16 ohms Headphone Battery: 55mAh Battery Charging Case: 500mAh Implementation Standard: Q \/ JH 2-2020\" \/>\n\t\t<meta name=\"twitter:image\" content=\"https:\/\/www.rucashk.com\/wp-content\/uploads\/replace\/503b8e645f128a97ccde2b6290747646.jpeg\" \/>\n\t\t<script type=\"application\/ld+json\" class=\"aioseo-schema\">\n\t\t\t{\"@context\":\"https:\\\/\\\/schema.org\",\"@graph\":[{\"@type\":\"BreadcrumbList\",\"@id\":\"https:\\\/\\\/www.rucashk.com\\\/pt\\\/produto\\\/huawei-honor-tws-moecen-x1\\\/#breadcrumblist\",\"itemListElement\":[{\"@type\":\"ListItem\",\"@id\":\"https:\\\/\\\/www.rucashk.com\\\/pt\\\/#listItem\",\"position\":1,\"name\":\"Home\",\"item\":\"https:\\\/\\\/www.rucashk.com\\\/pt\\\/\",\"nextItem\":\"https:\\\/\\\/www.rucashk.com\\\/pt\\\/produto\\\/huawei-honor-tws-moecen-x1\\\/#listItem\"},{\"@type\":\"ListItem\",\"@id\":\"https:\\\/\\\/www.rucashk.com\\\/pt\\\/produto\\\/huawei-honor-tws-moecen-x1\\\/#listItem\",\"position\":2,\"name\":\"Huawei Honor TWS Moecen X1\",\"previousItem\":\"https:\\\/\\\/www.rucashk.com\\\/pt\\\/#listItem\"}]},{\"@type\":\"Organization\",\"@id\":\"https:\\\/\\\/www.rucashk.com\\\/pt\\\/#organization\",\"name\":\"Rucas\",\"url\":\"https:\\\/\\\/www.rucashk.com\\\/pt\\\/\",\"logo\":{\"@type\":\"ImageObject\",\"url\":\"https:\\\/\\\/www.rucashk.com\\\/wp-content\\\/uploads\\\/2023\\\/12\\\/Rucas_campany_logo.png\",\"@id\":\"https:\\\/\\\/www.rucashk.com\\\/pt\\\/produto\\\/huawei-honor-tws-moecen-x1\\\/#organizationLogo\",\"width\":221,\"height\":65},\"image\":{\"@id\":\"https:\\\/\\\/www.rucashk.com\\\/pt\\\/#organizationLogo\"}},{\"@type\":\"Person\",\"@id\":\"https:\\\/\\\/www.rucashk.com\\\/pt\\\/author\\\/admin\\\/#author\",\"url\":\"https:\\\/\\\/www.rucashk.com\\\/pt\\\/author\\\/admin\\\/\",\"name\":\"admin\",\"image\":{\"@type\":\"ImageObject\",\"@id\":\"https:\\\/\\\/www.rucashk.com\\\/pt\\\/produto\\\/huawei-honor-tws-moecen-x1\\\/#authorImage\",\"url\":\"https:\\\/\\\/secure.gravatar.com\\\/avatar\\\/b7c8925b09a27e72b30232f8ecaadbd5af0f70a38c78096863fe51b64f031c24?s=96&d=mm&r=g\",\"width\":96,\"height\":96,\"caption\":\"admin\"}},{\"@type\":\"WebPage\",\"@id\":\"https:\\\/\\\/www.rucashk.com\\\/pt\\\/produto\\\/huawei-honor-tws-moecen-x1\\\/#webpage\",\"url\":\"https:\\\/\\\/www.rucashk.com\\\/pt\\\/produto\\\/huawei-honor-tws-moecen-x1\\\/\",\"name\":\"Huawei Honor TWS Moecen X1 - Rucas - Wholesale and Distribution\",\"description\":\"Specifications: Product Model: Headphones X1 Color: White Net Weight: 47.1g Wireless Connection: Bluetooth 5.0 Battery Life: 5 hours music playback, up to 24 hours when used with a charging case Bluetooth Protocol: BLE \\\/ HFP \\\/ AVRCP Encoder Support: SBC and AAC Speaker impedance: 16 ohms Headphone Battery: 55mAh Battery Charging Case: 500mAh Implementation Standard: Q \\\/ JH 2-2020\",\"inLanguage\":\"pt-PT\",\"isPartOf\":{\"@id\":\"https:\\\/\\\/www.rucashk.com\\\/pt\\\/#website\"},\"breadcrumb\":{\"@id\":\"https:\\\/\\\/www.rucashk.com\\\/pt\\\/produto\\\/huawei-honor-tws-moecen-x1\\\/#breadcrumblist\"},\"author\":{\"@id\":\"https:\\\/\\\/www.rucashk.com\\\/pt\\\/author\\\/admin\\\/#author\"},\"creator\":{\"@id\":\"https:\\\/\\\/www.rucashk.com\\\/pt\\\/author\\\/admin\\\/#author\"},\"image\":{\"@type\":\"ImageObject\",\"url\":\"https:\\\/\\\/www.rucashk.com\\\/wp-content\\\/uploads\\\/2024\\\/01\\\/3-3.jpg\",\"@id\":\"https:\\\/\\\/www.rucashk.com\\\/pt\\\/produto\\\/huawei-honor-tws-moecen-x1\\\/#mainImage\",\"width\":800,\"height\":800},\"primaryImageOfPage\":{\"@id\":\"https:\\\/\\\/www.rucashk.com\\\/pt\\\/produto\\\/huawei-honor-tws-moecen-x1\\\/#mainImage\"},\"datePublished\":\"2024-01-09T15:53:06+00:00\",\"dateModified\":\"2024-03-13T07:03:25+00:00\"},{\"@type\":\"WebSite\",\"@id\":\"https:\\\/\\\/www.rucashk.com\\\/pt\\\/#website\",\"url\":\"https:\\\/\\\/www.rucashk.com\\\/pt\\\/\",\"name\":\"Rucas - Wholesale and distribution worldwide\",\"alternateName\":\"Rucas - One-stop AIoT Distribution Worldwide\",\"description\":\"One-stop AIoT Distribution Worldwide\",\"inLanguage\":\"pt-PT\",\"publisher\":{\"@id\":\"https:\\\/\\\/www.rucashk.com\\\/pt\\\/#organization\"}}]}\n\t\t<\/script>\n\t\t<!-- All in One SEO Pro -->\r\n\t\t<title>Huawei Honor TWS Moecen X1 - Rucas - Wholesale and Distribution<\/title>\n\n","aioseo_head_json":{"title":"Huawei Honor TWS Moecen X1 - Rucas - Wholesale and Distribution","description":"Specifications: Product Model: Headphones X1 Color: White Net Weight: 47.1g Wireless Connection: Bluetooth 5.0 Battery Life: 5 hours music playback, up to 24 hours when used with a charging case Bluetooth Protocol: BLE \/ HFP \/ AVRCP Encoder Support: SBC and AAC Speaker impedance: 16 ohms Headphone Battery: 55mAh Battery Charging Case: 500mAh Implementation Standard: Q \/ JH 2-2020","canonical_url":"https:\/\/www.rucashk.com\/pt\/produto\/huawei-honor-tws-moecen-x1\/","robots":"max-image-preview:large","keywords":"","webmasterTools":{"miscellaneous":""},"og:locale":"pt_PT","og:site_name":"Rucas - One-stop AIoT Distribution Worldwide","og:type":"article","og:title":"Huawei Honor TWS Moecen X1 - Rucas - Wholesale and Distribution","og:description":"Specifications: Product Model: Headphones X1 Color: White Net Weight: 47.1g Wireless Connection: Bluetooth 5.0 Battery Life: 5 hours music playback, up to 24 hours when used with a charging case Bluetooth Protocol: BLE \/ HFP \/ AVRCP Encoder Support: SBC and AAC Speaker impedance: 16 ohms Headphone Battery: 55mAh Battery Charging Case: 500mAh Implementation Standard: Q \/ JH 2-2020","og:url":"https:\/\/www.rucashk.com\/pt\/produto\/huawei-honor-tws-moecen-x1\/","og:image":"https:\/\/www.rucashk.com\/wp-content\/uploads\/replace\/503b8e645f128a97ccde2b6290747646.jpeg","og:image:secure_url":"https:\/\/www.rucashk.com\/wp-content\/uploads\/replace\/503b8e645f128a97ccde2b6290747646.jpeg","og:image:width":1456,"og:image:height":816,"article:published_time":"2024-01-09T15:53:06+00:00","article:modified_time":"2024-03-13T07:03:25+00:00","twitter:card":"summary_large_image","twitter:title":"Huawei Honor TWS Moecen X1 - Rucas - Wholesale and Distribution","twitter:description":"Specifications: Product Model: Headphones X1 Color: White Net Weight: 47.1g Wireless Connection: Bluetooth 5.0 Battery Life: 5 hours music playback, up to 24 hours when used with a charging case Bluetooth Protocol: BLE \/ HFP \/ AVRCP Encoder Support: SBC and AAC Speaker impedance: 16 ohms Headphone Battery: 55mAh Battery Charging Case: 500mAh Implementation Standard: Q \/ JH 2-2020","twitter:image":"https:\/\/www.rucashk.com\/wp-content\/uploads\/replace\/503b8e645f128a97ccde2b6290747646.jpeg","schema":{"@context":"https:\/\/schema.org","@graph":[{"@type":"BreadcrumbList","@id":"https:\/\/www.rucashk.com\/pt\/produto\/huawei-honor-tws-moecen-x1\/#breadcrumblist","itemListElement":[{"@type":"ListItem","@id":"https:\/\/www.rucashk.com\/pt\/#listItem","position":1,"name":"Home","item":"https:\/\/www.rucashk.com\/pt\/","nextItem":"https:\/\/www.rucashk.com\/pt\/produto\/huawei-honor-tws-moecen-x1\/#listItem"},{"@type":"ListItem","@id":"https:\/\/www.rucashk.com\/pt\/produto\/huawei-honor-tws-moecen-x1\/#listItem","position":2,"name":"Huawei Honor TWS Moecen X1","previousItem":"https:\/\/www.rucashk.com\/pt\/#listItem"}]},{"@type":"Organization","@id":"https:\/\/www.rucashk.com\/pt\/#organization","name":"Rucas","url":"https:\/\/www.rucashk.com\/pt\/","logo":{"@type":"ImageObject","url":"https:\/\/www.rucashk.com\/wp-content\/uploads\/2023\/12\/Rucas_campany_logo.png","@id":"https:\/\/www.rucashk.com\/pt\/produto\/huawei-honor-tws-moecen-x1\/#organizationLogo","width":221,"height":65},"image":{"@id":"https:\/\/www.rucashk.com\/pt\/#organizationLogo"}},{"@type":"Person","@id":"https:\/\/www.rucashk.com\/pt\/author\/admin\/#author","url":"https:\/\/www.rucashk.com\/pt\/author\/admin\/","name":"admin","image":{"@type":"ImageObject","@id":"https:\/\/www.rucashk.com\/pt\/produto\/huawei-honor-tws-moecen-x1\/#authorImage","url":"https:\/\/secure.gravatar.com\/avatar\/b7c8925b09a27e72b30232f8ecaadbd5af0f70a38c78096863fe51b64f031c24?s=96&d=mm&r=g","width":96,"height":96,"caption":"admin"}},{"@type":"WebPage","@id":"https:\/\/www.rucashk.com\/pt\/produto\/huawei-honor-tws-moecen-x1\/#webpage","url":"https:\/\/www.rucashk.com\/pt\/produto\/huawei-honor-tws-moecen-x1\/","name":"Huawei Honor TWS Moecen X1 - Rucas - Wholesale and Distribution","description":"Specifications: Product Model: Headphones X1 Color: White Net Weight: 47.1g Wireless Connection: Bluetooth 5.0 Battery Life: 5 hours music playback, up to 24 hours when used with a charging case Bluetooth Protocol: BLE \/ HFP \/ AVRCP Encoder Support: SBC and AAC Speaker impedance: 16 ohms Headphone Battery: 55mAh Battery Charging Case: 500mAh Implementation Standard: Q \/ JH 2-2020","inLanguage":"pt-PT","isPartOf":{"@id":"https:\/\/www.rucashk.com\/pt\/#website"},"breadcrumb":{"@id":"https:\/\/www.rucashk.com\/pt\/produto\/huawei-honor-tws-moecen-x1\/#breadcrumblist"},"author":{"@id":"https:\/\/www.rucashk.com\/pt\/author\/admin\/#author"},"creator":{"@id":"https:\/\/www.rucashk.com\/pt\/author\/admin\/#author"},"image":{"@type":"ImageObject","url":"https:\/\/www.rucashk.com\/wp-content\/uploads\/2024\/01\/3-3.jpg","@id":"https:\/\/www.rucashk.com\/pt\/produto\/huawei-honor-tws-moecen-x1\/#mainImage","width":800,"height":800},"primaryImageOfPage":{"@id":"https:\/\/www.rucashk.com\/pt\/produto\/huawei-honor-tws-moecen-x1\/#mainImage"},"datePublished":"2024-01-09T15:53:06+00:00","dateModified":"2024-03-13T07:03:25+00:00"},{"@type":"WebSite","@id":"https:\/\/www.rucashk.com\/pt\/#website","url":"https:\/\/www.rucashk.com\/pt\/","name":"Rucas - Wholesale and distribution worldwide","alternateName":"Rucas - One-stop AIoT Distribution Worldwide","description":"One-stop AIoT Distribution Worldwide","inLanguage":"pt-PT","publisher":{"@id":"https:\/\/www.rucashk.com\/pt\/#organization"}}]}},"aioseo_meta_data":{"post_id":"23290","title":null,"description":null,"keywords":null,"keyphrases":null,"primary_term":null,"canonical_url":null,"og_title":null,"og_description":null,"og_object_type":"default","og_image_type":"default","og_image_url":null,"og_image_width":null,"og_image_height":null,"og_image_custom_url":null,"og_image_custom_fields":null,"og_video":null,"og_custom_url":null,"og_article_section":null,"og_article_tags":null,"twitter_use_og":false,"twitter_card":"default","twitter_image_type":"default","twitter_image_url":null,"twitter_image_custom_url":null,"twitter_image_custom_fields":null,"twitter_title":null,"twitter_description":null,"schema":{"blockGraphs":[],"customGraphs":[],"default":{"data":{"Article":[],"Course":[],"Dataset":[],"FAQPage":[],"Movie":[],"Person":[],"Product":[],"Recipe":[],"Service":[],"SoftwareApplication":[],"WebPage":[]},"graphName":"","isEnabled":true},"graphs":[]},"schema_type":"default","schema_type_options":null,"pillar_content":false,"robots_default":true,"robots_noindex":false,"robots_noarchive":false,"robots_nosnippet":false,"robots_nofollow":false,"robots_noimageindex":false,"robots_noodp":false,"robots_notranslate":false,"robots_max_snippet":null,"robots_max_videopreview":null,"robots_max_imagepreview":"large","priority":null,"frequency":null,"local_seo":null,"breadcrumb_settings":null,"limit_modified_date":false,"created":"2024-04-11 01:55:29","updated":"2025-06-22 17:04:58"},"aioseo_breadcrumb":"<div class=\"aioseo-breadcrumbs\"><span class=\"aioseo-breadcrumb\">\n\t<a href=\"https:\/\/www.rucashk.com\/pt\" title=\"Home\">Home<\/a>\n<\/span><span class=\"aioseo-breadcrumb-separator\">&raquo;<\/span><span class=\"aioseo-breadcrumb\">\n\t<a href=\"https:\/\/www.rucashk.com\/pt\/products\/\" title=\"Produtos\">Produtos<\/a>\n<\/span><span class=\"aioseo-breadcrumb-separator\">&raquo;<\/span><span class=\"aioseo-breadcrumb\">\n\t<a href=\"https:\/\/www.rucashk.com\/pt\/categoria-produto\/other-a-brands\/\" title=\"Other A-Brands\">Other A-Brands<\/a>\n<\/span><span class=\"aioseo-breadcrumb-separator\">&raquo;<\/span><span class=\"aioseo-breadcrumb\">\n\t<a href=\"https:\/\/www.rucashk.com\/pt\/categoria-produto\/other-a-brands\/huawei-other-a-brands\/\" title=\"Huawei\">Huawei<\/a>\n<\/span><span class=\"aioseo-breadcrumb-separator\">&raquo;<\/span><span class=\"aioseo-breadcrumb\">\n\tHuawei Honor TWS Moecen X1\n<\/span><\/div>","aioseo_breadcrumb_json":[{"label":"Home","link":"https:\/\/www.rucashk.com\/pt"},{"label":"Produtos","link":"https:\/\/www.rucashk.com\/pt\/products\/"},{"label":"Other A-Brands","link":"https:\/\/www.rucashk.com\/pt\/categoria-produto\/other-a-brands\/"},{"label":"Huawei","link":"https:\/\/www.rucashk.com\/pt\/categoria-produto\/other-a-brands\/huawei-other-a-brands\/"},{"label":"Huawei Honor TWS Moecen X1","link":"https:\/\/www.rucashk.com\/pt\/produto\/huawei-honor-tws-moecen-x1\/"}],"_links":{"self":[{"href":"https:\/\/www.rucashk.com\/pt\/wp-json\/wp\/v2\/product\/23290","targetHints":{"allow":["GET"]}}],"collection":[{"href":"https:\/\/www.rucashk.com\/pt\/wp-json\/wp\/v2\/product"}],"about":[{"href":"https:\/\/www.rucashk.com\/pt\/wp-json\/wp\/v2\/types\/product"}],"wp:featuredmedia":[{"embeddable":true,"href":"https:\/\/www.rucashk.com\/pt\/wp-json\/wp\/v2\/media\/23423"}],"wp:attachment":[{"href":"https:\/\/www.rucashk.com\/pt\/wp-json\/wp\/v2\/media?parent=23290"}],"wp:term":[{"taxonomy":"product_brand","embeddable":true,"href":"https:\/\/www.rucashk.com\/pt\/wp-json\/wp\/v2\/product_brand?post=23290"},{"taxonomy":"product_cat","embeddable":true,"href":"https:\/\/www.rucashk.com\/pt\/wp-json\/wp\/v2\/product_cat?post=23290"},{"taxonomy":"product_tag","embeddable":true,"href":"https:\/\/www.rucashk.com\/pt\/wp-json\/wp\/v2\/product_tag?post=23290"}],"curies":[{"name":"wp","href":"https:\/\/api.w.org\/{rel}","templated":true}]}}