{"id":23287,"date":"2024-01-09T15:53:06","date_gmt":"2024-01-09T15:53:06","guid":{"rendered":"http:\/\/rucashk.com\/?post_type=product&#038;p=23287"},"modified":"2024-03-13T07:02:23","modified_gmt":"2024-03-13T07:02:23","slug":"xiaomi-soocas-h3s-negative-ions-electric-hair-dryer","status":"publish","type":"product","link":"https:\/\/www.rucashk.com\/pt\/produto\/xiaomi-soocas-h3s-negative-ions-electric-hair-dryer\/","title":{"rendered":"Secador de cabelo el\u00e9trico de \u00edons negativos Xiaomi SOOCAS H3S"},"content":{"rendered":"<h2 style=\"text-align: center\">Secador de cabelo el\u00e9trico de \u00edons negativos Xiaomi SOOCAS H3S<\/h2>\n<p><img fetchpriority=\"high\" decoding=\"async\" class=\"aligncenter\" src=\"\/wp-content\/uploads\/replace\/889684c24a407c84811fe4da8b82cf6f.jpeg\" alt=\"Xiaomi SOOCAS H3S Negative Ions Electric Hair Dryer\" width=\"1000\" height=\"1211\" \/><img decoding=\"async\" class=\"aligncenter\" src=\"\/wp-content\/uploads\/replace\/89f2ba7acb963b42e5b33ae4bd1422e9.jpeg\" alt=\"Xiaomi SOOCAS H3S Negative Ions Electric Hair Dryer\" width=\"1000\" height=\"373\" \/><img decoding=\"async\" class=\"aligncenter\" src=\"\/wp-content\/uploads\/replace\/c4fe081a1ad25a93b6b51876fbf22065.jpeg\" alt=\"Xiaomi SOOCAS H3S Negative Ions Electric Hair Dryer\" width=\"1000\" height=\"583\" \/><img loading=\"lazy\" decoding=\"async\" class=\"aligncenter\" src=\"\/wp-content\/uploads\/replace\/5782bdb172b5b276a5ca0c6eac0a4f5e.jpeg\" alt=\"Xiaomi SOOCAS H3S Negative Ions Electric Hair Dryer\" width=\"1000\" height=\"903\" \/><img loading=\"lazy\" decoding=\"async\" class=\"aligncenter\" src=\"\/wp-content\/uploads\/replace\/afd08c62c63a086c38156f56d7d48fa5.jpeg\" alt=\"Xiaomi SOOCAS H3S Negative Ions Electric Hair Dryer\" width=\"1000\" height=\"799\" \/><img loading=\"lazy\" decoding=\"async\" class=\"aligncenter\" src=\"\/wp-content\/uploads\/replace\/c1388bc9dbdad8c6c73cd47f5d3a1817.jpeg\" alt=\"Xiaomi SOOCAS H3S Negative Ions Electric Hair Dryer\" width=\"1000\" height=\"999\" \/><img loading=\"lazy\" decoding=\"async\" class=\"aligncenter\" src=\"\/wp-content\/uploads\/replace\/82452c007f62b7c8d2d8ee4551d702a7.jpeg\" alt=\"Xiaomi SOOCAS H3S Negative Ions Electric Hair Dryer\" width=\"1000\" height=\"909\" \/><img loading=\"lazy\" decoding=\"async\" class=\"aligncenter\" src=\"\/wp-content\/uploads\/replace\/47838f9713216a5b32696de31073968d.jpeg\" alt=\"Xiaomi SOOCAS H3S Negative Ions Electric Hair Dryer\" width=\"1000\" height=\"1260\" \/><img loading=\"lazy\" decoding=\"async\" class=\"aligncenter\" src=\"\/wp-content\/uploads\/replace\/3cae1f3e42ec43162641407a5c17ee62.jpeg\" alt=\"Xiaomi SOOCAS H3S Negative Ions Electric Hair Dryer\" width=\"1000\" height=\"925\" \/><\/p>\n<p>\u25cf<strong>Alto volume de ar, <a href=\"https:\/\/www.rucashk.com\/pt\/produto\/soocas-electric-hair-dryer-h3s\/\" class=\"\" style=\"width: auto !important\" data-wpil-post-to-id=\"5046\">cabelo seco<\/a> em 5 minutos<\/strong><br \/>\n\u25cf Design inovador de desvio,<strong>\u00a0\u00e2nion de alta concentra\u00e7\u00e3o, cuidados com os cabelos<\/strong><br \/>\n\u25cf<strong>57 graus C de temperatura constante,<\/strong>\u00a0aquecido uniformemente sem machucar o cabelo<br \/>\n\u25cf<strong>1800W de pot\u00eancia forte,<\/strong>\u00a0aumentar o volume de ar, forte fluxo de ar, <a href=\"https:\/\/www.rucashk.com\/pt\/produto\/soocas-h3\/\" class=\"\" style=\"width: auto !important\" data-wpil-post-to-id=\"16657\">cabelo seco<\/a> e efetivamente evitar danos por superaquecimento<br \/>\n\u25cf Ventilador de vento remov\u00edvel girat\u00f3rio de 360 graus, sopre seu tipo de cabelo favorito<br \/>\n\u25cf Tr\u00eas op\u00e7\u00f5es de temperatura, um toque para alternar, f\u00e1cil de operar<br \/>\n\u25cf Design de bico duplo anti-escaldante, evitando efetivamente queimaduras<\/p>","protected":false},"excerpt":{"rendered":"<p><b>Principais caracter\u00edsticas:<\/b><br \/>\n\u25cf<b>Alto volume de ar, cabelo seco em 5 minutos<\/b><br \/>\n\u25cf Design inovador de desvio,<b>\u00a0\u00e2nion de alta concentra\u00e7\u00e3o, cuidados com os cabelos<\/b><br \/>\n\u25cf<b>57 graus C de temperatura constante,<\/b>\u00a0aquecido uniformemente sem machucar o cabelo<br \/>\n\u25cf<b>1800W de pot\u00eancia forte,<\/b>\u00a0increase the air volume, strong airflow, dry hair and effectively prevent overheating damage<br \/>\n\u25cf Ventilador de vento remov\u00edvel girat\u00f3rio de 360 graus, sopre seu tipo de cabelo favorito<br \/>\n\u25cf Tr\u00eas op\u00e7\u00f5es de temperatura, um toque para alternar, f\u00e1cil de operar<br \/>\n\u25cf Design de bico duplo anti-escaldante, evitando efetivamente queimaduras<\/p>","protected":false},"featured_media":23403,"template":"","meta":[],"product_brand":[],"product_cat":[1320,1305],"product_tag":[860],"class_list":{"0":"post-23287","1":"product","2":"type-product","3":"status-publish","4":"has-post-thumbnail","6":"product_cat-personal-care","7":"product_cat-xiaomi-eco","8":"product_tag-xiaomi-soocas-h3s-negative-ions-electric-hair-dryer","10":"first","11":"instock","12":"shipping-taxable","13":"product-type-external"},"aioseo_notices":[],"aioseo_head":"\n\t\t<!-- All in One SEO Pro 4.5.9.2 - aioseo.com -->\n\t\t<meta name=\"description\" content=\"Main Features: \u25cfHigh air volume, dry hair in 5 minutes \u25cf Innovative diversion design, high concentration anion, hair care \u25cf57 Deg.C constant temperature, evenly heated without hurting your hair \u25cf1800W strong power, increase the air volume, strong airflow, dry hair and effectively prevent overheating damage \u25cf 360-degree rotating removable wind vent, blow your favourite hair type \u25cf Three temperature options, one touch to switch, easy to operate \u25cf Double anti-scalding nozzle design, effectively avoiding scalding\" \/>\n\t\t<meta name=\"robots\" content=\"max-image-preview:large\" \/>\n\t\t<link rel=\"canonical\" href=\"https:\/\/www.rucashk.com\/pt\/produto\/xiaomi-soocas-h3s-negative-ions-electric-hair-dryer\/\" \/>\n\t\t<meta name=\"generator\" content=\"All in One SEO Pro (AIOSEO) 4.5.9.2\" \/>\n\t\t<meta property=\"og:locale\" content=\"pt_PT\" \/>\n\t\t<meta property=\"og:site_name\" content=\"Rucas - One-stop AIoT Distribution Worldwide\" \/>\n\t\t<meta property=\"og:type\" content=\"article\" \/>\n\t\t<meta property=\"og:title\" content=\"Xiaomi SOOCAS H3S Negative Ions Electric Hair Dryer - Rucas - Wholesale and Distribution\" \/>\n\t\t<meta property=\"og:description\" content=\"Main Features: \u25cfHigh air volume, dry hair in 5 minutes \u25cf Innovative diversion design, high concentration anion, hair care \u25cf57 Deg.C constant temperature, evenly heated without hurting your hair \u25cf1800W strong power, increase the air volume, strong airflow, dry hair and effectively prevent overheating damage \u25cf 360-degree rotating removable wind vent, blow your favourite hair type \u25cf Three temperature options, one touch to switch, easy to operate \u25cf Double anti-scalding nozzle design, effectively avoiding scalding\" \/>\n\t\t<meta property=\"og:url\" content=\"https:\/\/www.rucashk.com\/pt\/produto\/xiaomi-soocas-h3s-negative-ions-electric-hair-dryer\/\" \/>\n\t\t<meta property=\"og:image\" content=\"https:\/\/www.rucashk.com\/wp-content\/uploads\/replace\/503b8e645f128a97ccde2b6290747646.jpeg\" \/>\n\t\t<meta property=\"og:image:secure_url\" content=\"https:\/\/www.rucashk.com\/wp-content\/uploads\/replace\/503b8e645f128a97ccde2b6290747646.jpeg\" \/>\n\t\t<meta property=\"og:image:width\" content=\"1456\" \/>\n\t\t<meta property=\"og:image:height\" content=\"816\" \/>\n\t\t<meta property=\"article:published_time\" content=\"2024-01-09T15:53:06+00:00\" \/>\n\t\t<meta property=\"article:modified_time\" content=\"2024-03-13T07:02:23+00:00\" \/>\n\t\t<meta name=\"twitter:card\" content=\"summary_large_image\" \/>\n\t\t<meta name=\"twitter:title\" content=\"Xiaomi SOOCAS H3S Negative Ions Electric Hair Dryer - Rucas - Wholesale and Distribution\" \/>\n\t\t<meta name=\"twitter:description\" content=\"Main Features: \u25cfHigh air volume, dry hair in 5 minutes \u25cf Innovative diversion design, high concentration anion, hair care \u25cf57 Deg.C constant temperature, evenly heated without hurting your hair \u25cf1800W strong power, increase the air volume, strong airflow, dry hair and effectively prevent overheating damage \u25cf 360-degree rotating removable wind vent, blow your favourite hair type \u25cf Three temperature options, one touch to switch, easy to operate \u25cf Double anti-scalding nozzle design, effectively avoiding scalding\" \/>\n\t\t<meta name=\"twitter:image\" content=\"https:\/\/www.rucashk.com\/wp-content\/uploads\/replace\/503b8e645f128a97ccde2b6290747646.jpeg\" \/>\n\t\t<script type=\"application\/ld+json\" class=\"aioseo-schema\">\n\t\t\t{\"@context\":\"https:\\\/\\\/schema.org\",\"@graph\":[{\"@type\":\"BreadcrumbList\",\"@id\":\"https:\\\/\\\/www.rucashk.com\\\/pt\\\/produto\\\/xiaomi-soocas-h3s-negative-ions-electric-hair-dryer\\\/#breadcrumblist\",\"itemListElement\":[{\"@type\":\"ListItem\",\"@id\":\"https:\\\/\\\/www.rucashk.com\\\/pt\\\/#listItem\",\"position\":1,\"name\":\"Home\",\"item\":\"https:\\\/\\\/www.rucashk.com\\\/pt\\\/\",\"nextItem\":\"https:\\\/\\\/www.rucashk.com\\\/pt\\\/produto\\\/xiaomi-soocas-h3s-negative-ions-electric-hair-dryer\\\/#listItem\"},{\"@type\":\"ListItem\",\"@id\":\"https:\\\/\\\/www.rucashk.com\\\/pt\\\/produto\\\/xiaomi-soocas-h3s-negative-ions-electric-hair-dryer\\\/#listItem\",\"position\":2,\"name\":\"Xiaomi SOOCAS H3S Negative Ions Electric Hair Dryer\",\"previousItem\":\"https:\\\/\\\/www.rucashk.com\\\/pt\\\/#listItem\"}]},{\"@type\":\"Organization\",\"@id\":\"https:\\\/\\\/www.rucashk.com\\\/pt\\\/#organization\",\"name\":\"Rucas\",\"url\":\"https:\\\/\\\/www.rucashk.com\\\/pt\\\/\",\"logo\":{\"@type\":\"ImageObject\",\"url\":\"https:\\\/\\\/www.rucashk.com\\\/wp-content\\\/uploads\\\/2023\\\/12\\\/Rucas_campany_logo.png\",\"@id\":\"https:\\\/\\\/www.rucashk.com\\\/pt\\\/produto\\\/xiaomi-soocas-h3s-negative-ions-electric-hair-dryer\\\/#organizationLogo\",\"width\":221,\"height\":65},\"image\":{\"@id\":\"https:\\\/\\\/www.rucashk.com\\\/pt\\\/#organizationLogo\"}},{\"@type\":\"Person\",\"@id\":\"https:\\\/\\\/www.rucashk.com\\\/pt\\\/author\\\/admin\\\/#author\",\"url\":\"https:\\\/\\\/www.rucashk.com\\\/pt\\\/author\\\/admin\\\/\",\"name\":\"admin\",\"image\":{\"@type\":\"ImageObject\",\"@id\":\"https:\\\/\\\/www.rucashk.com\\\/pt\\\/produto\\\/xiaomi-soocas-h3s-negative-ions-electric-hair-dryer\\\/#authorImage\",\"url\":\"https:\\\/\\\/secure.gravatar.com\\\/avatar\\\/b7c8925b09a27e72b30232f8ecaadbd5af0f70a38c78096863fe51b64f031c24?s=96&d=mm&r=g\",\"width\":96,\"height\":96,\"caption\":\"admin\"}},{\"@type\":\"WebPage\",\"@id\":\"https:\\\/\\\/www.rucashk.com\\\/pt\\\/produto\\\/xiaomi-soocas-h3s-negative-ions-electric-hair-dryer\\\/#webpage\",\"url\":\"https:\\\/\\\/www.rucashk.com\\\/pt\\\/produto\\\/xiaomi-soocas-h3s-negative-ions-electric-hair-dryer\\\/\",\"name\":\"Xiaomi SOOCAS H3S Negative Ions Electric Hair Dryer - Rucas - Wholesale and Distribution\",\"description\":\"Main Features: \\u25cfHigh air volume, dry hair in 5 minutes \\u25cf Innovative diversion design, high concentration anion, hair care \\u25cf57 Deg.C constant temperature, evenly heated without hurting your hair \\u25cf1800W strong power, increase the air volume, strong airflow, dry hair and effectively prevent overheating damage \\u25cf 360-degree rotating removable wind vent, blow your favourite hair type \\u25cf Three temperature options, one touch to switch, easy to operate \\u25cf Double anti-scalding nozzle design, effectively avoiding scalding\",\"inLanguage\":\"pt-PT\",\"isPartOf\":{\"@id\":\"https:\\\/\\\/www.rucashk.com\\\/pt\\\/#website\"},\"breadcrumb\":{\"@id\":\"https:\\\/\\\/www.rucashk.com\\\/pt\\\/produto\\\/xiaomi-soocas-h3s-negative-ions-electric-hair-dryer\\\/#breadcrumblist\"},\"author\":{\"@id\":\"https:\\\/\\\/www.rucashk.com\\\/pt\\\/author\\\/admin\\\/#author\"},\"creator\":{\"@id\":\"https:\\\/\\\/www.rucashk.com\\\/pt\\\/author\\\/admin\\\/#author\"},\"image\":{\"@type\":\"ImageObject\",\"url\":\"https:\\\/\\\/www.rucashk.com\\\/wp-content\\\/uploads\\\/2024\\\/01\\\/3_\\u526f\\u672c-1-1.jpg\",\"@id\":\"https:\\\/\\\/www.rucashk.com\\\/pt\\\/produto\\\/xiaomi-soocas-h3s-negative-ions-electric-hair-dryer\\\/#mainImage\",\"width\":800,\"height\":800},\"primaryImageOfPage\":{\"@id\":\"https:\\\/\\\/www.rucashk.com\\\/pt\\\/produto\\\/xiaomi-soocas-h3s-negative-ions-electric-hair-dryer\\\/#mainImage\"},\"datePublished\":\"2024-01-09T15:53:06+00:00\",\"dateModified\":\"2024-03-13T07:02:23+00:00\"},{\"@type\":\"WebSite\",\"@id\":\"https:\\\/\\\/www.rucashk.com\\\/pt\\\/#website\",\"url\":\"https:\\\/\\\/www.rucashk.com\\\/pt\\\/\",\"name\":\"Rucas - Wholesale and distribution worldwide\",\"alternateName\":\"Rucas - One-stop AIoT Distribution Worldwide\",\"description\":\"One-stop AIoT Distribution Worldwide\",\"inLanguage\":\"pt-PT\",\"publisher\":{\"@id\":\"https:\\\/\\\/www.rucashk.com\\\/pt\\\/#organization\"}}]}\n\t\t<\/script>\n\t\t<!-- All in One SEO Pro -->\r\n\t\t<title>Xiaomi SOOCAS H3S Negative Ions Electric Hair Dryer - Rucas - Wholesale and Distribution<\/title>\n\n","aioseo_head_json":{"title":"Xiaomi SOOCAS H3S Negative Ions Electric Hair Dryer - Rucas - Wholesale and Distribution","description":"Main Features: \u25cfHigh air volume, dry hair in 5 minutes \u25cf Innovative diversion design, high concentration anion, hair care \u25cf57 Deg.C constant temperature, evenly heated without hurting your hair \u25cf1800W strong power, increase the air volume, strong airflow, dry hair and effectively prevent overheating damage \u25cf 360-degree rotating removable wind vent, blow your favourite hair type \u25cf Three temperature options, one touch to switch, easy to operate \u25cf Double anti-scalding nozzle design, effectively avoiding scalding","canonical_url":"https:\/\/www.rucashk.com\/pt\/produto\/xiaomi-soocas-h3s-negative-ions-electric-hair-dryer\/","robots":"max-image-preview:large","keywords":"","webmasterTools":{"miscellaneous":""},"og:locale":"pt_PT","og:site_name":"Rucas - One-stop AIoT Distribution Worldwide","og:type":"article","og:title":"Xiaomi SOOCAS H3S Negative Ions Electric Hair Dryer - Rucas - Wholesale and Distribution","og:description":"Main Features: \u25cfHigh air volume, dry hair in 5 minutes \u25cf Innovative diversion design, high concentration anion, hair care \u25cf57 Deg.C constant temperature, evenly heated without hurting your hair \u25cf1800W strong power, increase the air volume, strong airflow, dry hair and effectively prevent overheating damage \u25cf 360-degree rotating removable wind vent, blow your favourite hair type \u25cf Three temperature options, one touch to switch, easy to operate \u25cf Double anti-scalding nozzle design, effectively avoiding scalding","og:url":"https:\/\/www.rucashk.com\/pt\/produto\/xiaomi-soocas-h3s-negative-ions-electric-hair-dryer\/","og:image":"https:\/\/www.rucashk.com\/wp-content\/uploads\/replace\/503b8e645f128a97ccde2b6290747646.jpeg","og:image:secure_url":"https:\/\/www.rucashk.com\/wp-content\/uploads\/replace\/503b8e645f128a97ccde2b6290747646.jpeg","og:image:width":1456,"og:image:height":816,"article:published_time":"2024-01-09T15:53:06+00:00","article:modified_time":"2024-03-13T07:02:23+00:00","twitter:card":"summary_large_image","twitter:title":"Xiaomi SOOCAS H3S Negative Ions Electric Hair Dryer - Rucas - Wholesale and Distribution","twitter:description":"Main Features: \u25cfHigh air volume, dry hair in 5 minutes \u25cf Innovative diversion design, high concentration anion, hair care \u25cf57 Deg.C constant temperature, evenly heated without hurting your hair \u25cf1800W strong power, increase the air volume, strong airflow, dry hair and effectively prevent overheating damage \u25cf 360-degree rotating removable wind vent, blow your favourite hair type \u25cf Three temperature options, one touch to switch, easy to operate \u25cf Double anti-scalding nozzle design, effectively avoiding scalding","twitter:image":"https:\/\/www.rucashk.com\/wp-content\/uploads\/replace\/503b8e645f128a97ccde2b6290747646.jpeg","schema":{"@context":"https:\/\/schema.org","@graph":[{"@type":"BreadcrumbList","@id":"https:\/\/www.rucashk.com\/pt\/produto\/xiaomi-soocas-h3s-negative-ions-electric-hair-dryer\/#breadcrumblist","itemListElement":[{"@type":"ListItem","@id":"https:\/\/www.rucashk.com\/pt\/#listItem","position":1,"name":"Home","item":"https:\/\/www.rucashk.com\/pt\/","nextItem":"https:\/\/www.rucashk.com\/pt\/produto\/xiaomi-soocas-h3s-negative-ions-electric-hair-dryer\/#listItem"},{"@type":"ListItem","@id":"https:\/\/www.rucashk.com\/pt\/produto\/xiaomi-soocas-h3s-negative-ions-electric-hair-dryer\/#listItem","position":2,"name":"Xiaomi SOOCAS H3S Negative Ions Electric Hair Dryer","previousItem":"https:\/\/www.rucashk.com\/pt\/#listItem"}]},{"@type":"Organization","@id":"https:\/\/www.rucashk.com\/pt\/#organization","name":"Rucas","url":"https:\/\/www.rucashk.com\/pt\/","logo":{"@type":"ImageObject","url":"https:\/\/www.rucashk.com\/wp-content\/uploads\/2023\/12\/Rucas_campany_logo.png","@id":"https:\/\/www.rucashk.com\/pt\/produto\/xiaomi-soocas-h3s-negative-ions-electric-hair-dryer\/#organizationLogo","width":221,"height":65},"image":{"@id":"https:\/\/www.rucashk.com\/pt\/#organizationLogo"}},{"@type":"Person","@id":"https:\/\/www.rucashk.com\/pt\/author\/admin\/#author","url":"https:\/\/www.rucashk.com\/pt\/author\/admin\/","name":"admin","image":{"@type":"ImageObject","@id":"https:\/\/www.rucashk.com\/pt\/produto\/xiaomi-soocas-h3s-negative-ions-electric-hair-dryer\/#authorImage","url":"https:\/\/secure.gravatar.com\/avatar\/b7c8925b09a27e72b30232f8ecaadbd5af0f70a38c78096863fe51b64f031c24?s=96&d=mm&r=g","width":96,"height":96,"caption":"admin"}},{"@type":"WebPage","@id":"https:\/\/www.rucashk.com\/pt\/produto\/xiaomi-soocas-h3s-negative-ions-electric-hair-dryer\/#webpage","url":"https:\/\/www.rucashk.com\/pt\/produto\/xiaomi-soocas-h3s-negative-ions-electric-hair-dryer\/","name":"Xiaomi SOOCAS H3S Negative Ions Electric Hair Dryer - Rucas - Wholesale and Distribution","description":"Main Features: \u25cfHigh air volume, dry hair in 5 minutes \u25cf Innovative diversion design, high concentration anion, hair care \u25cf57 Deg.C constant temperature, evenly heated without hurting your hair \u25cf1800W strong power, increase the air volume, strong airflow, dry hair and effectively prevent overheating damage \u25cf 360-degree rotating removable wind vent, blow your favourite hair type \u25cf Three temperature options, one touch to switch, easy to operate \u25cf Double anti-scalding nozzle design, effectively avoiding scalding","inLanguage":"pt-PT","isPartOf":{"@id":"https:\/\/www.rucashk.com\/pt\/#website"},"breadcrumb":{"@id":"https:\/\/www.rucashk.com\/pt\/produto\/xiaomi-soocas-h3s-negative-ions-electric-hair-dryer\/#breadcrumblist"},"author":{"@id":"https:\/\/www.rucashk.com\/pt\/author\/admin\/#author"},"creator":{"@id":"https:\/\/www.rucashk.com\/pt\/author\/admin\/#author"},"image":{"@type":"ImageObject","url":"https:\/\/www.rucashk.com\/wp-content\/uploads\/2024\/01\/3_\u526f\u672c-1-1.jpg","@id":"https:\/\/www.rucashk.com\/pt\/produto\/xiaomi-soocas-h3s-negative-ions-electric-hair-dryer\/#mainImage","width":800,"height":800},"primaryImageOfPage":{"@id":"https:\/\/www.rucashk.com\/pt\/produto\/xiaomi-soocas-h3s-negative-ions-electric-hair-dryer\/#mainImage"},"datePublished":"2024-01-09T15:53:06+00:00","dateModified":"2024-03-13T07:02:23+00:00"},{"@type":"WebSite","@id":"https:\/\/www.rucashk.com\/pt\/#website","url":"https:\/\/www.rucashk.com\/pt\/","name":"Rucas - Wholesale and distribution worldwide","alternateName":"Rucas - One-stop AIoT Distribution Worldwide","description":"One-stop AIoT Distribution Worldwide","inLanguage":"pt-PT","publisher":{"@id":"https:\/\/www.rucashk.com\/pt\/#organization"}}]}},"aioseo_meta_data":{"post_id":"23287","title":null,"description":null,"keywords":null,"keyphrases":null,"primary_term":null,"canonical_url":null,"og_title":null,"og_description":null,"og_object_type":"default","og_image_type":"default","og_image_url":null,"og_image_width":null,"og_image_height":null,"og_image_custom_url":null,"og_image_custom_fields":null,"og_video":null,"og_custom_url":null,"og_article_section":null,"og_article_tags":null,"twitter_use_og":false,"twitter_card":"default","twitter_image_type":"default","twitter_image_url":null,"twitter_image_custom_url":null,"twitter_image_custom_fields":null,"twitter_title":null,"twitter_description":null,"schema":{"blockGraphs":[],"customGraphs":[],"default":{"data":{"Article":[],"Course":[],"Dataset":[],"FAQPage":[],"Movie":[],"Person":[],"Product":[],"Recipe":[],"Service":[],"SoftwareApplication":[],"WebPage":[]},"graphName":"","isEnabled":true},"graphs":[]},"schema_type":"default","schema_type_options":null,"pillar_content":false,"robots_default":true,"robots_noindex":false,"robots_noarchive":false,"robots_nosnippet":false,"robots_nofollow":false,"robots_noimageindex":false,"robots_noodp":false,"robots_notranslate":false,"robots_max_snippet":null,"robots_max_videopreview":null,"robots_max_imagepreview":"large","priority":null,"frequency":null,"local_seo":null,"breadcrumb_settings":null,"limit_modified_date":false,"created":"2024-04-11 01:55:28","updated":"2025-06-22 17:04:23"},"aioseo_breadcrumb":"<div class=\"aioseo-breadcrumbs\"><span class=\"aioseo-breadcrumb\">\n\t<a href=\"https:\/\/www.rucashk.com\/pt\" title=\"Home\">Home<\/a>\n<\/span><span class=\"aioseo-breadcrumb-separator\">&raquo;<\/span><span class=\"aioseo-breadcrumb\">\n\t<a href=\"https:\/\/www.rucashk.com\/pt\/products\/\" title=\"Produtos\">Produtos<\/a>\n<\/span><span class=\"aioseo-breadcrumb-separator\">&raquo;<\/span><span class=\"aioseo-breadcrumb\">\n\t<a href=\"https:\/\/www.rucashk.com\/pt\/categoria-produto\/xiaomi-eco\/\" title=\"Xiaomi Eco\">Xiaomi Eco<\/a>\n<\/span><span class=\"aioseo-breadcrumb-separator\">&raquo;<\/span><span class=\"aioseo-breadcrumb\">\n\t<a href=\"https:\/\/www.rucashk.com\/pt\/categoria-produto\/xiaomi-eco\/personal-care\/\" title=\"Personal Care\">Personal Care<\/a>\n<\/span><span class=\"aioseo-breadcrumb-separator\">&raquo;<\/span><span class=\"aioseo-breadcrumb\">\n\tXiaomi SOOCAS H3S Negative Ions Electric Hair Dryer\n<\/span><\/div>","aioseo_breadcrumb_json":[{"label":"Home","link":"https:\/\/www.rucashk.com\/pt"},{"label":"Produtos","link":"https:\/\/www.rucashk.com\/pt\/products\/"},{"label":"Xiaomi Eco","link":"https:\/\/www.rucashk.com\/pt\/categoria-produto\/xiaomi-eco\/"},{"label":"Personal Care","link":"https:\/\/www.rucashk.com\/pt\/categoria-produto\/xiaomi-eco\/personal-care\/"},{"label":"Xiaomi SOOCAS H3S Negative Ions Electric Hair Dryer","link":"https:\/\/www.rucashk.com\/pt\/produto\/xiaomi-soocas-h3s-negative-ions-electric-hair-dryer\/"}],"_links":{"self":[{"href":"https:\/\/www.rucashk.com\/pt\/wp-json\/wp\/v2\/product\/23287","targetHints":{"allow":["GET"]}}],"collection":[{"href":"https:\/\/www.rucashk.com\/pt\/wp-json\/wp\/v2\/product"}],"about":[{"href":"https:\/\/www.rucashk.com\/pt\/wp-json\/wp\/v2\/types\/product"}],"wp:featuredmedia":[{"embeddable":true,"href":"https:\/\/www.rucashk.com\/pt\/wp-json\/wp\/v2\/media\/23403"}],"wp:attachment":[{"href":"https:\/\/www.rucashk.com\/pt\/wp-json\/wp\/v2\/media?parent=23287"}],"wp:term":[{"taxonomy":"product_brand","embeddable":true,"href":"https:\/\/www.rucashk.com\/pt\/wp-json\/wp\/v2\/product_brand?post=23287"},{"taxonomy":"product_cat","embeddable":true,"href":"https:\/\/www.rucashk.com\/pt\/wp-json\/wp\/v2\/product_cat?post=23287"},{"taxonomy":"product_tag","embeddable":true,"href":"https:\/\/www.rucashk.com\/pt\/wp-json\/wp\/v2\/product_tag?post=23287"}],"curies":[{"name":"wp","href":"https:\/\/api.w.org\/{rel}","templated":true}]}}