{"id":23280,"date":"2024-01-09T15:53:05","date_gmt":"2024-01-09T15:53:05","guid":{"rendered":"http:\/\/rucashk.com\/?post_type=product&#038;p=23280"},"modified":"2024-03-13T07:04:32","modified_gmt":"2024-03-13T07:04:32","slug":"logitech-c270-hd-webcam","status":"publish","type":"product","link":"https:\/\/www.rucashk.com\/pt\/produto\/logitech-c270-hd-webcam\/","title":{"rendered":"Webcam Logitech C270 HD"},"content":{"rendered":"<h2 style=\"text-align: center\">Webcam Logitech C270 HD<\/h2>\n<p><img fetchpriority=\"high\" decoding=\"async\" class=\"alignnone aligncenter\" src=\"\/wp-content\/uploads\/replace\/189a0fb2047da11aa9300b4f056ae958.jpeg\" alt=\"Logitech C270 HD Webcam\" width=\"1000\" height=\"1000\" \/><img decoding=\"async\" class=\"alignnone aligncenter\" src=\"\/wp-content\/uploads\/replace\/a411d102de7e82896054d7c9110ba946.jpeg\" alt=\"Logitech C270 HD Webcam\" width=\"1000\" height=\"1000\" \/><img decoding=\"async\" class=\"alignnone aligncenter\" src=\"\/wp-content\/uploads\/replace\/c3d37d1c0945b4cabcaa0e28ee4ee55c.jpeg\" alt=\"Logitech C270 HD Webcam\" width=\"1000\" height=\"1000\" \/><img loading=\"lazy\" decoding=\"async\" class=\"alignnone aligncenter\" src=\"\/wp-content\/uploads\/replace\/28f3d9783a35c0cb6c8ea7e83cedc3b6.jpeg\" alt=\"Logitech C270 HD Webcam\" width=\"1000\" height=\"1373\" \/><img loading=\"lazy\" decoding=\"async\" class=\"alignnone aligncenter\" src=\"\/wp-content\/uploads\/replace\/eff5e0845bcac2e7c50a7d3381093e53.jpeg\" alt=\"Logitech C270 HD Webcam\" width=\"800\" height=\"800\" \/><img loading=\"lazy\" decoding=\"async\" class=\"alignnone aligncenter\" src=\"\/wp-content\/uploads\/replace\/c5c1e344bdea5c6817fe790af4cdbcb5.jpeg\" alt=\"Logitech C270 HD Webcam\" width=\"800\" height=\"800\" \/><img loading=\"lazy\" decoding=\"async\" class=\"alignnone aligncenter\" src=\"\/wp-content\/uploads\/replace\/79e21c47eb2d32cc2174983cdeb69094.jpeg\" alt=\"Logitech C270 HD Webcam\" width=\"800\" height=\"800\" \/><img loading=\"lazy\" decoding=\"async\" class=\"alignnone aligncenter\" src=\"\/wp-content\/uploads\/replace\/48402560e13111e1ace3bb64d9fd3a15.jpeg\" alt=\"Logitech C270 HD Webcam\" width=\"800\" height=\"800\" \/><img loading=\"lazy\" decoding=\"async\" class=\"alignnone aligncenter\" src=\"\/wp-content\/uploads\/replace\/e2431cdae621e41f6404c200f334c730.jpeg\" alt=\"Logitech C270 HD Webcam\" width=\"1000\" height=\"795\" \/><\/p>\n<ul class=\"a-unordered-list a-vertical a-spacing-mini\">\n<li><span class=\"a-list-item\">Completo <a href=\"https:\/\/www.rucashk.com\/pt\/produto\/xiaomi-mitu-mini-rc-drone-with-quadcopter-wifi-fpv-720p-hd-camera\/\" class=\"\" style=\"width: auto !important\" data-wpil-post-to-id=\"2768\">Videochamadas em HD widescreen: Logitech C270 permite fazer videochamadas em widescreen em HD 720p<\/a> a 30 fps. A lente com campo de vis\u00e3o de 60 graus cobre toda a a\u00e7\u00e3o<\/span><\/li>\n<li><span class=\"a-list-item\">Ajuste de ilumina\u00e7\u00e3o HD: melhora automaticamente o calor e o equil\u00edbrio da sua imagem em qualquer ambiente em que voc\u00ea esteja, para que voc\u00ea tenha a melhor apar\u00eancia, mesmo em ambientes escuros<\/span><\/li>\n<li><span class=\"a-list-item\">Microfone com redu\u00e7\u00e3o de ru\u00eddo integrado: desfrute de conversas n\u00edtidas mesmo em ambientes movimentados e streaming por Wi-Fi com microfone com redu\u00e7\u00e3o de ru\u00eddo<\/span><\/li>\n<li><span class=\"a-list-item\">Clipe universal: prende-se com seguran\u00e7a \u00e0 tela ou funciona como suporte em uma prateleira ou mesa. O clipe \u00e9 montado em diferentes \u00e2ngulos para trazer todos os detalhes ao seu redor para seus amigos e familiares.<\/span><\/li>\n<li><span class=\"a-list-item\">Ideal para laptop ou tablet: compat\u00edvel com <a href=\"https:\/\/www.rucashk.com\/pt\/finally-whatsapp-launches-a-desktop-application-applied-to-windows-and-mac\/\" class=\"\" style=\"width: auto !important\" data-wpil-post-to-id=\"9278\">Windows 10 ou posterior, Windows 8, Windows 7, Mac<\/a> OS 10.10 ou posterior e Chrome OS atrav\u00e9s da porta USB<\/span><\/li>\n<\/ul>","protected":false},"excerpt":{"rendered":"<p><strong>Especifica\u00e7\u00f5es:<\/strong><\/p>\n<p>&#8211; Using the latest version of Skype for Windows can be Full HD 1080p video calls (up to 1920 x 1080 pixels) *<br \/>\n&#8211; using a supported client, can be 720p HD video calls (up to 1280 x 720 pixels)<br \/>\n&#8211; the recommended system, Full HD video recording (up to 1920 x 1080 pixels) **<br \/>\n&#8211; H.264 video compression *<br \/>\n&#8211; Dual integrated stereo microphone with automatic noise reduction function<br \/>\n&#8211; lack of automatic correction light<br \/>\n&#8211; universal fixing tripod can be connected to the clip, for laptops, LCD or CRT<br \/>\nWindows version of the Logitech webcam software: &#8211; pan, tilt and zoom control<br \/>\n&#8211; video shoot and photos<br \/>\n&#8211; Face tracking<br \/>\n&#8211; motion detection<\/p>","protected":false},"featured_media":23361,"template":"","meta":[],"product_brand":[],"product_cat":[1332,1322],"product_tag":[854],"class_list":{"0":"post-23280","1":"product","2":"type-product","3":"status-publish","4":"has-post-thumbnail","6":"product_cat-logitech-other-a-brands","7":"product_cat-other-a-brands","8":"product_tag-logitech-c270-hd-webcam","10":"first","11":"instock","12":"shipping-taxable","13":"product-type-external"},"aioseo_notices":[],"aioseo_head":"\n\t\t<!-- All in One SEO Pro 4.5.9.2 - aioseo.com -->\n\t\t<meta name=\"description\" content=\"Specifications: - Using the latest version of Skype for Windows can be Full HD 1080p video calls (up to 1920 x 1080 pixels) * - using a supported client, can be 720p HD video calls (up to 1280 x 720 pixels) - the recommended system, Full HD video recording (up to 1920 x 1080 pixels) ** - H.264 video compression * - Dual integrated stereo microphone with automatic noise reduction function - lack of automatic correction light - universal fixing tripod can be connected to the clip, for laptops, LCD or CRT Windows version of the Logitech webcam software: - pan, tilt and zoom control - video shoot and photos - Face tracking - motion detection\" \/>\n\t\t<meta name=\"robots\" content=\"max-image-preview:large\" \/>\n\t\t<link rel=\"canonical\" href=\"https:\/\/www.rucashk.com\/pt\/produto\/logitech-c270-hd-webcam\/\" \/>\n\t\t<meta name=\"generator\" content=\"All in One SEO Pro (AIOSEO) 4.5.9.2\" \/>\n\t\t<meta property=\"og:locale\" content=\"pt_PT\" \/>\n\t\t<meta property=\"og:site_name\" content=\"Rucas - One-stop AIoT Distribution Worldwide\" \/>\n\t\t<meta property=\"og:type\" content=\"article\" \/>\n\t\t<meta property=\"og:title\" content=\"Logitech C270 HD Webcam - Rucas - Wholesale and Distribution\" \/>\n\t\t<meta property=\"og:description\" content=\"Specifications: - Using the latest version of Skype for Windows can be Full HD 1080p video calls (up to 1920 x 1080 pixels) * - using a supported client, can be 720p HD video calls (up to 1280 x 720 pixels) - the recommended system, Full HD video recording (up to 1920 x 1080 pixels) ** - H.264 video compression * - Dual integrated stereo microphone with automatic noise reduction function - lack of automatic correction light - universal fixing tripod can be connected to the clip, for laptops, LCD or CRT Windows version of the Logitech webcam software: - pan, tilt and zoom control - video shoot and photos - Face tracking - motion detection\" \/>\n\t\t<meta property=\"og:url\" content=\"https:\/\/www.rucashk.com\/pt\/produto\/logitech-c270-hd-webcam\/\" \/>\n\t\t<meta property=\"og:image\" content=\"https:\/\/www.rucashk.com\/wp-content\/uploads\/replace\/503b8e645f128a97ccde2b6290747646.jpeg\" \/>\n\t\t<meta property=\"og:image:secure_url\" content=\"https:\/\/www.rucashk.com\/wp-content\/uploads\/replace\/503b8e645f128a97ccde2b6290747646.jpeg\" \/>\n\t\t<meta property=\"og:image:width\" content=\"1456\" \/>\n\t\t<meta property=\"og:image:height\" content=\"816\" \/>\n\t\t<meta property=\"article:published_time\" content=\"2024-01-09T15:53:05+00:00\" \/>\n\t\t<meta property=\"article:modified_time\" content=\"2024-03-13T07:04:32+00:00\" \/>\n\t\t<meta name=\"twitter:card\" content=\"summary_large_image\" \/>\n\t\t<meta name=\"twitter:title\" content=\"Logitech C270 HD Webcam - Rucas - Wholesale and Distribution\" \/>\n\t\t<meta name=\"twitter:description\" content=\"Specifications: - Using the latest version of Skype for Windows can be Full HD 1080p video calls (up to 1920 x 1080 pixels) * - using a supported client, can be 720p HD video calls (up to 1280 x 720 pixels) - the recommended system, Full HD video recording (up to 1920 x 1080 pixels) ** - H.264 video compression * - Dual integrated stereo microphone with automatic noise reduction function - lack of automatic correction light - universal fixing tripod can be connected to the clip, for laptops, LCD or CRT Windows version of the Logitech webcam software: - pan, tilt and zoom control - video shoot and photos - Face tracking - motion detection\" \/>\n\t\t<meta name=\"twitter:image\" content=\"https:\/\/www.rucashk.com\/wp-content\/uploads\/replace\/503b8e645f128a97ccde2b6290747646.jpeg\" \/>\n\t\t<script type=\"application\/ld+json\" class=\"aioseo-schema\">\n\t\t\t{\"@context\":\"https:\\\/\\\/schema.org\",\"@graph\":[{\"@type\":\"BreadcrumbList\",\"@id\":\"https:\\\/\\\/www.rucashk.com\\\/pt\\\/produto\\\/logitech-c270-hd-webcam\\\/#breadcrumblist\",\"itemListElement\":[{\"@type\":\"ListItem\",\"@id\":\"https:\\\/\\\/www.rucashk.com\\\/pt\\\/#listItem\",\"position\":1,\"name\":\"Home\",\"item\":\"https:\\\/\\\/www.rucashk.com\\\/pt\\\/\",\"nextItem\":\"https:\\\/\\\/www.rucashk.com\\\/pt\\\/produto\\\/logitech-c270-hd-webcam\\\/#listItem\"},{\"@type\":\"ListItem\",\"@id\":\"https:\\\/\\\/www.rucashk.com\\\/pt\\\/produto\\\/logitech-c270-hd-webcam\\\/#listItem\",\"position\":2,\"name\":\"Logitech C270 HD Webcam\",\"previousItem\":\"https:\\\/\\\/www.rucashk.com\\\/pt\\\/#listItem\"}]},{\"@type\":\"Organization\",\"@id\":\"https:\\\/\\\/www.rucashk.com\\\/pt\\\/#organization\",\"name\":\"Rucas\",\"url\":\"https:\\\/\\\/www.rucashk.com\\\/pt\\\/\",\"logo\":{\"@type\":\"ImageObject\",\"url\":\"https:\\\/\\\/www.rucashk.com\\\/wp-content\\\/uploads\\\/2023\\\/12\\\/Rucas_campany_logo.png\",\"@id\":\"https:\\\/\\\/www.rucashk.com\\\/pt\\\/produto\\\/logitech-c270-hd-webcam\\\/#organizationLogo\",\"width\":221,\"height\":65},\"image\":{\"@id\":\"https:\\\/\\\/www.rucashk.com\\\/pt\\\/#organizationLogo\"}},{\"@type\":\"Person\",\"@id\":\"https:\\\/\\\/www.rucashk.com\\\/pt\\\/author\\\/admin\\\/#author\",\"url\":\"https:\\\/\\\/www.rucashk.com\\\/pt\\\/author\\\/admin\\\/\",\"name\":\"admin\",\"image\":{\"@type\":\"ImageObject\",\"@id\":\"https:\\\/\\\/www.rucashk.com\\\/pt\\\/produto\\\/logitech-c270-hd-webcam\\\/#authorImage\",\"url\":\"https:\\\/\\\/secure.gravatar.com\\\/avatar\\\/b7c8925b09a27e72b30232f8ecaadbd5af0f70a38c78096863fe51b64f031c24?s=96&d=mm&r=g\",\"width\":96,\"height\":96,\"caption\":\"admin\"}},{\"@type\":\"WebPage\",\"@id\":\"https:\\\/\\\/www.rucashk.com\\\/pt\\\/produto\\\/logitech-c270-hd-webcam\\\/#webpage\",\"url\":\"https:\\\/\\\/www.rucashk.com\\\/pt\\\/produto\\\/logitech-c270-hd-webcam\\\/\",\"name\":\"Logitech C270 HD Webcam - Rucas - Wholesale and Distribution\",\"description\":\"Specifications: - Using the latest version of Skype for Windows can be Full HD 1080p video calls (up to 1920 x 1080 pixels) * - using a supported client, can be 720p HD video calls (up to 1280 x 720 pixels) - the recommended system, Full HD video recording (up to 1920 x 1080 pixels) ** - H.264 video compression * - Dual integrated stereo microphone with automatic noise reduction function - lack of automatic correction light - universal fixing tripod can be connected to the clip, for laptops, LCD or CRT Windows version of the Logitech webcam software: - pan, tilt and zoom control - video shoot and photos - Face tracking - motion detection\",\"inLanguage\":\"pt-PT\",\"isPartOf\":{\"@id\":\"https:\\\/\\\/www.rucashk.com\\\/pt\\\/#website\"},\"breadcrumb\":{\"@id\":\"https:\\\/\\\/www.rucashk.com\\\/pt\\\/produto\\\/logitech-c270-hd-webcam\\\/#breadcrumblist\"},\"author\":{\"@id\":\"https:\\\/\\\/www.rucashk.com\\\/pt\\\/author\\\/admin\\\/#author\"},\"creator\":{\"@id\":\"https:\\\/\\\/www.rucashk.com\\\/pt\\\/author\\\/admin\\\/#author\"},\"image\":{\"@type\":\"ImageObject\",\"url\":\"https:\\\/\\\/www.rucashk.com\\\/wp-content\\\/uploads\\\/2024\\\/01\\\/9_\\u526f\\u672c.jpg\",\"@id\":\"https:\\\/\\\/www.rucashk.com\\\/pt\\\/produto\\\/logitech-c270-hd-webcam\\\/#mainImage\",\"width\":800,\"height\":800},\"primaryImageOfPage\":{\"@id\":\"https:\\\/\\\/www.rucashk.com\\\/pt\\\/produto\\\/logitech-c270-hd-webcam\\\/#mainImage\"},\"datePublished\":\"2024-01-09T15:53:05+00:00\",\"dateModified\":\"2024-03-13T07:04:32+00:00\"},{\"@type\":\"WebSite\",\"@id\":\"https:\\\/\\\/www.rucashk.com\\\/pt\\\/#website\",\"url\":\"https:\\\/\\\/www.rucashk.com\\\/pt\\\/\",\"name\":\"Rucas - Wholesale and distribution worldwide\",\"alternateName\":\"Rucas - One-stop AIoT Distribution Worldwide\",\"description\":\"One-stop AIoT Distribution Worldwide\",\"inLanguage\":\"pt-PT\",\"publisher\":{\"@id\":\"https:\\\/\\\/www.rucashk.com\\\/pt\\\/#organization\"}}]}\n\t\t<\/script>\n\t\t<!-- All in One SEO Pro -->\r\n\t\t<title>Logitech C270 HD Webcam - Rucas - Wholesale and Distribution<\/title>\n\n","aioseo_head_json":{"title":"Logitech C270 HD Webcam - Rucas - Wholesale and Distribution","description":"Specifications: - Using the latest version of Skype for Windows can be Full HD 1080p video calls (up to 1920 x 1080 pixels) * - using a supported client, can be 720p HD video calls (up to 1280 x 720 pixels) - the recommended system, Full HD video recording (up to 1920 x 1080 pixels) ** - H.264 video compression * - Dual integrated stereo microphone with automatic noise reduction function - lack of automatic correction light - universal fixing tripod can be connected to the clip, for laptops, LCD or CRT Windows version of the Logitech webcam software: - pan, tilt and zoom control - video shoot and photos - Face tracking - motion detection","canonical_url":"https:\/\/www.rucashk.com\/pt\/produto\/logitech-c270-hd-webcam\/","robots":"max-image-preview:large","keywords":"","webmasterTools":{"miscellaneous":""},"og:locale":"pt_PT","og:site_name":"Rucas - One-stop AIoT Distribution Worldwide","og:type":"article","og:title":"Logitech C270 HD Webcam - Rucas - Wholesale and Distribution","og:description":"Specifications: - Using the latest version of Skype for Windows can be Full HD 1080p video calls (up to 1920 x 1080 pixels) * - using a supported client, can be 720p HD video calls (up to 1280 x 720 pixels) - the recommended system, Full HD video recording (up to 1920 x 1080 pixels) ** - H.264 video compression * - Dual integrated stereo microphone with automatic noise reduction function - lack of automatic correction light - universal fixing tripod can be connected to the clip, for laptops, LCD or CRT Windows version of the Logitech webcam software: - pan, tilt and zoom control - video shoot and photos - Face tracking - motion detection","og:url":"https:\/\/www.rucashk.com\/pt\/produto\/logitech-c270-hd-webcam\/","og:image":"https:\/\/www.rucashk.com\/wp-content\/uploads\/replace\/503b8e645f128a97ccde2b6290747646.jpeg","og:image:secure_url":"https:\/\/www.rucashk.com\/wp-content\/uploads\/replace\/503b8e645f128a97ccde2b6290747646.jpeg","og:image:width":1456,"og:image:height":816,"article:published_time":"2024-01-09T15:53:05+00:00","article:modified_time":"2024-03-13T07:04:32+00:00","twitter:card":"summary_large_image","twitter:title":"Logitech C270 HD Webcam - Rucas - Wholesale and Distribution","twitter:description":"Specifications: - Using the latest version of Skype for Windows can be Full HD 1080p video calls (up to 1920 x 1080 pixels) * - using a supported client, can be 720p HD video calls (up to 1280 x 720 pixels) - the recommended system, Full HD video recording (up to 1920 x 1080 pixels) ** - H.264 video compression * - Dual integrated stereo microphone with automatic noise reduction function - lack of automatic correction light - universal fixing tripod can be connected to the clip, for laptops, LCD or CRT Windows version of the Logitech webcam software: - pan, tilt and zoom control - video shoot and photos - Face tracking - motion detection","twitter:image":"https:\/\/www.rucashk.com\/wp-content\/uploads\/replace\/503b8e645f128a97ccde2b6290747646.jpeg","schema":{"@context":"https:\/\/schema.org","@graph":[{"@type":"BreadcrumbList","@id":"https:\/\/www.rucashk.com\/pt\/produto\/logitech-c270-hd-webcam\/#breadcrumblist","itemListElement":[{"@type":"ListItem","@id":"https:\/\/www.rucashk.com\/pt\/#listItem","position":1,"name":"Home","item":"https:\/\/www.rucashk.com\/pt\/","nextItem":"https:\/\/www.rucashk.com\/pt\/produto\/logitech-c270-hd-webcam\/#listItem"},{"@type":"ListItem","@id":"https:\/\/www.rucashk.com\/pt\/produto\/logitech-c270-hd-webcam\/#listItem","position":2,"name":"Logitech C270 HD Webcam","previousItem":"https:\/\/www.rucashk.com\/pt\/#listItem"}]},{"@type":"Organization","@id":"https:\/\/www.rucashk.com\/pt\/#organization","name":"Rucas","url":"https:\/\/www.rucashk.com\/pt\/","logo":{"@type":"ImageObject","url":"https:\/\/www.rucashk.com\/wp-content\/uploads\/2023\/12\/Rucas_campany_logo.png","@id":"https:\/\/www.rucashk.com\/pt\/produto\/logitech-c270-hd-webcam\/#organizationLogo","width":221,"height":65},"image":{"@id":"https:\/\/www.rucashk.com\/pt\/#organizationLogo"}},{"@type":"Person","@id":"https:\/\/www.rucashk.com\/pt\/author\/admin\/#author","url":"https:\/\/www.rucashk.com\/pt\/author\/admin\/","name":"admin","image":{"@type":"ImageObject","@id":"https:\/\/www.rucashk.com\/pt\/produto\/logitech-c270-hd-webcam\/#authorImage","url":"https:\/\/secure.gravatar.com\/avatar\/b7c8925b09a27e72b30232f8ecaadbd5af0f70a38c78096863fe51b64f031c24?s=96&d=mm&r=g","width":96,"height":96,"caption":"admin"}},{"@type":"WebPage","@id":"https:\/\/www.rucashk.com\/pt\/produto\/logitech-c270-hd-webcam\/#webpage","url":"https:\/\/www.rucashk.com\/pt\/produto\/logitech-c270-hd-webcam\/","name":"Logitech C270 HD Webcam - Rucas - Wholesale and Distribution","description":"Specifications: - Using the latest version of Skype for Windows can be Full HD 1080p video calls (up to 1920 x 1080 pixels) * - using a supported client, can be 720p HD video calls (up to 1280 x 720 pixels) - the recommended system, Full HD video recording (up to 1920 x 1080 pixels) ** - H.264 video compression * - Dual integrated stereo microphone with automatic noise reduction function - lack of automatic correction light - universal fixing tripod can be connected to the clip, for laptops, LCD or CRT Windows version of the Logitech webcam software: - pan, tilt and zoom control - video shoot and photos - Face tracking - motion detection","inLanguage":"pt-PT","isPartOf":{"@id":"https:\/\/www.rucashk.com\/pt\/#website"},"breadcrumb":{"@id":"https:\/\/www.rucashk.com\/pt\/produto\/logitech-c270-hd-webcam\/#breadcrumblist"},"author":{"@id":"https:\/\/www.rucashk.com\/pt\/author\/admin\/#author"},"creator":{"@id":"https:\/\/www.rucashk.com\/pt\/author\/admin\/#author"},"image":{"@type":"ImageObject","url":"https:\/\/www.rucashk.com\/wp-content\/uploads\/2024\/01\/9_\u526f\u672c.jpg","@id":"https:\/\/www.rucashk.com\/pt\/produto\/logitech-c270-hd-webcam\/#mainImage","width":800,"height":800},"primaryImageOfPage":{"@id":"https:\/\/www.rucashk.com\/pt\/produto\/logitech-c270-hd-webcam\/#mainImage"},"datePublished":"2024-01-09T15:53:05+00:00","dateModified":"2024-03-13T07:04:32+00:00"},{"@type":"WebSite","@id":"https:\/\/www.rucashk.com\/pt\/#website","url":"https:\/\/www.rucashk.com\/pt\/","name":"Rucas - Wholesale and distribution worldwide","alternateName":"Rucas - One-stop AIoT Distribution Worldwide","description":"One-stop AIoT Distribution Worldwide","inLanguage":"pt-PT","publisher":{"@id":"https:\/\/www.rucashk.com\/pt\/#organization"}}]}},"aioseo_meta_data":{"post_id":"23280","title":null,"description":null,"keywords":null,"keyphrases":null,"primary_term":null,"canonical_url":null,"og_title":null,"og_description":null,"og_object_type":"default","og_image_type":"default","og_image_url":null,"og_image_width":null,"og_image_height":null,"og_image_custom_url":null,"og_image_custom_fields":null,"og_video":null,"og_custom_url":null,"og_article_section":null,"og_article_tags":null,"twitter_use_og":false,"twitter_card":"default","twitter_image_type":"default","twitter_image_url":null,"twitter_image_custom_url":null,"twitter_image_custom_fields":null,"twitter_title":null,"twitter_description":null,"schema":{"blockGraphs":[],"customGraphs":[],"default":{"data":{"Article":[],"Course":[],"Dataset":[],"FAQPage":[],"Movie":[],"Person":[],"Product":[],"Recipe":[],"Service":[],"SoftwareApplication":[],"WebPage":[]},"graphName":"","isEnabled":true},"graphs":[]},"schema_type":"default","schema_type_options":null,"pillar_content":false,"robots_default":true,"robots_noindex":false,"robots_noarchive":false,"robots_nosnippet":false,"robots_nofollow":false,"robots_noimageindex":false,"robots_noodp":false,"robots_notranslate":false,"robots_max_snippet":null,"robots_max_videopreview":null,"robots_max_imagepreview":"large","priority":null,"frequency":null,"local_seo":null,"breadcrumb_settings":null,"limit_modified_date":false,"created":"2024-04-11 01:55:28","updated":"2025-06-22 17:04:21"},"aioseo_breadcrumb":"<div class=\"aioseo-breadcrumbs\"><span class=\"aioseo-breadcrumb\">\n\t<a href=\"https:\/\/www.rucashk.com\/pt\" title=\"Home\">Home<\/a>\n<\/span><span class=\"aioseo-breadcrumb-separator\">&raquo;<\/span><span class=\"aioseo-breadcrumb\">\n\t<a href=\"https:\/\/www.rucashk.com\/pt\/products\/\" title=\"Produtos\">Produtos<\/a>\n<\/span><span class=\"aioseo-breadcrumb-separator\">&raquo;<\/span><span class=\"aioseo-breadcrumb\">\n\t<a href=\"https:\/\/www.rucashk.com\/pt\/categoria-produto\/other-a-brands\/\" title=\"Other A-Brands\">Other A-Brands<\/a>\n<\/span><span class=\"aioseo-breadcrumb-separator\">&raquo;<\/span><span class=\"aioseo-breadcrumb\">\n\t<a href=\"https:\/\/www.rucashk.com\/pt\/categoria-produto\/other-a-brands\/logitech-other-a-brands\/\" title=\"Logitech\">Logitech<\/a>\n<\/span><span class=\"aioseo-breadcrumb-separator\">&raquo;<\/span><span class=\"aioseo-breadcrumb\">\n\tLogitech C270 HD Webcam\n<\/span><\/div>","aioseo_breadcrumb_json":[{"label":"Home","link":"https:\/\/www.rucashk.com\/pt"},{"label":"Produtos","link":"https:\/\/www.rucashk.com\/pt\/products\/"},{"label":"Other A-Brands","link":"https:\/\/www.rucashk.com\/pt\/categoria-produto\/other-a-brands\/"},{"label":"Logitech","link":"https:\/\/www.rucashk.com\/pt\/categoria-produto\/other-a-brands\/logitech-other-a-brands\/"},{"label":"Logitech C270 HD Webcam","link":"https:\/\/www.rucashk.com\/pt\/produto\/logitech-c270-hd-webcam\/"}],"_links":{"self":[{"href":"https:\/\/www.rucashk.com\/pt\/wp-json\/wp\/v2\/product\/23280","targetHints":{"allow":["GET"]}}],"collection":[{"href":"https:\/\/www.rucashk.com\/pt\/wp-json\/wp\/v2\/product"}],"about":[{"href":"https:\/\/www.rucashk.com\/pt\/wp-json\/wp\/v2\/types\/product"}],"wp:featuredmedia":[{"embeddable":true,"href":"https:\/\/www.rucashk.com\/pt\/wp-json\/wp\/v2\/media\/23361"}],"wp:attachment":[{"href":"https:\/\/www.rucashk.com\/pt\/wp-json\/wp\/v2\/media?parent=23280"}],"wp:term":[{"taxonomy":"product_brand","embeddable":true,"href":"https:\/\/www.rucashk.com\/pt\/wp-json\/wp\/v2\/product_brand?post=23280"},{"taxonomy":"product_cat","embeddable":true,"href":"https:\/\/www.rucashk.com\/pt\/wp-json\/wp\/v2\/product_cat?post=23280"},{"taxonomy":"product_tag","embeddable":true,"href":"https:\/\/www.rucashk.com\/pt\/wp-json\/wp\/v2\/product_tag?post=23280"}],"curies":[{"name":"wp","href":"https:\/\/api.w.org\/{rel}","templated":true}]}}