{"id":23275,"date":"2024-01-09T15:53:04","date_gmt":"2024-01-09T15:53:04","guid":{"rendered":"http:\/\/rucashk.com\/?post_type=product&#038;p=23275"},"modified":"2024-03-13T07:45:01","modified_gmt":"2024-03-13T07:45:01","slug":"xiaomi-2-port-usb-qc-3-0-36w-fast-charger","status":"publish","type":"product","link":"https:\/\/www.rucashk.com\/pt\/produto\/xiaomi-2-port-usb-qc-3-0-36w-fast-charger\/","title":{"rendered":"Carregador r\u00e1pido Xiaomi 2 portas USB QC 3.0 36W"},"content":{"rendered":"<h2 style=\"text-align: center\"><img alt=\"Xiaomi 2 Port USB QC 3.0 36W Fast Charger\" class=\"aligncenter\" \/><img alt=\"Xiaomi 2 Port USB QC 3.0 36W Fast Charger\" class=\"aligncenter\" \/><img alt=\"Xiaomi 2 Port USB QC 3.0 36W Fast Charger\" class=\"aligncenter\" \/><img alt=\"Xiaomi 2 Port USB QC 3.0 36W Fast Charger\" class=\"aligncenter\" \/><img alt=\"Xiaomi 2 Port USB QC 3.0 36W Fast Charger\" class=\"aligncenter\" \/><img alt=\"Xiaomi 2 Port USB QC 3.0 36W Fast Charger\" class=\"aligncenter\" \/><img alt=\"Xiaomi 2 Port USB QC 3.0 36W Fast Charger\" class=\"aligncenter\" \/><img alt=\"Xiaomi 2 Port USB QC 3.0 36W Fast Charger\" class=\"aligncenter\" \/>Xiaomi 2 portas USB QC 3.0 36W <a href=\"https:\/\/www.rucashk.com\/pt\/produto\/xiaomi-usb-60w-fast-charger\/\" class=\"\" style=\"width: auto !important\" data-wpil-post-to-id=\"13729\">Carregador r\u00e1pido<\/a><img fetchpriority=\"high\" decoding=\"async\" class=\"aligncenter wp-image-16441 size-full\" src=\"\/wp-content\/uploads\/replace\/3f831b87cfe20d68c30ece3210298582.jpeg\" alt=\"Xiaomi 2 Port USB QC 3.0 36W Fast Charger\" width=\"950\" height=\"1615\" \/><img decoding=\"async\" class=\"aligncenter wp-image-16442 size-full\" src=\"\/wp-content\/uploads\/replace\/c38aa6f38a5c6fa3681632356550c2fe.jpeg\" alt=\"Xiaomi 2 Port USB QC 3.0 36W Fast Charger\" width=\"950\" height=\"1425\" \/><img decoding=\"async\" class=\"aligncenter wp-image-16443 size-full\" src=\"\/wp-content\/uploads\/replace\/0880a3ca083ee0f15b019872dcef9f31.jpeg\" alt=\"Xiaomi 2 Port USB QC 3.0 36W Fast Charger\" width=\"950\" height=\"1185\" \/><img loading=\"lazy\" decoding=\"async\" class=\"aligncenter wp-image-16444 size-full\" src=\"\/wp-content\/uploads\/replace\/824e6e496a0f1dc40725b91046a21421.jpeg\" alt=\"Xiaomi 2 Port USB QC 3.0 36W Fast Charger\" width=\"950\" height=\"1182\" \/><img loading=\"lazy\" decoding=\"async\" class=\"aligncenter wp-image-16445 size-full\" src=\"\/wp-content\/uploads\/replace\/1f16b7334f1ee104e7702d7b49c6c186.jpeg\" alt=\"Xiaomi 2 Port USB QC 3.0 36W Fast Charger\" width=\"950\" height=\"1114\" \/><img loading=\"lazy\" decoding=\"async\" class=\"aligncenter wp-image-16446 size-full\" src=\"\/wp-content\/uploads\/replace\/3d34b6e1c29cdaa6bb2c960ab9729868.jpeg\" alt=\"Xiaomi 2 Port USB QC 3.0 36W Fast Charger\" width=\"950\" height=\"1200\" \/><img loading=\"lazy\" decoding=\"async\" class=\"aligncenter wp-image-16447 size-full\" src=\"\/wp-content\/uploads\/replace\/7dade5a325a3e337dd2f1c8eb4e5c4bf.jpeg\" alt=\"Xiaomi 2 Port USB QC 3.0 36W Fast Charger\" width=\"950\" height=\"1087\" \/><img loading=\"lazy\" decoding=\"async\" class=\"aligncenter wp-image-16448 size-full\" src=\"\/wp-content\/uploads\/replace\/91ec51db4b49007401b9b64988358c2a.jpeg\" alt=\"Xiaomi 2 Port USB QC 3.0 36W Fast Charger\" width=\"950\" height=\"950\" \/><img loading=\"lazy\" decoding=\"async\" class=\"aligncenter wp-image-16449 size-full\" src=\"\/wp-content\/uploads\/replace\/75e59c469b3a3e954461da5aafb140fa.jpeg\" alt=\"Xiaomi 2 Port USB QC 3.0 36W Fast Charger\" width=\"950\" height=\"950\" \/><\/h2>\n<p><span class=\"src\" data-group=\"2-0\">Recursos de seguran\u00e7a: O chip integrado de alta precis\u00e3o garante que cada porta funcione dentro de uma corrente segura e evita efetivamente sobretens\u00e3o, sobrecorrente, curto-circuito, etc.<\/span><br \/>\n<span class=\"src\" data-group=\"3-0\">Design dur\u00e1vel: O inv\u00f3lucro texturizado robusto e os componentes internos premium garantem um desempenho perfeito e resistem a arranh\u00f5es, batidas ou quedas.<\/span><br \/>\n<span class=\"src\" data-group=\"4-0\">Pronto para viagem: Supercompacto, com plugue dobr\u00e1vel para maior portabilidade. <\/span><span class=\"src\" data-group=\"4-1\">O tamanho compacto e a compatibilidade universal (100-240 V) tornam este carregador port\u00e1til de controle de qualidade um companheiro ideal para viagens ou diariamente.<\/span><\/p>","protected":false},"excerpt":{"rendered":"<p data-section=\"0\"><strong>Notas:<\/strong><\/p>\n<p class=\"tgt\" data-section=\"0\"><span class=\"tgt\" data-section=\"0\" data-sentence=\"0\" data-group=\"0-0\">1. Oferecemos o produto mais barato, portanto, depois que o pacote sai da China, n\u00e3o h\u00e1 informa\u00e7\u00f5es log\u00edsticas. <\/span><span class=\"tgt\" data-section=\"0\" data-sentence=\"1\" data-group=\"0-1\">Voc\u00ea pode receber o pacote em circunst\u00e2ncias normais. <\/span><span class=\"tgt\" data-section=\"0\" data-sentence=\"2\" data-group=\"0-2\">Se voc\u00ea n\u00e3o recebeu um pacote protegido por tempo, entre em contato conosco, processaremos uma substitui\u00e7\u00e3o ou reembolso para voc\u00ea, obrigado.<\/span><\/p>\n<p class=\"tgt\" data-section=\"1\"><span class=\"tgt\" data-section=\"1\" data-sentence=\"0\" data-group=\"1-0\">If you need full tracking, please select &#8220;AliExpress Standard Shipping&#8221;<\/span><\/p>\n<p class=\"tgt\" data-section=\"2\"><span class=\"tgt\" data-section=\"2\" data-sentence=\"0\" data-group=\"2-0\">E adicione dinheiro para acompanhar.<\/span><\/p>\n<p class=\"tgt\" data-section=\"3\"><span class=\"tgt\" data-section=\"3\" data-sentence=\"0\" data-group=\"3-0\">2. If your confirmation time is approaching but you still haven&#8217;t received the item, please contact us,<\/span><\/p>\n<p class=\"tgt\" data-section=\"4\"><span class=\"tgt\" data-section=\"4\" data-sentence=\"0\" data-group=\"4-0\">We&#8217;ll extend the delivery date for the first time.<\/span><\/p>\n<p class=\"tgt\" data-section=\"5\"><span class=\"tgt\" data-section=\"5\" data-sentence=\"0\" data-group=\"5-0\">Amigo russo, por favor preste aten\u00e7\u00e3o!<\/span><\/p>\n<p class=\"tgt\" data-section=\"6\"><span class=\"tgt\" data-section=\"6\" data-sentence=\"0\" data-group=\"6-0\">Please fill the recipient&#8217;s full name in the order in accordance with the new russian customs policy,<\/span><\/p>\n<p class=\"tgt\" data-section=\"7\"><span class=\"tgt\" data-section=\"7\" data-sentence=\"0\" data-group=\"7-0\">Otherwise you probably won&#8217;t get the parcel finall<\/span><\/p>","protected":false},"featured_media":23346,"template":"","meta":[],"product_brand":[],"product_cat":[1318,1305],"product_tag":[848],"class_list":{"0":"post-23275","1":"product","2":"type-product","3":"status-publish","4":"has-post-thumbnail","6":"product_cat-gadgets","7":"product_cat-xiaomi-eco","8":"product_tag-xiaomi-2-port-usb-qc-3-0-36w-fast-charger","10":"first","11":"instock","12":"shipping-taxable","13":"product-type-external"},"aioseo_notices":[],"aioseo_head":"\n\t\t<!-- All in One SEO Pro 4.5.9.2 - aioseo.com -->\n\t\t<meta name=\"description\" content=\"Notes: 1. We offer you the cheapest product, so after the parcel leaves China, there is no logistical information. You can receive the package under normal circumstances. If you have not received a time-protected parcel, please contact us, we will process a replacement or refund for you, thank you. If you need full tracking, please select &quot;AliExpress Standard Shipping&quot; And add money to keep track. 2. If your confirmation time is approaching but you still haven&#039;t received the item, please contact us, We&#039;ll extend the delivery date for the first time. Russian friend, please pay attention! Please fill the recipient&#039;s full name in the order in accordance with the new russian customs policy, Otherwise you probably won&#039;t get the parcel finall\" \/>\n\t\t<meta name=\"robots\" content=\"max-image-preview:large\" \/>\n\t\t<link rel=\"canonical\" href=\"https:\/\/www.rucashk.com\/pt\/produto\/xiaomi-2-port-usb-qc-3-0-36w-fast-charger\/\" \/>\n\t\t<meta name=\"generator\" content=\"All in One SEO Pro (AIOSEO) 4.5.9.2\" \/>\n\t\t<meta property=\"og:locale\" content=\"pt_PT\" \/>\n\t\t<meta property=\"og:site_name\" content=\"Rucas - One-stop AIoT Distribution Worldwide\" \/>\n\t\t<meta property=\"og:type\" content=\"article\" \/>\n\t\t<meta property=\"og:title\" content=\"Xiaomi 2 Port USB QC 3.0 36W Fast Charger - Rucas - Wholesale and Distribution\" \/>\n\t\t<meta property=\"og:description\" content=\"Notes: 1. We offer you the cheapest product, so after the parcel leaves China, there is no logistical information. You can receive the package under normal circumstances. If you have not received a time-protected parcel, please contact us, we will process a replacement or refund for you, thank you. If you need full tracking, please select &quot;AliExpress Standard Shipping&quot; And add money to keep track. 2. If your confirmation time is approaching but you still haven&#039;t received the item, please contact us, We&#039;ll extend the delivery date for the first time. Russian friend, please pay attention! Please fill the recipient&#039;s full name in the order in accordance with the new russian customs policy, Otherwise you probably won&#039;t get the parcel finall\" \/>\n\t\t<meta property=\"og:url\" content=\"https:\/\/www.rucashk.com\/pt\/produto\/xiaomi-2-port-usb-qc-3-0-36w-fast-charger\/\" \/>\n\t\t<meta property=\"og:image\" content=\"https:\/\/www.rucashk.com\/wp-content\/uploads\/replace\/503b8e645f128a97ccde2b6290747646.jpeg\" \/>\n\t\t<meta property=\"og:image:secure_url\" content=\"https:\/\/www.rucashk.com\/wp-content\/uploads\/replace\/503b8e645f128a97ccde2b6290747646.jpeg\" \/>\n\t\t<meta property=\"og:image:width\" content=\"1456\" \/>\n\t\t<meta property=\"og:image:height\" content=\"816\" \/>\n\t\t<meta property=\"article:published_time\" content=\"2024-01-09T15:53:04+00:00\" \/>\n\t\t<meta property=\"article:modified_time\" content=\"2024-03-13T07:45:01+00:00\" \/>\n\t\t<meta name=\"twitter:card\" content=\"summary_large_image\" \/>\n\t\t<meta name=\"twitter:title\" content=\"Xiaomi 2 Port USB QC 3.0 36W Fast Charger - Rucas - Wholesale and Distribution\" \/>\n\t\t<meta name=\"twitter:description\" content=\"Notes: 1. We offer you the cheapest product, so after the parcel leaves China, there is no logistical information. You can receive the package under normal circumstances. If you have not received a time-protected parcel, please contact us, we will process a replacement or refund for you, thank you. If you need full tracking, please select &quot;AliExpress Standard Shipping&quot; And add money to keep track. 2. If your confirmation time is approaching but you still haven&#039;t received the item, please contact us, We&#039;ll extend the delivery date for the first time. Russian friend, please pay attention! Please fill the recipient&#039;s full name in the order in accordance with the new russian customs policy, Otherwise you probably won&#039;t get the parcel finall\" \/>\n\t\t<meta name=\"twitter:image\" content=\"https:\/\/www.rucashk.com\/wp-content\/uploads\/replace\/503b8e645f128a97ccde2b6290747646.jpeg\" \/>\n\t\t<script type=\"application\/ld+json\" class=\"aioseo-schema\">\n\t\t\t{\"@context\":\"https:\\\/\\\/schema.org\",\"@graph\":[{\"@type\":\"BreadcrumbList\",\"@id\":\"https:\\\/\\\/www.rucashk.com\\\/pt\\\/produto\\\/xiaomi-2-port-usb-qc-3-0-36w-fast-charger\\\/#breadcrumblist\",\"itemListElement\":[{\"@type\":\"ListItem\",\"@id\":\"https:\\\/\\\/www.rucashk.com\\\/pt\\\/#listItem\",\"position\":1,\"name\":\"Home\",\"item\":\"https:\\\/\\\/www.rucashk.com\\\/pt\\\/\",\"nextItem\":\"https:\\\/\\\/www.rucashk.com\\\/pt\\\/produto\\\/xiaomi-2-port-usb-qc-3-0-36w-fast-charger\\\/#listItem\"},{\"@type\":\"ListItem\",\"@id\":\"https:\\\/\\\/www.rucashk.com\\\/pt\\\/produto\\\/xiaomi-2-port-usb-qc-3-0-36w-fast-charger\\\/#listItem\",\"position\":2,\"name\":\"Xiaomi 2 Port USB QC 3.0 36W Fast Charger\",\"previousItem\":\"https:\\\/\\\/www.rucashk.com\\\/pt\\\/#listItem\"}]},{\"@type\":\"Organization\",\"@id\":\"https:\\\/\\\/www.rucashk.com\\\/pt\\\/#organization\",\"name\":\"Rucas\",\"url\":\"https:\\\/\\\/www.rucashk.com\\\/pt\\\/\",\"logo\":{\"@type\":\"ImageObject\",\"url\":\"https:\\\/\\\/www.rucashk.com\\\/wp-content\\\/uploads\\\/2023\\\/12\\\/Rucas_campany_logo.png\",\"@id\":\"https:\\\/\\\/www.rucashk.com\\\/pt\\\/produto\\\/xiaomi-2-port-usb-qc-3-0-36w-fast-charger\\\/#organizationLogo\",\"width\":221,\"height\":65},\"image\":{\"@id\":\"https:\\\/\\\/www.rucashk.com\\\/pt\\\/#organizationLogo\"}},{\"@type\":\"Person\",\"@id\":\"https:\\\/\\\/www.rucashk.com\\\/pt\\\/author\\\/admin\\\/#author\",\"url\":\"https:\\\/\\\/www.rucashk.com\\\/pt\\\/author\\\/admin\\\/\",\"name\":\"admin\",\"image\":{\"@type\":\"ImageObject\",\"@id\":\"https:\\\/\\\/www.rucashk.com\\\/pt\\\/produto\\\/xiaomi-2-port-usb-qc-3-0-36w-fast-charger\\\/#authorImage\",\"url\":\"https:\\\/\\\/secure.gravatar.com\\\/avatar\\\/b7c8925b09a27e72b30232f8ecaadbd5af0f70a38c78096863fe51b64f031c24?s=96&d=mm&r=g\",\"width\":96,\"height\":96,\"caption\":\"admin\"}},{\"@type\":\"WebPage\",\"@id\":\"https:\\\/\\\/www.rucashk.com\\\/pt\\\/produto\\\/xiaomi-2-port-usb-qc-3-0-36w-fast-charger\\\/#webpage\",\"url\":\"https:\\\/\\\/www.rucashk.com\\\/pt\\\/produto\\\/xiaomi-2-port-usb-qc-3-0-36w-fast-charger\\\/\",\"name\":\"Xiaomi 2 Port USB QC 3.0 36W Fast Charger - Rucas - Wholesale and Distribution\",\"description\":\"Notes: 1. We offer you the cheapest product, so after the parcel leaves China, there is no logistical information. You can receive the package under normal circumstances. If you have not received a time-protected parcel, please contact us, we will process a replacement or refund for you, thank you. If you need full tracking, please select \\\"AliExpress Standard Shipping\\\" And add money to keep track. 2. If your confirmation time is approaching but you still haven't received the item, please contact us, We'll extend the delivery date for the first time. Russian friend, please pay attention! Please fill the recipient's full name in the order in accordance with the new russian customs policy, Otherwise you probably won't get the parcel finall\",\"inLanguage\":\"pt-PT\",\"isPartOf\":{\"@id\":\"https:\\\/\\\/www.rucashk.com\\\/pt\\\/#website\"},\"breadcrumb\":{\"@id\":\"https:\\\/\\\/www.rucashk.com\\\/pt\\\/produto\\\/xiaomi-2-port-usb-qc-3-0-36w-fast-charger\\\/#breadcrumblist\"},\"author\":{\"@id\":\"https:\\\/\\\/www.rucashk.com\\\/pt\\\/author\\\/admin\\\/#author\"},\"creator\":{\"@id\":\"https:\\\/\\\/www.rucashk.com\\\/pt\\\/author\\\/admin\\\/#author\"},\"image\":{\"@type\":\"ImageObject\",\"url\":\"https:\\\/\\\/www.rucashk.com\\\/wp-content\\\/uploads\\\/2024\\\/01\\\/4-8.jpg\",\"@id\":\"https:\\\/\\\/www.rucashk.com\\\/pt\\\/produto\\\/xiaomi-2-port-usb-qc-3-0-36w-fast-charger\\\/#mainImage\",\"width\":800,\"height\":800},\"primaryImageOfPage\":{\"@id\":\"https:\\\/\\\/www.rucashk.com\\\/pt\\\/produto\\\/xiaomi-2-port-usb-qc-3-0-36w-fast-charger\\\/#mainImage\"},\"datePublished\":\"2024-01-09T15:53:04+00:00\",\"dateModified\":\"2024-03-13T07:45:01+00:00\"},{\"@type\":\"WebSite\",\"@id\":\"https:\\\/\\\/www.rucashk.com\\\/pt\\\/#website\",\"url\":\"https:\\\/\\\/www.rucashk.com\\\/pt\\\/\",\"name\":\"Rucas - Wholesale and distribution worldwide\",\"alternateName\":\"Rucas - One-stop AIoT Distribution Worldwide\",\"description\":\"One-stop AIoT Distribution Worldwide\",\"inLanguage\":\"pt-PT\",\"publisher\":{\"@id\":\"https:\\\/\\\/www.rucashk.com\\\/pt\\\/#organization\"}}]}\n\t\t<\/script>\n\t\t<!-- All in One SEO Pro -->\r\n\t\t<title>Xiaomi 2 Port USB QC 3.0 36W Fast Charger - Rucas - Wholesale and Distribution<\/title>\n\n","aioseo_head_json":{"title":"Xiaomi 2 Port USB QC 3.0 36W Fast Charger - Rucas - Wholesale and Distribution","description":"Notes: 1. We offer you the cheapest product, so after the parcel leaves China, there is no logistical information. You can receive the package under normal circumstances. If you have not received a time-protected parcel, please contact us, we will process a replacement or refund for you, thank you. If you need full tracking, please select \"AliExpress Standard Shipping\" And add money to keep track. 2. If your confirmation time is approaching but you still haven't received the item, please contact us, We'll extend the delivery date for the first time. Russian friend, please pay attention! Please fill the recipient's full name in the order in accordance with the new russian customs policy, Otherwise you probably won't get the parcel finall","canonical_url":"https:\/\/www.rucashk.com\/pt\/produto\/xiaomi-2-port-usb-qc-3-0-36w-fast-charger\/","robots":"max-image-preview:large","keywords":"","webmasterTools":{"miscellaneous":""},"og:locale":"pt_PT","og:site_name":"Rucas - One-stop AIoT Distribution Worldwide","og:type":"article","og:title":"Xiaomi 2 Port USB QC 3.0 36W Fast Charger - Rucas - Wholesale and Distribution","og:description":"Notes: 1. We offer you the cheapest product, so after the parcel leaves China, there is no logistical information. You can receive the package under normal circumstances. If you have not received a time-protected parcel, please contact us, we will process a replacement or refund for you, thank you. If you need full tracking, please select &quot;AliExpress Standard Shipping&quot; And add money to keep track. 2. If your confirmation time is approaching but you still haven't received the item, please contact us, We'll extend the delivery date for the first time. Russian friend, please pay attention! Please fill the recipient's full name in the order in accordance with the new russian customs policy, Otherwise you probably won't get the parcel finall","og:url":"https:\/\/www.rucashk.com\/pt\/produto\/xiaomi-2-port-usb-qc-3-0-36w-fast-charger\/","og:image":"https:\/\/www.rucashk.com\/wp-content\/uploads\/replace\/503b8e645f128a97ccde2b6290747646.jpeg","og:image:secure_url":"https:\/\/www.rucashk.com\/wp-content\/uploads\/replace\/503b8e645f128a97ccde2b6290747646.jpeg","og:image:width":1456,"og:image:height":816,"article:published_time":"2024-01-09T15:53:04+00:00","article:modified_time":"2024-03-13T07:45:01+00:00","twitter:card":"summary_large_image","twitter:title":"Xiaomi 2 Port USB QC 3.0 36W Fast Charger - Rucas - Wholesale and Distribution","twitter:description":"Notes: 1. We offer you the cheapest product, so after the parcel leaves China, there is no logistical information. You can receive the package under normal circumstances. If you have not received a time-protected parcel, please contact us, we will process a replacement or refund for you, thank you. If you need full tracking, please select &quot;AliExpress Standard Shipping&quot; And add money to keep track. 2. If your confirmation time is approaching but you still haven't received the item, please contact us, We'll extend the delivery date for the first time. Russian friend, please pay attention! Please fill the recipient's full name in the order in accordance with the new russian customs policy, Otherwise you probably won't get the parcel finall","twitter:image":"https:\/\/www.rucashk.com\/wp-content\/uploads\/replace\/503b8e645f128a97ccde2b6290747646.jpeg","schema":{"@context":"https:\/\/schema.org","@graph":[{"@type":"BreadcrumbList","@id":"https:\/\/www.rucashk.com\/pt\/produto\/xiaomi-2-port-usb-qc-3-0-36w-fast-charger\/#breadcrumblist","itemListElement":[{"@type":"ListItem","@id":"https:\/\/www.rucashk.com\/pt\/#listItem","position":1,"name":"Home","item":"https:\/\/www.rucashk.com\/pt\/","nextItem":"https:\/\/www.rucashk.com\/pt\/produto\/xiaomi-2-port-usb-qc-3-0-36w-fast-charger\/#listItem"},{"@type":"ListItem","@id":"https:\/\/www.rucashk.com\/pt\/produto\/xiaomi-2-port-usb-qc-3-0-36w-fast-charger\/#listItem","position":2,"name":"Xiaomi 2 Port USB QC 3.0 36W Fast Charger","previousItem":"https:\/\/www.rucashk.com\/pt\/#listItem"}]},{"@type":"Organization","@id":"https:\/\/www.rucashk.com\/pt\/#organization","name":"Rucas","url":"https:\/\/www.rucashk.com\/pt\/","logo":{"@type":"ImageObject","url":"https:\/\/www.rucashk.com\/wp-content\/uploads\/2023\/12\/Rucas_campany_logo.png","@id":"https:\/\/www.rucashk.com\/pt\/produto\/xiaomi-2-port-usb-qc-3-0-36w-fast-charger\/#organizationLogo","width":221,"height":65},"image":{"@id":"https:\/\/www.rucashk.com\/pt\/#organizationLogo"}},{"@type":"Person","@id":"https:\/\/www.rucashk.com\/pt\/author\/admin\/#author","url":"https:\/\/www.rucashk.com\/pt\/author\/admin\/","name":"admin","image":{"@type":"ImageObject","@id":"https:\/\/www.rucashk.com\/pt\/produto\/xiaomi-2-port-usb-qc-3-0-36w-fast-charger\/#authorImage","url":"https:\/\/secure.gravatar.com\/avatar\/b7c8925b09a27e72b30232f8ecaadbd5af0f70a38c78096863fe51b64f031c24?s=96&d=mm&r=g","width":96,"height":96,"caption":"admin"}},{"@type":"WebPage","@id":"https:\/\/www.rucashk.com\/pt\/produto\/xiaomi-2-port-usb-qc-3-0-36w-fast-charger\/#webpage","url":"https:\/\/www.rucashk.com\/pt\/produto\/xiaomi-2-port-usb-qc-3-0-36w-fast-charger\/","name":"Xiaomi 2 Port USB QC 3.0 36W Fast Charger - Rucas - Wholesale and Distribution","description":"Notes: 1. We offer you the cheapest product, so after the parcel leaves China, there is no logistical information. You can receive the package under normal circumstances. If you have not received a time-protected parcel, please contact us, we will process a replacement or refund for you, thank you. If you need full tracking, please select \"AliExpress Standard Shipping\" And add money to keep track. 2. If your confirmation time is approaching but you still haven't received the item, please contact us, We'll extend the delivery date for the first time. Russian friend, please pay attention! Please fill the recipient's full name in the order in accordance with the new russian customs policy, Otherwise you probably won't get the parcel finall","inLanguage":"pt-PT","isPartOf":{"@id":"https:\/\/www.rucashk.com\/pt\/#website"},"breadcrumb":{"@id":"https:\/\/www.rucashk.com\/pt\/produto\/xiaomi-2-port-usb-qc-3-0-36w-fast-charger\/#breadcrumblist"},"author":{"@id":"https:\/\/www.rucashk.com\/pt\/author\/admin\/#author"},"creator":{"@id":"https:\/\/www.rucashk.com\/pt\/author\/admin\/#author"},"image":{"@type":"ImageObject","url":"https:\/\/www.rucashk.com\/wp-content\/uploads\/2024\/01\/4-8.jpg","@id":"https:\/\/www.rucashk.com\/pt\/produto\/xiaomi-2-port-usb-qc-3-0-36w-fast-charger\/#mainImage","width":800,"height":800},"primaryImageOfPage":{"@id":"https:\/\/www.rucashk.com\/pt\/produto\/xiaomi-2-port-usb-qc-3-0-36w-fast-charger\/#mainImage"},"datePublished":"2024-01-09T15:53:04+00:00","dateModified":"2024-03-13T07:45:01+00:00"},{"@type":"WebSite","@id":"https:\/\/www.rucashk.com\/pt\/#website","url":"https:\/\/www.rucashk.com\/pt\/","name":"Rucas - Wholesale and distribution worldwide","alternateName":"Rucas - One-stop AIoT Distribution Worldwide","description":"One-stop AIoT Distribution Worldwide","inLanguage":"pt-PT","publisher":{"@id":"https:\/\/www.rucashk.com\/pt\/#organization"}}]}},"aioseo_meta_data":{"post_id":"23275","title":null,"description":null,"keywords":null,"keyphrases":null,"primary_term":null,"canonical_url":null,"og_title":null,"og_description":null,"og_object_type":"default","og_image_type":"default","og_image_url":null,"og_image_width":null,"og_image_height":null,"og_image_custom_url":null,"og_image_custom_fields":null,"og_video":null,"og_custom_url":null,"og_article_section":null,"og_article_tags":null,"twitter_use_og":false,"twitter_card":"default","twitter_image_type":"default","twitter_image_url":null,"twitter_image_custom_url":null,"twitter_image_custom_fields":null,"twitter_title":null,"twitter_description":null,"schema":{"blockGraphs":[],"customGraphs":[],"default":{"data":{"Article":[],"Course":[],"Dataset":[],"FAQPage":[],"Movie":[],"Person":[],"Product":[],"Recipe":[],"Service":[],"SoftwareApplication":[],"WebPage":[]},"graphName":"","isEnabled":true},"graphs":[]},"schema_type":"default","schema_type_options":null,"pillar_content":false,"robots_default":true,"robots_noindex":false,"robots_noarchive":false,"robots_nosnippet":false,"robots_nofollow":false,"robots_noimageindex":false,"robots_noodp":false,"robots_notranslate":false,"robots_max_snippet":null,"robots_max_videopreview":null,"robots_max_imagepreview":"large","priority":null,"frequency":null,"local_seo":null,"breadcrumb_settings":null,"limit_modified_date":false,"created":"2024-04-11 01:55:28","updated":"2025-06-22 17:03:02"},"aioseo_breadcrumb":"<div class=\"aioseo-breadcrumbs\"><span class=\"aioseo-breadcrumb\">\n\t<a href=\"https:\/\/www.rucashk.com\/pt\" title=\"Home\">Home<\/a>\n<\/span><span class=\"aioseo-breadcrumb-separator\">&raquo;<\/span><span class=\"aioseo-breadcrumb\">\n\t<a href=\"https:\/\/www.rucashk.com\/pt\/products\/\" title=\"Produtos\">Produtos<\/a>\n<\/span><span class=\"aioseo-breadcrumb-separator\">&raquo;<\/span><span class=\"aioseo-breadcrumb\">\n\t<a href=\"https:\/\/www.rucashk.com\/pt\/categoria-produto\/xiaomi-eco\/\" title=\"Xiaomi Eco\">Xiaomi Eco<\/a>\n<\/span><span class=\"aioseo-breadcrumb-separator\">&raquo;<\/span><span class=\"aioseo-breadcrumb\">\n\t<a href=\"https:\/\/www.rucashk.com\/pt\/categoria-produto\/xiaomi-eco\/gadgets\/\" title=\"Gadgets\">Gadgets<\/a>\n<\/span><span class=\"aioseo-breadcrumb-separator\">&raquo;<\/span><span class=\"aioseo-breadcrumb\">\n\tXiaomi 2 Port USB QC 3.0 36W Fast Charger\n<\/span><\/div>","aioseo_breadcrumb_json":[{"label":"Home","link":"https:\/\/www.rucashk.com\/pt"},{"label":"Produtos","link":"https:\/\/www.rucashk.com\/pt\/products\/"},{"label":"Xiaomi Eco","link":"https:\/\/www.rucashk.com\/pt\/categoria-produto\/xiaomi-eco\/"},{"label":"Gadgets","link":"https:\/\/www.rucashk.com\/pt\/categoria-produto\/xiaomi-eco\/gadgets\/"},{"label":"Xiaomi 2 Port USB QC 3.0 36W Fast Charger","link":"https:\/\/www.rucashk.com\/pt\/produto\/xiaomi-2-port-usb-qc-3-0-36w-fast-charger\/"}],"_links":{"self":[{"href":"https:\/\/www.rucashk.com\/pt\/wp-json\/wp\/v2\/product\/23275","targetHints":{"allow":["GET"]}}],"collection":[{"href":"https:\/\/www.rucashk.com\/pt\/wp-json\/wp\/v2\/product"}],"about":[{"href":"https:\/\/www.rucashk.com\/pt\/wp-json\/wp\/v2\/types\/product"}],"wp:featuredmedia":[{"embeddable":true,"href":"https:\/\/www.rucashk.com\/pt\/wp-json\/wp\/v2\/media\/23346"}],"wp:attachment":[{"href":"https:\/\/www.rucashk.com\/pt\/wp-json\/wp\/v2\/media?parent=23275"}],"wp:term":[{"taxonomy":"product_brand","embeddable":true,"href":"https:\/\/www.rucashk.com\/pt\/wp-json\/wp\/v2\/product_brand?post=23275"},{"taxonomy":"product_cat","embeddable":true,"href":"https:\/\/www.rucashk.com\/pt\/wp-json\/wp\/v2\/product_cat?post=23275"},{"taxonomy":"product_tag","embeddable":true,"href":"https:\/\/www.rucashk.com\/pt\/wp-json\/wp\/v2\/product_tag?post=23275"}],"curies":[{"name":"wp","href":"https:\/\/api.w.org\/{rel}","templated":true}]}}