{"id":23274,"date":"2024-01-09T15:53:04","date_gmt":"2024-01-09T15:53:04","guid":{"rendered":"http:\/\/rucashk.com\/?post_type=product&#038;p=23274"},"modified":"2024-03-13T07:44:42","modified_gmt":"2024-03-13T07:44:42","slug":"xiaomi-laser-projector-mini","status":"publish","type":"product","link":"https:\/\/www.rucashk.com\/pt\/produto\/xiaomi-laser-projector-mini\/","title":{"rendered":"Projetor Laser Xiaomi Mini"},"content":{"rendered":"<h2 style=\"text-align: center\">Projetor Laser Xiaomi Mini<\/h2>\n<p><img fetchpriority=\"high\" decoding=\"async\" class=\"aligncenter\" src=\"\/wp-content\/uploads\/replace\/52a58577323eea7ee03e7cd95b9d1b14.jpeg\" alt=\"Xiaomi\u00a0Laser Projector Mini\" width=\"944\" height=\"1335\" \/><img decoding=\"async\" class=\"aligncenter\" src=\"\/wp-content\/uploads\/replace\/dda9fd593381b131d453999ce6a8754c.jpeg\" alt=\"Xiaomi\u00a0Laser Projector Mini\" width=\"944\" height=\"1848\" \/><img decoding=\"async\" class=\"aligncenter\" src=\"\/wp-content\/uploads\/replace\/522c9d10b635f5234048e0baf64d7178.jpeg\" alt=\"Xiaomi\u00a0Laser Projector Mini\" width=\"944\" height=\"1832\" \/><img loading=\"lazy\" decoding=\"async\" class=\"aligncenter\" src=\"\/wp-content\/uploads\/replace\/226bda1b0280716c0893862a9421816d.jpeg\" alt=\"Xiaomi\u00a0Laser Projector Mini\" width=\"944\" height=\"1718\" \/><\/p>\n<p><a class=\"\" style=\"width: auto !important\" href=\"https:\/\/www.rucashk.com\/pt\/produto\/mi-laser-projector-150\/\" data-wpil-post-to-id=\"16410\">Meu laser<\/a> Projetor150\u2033<br \/>\nDist\u00e2ncia de lan\u00e7amento ultracurta,<br \/>\na <a class=\"\" style=\"width: auto !important\" href=\"https:\/\/www.rucashk.com\/pt\/xiaomi-full-screen-tv-pro65-inch-evaluation-tv-is-big-and-thin-massive-resources-are-exhausted\/\" data-wpil-post-to-id=\"7045\">tela enorme<\/a> para sua casa<br \/>\nDist\u00e2ncia de proje\u00e7\u00e3o ultracurta, mont\u00e1vel na parede<br \/>\nEnorme \u00e1rea de proje\u00e7\u00e3o de 150\u201d<br \/>\nTecnologia de fonte de luz laser ALPD 3.0<br \/>\nAlta precis\u00e3o de cores e brilho. Contraste nativo de 3000:1<br \/>\nObtenha conte\u00fado como faria com o Mi TV*<\/p>","protected":false},"excerpt":{"rendered":"<p><strong>Principais caracter\u00edsticas:<\/strong><br \/>\n\u25cf 4K picture, TI DLP digital light processing technology<br \/>\n\u25cf 150 inch super-large screen, large projection size<br \/>\n\u25cf Ultra short-focus, 0.23 : 1 throw ratio, free wiring<br \/>\n\u25cf Diffuse reflection imaging reduces visual fatigue and makes<br \/>\nviewing more healthy<br \/>\n\u25cf The picture is vivid, 3000 : 1 contrast<br \/>\n\u25cf High-fidelity audio, dual full-frequency + dual high frequency, DTS<br \/>\ncertification<br \/>\n\u25cf Eight-point correction, more accurate picture adjustmentBasic<br \/>\nInformation<\/p>","protected":false},"featured_media":23342,"template":"","meta":[],"product_brand":[],"product_cat":[1313,1305],"product_tag":[847],"class_list":{"0":"post-23274","1":"product","2":"type-product","3":"status-publish","4":"has-post-thumbnail","6":"product_cat-projector","7":"product_cat-xiaomi-eco","8":"product_tag-xiaomi-laser-projector-mini","10":"first","11":"instock","12":"shipping-taxable","13":"product-type-external"},"aioseo_notices":[],"aioseo_head":"\n\t\t<!-- All in One SEO Pro 4.5.9.2 - aioseo.com -->\n\t\t<meta name=\"description\" content=\"Main Features: \u25cf 4K picture, TI DLP digital light processing technology \u25cf 150 inch super-large screen, large projection size \u25cf Ultra short-focus, 0.23 : 1 throw ratio, free wiring \u25cf Diffuse reflection imaging reduces visual fatigue and makes viewing more healthy \u25cf The picture is vivid, 3000 : 1 contrast \u25cf High-fidelity audio, dual full-frequency + dual high frequency, DTS certification \u25cf Eight-point correction, more accurate picture adjustmentBasic Information\" \/>\n\t\t<meta name=\"robots\" content=\"max-image-preview:large\" \/>\n\t\t<link rel=\"canonical\" href=\"https:\/\/www.rucashk.com\/pt\/produto\/xiaomi-laser-projector-mini\/\" \/>\n\t\t<meta name=\"generator\" content=\"All in One SEO Pro (AIOSEO) 4.5.9.2\" \/>\n\t\t<meta property=\"og:locale\" content=\"pt_PT\" \/>\n\t\t<meta property=\"og:site_name\" content=\"Rucas - One-stop AIoT Distribution Worldwide\" \/>\n\t\t<meta property=\"og:type\" content=\"article\" \/>\n\t\t<meta property=\"og:title\" content=\"Xiaomi Laser Projector Mini - Rucas - Wholesale and Distribution\" \/>\n\t\t<meta property=\"og:description\" content=\"Main Features: \u25cf 4K picture, TI DLP digital light processing technology \u25cf 150 inch super-large screen, large projection size \u25cf Ultra short-focus, 0.23 : 1 throw ratio, free wiring \u25cf Diffuse reflection imaging reduces visual fatigue and makes viewing more healthy \u25cf The picture is vivid, 3000 : 1 contrast \u25cf High-fidelity audio, dual full-frequency + dual high frequency, DTS certification \u25cf Eight-point correction, more accurate picture adjustmentBasic Information\" \/>\n\t\t<meta property=\"og:url\" content=\"https:\/\/www.rucashk.com\/pt\/produto\/xiaomi-laser-projector-mini\/\" \/>\n\t\t<meta property=\"og:image\" content=\"https:\/\/www.rucashk.com\/wp-content\/uploads\/replace\/503b8e645f128a97ccde2b6290747646.jpeg\" \/>\n\t\t<meta property=\"og:image:secure_url\" content=\"https:\/\/www.rucashk.com\/wp-content\/uploads\/replace\/503b8e645f128a97ccde2b6290747646.jpeg\" \/>\n\t\t<meta property=\"og:image:width\" content=\"1456\" \/>\n\t\t<meta property=\"og:image:height\" content=\"816\" \/>\n\t\t<meta property=\"article:published_time\" content=\"2024-01-09T15:53:04+00:00\" \/>\n\t\t<meta property=\"article:modified_time\" content=\"2024-03-13T07:44:42+00:00\" \/>\n\t\t<meta name=\"twitter:card\" content=\"summary_large_image\" \/>\n\t\t<meta name=\"twitter:title\" content=\"Xiaomi Laser Projector Mini - Rucas - Wholesale and Distribution\" \/>\n\t\t<meta name=\"twitter:description\" content=\"Main Features: \u25cf 4K picture, TI DLP digital light processing technology \u25cf 150 inch super-large screen, large projection size \u25cf Ultra short-focus, 0.23 : 1 throw ratio, free wiring \u25cf Diffuse reflection imaging reduces visual fatigue and makes viewing more healthy \u25cf The picture is vivid, 3000 : 1 contrast \u25cf High-fidelity audio, dual full-frequency + dual high frequency, DTS certification \u25cf Eight-point correction, more accurate picture adjustmentBasic Information\" \/>\n\t\t<meta name=\"twitter:image\" content=\"https:\/\/www.rucashk.com\/wp-content\/uploads\/replace\/503b8e645f128a97ccde2b6290747646.jpeg\" \/>\n\t\t<script type=\"application\/ld+json\" class=\"aioseo-schema\">\n\t\t\t{\"@context\":\"https:\\\/\\\/schema.org\",\"@graph\":[{\"@type\":\"BreadcrumbList\",\"@id\":\"https:\\\/\\\/www.rucashk.com\\\/pt\\\/produto\\\/xiaomi-laser-projector-mini\\\/#breadcrumblist\",\"itemListElement\":[{\"@type\":\"ListItem\",\"@id\":\"https:\\\/\\\/www.rucashk.com\\\/pt\\\/#listItem\",\"position\":1,\"name\":\"Home\",\"item\":\"https:\\\/\\\/www.rucashk.com\\\/pt\\\/\",\"nextItem\":\"https:\\\/\\\/www.rucashk.com\\\/pt\\\/produto\\\/xiaomi-laser-projector-mini\\\/#listItem\"},{\"@type\":\"ListItem\",\"@id\":\"https:\\\/\\\/www.rucashk.com\\\/pt\\\/produto\\\/xiaomi-laser-projector-mini\\\/#listItem\",\"position\":2,\"name\":\"Xiaomi\\u00a0Laser Projector Mini\",\"previousItem\":\"https:\\\/\\\/www.rucashk.com\\\/pt\\\/#listItem\"}]},{\"@type\":\"Organization\",\"@id\":\"https:\\\/\\\/www.rucashk.com\\\/pt\\\/#organization\",\"name\":\"Rucas\",\"url\":\"https:\\\/\\\/www.rucashk.com\\\/pt\\\/\",\"logo\":{\"@type\":\"ImageObject\",\"url\":\"https:\\\/\\\/www.rucashk.com\\\/wp-content\\\/uploads\\\/2023\\\/12\\\/Rucas_campany_logo.png\",\"@id\":\"https:\\\/\\\/www.rucashk.com\\\/pt\\\/produto\\\/xiaomi-laser-projector-mini\\\/#organizationLogo\",\"width\":221,\"height\":65},\"image\":{\"@id\":\"https:\\\/\\\/www.rucashk.com\\\/pt\\\/#organizationLogo\"}},{\"@type\":\"Person\",\"@id\":\"https:\\\/\\\/www.rucashk.com\\\/pt\\\/author\\\/admin\\\/#author\",\"url\":\"https:\\\/\\\/www.rucashk.com\\\/pt\\\/author\\\/admin\\\/\",\"name\":\"admin\",\"image\":{\"@type\":\"ImageObject\",\"@id\":\"https:\\\/\\\/www.rucashk.com\\\/pt\\\/produto\\\/xiaomi-laser-projector-mini\\\/#authorImage\",\"url\":\"https:\\\/\\\/secure.gravatar.com\\\/avatar\\\/b7c8925b09a27e72b30232f8ecaadbd5af0f70a38c78096863fe51b64f031c24?s=96&d=mm&r=g\",\"width\":96,\"height\":96,\"caption\":\"admin\"}},{\"@type\":\"WebPage\",\"@id\":\"https:\\\/\\\/www.rucashk.com\\\/pt\\\/produto\\\/xiaomi-laser-projector-mini\\\/#webpage\",\"url\":\"https:\\\/\\\/www.rucashk.com\\\/pt\\\/produto\\\/xiaomi-laser-projector-mini\\\/\",\"name\":\"Xiaomi Laser Projector Mini - Rucas - Wholesale and Distribution\",\"description\":\"Main Features: \\u25cf 4K picture, TI DLP digital light processing technology \\u25cf 150 inch super-large screen, large projection size \\u25cf Ultra short-focus, 0.23 : 1 throw ratio, free wiring \\u25cf Diffuse reflection imaging reduces visual fatigue and makes viewing more healthy \\u25cf The picture is vivid, 3000 : 1 contrast \\u25cf High-fidelity audio, dual full-frequency + dual high frequency, DTS certification \\u25cf Eight-point correction, more accurate picture adjustmentBasic Information\",\"inLanguage\":\"pt-PT\",\"isPartOf\":{\"@id\":\"https:\\\/\\\/www.rucashk.com\\\/pt\\\/#website\"},\"breadcrumb\":{\"@id\":\"https:\\\/\\\/www.rucashk.com\\\/pt\\\/produto\\\/xiaomi-laser-projector-mini\\\/#breadcrumblist\"},\"author\":{\"@id\":\"https:\\\/\\\/www.rucashk.com\\\/pt\\\/author\\\/admin\\\/#author\"},\"creator\":{\"@id\":\"https:\\\/\\\/www.rucashk.com\\\/pt\\\/author\\\/admin\\\/#author\"},\"image\":{\"@type\":\"ImageObject\",\"url\":\"https:\\\/\\\/www.rucashk.com\\\/wp-content\\\/uploads\\\/2024\\\/01\\\/3_\\u526f\\u672c-16.jpg\",\"@id\":\"https:\\\/\\\/www.rucashk.com\\\/pt\\\/produto\\\/xiaomi-laser-projector-mini\\\/#mainImage\",\"width\":800,\"height\":800},\"primaryImageOfPage\":{\"@id\":\"https:\\\/\\\/www.rucashk.com\\\/pt\\\/produto\\\/xiaomi-laser-projector-mini\\\/#mainImage\"},\"datePublished\":\"2024-01-09T15:53:04+00:00\",\"dateModified\":\"2024-03-13T07:44:42+00:00\"},{\"@type\":\"WebSite\",\"@id\":\"https:\\\/\\\/www.rucashk.com\\\/pt\\\/#website\",\"url\":\"https:\\\/\\\/www.rucashk.com\\\/pt\\\/\",\"name\":\"Rucas - Wholesale and distribution worldwide\",\"alternateName\":\"Rucas - One-stop AIoT Distribution Worldwide\",\"description\":\"One-stop AIoT Distribution Worldwide\",\"inLanguage\":\"pt-PT\",\"publisher\":{\"@id\":\"https:\\\/\\\/www.rucashk.com\\\/pt\\\/#organization\"}}]}\n\t\t<\/script>\n\t\t<!-- All in One SEO Pro -->\r\n\t\t<title>Xiaomi Laser Projector Mini - Rucas - Wholesale and Distribution<\/title>\n\n","aioseo_head_json":{"title":"Xiaomi Laser Projector Mini - Rucas - Wholesale and Distribution","description":"Main Features: \u25cf 4K picture, TI DLP digital light processing technology \u25cf 150 inch super-large screen, large projection size \u25cf Ultra short-focus, 0.23 : 1 throw ratio, free wiring \u25cf Diffuse reflection imaging reduces visual fatigue and makes viewing more healthy \u25cf The picture is vivid, 3000 : 1 contrast \u25cf High-fidelity audio, dual full-frequency + dual high frequency, DTS certification \u25cf Eight-point correction, more accurate picture adjustmentBasic Information","canonical_url":"https:\/\/www.rucashk.com\/pt\/produto\/xiaomi-laser-projector-mini\/","robots":"max-image-preview:large","keywords":"","webmasterTools":{"miscellaneous":""},"og:locale":"pt_PT","og:site_name":"Rucas - One-stop AIoT Distribution Worldwide","og:type":"article","og:title":"Xiaomi Laser Projector Mini - Rucas - Wholesale and Distribution","og:description":"Main Features: \u25cf 4K picture, TI DLP digital light processing technology \u25cf 150 inch super-large screen, large projection size \u25cf Ultra short-focus, 0.23 : 1 throw ratio, free wiring \u25cf Diffuse reflection imaging reduces visual fatigue and makes viewing more healthy \u25cf The picture is vivid, 3000 : 1 contrast \u25cf High-fidelity audio, dual full-frequency + dual high frequency, DTS certification \u25cf Eight-point correction, more accurate picture adjustmentBasic Information","og:url":"https:\/\/www.rucashk.com\/pt\/produto\/xiaomi-laser-projector-mini\/","og:image":"https:\/\/www.rucashk.com\/wp-content\/uploads\/replace\/503b8e645f128a97ccde2b6290747646.jpeg","og:image:secure_url":"https:\/\/www.rucashk.com\/wp-content\/uploads\/replace\/503b8e645f128a97ccde2b6290747646.jpeg","og:image:width":1456,"og:image:height":816,"article:published_time":"2024-01-09T15:53:04+00:00","article:modified_time":"2024-03-13T07:44:42+00:00","twitter:card":"summary_large_image","twitter:title":"Xiaomi Laser Projector Mini - Rucas - Wholesale and Distribution","twitter:description":"Main Features: \u25cf 4K picture, TI DLP digital light processing technology \u25cf 150 inch super-large screen, large projection size \u25cf Ultra short-focus, 0.23 : 1 throw ratio, free wiring \u25cf Diffuse reflection imaging reduces visual fatigue and makes viewing more healthy \u25cf The picture is vivid, 3000 : 1 contrast \u25cf High-fidelity audio, dual full-frequency + dual high frequency, DTS certification \u25cf Eight-point correction, more accurate picture adjustmentBasic Information","twitter:image":"https:\/\/www.rucashk.com\/wp-content\/uploads\/replace\/503b8e645f128a97ccde2b6290747646.jpeg","schema":{"@context":"https:\/\/schema.org","@graph":[{"@type":"BreadcrumbList","@id":"https:\/\/www.rucashk.com\/pt\/produto\/xiaomi-laser-projector-mini\/#breadcrumblist","itemListElement":[{"@type":"ListItem","@id":"https:\/\/www.rucashk.com\/pt\/#listItem","position":1,"name":"Home","item":"https:\/\/www.rucashk.com\/pt\/","nextItem":"https:\/\/www.rucashk.com\/pt\/produto\/xiaomi-laser-projector-mini\/#listItem"},{"@type":"ListItem","@id":"https:\/\/www.rucashk.com\/pt\/produto\/xiaomi-laser-projector-mini\/#listItem","position":2,"name":"Xiaomi\u00a0Laser Projector Mini","previousItem":"https:\/\/www.rucashk.com\/pt\/#listItem"}]},{"@type":"Organization","@id":"https:\/\/www.rucashk.com\/pt\/#organization","name":"Rucas","url":"https:\/\/www.rucashk.com\/pt\/","logo":{"@type":"ImageObject","url":"https:\/\/www.rucashk.com\/wp-content\/uploads\/2023\/12\/Rucas_campany_logo.png","@id":"https:\/\/www.rucashk.com\/pt\/produto\/xiaomi-laser-projector-mini\/#organizationLogo","width":221,"height":65},"image":{"@id":"https:\/\/www.rucashk.com\/pt\/#organizationLogo"}},{"@type":"Person","@id":"https:\/\/www.rucashk.com\/pt\/author\/admin\/#author","url":"https:\/\/www.rucashk.com\/pt\/author\/admin\/","name":"admin","image":{"@type":"ImageObject","@id":"https:\/\/www.rucashk.com\/pt\/produto\/xiaomi-laser-projector-mini\/#authorImage","url":"https:\/\/secure.gravatar.com\/avatar\/b7c8925b09a27e72b30232f8ecaadbd5af0f70a38c78096863fe51b64f031c24?s=96&d=mm&r=g","width":96,"height":96,"caption":"admin"}},{"@type":"WebPage","@id":"https:\/\/www.rucashk.com\/pt\/produto\/xiaomi-laser-projector-mini\/#webpage","url":"https:\/\/www.rucashk.com\/pt\/produto\/xiaomi-laser-projector-mini\/","name":"Xiaomi Laser Projector Mini - Rucas - Wholesale and Distribution","description":"Main Features: \u25cf 4K picture, TI DLP digital light processing technology \u25cf 150 inch super-large screen, large projection size \u25cf Ultra short-focus, 0.23 : 1 throw ratio, free wiring \u25cf Diffuse reflection imaging reduces visual fatigue and makes viewing more healthy \u25cf The picture is vivid, 3000 : 1 contrast \u25cf High-fidelity audio, dual full-frequency + dual high frequency, DTS certification \u25cf Eight-point correction, more accurate picture adjustmentBasic Information","inLanguage":"pt-PT","isPartOf":{"@id":"https:\/\/www.rucashk.com\/pt\/#website"},"breadcrumb":{"@id":"https:\/\/www.rucashk.com\/pt\/produto\/xiaomi-laser-projector-mini\/#breadcrumblist"},"author":{"@id":"https:\/\/www.rucashk.com\/pt\/author\/admin\/#author"},"creator":{"@id":"https:\/\/www.rucashk.com\/pt\/author\/admin\/#author"},"image":{"@type":"ImageObject","url":"https:\/\/www.rucashk.com\/wp-content\/uploads\/2024\/01\/3_\u526f\u672c-16.jpg","@id":"https:\/\/www.rucashk.com\/pt\/produto\/xiaomi-laser-projector-mini\/#mainImage","width":800,"height":800},"primaryImageOfPage":{"@id":"https:\/\/www.rucashk.com\/pt\/produto\/xiaomi-laser-projector-mini\/#mainImage"},"datePublished":"2024-01-09T15:53:04+00:00","dateModified":"2024-03-13T07:44:42+00:00"},{"@type":"WebSite","@id":"https:\/\/www.rucashk.com\/pt\/#website","url":"https:\/\/www.rucashk.com\/pt\/","name":"Rucas - Wholesale and distribution worldwide","alternateName":"Rucas - One-stop AIoT Distribution Worldwide","description":"One-stop AIoT Distribution Worldwide","inLanguage":"pt-PT","publisher":{"@id":"https:\/\/www.rucashk.com\/pt\/#organization"}}]}},"aioseo_meta_data":{"post_id":"23274","title":null,"description":null,"keywords":null,"keyphrases":null,"primary_term":null,"canonical_url":null,"og_title":null,"og_description":null,"og_object_type":"default","og_image_type":"default","og_image_url":null,"og_image_width":null,"og_image_height":null,"og_image_custom_url":null,"og_image_custom_fields":null,"og_video":null,"og_custom_url":null,"og_article_section":null,"og_article_tags":null,"twitter_use_og":false,"twitter_card":"default","twitter_image_type":"default","twitter_image_url":null,"twitter_image_custom_url":null,"twitter_image_custom_fields":null,"twitter_title":null,"twitter_description":null,"schema":{"blockGraphs":[],"customGraphs":[],"default":{"data":{"Article":[],"Course":[],"Dataset":[],"FAQPage":[],"Movie":[],"Person":[],"Product":[],"Recipe":[],"Service":[],"SoftwareApplication":[],"WebPage":[]},"graphName":"","isEnabled":true},"graphs":[]},"schema_type":"default","schema_type_options":null,"pillar_content":false,"robots_default":true,"robots_noindex":false,"robots_noarchive":false,"robots_nosnippet":false,"robots_nofollow":false,"robots_noimageindex":false,"robots_noodp":false,"robots_notranslate":false,"robots_max_snippet":null,"robots_max_videopreview":null,"robots_max_imagepreview":"large","priority":null,"frequency":null,"local_seo":null,"breadcrumb_settings":null,"limit_modified_date":false,"created":"2024-04-11 01:55:28","updated":"2025-06-22 17:03:01"},"aioseo_breadcrumb":"<div class=\"aioseo-breadcrumbs\"><span class=\"aioseo-breadcrumb\">\n\t<a href=\"https:\/\/www.rucashk.com\/pt\" title=\"Home\">Home<\/a>\n<\/span><span class=\"aioseo-breadcrumb-separator\">&raquo;<\/span><span class=\"aioseo-breadcrumb\">\n\t<a href=\"https:\/\/www.rucashk.com\/pt\/products\/\" title=\"Produtos\">Produtos<\/a>\n<\/span><span class=\"aioseo-breadcrumb-separator\">&raquo;<\/span><span class=\"aioseo-breadcrumb\">\n\t<a href=\"https:\/\/www.rucashk.com\/pt\/categoria-produto\/xiaomi-eco\/\" title=\"Xiaomi Eco\">Xiaomi Eco<\/a>\n<\/span><span class=\"aioseo-breadcrumb-separator\">&raquo;<\/span><span class=\"aioseo-breadcrumb\">\n\t<a href=\"https:\/\/www.rucashk.com\/pt\/categoria-produto\/xiaomi-eco\/projector\/\" title=\"Projector\">Projector<\/a>\n<\/span><span class=\"aioseo-breadcrumb-separator\">&raquo;<\/span><span class=\"aioseo-breadcrumb\">\n\tXiaomi\u00a0Laser Projector Mini\n<\/span><\/div>","aioseo_breadcrumb_json":[{"label":"Home","link":"https:\/\/www.rucashk.com\/pt"},{"label":"Produtos","link":"https:\/\/www.rucashk.com\/pt\/products\/"},{"label":"Xiaomi Eco","link":"https:\/\/www.rucashk.com\/pt\/categoria-produto\/xiaomi-eco\/"},{"label":"Projector","link":"https:\/\/www.rucashk.com\/pt\/categoria-produto\/xiaomi-eco\/projector\/"},{"label":"Xiaomi\u00a0Laser Projector Mini","link":"https:\/\/www.rucashk.com\/pt\/produto\/xiaomi-laser-projector-mini\/"}],"_links":{"self":[{"href":"https:\/\/www.rucashk.com\/pt\/wp-json\/wp\/v2\/product\/23274","targetHints":{"allow":["GET"]}}],"collection":[{"href":"https:\/\/www.rucashk.com\/pt\/wp-json\/wp\/v2\/product"}],"about":[{"href":"https:\/\/www.rucashk.com\/pt\/wp-json\/wp\/v2\/types\/product"}],"wp:featuredmedia":[{"embeddable":true,"href":"https:\/\/www.rucashk.com\/pt\/wp-json\/wp\/v2\/media\/23342"}],"wp:attachment":[{"href":"https:\/\/www.rucashk.com\/pt\/wp-json\/wp\/v2\/media?parent=23274"}],"wp:term":[{"taxonomy":"product_brand","embeddable":true,"href":"https:\/\/www.rucashk.com\/pt\/wp-json\/wp\/v2\/product_brand?post=23274"},{"taxonomy":"product_cat","embeddable":true,"href":"https:\/\/www.rucashk.com\/pt\/wp-json\/wp\/v2\/product_cat?post=23274"},{"taxonomy":"product_tag","embeddable":true,"href":"https:\/\/www.rucashk.com\/pt\/wp-json\/wp\/v2\/product_tag?post=23274"}],"curies":[{"name":"wp","href":"https:\/\/api.w.org\/{rel}","templated":true}]}}