{"id":23270,"date":"2024-01-09T15:53:03","date_gmt":"2024-01-09T15:53:03","guid":{"rendered":"http:\/\/rucashk.com\/?post_type=product&#038;p=23270"},"modified":"2025-06-22T06:35:05","modified_gmt":"2025-06-22T06:35:05","slug":"qcy-j132-wireless-bluetooth-earphone","status":"publish","type":"product","link":"https:\/\/www.rucashk.com\/pt\/produto\/qcy-j132-wireless-bluetooth-earphone\/","title":{"rendered":"Fone de ouvido Bluetooth sem fio QCY J132"},"content":{"rendered":"<h2 style=\"text-align: center\">Fone de ouvido Bluetooth sem fio QCY J132<\/h2>\n<p><img fetchpriority=\"high\" decoding=\"async\" class=\"aligncenter wp-image-16315 size-full\" src=\"\/wp-content\/uploads\/replace\/282536bc2d36ccdd59d22f4c6e037071.png\" alt=\"QCY J132 Wireless Bluetooth Earphone\" width=\"790\" height=\"962\" \/><img decoding=\"async\" class=\"aligncenter wp-image-16316 size-full\" src=\"\/wp-content\/uploads\/replace\/5afb5ce48fbe26188bd39945839d617f.jpeg\" alt=\"QCY J132 Wireless Bluetooth Earphone\" width=\"600\" height=\"900\" \/><img decoding=\"async\" class=\"aligncenter wp-image-16317 size-full\" src=\"\/wp-content\/uploads\/replace\/9a514c13433d8122c0df1dfafea51419.png\" alt=\"QCY J132 Wireless Bluetooth Earphone\" width=\"859\" height=\"488\" \/><img loading=\"lazy\" decoding=\"async\" class=\"aligncenter wp-image-16318 size-full\" src=\"\/wp-content\/uploads\/replace\/c69d194c8f2bf6e2c34956a3a2517775.jpeg\" alt=\"QCY J132 Wireless Bluetooth Earphone\" width=\"772\" height=\"591\" \/><img loading=\"lazy\" decoding=\"async\" class=\"aligncenter wp-image-16319 size-full\" src=\"\/wp-content\/uploads\/replace\/1fd09ae2f178e7dfe153d03bc23746e2.jpeg\" alt=\"QCY J132 Wireless Bluetooth Earphone\" width=\"600\" height=\"559\" \/><img loading=\"lazy\" decoding=\"async\" class=\"aligncenter wp-image-16320 size-full\" src=\"\/wp-content\/uploads\/replace\/0d6ff5e968586f75f7b7ff0f1ac507a8.png\" alt=\"QCY J132 Wireless Bluetooth Earphone\" width=\"790\" height=\"594\" \/><img loading=\"lazy\" decoding=\"async\" class=\"aligncenter wp-image-16321 size-full\" src=\"\/wp-content\/uploads\/replace\/cb86d8ed2f1ae836e88b75bd9690fc61.png\" alt=\"QCY J132 Wireless Bluetooth Earphone\" width=\"790\" height=\"591\" \/><\/p>\n<p>Caracter\u00edsticas principais:<\/p>\n<p>Compat\u00edvel com Bluetooth 3.0 para quase todos os dispositivos habilitados para Bluetooth<br \/>\nSom est\u00e9reo, streaming de excelente qualidade de m\u00fasica e \u00e1udio<br \/>\nA funcionalidade multiponto conecta-se a 2 dispositivos Bluetooth simultaneamente<br \/>\nO cancelamento de ru\u00eddo da tecnologia CVC fornece som e voz cristalinos<br \/>\nChip bluetooth profissional CSR<br \/>\nO telefone exibe o n\u00edvel da bateria, permite que voc\u00ea saiba o n\u00edvel da bateria a qualquer momento<br \/>\nTipo universal, conectando todos os dispositivos bluetooth<br \/>\nFun\u00e7\u00f5es: Ouvir m\u00fasica, Atender\/Encerrar chamadas, Rejeitar chamadas, Rediscagem do \u00faltimo n\u00famero, Controles de volume<br \/>\nAdequado para todos os dispositivos habilitados para Bluetooth, como telefones celulares, PS3, PDA, Tablet PC e assim por diante.<\/p>\n<p>Especifica\u00e7\u00f5es<\/p>\n<p>Nome do Produto : <a href=\"https:\/\/www.rucashk.com\/pt\/produto\/qcy-j11\/\" class=\"\" style=\"width: auto !important\" data-wpil-post-to-id=\"14598\">QCY J132 Mini fone de ouvido Bluetooth com m\u00fasica est\u00e9reo<\/a><br \/>\nVers\u00e3o Bluetooth: V3.0<br \/>\nPerfis Bluetooth: Perfil m\u00e3os-livres (HFP) e perfil de fone de ouvido (HSP), perfil de distribui\u00e7\u00e3o de \u00e1udio avan\u00e7ado (A2DP), perfil de controle remoto de \u00e1udio\/v\u00eddeo (AVRCP)<br \/>\nFaixa de opera\u00e7\u00e3o: 10m<br \/>\nConector de carregamento: Carregador AC MicroUSB (EUA)<br \/>\nBateria: Bateria de pol\u00edmero de l\u00edtio recarreg\u00e1vel integrada<br \/>\nTempo de carregamento: Cerca de 2 horas<br \/>\nTempo de conversa\u00e7\u00e3o: At\u00e9 3-5 horas<br \/>\nTempo de espera: At\u00e9 110 horas<br \/>\nPeso: 7,1g<br \/>\nCor: Branco, Cinza<\/p>","protected":false},"excerpt":{"rendered":"<p><strong>Especifica\u00e7\u00e3o:<\/strong><br \/>\nBrand: QCY(Xiaomi ecological chain)<br \/>\nModel: J132<br \/>\nColor: Dark grey, White<br \/>\nWearing Type: In-ear<br \/>\nDimensions (cm\/ inch): 33*17*12mm<\/p>","protected":false},"featured_media":23317,"template":"","meta":[],"product_brand":[1417],"product_cat":[1311,1305],"product_tag":[843],"class_list":{"0":"post-23270","1":"product","2":"type-product","3":"status-publish","4":"has-post-thumbnail","6":"product_brand-qcy","7":"product_cat-qcy-earphone","8":"product_cat-xiaomi-eco","9":"product_tag-qcy-j132-wireless-bluetooth-earphone","11":"first","12":"instock","13":"shipping-taxable","14":"product-type-external"},"aioseo_notices":[],"aioseo_head":"\n\t\t<!-- All in One SEO Pro 4.5.9.2 - aioseo.com -->\n\t\t<meta name=\"description\" content=\"Specification: Brand: QCY(Xiaomi ecological chain) Model: J132 Color: Dark grey, White Wearing Type: In-ear Dimensions (cm\/ inch): 33*17*12mm\" \/>\n\t\t<meta name=\"robots\" content=\"max-image-preview:large\" \/>\n\t\t<link rel=\"canonical\" href=\"https:\/\/www.rucashk.com\/pt\/produto\/qcy-j132-wireless-bluetooth-earphone\/\" \/>\n\t\t<meta name=\"generator\" content=\"All in One SEO Pro (AIOSEO) 4.5.9.2\" \/>\n\t\t<meta property=\"og:locale\" content=\"pt_PT\" \/>\n\t\t<meta property=\"og:site_name\" content=\"Rucas - One-stop AIoT Distribution Worldwide\" \/>\n\t\t<meta property=\"og:type\" content=\"article\" \/>\n\t\t<meta property=\"og:title\" content=\"QCY J132 Wireless Bluetooth Earphone - Rucas - Wholesale and Distribution\" \/>\n\t\t<meta property=\"og:description\" content=\"Specification: Brand: QCY(Xiaomi ecological chain) Model: J132 Color: Dark grey, White Wearing Type: In-ear Dimensions (cm\/ inch): 33*17*12mm\" \/>\n\t\t<meta property=\"og:url\" content=\"https:\/\/www.rucashk.com\/pt\/produto\/qcy-j132-wireless-bluetooth-earphone\/\" \/>\n\t\t<meta property=\"og:image\" content=\"https:\/\/www.rucashk.com\/wp-content\/uploads\/replace\/503b8e645f128a97ccde2b6290747646.jpeg\" \/>\n\t\t<meta property=\"og:image:secure_url\" content=\"https:\/\/www.rucashk.com\/wp-content\/uploads\/replace\/503b8e645f128a97ccde2b6290747646.jpeg\" \/>\n\t\t<meta property=\"og:image:width\" content=\"1456\" \/>\n\t\t<meta property=\"og:image:height\" content=\"816\" \/>\n\t\t<meta property=\"article:published_time\" content=\"2024-01-09T15:53:03+00:00\" \/>\n\t\t<meta property=\"article:modified_time\" content=\"2025-06-22T06:35:05+00:00\" \/>\n\t\t<meta name=\"twitter:card\" content=\"summary_large_image\" \/>\n\t\t<meta name=\"twitter:title\" content=\"QCY J132 Wireless Bluetooth Earphone - Rucas - Wholesale and Distribution\" \/>\n\t\t<meta name=\"twitter:description\" content=\"Specification: Brand: QCY(Xiaomi ecological chain) Model: J132 Color: Dark grey, White Wearing Type: In-ear Dimensions (cm\/ inch): 33*17*12mm\" \/>\n\t\t<meta name=\"twitter:image\" content=\"https:\/\/www.rucashk.com\/wp-content\/uploads\/replace\/503b8e645f128a97ccde2b6290747646.jpeg\" \/>\n\t\t<script type=\"application\/ld+json\" class=\"aioseo-schema\">\n\t\t\t{\"@context\":\"https:\\\/\\\/schema.org\",\"@graph\":[{\"@type\":\"BreadcrumbList\",\"@id\":\"https:\\\/\\\/www.rucashk.com\\\/pt\\\/produto\\\/qcy-j132-wireless-bluetooth-earphone\\\/#breadcrumblist\",\"itemListElement\":[{\"@type\":\"ListItem\",\"@id\":\"https:\\\/\\\/www.rucashk.com\\\/pt\\\/#listItem\",\"position\":1,\"name\":\"Home\",\"item\":\"https:\\\/\\\/www.rucashk.com\\\/pt\\\/\",\"nextItem\":\"https:\\\/\\\/www.rucashk.com\\\/pt\\\/produto\\\/qcy-j132-wireless-bluetooth-earphone\\\/#listItem\"},{\"@type\":\"ListItem\",\"@id\":\"https:\\\/\\\/www.rucashk.com\\\/pt\\\/produto\\\/qcy-j132-wireless-bluetooth-earphone\\\/#listItem\",\"position\":2,\"name\":\"QCY J132 Wireless Bluetooth Earphone\",\"previousItem\":\"https:\\\/\\\/www.rucashk.com\\\/pt\\\/#listItem\"}]},{\"@type\":\"Organization\",\"@id\":\"https:\\\/\\\/www.rucashk.com\\\/pt\\\/#organization\",\"name\":\"Rucas\",\"url\":\"https:\\\/\\\/www.rucashk.com\\\/pt\\\/\",\"logo\":{\"@type\":\"ImageObject\",\"url\":\"https:\\\/\\\/www.rucashk.com\\\/wp-content\\\/uploads\\\/2023\\\/12\\\/Rucas_campany_logo.png\",\"@id\":\"https:\\\/\\\/www.rucashk.com\\\/pt\\\/produto\\\/qcy-j132-wireless-bluetooth-earphone\\\/#organizationLogo\",\"width\":221,\"height\":65},\"image\":{\"@id\":\"https:\\\/\\\/www.rucashk.com\\\/pt\\\/#organizationLogo\"}},{\"@type\":\"Person\",\"@id\":\"https:\\\/\\\/www.rucashk.com\\\/pt\\\/author\\\/admin\\\/#author\",\"url\":\"https:\\\/\\\/www.rucashk.com\\\/pt\\\/author\\\/admin\\\/\",\"name\":\"admin\",\"image\":{\"@type\":\"ImageObject\",\"@id\":\"https:\\\/\\\/www.rucashk.com\\\/pt\\\/produto\\\/qcy-j132-wireless-bluetooth-earphone\\\/#authorImage\",\"url\":\"https:\\\/\\\/secure.gravatar.com\\\/avatar\\\/b7c8925b09a27e72b30232f8ecaadbd5af0f70a38c78096863fe51b64f031c24?s=96&d=mm&r=g\",\"width\":96,\"height\":96,\"caption\":\"admin\"}},{\"@type\":\"WebPage\",\"@id\":\"https:\\\/\\\/www.rucashk.com\\\/pt\\\/produto\\\/qcy-j132-wireless-bluetooth-earphone\\\/#webpage\",\"url\":\"https:\\\/\\\/www.rucashk.com\\\/pt\\\/produto\\\/qcy-j132-wireless-bluetooth-earphone\\\/\",\"name\":\"QCY J132 Wireless Bluetooth Earphone - Rucas - Wholesale and Distribution\",\"description\":\"Specification: Brand: QCY(Xiaomi ecological chain) Model: J132 Color: Dark grey, White Wearing Type: In-ear Dimensions (cm\\\/ inch): 33*17*12mm\",\"inLanguage\":\"pt-PT\",\"isPartOf\":{\"@id\":\"https:\\\/\\\/www.rucashk.com\\\/pt\\\/#website\"},\"breadcrumb\":{\"@id\":\"https:\\\/\\\/www.rucashk.com\\\/pt\\\/produto\\\/qcy-j132-wireless-bluetooth-earphone\\\/#breadcrumblist\"},\"author\":{\"@id\":\"https:\\\/\\\/www.rucashk.com\\\/pt\\\/author\\\/admin\\\/#author\"},\"creator\":{\"@id\":\"https:\\\/\\\/www.rucashk.com\\\/pt\\\/author\\\/admin\\\/#author\"},\"image\":{\"@type\":\"ImageObject\",\"url\":\"https:\\\/\\\/www.rucashk.com\\\/wp-content\\\/uploads\\\/2024\\\/01\\\/1-15.jpg\",\"@id\":\"https:\\\/\\\/www.rucashk.com\\\/pt\\\/produto\\\/qcy-j132-wireless-bluetooth-earphone\\\/#mainImage\",\"width\":800,\"height\":800},\"primaryImageOfPage\":{\"@id\":\"https:\\\/\\\/www.rucashk.com\\\/pt\\\/produto\\\/qcy-j132-wireless-bluetooth-earphone\\\/#mainImage\"},\"datePublished\":\"2024-01-09T15:53:03+00:00\",\"dateModified\":\"2025-06-22T06:35:05+00:00\"},{\"@type\":\"WebSite\",\"@id\":\"https:\\\/\\\/www.rucashk.com\\\/pt\\\/#website\",\"url\":\"https:\\\/\\\/www.rucashk.com\\\/pt\\\/\",\"name\":\"Rucas - Wholesale and distribution worldwide\",\"alternateName\":\"Rucas - One-stop AIoT Distribution Worldwide\",\"description\":\"One-stop AIoT Distribution Worldwide\",\"inLanguage\":\"pt-PT\",\"publisher\":{\"@id\":\"https:\\\/\\\/www.rucashk.com\\\/pt\\\/#organization\"}}]}\n\t\t<\/script>\n\t\t<!-- All in One SEO Pro -->\r\n\t\t<title>QCY J132 Wireless Bluetooth Earphone - Rucas - Wholesale and Distribution<\/title>\n\n","aioseo_head_json":{"title":"QCY J132 Wireless Bluetooth Earphone - Rucas - Wholesale and Distribution","description":"Specification: Brand: QCY(Xiaomi ecological chain) Model: J132 Color: Dark grey, White Wearing Type: In-ear Dimensions (cm\/ inch): 33*17*12mm","canonical_url":"https:\/\/www.rucashk.com\/pt\/produto\/qcy-j132-wireless-bluetooth-earphone\/","robots":"max-image-preview:large","keywords":"","webmasterTools":{"miscellaneous":""},"og:locale":"pt_PT","og:site_name":"Rucas - One-stop AIoT Distribution Worldwide","og:type":"article","og:title":"QCY J132 Wireless Bluetooth Earphone - Rucas - Wholesale and Distribution","og:description":"Specification: Brand: QCY(Xiaomi ecological chain) Model: J132 Color: Dark grey, White Wearing Type: In-ear Dimensions (cm\/ inch): 33*17*12mm","og:url":"https:\/\/www.rucashk.com\/pt\/produto\/qcy-j132-wireless-bluetooth-earphone\/","og:image":"https:\/\/www.rucashk.com\/wp-content\/uploads\/replace\/503b8e645f128a97ccde2b6290747646.jpeg","og:image:secure_url":"https:\/\/www.rucashk.com\/wp-content\/uploads\/replace\/503b8e645f128a97ccde2b6290747646.jpeg","og:image:width":1456,"og:image:height":816,"article:published_time":"2024-01-09T15:53:03+00:00","article:modified_time":"2025-06-22T06:35:05+00:00","twitter:card":"summary_large_image","twitter:title":"QCY J132 Wireless Bluetooth Earphone - Rucas - Wholesale and Distribution","twitter:description":"Specification: Brand: QCY(Xiaomi ecological chain) Model: J132 Color: Dark grey, White Wearing Type: In-ear Dimensions (cm\/ inch): 33*17*12mm","twitter:image":"https:\/\/www.rucashk.com\/wp-content\/uploads\/replace\/503b8e645f128a97ccde2b6290747646.jpeg","schema":{"@context":"https:\/\/schema.org","@graph":[{"@type":"BreadcrumbList","@id":"https:\/\/www.rucashk.com\/pt\/produto\/qcy-j132-wireless-bluetooth-earphone\/#breadcrumblist","itemListElement":[{"@type":"ListItem","@id":"https:\/\/www.rucashk.com\/pt\/#listItem","position":1,"name":"Home","item":"https:\/\/www.rucashk.com\/pt\/","nextItem":"https:\/\/www.rucashk.com\/pt\/produto\/qcy-j132-wireless-bluetooth-earphone\/#listItem"},{"@type":"ListItem","@id":"https:\/\/www.rucashk.com\/pt\/produto\/qcy-j132-wireless-bluetooth-earphone\/#listItem","position":2,"name":"QCY J132 Wireless Bluetooth Earphone","previousItem":"https:\/\/www.rucashk.com\/pt\/#listItem"}]},{"@type":"Organization","@id":"https:\/\/www.rucashk.com\/pt\/#organization","name":"Rucas","url":"https:\/\/www.rucashk.com\/pt\/","logo":{"@type":"ImageObject","url":"https:\/\/www.rucashk.com\/wp-content\/uploads\/2023\/12\/Rucas_campany_logo.png","@id":"https:\/\/www.rucashk.com\/pt\/produto\/qcy-j132-wireless-bluetooth-earphone\/#organizationLogo","width":221,"height":65},"image":{"@id":"https:\/\/www.rucashk.com\/pt\/#organizationLogo"}},{"@type":"Person","@id":"https:\/\/www.rucashk.com\/pt\/author\/admin\/#author","url":"https:\/\/www.rucashk.com\/pt\/author\/admin\/","name":"admin","image":{"@type":"ImageObject","@id":"https:\/\/www.rucashk.com\/pt\/produto\/qcy-j132-wireless-bluetooth-earphone\/#authorImage","url":"https:\/\/secure.gravatar.com\/avatar\/b7c8925b09a27e72b30232f8ecaadbd5af0f70a38c78096863fe51b64f031c24?s=96&d=mm&r=g","width":96,"height":96,"caption":"admin"}},{"@type":"WebPage","@id":"https:\/\/www.rucashk.com\/pt\/produto\/qcy-j132-wireless-bluetooth-earphone\/#webpage","url":"https:\/\/www.rucashk.com\/pt\/produto\/qcy-j132-wireless-bluetooth-earphone\/","name":"QCY J132 Wireless Bluetooth Earphone - Rucas - Wholesale and Distribution","description":"Specification: Brand: QCY(Xiaomi ecological chain) Model: J132 Color: Dark grey, White Wearing Type: In-ear Dimensions (cm\/ inch): 33*17*12mm","inLanguage":"pt-PT","isPartOf":{"@id":"https:\/\/www.rucashk.com\/pt\/#website"},"breadcrumb":{"@id":"https:\/\/www.rucashk.com\/pt\/produto\/qcy-j132-wireless-bluetooth-earphone\/#breadcrumblist"},"author":{"@id":"https:\/\/www.rucashk.com\/pt\/author\/admin\/#author"},"creator":{"@id":"https:\/\/www.rucashk.com\/pt\/author\/admin\/#author"},"image":{"@type":"ImageObject","url":"https:\/\/www.rucashk.com\/wp-content\/uploads\/2024\/01\/1-15.jpg","@id":"https:\/\/www.rucashk.com\/pt\/produto\/qcy-j132-wireless-bluetooth-earphone\/#mainImage","width":800,"height":800},"primaryImageOfPage":{"@id":"https:\/\/www.rucashk.com\/pt\/produto\/qcy-j132-wireless-bluetooth-earphone\/#mainImage"},"datePublished":"2024-01-09T15:53:03+00:00","dateModified":"2025-06-22T06:35:05+00:00"},{"@type":"WebSite","@id":"https:\/\/www.rucashk.com\/pt\/#website","url":"https:\/\/www.rucashk.com\/pt\/","name":"Rucas - Wholesale and distribution worldwide","alternateName":"Rucas - One-stop AIoT Distribution Worldwide","description":"One-stop AIoT Distribution Worldwide","inLanguage":"pt-PT","publisher":{"@id":"https:\/\/www.rucashk.com\/pt\/#organization"}}]}},"aioseo_meta_data":{"post_id":"23270","title":null,"description":null,"keywords":null,"keyphrases":null,"primary_term":null,"canonical_url":null,"og_title":null,"og_description":null,"og_object_type":"default","og_image_type":"default","og_image_url":null,"og_image_width":null,"og_image_height":null,"og_image_custom_url":null,"og_image_custom_fields":null,"og_video":null,"og_custom_url":null,"og_article_section":null,"og_article_tags":null,"twitter_use_og":false,"twitter_card":"default","twitter_image_type":"default","twitter_image_url":null,"twitter_image_custom_url":null,"twitter_image_custom_fields":null,"twitter_title":null,"twitter_description":null,"schema":{"blockGraphs":[],"customGraphs":[],"default":{"data":{"Article":[],"Course":[],"Dataset":[],"FAQPage":[],"Movie":[],"Person":[],"Product":[],"Recipe":[],"Service":[],"SoftwareApplication":[],"WebPage":[]},"graphName":"","isEnabled":true},"graphs":[]},"schema_type":"default","schema_type_options":null,"pillar_content":false,"robots_default":true,"robots_noindex":false,"robots_noarchive":false,"robots_nosnippet":false,"robots_nofollow":false,"robots_noimageindex":false,"robots_noodp":false,"robots_notranslate":false,"robots_max_snippet":null,"robots_max_videopreview":null,"robots_max_imagepreview":"large","priority":null,"frequency":null,"local_seo":null,"breadcrumb_settings":null,"limit_modified_date":false,"created":"2024-04-11 01:55:28","updated":"2025-06-22 17:03:01"},"aioseo_breadcrumb":"<div class=\"aioseo-breadcrumbs\"><span class=\"aioseo-breadcrumb\">\n\t<a href=\"https:\/\/www.rucashk.com\/pt\" title=\"Home\">Home<\/a>\n<\/span><span class=\"aioseo-breadcrumb-separator\">&raquo;<\/span><span class=\"aioseo-breadcrumb\">\n\t<a href=\"https:\/\/www.rucashk.com\/pt\/products\/\" title=\"Produtos\">Produtos<\/a>\n<\/span><span class=\"aioseo-breadcrumb-separator\">&raquo;<\/span><span class=\"aioseo-breadcrumb\">\n\t<a href=\"https:\/\/www.rucashk.com\/pt\/marca\/qcy\/\" title=\"QCY\">QCY<\/a>\n<\/span><span class=\"aioseo-breadcrumb-separator\">&raquo;<\/span><span class=\"aioseo-breadcrumb\">\n\tQCY J132 Wireless Bluetooth Earphone\n<\/span><\/div>","aioseo_breadcrumb_json":[{"label":"Home","link":"https:\/\/www.rucashk.com\/pt"},{"label":"Produtos","link":"https:\/\/www.rucashk.com\/pt\/products\/"},{"label":"QCY","link":"https:\/\/www.rucashk.com\/pt\/marca\/qcy\/"},{"label":"QCY J132 Wireless Bluetooth Earphone","link":"https:\/\/www.rucashk.com\/pt\/produto\/qcy-j132-wireless-bluetooth-earphone\/"}],"_links":{"self":[{"href":"https:\/\/www.rucashk.com\/pt\/wp-json\/wp\/v2\/product\/23270","targetHints":{"allow":["GET"]}}],"collection":[{"href":"https:\/\/www.rucashk.com\/pt\/wp-json\/wp\/v2\/product"}],"about":[{"href":"https:\/\/www.rucashk.com\/pt\/wp-json\/wp\/v2\/types\/product"}],"wp:featuredmedia":[{"embeddable":true,"href":"https:\/\/www.rucashk.com\/pt\/wp-json\/wp\/v2\/media\/23317"}],"wp:attachment":[{"href":"https:\/\/www.rucashk.com\/pt\/wp-json\/wp\/v2\/media?parent=23270"}],"wp:term":[{"taxonomy":"product_brand","embeddable":true,"href":"https:\/\/www.rucashk.com\/pt\/wp-json\/wp\/v2\/product_brand?post=23270"},{"taxonomy":"product_cat","embeddable":true,"href":"https:\/\/www.rucashk.com\/pt\/wp-json\/wp\/v2\/product_cat?post=23270"},{"taxonomy":"product_tag","embeddable":true,"href":"https:\/\/www.rucashk.com\/pt\/wp-json\/wp\/v2\/product_tag?post=23270"}],"curies":[{"name":"wp","href":"https:\/\/api.w.org\/{rel}","templated":true}]}}