{"id":23234,"date":"2024-01-09T15:52:42","date_gmt":"2024-01-09T15:52:42","guid":{"rendered":"http:\/\/rucashk.com\/?post_type=product&#038;p=23234"},"modified":"2024-03-13T08:18:16","modified_gmt":"2024-03-13T08:18:16","slug":"xiaomi-enchen-boost-hair-clipper-usb-rechargeable","status":"publish","type":"product","link":"https:\/\/www.rucashk.com\/pt\/produto\/xiaomi-enchen-boost-hair-clipper-usb-rechargeable\/","title":{"rendered":"M\u00e1quina de cortar cabelo XIAOMI ENCHEN Boost USB recarreg\u00e1vel"},"content":{"rendered":"<p><img decoding=\"async\" alt=\"XIAOMI ENCHEN Boost Hair Clipper USB Rechargeable\" src=\"\/wp-content\/uploads\/replace\/1b8c4f339669afb88540ac0e56599e4b.jpeg\" \/><img decoding=\"async\" alt=\"XIAOMI ENCHEN Boost Hair Clipper USB Rechargeable\" src=\"\/wp-content\/uploads\/replace\/33a0083de5b93ee63bfdd0d9bc35ca00.jpeg\" \/><img decoding=\"async\" alt=\"XIAOMI ENCHEN Boost Hair Clipper USB Rechargeable\" src=\"\/wp-content\/uploads\/replace\/b304ede113c132ee2d8a0b9db092790d.jpeg\" \/><img decoding=\"async\" alt=\"XIAOMI ENCHEN Boost Hair Clipper USB Rechargeable\" src=\"\/wp-content\/uploads\/replace\/4a6458814f7e33bc488824909438d538.jpeg\" \/><\/p>","protected":false},"excerpt":{"rendered":"<p><strong>Caracter\u00edsticas:<\/strong><br \/>\nApresenta um pente de posicionamento tipo controle deslizante que bloqueia comprimentos de corte de cabelo de 0,7 a 21 mm e suporta ajuste de um bot\u00e3o para f\u00e1cil opera\u00e7\u00e3o.<br \/>\nThe hardness of ceramics is 1.6 times that of ordinary stainless steel. The surface smoothness is smaller than that of stainless steel. Therefore, when the hair clipper is running at high speed, the noise generated by the ceramic cutter heads will be lower and it will not be easy to generate heat. Working noise is less than 55db.<br \/>\nESM is the brain of ENCHEN products. It has two large modules of energy management and motor mastering, which can guarantee high speed operation and no stucking hair when the battery is low. During the charging process, the ESM will activate multiple guarantees to extend battery life and ensure safe charging. In addition, Boost&#8217;s indicator system can accurately display the status of low battery, charging, and full power.<br \/>\nThe parts that contact the skin with the cutter heads and the positioning comb are rounded to ensure safety and comfort during hair cutting. The hair clipper heads consists of a movable cutter and a static cutter. It can safely contact the cutter heads at any angle during the working process.<\/p>","protected":false},"featured_media":23309,"template":"","meta":[],"product_brand":[],"product_cat":[1320,1305],"product_tag":[841],"class_list":{"0":"post-23234","1":"product","2":"type-product","3":"status-publish","4":"has-post-thumbnail","6":"product_cat-personal-care","7":"product_cat-xiaomi-eco","8":"product_tag-xiaomi-enchen-boost-hair-clipper-usb-rechargeable","10":"first","11":"instock","12":"shipping-taxable","13":"product-type-external"},"aioseo_notices":[],"aioseo_head":"\n\t\t<!-- All in One SEO Pro 4.5.9.2 - aioseo.com -->\n\t\t<meta name=\"description\" content=\"Features: Features a slider-type positioning comb that locks haircut lengths from 0.7 to 21 mm and supports one-button adjustment for easy operation. The hardness of ceramics is 1.6 times that of ordinary stainless steel. The surface smoothness is smaller than that of stainless steel. Therefore, when the hair clipper is running at high speed, the noise generated by the ceramic cutter heads will be lower and it will not be easy to generate heat. Working noise is less than 55db. ESM is the brain of ENCHEN products. It has two large modules of energy management and motor mastering, which can guarantee high speed operation and no stucking hair when the battery is low. During the charging process, the ESM will activate multiple guarantees to extend battery life and ensure safe charging. In addition, Boost&#039;s indicator system can accurately display the status of low battery, charging, and full power. The parts that contact the skin with the cutter heads and the positioning comb are rounded to ensure safety and comfort during hair cutting. The hair clipper heads consists of a movable cutter and a static cutter. It can safely contact the cutter heads at any angle during the working process.\" \/>\n\t\t<meta name=\"robots\" content=\"max-image-preview:large\" \/>\n\t\t<link rel=\"canonical\" href=\"https:\/\/www.rucashk.com\/pt\/produto\/xiaomi-enchen-boost-hair-clipper-usb-rechargeable\/\" \/>\n\t\t<meta name=\"generator\" content=\"All in One SEO Pro (AIOSEO) 4.5.9.2\" \/>\n\t\t<meta property=\"og:locale\" content=\"pt_PT\" \/>\n\t\t<meta property=\"og:site_name\" content=\"Rucas - One-stop AIoT Distribution Worldwide\" \/>\n\t\t<meta property=\"og:type\" content=\"article\" \/>\n\t\t<meta property=\"og:title\" content=\"XIAOMI ENCHEN Boost Hair Clipper USB Rechargeable - Rucas - Wholesale and Distribution\" \/>\n\t\t<meta property=\"og:description\" content=\"Features: Features a slider-type positioning comb that locks haircut lengths from 0.7 to 21 mm and supports one-button adjustment for easy operation. The hardness of ceramics is 1.6 times that of ordinary stainless steel. The surface smoothness is smaller than that of stainless steel. Therefore, when the hair clipper is running at high speed, the noise generated by the ceramic cutter heads will be lower and it will not be easy to generate heat. Working noise is less than 55db. ESM is the brain of ENCHEN products. It has two large modules of energy management and motor mastering, which can guarantee high speed operation and no stucking hair when the battery is low. During the charging process, the ESM will activate multiple guarantees to extend battery life and ensure safe charging. In addition, Boost&#039;s indicator system can accurately display the status of low battery, charging, and full power. The parts that contact the skin with the cutter heads and the positioning comb are rounded to ensure safety and comfort during hair cutting. The hair clipper heads consists of a movable cutter and a static cutter. It can safely contact the cutter heads at any angle during the working process.\" \/>\n\t\t<meta property=\"og:url\" content=\"https:\/\/www.rucashk.com\/pt\/produto\/xiaomi-enchen-boost-hair-clipper-usb-rechargeable\/\" \/>\n\t\t<meta property=\"og:image\" content=\"https:\/\/www.rucashk.com\/wp-content\/uploads\/replace\/503b8e645f128a97ccde2b6290747646.jpeg\" \/>\n\t\t<meta property=\"og:image:secure_url\" content=\"https:\/\/www.rucashk.com\/wp-content\/uploads\/replace\/503b8e645f128a97ccde2b6290747646.jpeg\" \/>\n\t\t<meta property=\"og:image:width\" content=\"1456\" \/>\n\t\t<meta property=\"og:image:height\" content=\"816\" \/>\n\t\t<meta property=\"article:published_time\" content=\"2024-01-09T15:52:42+00:00\" \/>\n\t\t<meta property=\"article:modified_time\" content=\"2024-03-13T08:18:16+00:00\" \/>\n\t\t<meta name=\"twitter:card\" content=\"summary_large_image\" \/>\n\t\t<meta name=\"twitter:title\" content=\"XIAOMI ENCHEN Boost Hair Clipper USB Rechargeable - Rucas - Wholesale and Distribution\" \/>\n\t\t<meta name=\"twitter:description\" content=\"Features: Features a slider-type positioning comb that locks haircut lengths from 0.7 to 21 mm and supports one-button adjustment for easy operation. The hardness of ceramics is 1.6 times that of ordinary stainless steel. The surface smoothness is smaller than that of stainless steel. Therefore, when the hair clipper is running at high speed, the noise generated by the ceramic cutter heads will be lower and it will not be easy to generate heat. Working noise is less than 55db. ESM is the brain of ENCHEN products. It has two large modules of energy management and motor mastering, which can guarantee high speed operation and no stucking hair when the battery is low. During the charging process, the ESM will activate multiple guarantees to extend battery life and ensure safe charging. In addition, Boost&#039;s indicator system can accurately display the status of low battery, charging, and full power. The parts that contact the skin with the cutter heads and the positioning comb are rounded to ensure safety and comfort during hair cutting. The hair clipper heads consists of a movable cutter and a static cutter. It can safely contact the cutter heads at any angle during the working process.\" \/>\n\t\t<meta name=\"twitter:image\" content=\"https:\/\/www.rucashk.com\/wp-content\/uploads\/replace\/503b8e645f128a97ccde2b6290747646.jpeg\" \/>\n\t\t<script type=\"application\/ld+json\" class=\"aioseo-schema\">\n\t\t\t{\"@context\":\"https:\\\/\\\/schema.org\",\"@graph\":[{\"@type\":\"BreadcrumbList\",\"@id\":\"https:\\\/\\\/www.rucashk.com\\\/pt\\\/produto\\\/xiaomi-enchen-boost-hair-clipper-usb-rechargeable\\\/#breadcrumblist\",\"itemListElement\":[{\"@type\":\"ListItem\",\"@id\":\"https:\\\/\\\/www.rucashk.com\\\/pt\\\/#listItem\",\"position\":1,\"name\":\"Home\",\"item\":\"https:\\\/\\\/www.rucashk.com\\\/pt\\\/\",\"nextItem\":\"https:\\\/\\\/www.rucashk.com\\\/pt\\\/produto\\\/xiaomi-enchen-boost-hair-clipper-usb-rechargeable\\\/#listItem\"},{\"@type\":\"ListItem\",\"@id\":\"https:\\\/\\\/www.rucashk.com\\\/pt\\\/produto\\\/xiaomi-enchen-boost-hair-clipper-usb-rechargeable\\\/#listItem\",\"position\":2,\"name\":\"XIAOMI ENCHEN Boost Hair Clipper USB Rechargeable\",\"previousItem\":\"https:\\\/\\\/www.rucashk.com\\\/pt\\\/#listItem\"}]},{\"@type\":\"Organization\",\"@id\":\"https:\\\/\\\/www.rucashk.com\\\/pt\\\/#organization\",\"name\":\"Rucas\",\"url\":\"https:\\\/\\\/www.rucashk.com\\\/pt\\\/\",\"logo\":{\"@type\":\"ImageObject\",\"url\":\"https:\\\/\\\/www.rucashk.com\\\/wp-content\\\/uploads\\\/2023\\\/12\\\/Rucas_campany_logo.png\",\"@id\":\"https:\\\/\\\/www.rucashk.com\\\/pt\\\/produto\\\/xiaomi-enchen-boost-hair-clipper-usb-rechargeable\\\/#organizationLogo\",\"width\":221,\"height\":65},\"image\":{\"@id\":\"https:\\\/\\\/www.rucashk.com\\\/pt\\\/#organizationLogo\"}},{\"@type\":\"Person\",\"@id\":\"https:\\\/\\\/www.rucashk.com\\\/pt\\\/author\\\/admin\\\/#author\",\"url\":\"https:\\\/\\\/www.rucashk.com\\\/pt\\\/author\\\/admin\\\/\",\"name\":\"admin\",\"image\":{\"@type\":\"ImageObject\",\"@id\":\"https:\\\/\\\/www.rucashk.com\\\/pt\\\/produto\\\/xiaomi-enchen-boost-hair-clipper-usb-rechargeable\\\/#authorImage\",\"url\":\"https:\\\/\\\/secure.gravatar.com\\\/avatar\\\/b7c8925b09a27e72b30232f8ecaadbd5af0f70a38c78096863fe51b64f031c24?s=96&d=mm&r=g\",\"width\":96,\"height\":96,\"caption\":\"admin\"}},{\"@type\":\"WebPage\",\"@id\":\"https:\\\/\\\/www.rucashk.com\\\/pt\\\/produto\\\/xiaomi-enchen-boost-hair-clipper-usb-rechargeable\\\/#webpage\",\"url\":\"https:\\\/\\\/www.rucashk.com\\\/pt\\\/produto\\\/xiaomi-enchen-boost-hair-clipper-usb-rechargeable\\\/\",\"name\":\"XIAOMI ENCHEN Boost Hair Clipper USB Rechargeable - Rucas - Wholesale and Distribution\",\"description\":\"Features: Features a slider-type positioning comb that locks haircut lengths from 0.7 to 21 mm and supports one-button adjustment for easy operation. The hardness of ceramics is 1.6 times that of ordinary stainless steel. The surface smoothness is smaller than that of stainless steel. Therefore, when the hair clipper is running at high speed, the noise generated by the ceramic cutter heads will be lower and it will not be easy to generate heat. Working noise is less than 55db. ESM is the brain of ENCHEN products. It has two large modules of energy management and motor mastering, which can guarantee high speed operation and no stucking hair when the battery is low. During the charging process, the ESM will activate multiple guarantees to extend battery life and ensure safe charging. In addition, Boost's indicator system can accurately display the status of low battery, charging, and full power. The parts that contact the skin with the cutter heads and the positioning comb are rounded to ensure safety and comfort during hair cutting. The hair clipper heads consists of a movable cutter and a static cutter. It can safely contact the cutter heads at any angle during the working process.\",\"inLanguage\":\"pt-PT\",\"isPartOf\":{\"@id\":\"https:\\\/\\\/www.rucashk.com\\\/pt\\\/#website\"},\"breadcrumb\":{\"@id\":\"https:\\\/\\\/www.rucashk.com\\\/pt\\\/produto\\\/xiaomi-enchen-boost-hair-clipper-usb-rechargeable\\\/#breadcrumblist\"},\"author\":{\"@id\":\"https:\\\/\\\/www.rucashk.com\\\/pt\\\/author\\\/admin\\\/#author\"},\"creator\":{\"@id\":\"https:\\\/\\\/www.rucashk.com\\\/pt\\\/author\\\/admin\\\/#author\"},\"image\":{\"@type\":\"ImageObject\",\"url\":\"https:\\\/\\\/www.rucashk.com\\\/wp-content\\\/uploads\\\/2024\\\/01\\\/4_\\u526f\\u672c-12.jpg\",\"@id\":\"https:\\\/\\\/www.rucashk.com\\\/pt\\\/produto\\\/xiaomi-enchen-boost-hair-clipper-usb-rechargeable\\\/#mainImage\",\"width\":800,\"height\":800},\"primaryImageOfPage\":{\"@id\":\"https:\\\/\\\/www.rucashk.com\\\/pt\\\/produto\\\/xiaomi-enchen-boost-hair-clipper-usb-rechargeable\\\/#mainImage\"},\"datePublished\":\"2024-01-09T15:52:42+00:00\",\"dateModified\":\"2024-03-13T08:18:16+00:00\"},{\"@type\":\"WebSite\",\"@id\":\"https:\\\/\\\/www.rucashk.com\\\/pt\\\/#website\",\"url\":\"https:\\\/\\\/www.rucashk.com\\\/pt\\\/\",\"name\":\"Rucas - Wholesale and distribution worldwide\",\"alternateName\":\"Rucas - One-stop AIoT Distribution Worldwide\",\"description\":\"One-stop AIoT Distribution Worldwide\",\"inLanguage\":\"pt-PT\",\"publisher\":{\"@id\":\"https:\\\/\\\/www.rucashk.com\\\/pt\\\/#organization\"}}]}\n\t\t<\/script>\n\t\t<!-- All in One SEO Pro -->\r\n\t\t<title>XIAOMI ENCHEN Boost Hair Clipper USB Rechargeable - Rucas - Wholesale and Distribution<\/title>\n\n","aioseo_head_json":{"title":"XIAOMI ENCHEN Boost Hair Clipper USB Rechargeable - Rucas - Wholesale and Distribution","description":"Features: Features a slider-type positioning comb that locks haircut lengths from 0.7 to 21 mm and supports one-button adjustment for easy operation. The hardness of ceramics is 1.6 times that of ordinary stainless steel. The surface smoothness is smaller than that of stainless steel. Therefore, when the hair clipper is running at high speed, the noise generated by the ceramic cutter heads will be lower and it will not be easy to generate heat. Working noise is less than 55db. ESM is the brain of ENCHEN products. It has two large modules of energy management and motor mastering, which can guarantee high speed operation and no stucking hair when the battery is low. During the charging process, the ESM will activate multiple guarantees to extend battery life and ensure safe charging. In addition, Boost's indicator system can accurately display the status of low battery, charging, and full power. The parts that contact the skin with the cutter heads and the positioning comb are rounded to ensure safety and comfort during hair cutting. The hair clipper heads consists of a movable cutter and a static cutter. It can safely contact the cutter heads at any angle during the working process.","canonical_url":"https:\/\/www.rucashk.com\/pt\/produto\/xiaomi-enchen-boost-hair-clipper-usb-rechargeable\/","robots":"max-image-preview:large","keywords":"","webmasterTools":{"miscellaneous":""},"og:locale":"pt_PT","og:site_name":"Rucas - One-stop AIoT Distribution Worldwide","og:type":"article","og:title":"XIAOMI ENCHEN Boost Hair Clipper USB Rechargeable - Rucas - Wholesale and Distribution","og:description":"Features: Features a slider-type positioning comb that locks haircut lengths from 0.7 to 21 mm and supports one-button adjustment for easy operation. The hardness of ceramics is 1.6 times that of ordinary stainless steel. The surface smoothness is smaller than that of stainless steel. Therefore, when the hair clipper is running at high speed, the noise generated by the ceramic cutter heads will be lower and it will not be easy to generate heat. Working noise is less than 55db. ESM is the brain of ENCHEN products. It has two large modules of energy management and motor mastering, which can guarantee high speed operation and no stucking hair when the battery is low. During the charging process, the ESM will activate multiple guarantees to extend battery life and ensure safe charging. In addition, Boost's indicator system can accurately display the status of low battery, charging, and full power. The parts that contact the skin with the cutter heads and the positioning comb are rounded to ensure safety and comfort during hair cutting. The hair clipper heads consists of a movable cutter and a static cutter. It can safely contact the cutter heads at any angle during the working process.","og:url":"https:\/\/www.rucashk.com\/pt\/produto\/xiaomi-enchen-boost-hair-clipper-usb-rechargeable\/","og:image":"https:\/\/www.rucashk.com\/wp-content\/uploads\/replace\/503b8e645f128a97ccde2b6290747646.jpeg","og:image:secure_url":"https:\/\/www.rucashk.com\/wp-content\/uploads\/replace\/503b8e645f128a97ccde2b6290747646.jpeg","og:image:width":1456,"og:image:height":816,"article:published_time":"2024-01-09T15:52:42+00:00","article:modified_time":"2024-03-13T08:18:16+00:00","twitter:card":"summary_large_image","twitter:title":"XIAOMI ENCHEN Boost Hair Clipper USB Rechargeable - Rucas - Wholesale and Distribution","twitter:description":"Features: Features a slider-type positioning comb that locks haircut lengths from 0.7 to 21 mm and supports one-button adjustment for easy operation. The hardness of ceramics is 1.6 times that of ordinary stainless steel. The surface smoothness is smaller than that of stainless steel. Therefore, when the hair clipper is running at high speed, the noise generated by the ceramic cutter heads will be lower and it will not be easy to generate heat. Working noise is less than 55db. ESM is the brain of ENCHEN products. It has two large modules of energy management and motor mastering, which can guarantee high speed operation and no stucking hair when the battery is low. During the charging process, the ESM will activate multiple guarantees to extend battery life and ensure safe charging. In addition, Boost's indicator system can accurately display the status of low battery, charging, and full power. The parts that contact the skin with the cutter heads and the positioning comb are rounded to ensure safety and comfort during hair cutting. The hair clipper heads consists of a movable cutter and a static cutter. It can safely contact the cutter heads at any angle during the working process.","twitter:image":"https:\/\/www.rucashk.com\/wp-content\/uploads\/replace\/503b8e645f128a97ccde2b6290747646.jpeg","schema":{"@context":"https:\/\/schema.org","@graph":[{"@type":"BreadcrumbList","@id":"https:\/\/www.rucashk.com\/pt\/produto\/xiaomi-enchen-boost-hair-clipper-usb-rechargeable\/#breadcrumblist","itemListElement":[{"@type":"ListItem","@id":"https:\/\/www.rucashk.com\/pt\/#listItem","position":1,"name":"Home","item":"https:\/\/www.rucashk.com\/pt\/","nextItem":"https:\/\/www.rucashk.com\/pt\/produto\/xiaomi-enchen-boost-hair-clipper-usb-rechargeable\/#listItem"},{"@type":"ListItem","@id":"https:\/\/www.rucashk.com\/pt\/produto\/xiaomi-enchen-boost-hair-clipper-usb-rechargeable\/#listItem","position":2,"name":"XIAOMI ENCHEN Boost Hair Clipper USB Rechargeable","previousItem":"https:\/\/www.rucashk.com\/pt\/#listItem"}]},{"@type":"Organization","@id":"https:\/\/www.rucashk.com\/pt\/#organization","name":"Rucas","url":"https:\/\/www.rucashk.com\/pt\/","logo":{"@type":"ImageObject","url":"https:\/\/www.rucashk.com\/wp-content\/uploads\/2023\/12\/Rucas_campany_logo.png","@id":"https:\/\/www.rucashk.com\/pt\/produto\/xiaomi-enchen-boost-hair-clipper-usb-rechargeable\/#organizationLogo","width":221,"height":65},"image":{"@id":"https:\/\/www.rucashk.com\/pt\/#organizationLogo"}},{"@type":"Person","@id":"https:\/\/www.rucashk.com\/pt\/author\/admin\/#author","url":"https:\/\/www.rucashk.com\/pt\/author\/admin\/","name":"admin","image":{"@type":"ImageObject","@id":"https:\/\/www.rucashk.com\/pt\/produto\/xiaomi-enchen-boost-hair-clipper-usb-rechargeable\/#authorImage","url":"https:\/\/secure.gravatar.com\/avatar\/b7c8925b09a27e72b30232f8ecaadbd5af0f70a38c78096863fe51b64f031c24?s=96&d=mm&r=g","width":96,"height":96,"caption":"admin"}},{"@type":"WebPage","@id":"https:\/\/www.rucashk.com\/pt\/produto\/xiaomi-enchen-boost-hair-clipper-usb-rechargeable\/#webpage","url":"https:\/\/www.rucashk.com\/pt\/produto\/xiaomi-enchen-boost-hair-clipper-usb-rechargeable\/","name":"XIAOMI ENCHEN Boost Hair Clipper USB Rechargeable - Rucas - Wholesale and Distribution","description":"Features: Features a slider-type positioning comb that locks haircut lengths from 0.7 to 21 mm and supports one-button adjustment for easy operation. The hardness of ceramics is 1.6 times that of ordinary stainless steel. The surface smoothness is smaller than that of stainless steel. Therefore, when the hair clipper is running at high speed, the noise generated by the ceramic cutter heads will be lower and it will not be easy to generate heat. Working noise is less than 55db. ESM is the brain of ENCHEN products. It has two large modules of energy management and motor mastering, which can guarantee high speed operation and no stucking hair when the battery is low. During the charging process, the ESM will activate multiple guarantees to extend battery life and ensure safe charging. In addition, Boost's indicator system can accurately display the status of low battery, charging, and full power. The parts that contact the skin with the cutter heads and the positioning comb are rounded to ensure safety and comfort during hair cutting. The hair clipper heads consists of a movable cutter and a static cutter. It can safely contact the cutter heads at any angle during the working process.","inLanguage":"pt-PT","isPartOf":{"@id":"https:\/\/www.rucashk.com\/pt\/#website"},"breadcrumb":{"@id":"https:\/\/www.rucashk.com\/pt\/produto\/xiaomi-enchen-boost-hair-clipper-usb-rechargeable\/#breadcrumblist"},"author":{"@id":"https:\/\/www.rucashk.com\/pt\/author\/admin\/#author"},"creator":{"@id":"https:\/\/www.rucashk.com\/pt\/author\/admin\/#author"},"image":{"@type":"ImageObject","url":"https:\/\/www.rucashk.com\/wp-content\/uploads\/2024\/01\/4_\u526f\u672c-12.jpg","@id":"https:\/\/www.rucashk.com\/pt\/produto\/xiaomi-enchen-boost-hair-clipper-usb-rechargeable\/#mainImage","width":800,"height":800},"primaryImageOfPage":{"@id":"https:\/\/www.rucashk.com\/pt\/produto\/xiaomi-enchen-boost-hair-clipper-usb-rechargeable\/#mainImage"},"datePublished":"2024-01-09T15:52:42+00:00","dateModified":"2024-03-13T08:18:16+00:00"},{"@type":"WebSite","@id":"https:\/\/www.rucashk.com\/pt\/#website","url":"https:\/\/www.rucashk.com\/pt\/","name":"Rucas - Wholesale and distribution worldwide","alternateName":"Rucas - One-stop AIoT Distribution Worldwide","description":"One-stop AIoT Distribution Worldwide","inLanguage":"pt-PT","publisher":{"@id":"https:\/\/www.rucashk.com\/pt\/#organization"}}]}},"aioseo_meta_data":{"post_id":"23234","title":null,"description":null,"keywords":null,"keyphrases":null,"primary_term":null,"canonical_url":null,"og_title":null,"og_description":null,"og_object_type":"default","og_image_type":"default","og_image_url":null,"og_image_width":null,"og_image_height":null,"og_image_custom_url":null,"og_image_custom_fields":null,"og_video":null,"og_custom_url":null,"og_article_section":null,"og_article_tags":null,"twitter_use_og":false,"twitter_card":"default","twitter_image_type":"default","twitter_image_url":null,"twitter_image_custom_url":null,"twitter_image_custom_fields":null,"twitter_title":null,"twitter_description":null,"schema":{"blockGraphs":[],"customGraphs":[],"default":{"data":{"Article":[],"Course":[],"Dataset":[],"FAQPage":[],"Movie":[],"Person":[],"Product":[],"Recipe":[],"Service":[],"SoftwareApplication":[],"WebPage":[]},"graphName":"","isEnabled":true},"graphs":[]},"schema_type":"default","schema_type_options":null,"pillar_content":false,"robots_default":true,"robots_noindex":false,"robots_noarchive":false,"robots_nosnippet":false,"robots_nofollow":false,"robots_noimageindex":false,"robots_noodp":false,"robots_notranslate":false,"robots_max_snippet":null,"robots_max_videopreview":null,"robots_max_imagepreview":"large","priority":null,"frequency":null,"local_seo":null,"breadcrumb_settings":null,"limit_modified_date":false,"created":"2024-04-11 01:55:28","updated":"2025-06-22 17:02:07"},"aioseo_breadcrumb":"<div class=\"aioseo-breadcrumbs\"><span class=\"aioseo-breadcrumb\">\n\t<a href=\"https:\/\/www.rucashk.com\/pt\" title=\"Home\">Home<\/a>\n<\/span><span class=\"aioseo-breadcrumb-separator\">&raquo;<\/span><span class=\"aioseo-breadcrumb\">\n\t<a href=\"https:\/\/www.rucashk.com\/pt\/products\/\" title=\"Produtos\">Produtos<\/a>\n<\/span><span class=\"aioseo-breadcrumb-separator\">&raquo;<\/span><span class=\"aioseo-breadcrumb\">\n\t<a href=\"https:\/\/www.rucashk.com\/pt\/categoria-produto\/xiaomi-eco\/\" title=\"Xiaomi Eco\">Xiaomi Eco<\/a>\n<\/span><span class=\"aioseo-breadcrumb-separator\">&raquo;<\/span><span class=\"aioseo-breadcrumb\">\n\t<a href=\"https:\/\/www.rucashk.com\/pt\/categoria-produto\/xiaomi-eco\/personal-care\/\" title=\"Personal Care\">Personal Care<\/a>\n<\/span><span class=\"aioseo-breadcrumb-separator\">&raquo;<\/span><span class=\"aioseo-breadcrumb\">\n\tXIAOMI ENCHEN Boost Hair Clipper USB Rechargeable\n<\/span><\/div>","aioseo_breadcrumb_json":[{"label":"Home","link":"https:\/\/www.rucashk.com\/pt"},{"label":"Produtos","link":"https:\/\/www.rucashk.com\/pt\/products\/"},{"label":"Xiaomi Eco","link":"https:\/\/www.rucashk.com\/pt\/categoria-produto\/xiaomi-eco\/"},{"label":"Personal Care","link":"https:\/\/www.rucashk.com\/pt\/categoria-produto\/xiaomi-eco\/personal-care\/"},{"label":"XIAOMI ENCHEN Boost Hair Clipper USB Rechargeable","link":"https:\/\/www.rucashk.com\/pt\/produto\/xiaomi-enchen-boost-hair-clipper-usb-rechargeable\/"}],"_links":{"self":[{"href":"https:\/\/www.rucashk.com\/pt\/wp-json\/wp\/v2\/product\/23234","targetHints":{"allow":["GET"]}}],"collection":[{"href":"https:\/\/www.rucashk.com\/pt\/wp-json\/wp\/v2\/product"}],"about":[{"href":"https:\/\/www.rucashk.com\/pt\/wp-json\/wp\/v2\/types\/product"}],"wp:featuredmedia":[{"embeddable":true,"href":"https:\/\/www.rucashk.com\/pt\/wp-json\/wp\/v2\/media\/23309"}],"wp:attachment":[{"href":"https:\/\/www.rucashk.com\/pt\/wp-json\/wp\/v2\/media?parent=23234"}],"wp:term":[{"taxonomy":"product_brand","embeddable":true,"href":"https:\/\/www.rucashk.com\/pt\/wp-json\/wp\/v2\/product_brand?post=23234"},{"taxonomy":"product_cat","embeddable":true,"href":"https:\/\/www.rucashk.com\/pt\/wp-json\/wp\/v2\/product_cat?post=23234"},{"taxonomy":"product_tag","embeddable":true,"href":"https:\/\/www.rucashk.com\/pt\/wp-json\/wp\/v2\/product_tag?post=23234"}],"curies":[{"name":"wp","href":"https:\/\/api.w.org\/{rel}","templated":true}]}}