{"id":23230,"date":"2024-01-09T15:52:41","date_gmt":"2024-01-09T15:52:41","guid":{"rendered":"http:\/\/rucashk.com\/?post_type=product&#038;p=23230"},"modified":"2024-01-21T04:31:30","modified_gmt":"2024-01-21T04:31:30","slug":"xiaomi-electric-kettle","status":"publish","type":"product","link":"https:\/\/www.rucashk.com\/pt\/produto\/xiaomi-electric-kettle\/","title":{"rendered":"Chaleira El\u00e9trica Xiaomi"},"content":{"rendered":"<h2 style=\"text-align: center\" data-spm-anchor-id=\"a2g0o.detail.1000023.i0.1ee33fdd3K3c4v\">Chaleira El\u00e9trica Xiaomi MIJIA<\/h2>\n<p style=\"text-align: center\">R\u00e1pido para c\u00e1psula 304 a\u00e7o sem haste 1,5acidade Iantl-scald dupla camada I 13cm<\/p>\n<p><img fetchpriority=\"high\" decoding=\"async\" class=\"aligncenter\" src=\"https:\/\/www.rucashk.com\/wp-content\/uploads\/2020\/06\/HTB1L6zkXOfrK1RjSspbq6A4pFXac.jpg\" alt=\"Xiaomi\u00a0Electric Kettle\" width=\"950\" height=\"833\" \/><\/p>\n<p style=\"text-align: center\">1.5L de grande capacidade<\/p>\n<p style=\"text-align: center\">Conhe\u00e7a uma bebida familiar fervendo, n\u00e3o h\u00e1 necessidade de ferver \u00e1gua com frequ\u00eancia<\/p>\n<p><img decoding=\"async\" class=\"aligncenter\" src=\"https:\/\/www.rucashk.com\/wp-content\/uploads\/2020\/06\/HTB1z_TmXIfrK1Rjy0Fmq6xhEXXaa.jpg\" alt=\"Xiaomi\u00a0Electric Kettle\" width=\"950\" height=\"940\" \/><img decoding=\"async\" class=\"aligncenter\" src=\"https:\/\/www.rucashk.com\/wp-content\/uploads\/2020\/06\/HTB1u8fpXLfsK1RjSszgq6yXzpXab.jpg\" alt=\"Xiaomi\u00a0Electric Kettle\" width=\"950\" height=\"972\" \/><\/p>\n<p style=\"text-align: center\">Camada interna de a\u00e7o inoxid\u00e1vel 304 Mais segura e limpa<\/p>\n<p style=\"text-align: center\">A\u00e7o inoxid\u00e1vel de qualidade alimentar padr\u00e3o, sem ferrugem, anti-incrusta\u00e7\u00e3o, inodoro, f\u00e1cil de limpar<\/p>\n<p><img loading=\"lazy\" decoding=\"async\" class=\"aligncenter\" src=\"https:\/\/www.rucashk.com\/wp-content\/uploads\/2020\/06\/HTB1uprsXULrK1Rjy0Fjq6zYXFXaW.jpg\" alt=\"Xiaomi\u00a0Electric Kettle\" width=\"950\" height=\"689\" \/><\/p>\n<p style=\"text-align: center\">Controlador de temperatura STRIX superior<\/p>\n<p style=\"text-align: center\">Garantir uma ebuli\u00e7\u00e3o completa e maior vida \u00fatil<\/p>\n<p style=\"text-align: center\">O controle preciso da temperatura garante \u00e1gua totalmente fervida para beber<\/p>\n<p style=\"text-align: center\">O controlador STRIX pode durar muito tempo para uso 10.000 vezes<\/p>\n<p style=\"text-align: center\"><img loading=\"lazy\" decoding=\"async\" class=\"aligncenter\" src=\"https:\/\/www.rucashk.com\/wp-content\/uploads\/2020\/06\/HTB1gNPpXUzrK1RjSspmq6AOdFXa9.jpg\" alt=\"Xiaomi\u00a0Electric Kettle\" width=\"950\" height=\"682\" \/><\/p>\n<p style=\"text-align: center\">Projeto destampado com amortecimento de dois est\u00e1gios<\/p>\n<p style=\"text-align: center\">Evitar respingos e queimaduras<\/p>\n<p style=\"text-align: center\">Pressione o bot\u00e3o de abertura da tampa, a tampa \u00e9 aberta automaticamente em um \u00e2ngulo de 30 graus sem respingos de gotas quentes, o que evita que os respingos queimem voc\u00ea<\/p>\n<p><img loading=\"lazy\" decoding=\"async\" class=\"aligncenter\" src=\"https:\/\/www.rucashk.com\/wp-content\/uploads\/2020\/06\/HTB15aPmXUvrK1RjSszfq6xJNVXaX.jpg\" alt=\"Xiaomi\u00a0Electric Kettle\" width=\"950\" height=\"652\" \/><\/p>\n<p style=\"text-align: center\">Camadas Duplas Anti-escaldantes<\/p>\n<p style=\"text-align: center\">Mais isolamento t\u00e9rmico para prote\u00e7\u00e3o das m\u00e3os<\/p>\n<p style=\"text-align: center\">com a camada de isolamento oca entre a camada interna e externa<\/p>\n<p><img loading=\"lazy\" decoding=\"async\" class=\"aligncenter\" src=\"https:\/\/www.rucashk.com\/wp-content\/uploads\/2020\/06\/HTB1hT6rXIrrK1Rjy1zeq6xalFXaC.jpg\" alt=\"Xiaomi\u00a0Electric Kettle\" width=\"950\" height=\"1226\" \/><\/p>\n<p>&nbsp;<\/p>\n<p style=\"text-align: center\">Prote\u00e7\u00e3o de seguran\u00e7a tripla<\/p>\n<p style=\"text-align: center\">Evitar choque el\u00e9trico<\/p>\n<p style=\"text-align: center\">Desligamento autom\u00e1tico de opera\u00e7\u00e3o a seco<\/p>\n<p style=\"text-align: center\">Fervendo desligamento autom\u00e1tico<\/p>\n<p><img loading=\"lazy\" decoding=\"async\" class=\"aligncenter\" src=\"https:\/\/www.rucashk.com\/wp-content\/uploads\/2020\/06\/HTB1Hy6qXPnuK1RkSmFPq6AuzFXaV.jpg\" alt=\"Xiaomi\u00a0Electric Kettle\" width=\"950\" height=\"725\" \/><\/p>\n<p style=\"text-align: center\">Luz indicadora LED vis\u00edvel<\/p>\n<p style=\"text-align: center\">Conveniente para acompanhar o <a class=\"\" style=\"width: auto !important\" href=\"https:\/\/www.rucashk.com\/pt\/produto\/mi-xiaolang-tds-instant-heating-water-pump\/\" data-wpil-post-to-id=\"6647\">aquecimento de \u00e1gua<\/a> processo<\/p>\n<p><img loading=\"lazy\" decoding=\"async\" class=\"aligncenter\" src=\"https:\/\/www.rucashk.com\/wp-content\/uploads\/2020\/06\/HTB1HVrsXULrK1Rjy0Fjq6zYXFXan.jpg\" alt=\"Xiaomi\u00a0Electric Kettle\" width=\"950\" height=\"671\" \/><\/p>\n<p style=\"text-align: center\">Armazenamento atencioso de cabos<\/p>\n<p style=\"text-align: center\">Mais limpo e bonito<\/p>\n<p style=\"text-align: center\">F\u00e1cil de arrumar o cabo de alimenta\u00e7\u00e3o longo. gemina\u00e7\u00e3o na parte inferior da base<\/p>\n<p><img decoding=\"async\" class=\"aligncenter\" src=\"https:\/\/www.rucashk.com\/wp-content\/uploads\/2020\/06\/HTB1qYzmXTHuK1RkSndVq6xVwpXaP.jpg\" alt=\"_19\" \/><\/p>\n<div><span data-spm-anchor-id=\"a2g0o.detail.1000023.i0.1f1d73a6xWgt8N\">* 304 <a class=\"\" style=\"width: auto !important\" href=\"https:\/\/www.rucashk.com\/pt\/39-9rmb-xiaomi-grocery-store-new-life-experience-high-quality-stainless-steel-create-a-xiaomi-ecological-chain-explosive\/\" data-wpil-post-to-id=\"7150\">A\u00e7o inoxid\u00e1vel<\/a> Camada interna<\/span><\/div>\n<div>A\u00e7o inoxid\u00e1vel de qualidade alimentar padr\u00e3o, sem ferrugem, anti-incrusta\u00e7\u00e3o, inodoro, f\u00e1cil de limpar<\/div>\n<div data-spm-anchor-id=\"a2g0o.detail.1000023.i2.1f1d73a6xWgt8N\">* 1,5L de grande capacidade<\/div>\n<div>Uma fervura pode servir para uma bebida familiar para v\u00e1rios membros, n\u00e3o h\u00e1 necessidade de ferver \u00e1gua com frequ\u00eancia<\/div>\n<div data-spm-anchor-id=\"a2g0o.detail.1000023.i3.1f1d73a6xWgt8N\">* Camadas Duplas Anti-escaldantes<\/div>\n<div>Com a camada de isolamento oca entre a camada interna e externa, fornece mais isolamento t\u00e9rmico para proteg\u00ea-lo contra queimaduras<\/div>\n<div data-spm-anchor-id=\"a2g0o.detail.1000023.i4.1f1d73a6xWgt8N\">* Controle de temperatura STRIX superior<\/div>\n<div>O controle preciso da temperatura garante uma ebuli\u00e7\u00e3o completa e maior vida \u00fatil<\/div>\n<div data-spm-anchor-id=\"a2g0o.detail.1000023.i5.1f1d73a6xWgt8N\">* Design Uncap de amortecimento de dois est\u00e1gios<\/div>\n<div>Pressione o bot\u00e3o de abertura da tampa, a tampa \u00e9 aberta automaticamente em um \u00e2ngulo de 30 graus sem respingos de gotas quentes, o que evita que os respingos queimem voc\u00ea<\/div>\n<div><span data-spm-anchor-id=\"a2g0o.detail.1000023.i6.1f1d73a6xWgt8N\">* Prote\u00e7\u00e3o de seguran\u00e7a tripla<\/span><\/div>\n<div data-spm-anchor-id=\"a2g0o.detail.1000023.i1.1f1d73a6xWgt8N\">Evitar <a class=\"\" style=\"width: auto !important\" href=\"https:\/\/www.rucashk.com\/pt\/produto\/soocas-electric-hair-dryer-h3s\/\" data-wpil-post-to-id=\"5046\">choque el\u00e9trico, sem vazamento el\u00e9trico e desligamento autom\u00e1tico enquanto seco<\/a> opera\u00e7\u00e3o e fervura<\/div>\n<div data-spm-anchor-id=\"a2g0o.detail.1000023.i7.1f1d73a6xWgt8N\">* Design unicorpo perfeito<\/div>\n<div>F\u00e1cil de limpar, diga adeus \u00e0 sujeira interna<\/div>\n<div data-spm-anchor-id=\"a2g0o.detail.1000023.i8.1f1d73a6xWgt8N\">* Luz indicadora LED vis\u00edvel<\/div>\n<div>Conveniente para acompanhar o <a class=\"\" style=\"width: auto !important\" href=\"https:\/\/www.rucashk.com\/pt\/produto\/mi-xiaolang-tds-instant-heating-water-pump\/\" data-wpil-post-to-id=\"6647\">aquecimento de \u00e1gua<\/a> processo<\/div>\n<div>* Armazenamento atencioso do cabo<\/div>\n<div>F\u00e1cil de arrumar o cabo de alimenta\u00e7\u00e3o longo, unindo-o na parte inferior da base principal<\/div>","protected":false},"excerpt":{"rendered":"<p>* 304 Stainless Steel Inner Layer<\/p>\n<p>* 1,5L de grande capacidade<\/p>\n<p>* Camadas Duplas Anti-escaldantes<\/p>\n<p>* Controle de temperatura STRIX superior<\/p>\n<p>* Design Uncap de amortecimento de dois est\u00e1gios<\/p>\n<p>* Prote\u00e7\u00e3o de seguran\u00e7a tripla<\/p>\n<p>* Design unicorpo perfeito<\/p>\n<p>* Luz indicadora LED vis\u00edvel<\/p>","protected":false},"featured_media":23269,"template":"","meta":[],"product_brand":[],"product_cat":[1318,1305],"product_tag":[837],"class_list":{"0":"post-23230","1":"product","2":"type-product","3":"status-publish","4":"has-post-thumbnail","6":"product_cat-gadgets","7":"product_cat-xiaomi-eco","8":"product_tag-xiaomi-electric-kettle","10":"first","11":"instock","12":"shipping-taxable","13":"product-type-external"},"aioseo_notices":[],"aioseo_head":"\n\t\t<!-- All in One SEO Pro 4.5.9.2 - aioseo.com -->\n\t\t<meta name=\"description\" content=\"* 304 Stainless Steel Inner Layer * 1.5L Large Capacity * Anti-scalding Double Layers * Superior STRIX Temperature Control * Two Stage Damping Uncap Design * Triple Security Protection * Seamless Uni-body Design * Visible LED Indicator Light\" \/>\n\t\t<meta name=\"robots\" content=\"max-image-preview:large\" \/>\n\t\t<link rel=\"canonical\" href=\"https:\/\/www.rucashk.com\/pt\/produto\/xiaomi-electric-kettle\/\" \/>\n\t\t<meta name=\"generator\" content=\"All in One SEO Pro (AIOSEO) 4.5.9.2\" \/>\n\t\t<meta property=\"og:locale\" content=\"pt_PT\" \/>\n\t\t<meta property=\"og:site_name\" content=\"Rucas - One-stop AIoT Distribution Worldwide\" \/>\n\t\t<meta property=\"og:type\" content=\"article\" \/>\n\t\t<meta property=\"og:title\" content=\"Xiaomi Electric Kettle - Rucas - Wholesale and Distribution\" \/>\n\t\t<meta property=\"og:description\" content=\"* 304 Stainless Steel Inner Layer * 1.5L Large Capacity * Anti-scalding Double Layers * Superior STRIX Temperature Control * Two Stage Damping Uncap Design * Triple Security Protection * Seamless Uni-body Design * Visible LED Indicator Light\" \/>\n\t\t<meta property=\"og:url\" content=\"https:\/\/www.rucashk.com\/pt\/produto\/xiaomi-electric-kettle\/\" \/>\n\t\t<meta property=\"og:image\" content=\"https:\/\/www.rucashk.com\/wp-content\/uploads\/replace\/503b8e645f128a97ccde2b6290747646.jpeg\" \/>\n\t\t<meta property=\"og:image:secure_url\" content=\"https:\/\/www.rucashk.com\/wp-content\/uploads\/replace\/503b8e645f128a97ccde2b6290747646.jpeg\" \/>\n\t\t<meta property=\"og:image:width\" content=\"1456\" \/>\n\t\t<meta property=\"og:image:height\" content=\"816\" \/>\n\t\t<meta property=\"article:published_time\" content=\"2024-01-09T15:52:41+00:00\" \/>\n\t\t<meta property=\"article:modified_time\" content=\"2024-01-21T04:31:30+00:00\" \/>\n\t\t<meta name=\"twitter:card\" content=\"summary_large_image\" \/>\n\t\t<meta name=\"twitter:title\" content=\"Xiaomi Electric Kettle - Rucas - Wholesale and Distribution\" \/>\n\t\t<meta name=\"twitter:description\" content=\"* 304 Stainless Steel Inner Layer * 1.5L Large Capacity * Anti-scalding Double Layers * Superior STRIX Temperature Control * Two Stage Damping Uncap Design * Triple Security Protection * Seamless Uni-body Design * Visible LED Indicator Light\" \/>\n\t\t<meta name=\"twitter:image\" content=\"https:\/\/www.rucashk.com\/wp-content\/uploads\/replace\/503b8e645f128a97ccde2b6290747646.jpeg\" \/>\n\t\t<script type=\"application\/ld+json\" class=\"aioseo-schema\">\n\t\t\t{\"@context\":\"https:\\\/\\\/schema.org\",\"@graph\":[{\"@type\":\"BreadcrumbList\",\"@id\":\"https:\\\/\\\/www.rucashk.com\\\/pt\\\/produto\\\/xiaomi-electric-kettle\\\/#breadcrumblist\",\"itemListElement\":[{\"@type\":\"ListItem\",\"@id\":\"https:\\\/\\\/www.rucashk.com\\\/pt\\\/#listItem\",\"position\":1,\"name\":\"Home\",\"item\":\"https:\\\/\\\/www.rucashk.com\\\/pt\\\/\",\"nextItem\":\"https:\\\/\\\/www.rucashk.com\\\/pt\\\/produto\\\/xiaomi-electric-kettle\\\/#listItem\"},{\"@type\":\"ListItem\",\"@id\":\"https:\\\/\\\/www.rucashk.com\\\/pt\\\/produto\\\/xiaomi-electric-kettle\\\/#listItem\",\"position\":2,\"name\":\"Xiaomi\\u00a0Electric Kettle\",\"previousItem\":\"https:\\\/\\\/www.rucashk.com\\\/pt\\\/#listItem\"}]},{\"@type\":\"Organization\",\"@id\":\"https:\\\/\\\/www.rucashk.com\\\/pt\\\/#organization\",\"name\":\"Rucas\",\"url\":\"https:\\\/\\\/www.rucashk.com\\\/pt\\\/\",\"logo\":{\"@type\":\"ImageObject\",\"url\":\"https:\\\/\\\/www.rucashk.com\\\/wp-content\\\/uploads\\\/2023\\\/12\\\/Rucas_campany_logo.png\",\"@id\":\"https:\\\/\\\/www.rucashk.com\\\/pt\\\/produto\\\/xiaomi-electric-kettle\\\/#organizationLogo\",\"width\":221,\"height\":65},\"image\":{\"@id\":\"https:\\\/\\\/www.rucashk.com\\\/pt\\\/#organizationLogo\"}},{\"@type\":\"Person\",\"@id\":\"https:\\\/\\\/www.rucashk.com\\\/pt\\\/author\\\/admin\\\/#author\",\"url\":\"https:\\\/\\\/www.rucashk.com\\\/pt\\\/author\\\/admin\\\/\",\"name\":\"admin\",\"image\":{\"@type\":\"ImageObject\",\"@id\":\"https:\\\/\\\/www.rucashk.com\\\/pt\\\/produto\\\/xiaomi-electric-kettle\\\/#authorImage\",\"url\":\"https:\\\/\\\/secure.gravatar.com\\\/avatar\\\/b7c8925b09a27e72b30232f8ecaadbd5af0f70a38c78096863fe51b64f031c24?s=96&d=mm&r=g\",\"width\":96,\"height\":96,\"caption\":\"admin\"}},{\"@type\":\"WebPage\",\"@id\":\"https:\\\/\\\/www.rucashk.com\\\/pt\\\/produto\\\/xiaomi-electric-kettle\\\/#webpage\",\"url\":\"https:\\\/\\\/www.rucashk.com\\\/pt\\\/produto\\\/xiaomi-electric-kettle\\\/\",\"name\":\"Xiaomi Electric Kettle - Rucas - Wholesale and Distribution\",\"description\":\"* 304 Stainless Steel Inner Layer * 1.5L Large Capacity * Anti-scalding Double Layers * Superior STRIX Temperature Control * Two Stage Damping Uncap Design * Triple Security Protection * Seamless Uni-body Design * Visible LED Indicator Light\",\"inLanguage\":\"pt-PT\",\"isPartOf\":{\"@id\":\"https:\\\/\\\/www.rucashk.com\\\/pt\\\/#website\"},\"breadcrumb\":{\"@id\":\"https:\\\/\\\/www.rucashk.com\\\/pt\\\/produto\\\/xiaomi-electric-kettle\\\/#breadcrumblist\"},\"author\":{\"@id\":\"https:\\\/\\\/www.rucashk.com\\\/pt\\\/author\\\/admin\\\/#author\"},\"creator\":{\"@id\":\"https:\\\/\\\/www.rucashk.com\\\/pt\\\/author\\\/admin\\\/#author\"},\"image\":{\"@type\":\"ImageObject\",\"url\":\"https:\\\/\\\/www.rucashk.com\\\/wp-content\\\/uploads\\\/2024\\\/01\\\/xiaomi-Electric-kettle.jpg\",\"@id\":\"https:\\\/\\\/www.rucashk.com\\\/pt\\\/produto\\\/xiaomi-electric-kettle\\\/#mainImage\",\"width\":510,\"height\":489},\"primaryImageOfPage\":{\"@id\":\"https:\\\/\\\/www.rucashk.com\\\/pt\\\/produto\\\/xiaomi-electric-kettle\\\/#mainImage\"},\"datePublished\":\"2024-01-09T15:52:41+00:00\",\"dateModified\":\"2024-01-21T04:31:30+00:00\"},{\"@type\":\"WebSite\",\"@id\":\"https:\\\/\\\/www.rucashk.com\\\/pt\\\/#website\",\"url\":\"https:\\\/\\\/www.rucashk.com\\\/pt\\\/\",\"name\":\"Rucas - Wholesale and distribution worldwide\",\"alternateName\":\"Rucas - One-stop AIoT Distribution Worldwide\",\"description\":\"One-stop AIoT Distribution Worldwide\",\"inLanguage\":\"pt-PT\",\"publisher\":{\"@id\":\"https:\\\/\\\/www.rucashk.com\\\/pt\\\/#organization\"}}]}\n\t\t<\/script>\n\t\t<!-- All in One SEO Pro -->\r\n\t\t<title>Xiaomi Electric Kettle - Rucas - Wholesale and Distribution<\/title>\n\n","aioseo_head_json":{"title":"Xiaomi Electric Kettle - Rucas - Wholesale and Distribution","description":"* 304 Stainless Steel Inner Layer * 1.5L Large Capacity * Anti-scalding Double Layers * Superior STRIX Temperature Control * Two Stage Damping Uncap Design * Triple Security Protection * Seamless Uni-body Design * Visible LED Indicator Light","canonical_url":"https:\/\/www.rucashk.com\/pt\/produto\/xiaomi-electric-kettle\/","robots":"max-image-preview:large","keywords":"","webmasterTools":{"miscellaneous":""},"og:locale":"pt_PT","og:site_name":"Rucas - One-stop AIoT Distribution Worldwide","og:type":"article","og:title":"Xiaomi Electric Kettle - Rucas - Wholesale and Distribution","og:description":"* 304 Stainless Steel Inner Layer * 1.5L Large Capacity * Anti-scalding Double Layers * Superior STRIX Temperature Control * Two Stage Damping Uncap Design * Triple Security Protection * Seamless Uni-body Design * Visible LED Indicator Light","og:url":"https:\/\/www.rucashk.com\/pt\/produto\/xiaomi-electric-kettle\/","og:image":"https:\/\/www.rucashk.com\/wp-content\/uploads\/replace\/503b8e645f128a97ccde2b6290747646.jpeg","og:image:secure_url":"https:\/\/www.rucashk.com\/wp-content\/uploads\/replace\/503b8e645f128a97ccde2b6290747646.jpeg","og:image:width":1456,"og:image:height":816,"article:published_time":"2024-01-09T15:52:41+00:00","article:modified_time":"2024-01-21T04:31:30+00:00","twitter:card":"summary_large_image","twitter:title":"Xiaomi Electric Kettle - Rucas - Wholesale and Distribution","twitter:description":"* 304 Stainless Steel Inner Layer * 1.5L Large Capacity * Anti-scalding Double Layers * Superior STRIX Temperature Control * Two Stage Damping Uncap Design * Triple Security Protection * Seamless Uni-body Design * Visible LED Indicator Light","twitter:image":"https:\/\/www.rucashk.com\/wp-content\/uploads\/replace\/503b8e645f128a97ccde2b6290747646.jpeg","schema":{"@context":"https:\/\/schema.org","@graph":[{"@type":"BreadcrumbList","@id":"https:\/\/www.rucashk.com\/pt\/produto\/xiaomi-electric-kettle\/#breadcrumblist","itemListElement":[{"@type":"ListItem","@id":"https:\/\/www.rucashk.com\/pt\/#listItem","position":1,"name":"Home","item":"https:\/\/www.rucashk.com\/pt\/","nextItem":"https:\/\/www.rucashk.com\/pt\/produto\/xiaomi-electric-kettle\/#listItem"},{"@type":"ListItem","@id":"https:\/\/www.rucashk.com\/pt\/produto\/xiaomi-electric-kettle\/#listItem","position":2,"name":"Xiaomi\u00a0Electric Kettle","previousItem":"https:\/\/www.rucashk.com\/pt\/#listItem"}]},{"@type":"Organization","@id":"https:\/\/www.rucashk.com\/pt\/#organization","name":"Rucas","url":"https:\/\/www.rucashk.com\/pt\/","logo":{"@type":"ImageObject","url":"https:\/\/www.rucashk.com\/wp-content\/uploads\/2023\/12\/Rucas_campany_logo.png","@id":"https:\/\/www.rucashk.com\/pt\/produto\/xiaomi-electric-kettle\/#organizationLogo","width":221,"height":65},"image":{"@id":"https:\/\/www.rucashk.com\/pt\/#organizationLogo"}},{"@type":"Person","@id":"https:\/\/www.rucashk.com\/pt\/author\/admin\/#author","url":"https:\/\/www.rucashk.com\/pt\/author\/admin\/","name":"admin","image":{"@type":"ImageObject","@id":"https:\/\/www.rucashk.com\/pt\/produto\/xiaomi-electric-kettle\/#authorImage","url":"https:\/\/secure.gravatar.com\/avatar\/b7c8925b09a27e72b30232f8ecaadbd5af0f70a38c78096863fe51b64f031c24?s=96&d=mm&r=g","width":96,"height":96,"caption":"admin"}},{"@type":"WebPage","@id":"https:\/\/www.rucashk.com\/pt\/produto\/xiaomi-electric-kettle\/#webpage","url":"https:\/\/www.rucashk.com\/pt\/produto\/xiaomi-electric-kettle\/","name":"Xiaomi Electric Kettle - Rucas - Wholesale and Distribution","description":"* 304 Stainless Steel Inner Layer * 1.5L Large Capacity * Anti-scalding Double Layers * Superior STRIX Temperature Control * Two Stage Damping Uncap Design * Triple Security Protection * Seamless Uni-body Design * Visible LED Indicator Light","inLanguage":"pt-PT","isPartOf":{"@id":"https:\/\/www.rucashk.com\/pt\/#website"},"breadcrumb":{"@id":"https:\/\/www.rucashk.com\/pt\/produto\/xiaomi-electric-kettle\/#breadcrumblist"},"author":{"@id":"https:\/\/www.rucashk.com\/pt\/author\/admin\/#author"},"creator":{"@id":"https:\/\/www.rucashk.com\/pt\/author\/admin\/#author"},"image":{"@type":"ImageObject","url":"https:\/\/www.rucashk.com\/wp-content\/uploads\/2024\/01\/xiaomi-Electric-kettle.jpg","@id":"https:\/\/www.rucashk.com\/pt\/produto\/xiaomi-electric-kettle\/#mainImage","width":510,"height":489},"primaryImageOfPage":{"@id":"https:\/\/www.rucashk.com\/pt\/produto\/xiaomi-electric-kettle\/#mainImage"},"datePublished":"2024-01-09T15:52:41+00:00","dateModified":"2024-01-21T04:31:30+00:00"},{"@type":"WebSite","@id":"https:\/\/www.rucashk.com\/pt\/#website","url":"https:\/\/www.rucashk.com\/pt\/","name":"Rucas - Wholesale and distribution worldwide","alternateName":"Rucas - One-stop AIoT Distribution Worldwide","description":"One-stop AIoT Distribution Worldwide","inLanguage":"pt-PT","publisher":{"@id":"https:\/\/www.rucashk.com\/pt\/#organization"}}]}},"aioseo_meta_data":{"post_id":"23230","title":null,"description":null,"keywords":null,"keyphrases":null,"primary_term":null,"canonical_url":null,"og_title":null,"og_description":null,"og_object_type":"default","og_image_type":"default","og_image_url":null,"og_image_width":null,"og_image_height":null,"og_image_custom_url":null,"og_image_custom_fields":null,"og_video":null,"og_custom_url":null,"og_article_section":null,"og_article_tags":null,"twitter_use_og":false,"twitter_card":"default","twitter_image_type":"default","twitter_image_url":null,"twitter_image_custom_url":null,"twitter_image_custom_fields":null,"twitter_title":null,"twitter_description":null,"schema":{"blockGraphs":[],"customGraphs":[],"default":{"data":{"Article":[],"Course":[],"Dataset":[],"FAQPage":[],"Movie":[],"Person":[],"Product":[],"Recipe":[],"Service":[],"SoftwareApplication":[],"WebPage":[]},"graphName":"","isEnabled":true},"graphs":[]},"schema_type":"default","schema_type_options":null,"pillar_content":false,"robots_default":true,"robots_noindex":false,"robots_noarchive":false,"robots_nosnippet":false,"robots_nofollow":false,"robots_noimageindex":false,"robots_noodp":false,"robots_notranslate":false,"robots_max_snippet":null,"robots_max_videopreview":null,"robots_max_imagepreview":"large","priority":null,"frequency":null,"local_seo":null,"breadcrumb_settings":null,"limit_modified_date":false,"created":"2024-04-11 01:55:28","updated":"2025-06-22 17:02:05"},"aioseo_breadcrumb":"<div class=\"aioseo-breadcrumbs\"><span class=\"aioseo-breadcrumb\">\n\t<a href=\"https:\/\/www.rucashk.com\/pt\" title=\"Home\">Home<\/a>\n<\/span><span class=\"aioseo-breadcrumb-separator\">&raquo;<\/span><span class=\"aioseo-breadcrumb\">\n\t<a href=\"https:\/\/www.rucashk.com\/pt\/products\/\" title=\"Produtos\">Produtos<\/a>\n<\/span><span class=\"aioseo-breadcrumb-separator\">&raquo;<\/span><span class=\"aioseo-breadcrumb\">\n\t<a href=\"https:\/\/www.rucashk.com\/pt\/categoria-produto\/xiaomi-eco\/\" title=\"Xiaomi Eco\">Xiaomi Eco<\/a>\n<\/span><span class=\"aioseo-breadcrumb-separator\">&raquo;<\/span><span class=\"aioseo-breadcrumb\">\n\t<a href=\"https:\/\/www.rucashk.com\/pt\/categoria-produto\/xiaomi-eco\/gadgets\/\" title=\"Gadgets\">Gadgets<\/a>\n<\/span><span class=\"aioseo-breadcrumb-separator\">&raquo;<\/span><span class=\"aioseo-breadcrumb\">\n\tXiaomi\u00a0Electric Kettle\n<\/span><\/div>","aioseo_breadcrumb_json":[{"label":"Home","link":"https:\/\/www.rucashk.com\/pt"},{"label":"Produtos","link":"https:\/\/www.rucashk.com\/pt\/products\/"},{"label":"Xiaomi Eco","link":"https:\/\/www.rucashk.com\/pt\/categoria-produto\/xiaomi-eco\/"},{"label":"Gadgets","link":"https:\/\/www.rucashk.com\/pt\/categoria-produto\/xiaomi-eco\/gadgets\/"},{"label":"Xiaomi\u00a0Electric Kettle","link":"https:\/\/www.rucashk.com\/pt\/produto\/xiaomi-electric-kettle\/"}],"_links":{"self":[{"href":"https:\/\/www.rucashk.com\/pt\/wp-json\/wp\/v2\/product\/23230","targetHints":{"allow":["GET"]}}],"collection":[{"href":"https:\/\/www.rucashk.com\/pt\/wp-json\/wp\/v2\/product"}],"about":[{"href":"https:\/\/www.rucashk.com\/pt\/wp-json\/wp\/v2\/types\/product"}],"wp:featuredmedia":[{"embeddable":true,"href":"https:\/\/www.rucashk.com\/pt\/wp-json\/wp\/v2\/media\/23269"}],"wp:attachment":[{"href":"https:\/\/www.rucashk.com\/pt\/wp-json\/wp\/v2\/media?parent=23230"}],"wp:term":[{"taxonomy":"product_brand","embeddable":true,"href":"https:\/\/www.rucashk.com\/pt\/wp-json\/wp\/v2\/product_brand?post=23230"},{"taxonomy":"product_cat","embeddable":true,"href":"https:\/\/www.rucashk.com\/pt\/wp-json\/wp\/v2\/product_cat?post=23230"},{"taxonomy":"product_tag","embeddable":true,"href":"https:\/\/www.rucashk.com\/pt\/wp-json\/wp\/v2\/product_tag?post=23230"}],"curies":[{"name":"wp","href":"https:\/\/api.w.org\/{rel}","templated":true}]}}