{"id":23229,"date":"2024-01-09T15:52:41","date_gmt":"2024-01-09T15:52:41","guid":{"rendered":"http:\/\/rucashk.com\/?post_type=product&#038;p=23229"},"modified":"2024-01-21T04:31:12","modified_gmt":"2024-01-21T04:31:12","slug":"xiaomi-mi-smart-kettle","status":"publish","type":"product","link":"https:\/\/www.rucashk.com\/pt\/produto\/xiaomi-mi-smart-kettle\/","title":{"rendered":"Chaleira Inteligente Xiaomi Mi"},"content":{"rendered":"<div class=\"sizeDesc js-sizeDescription\">\n<div class=\"sizeDescTable\">\n<div class=\"sizeDescDetail\">\n<h2 class=\"sizeDescContent\" style=\"text-align: center\">Chaleira Inteligente Xiaomi Mi<\/h2>\n<\/div>\n<\/div>\n<\/div>\n<div class=\"imageDesc\">\n<p><img fetchpriority=\"high\" decoding=\"async\" class=\"js-lazyload lazy-loaded aligncenter\" src=\"https:\/\/www.rucashk.com\/wp-content\/uploads\/2020\/06\/8c67425b9ca2.jpg\" alt=\"Xiaomi Mi Smart Kettle\" width=\"790\" height=\"750\" data-lazy=\"https:\/\/www.rucashk.com\/wp-content\/uploads\/2020\/06\/8c67425b9ca2.jpg\" data-was-processed=\"true\" \/><\/p>\n<p><img decoding=\"async\" class=\"js-lazyload lazy-loaded aligncenter\" src=\"https:\/\/www.rucashk.com\/wp-content\/uploads\/2020\/06\/1be32388f99b.jpg\" alt=\"Xiaomi Mi Smart Kettle\" width=\"790\" height=\"1039\" data-lazy=\"https:\/\/www.rucashk.com\/wp-content\/uploads\/2020\/06\/1be32388f99b.jpg\" data-was-processed=\"true\" \/><\/p>\n<p><img decoding=\"async\" class=\"js-lazyload lazy-loaded aligncenter\" src=\"https:\/\/www.rucashk.com\/wp-content\/uploads\/2020\/06\/8bc4273efa88.jpg\" alt=\"Xiaomi Mi Smart Kettle\" width=\"790\" height=\"1080\" data-lazy=\"https:\/\/www.rucashk.com\/wp-content\/uploads\/2020\/06\/8bc4273efa88.jpg\" data-was-processed=\"true\" \/><\/p>\n<p><img loading=\"lazy\" decoding=\"async\" class=\"js-lazyload lazy-loaded aligncenter\" src=\"https:\/\/www.rucashk.com\/wp-content\/uploads\/2020\/06\/e347727af8ff.jpg\" alt=\"Xiaomi Mi Smart Kettle\" width=\"790\" height=\"1447\" data-lazy=\"https:\/\/www.rucashk.com\/wp-content\/uploads\/2020\/06\/e347727af8ff.jpg\" data-was-processed=\"true\" \/><\/p>\n<p><img loading=\"lazy\" decoding=\"async\" class=\"js-lazyload lazy-loaded aligncenter\" src=\"https:\/\/www.rucashk.com\/wp-content\/uploads\/2020\/06\/23859bb0e0bc.jpg\" alt=\"Xiaomi Mi Smart Kettle\" width=\"1000\" height=\"774\" data-lazy=\"https:\/\/www.rucashk.com\/wp-content\/uploads\/2020\/06\/23859bb0e0bc.jpg\" data-was-processed=\"true\" \/><\/p>\n<p><img loading=\"lazy\" decoding=\"async\" class=\"js-lazyload lazy-loaded aligncenter\" src=\"https:\/\/www.rucashk.com\/wp-content\/uploads\/2020\/06\/fa17661d898d.jpg\" alt=\"Xiaomi Mi Smart Kettle\" width=\"800\" height=\"1066\" data-lazy=\"https:\/\/www.rucashk.com\/wp-content\/uploads\/2020\/06\/fa17661d898d.jpg\" data-was-processed=\"true\" \/><\/p>\n<p><img loading=\"lazy\" decoding=\"async\" class=\"js-lazyload lazy-loaded aligncenter\" src=\"https:\/\/www.rucashk.com\/wp-content\/uploads\/2020\/06\/567137715720.jpg\" alt=\"Xiaomi Mi Smart Kettle\" width=\"800\" height=\"1066\" data-lazy=\"https:\/\/www.rucashk.com\/wp-content\/uploads\/2020\/06\/567137715720.jpg\" data-was-processed=\"true\" \/><\/p>\n<p><img loading=\"lazy\" decoding=\"async\" class=\"js-lazyload lazy-loaded aligncenter\" src=\"https:\/\/www.rucashk.com\/wp-content\/uploads\/2020\/06\/0b7447760ace.jpg\" alt=\"Xiaomi Mi Smart Kettle\" width=\"800\" height=\"1599\" data-lazy=\"https:\/\/www.rucashk.com\/wp-content\/uploads\/2020\/06\/0b7447760ace.jpg\" data-was-processed=\"true\" \/><\/p>\n<div class=\"product-detail-title\">DETALHES DO PRODUTO<\/div>\n<div class=\"product-specification\">\n<p class=\"specification-title\">Espec\u00edficos do artigo<\/p>\n<div class=\"ui-box-body\">\n<ul class=\"product-property-list util-clearfix show-all\">\n<li id=\"product-prop-19283\" class=\"property-item\" data-attr=\"2476\" data-title=\"220V\"><span class=\"propery-title\">Tens\u00e3o (V):<\/span><span class=\"propery-des\" title=\"220 V\">220 V<\/span><\/li>\n<li id=\"product-prop-200001359\" class=\"property-item\" data-attr=\"201454633\" data-title=\"Flat Bottom Heating\"><span class=\"propery-title\">M\u00e9todo de aquecimento:<\/span><span class=\"propery-des\" title=\"Aquecimento de fundo plano\">Aquecimento de fundo plano<\/span><\/li>\n<li id=\"product-prop-1141\" class=\"property-item\" data-attr=\"2701\" data-title=\"1.5L\"><span class=\"propery-title\">Capacidade:<\/span><span class=\"propery-des\" title=\"1,5L\">1,5L<\/span><\/li>\n<li id=\"product-prop-19261\" class=\"property-item\" data-attr=\"201446539\" data-title=\"1800W\"><span class=\"propery-title\">Pot\u00eancia (W):<\/span><span class=\"propery-des\" title=\"1800W\">1800W<\/span><\/li>\n<li id=\"product-prop-217\" class=\"property-item\" data-attr=\"351675\" data-title=\"360 Degree Rotational Base\"><span class=\"propery-title\">Recurso:<\/span><span class=\"propery-des\" title=\"Base rotacional de 360 graus\">Base rotacional de 360 graus<\/span><\/li>\n<li id=\"product-prop-43\" class=\"property-item\" data-attr=\"351749\" data-title=\"Safety Auto-Off Function\"><span class=\"propery-title\">Fun\u00e7\u00e3o:<\/span><span class=\"propery-des\" title=\"Fun\u00e7\u00e3o de desligamento autom\u00e1tico de seguran\u00e7a\">Fun\u00e7\u00e3o de desligamento autom\u00e1tico de seguran\u00e7a<\/span><\/li>\n<li id=\"product-prop-200001393\" class=\"property-item\" data-attr=\"200006867\" data-title=\"5 minutes\" data-spm-anchor-id=\"2114.12057483.0.i4.2f464724OBL1WP\"><span class=\"propery-title\">Velocidade de aquecimento:<\/span><span class=\"propery-des\" title=\"5 minutos\">5 minutos<\/span><\/li>\n<li id=\"product-prop-10\" class=\"property-item\" data-attr=\"124\" data-title=\"Plastic\"><span class=\"propery-title\">Material:<\/span><span class=\"propery-des\" title=\"Pl\u00e1stico\">Pl\u00e1stico<\/span><\/li>\n<li id=\"product-prop-348\" class=\"property-item\" data-attr=\"803\" data-title=\"ce\"><span class=\"propery-title\">Certifica\u00e7\u00e3o:<\/span><span class=\"propery-des\" title=\"ce\">ce<\/span><\/li>\n<li id=\"product-prop-1435\" class=\"property-item\" data-attr=\"200009885\" data-title=\"Electric Kettle\"><span class=\"propery-title\">Estilo:<\/span><span class=\"propery-des\" style=\"width: auto !important\" title=\"&lt;a href=\" data-wpil-post-to-id=\"4288\">Chaleira El\u00e9trica\u201d&gt; Chaleira El\u00e9trica<\/span><\/li>\n<li id=\"product-prop-3\" class=\"property-item\" data-attr=\"-1\" data-title=\"ZHF4012GL\"><span class=\"propery-title\">N\u00famero do modelo:<\/span><span class=\"propery-des\" title=\"ZHF4012GL\">ZHF4012GL<\/span><\/li>\n<li id=\"product-prop-1011\" class=\"property-item\" data-attr=\"2468\" data-title=\"YES\"><span class=\"propery-title\">Desligamento Autom\u00e1tico:<\/span><span class=\"propery-des\" title=\"SIM\">SIM<\/span><\/li>\n<li id=\"product-prop-33\" class=\"property-item\" data-attr=\"201454627\" data-title=\"220V\/50HZ\"><span class=\"propery-title\">Fonte de energia:<\/span><span class=\"propery-des\" title=\"220 V\/50 Hz\">220 V\/50 Hz<\/span><\/li>\n<li id=\"product-prop-1487\" class=\"property-item\" data-attr=\"206\" data-title=\"STAINLESS STEEL\"><span class=\"propery-title\">Material da concha:<\/span><span class=\"propery-des\" style=\"width: auto !important\" title=\"&lt;a href=\" data-wpil-post-to-id=\"7150\">A\u00c7O INOXID\u00c1VEL\u201d&gt;A\u00c7O INOXID\u00c1VEL<\/span><\/li>\n<li id=\"product-prop-2\" class=\"property-item\" data-attr=\"200658765\" data-title=\"Xiaomi\"><span class=\"propery-title\">Marca:<\/span><span class=\"propery-des\" title=\"Xiaomi\">Xiaomi<\/span><\/li>\n<\/ul>\n<\/div>\n<\/div>\n<div id=\"j-product-description\" class=\"ui-box product-description-main\" data-widget-cid=\"widget-28\">\n<div class=\"ui-box-title\"><\/div>\n<\/div>\n<\/div>","protected":false},"excerpt":{"rendered":"<p>Principais caracter\u00edsticas:<br \/>\n* Capacidade de \u00e1gua de 1,5L.<br \/>\n* temperature control time and automatically switches off once water comes to a boil. The water temperature.<br \/>\n* It can be remote controlled via your Xiaomi smart home APP, everything in on your hand.<br \/>\n* Constant temperature control time can be up to 12hours.<br \/>\n* 360 degree swivel power base provides durable use and convenience.<br \/>\n* Prote\u00e7\u00e3o de seguran\u00e7a tripla: evita choque el\u00e9trico, sem vazamento el\u00e9trico e desligamento autom\u00e1tico.<\/p>","protected":false},"featured_media":23268,"template":"","meta":[],"product_brand":[],"product_cat":[1318,1305],"product_tag":[836],"class_list":{"0":"post-23229","1":"product","2":"type-product","3":"status-publish","4":"has-post-thumbnail","6":"product_cat-gadgets","7":"product_cat-xiaomi-eco","8":"product_tag-xiaomi-mi-smart-kettle","10":"first","11":"instock","12":"shipping-taxable","13":"product-type-external"},"aioseo_notices":[],"aioseo_head":"\n\t\t<!-- All in One SEO Pro 4.5.9.2 - aioseo.com -->\n\t\t<meta name=\"description\" content=\"Main Features: * 1.5L water capacity. * temperature control time and automatically switches off once water comes to a boil. The water temperature. * It can be remote controlled via your Xiaomi smart home APP, everything in on your hand. * Constant temperature control time can be up to 12hours. * 360 degree swivel power base provides durable use and convenience. * Triple security protection: Prevent electric shock, no electric leakage and auto power off.\" \/>\n\t\t<meta name=\"robots\" content=\"max-image-preview:large\" \/>\n\t\t<link rel=\"canonical\" href=\"https:\/\/www.rucashk.com\/pt\/produto\/xiaomi-mi-smart-kettle\/\" \/>\n\t\t<meta name=\"generator\" content=\"All in One SEO Pro (AIOSEO) 4.5.9.2\" \/>\n\t\t<meta property=\"og:locale\" content=\"pt_PT\" \/>\n\t\t<meta property=\"og:site_name\" content=\"Rucas - One-stop AIoT Distribution Worldwide\" \/>\n\t\t<meta property=\"og:type\" content=\"article\" \/>\n\t\t<meta property=\"og:title\" content=\"Xiaomi Mi Smart Kettle - Rucas - Wholesale and Distribution\" \/>\n\t\t<meta property=\"og:description\" content=\"Main Features: * 1.5L water capacity. * temperature control time and automatically switches off once water comes to a boil. The water temperature. * It can be remote controlled via your Xiaomi smart home APP, everything in on your hand. * Constant temperature control time can be up to 12hours. * 360 degree swivel power base provides durable use and convenience. * Triple security protection: Prevent electric shock, no electric leakage and auto power off.\" \/>\n\t\t<meta property=\"og:url\" content=\"https:\/\/www.rucashk.com\/pt\/produto\/xiaomi-mi-smart-kettle\/\" \/>\n\t\t<meta property=\"og:image\" content=\"https:\/\/www.rucashk.com\/wp-content\/uploads\/replace\/503b8e645f128a97ccde2b6290747646.jpeg\" \/>\n\t\t<meta property=\"og:image:secure_url\" content=\"https:\/\/www.rucashk.com\/wp-content\/uploads\/replace\/503b8e645f128a97ccde2b6290747646.jpeg\" \/>\n\t\t<meta property=\"og:image:width\" content=\"1456\" \/>\n\t\t<meta property=\"og:image:height\" content=\"816\" \/>\n\t\t<meta property=\"article:published_time\" content=\"2024-01-09T15:52:41+00:00\" \/>\n\t\t<meta property=\"article:modified_time\" content=\"2024-01-21T04:31:12+00:00\" \/>\n\t\t<meta name=\"twitter:card\" content=\"summary_large_image\" \/>\n\t\t<meta name=\"twitter:title\" content=\"Xiaomi Mi Smart Kettle - Rucas - Wholesale and Distribution\" \/>\n\t\t<meta name=\"twitter:description\" content=\"Main Features: * 1.5L water capacity. * temperature control time and automatically switches off once water comes to a boil. The water temperature. * It can be remote controlled via your Xiaomi smart home APP, everything in on your hand. * Constant temperature control time can be up to 12hours. * 360 degree swivel power base provides durable use and convenience. * Triple security protection: Prevent electric shock, no electric leakage and auto power off.\" \/>\n\t\t<meta name=\"twitter:image\" content=\"https:\/\/www.rucashk.com\/wp-content\/uploads\/replace\/503b8e645f128a97ccde2b6290747646.jpeg\" \/>\n\t\t<script type=\"application\/ld+json\" class=\"aioseo-schema\">\n\t\t\t{\"@context\":\"https:\\\/\\\/schema.org\",\"@graph\":[{\"@type\":\"BreadcrumbList\",\"@id\":\"https:\\\/\\\/www.rucashk.com\\\/pt\\\/produto\\\/xiaomi-mi-smart-kettle\\\/#breadcrumblist\",\"itemListElement\":[{\"@type\":\"ListItem\",\"@id\":\"https:\\\/\\\/www.rucashk.com\\\/pt\\\/#listItem\",\"position\":1,\"name\":\"Home\",\"item\":\"https:\\\/\\\/www.rucashk.com\\\/pt\\\/\",\"nextItem\":\"https:\\\/\\\/www.rucashk.com\\\/pt\\\/produto\\\/xiaomi-mi-smart-kettle\\\/#listItem\"},{\"@type\":\"ListItem\",\"@id\":\"https:\\\/\\\/www.rucashk.com\\\/pt\\\/produto\\\/xiaomi-mi-smart-kettle\\\/#listItem\",\"position\":2,\"name\":\"Xiaomi Mi Smart Kettle\",\"previousItem\":\"https:\\\/\\\/www.rucashk.com\\\/pt\\\/#listItem\"}]},{\"@type\":\"Organization\",\"@id\":\"https:\\\/\\\/www.rucashk.com\\\/pt\\\/#organization\",\"name\":\"Rucas\",\"url\":\"https:\\\/\\\/www.rucashk.com\\\/pt\\\/\",\"logo\":{\"@type\":\"ImageObject\",\"url\":\"https:\\\/\\\/www.rucashk.com\\\/wp-content\\\/uploads\\\/2023\\\/12\\\/Rucas_campany_logo.png\",\"@id\":\"https:\\\/\\\/www.rucashk.com\\\/pt\\\/produto\\\/xiaomi-mi-smart-kettle\\\/#organizationLogo\",\"width\":221,\"height\":65},\"image\":{\"@id\":\"https:\\\/\\\/www.rucashk.com\\\/pt\\\/#organizationLogo\"}},{\"@type\":\"Person\",\"@id\":\"https:\\\/\\\/www.rucashk.com\\\/pt\\\/author\\\/admin\\\/#author\",\"url\":\"https:\\\/\\\/www.rucashk.com\\\/pt\\\/author\\\/admin\\\/\",\"name\":\"admin\",\"image\":{\"@type\":\"ImageObject\",\"@id\":\"https:\\\/\\\/www.rucashk.com\\\/pt\\\/produto\\\/xiaomi-mi-smart-kettle\\\/#authorImage\",\"url\":\"https:\\\/\\\/secure.gravatar.com\\\/avatar\\\/b7c8925b09a27e72b30232f8ecaadbd5af0f70a38c78096863fe51b64f031c24?s=96&d=mm&r=g\",\"width\":96,\"height\":96,\"caption\":\"admin\"}},{\"@type\":\"WebPage\",\"@id\":\"https:\\\/\\\/www.rucashk.com\\\/pt\\\/produto\\\/xiaomi-mi-smart-kettle\\\/#webpage\",\"url\":\"https:\\\/\\\/www.rucashk.com\\\/pt\\\/produto\\\/xiaomi-mi-smart-kettle\\\/\",\"name\":\"Xiaomi Mi Smart Kettle - Rucas - Wholesale and Distribution\",\"description\":\"Main Features: * 1.5L water capacity. * temperature control time and automatically switches off once water comes to a boil. The water temperature. * It can be remote controlled via your Xiaomi smart home APP, everything in on your hand. * Constant temperature control time can be up to 12hours. * 360 degree swivel power base provides durable use and convenience. * Triple security protection: Prevent electric shock, no electric leakage and auto power off.\",\"inLanguage\":\"pt-PT\",\"isPartOf\":{\"@id\":\"https:\\\/\\\/www.rucashk.com\\\/pt\\\/#website\"},\"breadcrumb\":{\"@id\":\"https:\\\/\\\/www.rucashk.com\\\/pt\\\/produto\\\/xiaomi-mi-smart-kettle\\\/#breadcrumblist\"},\"author\":{\"@id\":\"https:\\\/\\\/www.rucashk.com\\\/pt\\\/author\\\/admin\\\/#author\"},\"creator\":{\"@id\":\"https:\\\/\\\/www.rucashk.com\\\/pt\\\/author\\\/admin\\\/#author\"},\"image\":{\"@type\":\"ImageObject\",\"url\":\"https:\\\/\\\/www.rucashk.com\\\/wp-content\\\/uploads\\\/2024\\\/01\\\/Xiaomi-Mi-Smart-Kettle.jpg\",\"@id\":\"https:\\\/\\\/www.rucashk.com\\\/pt\\\/produto\\\/xiaomi-mi-smart-kettle\\\/#mainImage\",\"width\":543,\"height\":489},\"primaryImageOfPage\":{\"@id\":\"https:\\\/\\\/www.rucashk.com\\\/pt\\\/produto\\\/xiaomi-mi-smart-kettle\\\/#mainImage\"},\"datePublished\":\"2024-01-09T15:52:41+00:00\",\"dateModified\":\"2024-01-21T04:31:12+00:00\"},{\"@type\":\"WebSite\",\"@id\":\"https:\\\/\\\/www.rucashk.com\\\/pt\\\/#website\",\"url\":\"https:\\\/\\\/www.rucashk.com\\\/pt\\\/\",\"name\":\"Rucas - Wholesale and distribution worldwide\",\"alternateName\":\"Rucas - One-stop AIoT Distribution Worldwide\",\"description\":\"One-stop AIoT Distribution Worldwide\",\"inLanguage\":\"pt-PT\",\"publisher\":{\"@id\":\"https:\\\/\\\/www.rucashk.com\\\/pt\\\/#organization\"}}]}\n\t\t<\/script>\n\t\t<!-- All in One SEO Pro -->\r\n\t\t<title>Xiaomi Mi Smart Kettle - Rucas - Wholesale and Distribution<\/title>\n\n","aioseo_head_json":{"title":"Xiaomi Mi Smart Kettle - Rucas - Wholesale and Distribution","description":"Main Features: * 1.5L water capacity. * temperature control time and automatically switches off once water comes to a boil. The water temperature. * It can be remote controlled via your Xiaomi smart home APP, everything in on your hand. * Constant temperature control time can be up to 12hours. * 360 degree swivel power base provides durable use and convenience. * Triple security protection: Prevent electric shock, no electric leakage and auto power off.","canonical_url":"https:\/\/www.rucashk.com\/pt\/produto\/xiaomi-mi-smart-kettle\/","robots":"max-image-preview:large","keywords":"","webmasterTools":{"miscellaneous":""},"og:locale":"pt_PT","og:site_name":"Rucas - One-stop AIoT Distribution Worldwide","og:type":"article","og:title":"Xiaomi Mi Smart Kettle - Rucas - Wholesale and Distribution","og:description":"Main Features: * 1.5L water capacity. * temperature control time and automatically switches off once water comes to a boil. The water temperature. * It can be remote controlled via your Xiaomi smart home APP, everything in on your hand. * Constant temperature control time can be up to 12hours. * 360 degree swivel power base provides durable use and convenience. * Triple security protection: Prevent electric shock, no electric leakage and auto power off.","og:url":"https:\/\/www.rucashk.com\/pt\/produto\/xiaomi-mi-smart-kettle\/","og:image":"https:\/\/www.rucashk.com\/wp-content\/uploads\/replace\/503b8e645f128a97ccde2b6290747646.jpeg","og:image:secure_url":"https:\/\/www.rucashk.com\/wp-content\/uploads\/replace\/503b8e645f128a97ccde2b6290747646.jpeg","og:image:width":1456,"og:image:height":816,"article:published_time":"2024-01-09T15:52:41+00:00","article:modified_time":"2024-01-21T04:31:12+00:00","twitter:card":"summary_large_image","twitter:title":"Xiaomi Mi Smart Kettle - Rucas - Wholesale and Distribution","twitter:description":"Main Features: * 1.5L water capacity. * temperature control time and automatically switches off once water comes to a boil. The water temperature. * It can be remote controlled via your Xiaomi smart home APP, everything in on your hand. * Constant temperature control time can be up to 12hours. * 360 degree swivel power base provides durable use and convenience. * Triple security protection: Prevent electric shock, no electric leakage and auto power off.","twitter:image":"https:\/\/www.rucashk.com\/wp-content\/uploads\/replace\/503b8e645f128a97ccde2b6290747646.jpeg","schema":{"@context":"https:\/\/schema.org","@graph":[{"@type":"BreadcrumbList","@id":"https:\/\/www.rucashk.com\/pt\/produto\/xiaomi-mi-smart-kettle\/#breadcrumblist","itemListElement":[{"@type":"ListItem","@id":"https:\/\/www.rucashk.com\/pt\/#listItem","position":1,"name":"Home","item":"https:\/\/www.rucashk.com\/pt\/","nextItem":"https:\/\/www.rucashk.com\/pt\/produto\/xiaomi-mi-smart-kettle\/#listItem"},{"@type":"ListItem","@id":"https:\/\/www.rucashk.com\/pt\/produto\/xiaomi-mi-smart-kettle\/#listItem","position":2,"name":"Xiaomi Mi Smart Kettle","previousItem":"https:\/\/www.rucashk.com\/pt\/#listItem"}]},{"@type":"Organization","@id":"https:\/\/www.rucashk.com\/pt\/#organization","name":"Rucas","url":"https:\/\/www.rucashk.com\/pt\/","logo":{"@type":"ImageObject","url":"https:\/\/www.rucashk.com\/wp-content\/uploads\/2023\/12\/Rucas_campany_logo.png","@id":"https:\/\/www.rucashk.com\/pt\/produto\/xiaomi-mi-smart-kettle\/#organizationLogo","width":221,"height":65},"image":{"@id":"https:\/\/www.rucashk.com\/pt\/#organizationLogo"}},{"@type":"Person","@id":"https:\/\/www.rucashk.com\/pt\/author\/admin\/#author","url":"https:\/\/www.rucashk.com\/pt\/author\/admin\/","name":"admin","image":{"@type":"ImageObject","@id":"https:\/\/www.rucashk.com\/pt\/produto\/xiaomi-mi-smart-kettle\/#authorImage","url":"https:\/\/secure.gravatar.com\/avatar\/b7c8925b09a27e72b30232f8ecaadbd5af0f70a38c78096863fe51b64f031c24?s=96&d=mm&r=g","width":96,"height":96,"caption":"admin"}},{"@type":"WebPage","@id":"https:\/\/www.rucashk.com\/pt\/produto\/xiaomi-mi-smart-kettle\/#webpage","url":"https:\/\/www.rucashk.com\/pt\/produto\/xiaomi-mi-smart-kettle\/","name":"Xiaomi Mi Smart Kettle - Rucas - Wholesale and Distribution","description":"Main Features: * 1.5L water capacity. * temperature control time and automatically switches off once water comes to a boil. The water temperature. * It can be remote controlled via your Xiaomi smart home APP, everything in on your hand. * Constant temperature control time can be up to 12hours. * 360 degree swivel power base provides durable use and convenience. * Triple security protection: Prevent electric shock, no electric leakage and auto power off.","inLanguage":"pt-PT","isPartOf":{"@id":"https:\/\/www.rucashk.com\/pt\/#website"},"breadcrumb":{"@id":"https:\/\/www.rucashk.com\/pt\/produto\/xiaomi-mi-smart-kettle\/#breadcrumblist"},"author":{"@id":"https:\/\/www.rucashk.com\/pt\/author\/admin\/#author"},"creator":{"@id":"https:\/\/www.rucashk.com\/pt\/author\/admin\/#author"},"image":{"@type":"ImageObject","url":"https:\/\/www.rucashk.com\/wp-content\/uploads\/2024\/01\/Xiaomi-Mi-Smart-Kettle.jpg","@id":"https:\/\/www.rucashk.com\/pt\/produto\/xiaomi-mi-smart-kettle\/#mainImage","width":543,"height":489},"primaryImageOfPage":{"@id":"https:\/\/www.rucashk.com\/pt\/produto\/xiaomi-mi-smart-kettle\/#mainImage"},"datePublished":"2024-01-09T15:52:41+00:00","dateModified":"2024-01-21T04:31:12+00:00"},{"@type":"WebSite","@id":"https:\/\/www.rucashk.com\/pt\/#website","url":"https:\/\/www.rucashk.com\/pt\/","name":"Rucas - Wholesale and distribution worldwide","alternateName":"Rucas - One-stop AIoT Distribution Worldwide","description":"One-stop AIoT Distribution Worldwide","inLanguage":"pt-PT","publisher":{"@id":"https:\/\/www.rucashk.com\/pt\/#organization"}}]}},"aioseo_meta_data":{"post_id":"23229","title":null,"description":null,"keywords":null,"keyphrases":null,"primary_term":null,"canonical_url":null,"og_title":null,"og_description":null,"og_object_type":"default","og_image_type":"default","og_image_url":null,"og_image_width":null,"og_image_height":null,"og_image_custom_url":null,"og_image_custom_fields":null,"og_video":null,"og_custom_url":null,"og_article_section":null,"og_article_tags":null,"twitter_use_og":false,"twitter_card":"default","twitter_image_type":"default","twitter_image_url":null,"twitter_image_custom_url":null,"twitter_image_custom_fields":null,"twitter_title":null,"twitter_description":null,"schema":{"blockGraphs":[],"customGraphs":[],"default":{"data":{"Article":[],"Course":[],"Dataset":[],"FAQPage":[],"Movie":[],"Person":[],"Product":[],"Recipe":[],"Service":[],"SoftwareApplication":[],"WebPage":[]},"graphName":"","isEnabled":true},"graphs":[]},"schema_type":"default","schema_type_options":null,"pillar_content":false,"robots_default":true,"robots_noindex":false,"robots_noarchive":false,"robots_nosnippet":false,"robots_nofollow":false,"robots_noimageindex":false,"robots_noodp":false,"robots_notranslate":false,"robots_max_snippet":null,"robots_max_videopreview":null,"robots_max_imagepreview":"large","priority":null,"frequency":null,"local_seo":null,"breadcrumb_settings":null,"limit_modified_date":false,"created":"2024-04-11 01:55:28","updated":"2025-06-22 17:02:05"},"aioseo_breadcrumb":"<div class=\"aioseo-breadcrumbs\"><span class=\"aioseo-breadcrumb\">\n\t<a href=\"https:\/\/www.rucashk.com\/pt\" title=\"Home\">Home<\/a>\n<\/span><span class=\"aioseo-breadcrumb-separator\">&raquo;<\/span><span class=\"aioseo-breadcrumb\">\n\t<a href=\"https:\/\/www.rucashk.com\/pt\/products\/\" title=\"Produtos\">Produtos<\/a>\n<\/span><span class=\"aioseo-breadcrumb-separator\">&raquo;<\/span><span class=\"aioseo-breadcrumb\">\n\t<a href=\"https:\/\/www.rucashk.com\/pt\/categoria-produto\/xiaomi-eco\/\" title=\"Xiaomi Eco\">Xiaomi Eco<\/a>\n<\/span><span class=\"aioseo-breadcrumb-separator\">&raquo;<\/span><span class=\"aioseo-breadcrumb\">\n\t<a href=\"https:\/\/www.rucashk.com\/pt\/categoria-produto\/xiaomi-eco\/gadgets\/\" title=\"Gadgets\">Gadgets<\/a>\n<\/span><span class=\"aioseo-breadcrumb-separator\">&raquo;<\/span><span class=\"aioseo-breadcrumb\">\n\tXiaomi Mi Smart Kettle\n<\/span><\/div>","aioseo_breadcrumb_json":[{"label":"Home","link":"https:\/\/www.rucashk.com\/pt"},{"label":"Produtos","link":"https:\/\/www.rucashk.com\/pt\/products\/"},{"label":"Xiaomi Eco","link":"https:\/\/www.rucashk.com\/pt\/categoria-produto\/xiaomi-eco\/"},{"label":"Gadgets","link":"https:\/\/www.rucashk.com\/pt\/categoria-produto\/xiaomi-eco\/gadgets\/"},{"label":"Xiaomi Mi Smart Kettle","link":"https:\/\/www.rucashk.com\/pt\/produto\/xiaomi-mi-smart-kettle\/"}],"_links":{"self":[{"href":"https:\/\/www.rucashk.com\/pt\/wp-json\/wp\/v2\/product\/23229","targetHints":{"allow":["GET"]}}],"collection":[{"href":"https:\/\/www.rucashk.com\/pt\/wp-json\/wp\/v2\/product"}],"about":[{"href":"https:\/\/www.rucashk.com\/pt\/wp-json\/wp\/v2\/types\/product"}],"wp:featuredmedia":[{"embeddable":true,"href":"https:\/\/www.rucashk.com\/pt\/wp-json\/wp\/v2\/media\/23268"}],"wp:attachment":[{"href":"https:\/\/www.rucashk.com\/pt\/wp-json\/wp\/v2\/media?parent=23229"}],"wp:term":[{"taxonomy":"product_brand","embeddable":true,"href":"https:\/\/www.rucashk.com\/pt\/wp-json\/wp\/v2\/product_brand?post=23229"},{"taxonomy":"product_cat","embeddable":true,"href":"https:\/\/www.rucashk.com\/pt\/wp-json\/wp\/v2\/product_cat?post=23229"},{"taxonomy":"product_tag","embeddable":true,"href":"https:\/\/www.rucashk.com\/pt\/wp-json\/wp\/v2\/product_tag?post=23229"}],"curies":[{"name":"wp","href":"https:\/\/api.w.org\/{rel}","templated":true}]}}