{"id":23225,"date":"2024-01-09T15:52:41","date_gmt":"2024-01-09T15:52:41","guid":{"rendered":"http:\/\/rucashk.com\/?post_type=product&#038;p=23225"},"modified":"2024-01-21T09:05:13","modified_gmt":"2024-01-21T09:05:13","slug":"yi-z15-88001-2k-16-mp-action-camera","status":"publish","type":"product","link":"https:\/\/www.rucashk.com\/pt\/produto\/yi-z15-88001-2k-16-mp-action-camera\/","title":{"rendered":"C\u00e2mera de a\u00e7\u00e3o YI Z15 88001 2K 16 MP"},"content":{"rendered":"<p><img fetchpriority=\"high\" decoding=\"async\" class=\"aligncenter\" src=\"https:\/\/www.rucashk.com\/wp-content\/uploads\/2020\/06\/61jzB5QXeQL._AC_SL1000_.jpg\" alt=\"YI Z15 88001 2K 16 MP Action Camera\" width=\"1000\" height=\"1000\" \/><\/p>\n<p><img decoding=\"async\" class=\"aligncenter\" src=\"https:\/\/www.rucashk.com\/wp-content\/uploads\/2020\/06\/611WgUFTQOL._AC_SL1000_.jpg\" alt=\"YI Z15 88001 2K 16 MP Action Camera\" width=\"1000\" height=\"1000\" \/><\/p>\n<p><img decoding=\"async\" class=\"aligncenter\" src=\"https:\/\/www.rucashk.com\/wp-content\/uploads\/2020\/06\/61G0qS1rw0L._AC_SL1000_.jpg\" alt=\"YI Z15 88001 2K 16 MP Action Camera\" width=\"1000\" height=\"931\" \/><\/p>\n<p><img loading=\"lazy\" decoding=\"async\" class=\"aligncenter\" src=\"https:\/\/www.rucashk.com\/wp-content\/uploads\/2020\/06\/71gdnuD25TL._AC_SL1000_.jpg\" alt=\"YI Z15 88001 2K 16 MP Action Camera\" width=\"1000\" height=\"1000\" \/><\/p>\n<p><img loading=\"lazy\" decoding=\"async\" class=\"aligncenter\" src=\"https:\/\/www.rucashk.com\/wp-content\/uploads\/2020\/06\/619yPO4XGSL._AC_SL1000_.jpg\" alt=\"YI Z15 88001 2K 16 MP Action Camera\" width=\"986\" height=\"806\" \/><\/p>\n<p><img loading=\"lazy\" decoding=\"async\" class=\"aligncenter\" src=\"https:\/\/www.rucashk.com\/wp-content\/uploads\/2020\/06\/61J2BMA4lTgL._AC_SL1000_.jpg\" alt=\"YI Z15 88001 2K 16 MP Action Camera\" width=\"1000\" height=\"1000\" \/><\/p>\n<p><img loading=\"lazy\" decoding=\"async\" class=\"aligncenter\" src=\"https:\/\/www.rucashk.com\/wp-content\/uploads\/2020\/06\/71W2J4vOC2BL._AC_SL1000_.jpg\" alt=\"YI Z15 88001 2K 16 MP Action Camera\" width=\"1000\" height=\"1000\" \/><\/p>\n<div>\n<div class=\"ProductDescription\">\n<h2 class=\"ProductDescription__title\">Descri\u00e7\u00e3o<\/h2>\n<div class=\"ProductDescription__text\">\n<div class=\"LinesEllipsis\">\n<ul>\n<li>Chipset Amarelle a7ls, tecnologia de processamento de sinal digital (DSP) de baixa pot\u00eancia, mecanismo de v\u00eddeo h264 e mjpeg de alta defini\u00e7\u00e3o (HD) e processador de aplicativos arm11 de 700 MHz.<\/li>\n<li>Sony imx206, sensor de imagem CMOS de 1 e 2,3 polegadas, 16 megapixels com capacidade Exmor R.<\/li>\n<li>1080P e 60fps, 720p e 120fps, 848 x 480 e 240fps.<\/li>\n<li>Bluetooth (4.0 abaixo do consumo de energia) e Wi-Fi 2.4g de banda \u00fanica integrado (802.11 bgn).<\/li>\n<li><a class=\"\" style=\"width: auto !important\" href=\"https:\/\/www.rucashk.com\/pt\/xiaomi-miui-official-release-miui-12-camera-function-transplant-instructions\/\" data-wpil-post-to-id=\"8971\">Lan\u00e7amento oficial limitado da edi\u00e7\u00e3o americana da c\u00e2mera de a\u00e7\u00e3o YI<\/a> (otimizado para <a href=\"https:\/\/www.rucashk.com\/pt\/huawei-matepad-pro-uses-graphene-for-heat-dissipation-will-the-battery-be-used\/\" class=\"\" style=\"width: auto !important\" data-wpil-post-to-id=\"16193\">Mercado dos EUA, aumento da bateria<\/a> vida, atende aos requisitos internacionais, ingl\u00eas).<\/li>\n<li>Em caso de alguma d\u00favida <a class=\"\" style=\"width: auto !important\" href=\"https:\/\/www.rucashk.com\/pt\/contact-us\/\" data-wpil-post-to-id=\"907\">Contate-nos<\/a> em support@yitechnology.com.<\/li>\n<\/ul>\n<ul>\n<li><span class=\"import_india\">Importado da \u00cdNDIA<\/span>.<\/li>\n<\/ul>\n<p>&nbsp;<\/p>\n<p>Nome do estilo: C\u00e2mera<\/p>\n<p>YI, a escolha de mais de 3,5 milh\u00f5es de usu\u00e1rios satisfeitos \u2022 Liderando o<br \/>\nmercado de tecnologia de imagem \u2022 Alto desempenho e pre\u00e7o acess\u00edvel \u2022<br \/>\nFeedback positivo e atendimento ao cliente Configura\u00e7\u00e3o simples 1. Baixar<br \/>\n<a class=\"\" style=\"width: auto !important\" href=\"https:\/\/www.rucashk.com\/pt\/produto\/xiaomi-yi-4k-plus-action-camera\/\" data-wpil-post-to-id=\"15584\">C\u00e2mera de a\u00e7\u00e3o YI<\/a> Aplicativo 2. Ligue a c\u00e2mera 3. Conecte a c\u00e2mera<br \/>\npara o aplicativo 4. Comece a fazer e compartilhar v\u00eddeos + fotos 155\u00b0<br \/>\nLente de \u00e2ngulo ultra grande angular e lente de vidro com abertura F2.8 Fotografe mais<br \/>\nseu mundo com a lente ultra grande angular. O 16MP todo em vidro<br \/>\nA lente CMOS com abertura F2.8 oferece uma experi\u00eancia totalmente envolvente<br \/>\nexperi\u00eancia. Sensor g ST de alto desempenho. Wi-Fi at\u00e9 300 p\u00e9s e<br \/>\nConectividade Bluetooth 4.0 Enquadre suas fotos perfeitamente<br \/>\nvisualizar imagens ao vivo em seu telefone com o Wi-Fi integrado.<br \/>\nVeja exatamente o que sua c\u00e2mera v\u00ea e tire fotos e grave v\u00eddeos<br \/>\nat\u00e9 300 p\u00e9s de dist\u00e2ncia em seu telefone. Controle a c\u00e2mera e ajuste o<br \/>\nconfigura\u00e7\u00f5es remotamente no aplicativo, controle remoto ou c\u00e2mera. Foto e \u00e1udio,<br \/>\nV\u00e1rios modos de 16 megapixels, resolu\u00e7\u00e3o m\u00e1xima de 4608 x 3456, 0,5<br \/>\n\u2013 Modo de lapso de tempo de 60 segundos, modo de temporiza\u00e7\u00e3o de 3 a 15 segundos, 7 fotos\/seg<br \/>\nModo Cont\u00ednuo. 11 modos de v\u00eddeo e 4 modos de foto Modos de v\u00eddeo: 1296p \u2013<br \/>\n30fps 1080p \u2013 60fps, 48fps, 30fps, 24fps. 960p \u2013 60fps, 48fps.<br \/>\n720p \u2013 120fps, 60fps, 48fps. 480p-240fps. Microfone embutido<br \/>\ne \u00e1udio. Canal duplo, amostragem de 96 KHz, SNR de 92 dBA. Ru\u00eddo 3D<br \/>\nRedu\u00e7\u00e3o <a class=\"\" style=\"width: auto !important\" href=\"https:\/\/www.rucashk.com\/pt\/xiaomi-scooter-1s-released-30km-battery-life\/\" data-wpil-post-to-id=\"6898\">Vida \u00fatil da bateria<\/a> de 95 minutos, 990mAH O oficial dos EUA<br \/>\nOs produtos Edition otimizaram a vida \u00fatil da bateria em 20%. At\u00e9 90<br \/>\nminutos de grava\u00e7\u00e3o em 1080p 60fps. Panasonic recarreg\u00e1vel,<br \/>\nbateria de \u00edon de l\u00edtio de alta densidade: 990mAh. <a class=\"\" style=\"width: auto !important\" href=\"https:\/\/www.rucashk.com\/pt\/produto\/xiaomi-smart-watch-gps-45days-long-battery\/\" data-wpil-post-to-id=\"9404\">Bateria inteligente<\/a><br \/>\ngerenciamento para uso m\u00e1ximo. Portabilidade sem sacrif\u00edcio<br \/>\nQualidade, 2,5 on\u00e7as Os engenheiros t\u00e9cnicos da YI trabalham em estreita colabora\u00e7\u00e3o com o<br \/>\nequipe de produtos para manter o YI compacto e port\u00e1til, mas sem focar<br \/>\nno n\u00facleo do YI, desempenho. O resultado \u00e9 uma eleg\u00e2ncia impressionante<br \/>\ndesign com desempenho de qualidade. \u2013O pacote inclui\u2013 1 x YI<br \/>\nA\u00e7\u00e3o <a class=\"\" style=\"width: auto !important\" href=\"https:\/\/www.rucashk.com\/pt\/produto\/xiaomi-note8-pro\/\" data-wpil-post-to-id=\"2388\">C\u00e2mera 1 x Bateria<\/a> 1 x cabo micro USB 1 x manual<\/p>\n<\/div>\n<\/div>\n<\/div>\n<div class=\"ProductReviews\">\n<h2 class=\"ProductReviews__title\"><\/h2>\n<\/div>\n<\/div>\n<div class=\"jss81 jss84\">\n<div class=\"sticky-outer-wrapper active\">\n<div class=\"sticky-inner-wrapper\">\n<div>\n<div class=\"ProductActions\">\n<div class=\"ProductActions__options\">\n<div class=\"MuiBackdrop-root MuiBackdrop-invisible\" aria-hidden=\"true\">\n<div class=\"MuiCircularProgress-root MuiCircularProgress-colorPrimary MuiCircularProgress-indeterminate\" role=\"progressbar\"><\/div>\n<\/div>\n<div class=\"ProductVariations__option-container\">\n<div class=\"ProductVariations__slider-title\"><\/div>\n<\/div>\n<\/div>\n<\/div>\n<\/div>\n<\/div>\n<\/div>\n<\/div>","protected":false},"excerpt":{"rendered":"<ul>\n<li>Chipset Amarelle a7ls, tecnologia de processamento de sinal digital (DSP) de baixa pot\u00eancia, mecanismo de v\u00eddeo h264 e mjpeg de alta defini\u00e7\u00e3o (HD) e processador de aplicativos arm11 de 700 MHz.<\/li>\n<li>Sony imx206, sensor de imagem CMOS de 1 e 2,3 polegadas, 16 megapixels com capacidade Exmor R.<\/li>\n<li>1080P e 60fps, 720p e 120fps, 848 x 480 e 240fps.<\/li>\n<li>Bluetooth (4.0 abaixo do consumo de energia) e Wi-Fi 2.4g de banda \u00fanica integrado (802.11 bgn).<\/li>\n<\/ul>","protected":false},"featured_media":23264,"template":"","meta":[],"product_brand":[],"product_cat":[1318,1305],"product_tag":[832],"class_list":{"0":"post-23225","1":"product","2":"type-product","3":"status-publish","4":"has-post-thumbnail","6":"product_cat-gadgets","7":"product_cat-xiaomi-eco","8":"product_tag-yi-z15-88001-2k-16-mp-action-camera","10":"first","11":"instock","12":"shipping-taxable","13":"product-type-external"},"aioseo_notices":[],"aioseo_head":"\n\t\t<!-- All in One SEO Pro 4.5.9.2 - aioseo.com -->\n\t\t<meta name=\"description\" content=\"Amarelle a7ls chipset, low-power digital signal processing (DSP) technology, high-definition (HD) h264 and mjpeg video engine and a 700-mhz arm11 applications processor. Sony imx206, 1 and 2.3 inches, 16 megapixels CMOS image sensor with Exmor R ability. 1080P and 60fps, 720p and 120fps, 848 x 480 and 240fps. Bluetooth (4.0 below power consumption) and built-in (802. 11 bgn) single band 2.4g Wi-Fi.\" \/>\n\t\t<meta name=\"robots\" content=\"max-image-preview:large\" \/>\n\t\t<link rel=\"canonical\" href=\"https:\/\/www.rucashk.com\/pt\/produto\/yi-z15-88001-2k-16-mp-action-camera\/\" \/>\n\t\t<meta name=\"generator\" content=\"All in One SEO Pro (AIOSEO) 4.5.9.2\" \/>\n\t\t<meta property=\"og:locale\" content=\"pt_PT\" \/>\n\t\t<meta property=\"og:site_name\" content=\"Rucas - One-stop AIoT Distribution Worldwide\" \/>\n\t\t<meta property=\"og:type\" content=\"article\" \/>\n\t\t<meta property=\"og:title\" content=\"YI Z15 88001 2K 16 MP Action Camera - Rucas - Wholesale and Distribution\" \/>\n\t\t<meta property=\"og:description\" content=\"Amarelle a7ls chipset, low-power digital signal processing (DSP) technology, high-definition (HD) h264 and mjpeg video engine and a 700-mhz arm11 applications processor. Sony imx206, 1 and 2.3 inches, 16 megapixels CMOS image sensor with Exmor R ability. 1080P and 60fps, 720p and 120fps, 848 x 480 and 240fps. Bluetooth (4.0 below power consumption) and built-in (802. 11 bgn) single band 2.4g Wi-Fi.\" \/>\n\t\t<meta property=\"og:url\" content=\"https:\/\/www.rucashk.com\/pt\/produto\/yi-z15-88001-2k-16-mp-action-camera\/\" \/>\n\t\t<meta property=\"og:image\" content=\"https:\/\/www.rucashk.com\/wp-content\/uploads\/replace\/503b8e645f128a97ccde2b6290747646.jpeg\" \/>\n\t\t<meta property=\"og:image:secure_url\" content=\"https:\/\/www.rucashk.com\/wp-content\/uploads\/replace\/503b8e645f128a97ccde2b6290747646.jpeg\" \/>\n\t\t<meta property=\"og:image:width\" content=\"1456\" \/>\n\t\t<meta property=\"og:image:height\" content=\"816\" \/>\n\t\t<meta property=\"article:published_time\" content=\"2024-01-09T15:52:41+00:00\" \/>\n\t\t<meta property=\"article:modified_time\" content=\"2024-01-21T09:05:13+00:00\" \/>\n\t\t<meta name=\"twitter:card\" content=\"summary_large_image\" \/>\n\t\t<meta name=\"twitter:title\" content=\"YI Z15 88001 2K 16 MP Action Camera - Rucas - Wholesale and Distribution\" \/>\n\t\t<meta name=\"twitter:description\" content=\"Amarelle a7ls chipset, low-power digital signal processing (DSP) technology, high-definition (HD) h264 and mjpeg video engine and a 700-mhz arm11 applications processor. Sony imx206, 1 and 2.3 inches, 16 megapixels CMOS image sensor with Exmor R ability. 1080P and 60fps, 720p and 120fps, 848 x 480 and 240fps. Bluetooth (4.0 below power consumption) and built-in (802. 11 bgn) single band 2.4g Wi-Fi.\" \/>\n\t\t<meta name=\"twitter:image\" content=\"https:\/\/www.rucashk.com\/wp-content\/uploads\/replace\/503b8e645f128a97ccde2b6290747646.jpeg\" \/>\n\t\t<script type=\"application\/ld+json\" class=\"aioseo-schema\">\n\t\t\t{\"@context\":\"https:\\\/\\\/schema.org\",\"@graph\":[{\"@type\":\"BreadcrumbList\",\"@id\":\"https:\\\/\\\/www.rucashk.com\\\/pt\\\/produto\\\/yi-z15-88001-2k-16-mp-action-camera\\\/#breadcrumblist\",\"itemListElement\":[{\"@type\":\"ListItem\",\"@id\":\"https:\\\/\\\/www.rucashk.com\\\/pt\\\/#listItem\",\"position\":1,\"name\":\"Home\",\"item\":\"https:\\\/\\\/www.rucashk.com\\\/pt\\\/\",\"nextItem\":\"https:\\\/\\\/www.rucashk.com\\\/pt\\\/produto\\\/yi-z15-88001-2k-16-mp-action-camera\\\/#listItem\"},{\"@type\":\"ListItem\",\"@id\":\"https:\\\/\\\/www.rucashk.com\\\/pt\\\/produto\\\/yi-z15-88001-2k-16-mp-action-camera\\\/#listItem\",\"position\":2,\"name\":\"YI Z15 88001 2K 16 MP Action Camera\",\"previousItem\":\"https:\\\/\\\/www.rucashk.com\\\/pt\\\/#listItem\"}]},{\"@type\":\"Organization\",\"@id\":\"https:\\\/\\\/www.rucashk.com\\\/pt\\\/#organization\",\"name\":\"Rucas\",\"url\":\"https:\\\/\\\/www.rucashk.com\\\/pt\\\/\",\"logo\":{\"@type\":\"ImageObject\",\"url\":\"https:\\\/\\\/www.rucashk.com\\\/wp-content\\\/uploads\\\/2023\\\/12\\\/Rucas_campany_logo.png\",\"@id\":\"https:\\\/\\\/www.rucashk.com\\\/pt\\\/produto\\\/yi-z15-88001-2k-16-mp-action-camera\\\/#organizationLogo\",\"width\":221,\"height\":65},\"image\":{\"@id\":\"https:\\\/\\\/www.rucashk.com\\\/pt\\\/#organizationLogo\"}},{\"@type\":\"Person\",\"@id\":\"https:\\\/\\\/www.rucashk.com\\\/pt\\\/author\\\/admin\\\/#author\",\"url\":\"https:\\\/\\\/www.rucashk.com\\\/pt\\\/author\\\/admin\\\/\",\"name\":\"admin\",\"image\":{\"@type\":\"ImageObject\",\"@id\":\"https:\\\/\\\/www.rucashk.com\\\/pt\\\/produto\\\/yi-z15-88001-2k-16-mp-action-camera\\\/#authorImage\",\"url\":\"https:\\\/\\\/secure.gravatar.com\\\/avatar\\\/b7c8925b09a27e72b30232f8ecaadbd5af0f70a38c78096863fe51b64f031c24?s=96&d=mm&r=g\",\"width\":96,\"height\":96,\"caption\":\"admin\"}},{\"@type\":\"WebPage\",\"@id\":\"https:\\\/\\\/www.rucashk.com\\\/pt\\\/produto\\\/yi-z15-88001-2k-16-mp-action-camera\\\/#webpage\",\"url\":\"https:\\\/\\\/www.rucashk.com\\\/pt\\\/produto\\\/yi-z15-88001-2k-16-mp-action-camera\\\/\",\"name\":\"YI Z15 88001 2K 16 MP Action Camera - Rucas - Wholesale and Distribution\",\"description\":\"Amarelle a7ls chipset, low-power digital signal processing (DSP) technology, high-definition (HD) h264 and mjpeg video engine and a 700-mhz arm11 applications processor. Sony imx206, 1 and 2.3 inches, 16 megapixels CMOS image sensor with Exmor R ability. 1080P and 60fps, 720p and 120fps, 848 x 480 and 240fps. Bluetooth (4.0 below power consumption) and built-in (802. 11 bgn) single band 2.4g Wi-Fi.\",\"inLanguage\":\"pt-PT\",\"isPartOf\":{\"@id\":\"https:\\\/\\\/www.rucashk.com\\\/pt\\\/#website\"},\"breadcrumb\":{\"@id\":\"https:\\\/\\\/www.rucashk.com\\\/pt\\\/produto\\\/yi-z15-88001-2k-16-mp-action-camera\\\/#breadcrumblist\"},\"author\":{\"@id\":\"https:\\\/\\\/www.rucashk.com\\\/pt\\\/author\\\/admin\\\/#author\"},\"creator\":{\"@id\":\"https:\\\/\\\/www.rucashk.com\\\/pt\\\/author\\\/admin\\\/#author\"},\"image\":{\"@type\":\"ImageObject\",\"url\":\"https:\\\/\\\/www.rucashk.com\\\/wp-content\\\/uploads\\\/2024\\\/01\\\/YI-Z15-88001-2K-16-MP-Action-Camera.jpg\",\"@id\":\"https:\\\/\\\/www.rucashk.com\\\/pt\\\/produto\\\/yi-z15-88001-2k-16-mp-action-camera\\\/#mainImage\",\"width\":483,\"height\":461},\"primaryImageOfPage\":{\"@id\":\"https:\\\/\\\/www.rucashk.com\\\/pt\\\/produto\\\/yi-z15-88001-2k-16-mp-action-camera\\\/#mainImage\"},\"datePublished\":\"2024-01-09T15:52:41+00:00\",\"dateModified\":\"2024-01-21T09:05:13+00:00\"},{\"@type\":\"WebSite\",\"@id\":\"https:\\\/\\\/www.rucashk.com\\\/pt\\\/#website\",\"url\":\"https:\\\/\\\/www.rucashk.com\\\/pt\\\/\",\"name\":\"Rucas - Wholesale and distribution worldwide\",\"alternateName\":\"Rucas - One-stop AIoT Distribution Worldwide\",\"description\":\"One-stop AIoT Distribution Worldwide\",\"inLanguage\":\"pt-PT\",\"publisher\":{\"@id\":\"https:\\\/\\\/www.rucashk.com\\\/pt\\\/#organization\"}}]}\n\t\t<\/script>\n\t\t<!-- All in One SEO Pro -->\r\n\t\t<title>YI Z15 88001 2K 16 MP Action Camera - Rucas - Wholesale and Distribution<\/title>\n\n","aioseo_head_json":{"title":"YI Z15 88001 2K 16 MP Action Camera - Rucas - Wholesale and Distribution","description":"Amarelle a7ls chipset, low-power digital signal processing (DSP) technology, high-definition (HD) h264 and mjpeg video engine and a 700-mhz arm11 applications processor. Sony imx206, 1 and 2.3 inches, 16 megapixels CMOS image sensor with Exmor R ability. 1080P and 60fps, 720p and 120fps, 848 x 480 and 240fps. Bluetooth (4.0 below power consumption) and built-in (802. 11 bgn) single band 2.4g Wi-Fi.","canonical_url":"https:\/\/www.rucashk.com\/pt\/produto\/yi-z15-88001-2k-16-mp-action-camera\/","robots":"max-image-preview:large","keywords":"","webmasterTools":{"miscellaneous":""},"og:locale":"pt_PT","og:site_name":"Rucas - One-stop AIoT Distribution Worldwide","og:type":"article","og:title":"YI Z15 88001 2K 16 MP Action Camera - Rucas - Wholesale and Distribution","og:description":"Amarelle a7ls chipset, low-power digital signal processing (DSP) technology, high-definition (HD) h264 and mjpeg video engine and a 700-mhz arm11 applications processor. Sony imx206, 1 and 2.3 inches, 16 megapixels CMOS image sensor with Exmor R ability. 1080P and 60fps, 720p and 120fps, 848 x 480 and 240fps. Bluetooth (4.0 below power consumption) and built-in (802. 11 bgn) single band 2.4g Wi-Fi.","og:url":"https:\/\/www.rucashk.com\/pt\/produto\/yi-z15-88001-2k-16-mp-action-camera\/","og:image":"https:\/\/www.rucashk.com\/wp-content\/uploads\/replace\/503b8e645f128a97ccde2b6290747646.jpeg","og:image:secure_url":"https:\/\/www.rucashk.com\/wp-content\/uploads\/replace\/503b8e645f128a97ccde2b6290747646.jpeg","og:image:width":1456,"og:image:height":816,"article:published_time":"2024-01-09T15:52:41+00:00","article:modified_time":"2024-01-21T09:05:13+00:00","twitter:card":"summary_large_image","twitter:title":"YI Z15 88001 2K 16 MP Action Camera - Rucas - Wholesale and Distribution","twitter:description":"Amarelle a7ls chipset, low-power digital signal processing (DSP) technology, high-definition (HD) h264 and mjpeg video engine and a 700-mhz arm11 applications processor. Sony imx206, 1 and 2.3 inches, 16 megapixels CMOS image sensor with Exmor R ability. 1080P and 60fps, 720p and 120fps, 848 x 480 and 240fps. Bluetooth (4.0 below power consumption) and built-in (802. 11 bgn) single band 2.4g Wi-Fi.","twitter:image":"https:\/\/www.rucashk.com\/wp-content\/uploads\/replace\/503b8e645f128a97ccde2b6290747646.jpeg","schema":{"@context":"https:\/\/schema.org","@graph":[{"@type":"BreadcrumbList","@id":"https:\/\/www.rucashk.com\/pt\/produto\/yi-z15-88001-2k-16-mp-action-camera\/#breadcrumblist","itemListElement":[{"@type":"ListItem","@id":"https:\/\/www.rucashk.com\/pt\/#listItem","position":1,"name":"Home","item":"https:\/\/www.rucashk.com\/pt\/","nextItem":"https:\/\/www.rucashk.com\/pt\/produto\/yi-z15-88001-2k-16-mp-action-camera\/#listItem"},{"@type":"ListItem","@id":"https:\/\/www.rucashk.com\/pt\/produto\/yi-z15-88001-2k-16-mp-action-camera\/#listItem","position":2,"name":"YI Z15 88001 2K 16 MP Action Camera","previousItem":"https:\/\/www.rucashk.com\/pt\/#listItem"}]},{"@type":"Organization","@id":"https:\/\/www.rucashk.com\/pt\/#organization","name":"Rucas","url":"https:\/\/www.rucashk.com\/pt\/","logo":{"@type":"ImageObject","url":"https:\/\/www.rucashk.com\/wp-content\/uploads\/2023\/12\/Rucas_campany_logo.png","@id":"https:\/\/www.rucashk.com\/pt\/produto\/yi-z15-88001-2k-16-mp-action-camera\/#organizationLogo","width":221,"height":65},"image":{"@id":"https:\/\/www.rucashk.com\/pt\/#organizationLogo"}},{"@type":"Person","@id":"https:\/\/www.rucashk.com\/pt\/author\/admin\/#author","url":"https:\/\/www.rucashk.com\/pt\/author\/admin\/","name":"admin","image":{"@type":"ImageObject","@id":"https:\/\/www.rucashk.com\/pt\/produto\/yi-z15-88001-2k-16-mp-action-camera\/#authorImage","url":"https:\/\/secure.gravatar.com\/avatar\/b7c8925b09a27e72b30232f8ecaadbd5af0f70a38c78096863fe51b64f031c24?s=96&d=mm&r=g","width":96,"height":96,"caption":"admin"}},{"@type":"WebPage","@id":"https:\/\/www.rucashk.com\/pt\/produto\/yi-z15-88001-2k-16-mp-action-camera\/#webpage","url":"https:\/\/www.rucashk.com\/pt\/produto\/yi-z15-88001-2k-16-mp-action-camera\/","name":"YI Z15 88001 2K 16 MP Action Camera - Rucas - Wholesale and Distribution","description":"Amarelle a7ls chipset, low-power digital signal processing (DSP) technology, high-definition (HD) h264 and mjpeg video engine and a 700-mhz arm11 applications processor. Sony imx206, 1 and 2.3 inches, 16 megapixels CMOS image sensor with Exmor R ability. 1080P and 60fps, 720p and 120fps, 848 x 480 and 240fps. Bluetooth (4.0 below power consumption) and built-in (802. 11 bgn) single band 2.4g Wi-Fi.","inLanguage":"pt-PT","isPartOf":{"@id":"https:\/\/www.rucashk.com\/pt\/#website"},"breadcrumb":{"@id":"https:\/\/www.rucashk.com\/pt\/produto\/yi-z15-88001-2k-16-mp-action-camera\/#breadcrumblist"},"author":{"@id":"https:\/\/www.rucashk.com\/pt\/author\/admin\/#author"},"creator":{"@id":"https:\/\/www.rucashk.com\/pt\/author\/admin\/#author"},"image":{"@type":"ImageObject","url":"https:\/\/www.rucashk.com\/wp-content\/uploads\/2024\/01\/YI-Z15-88001-2K-16-MP-Action-Camera.jpg","@id":"https:\/\/www.rucashk.com\/pt\/produto\/yi-z15-88001-2k-16-mp-action-camera\/#mainImage","width":483,"height":461},"primaryImageOfPage":{"@id":"https:\/\/www.rucashk.com\/pt\/produto\/yi-z15-88001-2k-16-mp-action-camera\/#mainImage"},"datePublished":"2024-01-09T15:52:41+00:00","dateModified":"2024-01-21T09:05:13+00:00"},{"@type":"WebSite","@id":"https:\/\/www.rucashk.com\/pt\/#website","url":"https:\/\/www.rucashk.com\/pt\/","name":"Rucas - Wholesale and distribution worldwide","alternateName":"Rucas - One-stop AIoT Distribution Worldwide","description":"One-stop AIoT Distribution Worldwide","inLanguage":"pt-PT","publisher":{"@id":"https:\/\/www.rucashk.com\/pt\/#organization"}}]}},"aioseo_meta_data":{"post_id":"23225","title":null,"description":null,"keywords":null,"keyphrases":null,"primary_term":null,"canonical_url":null,"og_title":null,"og_description":null,"og_object_type":"default","og_image_type":"default","og_image_url":null,"og_image_width":null,"og_image_height":null,"og_image_custom_url":null,"og_image_custom_fields":null,"og_video":null,"og_custom_url":null,"og_article_section":null,"og_article_tags":null,"twitter_use_og":false,"twitter_card":"default","twitter_image_type":"default","twitter_image_url":null,"twitter_image_custom_url":null,"twitter_image_custom_fields":null,"twitter_title":null,"twitter_description":null,"schema":{"blockGraphs":[],"customGraphs":[],"default":{"data":{"Article":[],"Course":[],"Dataset":[],"FAQPage":[],"Movie":[],"Person":[],"Product":[],"Recipe":[],"Service":[],"SoftwareApplication":[],"WebPage":[]},"graphName":"","isEnabled":true},"graphs":[]},"schema_type":"default","schema_type_options":null,"pillar_content":false,"robots_default":true,"robots_noindex":false,"robots_noarchive":false,"robots_nosnippet":false,"robots_nofollow":false,"robots_noimageindex":false,"robots_noodp":false,"robots_notranslate":false,"robots_max_snippet":null,"robots_max_videopreview":null,"robots_max_imagepreview":"large","priority":null,"frequency":null,"local_seo":null,"breadcrumb_settings":null,"limit_modified_date":false,"created":"2024-04-11 01:55:28","updated":"2025-06-22 17:02:03"},"aioseo_breadcrumb":"<div class=\"aioseo-breadcrumbs\"><span class=\"aioseo-breadcrumb\">\n\t<a href=\"https:\/\/www.rucashk.com\/pt\" title=\"Home\">Home<\/a>\n<\/span><span class=\"aioseo-breadcrumb-separator\">&raquo;<\/span><span class=\"aioseo-breadcrumb\">\n\t<a href=\"https:\/\/www.rucashk.com\/pt\/products\/\" title=\"Produtos\">Produtos<\/a>\n<\/span><span class=\"aioseo-breadcrumb-separator\">&raquo;<\/span><span class=\"aioseo-breadcrumb\">\n\t<a href=\"https:\/\/www.rucashk.com\/pt\/categoria-produto\/xiaomi-eco\/\" title=\"Xiaomi Eco\">Xiaomi Eco<\/a>\n<\/span><span class=\"aioseo-breadcrumb-separator\">&raquo;<\/span><span class=\"aioseo-breadcrumb\">\n\t<a href=\"https:\/\/www.rucashk.com\/pt\/categoria-produto\/xiaomi-eco\/gadgets\/\" title=\"Gadgets\">Gadgets<\/a>\n<\/span><span class=\"aioseo-breadcrumb-separator\">&raquo;<\/span><span class=\"aioseo-breadcrumb\">\n\tYI Z15 88001 2K 16 MP Action Camera\n<\/span><\/div>","aioseo_breadcrumb_json":[{"label":"Home","link":"https:\/\/www.rucashk.com\/pt"},{"label":"Produtos","link":"https:\/\/www.rucashk.com\/pt\/products\/"},{"label":"Xiaomi Eco","link":"https:\/\/www.rucashk.com\/pt\/categoria-produto\/xiaomi-eco\/"},{"label":"Gadgets","link":"https:\/\/www.rucashk.com\/pt\/categoria-produto\/xiaomi-eco\/gadgets\/"},{"label":"YI Z15 88001 2K 16 MP Action Camera","link":"https:\/\/www.rucashk.com\/pt\/produto\/yi-z15-88001-2k-16-mp-action-camera\/"}],"_links":{"self":[{"href":"https:\/\/www.rucashk.com\/pt\/wp-json\/wp\/v2\/product\/23225","targetHints":{"allow":["GET"]}}],"collection":[{"href":"https:\/\/www.rucashk.com\/pt\/wp-json\/wp\/v2\/product"}],"about":[{"href":"https:\/\/www.rucashk.com\/pt\/wp-json\/wp\/v2\/types\/product"}],"wp:featuredmedia":[{"embeddable":true,"href":"https:\/\/www.rucashk.com\/pt\/wp-json\/wp\/v2\/media\/23264"}],"wp:attachment":[{"href":"https:\/\/www.rucashk.com\/pt\/wp-json\/wp\/v2\/media?parent=23225"}],"wp:term":[{"taxonomy":"product_brand","embeddable":true,"href":"https:\/\/www.rucashk.com\/pt\/wp-json\/wp\/v2\/product_brand?post=23225"},{"taxonomy":"product_cat","embeddable":true,"href":"https:\/\/www.rucashk.com\/pt\/wp-json\/wp\/v2\/product_cat?post=23225"},{"taxonomy":"product_tag","embeddable":true,"href":"https:\/\/www.rucashk.com\/pt\/wp-json\/wp\/v2\/product_tag?post=23225"}],"curies":[{"name":"wp","href":"https:\/\/api.w.org\/{rel}","templated":true}]}}