{"id":23224,"date":"2024-01-09T15:52:41","date_gmt":"2024-01-09T15:52:41","guid":{"rendered":"http:\/\/rucashk.com\/?post_type=product&#038;p=23224"},"modified":"2024-01-21T09:04:41","modified_gmt":"2024-01-21T09:04:41","slug":"xiaomi-drone-4k","status":"publish","type":"product","link":"https:\/\/www.rucashk.com\/pt\/produto\/xiaomi-drone-4k\/","title":{"rendered":"Drone Xiaomi 4k"},"content":{"rendered":"<p><img decoding=\"async\" class=\"product_lazy aligncenter\" src=\"https:\/\/www.rucashk.com\/wp-content\/uploads\/2020\/06\/1b1240ca-a9fd-4847-a011-b8a6eebb1b84.jpg\" alt=\"Xiaomi Mi Drone WIFI FPV with 4K 30fps Camera 3-Axis Gimbal RC Quadcopter\" data-original=\"\/\/img.gkbcdn.com\/s3\/d\/201804\/1b1240ca-a9fd-4847-a011-b8a6eebb1b84.jpg\" \/><img decoding=\"async\" class=\"product_lazy aligncenter\" src=\"https:\/\/www.rucashk.com\/wp-content\/uploads\/2020\/06\/4d605f8f-b9f9-4019-b89f-8d36c504af86.jpg\" alt=\"Xiaomi Mi Drone WIFI FPV with 4K 30fps Camera 3-Axis Gimbal RC Quadcopter\" data-original=\"\/\/img.gkbcdn.com\/s3\/d\/201804\/4d605f8f-b9f9-4019-b89f-8d36c504af86.jpg\" \/><img decoding=\"async\" class=\"product_lazy aligncenter\" src=\"https:\/\/www.rucashk.com\/wp-content\/uploads\/2020\/06\/1e27e39e-e8fe-495e-97bd-ee188202ce00.jpg\" alt=\"Xiaomi Mi Drone WIFI FPV with 4K 30fps Camera 3-Axis Gimbal RC Quadcopter\" data-original=\"\/\/img.gkbcdn.com\/s3\/d\/201804\/1e27e39e-e8fe-495e-97bd-ee188202ce00.jpg\" \/><img decoding=\"async\" class=\"product_lazy aligncenter\" src=\"https:\/\/www.rucashk.com\/wp-content\/uploads\/2020\/06\/d301d028-5ee9-43bf-894a-af534f4592a2.jpg\" alt=\"Xiaomi Mi Drone WIFI FPV with 4K 30fps Camera 3-Axis Gimbal RC Quadcopter\" data-original=\"\/\/img.gkbcdn.com\/s3\/d\/201804\/d301d028-5ee9-43bf-894a-af534f4592a2.jpg\" \/><img decoding=\"async\" class=\"product_lazy aligncenter\" src=\"https:\/\/www.rucashk.com\/wp-content\/uploads\/2020\/06\/66c6e846-9279-4d1f-98a5-65e9569a8b42.jpg\" alt=\"Xiaomi Mi Drone WIFI FPV with 4K 30fps Camera 3-Axis Gimbal RC Quadcopter\" data-original=\"\/\/img.gkbcdn.com\/s3\/d\/201804\/66c6e846-9279-4d1f-98a5-65e9569a8b42.jpg\" \/><img decoding=\"async\" class=\"product_lazy aligncenter\" src=\"https:\/\/www.rucashk.com\/wp-content\/uploads\/2020\/06\/29b6a330-2217-4a64-b5c5-174bfe22932f.jpg\" alt=\"Xiaomi Mi Drone WIFI FPV with 4K 30fps Camera 3-Axis Gimbal RC Quadcopter\" data-original=\"\/\/img.gkbcdn.com\/s3\/d\/201804\/29b6a330-2217-4a64-b5c5-174bfe22932f.jpg\" \/><img decoding=\"async\" class=\"product_lazy aligncenter\" src=\"https:\/\/www.rucashk.com\/wp-content\/uploads\/2020\/06\/925ce9dc-0266-4684-8a0b-af4346c4ddce.jpg\" alt=\"Xiaomi Mi Drone WIFI FPV with 4K 30fps Camera 3-Axis Gimbal RC Quadcopter\" data-original=\"\/\/img.gkbcdn.com\/s3\/d\/201804\/925ce9dc-0266-4684-8a0b-af4346c4ddce.jpg\" \/><\/p>\n<h2>Especifica\u00e7\u00e3o<\/h2>\n<table class=\"jbEidtTable\" border=\"1\" cellspacing=\"0\" cellpadding=\"5\">\n<tbody>\n<tr>\n<td><strong>Em geral<\/strong><\/td>\n<td>Marca: Xiaomi<br \/>\nTipo: Quadric\u00f3ptero<br \/>\nCor branca<\/td>\n<\/tr>\n<tr>\n<td><strong>Detalhes do produto<\/strong><\/td>\n<td>Suporte de resolu\u00e7\u00e3o: 4K<br \/>\nDist\u00e2ncia entre eixos: 434 mm<br \/>\nVelocidade de subida: 6m\/s<br \/>\nVelocidade de descida: 1,5 m\/s<br \/>\nVelocidade de v\u00f4o: 18m\/s<br \/>\nAltitude de v\u00f4o: 120m<br \/>\nResist\u00eancia ao Vento: N\u00edvel 4<br \/>\nDist\u00e2ncia de controle: 2000m<br \/>\nCarregador: 17,5V<br \/>\nSa\u00edda nominal: 16V-2,9A<br \/>\nEntrada nominal: 100-240V ~ 50\/60Hz 1,5A m\u00e1x.<br \/>\nPot\u00eancia nominal: 46,4 W<br \/>\nTens\u00e3o de carregamento: 17,4 V<br \/>\nBateria: 15,2V (TYP)-5100mAh 77,52Wh<br \/>\nTempo de v\u00f4o: 27 minutos<br \/>\nH\u00e9lice: 1046<br \/>\nTipo de motor: motor sem escova<br \/>\nAmbiente: 0\u00b0 a 40\u00b0<br \/>\nFun\u00e7\u00e3o: Uma tecla de decolagem\/pouso, defini\u00e7\u00e3o de posi\u00e7\u00e3o, plano de v\u00f4o, v\u00f4o, pairar<\/td>\n<\/tr>\n<tr>\n<td><strong>Dimens\u00e3o e Peso<\/strong><\/td>\n<td>Tamanho do produto (C x L x A): 38,00 x 45,50 x 17,00 cm \/ 14,96 x 17,91 x 6,69 polegadas<br \/>\nTamanho do pacote (C x L x A): 39,00 x 46,00 x 18,00 cm \/ 15,35 x 18,11 x 7,09 polegadas<br \/>\nPeso da embalagem: 4,5800 kg<\/td>\n<\/tr>\n<tr>\n<td><strong>conte\u00fado do pacote<\/strong><\/td>\n<td>1 x <a class=\"\" style=\"width: auto !important\" href=\"https:\/\/www.rucashk.com\/pt\/produto\/xiaomi-mitu-mini-rc-drone-with-quadcopter-wifi-fpv-720p-hd-camera\/\" data-wpil-post-to-id=\"2768\">Quadric\u00f3ptero RC<\/a><br \/>\n1 x Transmissor<br \/>\n1 x c\u00e2mera Gimabl<br \/>\n1 x Carregador<br \/>\n8 x H\u00e9lice<br \/>\n1 manual<\/td>\n<\/tr>\n<\/tbody>\n<\/table>","protected":false},"excerpt":{"rendered":"<p><strong>C\u00e2mera 4K<\/strong><\/p>\n<p><strong>Transmiss\u00e3o de imagens em tempo real<\/strong><\/p>\n<p><strong>Apontando Voo<\/strong><\/p>\n<p><strong>C\u00edrculo em torno de um objeto<\/strong><\/p>\n<p><strong>Gimbal de 3 eixos<\/strong><\/p>\n<p><strong>Posicionamento GPS + GLONASS<\/strong><\/p>\n<p><strong>Tempo de voo mais longo<\/strong><\/p>","protected":false},"featured_media":23263,"template":"","meta":[],"product_brand":[],"product_cat":[1318,1305],"product_tag":[831],"class_list":{"0":"post-23224","1":"product","2":"type-product","3":"status-publish","4":"has-post-thumbnail","6":"product_cat-gadgets","7":"product_cat-xiaomi-eco","8":"product_tag-xiaomi-drone-4k","10":"first","11":"instock","12":"shipping-taxable","13":"product-type-external"},"aioseo_notices":[],"aioseo_head":"\n\t\t<!-- All in One SEO Pro 4.5.9.2 - aioseo.com -->\n\t\t<meta name=\"description\" content=\"4K Camera Real-time Image Transmission Pointing Flight Circle Around an Object 3 Axis Gimbal GPS + GLONASS positioning Longer Flight Time\" \/>\n\t\t<meta name=\"robots\" content=\"max-image-preview:large\" \/>\n\t\t<link rel=\"canonical\" href=\"https:\/\/www.rucashk.com\/pt\/produto\/xiaomi-drone-4k\/\" \/>\n\t\t<meta name=\"generator\" content=\"All in One SEO Pro (AIOSEO) 4.5.9.2\" \/>\n\t\t<meta property=\"og:locale\" content=\"pt_PT\" \/>\n\t\t<meta property=\"og:site_name\" content=\"Rucas - One-stop AIoT Distribution Worldwide\" \/>\n\t\t<meta property=\"og:type\" content=\"article\" \/>\n\t\t<meta property=\"og:title\" content=\"Xiaomi Drone 4k - Rucas - Wholesale and Distribution\" \/>\n\t\t<meta property=\"og:description\" content=\"4K Camera Real-time Image Transmission Pointing Flight Circle Around an Object 3 Axis Gimbal GPS + GLONASS positioning Longer Flight Time\" \/>\n\t\t<meta property=\"og:url\" content=\"https:\/\/www.rucashk.com\/pt\/produto\/xiaomi-drone-4k\/\" \/>\n\t\t<meta property=\"og:image\" content=\"https:\/\/www.rucashk.com\/wp-content\/uploads\/replace\/503b8e645f128a97ccde2b6290747646.jpeg\" \/>\n\t\t<meta property=\"og:image:secure_url\" content=\"https:\/\/www.rucashk.com\/wp-content\/uploads\/replace\/503b8e645f128a97ccde2b6290747646.jpeg\" \/>\n\t\t<meta property=\"og:image:width\" content=\"1456\" \/>\n\t\t<meta property=\"og:image:height\" content=\"816\" \/>\n\t\t<meta property=\"article:published_time\" content=\"2024-01-09T15:52:41+00:00\" \/>\n\t\t<meta property=\"article:modified_time\" content=\"2024-01-21T09:04:41+00:00\" \/>\n\t\t<meta name=\"twitter:card\" content=\"summary_large_image\" \/>\n\t\t<meta name=\"twitter:title\" content=\"Xiaomi Drone 4k - Rucas - Wholesale and Distribution\" \/>\n\t\t<meta name=\"twitter:description\" content=\"4K Camera Real-time Image Transmission Pointing Flight Circle Around an Object 3 Axis Gimbal GPS + GLONASS positioning Longer Flight Time\" \/>\n\t\t<meta name=\"twitter:image\" content=\"https:\/\/www.rucashk.com\/wp-content\/uploads\/replace\/503b8e645f128a97ccde2b6290747646.jpeg\" \/>\n\t\t<script type=\"application\/ld+json\" class=\"aioseo-schema\">\n\t\t\t{\"@context\":\"https:\\\/\\\/schema.org\",\"@graph\":[{\"@type\":\"BreadcrumbList\",\"@id\":\"https:\\\/\\\/www.rucashk.com\\\/pt\\\/produto\\\/xiaomi-drone-4k\\\/#breadcrumblist\",\"itemListElement\":[{\"@type\":\"ListItem\",\"@id\":\"https:\\\/\\\/www.rucashk.com\\\/pt\\\/#listItem\",\"position\":1,\"name\":\"Home\",\"item\":\"https:\\\/\\\/www.rucashk.com\\\/pt\\\/\",\"nextItem\":\"https:\\\/\\\/www.rucashk.com\\\/pt\\\/produto\\\/xiaomi-drone-4k\\\/#listItem\"},{\"@type\":\"ListItem\",\"@id\":\"https:\\\/\\\/www.rucashk.com\\\/pt\\\/produto\\\/xiaomi-drone-4k\\\/#listItem\",\"position\":2,\"name\":\"Xiaomi Drone 4k\",\"previousItem\":\"https:\\\/\\\/www.rucashk.com\\\/pt\\\/#listItem\"}]},{\"@type\":\"Organization\",\"@id\":\"https:\\\/\\\/www.rucashk.com\\\/pt\\\/#organization\",\"name\":\"Rucas\",\"url\":\"https:\\\/\\\/www.rucashk.com\\\/pt\\\/\",\"logo\":{\"@type\":\"ImageObject\",\"url\":\"https:\\\/\\\/www.rucashk.com\\\/wp-content\\\/uploads\\\/2023\\\/12\\\/Rucas_campany_logo.png\",\"@id\":\"https:\\\/\\\/www.rucashk.com\\\/pt\\\/produto\\\/xiaomi-drone-4k\\\/#organizationLogo\",\"width\":221,\"height\":65},\"image\":{\"@id\":\"https:\\\/\\\/www.rucashk.com\\\/pt\\\/#organizationLogo\"}},{\"@type\":\"Person\",\"@id\":\"https:\\\/\\\/www.rucashk.com\\\/pt\\\/author\\\/admin\\\/#author\",\"url\":\"https:\\\/\\\/www.rucashk.com\\\/pt\\\/author\\\/admin\\\/\",\"name\":\"admin\",\"image\":{\"@type\":\"ImageObject\",\"@id\":\"https:\\\/\\\/www.rucashk.com\\\/pt\\\/produto\\\/xiaomi-drone-4k\\\/#authorImage\",\"url\":\"https:\\\/\\\/secure.gravatar.com\\\/avatar\\\/b7c8925b09a27e72b30232f8ecaadbd5af0f70a38c78096863fe51b64f031c24?s=96&d=mm&r=g\",\"width\":96,\"height\":96,\"caption\":\"admin\"}},{\"@type\":\"WebPage\",\"@id\":\"https:\\\/\\\/www.rucashk.com\\\/pt\\\/produto\\\/xiaomi-drone-4k\\\/#webpage\",\"url\":\"https:\\\/\\\/www.rucashk.com\\\/pt\\\/produto\\\/xiaomi-drone-4k\\\/\",\"name\":\"Xiaomi Drone 4k - Rucas - Wholesale and Distribution\",\"description\":\"4K Camera Real-time Image Transmission Pointing Flight Circle Around an Object 3 Axis Gimbal GPS + GLONASS positioning Longer Flight Time\",\"inLanguage\":\"pt-PT\",\"isPartOf\":{\"@id\":\"https:\\\/\\\/www.rucashk.com\\\/pt\\\/#website\"},\"breadcrumb\":{\"@id\":\"https:\\\/\\\/www.rucashk.com\\\/pt\\\/produto\\\/xiaomi-drone-4k\\\/#breadcrumblist\"},\"author\":{\"@id\":\"https:\\\/\\\/www.rucashk.com\\\/pt\\\/author\\\/admin\\\/#author\"},\"creator\":{\"@id\":\"https:\\\/\\\/www.rucashk.com\\\/pt\\\/author\\\/admin\\\/#author\"},\"image\":{\"@type\":\"ImageObject\",\"url\":\"https:\\\/\\\/www.rucashk.com\\\/wp-content\\\/uploads\\\/2024\\\/01\\\/xiaomidrone4k.jpg\",\"@id\":\"https:\\\/\\\/www.rucashk.com\\\/pt\\\/produto\\\/xiaomi-drone-4k\\\/#mainImage\",\"width\":534,\"height\":509},\"primaryImageOfPage\":{\"@id\":\"https:\\\/\\\/www.rucashk.com\\\/pt\\\/produto\\\/xiaomi-drone-4k\\\/#mainImage\"},\"datePublished\":\"2024-01-09T15:52:41+00:00\",\"dateModified\":\"2024-01-21T09:04:41+00:00\"},{\"@type\":\"WebSite\",\"@id\":\"https:\\\/\\\/www.rucashk.com\\\/pt\\\/#website\",\"url\":\"https:\\\/\\\/www.rucashk.com\\\/pt\\\/\",\"name\":\"Rucas - Wholesale and distribution worldwide\",\"alternateName\":\"Rucas - One-stop AIoT Distribution Worldwide\",\"description\":\"One-stop AIoT Distribution Worldwide\",\"inLanguage\":\"pt-PT\",\"publisher\":{\"@id\":\"https:\\\/\\\/www.rucashk.com\\\/pt\\\/#organization\"}}]}\n\t\t<\/script>\n\t\t<!-- All in One SEO Pro -->\r\n\t\t<title>Xiaomi Drone 4k - Rucas - Wholesale and Distribution<\/title>\n\n","aioseo_head_json":{"title":"Xiaomi Drone 4k - Rucas - Wholesale and Distribution","description":"4K Camera Real-time Image Transmission Pointing Flight Circle Around an Object 3 Axis Gimbal GPS + GLONASS positioning Longer Flight Time","canonical_url":"https:\/\/www.rucashk.com\/pt\/produto\/xiaomi-drone-4k\/","robots":"max-image-preview:large","keywords":"","webmasterTools":{"miscellaneous":""},"og:locale":"pt_PT","og:site_name":"Rucas - One-stop AIoT Distribution Worldwide","og:type":"article","og:title":"Xiaomi Drone 4k - Rucas - Wholesale and Distribution","og:description":"4K Camera Real-time Image Transmission Pointing Flight Circle Around an Object 3 Axis Gimbal GPS + GLONASS positioning Longer Flight Time","og:url":"https:\/\/www.rucashk.com\/pt\/produto\/xiaomi-drone-4k\/","og:image":"https:\/\/www.rucashk.com\/wp-content\/uploads\/replace\/503b8e645f128a97ccde2b6290747646.jpeg","og:image:secure_url":"https:\/\/www.rucashk.com\/wp-content\/uploads\/replace\/503b8e645f128a97ccde2b6290747646.jpeg","og:image:width":1456,"og:image:height":816,"article:published_time":"2024-01-09T15:52:41+00:00","article:modified_time":"2024-01-21T09:04:41+00:00","twitter:card":"summary_large_image","twitter:title":"Xiaomi Drone 4k - Rucas - Wholesale and Distribution","twitter:description":"4K Camera Real-time Image Transmission Pointing Flight Circle Around an Object 3 Axis Gimbal GPS + GLONASS positioning Longer Flight Time","twitter:image":"https:\/\/www.rucashk.com\/wp-content\/uploads\/replace\/503b8e645f128a97ccde2b6290747646.jpeg","schema":{"@context":"https:\/\/schema.org","@graph":[{"@type":"BreadcrumbList","@id":"https:\/\/www.rucashk.com\/pt\/produto\/xiaomi-drone-4k\/#breadcrumblist","itemListElement":[{"@type":"ListItem","@id":"https:\/\/www.rucashk.com\/pt\/#listItem","position":1,"name":"Home","item":"https:\/\/www.rucashk.com\/pt\/","nextItem":"https:\/\/www.rucashk.com\/pt\/produto\/xiaomi-drone-4k\/#listItem"},{"@type":"ListItem","@id":"https:\/\/www.rucashk.com\/pt\/produto\/xiaomi-drone-4k\/#listItem","position":2,"name":"Xiaomi Drone 4k","previousItem":"https:\/\/www.rucashk.com\/pt\/#listItem"}]},{"@type":"Organization","@id":"https:\/\/www.rucashk.com\/pt\/#organization","name":"Rucas","url":"https:\/\/www.rucashk.com\/pt\/","logo":{"@type":"ImageObject","url":"https:\/\/www.rucashk.com\/wp-content\/uploads\/2023\/12\/Rucas_campany_logo.png","@id":"https:\/\/www.rucashk.com\/pt\/produto\/xiaomi-drone-4k\/#organizationLogo","width":221,"height":65},"image":{"@id":"https:\/\/www.rucashk.com\/pt\/#organizationLogo"}},{"@type":"Person","@id":"https:\/\/www.rucashk.com\/pt\/author\/admin\/#author","url":"https:\/\/www.rucashk.com\/pt\/author\/admin\/","name":"admin","image":{"@type":"ImageObject","@id":"https:\/\/www.rucashk.com\/pt\/produto\/xiaomi-drone-4k\/#authorImage","url":"https:\/\/secure.gravatar.com\/avatar\/b7c8925b09a27e72b30232f8ecaadbd5af0f70a38c78096863fe51b64f031c24?s=96&d=mm&r=g","width":96,"height":96,"caption":"admin"}},{"@type":"WebPage","@id":"https:\/\/www.rucashk.com\/pt\/produto\/xiaomi-drone-4k\/#webpage","url":"https:\/\/www.rucashk.com\/pt\/produto\/xiaomi-drone-4k\/","name":"Xiaomi Drone 4k - Rucas - Wholesale and Distribution","description":"4K Camera Real-time Image Transmission Pointing Flight Circle Around an Object 3 Axis Gimbal GPS + GLONASS positioning Longer Flight Time","inLanguage":"pt-PT","isPartOf":{"@id":"https:\/\/www.rucashk.com\/pt\/#website"},"breadcrumb":{"@id":"https:\/\/www.rucashk.com\/pt\/produto\/xiaomi-drone-4k\/#breadcrumblist"},"author":{"@id":"https:\/\/www.rucashk.com\/pt\/author\/admin\/#author"},"creator":{"@id":"https:\/\/www.rucashk.com\/pt\/author\/admin\/#author"},"image":{"@type":"ImageObject","url":"https:\/\/www.rucashk.com\/wp-content\/uploads\/2024\/01\/xiaomidrone4k.jpg","@id":"https:\/\/www.rucashk.com\/pt\/produto\/xiaomi-drone-4k\/#mainImage","width":534,"height":509},"primaryImageOfPage":{"@id":"https:\/\/www.rucashk.com\/pt\/produto\/xiaomi-drone-4k\/#mainImage"},"datePublished":"2024-01-09T15:52:41+00:00","dateModified":"2024-01-21T09:04:41+00:00"},{"@type":"WebSite","@id":"https:\/\/www.rucashk.com\/pt\/#website","url":"https:\/\/www.rucashk.com\/pt\/","name":"Rucas - Wholesale and distribution worldwide","alternateName":"Rucas - One-stop AIoT Distribution Worldwide","description":"One-stop AIoT Distribution Worldwide","inLanguage":"pt-PT","publisher":{"@id":"https:\/\/www.rucashk.com\/pt\/#organization"}}]}},"aioseo_meta_data":{"post_id":"23224","title":null,"description":null,"keywords":null,"keyphrases":null,"primary_term":null,"canonical_url":null,"og_title":null,"og_description":null,"og_object_type":"default","og_image_type":"default","og_image_url":null,"og_image_width":null,"og_image_height":null,"og_image_custom_url":null,"og_image_custom_fields":null,"og_video":null,"og_custom_url":null,"og_article_section":null,"og_article_tags":null,"twitter_use_og":false,"twitter_card":"default","twitter_image_type":"default","twitter_image_url":null,"twitter_image_custom_url":null,"twitter_image_custom_fields":null,"twitter_title":null,"twitter_description":null,"schema":{"blockGraphs":[],"customGraphs":[],"default":{"data":{"Article":[],"Course":[],"Dataset":[],"FAQPage":[],"Movie":[],"Person":[],"Product":[],"Recipe":[],"Service":[],"SoftwareApplication":[],"WebPage":[]},"graphName":"","isEnabled":true},"graphs":[]},"schema_type":"default","schema_type_options":null,"pillar_content":false,"robots_default":true,"robots_noindex":false,"robots_noarchive":false,"robots_nosnippet":false,"robots_nofollow":false,"robots_noimageindex":false,"robots_noodp":false,"robots_notranslate":false,"robots_max_snippet":null,"robots_max_videopreview":null,"robots_max_imagepreview":"large","priority":null,"frequency":null,"local_seo":null,"breadcrumb_settings":null,"limit_modified_date":false,"created":"2024-04-11 01:55:28","updated":"2025-06-22 17:01:25"},"aioseo_breadcrumb":"<div class=\"aioseo-breadcrumbs\"><span class=\"aioseo-breadcrumb\">\n\t<a href=\"https:\/\/www.rucashk.com\/pt\" title=\"Home\">Home<\/a>\n<\/span><span class=\"aioseo-breadcrumb-separator\">&raquo;<\/span><span class=\"aioseo-breadcrumb\">\n\t<a href=\"https:\/\/www.rucashk.com\/pt\/products\/\" title=\"Produtos\">Produtos<\/a>\n<\/span><span class=\"aioseo-breadcrumb-separator\">&raquo;<\/span><span class=\"aioseo-breadcrumb\">\n\t<a href=\"https:\/\/www.rucashk.com\/pt\/categoria-produto\/xiaomi-eco\/\" title=\"Xiaomi Eco\">Xiaomi Eco<\/a>\n<\/span><span class=\"aioseo-breadcrumb-separator\">&raquo;<\/span><span class=\"aioseo-breadcrumb\">\n\t<a href=\"https:\/\/www.rucashk.com\/pt\/categoria-produto\/xiaomi-eco\/gadgets\/\" title=\"Gadgets\">Gadgets<\/a>\n<\/span><span class=\"aioseo-breadcrumb-separator\">&raquo;<\/span><span class=\"aioseo-breadcrumb\">\n\tXiaomi Drone 4k\n<\/span><\/div>","aioseo_breadcrumb_json":[{"label":"Home","link":"https:\/\/www.rucashk.com\/pt"},{"label":"Produtos","link":"https:\/\/www.rucashk.com\/pt\/products\/"},{"label":"Xiaomi Eco","link":"https:\/\/www.rucashk.com\/pt\/categoria-produto\/xiaomi-eco\/"},{"label":"Gadgets","link":"https:\/\/www.rucashk.com\/pt\/categoria-produto\/xiaomi-eco\/gadgets\/"},{"label":"Xiaomi Drone 4k","link":"https:\/\/www.rucashk.com\/pt\/produto\/xiaomi-drone-4k\/"}],"_links":{"self":[{"href":"https:\/\/www.rucashk.com\/pt\/wp-json\/wp\/v2\/product\/23224","targetHints":{"allow":["GET"]}}],"collection":[{"href":"https:\/\/www.rucashk.com\/pt\/wp-json\/wp\/v2\/product"}],"about":[{"href":"https:\/\/www.rucashk.com\/pt\/wp-json\/wp\/v2\/types\/product"}],"wp:featuredmedia":[{"embeddable":true,"href":"https:\/\/www.rucashk.com\/pt\/wp-json\/wp\/v2\/media\/23263"}],"wp:attachment":[{"href":"https:\/\/www.rucashk.com\/pt\/wp-json\/wp\/v2\/media?parent=23224"}],"wp:term":[{"taxonomy":"product_brand","embeddable":true,"href":"https:\/\/www.rucashk.com\/pt\/wp-json\/wp\/v2\/product_brand?post=23224"},{"taxonomy":"product_cat","embeddable":true,"href":"https:\/\/www.rucashk.com\/pt\/wp-json\/wp\/v2\/product_cat?post=23224"},{"taxonomy":"product_tag","embeddable":true,"href":"https:\/\/www.rucashk.com\/pt\/wp-json\/wp\/v2\/product_tag?post=23224"}],"curies":[{"name":"wp","href":"https:\/\/api.w.org\/{rel}","templated":true}]}}