{"id":23222,"date":"2024-01-09T15:52:40","date_gmt":"2024-01-09T15:52:40","guid":{"rendered":"http:\/\/rucashk.com\/?post_type=product&#038;p=23222"},"modified":"2025-06-22T06:35:06","modified_gmt":"2025-06-22T06:35:06","slug":"1more-e1004ba-dual-driver-bt-anc","status":"publish","type":"product","link":"https:\/\/www.rucashk.com\/pt\/produto\/1more-e1004ba-dual-driver-bt-anc\/","title":{"rendered":"1Mais E1004BA Driver duplo BT ANC"},"content":{"rendered":"<p style=\"text-align: center\"><strong>Desfrute da Tranquilidade. A qualquer momento. Em qualquer lugar.<\/strong><\/p>\n<p style=\"text-align: center\">Dupla de 1MORE <a class=\"\" style=\"width: auto !important\" href=\"https:\/\/www.rucashk.com\/pt\/produto\/1more-triple-driver-in-ear-earphones\/\" data-wpil-post-to-id=\"5450\">Driver BT ANC intra-auricular<\/a> Os fones de ouvido proporcionam mais liberdade e tranquilidade para ouvir m\u00fasica em diversos ambientes. Ele garante m\u00fasica rica e pura, mesmo em ambientes barulhentos, como voos, transporte p\u00fablico lotado, ruas barulhentas, salas de reuni\u00f5es barulhentas e muito mais.<\/p>\n<p>&nbsp;<\/p>\n<p><img decoding=\"async\" class=\"aligncenter\" src=\"\/wp-content\/uploads\/replace\/690cc00849c3262988e9297d8d4c95a2.jpeg\" alt=\"x01\" \/><\/p>\n<p>&nbsp;<\/p>\n<p style=\"text-align: center\"><strong>N\u00f3s nos preocupamos com o som que n\u00e3o cancelamos<br \/>\nNosso design exclusivo de armadura balanceada<br \/>\nProduz agudos v\u00edvidos e graves \u00e9picos<\/strong><\/p>\n<p>Maioria <a class=\"\" style=\"width: auto !important\" href=\"https:\/\/www.rucashk.com\/pt\/produto\/xiaomi-anc-earphones-hybrid-usb-type-c-headphones\/\" data-wpil-post-to-id=\"14393\">a qualidade do som dos fones de ouvido diminui quando o ANC<\/a> para evitar isso, 1MORE aplicou uma armadura balanceada propriet\u00e1ria de baixa distor\u00e7\u00e3o, na qual os sinais de alta frequ\u00eancia s\u00e3o enviados diretamente para seus ouvidos, em vez de atrav\u00e9s do driver ANC. Isso resulta em nenhuma perda de sinal, reproduzindo detalhes abundantes e uma experi\u00eancia auditiva mais completa.<\/p>\n<p>&nbsp;<\/p>\n<p><img decoding=\"async\" class=\"aligncenter\" src=\"\/wp-content\/uploads\/replace\/a18a0b4df3bbe22408ea899b523cec01.jpeg\" alt=\"x02\" \/><\/p>\n<p>&nbsp;<\/p>\n<p style=\"text-align: center\"><strong>Diafragma composto de tit\u00e2nio patenteado para uma experi\u00eancia auditiva totalmente equilibrada<\/strong><\/p>\n<p style=\"text-align: center\">Com a estrutura de driver sandu\u00edche patenteada da 1MORE, o diafragma composto de tit\u00e2nio produz uma clareza impressionante nos m\u00e9dios e graves. A camada de tit\u00e2nio \u00e9 respons\u00e1vel pelos agudos, enquanto as camadas duplas de PET produzem graves profundos e potentes. <a class=\"\" style=\"width: auto !important\" href=\"https:\/\/www.rucashk.com\/pt\/facebook-details-the-artificial-intelligence-behind-its-shopping-experience\/\" data-wpil-post-to-id=\"9238\">Experimente um palco sonoro totalmente equilibrado e preciso com detalhes brilhantes<\/a> em uma ampla faixa de frequ\u00eancias.<\/p>\n<p>&nbsp;<\/p>\n<p><img decoding=\"async\" class=\"aligncenter\" src=\"\/wp-content\/uploads\/replace\/94f217a21f2b3700c6fea72148d6c2b0.jpeg\" alt=\"x03\" \/><\/p>\n<p>&nbsp;<\/p>\n<p style=\"text-align: center\"><strong>Cancelamento de Ru\u00eddo Ambiental (ENC)<br \/>\nTecnologia para comunica\u00e7\u00e3o cristalina<\/strong><\/p>\n<p>A tecnologia ENC possui um conjunto de microfones preciso que filtra com efici\u00eancia o ru\u00eddo de fundo para que a comunica\u00e7\u00e3o permane\u00e7a cristalina, independentemente do ambiente em que voc\u00ea esteja.<\/p>\n<p>&nbsp;<\/p>\n<p><img decoding=\"async\" class=\"aligncenter\" src=\"\/wp-content\/uploads\/replace\/b7a3f4f96107d7e18af2a286d0d57fdd.jpeg\" alt=\"x04\" \/><\/p>\n<p>&nbsp;<\/p>\n<h2 style=\"text-align: center\"><strong>BANDA DE PESCO\u00c7O ERGON\u00d4MICA FLEX\u00cdVEL<\/strong><\/h2>\n<p style=\"text-align: center\">Uma gola confort\u00e1vel com capa de silicone proporciona um ajuste natural e ergon\u00f4mico durante uso prolongado. O material flex\u00edvel apresenta um design dobr\u00e1vel para f\u00e1cil armazenamento.<\/p>\n<p><img decoding=\"async\" class=\"aligncenter\" src=\"\/wp-content\/uploads\/replace\/59bd6d00b21598b09ee51e988f701f05.jpeg\" alt=\"x05\" \/><\/p>\n<p>&nbsp;<\/p>\n<h2 style=\"text-align: center\"><strong>FONE DE OUVIDO COM FIXA\u00c7\u00c3O MAGN\u00c9TICA<\/strong><\/h2>\n<p style=\"text-align: center\">As capas magn\u00e9ticas dos fones de ouvido traseiros fornecem um formato semelhante a um colar para armazenamento conveniente em volta do pesco\u00e7o quando n\u00e3o est\u00e3o em uso.<\/p>\n<p>&nbsp;<\/p>\n<p><img decoding=\"async\" class=\"aligncenter\" src=\"\/wp-content\/uploads\/replace\/44f78c6baff8e6a54b1feb7887329d12.jpeg\" alt=\"x06\" \/><\/p>\n<p>&nbsp;<\/p>\n<h2 style=\"text-align: center\"><strong>BLUETOOTH 4.2 COM TECNOLOGIA DE TRANSMISS\u00c3O DE ALTA RESOLU\u00c7\u00c3O<\/strong><\/h2>\n<p style=\"text-align: center\">Desfrute de um meticuloso <a class=\"\" style=\"width: auto !important\" href=\"https:\/\/www.rucashk.com\/pt\/produto\/qcy-t5-true-wireless-earphones-bluetooth-5-0-wholesale\/\" data-wpil-post-to-id=\"3129\">experi\u00eancia de audi\u00e7\u00e3o sem fio com Bluetooth<\/a> 4.2 e um alcance sem fio de at\u00e9 30 p\u00e9s. Uma bateria 3C permite 3x <a class=\"\" style=\"width: auto !important\" href=\"https:\/\/www.rucashk.com\/pt\/produto\/xiaomi-usb-60w-fast-charger\/\" data-wpil-post-to-id=\"13729\">carregamento mais r\u00e1pido<\/a> velocidade, garantindo que voc\u00ea esteja sempre livre para curtir sua m\u00fasica.<\/p>\n<p><img decoding=\"async\" class=\"aligncenter\" src=\"\/wp-content\/uploads\/replace\/6125574b677b711d4696e87257743686.jpeg\" alt=\"x07\" \/><\/p>\n<h2 style=\"text-align: center\"><strong>CAPACIDADES DE CARGA R\u00c1PIDA<\/strong><\/h2>\n<p style=\"text-align: center\">Tirar proveito de <a class=\"\" style=\"width: auto !important\" href=\"https:\/\/www.rucashk.com\/pt\/the-best-choice-of-plug-in-board-xiaomi-youpin-releases-27w-fast-charge-version\/\" data-wpil-post-to-id=\"11088\">Carga r\u00e1pida<\/a> capacidades, com 10 minutos de carga, proporcionando 3 horas de uso.<\/p>\n<p><img decoding=\"async\" class=\"aligncenter\" src=\"\/wp-content\/uploads\/replace\/6fc8b1194458339252408f739281107e.jpeg\" alt=\"x08\" \/><\/p>\n<h2 style=\"text-align: center\"><strong>ALTERAR ENTRE O MODO COM FIO E SEM FIO<\/strong><\/h2>\n<p style=\"text-align: center\"><a class=\"\" style=\"width: auto !important\" href=\"https:\/\/www.rucashk.com\/pt\/produto\/aqara-wireless-switch-wall\/\" data-wpil-post-to-id=\"5333\">Alternar entre sem fio<\/a> audi\u00e7\u00e3o ou reprodu\u00e7\u00e3o com fio usando uma conex\u00e3o Tipo C \u2013 3,5 mm, permitindo que voc\u00ea aproveite sua experi\u00eancia auditiva em qualquer ambiente.<\/p>\n<p><img decoding=\"async\" class=\"aligncenter\" src=\"\/wp-content\/uploads\/replace\/81256b0087266c4b441befa09f54f5ad.jpeg\" alt=\"x09\" \/><\/p>\n<p>&nbsp;<\/p>\n<h2 style=\"text-align: center\"><strong>CONTROLADOR MULTIFUNCIONAL PARA FEEDBACK PRECISO<\/strong><\/h2>\n<p>&nbsp;<\/p>\n<p><img decoding=\"async\" class=\"aligncenter\" src=\"\/wp-content\/uploads\/replace\/db0d3b2a0966a5407f884f842799130c.jpeg\" alt=\"x10\" \/><\/p>","protected":false},"excerpt":{"rendered":"<ul>\n<li>Certifique-se de que cabe inserindo o n\u00famero do seu modelo.<\/li>\n<li>Desfrute de tranquilidade, a qualquer hora e em qualquer lugar<\/li>\n<li>1 driver din\u00e2mico + 1 armadura balanceada para som superior<\/li>\n<li>Cancelamento ativo de ru\u00eddo e op\u00e7\u00f5es de aprimoramento de voz<\/li>\n<li>O cancelamento de ru\u00eddo ambiental proporciona uma comunica\u00e7\u00e3o cristalina<\/li>\n<li>Cabo tipo C a 3,5 mm para op\u00e7\u00f5es de reprodu\u00e7\u00e3o sem fio e com fio<\/li>\n<\/ul>","protected":false},"featured_media":23262,"template":"","meta":[],"product_brand":[1417],"product_cat":[1341,1305],"product_tag":[830],"class_list":{"0":"post-23222","1":"product","2":"type-product","3":"status-publish","4":"has-post-thumbnail","6":"product_brand-qcy","7":"product_cat-others","8":"product_cat-xiaomi-eco","9":"product_tag-1more-e1004ba-dual-driver-bt-anc","11":"first","12":"instock","13":"shipping-taxable","14":"product-type-external"},"aioseo_notices":[],"aioseo_head":"\n\t\t<!-- All in One SEO Pro 4.5.9.2 - aioseo.com -->\n\t\t<meta name=\"description\" content=\"Make sure this fits by entering your model number. Enjoy tranquillity, anytime and anywhere 1 Dynamic driver + 1 balanced armature for superior sound Active noise cancellation and voice enhancement options Environmental noise cancellation provides for crystal clear communication Type C to 3.5mm Cable for Both Wireless and Wired Playback Options\" \/>\n\t\t<meta name=\"robots\" content=\"max-image-preview:large\" \/>\n\t\t<link rel=\"canonical\" href=\"https:\/\/www.rucashk.com\/pt\/produto\/1more-e1004ba-dual-driver-bt-anc\/\" \/>\n\t\t<meta name=\"generator\" content=\"All in One SEO Pro (AIOSEO) 4.5.9.2\" \/>\n\t\t<meta property=\"og:locale\" content=\"pt_PT\" \/>\n\t\t<meta property=\"og:site_name\" content=\"Rucas - One-stop AIoT Distribution Worldwide\" \/>\n\t\t<meta property=\"og:type\" content=\"article\" \/>\n\t\t<meta property=\"og:title\" content=\"1More E1004BA Dual Driver BT ANC - Rucas - Wholesale and Distribution\" \/>\n\t\t<meta property=\"og:description\" content=\"Make sure this fits by entering your model number. Enjoy tranquillity, anytime and anywhere 1 Dynamic driver + 1 balanced armature for superior sound Active noise cancellation and voice enhancement options Environmental noise cancellation provides for crystal clear communication Type C to 3.5mm Cable for Both Wireless and Wired Playback Options\" \/>\n\t\t<meta property=\"og:url\" content=\"https:\/\/www.rucashk.com\/pt\/produto\/1more-e1004ba-dual-driver-bt-anc\/\" \/>\n\t\t<meta property=\"og:image\" content=\"https:\/\/www.rucashk.com\/wp-content\/uploads\/replace\/503b8e645f128a97ccde2b6290747646.jpeg\" \/>\n\t\t<meta property=\"og:image:secure_url\" content=\"https:\/\/www.rucashk.com\/wp-content\/uploads\/replace\/503b8e645f128a97ccde2b6290747646.jpeg\" \/>\n\t\t<meta property=\"og:image:width\" content=\"1456\" \/>\n\t\t<meta property=\"og:image:height\" content=\"816\" \/>\n\t\t<meta property=\"article:published_time\" content=\"2024-01-09T15:52:40+00:00\" \/>\n\t\t<meta property=\"article:modified_time\" content=\"2025-06-22T06:35:06+00:00\" \/>\n\t\t<meta name=\"twitter:card\" content=\"summary_large_image\" \/>\n\t\t<meta name=\"twitter:title\" content=\"1More E1004BA Dual Driver BT ANC - Rucas - Wholesale and Distribution\" \/>\n\t\t<meta name=\"twitter:description\" content=\"Make sure this fits by entering your model number. Enjoy tranquillity, anytime and anywhere 1 Dynamic driver + 1 balanced armature for superior sound Active noise cancellation and voice enhancement options Environmental noise cancellation provides for crystal clear communication Type C to 3.5mm Cable for Both Wireless and Wired Playback Options\" \/>\n\t\t<meta name=\"twitter:image\" content=\"https:\/\/www.rucashk.com\/wp-content\/uploads\/replace\/503b8e645f128a97ccde2b6290747646.jpeg\" \/>\n\t\t<script type=\"application\/ld+json\" class=\"aioseo-schema\">\n\t\t\t{\"@context\":\"https:\\\/\\\/schema.org\",\"@graph\":[{\"@type\":\"BreadcrumbList\",\"@id\":\"https:\\\/\\\/www.rucashk.com\\\/pt\\\/produto\\\/1more-e1004ba-dual-driver-bt-anc\\\/#breadcrumblist\",\"itemListElement\":[{\"@type\":\"ListItem\",\"@id\":\"https:\\\/\\\/www.rucashk.com\\\/pt\\\/#listItem\",\"position\":1,\"name\":\"Home\",\"item\":\"https:\\\/\\\/www.rucashk.com\\\/pt\\\/\",\"nextItem\":\"https:\\\/\\\/www.rucashk.com\\\/pt\\\/produto\\\/1more-e1004ba-dual-driver-bt-anc\\\/#listItem\"},{\"@type\":\"ListItem\",\"@id\":\"https:\\\/\\\/www.rucashk.com\\\/pt\\\/produto\\\/1more-e1004ba-dual-driver-bt-anc\\\/#listItem\",\"position\":2,\"name\":\"1More E1004BA Dual Driver BT ANC\",\"previousItem\":\"https:\\\/\\\/www.rucashk.com\\\/pt\\\/#listItem\"}]},{\"@type\":\"Organization\",\"@id\":\"https:\\\/\\\/www.rucashk.com\\\/pt\\\/#organization\",\"name\":\"Rucas\",\"url\":\"https:\\\/\\\/www.rucashk.com\\\/pt\\\/\",\"logo\":{\"@type\":\"ImageObject\",\"url\":\"https:\\\/\\\/www.rucashk.com\\\/wp-content\\\/uploads\\\/2023\\\/12\\\/Rucas_campany_logo.png\",\"@id\":\"https:\\\/\\\/www.rucashk.com\\\/pt\\\/produto\\\/1more-e1004ba-dual-driver-bt-anc\\\/#organizationLogo\",\"width\":221,\"height\":65},\"image\":{\"@id\":\"https:\\\/\\\/www.rucashk.com\\\/pt\\\/#organizationLogo\"}},{\"@type\":\"Person\",\"@id\":\"https:\\\/\\\/www.rucashk.com\\\/pt\\\/author\\\/admin\\\/#author\",\"url\":\"https:\\\/\\\/www.rucashk.com\\\/pt\\\/author\\\/admin\\\/\",\"name\":\"admin\",\"image\":{\"@type\":\"ImageObject\",\"@id\":\"https:\\\/\\\/www.rucashk.com\\\/pt\\\/produto\\\/1more-e1004ba-dual-driver-bt-anc\\\/#authorImage\",\"url\":\"https:\\\/\\\/secure.gravatar.com\\\/avatar\\\/b7c8925b09a27e72b30232f8ecaadbd5af0f70a38c78096863fe51b64f031c24?s=96&d=mm&r=g\",\"width\":96,\"height\":96,\"caption\":\"admin\"}},{\"@type\":\"WebPage\",\"@id\":\"https:\\\/\\\/www.rucashk.com\\\/pt\\\/produto\\\/1more-e1004ba-dual-driver-bt-anc\\\/#webpage\",\"url\":\"https:\\\/\\\/www.rucashk.com\\\/pt\\\/produto\\\/1more-e1004ba-dual-driver-bt-anc\\\/\",\"name\":\"1More E1004BA Dual Driver BT ANC - Rucas - Wholesale and Distribution\",\"description\":\"Make sure this fits by entering your model number. Enjoy tranquillity, anytime and anywhere 1 Dynamic driver + 1 balanced armature for superior sound Active noise cancellation and voice enhancement options Environmental noise cancellation provides for crystal clear communication Type C to 3.5mm Cable for Both Wireless and Wired Playback Options\",\"inLanguage\":\"pt-PT\",\"isPartOf\":{\"@id\":\"https:\\\/\\\/www.rucashk.com\\\/pt\\\/#website\"},\"breadcrumb\":{\"@id\":\"https:\\\/\\\/www.rucashk.com\\\/pt\\\/produto\\\/1more-e1004ba-dual-driver-bt-anc\\\/#breadcrumblist\"},\"author\":{\"@id\":\"https:\\\/\\\/www.rucashk.com\\\/pt\\\/author\\\/admin\\\/#author\"},\"creator\":{\"@id\":\"https:\\\/\\\/www.rucashk.com\\\/pt\\\/author\\\/admin\\\/#author\"},\"image\":{\"@type\":\"ImageObject\",\"url\":\"https:\\\/\\\/www.rucashk.com\\\/wp-content\\\/uploads\\\/2024\\\/01\\\/1More-E1004BA-Dual-Driver-BT-ANC.jpg\",\"@id\":\"https:\\\/\\\/www.rucashk.com\\\/pt\\\/produto\\\/1more-e1004ba-dual-driver-bt-anc\\\/#mainImage\",\"width\":502,\"height\":440},\"primaryImageOfPage\":{\"@id\":\"https:\\\/\\\/www.rucashk.com\\\/pt\\\/produto\\\/1more-e1004ba-dual-driver-bt-anc\\\/#mainImage\"},\"datePublished\":\"2024-01-09T15:52:40+00:00\",\"dateModified\":\"2025-06-22T06:35:06+00:00\"},{\"@type\":\"WebSite\",\"@id\":\"https:\\\/\\\/www.rucashk.com\\\/pt\\\/#website\",\"url\":\"https:\\\/\\\/www.rucashk.com\\\/pt\\\/\",\"name\":\"Rucas - Wholesale and distribution worldwide\",\"alternateName\":\"Rucas - One-stop AIoT Distribution Worldwide\",\"description\":\"One-stop AIoT Distribution Worldwide\",\"inLanguage\":\"pt-PT\",\"publisher\":{\"@id\":\"https:\\\/\\\/www.rucashk.com\\\/pt\\\/#organization\"}}]}\n\t\t<\/script>\n\t\t<!-- All in One SEO Pro -->\r\n\t\t<title>1More E1004BA Dual Driver BT ANC - Rucas - Wholesale and Distribution<\/title>\n\n","aioseo_head_json":{"title":"1More E1004BA Dual Driver BT ANC - Rucas - Wholesale and Distribution","description":"Make sure this fits by entering your model number. Enjoy tranquillity, anytime and anywhere 1 Dynamic driver + 1 balanced armature for superior sound Active noise cancellation and voice enhancement options Environmental noise cancellation provides for crystal clear communication Type C to 3.5mm Cable for Both Wireless and Wired Playback Options","canonical_url":"https:\/\/www.rucashk.com\/pt\/produto\/1more-e1004ba-dual-driver-bt-anc\/","robots":"max-image-preview:large","keywords":"","webmasterTools":{"miscellaneous":""},"og:locale":"pt_PT","og:site_name":"Rucas - One-stop AIoT Distribution Worldwide","og:type":"article","og:title":"1More E1004BA Dual Driver BT ANC - Rucas - Wholesale and Distribution","og:description":"Make sure this fits by entering your model number. Enjoy tranquillity, anytime and anywhere 1 Dynamic driver + 1 balanced armature for superior sound Active noise cancellation and voice enhancement options Environmental noise cancellation provides for crystal clear communication Type C to 3.5mm Cable for Both Wireless and Wired Playback Options","og:url":"https:\/\/www.rucashk.com\/pt\/produto\/1more-e1004ba-dual-driver-bt-anc\/","og:image":"https:\/\/www.rucashk.com\/wp-content\/uploads\/replace\/503b8e645f128a97ccde2b6290747646.jpeg","og:image:secure_url":"https:\/\/www.rucashk.com\/wp-content\/uploads\/replace\/503b8e645f128a97ccde2b6290747646.jpeg","og:image:width":1456,"og:image:height":816,"article:published_time":"2024-01-09T15:52:40+00:00","article:modified_time":"2025-06-22T06:35:06+00:00","twitter:card":"summary_large_image","twitter:title":"1More E1004BA Dual Driver BT ANC - Rucas - Wholesale and Distribution","twitter:description":"Make sure this fits by entering your model number. Enjoy tranquillity, anytime and anywhere 1 Dynamic driver + 1 balanced armature for superior sound Active noise cancellation and voice enhancement options Environmental noise cancellation provides for crystal clear communication Type C to 3.5mm Cable for Both Wireless and Wired Playback Options","twitter:image":"https:\/\/www.rucashk.com\/wp-content\/uploads\/replace\/503b8e645f128a97ccde2b6290747646.jpeg","schema":{"@context":"https:\/\/schema.org","@graph":[{"@type":"BreadcrumbList","@id":"https:\/\/www.rucashk.com\/pt\/produto\/1more-e1004ba-dual-driver-bt-anc\/#breadcrumblist","itemListElement":[{"@type":"ListItem","@id":"https:\/\/www.rucashk.com\/pt\/#listItem","position":1,"name":"Home","item":"https:\/\/www.rucashk.com\/pt\/","nextItem":"https:\/\/www.rucashk.com\/pt\/produto\/1more-e1004ba-dual-driver-bt-anc\/#listItem"},{"@type":"ListItem","@id":"https:\/\/www.rucashk.com\/pt\/produto\/1more-e1004ba-dual-driver-bt-anc\/#listItem","position":2,"name":"1More E1004BA Dual Driver BT ANC","previousItem":"https:\/\/www.rucashk.com\/pt\/#listItem"}]},{"@type":"Organization","@id":"https:\/\/www.rucashk.com\/pt\/#organization","name":"Rucas","url":"https:\/\/www.rucashk.com\/pt\/","logo":{"@type":"ImageObject","url":"https:\/\/www.rucashk.com\/wp-content\/uploads\/2023\/12\/Rucas_campany_logo.png","@id":"https:\/\/www.rucashk.com\/pt\/produto\/1more-e1004ba-dual-driver-bt-anc\/#organizationLogo","width":221,"height":65},"image":{"@id":"https:\/\/www.rucashk.com\/pt\/#organizationLogo"}},{"@type":"Person","@id":"https:\/\/www.rucashk.com\/pt\/author\/admin\/#author","url":"https:\/\/www.rucashk.com\/pt\/author\/admin\/","name":"admin","image":{"@type":"ImageObject","@id":"https:\/\/www.rucashk.com\/pt\/produto\/1more-e1004ba-dual-driver-bt-anc\/#authorImage","url":"https:\/\/secure.gravatar.com\/avatar\/b7c8925b09a27e72b30232f8ecaadbd5af0f70a38c78096863fe51b64f031c24?s=96&d=mm&r=g","width":96,"height":96,"caption":"admin"}},{"@type":"WebPage","@id":"https:\/\/www.rucashk.com\/pt\/produto\/1more-e1004ba-dual-driver-bt-anc\/#webpage","url":"https:\/\/www.rucashk.com\/pt\/produto\/1more-e1004ba-dual-driver-bt-anc\/","name":"1More E1004BA Dual Driver BT ANC - Rucas - Wholesale and Distribution","description":"Make sure this fits by entering your model number. Enjoy tranquillity, anytime and anywhere 1 Dynamic driver + 1 balanced armature for superior sound Active noise cancellation and voice enhancement options Environmental noise cancellation provides for crystal clear communication Type C to 3.5mm Cable for Both Wireless and Wired Playback Options","inLanguage":"pt-PT","isPartOf":{"@id":"https:\/\/www.rucashk.com\/pt\/#website"},"breadcrumb":{"@id":"https:\/\/www.rucashk.com\/pt\/produto\/1more-e1004ba-dual-driver-bt-anc\/#breadcrumblist"},"author":{"@id":"https:\/\/www.rucashk.com\/pt\/author\/admin\/#author"},"creator":{"@id":"https:\/\/www.rucashk.com\/pt\/author\/admin\/#author"},"image":{"@type":"ImageObject","url":"https:\/\/www.rucashk.com\/wp-content\/uploads\/2024\/01\/1More-E1004BA-Dual-Driver-BT-ANC.jpg","@id":"https:\/\/www.rucashk.com\/pt\/produto\/1more-e1004ba-dual-driver-bt-anc\/#mainImage","width":502,"height":440},"primaryImageOfPage":{"@id":"https:\/\/www.rucashk.com\/pt\/produto\/1more-e1004ba-dual-driver-bt-anc\/#mainImage"},"datePublished":"2024-01-09T15:52:40+00:00","dateModified":"2025-06-22T06:35:06+00:00"},{"@type":"WebSite","@id":"https:\/\/www.rucashk.com\/pt\/#website","url":"https:\/\/www.rucashk.com\/pt\/","name":"Rucas - Wholesale and distribution worldwide","alternateName":"Rucas - One-stop AIoT Distribution Worldwide","description":"One-stop AIoT Distribution Worldwide","inLanguage":"pt-PT","publisher":{"@id":"https:\/\/www.rucashk.com\/pt\/#organization"}}]}},"aioseo_meta_data":{"post_id":"23222","title":null,"description":null,"keywords":null,"keyphrases":null,"primary_term":null,"canonical_url":null,"og_title":null,"og_description":null,"og_object_type":"default","og_image_type":"default","og_image_url":null,"og_image_width":null,"og_image_height":null,"og_image_custom_url":null,"og_image_custom_fields":null,"og_video":null,"og_custom_url":null,"og_article_section":null,"og_article_tags":null,"twitter_use_og":false,"twitter_card":"default","twitter_image_type":"default","twitter_image_url":null,"twitter_image_custom_url":null,"twitter_image_custom_fields":null,"twitter_title":null,"twitter_description":null,"schema":{"blockGraphs":[],"customGraphs":[],"default":{"data":{"Article":[],"Course":[],"Dataset":[],"FAQPage":[],"Movie":[],"Person":[],"Product":[],"Recipe":[],"Service":[],"SoftwareApplication":[],"WebPage":[]},"graphName":"","isEnabled":true},"graphs":[]},"schema_type":"default","schema_type_options":null,"pillar_content":false,"robots_default":true,"robots_noindex":false,"robots_noarchive":false,"robots_nosnippet":false,"robots_nofollow":false,"robots_noimageindex":false,"robots_noodp":false,"robots_notranslate":false,"robots_max_snippet":null,"robots_max_videopreview":null,"robots_max_imagepreview":"large","priority":null,"frequency":null,"local_seo":null,"breadcrumb_settings":null,"limit_modified_date":false,"created":"2024-04-11 01:55:28","updated":"2025-06-22 17:01:25"},"aioseo_breadcrumb":"<div class=\"aioseo-breadcrumbs\"><span class=\"aioseo-breadcrumb\">\n\t<a href=\"https:\/\/www.rucashk.com\/pt\" title=\"Home\">Home<\/a>\n<\/span><span class=\"aioseo-breadcrumb-separator\">&raquo;<\/span><span class=\"aioseo-breadcrumb\">\n\t<a href=\"https:\/\/www.rucashk.com\/pt\/products\/\" title=\"Produtos\">Produtos<\/a>\n<\/span><span class=\"aioseo-breadcrumb-separator\">&raquo;<\/span><span class=\"aioseo-breadcrumb\">\n\t<a href=\"https:\/\/www.rucashk.com\/pt\/marca\/qcy\/\" title=\"QCY\">QCY<\/a>\n<\/span><span class=\"aioseo-breadcrumb-separator\">&raquo;<\/span><span class=\"aioseo-breadcrumb\">\n\t1More E1004BA Dual Driver BT ANC\n<\/span><\/div>","aioseo_breadcrumb_json":[{"label":"Home","link":"https:\/\/www.rucashk.com\/pt"},{"label":"Produtos","link":"https:\/\/www.rucashk.com\/pt\/products\/"},{"label":"QCY","link":"https:\/\/www.rucashk.com\/pt\/marca\/qcy\/"},{"label":"1More E1004BA Dual Driver BT ANC","link":"https:\/\/www.rucashk.com\/pt\/produto\/1more-e1004ba-dual-driver-bt-anc\/"}],"_links":{"self":[{"href":"https:\/\/www.rucashk.com\/pt\/wp-json\/wp\/v2\/product\/23222","targetHints":{"allow":["GET"]}}],"collection":[{"href":"https:\/\/www.rucashk.com\/pt\/wp-json\/wp\/v2\/product"}],"about":[{"href":"https:\/\/www.rucashk.com\/pt\/wp-json\/wp\/v2\/types\/product"}],"wp:featuredmedia":[{"embeddable":true,"href":"https:\/\/www.rucashk.com\/pt\/wp-json\/wp\/v2\/media\/23262"}],"wp:attachment":[{"href":"https:\/\/www.rucashk.com\/pt\/wp-json\/wp\/v2\/media?parent=23222"}],"wp:term":[{"taxonomy":"product_brand","embeddable":true,"href":"https:\/\/www.rucashk.com\/pt\/wp-json\/wp\/v2\/product_brand?post=23222"},{"taxonomy":"product_cat","embeddable":true,"href":"https:\/\/www.rucashk.com\/pt\/wp-json\/wp\/v2\/product_cat?post=23222"},{"taxonomy":"product_tag","embeddable":true,"href":"https:\/\/www.rucashk.com\/pt\/wp-json\/wp\/v2\/product_tag?post=23222"}],"curies":[{"name":"wp","href":"https:\/\/api.w.org\/{rel}","templated":true}]}}