{"id":23220,"date":"2024-01-09T15:52:40","date_gmt":"2024-01-09T15:52:40","guid":{"rendered":"http:\/\/rucashk.com\/?post_type=product&#038;p=23220"},"modified":"2024-01-21T04:32:06","modified_gmt":"2024-01-21T04:32:06","slug":"xiaomi-cosbeauty-cordless-ipl-permanent-hair-growth-cap","status":"publish","type":"product","link":"https:\/\/www.rucashk.com\/pt\/produto\/xiaomi-cosbeauty-cordless-ipl-permanent-hair-growth-cap\/","title":{"rendered":"XIAOMI COSBEAUTY Bon\u00e9 de crescimento capilar permanente sem fio IPL"},"content":{"rendered":"<div id=\"descriptionImg\"><img decoding=\"async\" class=\"lazy\" src=\"https:\/\/www.rucashk.com\/wp-content\/uploads\/2020\/06\/PAA1159W-US-1-101e-7KvI.jpg\" data-original=\"\/\/img.tttcdn.com\/product\/xy\/2000\/2000\/p\/gu1\/P\/S\/PAA1159W-US\/PAA1159W-US-1-101e-7KvI.jpg\" \/><img decoding=\"async\" class=\"lazy\" src=\"https:\/\/www.rucashk.com\/wp-content\/uploads\/2020\/06\/PAA1159W-US-1-101e-MGkm.jpg\" data-original=\"\/\/img.tttcdn.com\/product\/xy\/2000\/2000\/p\/gu1\/P\/S\/PAA1159W-US\/PAA1159W-US-1-101e-MGkm.jpg\" \/><img decoding=\"async\" class=\"lazy\" src=\"https:\/\/www.rucashk.com\/wp-content\/uploads\/2020\/06\/PAA1159W-US-1-101e-IF1d.jpg\" data-original=\"\/\/img.tttcdn.com\/product\/xy\/2000\/2000\/p\/gu1\/P\/S\/PAA1159W-US\/PAA1159W-US-1-101e-IF1d.jpg\" \/><img decoding=\"async\" class=\"lazy\" src=\"https:\/\/www.rucashk.com\/wp-content\/uploads\/2020\/06\/PAA1159W-US-1-101e-2b30.jpg\" data-original=\"\/\/img.tttcdn.com\/product\/xy\/2000\/2000\/p\/gu1\/P\/S\/PAA1159W-US\/PAA1159W-US-1-101e-2b30.jpg\" \/><img decoding=\"async\" class=\"lazy\" src=\"https:\/\/www.rucashk.com\/wp-content\/uploads\/2020\/06\/PAA1159W-US-1-101e-N51M.jpg\" data-original=\"\/\/img.tttcdn.com\/product\/xy\/2000\/2000\/p\/gu1\/P\/S\/PAA1159W-US\/PAA1159W-US-1-101e-N51M.jpg\" \/><img decoding=\"async\" class=\"lazy\" src=\"https:\/\/www.rucashk.com\/wp-content\/uploads\/2020\/06\/PAA1159W-US-1-101e-W1uX.jpg\" data-original=\"\/\/img.tttcdn.com\/product\/xy\/2000\/2000\/p\/gu1\/P\/S\/PAA1159W-US\/PAA1159W-US-1-101e-W1uX.jpg\" \/><img decoding=\"async\" class=\"lazy\" src=\"https:\/\/www.rucashk.com\/wp-content\/uploads\/2020\/06\/PAA1159W-US-1-101e-GlpJ.jpg\" data-original=\"\/\/img.tttcdn.com\/product\/xy\/2000\/2000\/p\/gu1\/P\/S\/PAA1159W-US\/PAA1159W-US-1-101e-GlpJ.jpg\" \/><img decoding=\"async\" class=\"lazy\" src=\"https:\/\/www.rucashk.com\/wp-content\/uploads\/2020\/06\/PAA1159W-US-1-101e-KyKx.jpg\" data-original=\"\/\/img.tttcdn.com\/product\/xy\/2000\/2000\/p\/gu1\/P\/S\/PAA1159W-US\/PAA1159W-US-1-101e-KyKx.jpg\" \/><img decoding=\"async\" class=\"lazy\" src=\"https:\/\/www.rucashk.com\/wp-content\/uploads\/2020\/06\/PAA1159W-US-1-101e-K4jo.jpg\" data-original=\"\/\/img.tttcdn.com\/product\/xy\/2000\/2000\/p\/gu1\/P\/S\/PAA1159W-US\/PAA1159W-US-1-101e-K4jo.jpg\" \/><img decoding=\"async\" class=\"lazy\" src=\"https:\/\/www.rucashk.com\/wp-content\/uploads\/2020\/06\/PAA1159W-US-1-101e-OiCT.jpg\" data-original=\"\/\/img.tttcdn.com\/product\/xy\/2000\/2000\/p\/gu1\/P\/S\/PAA1159W-US\/PAA1159W-US-1-101e-OiCT.jpg\" \/><img decoding=\"async\" class=\"lazy\" src=\"https:\/\/www.rucashk.com\/wp-content\/uploads\/2020\/06\/PAA1159W-US-1-101e-BOXl.jpg\" data-original=\"\/\/img.tttcdn.com\/product\/xy\/2000\/2000\/p\/gu1\/P\/S\/PAA1159W-US\/PAA1159W-US-1-101e-BOXl.jpg\" \/><img decoding=\"async\" class=\"lazy\" src=\"https:\/\/www.rucashk.com\/wp-content\/uploads\/2020\/06\/PAA1159W-US-1-101e-yDV0.jpg\" data-original=\"\/\/img.tttcdn.com\/product\/xy\/2000\/2000\/p\/gu1\/P\/S\/PAA1159W-US\/PAA1159W-US-1-101e-yDV0.jpg\" \/><\/div>\n<div><\/div>\n<div><strong>Principais caracter\u00edsticas:<\/strong><br \/>\n* 300.000 flashes deslizantes.<br \/>\n* Visor OLED, o <a class=\"\" style=\"width: auto !important\" href=\"https:\/\/www.rucashk.com\/pt\/xiaomi-youpin-started-with-long-haired-child-new-hair-removal-device-came-out\/\" data-wpil-post-to-id=\"7005\">depila\u00e7\u00e3o<\/a> \u00e9 claramente vis\u00edvel.<br \/>\n* Usado quatro vezes, o <a class=\"\" style=\"width: auto !important\" href=\"https:\/\/www.rucashk.com\/pt\/xiaomi-youpin-started-with-long-haired-child-new-hair-removal-device-came-out\/\" data-wpil-post-to-id=\"7005\">depila\u00e7\u00e3o<\/a> efeito \u00e9 claramente vis\u00edvel.<br \/>\n* Sele\u00e7\u00e3o de energia de cinco marchas para atender \u00e0s diferentes necessidades da pele.<br \/>\n* Luz pulsada forte IPL <a class=\"\" style=\"width: auto !important\" href=\"https:\/\/www.rucashk.com\/pt\/xiaomi-youpin-started-with-long-haired-child-new-hair-removal-device-came-out\/\" data-wpil-post-to-id=\"7005\">depila\u00e7\u00e3o<\/a> tecnologia para inibir o crescimento do cabelo.<br \/>\n* Adequado para grandes \u00e1reas do corpo, como axilas, bra\u00e7os e pernas.<br \/>\n* Atrav\u00e9s da certifica\u00e7\u00e3o FDA da Food and Drug Administration dos EUA, ele tamb\u00e9m passou nas rigorosas certifica\u00e7\u00f5es CE e RoHS dos \u201cpadr\u00f5es de acesso da UE\u201d e tamb\u00e9m obteve a certifica\u00e7\u00e3o PSE \u201cPadr\u00e3o de acesso do Jap\u00e3o\u201d.<strong data-spm-anchor-id=\"a2g0o.detail.1000023.i0.649d7440fS9ECy\">Especifica\u00e7\u00e3o:<\/strong><br \/>\nMarca:<strong>\u00a0COSBELEZA\u00a0<\/strong><strong>XIAOMI <a class=\"\" style=\"width: auto !important\" href=\"https:\/\/www.rucashk.com\/pt\/explosive-products-of-xiaomi-ecological-chain-super-high-speed-motor-2-times-the-air-pressure-boost-hairline-i-am-saved\/\" data-wpil-post-to-id=\"7147\">Cadeia Ecol\u00f3gica<\/a> Marca<\/strong><br \/>\nNome do produto: luz de pulso forte IPL <a href=\"https:\/\/www.rucashk.com\/pt\/xiaomi-youpin-started-with-long-haired-child-new-hair-removal-device-came-out\/\" class=\"\" style=\"width: auto !important\" data-wpil-post-to-id=\"7005\">depila\u00e7\u00e3o<\/a> instrumento<br \/>\nCor branca<br \/>\nN\u00famero de exposi\u00e7\u00f5es: 300.000 vezes<br \/>\nFonte de luz: luz pulsada forte IPL<br \/>\nAjuste de engrenagem: 5 ajust\u00e1veis<br \/>\nFonte de luz: luz pulsada forte IPL<br \/>\nPot\u00eancia de sa\u00edda: 100V-240V<br \/>\nM\u00e9todo de carregamento: recarreg\u00e1vel<br \/>\nPeso l\u00edquido do produto: 402g<strong>Inclu\u00eddo no Pacote:<\/strong><br \/>\n1 x instrumento de remo\u00e7\u00e3o de p\u00ealos ipl<br \/>\n1 x <a class=\"\" style=\"width: auto !important\" href=\"https:\/\/www.rucashk.com\/pt\/produto\/xiaomi-mi-usb-c-charger-65w-output-rate-socket-power-adapter\/\" data-wpil-post-to-id=\"2611\">Adaptador de energia<\/a><br \/>\n3 x l\u00e2mpada de luz<br \/>\n1 x \u00d3culos<\/div>","protected":false},"excerpt":{"rendered":"<p><b>Principais caracter\u00edsticas:<\/b><br \/>\n* 300.000 flashes deslizantes.<br \/>\n* OLED display, the hair removal is clearly visible.<br \/>\n* Used four times, the hair removal effect is clearly visible.<br \/>\n* Sele\u00e7\u00e3o de energia de cinco marchas para atender \u00e0s diferentes necessidades da pele.<br \/>\n* IPL strong pulsed light hair removal technology to inhibit hair growth.<br \/>\n* Adequado para grandes \u00e1reas do corpo, como axilas, bra\u00e7os e pernas.<\/p>","protected":false},"featured_media":23260,"template":"","meta":[],"product_brand":[],"product_cat":[1320,1305],"product_tag":[827],"class_list":{"0":"post-23220","1":"product","2":"type-product","3":"status-publish","4":"has-post-thumbnail","6":"product_cat-personal-care","7":"product_cat-xiaomi-eco","8":"product_tag-xiaomi-cosbeauty-cordless-ipl-permanent-hair-growth-cap","10":"first","11":"instock","12":"shipping-taxable","13":"product-type-external"},"aioseo_notices":[],"aioseo_head":"\n\t\t<!-- All in One SEO Pro 4.5.9.2 - aioseo.com -->\n\t\t<meta name=\"description\" content=\"Main Features: * 300,000 sliding flashes. * OLED display, the hair removal is clearly visible. * Used four times, the hair removal effect is clearly visible. * Five gear energy selection to meet different skin needs. * IPL strong pulsed light hair removal technology to inhibit hair growth. * Suitable for large areas of the body such as underarms, arms and legs.\" \/>\n\t\t<meta name=\"robots\" content=\"max-image-preview:large\" \/>\n\t\t<link rel=\"canonical\" href=\"https:\/\/www.rucashk.com\/pt\/produto\/xiaomi-cosbeauty-cordless-ipl-permanent-hair-growth-cap\/\" \/>\n\t\t<meta name=\"generator\" content=\"All in One SEO Pro (AIOSEO) 4.5.9.2\" \/>\n\t\t<meta property=\"og:locale\" content=\"pt_PT\" \/>\n\t\t<meta property=\"og:site_name\" content=\"Rucas - One-stop AIoT Distribution Worldwide\" \/>\n\t\t<meta property=\"og:type\" content=\"article\" \/>\n\t\t<meta property=\"og:title\" content=\"XIAOMI COSBEAUTY Cordless IPL Permanent Hair Growth Cap - Rucas - Wholesale and Distribution\" \/>\n\t\t<meta property=\"og:description\" content=\"Main Features: * 300,000 sliding flashes. * OLED display, the hair removal is clearly visible. * Used four times, the hair removal effect is clearly visible. * Five gear energy selection to meet different skin needs. * IPL strong pulsed light hair removal technology to inhibit hair growth. * Suitable for large areas of the body such as underarms, arms and legs.\" \/>\n\t\t<meta property=\"og:url\" content=\"https:\/\/www.rucashk.com\/pt\/produto\/xiaomi-cosbeauty-cordless-ipl-permanent-hair-growth-cap\/\" \/>\n\t\t<meta property=\"og:image\" content=\"https:\/\/www.rucashk.com\/wp-content\/uploads\/replace\/503b8e645f128a97ccde2b6290747646.jpeg\" \/>\n\t\t<meta property=\"og:image:secure_url\" content=\"https:\/\/www.rucashk.com\/wp-content\/uploads\/replace\/503b8e645f128a97ccde2b6290747646.jpeg\" \/>\n\t\t<meta property=\"og:image:width\" content=\"1456\" \/>\n\t\t<meta property=\"og:image:height\" content=\"816\" \/>\n\t\t<meta property=\"article:published_time\" content=\"2024-01-09T15:52:40+00:00\" \/>\n\t\t<meta property=\"article:modified_time\" content=\"2024-01-21T04:32:06+00:00\" \/>\n\t\t<meta name=\"twitter:card\" content=\"summary_large_image\" \/>\n\t\t<meta name=\"twitter:title\" content=\"XIAOMI COSBEAUTY Cordless IPL Permanent Hair Growth Cap - Rucas - Wholesale and Distribution\" \/>\n\t\t<meta name=\"twitter:description\" content=\"Main Features: * 300,000 sliding flashes. * OLED display, the hair removal is clearly visible. * Used four times, the hair removal effect is clearly visible. * Five gear energy selection to meet different skin needs. * IPL strong pulsed light hair removal technology to inhibit hair growth. * Suitable for large areas of the body such as underarms, arms and legs.\" \/>\n\t\t<meta name=\"twitter:image\" content=\"https:\/\/www.rucashk.com\/wp-content\/uploads\/replace\/503b8e645f128a97ccde2b6290747646.jpeg\" \/>\n\t\t<script type=\"application\/ld+json\" class=\"aioseo-schema\">\n\t\t\t{\"@context\":\"https:\\\/\\\/schema.org\",\"@graph\":[{\"@type\":\"BreadcrumbList\",\"@id\":\"https:\\\/\\\/www.rucashk.com\\\/pt\\\/produto\\\/xiaomi-cosbeauty-cordless-ipl-permanent-hair-growth-cap\\\/#breadcrumblist\",\"itemListElement\":[{\"@type\":\"ListItem\",\"@id\":\"https:\\\/\\\/www.rucashk.com\\\/pt\\\/#listItem\",\"position\":1,\"name\":\"Home\",\"item\":\"https:\\\/\\\/www.rucashk.com\\\/pt\\\/\",\"nextItem\":\"https:\\\/\\\/www.rucashk.com\\\/pt\\\/produto\\\/xiaomi-cosbeauty-cordless-ipl-permanent-hair-growth-cap\\\/#listItem\"},{\"@type\":\"ListItem\",\"@id\":\"https:\\\/\\\/www.rucashk.com\\\/pt\\\/produto\\\/xiaomi-cosbeauty-cordless-ipl-permanent-hair-growth-cap\\\/#listItem\",\"position\":2,\"name\":\"XIAOMI COSBEAUTY Cordless IPL Permanent Hair Growth Cap\",\"previousItem\":\"https:\\\/\\\/www.rucashk.com\\\/pt\\\/#listItem\"}]},{\"@type\":\"Organization\",\"@id\":\"https:\\\/\\\/www.rucashk.com\\\/pt\\\/#organization\",\"name\":\"Rucas\",\"url\":\"https:\\\/\\\/www.rucashk.com\\\/pt\\\/\",\"logo\":{\"@type\":\"ImageObject\",\"url\":\"https:\\\/\\\/www.rucashk.com\\\/wp-content\\\/uploads\\\/2023\\\/12\\\/Rucas_campany_logo.png\",\"@id\":\"https:\\\/\\\/www.rucashk.com\\\/pt\\\/produto\\\/xiaomi-cosbeauty-cordless-ipl-permanent-hair-growth-cap\\\/#organizationLogo\",\"width\":221,\"height\":65},\"image\":{\"@id\":\"https:\\\/\\\/www.rucashk.com\\\/pt\\\/#organizationLogo\"}},{\"@type\":\"Person\",\"@id\":\"https:\\\/\\\/www.rucashk.com\\\/pt\\\/author\\\/admin\\\/#author\",\"url\":\"https:\\\/\\\/www.rucashk.com\\\/pt\\\/author\\\/admin\\\/\",\"name\":\"admin\",\"image\":{\"@type\":\"ImageObject\",\"@id\":\"https:\\\/\\\/www.rucashk.com\\\/pt\\\/produto\\\/xiaomi-cosbeauty-cordless-ipl-permanent-hair-growth-cap\\\/#authorImage\",\"url\":\"https:\\\/\\\/secure.gravatar.com\\\/avatar\\\/b7c8925b09a27e72b30232f8ecaadbd5af0f70a38c78096863fe51b64f031c24?s=96&d=mm&r=g\",\"width\":96,\"height\":96,\"caption\":\"admin\"}},{\"@type\":\"WebPage\",\"@id\":\"https:\\\/\\\/www.rucashk.com\\\/pt\\\/produto\\\/xiaomi-cosbeauty-cordless-ipl-permanent-hair-growth-cap\\\/#webpage\",\"url\":\"https:\\\/\\\/www.rucashk.com\\\/pt\\\/produto\\\/xiaomi-cosbeauty-cordless-ipl-permanent-hair-growth-cap\\\/\",\"name\":\"XIAOMI COSBEAUTY Cordless IPL Permanent Hair Growth Cap - Rucas - Wholesale and Distribution\",\"description\":\"Main Features: * 300,000 sliding flashes. * OLED display, the hair removal is clearly visible. * Used four times, the hair removal effect is clearly visible. * Five gear energy selection to meet different skin needs. * IPL strong pulsed light hair removal technology to inhibit hair growth. * Suitable for large areas of the body such as underarms, arms and legs.\",\"inLanguage\":\"pt-PT\",\"isPartOf\":{\"@id\":\"https:\\\/\\\/www.rucashk.com\\\/pt\\\/#website\"},\"breadcrumb\":{\"@id\":\"https:\\\/\\\/www.rucashk.com\\\/pt\\\/produto\\\/xiaomi-cosbeauty-cordless-ipl-permanent-hair-growth-cap\\\/#breadcrumblist\"},\"author\":{\"@id\":\"https:\\\/\\\/www.rucashk.com\\\/pt\\\/author\\\/admin\\\/#author\"},\"creator\":{\"@id\":\"https:\\\/\\\/www.rucashk.com\\\/pt\\\/author\\\/admin\\\/#author\"},\"image\":{\"@type\":\"ImageObject\",\"url\":\"https:\\\/\\\/www.rucashk.com\\\/wp-content\\\/uploads\\\/2024\\\/01\\\/XIAOMI-COSBEAUTY-Cordless-IPL-Permanent-Hair-Growth-Cap_\\u526f\\u672c.jpg\",\"@id\":\"https:\\\/\\\/www.rucashk.com\\\/pt\\\/produto\\\/xiaomi-cosbeauty-cordless-ipl-permanent-hair-growth-cap\\\/#mainImage\",\"width\":478,\"height\":481},\"primaryImageOfPage\":{\"@id\":\"https:\\\/\\\/www.rucashk.com\\\/pt\\\/produto\\\/xiaomi-cosbeauty-cordless-ipl-permanent-hair-growth-cap\\\/#mainImage\"},\"datePublished\":\"2024-01-09T15:52:40+00:00\",\"dateModified\":\"2024-01-21T04:32:06+00:00\"},{\"@type\":\"WebSite\",\"@id\":\"https:\\\/\\\/www.rucashk.com\\\/pt\\\/#website\",\"url\":\"https:\\\/\\\/www.rucashk.com\\\/pt\\\/\",\"name\":\"Rucas - Wholesale and distribution worldwide\",\"alternateName\":\"Rucas - One-stop AIoT Distribution Worldwide\",\"description\":\"One-stop AIoT Distribution Worldwide\",\"inLanguage\":\"pt-PT\",\"publisher\":{\"@id\":\"https:\\\/\\\/www.rucashk.com\\\/pt\\\/#organization\"}}]}\n\t\t<\/script>\n\t\t<!-- All in One SEO Pro -->\r\n\t\t<title>XIAOMI COSBEAUTY Cordless IPL Permanent Hair Growth Cap - Rucas - Wholesale and Distribution<\/title>\n\n","aioseo_head_json":{"title":"XIAOMI COSBEAUTY Cordless IPL Permanent Hair Growth Cap - Rucas - Wholesale and Distribution","description":"Main Features: * 300,000 sliding flashes. * OLED display, the hair removal is clearly visible. * Used four times, the hair removal effect is clearly visible. * Five gear energy selection to meet different skin needs. * IPL strong pulsed light hair removal technology to inhibit hair growth. * Suitable for large areas of the body such as underarms, arms and legs.","canonical_url":"https:\/\/www.rucashk.com\/pt\/produto\/xiaomi-cosbeauty-cordless-ipl-permanent-hair-growth-cap\/","robots":"max-image-preview:large","keywords":"","webmasterTools":{"miscellaneous":""},"og:locale":"pt_PT","og:site_name":"Rucas - One-stop AIoT Distribution Worldwide","og:type":"article","og:title":"XIAOMI COSBEAUTY Cordless IPL Permanent Hair Growth Cap - Rucas - Wholesale and Distribution","og:description":"Main Features: * 300,000 sliding flashes. * OLED display, the hair removal is clearly visible. * Used four times, the hair removal effect is clearly visible. * Five gear energy selection to meet different skin needs. * IPL strong pulsed light hair removal technology to inhibit hair growth. * Suitable for large areas of the body such as underarms, arms and legs.","og:url":"https:\/\/www.rucashk.com\/pt\/produto\/xiaomi-cosbeauty-cordless-ipl-permanent-hair-growth-cap\/","og:image":"https:\/\/www.rucashk.com\/wp-content\/uploads\/replace\/503b8e645f128a97ccde2b6290747646.jpeg","og:image:secure_url":"https:\/\/www.rucashk.com\/wp-content\/uploads\/replace\/503b8e645f128a97ccde2b6290747646.jpeg","og:image:width":1456,"og:image:height":816,"article:published_time":"2024-01-09T15:52:40+00:00","article:modified_time":"2024-01-21T04:32:06+00:00","twitter:card":"summary_large_image","twitter:title":"XIAOMI COSBEAUTY Cordless IPL Permanent Hair Growth Cap - Rucas - Wholesale and Distribution","twitter:description":"Main Features: * 300,000 sliding flashes. * OLED display, the hair removal is clearly visible. * Used four times, the hair removal effect is clearly visible. * Five gear energy selection to meet different skin needs. * IPL strong pulsed light hair removal technology to inhibit hair growth. * Suitable for large areas of the body such as underarms, arms and legs.","twitter:image":"https:\/\/www.rucashk.com\/wp-content\/uploads\/replace\/503b8e645f128a97ccde2b6290747646.jpeg","schema":{"@context":"https:\/\/schema.org","@graph":[{"@type":"BreadcrumbList","@id":"https:\/\/www.rucashk.com\/pt\/produto\/xiaomi-cosbeauty-cordless-ipl-permanent-hair-growth-cap\/#breadcrumblist","itemListElement":[{"@type":"ListItem","@id":"https:\/\/www.rucashk.com\/pt\/#listItem","position":1,"name":"Home","item":"https:\/\/www.rucashk.com\/pt\/","nextItem":"https:\/\/www.rucashk.com\/pt\/produto\/xiaomi-cosbeauty-cordless-ipl-permanent-hair-growth-cap\/#listItem"},{"@type":"ListItem","@id":"https:\/\/www.rucashk.com\/pt\/produto\/xiaomi-cosbeauty-cordless-ipl-permanent-hair-growth-cap\/#listItem","position":2,"name":"XIAOMI COSBEAUTY Cordless IPL Permanent Hair Growth Cap","previousItem":"https:\/\/www.rucashk.com\/pt\/#listItem"}]},{"@type":"Organization","@id":"https:\/\/www.rucashk.com\/pt\/#organization","name":"Rucas","url":"https:\/\/www.rucashk.com\/pt\/","logo":{"@type":"ImageObject","url":"https:\/\/www.rucashk.com\/wp-content\/uploads\/2023\/12\/Rucas_campany_logo.png","@id":"https:\/\/www.rucashk.com\/pt\/produto\/xiaomi-cosbeauty-cordless-ipl-permanent-hair-growth-cap\/#organizationLogo","width":221,"height":65},"image":{"@id":"https:\/\/www.rucashk.com\/pt\/#organizationLogo"}},{"@type":"Person","@id":"https:\/\/www.rucashk.com\/pt\/author\/admin\/#author","url":"https:\/\/www.rucashk.com\/pt\/author\/admin\/","name":"admin","image":{"@type":"ImageObject","@id":"https:\/\/www.rucashk.com\/pt\/produto\/xiaomi-cosbeauty-cordless-ipl-permanent-hair-growth-cap\/#authorImage","url":"https:\/\/secure.gravatar.com\/avatar\/b7c8925b09a27e72b30232f8ecaadbd5af0f70a38c78096863fe51b64f031c24?s=96&d=mm&r=g","width":96,"height":96,"caption":"admin"}},{"@type":"WebPage","@id":"https:\/\/www.rucashk.com\/pt\/produto\/xiaomi-cosbeauty-cordless-ipl-permanent-hair-growth-cap\/#webpage","url":"https:\/\/www.rucashk.com\/pt\/produto\/xiaomi-cosbeauty-cordless-ipl-permanent-hair-growth-cap\/","name":"XIAOMI COSBEAUTY Cordless IPL Permanent Hair Growth Cap - Rucas - Wholesale and Distribution","description":"Main Features: * 300,000 sliding flashes. * OLED display, the hair removal is clearly visible. * Used four times, the hair removal effect is clearly visible. * Five gear energy selection to meet different skin needs. * IPL strong pulsed light hair removal technology to inhibit hair growth. * Suitable for large areas of the body such as underarms, arms and legs.","inLanguage":"pt-PT","isPartOf":{"@id":"https:\/\/www.rucashk.com\/pt\/#website"},"breadcrumb":{"@id":"https:\/\/www.rucashk.com\/pt\/produto\/xiaomi-cosbeauty-cordless-ipl-permanent-hair-growth-cap\/#breadcrumblist"},"author":{"@id":"https:\/\/www.rucashk.com\/pt\/author\/admin\/#author"},"creator":{"@id":"https:\/\/www.rucashk.com\/pt\/author\/admin\/#author"},"image":{"@type":"ImageObject","url":"https:\/\/www.rucashk.com\/wp-content\/uploads\/2024\/01\/XIAOMI-COSBEAUTY-Cordless-IPL-Permanent-Hair-Growth-Cap_\u526f\u672c.jpg","@id":"https:\/\/www.rucashk.com\/pt\/produto\/xiaomi-cosbeauty-cordless-ipl-permanent-hair-growth-cap\/#mainImage","width":478,"height":481},"primaryImageOfPage":{"@id":"https:\/\/www.rucashk.com\/pt\/produto\/xiaomi-cosbeauty-cordless-ipl-permanent-hair-growth-cap\/#mainImage"},"datePublished":"2024-01-09T15:52:40+00:00","dateModified":"2024-01-21T04:32:06+00:00"},{"@type":"WebSite","@id":"https:\/\/www.rucashk.com\/pt\/#website","url":"https:\/\/www.rucashk.com\/pt\/","name":"Rucas - Wholesale and distribution worldwide","alternateName":"Rucas - One-stop AIoT Distribution Worldwide","description":"One-stop AIoT Distribution Worldwide","inLanguage":"pt-PT","publisher":{"@id":"https:\/\/www.rucashk.com\/pt\/#organization"}}]}},"aioseo_meta_data":{"post_id":"23220","title":null,"description":null,"keywords":null,"keyphrases":null,"primary_term":null,"canonical_url":null,"og_title":null,"og_description":null,"og_object_type":"default","og_image_type":"default","og_image_url":null,"og_image_width":null,"og_image_height":null,"og_image_custom_url":null,"og_image_custom_fields":null,"og_video":null,"og_custom_url":null,"og_article_section":null,"og_article_tags":null,"twitter_use_og":false,"twitter_card":"default","twitter_image_type":"default","twitter_image_url":null,"twitter_image_custom_url":null,"twitter_image_custom_fields":null,"twitter_title":null,"twitter_description":null,"schema":{"blockGraphs":[],"customGraphs":[],"default":{"data":{"Article":[],"Course":[],"Dataset":[],"FAQPage":[],"Movie":[],"Person":[],"Product":[],"Recipe":[],"Service":[],"SoftwareApplication":[],"WebPage":[]},"graphName":"","isEnabled":true},"graphs":[]},"schema_type":"default","schema_type_options":null,"pillar_content":false,"robots_default":true,"robots_noindex":false,"robots_noarchive":false,"robots_nosnippet":false,"robots_nofollow":false,"robots_noimageindex":false,"robots_noodp":false,"robots_notranslate":false,"robots_max_snippet":null,"robots_max_videopreview":null,"robots_max_imagepreview":"large","priority":null,"frequency":null,"local_seo":null,"breadcrumb_settings":null,"limit_modified_date":false,"created":"2024-04-11 01:55:28","updated":"2025-06-22 17:01:24"},"aioseo_breadcrumb":"<div class=\"aioseo-breadcrumbs\"><span class=\"aioseo-breadcrumb\">\n\t<a href=\"https:\/\/www.rucashk.com\/pt\" title=\"Home\">Home<\/a>\n<\/span><span class=\"aioseo-breadcrumb-separator\">&raquo;<\/span><span class=\"aioseo-breadcrumb\">\n\t<a href=\"https:\/\/www.rucashk.com\/pt\/products\/\" title=\"Produtos\">Produtos<\/a>\n<\/span><span class=\"aioseo-breadcrumb-separator\">&raquo;<\/span><span class=\"aioseo-breadcrumb\">\n\t<a href=\"https:\/\/www.rucashk.com\/pt\/categoria-produto\/xiaomi-eco\/\" title=\"Xiaomi Eco\">Xiaomi Eco<\/a>\n<\/span><span class=\"aioseo-breadcrumb-separator\">&raquo;<\/span><span class=\"aioseo-breadcrumb\">\n\t<a href=\"https:\/\/www.rucashk.com\/pt\/categoria-produto\/xiaomi-eco\/personal-care\/\" title=\"Personal Care\">Personal Care<\/a>\n<\/span><span class=\"aioseo-breadcrumb-separator\">&raquo;<\/span><span class=\"aioseo-breadcrumb\">\n\tXIAOMI COSBEAUTY Cordless IPL Permanent Hair Growth Cap\n<\/span><\/div>","aioseo_breadcrumb_json":[{"label":"Home","link":"https:\/\/www.rucashk.com\/pt"},{"label":"Produtos","link":"https:\/\/www.rucashk.com\/pt\/products\/"},{"label":"Xiaomi Eco","link":"https:\/\/www.rucashk.com\/pt\/categoria-produto\/xiaomi-eco\/"},{"label":"Personal Care","link":"https:\/\/www.rucashk.com\/pt\/categoria-produto\/xiaomi-eco\/personal-care\/"},{"label":"XIAOMI COSBEAUTY Cordless IPL Permanent Hair Growth Cap","link":"https:\/\/www.rucashk.com\/pt\/produto\/xiaomi-cosbeauty-cordless-ipl-permanent-hair-growth-cap\/"}],"_links":{"self":[{"href":"https:\/\/www.rucashk.com\/pt\/wp-json\/wp\/v2\/product\/23220","targetHints":{"allow":["GET"]}}],"collection":[{"href":"https:\/\/www.rucashk.com\/pt\/wp-json\/wp\/v2\/product"}],"about":[{"href":"https:\/\/www.rucashk.com\/pt\/wp-json\/wp\/v2\/types\/product"}],"wp:featuredmedia":[{"embeddable":true,"href":"https:\/\/www.rucashk.com\/pt\/wp-json\/wp\/v2\/media\/23260"}],"wp:attachment":[{"href":"https:\/\/www.rucashk.com\/pt\/wp-json\/wp\/v2\/media?parent=23220"}],"wp:term":[{"taxonomy":"product_brand","embeddable":true,"href":"https:\/\/www.rucashk.com\/pt\/wp-json\/wp\/v2\/product_brand?post=23220"},{"taxonomy":"product_cat","embeddable":true,"href":"https:\/\/www.rucashk.com\/pt\/wp-json\/wp\/v2\/product_cat?post=23220"},{"taxonomy":"product_tag","embeddable":true,"href":"https:\/\/www.rucashk.com\/pt\/wp-json\/wp\/v2\/product_tag?post=23220"}],"curies":[{"name":"wp","href":"https:\/\/api.w.org\/{rel}","templated":true}]}}