{"id":23189,"date":"2024-01-09T15:52:19","date_gmt":"2024-01-09T15:52:19","guid":{"rendered":"http:\/\/rucashk.com\/?post_type=product&#038;p=23189"},"modified":"2024-01-21T04:32:44","modified_gmt":"2024-01-21T04:32:44","slug":"bebird-x7-pro-smart-visual-in-ear-cleaning-tool","status":"publish","type":"product","link":"https:\/\/www.rucashk.com\/pt\/produto\/bebird-x7-pro-smart-visual-in-ear-cleaning-tool\/","title":{"rendered":"Ferramenta de limpeza visual intra-auricular inteligente Bebird X7 Pro"},"content":{"rendered":"<div class=\"sizeDesc js-sizeDescription\">\n<div class=\"sizeDescTable\">\n<div class=\"sizeDescCate topBorder\">\n<div class=\"sizeDescCateContent\"><img decoding=\"async\" class=\"js-lazyload lazy-loaded\" src=\"https:\/\/www.rucashk.com\/wp-content\/uploads\/2020\/06\/5c4da87ce255.jpg\" data-lazy=\"https:\/\/www.rucashk.com\/wp-content\/uploads\/2020\/06\/5c4da87ce255.jpg\" data-was-processed=\"true\" \/><\/div>\n<\/div>\n<\/div>\n<\/div>\n<div class=\"imageDesc\">\n<p><img decoding=\"async\" class=\"js-lazyload lazy-loaded\" src=\"https:\/\/www.rucashk.com\/wp-content\/uploads\/2020\/06\/0675ee8e6fec.jpg\" data-lazy=\"https:\/\/www.rucashk.com\/wp-content\/uploads\/2020\/06\/0675ee8e6fec.jpg\" data-was-processed=\"true\" \/><\/p>\n<p><img decoding=\"async\" class=\"js-lazyload lazy-loaded\" src=\"https:\/\/www.rucashk.com\/wp-content\/uploads\/2020\/06\/d9a105b34994.jpg\" data-lazy=\"https:\/\/www.rucashk.com\/wp-content\/uploads\/2020\/06\/d9a105b34994.jpg\" data-was-processed=\"true\" \/><\/p>\n<p><img decoding=\"async\" class=\"js-lazyload lazy-loaded\" src=\"https:\/\/www.rucashk.com\/wp-content\/uploads\/2020\/06\/72c49850224e.jpg\" data-lazy=\"https:\/\/www.rucashk.com\/wp-content\/uploads\/2020\/06\/72c49850224e.jpg\" data-was-processed=\"true\" \/><\/p>\n<p><img decoding=\"async\" class=\"js-lazyload lazy-loaded\" src=\"https:\/\/www.rucashk.com\/wp-content\/uploads\/2020\/06\/f008f055c2d4.jpg\" data-lazy=\"https:\/\/www.rucashk.com\/wp-content\/uploads\/2020\/06\/f008f055c2d4.jpg\" data-was-processed=\"true\" \/><\/p>\n<p><img decoding=\"async\" class=\"js-lazyload lazy-loaded\" src=\"https:\/\/www.rucashk.com\/wp-content\/uploads\/2020\/06\/a80868b13cac.jpg\" data-lazy=\"https:\/\/www.rucashk.com\/wp-content\/uploads\/2020\/06\/a80868b13cac.jpg\" data-was-processed=\"true\" \/><\/p>\n<p><img decoding=\"async\" class=\"js-lazyload lazy-loaded\" src=\"https:\/\/www.rucashk.com\/wp-content\/uploads\/2020\/06\/8e442ae7a823.jpg\" data-lazy=\"https:\/\/www.rucashk.com\/wp-content\/uploads\/2020\/06\/8e442ae7a823.jpg\" data-was-processed=\"true\" \/><\/p>\n<p><img decoding=\"async\" class=\"js-lazyload lazy-loaded\" src=\"https:\/\/www.rucashk.com\/wp-content\/uploads\/2020\/06\/8917080e24db.jpg\" data-lazy=\"https:\/\/www.rucashk.com\/wp-content\/uploads\/2020\/06\/8917080e24db.jpg\" data-was-processed=\"true\" \/><\/p>\n<p><img decoding=\"async\" class=\"js-lazyload lazy-loaded\" src=\"https:\/\/www.rucashk.com\/wp-content\/uploads\/2020\/06\/6960fd4be435.jpg\" data-lazy=\"https:\/\/www.rucashk.com\/wp-content\/uploads\/2020\/06\/6960fd4be435.jpg\" data-was-processed=\"true\" \/><\/p>\n<p><img decoding=\"async\" class=\"js-lazyload lazy-loaded\" src=\"https:\/\/www.rucashk.com\/wp-content\/uploads\/2020\/06\/123c82b2b2a2.jpg\" data-lazy=\"https:\/\/www.rucashk.com\/wp-content\/uploads\/2020\/06\/123c82b2b2a2.jpg\" data-was-processed=\"true\" \/><\/p>\n<p><img decoding=\"async\" class=\"js-lazyload lazy-loaded\" src=\"https:\/\/www.rucashk.com\/wp-content\/uploads\/2020\/06\/7bebdccd80c2.jpg\" data-lazy=\"https:\/\/www.rucashk.com\/wp-content\/uploads\/2020\/06\/7bebdccd80c2.jpg\" data-was-processed=\"true\" \/><\/p>\n<p><img decoding=\"async\" class=\"js-lazyload lazy-loaded\" src=\"https:\/\/www.rucashk.com\/wp-content\/uploads\/2020\/06\/144278977dd7.jpg\" data-lazy=\"https:\/\/www.rucashk.com\/wp-content\/uploads\/2020\/06\/144278977dd7.jpg\" data-was-processed=\"true\" \/><\/p>\n<p><img decoding=\"async\" class=\"js-lazyload lazy-loaded\" src=\"https:\/\/www.rucashk.com\/wp-content\/uploads\/2020\/06\/75973788452f.jpg\" data-lazy=\"https:\/\/www.rucashk.com\/wp-content\/uploads\/2020\/06\/75973788452f.jpg\" data-was-processed=\"true\" \/><\/p>\n<div class=\"textDesc\">\n<p class=\"textDescContent\">Medos<br \/>\nEndosc\u00f3pio de alta precis\u00e3o 300w<br \/>\nF\u00e1cil de mergulhar no pequeno canal auditivo<br \/>\nGirosc\u00f3pio direcional inteligente de quatro eixos<br \/>\nEx\u00f3tico <a class=\"\" style=\"width: auto !important\" href=\"https:\/\/www.rucashk.com\/pt\/xiaomi-youpin-puts-on-the-smart-visual-ear-picker-3-million-professional-endoscopes-at-a-glance\/\" data-wpil-post-to-id=\"7079\">Escolha de orelha<\/a> Em qualquer \u00e2ngulo<br \/>\nChip WiFi de alta tecnologia<br \/>\nTransmiss\u00e3o r\u00e1pida<br \/>\nColher de orelha Q de originalidade global<br \/>\nPrazer, Desejo, Toque<br \/>\n11pcs pe\u00e7as de ouvido secretas<br \/>\nColher de orelha Q de s\u00edlica gel Inovate PC<br \/>\nPinrou <a class=\"\" style=\"width: auto !important\" href=\"https:\/\/www.rucashk.com\/pt\/xiaomi-youpin-puts-on-the-smart-visual-ear-picker-3-million-professional-endoscopes-at-a-glance\/\" data-wpil-post-to-id=\"7079\">Escolhendo Orelha<\/a> Beb\u00ea n\u00e3o d\u00f3i<br \/>\nA tecnologia \u00e9 mais humana<br \/>\nLigar e conectar automaticamente<br \/>\n350mAh de alta capacidade<br \/>\n1,5 horas <a class=\"\" style=\"width: auto !important\" href=\"https:\/\/www.rucashk.com\/pt\/produto\/xiaomi-70mai-dual-usb-car-quick-charge-adapter-for-smart-phone\/\" data-wpil-post-to-id=\"2526\">Carga r\u00e1pida<\/a> Dispon\u00edvel 60 dias<br \/>\nCaixa de armazenamento de acess\u00f3rios b\u00e1sicos<br \/>\nArmazenamento f\u00e1cil, armazenamento conveniente<br \/>\nBase carregada magneticamente<br \/>\nDeixe o carregamento se tornar um adeus di\u00e1rio ao problema da falta de eletricidade<br \/>\nInteligente <a class=\"\" style=\"width: auto !important\" href=\"https:\/\/www.rucashk.com\/pt\/xiaomi-youpin-puts-on-the-smart-visual-ear-picker-3-million-professional-endoscopes-at-a-glance\/\" data-wpil-post-to-id=\"7079\">Ouvido Visual<\/a> Base de suc\u00e7\u00e3o magn\u00e9tica em barra<br \/>\nCanal auditivo desobstru\u00eddo<br \/>\nEndosc\u00f3pio de alta precis\u00e3o \u2016 Velocidade WiFi \u2016 <a class=\"\" style=\"width: auto !important\" href=\"https:\/\/www.rucashk.com\/pt\/12k-people-were-crazy-on-this-xiaomi-new-disinfecting-box-meets-all-your-daily-needs\/\" data-wpil-post-to-id=\"10421\">Satisfazer as necessidades<\/a> De toda a fam\u00edlia<\/p>\n<\/div>\n<div class=\"sizeDesc js-sizeDescription\">\n<p class=\"sizeDescTitle\">Especifica\u00e7\u00e3o<\/p>\n<div class=\"sizeDescTable\">\n<div class=\"sizeDescCate topBorder\">\n<div class=\"sizeDescCateContent\">N\u00famero do modelo<\/div>\n<\/div>\n<div class=\"sizeDescDetail topBorder\">\n<div class=\"sizeDescContent\"><a class=\"\" style=\"width: auto !important\" href=\"https:\/\/www.rucashk.com\/pt\/built-in-high-precision-endoscope-bebird-x7-pro-smart-visual-in-ear-cleaning-tool\/\" data-wpil-post-to-id=\"16071\">Bebird X7 Pro<\/a><\/div>\n<\/div>\n<\/div>\n<\/div>\n<\/div>","protected":false},"excerpt":{"rendered":"<p>Host Weight 32g ( Without Base)<br \/>\nNetwork Standards IEEE 802.11 b\/g\/n<br \/>\nAntenna Built-in FPC Antenna<br \/>\nWorking Frequency 2.4Ghz<br \/>\nImage Transmission Rate 30fps<br \/>\nWorking Environment Temperature -10~50 Centigrade Battery 350mAh<br \/>\nBattery Life Approx 90 Minute<\/p>","protected":false},"featured_media":23259,"template":"","meta":[],"product_brand":[],"product_cat":[1320,1305],"product_tag":[826],"class_list":{"0":"post-23189","1":"product","2":"type-product","3":"status-publish","4":"has-post-thumbnail","6":"product_cat-personal-care","7":"product_cat-xiaomi-eco","8":"product_tag-bebird-x7-pro-smart-visual-in-ear-cleaning-tool","10":"first","11":"instock","12":"shipping-taxable","13":"product-type-external"},"aioseo_notices":[],"aioseo_head":"\n\t\t<!-- All in One SEO Pro 4.5.9.2 - aioseo.com -->\n\t\t<meta name=\"description\" content=\"Host Weight 32g ( Without Base) Network Standards IEEE 802.11 b\/g\/n Antenna Built-in FPC Antenna Working Frequency 2.4Ghz Image Transmission Rate 30fps Working Environment Temperature -10~50 Centigrade Battery 350mAh Battery Life Approx 90 Minute\" \/>\n\t\t<meta name=\"robots\" content=\"max-image-preview:large\" \/>\n\t\t<link rel=\"canonical\" href=\"https:\/\/www.rucashk.com\/pt\/produto\/bebird-x7-pro-smart-visual-in-ear-cleaning-tool\/\" \/>\n\t\t<meta name=\"generator\" content=\"All in One SEO Pro (AIOSEO) 4.5.9.2\" \/>\n\t\t<meta property=\"og:locale\" content=\"pt_PT\" \/>\n\t\t<meta property=\"og:site_name\" content=\"Rucas - One-stop AIoT Distribution Worldwide\" \/>\n\t\t<meta property=\"og:type\" content=\"article\" \/>\n\t\t<meta property=\"og:title\" content=\"Bebird X7 Pro Smart Visual In-Ear Cleaning Tool - Rucas - Wholesale and Distribution\" \/>\n\t\t<meta property=\"og:description\" content=\"Host Weight 32g ( Without Base) Network Standards IEEE 802.11 b\/g\/n Antenna Built-in FPC Antenna Working Frequency 2.4Ghz Image Transmission Rate 30fps Working Environment Temperature -10~50 Centigrade Battery 350mAh Battery Life Approx 90 Minute\" \/>\n\t\t<meta property=\"og:url\" content=\"https:\/\/www.rucashk.com\/pt\/produto\/bebird-x7-pro-smart-visual-in-ear-cleaning-tool\/\" \/>\n\t\t<meta property=\"og:image\" content=\"https:\/\/www.rucashk.com\/wp-content\/uploads\/replace\/503b8e645f128a97ccde2b6290747646.jpeg\" \/>\n\t\t<meta property=\"og:image:secure_url\" content=\"https:\/\/www.rucashk.com\/wp-content\/uploads\/replace\/503b8e645f128a97ccde2b6290747646.jpeg\" \/>\n\t\t<meta property=\"og:image:width\" content=\"1456\" \/>\n\t\t<meta property=\"og:image:height\" content=\"816\" \/>\n\t\t<meta property=\"article:published_time\" content=\"2024-01-09T15:52:19+00:00\" \/>\n\t\t<meta property=\"article:modified_time\" content=\"2024-01-21T04:32:44+00:00\" \/>\n\t\t<meta name=\"twitter:card\" content=\"summary_large_image\" \/>\n\t\t<meta name=\"twitter:title\" content=\"Bebird X7 Pro Smart Visual In-Ear Cleaning Tool - Rucas - Wholesale and Distribution\" \/>\n\t\t<meta name=\"twitter:description\" content=\"Host Weight 32g ( Without Base) Network Standards IEEE 802.11 b\/g\/n Antenna Built-in FPC Antenna Working Frequency 2.4Ghz Image Transmission Rate 30fps Working Environment Temperature -10~50 Centigrade Battery 350mAh Battery Life Approx 90 Minute\" \/>\n\t\t<meta name=\"twitter:image\" content=\"https:\/\/www.rucashk.com\/wp-content\/uploads\/replace\/503b8e645f128a97ccde2b6290747646.jpeg\" \/>\n\t\t<script type=\"application\/ld+json\" class=\"aioseo-schema\">\n\t\t\t{\"@context\":\"https:\\\/\\\/schema.org\",\"@graph\":[{\"@type\":\"BreadcrumbList\",\"@id\":\"https:\\\/\\\/www.rucashk.com\\\/pt\\\/produto\\\/bebird-x7-pro-smart-visual-in-ear-cleaning-tool\\\/#breadcrumblist\",\"itemListElement\":[{\"@type\":\"ListItem\",\"@id\":\"https:\\\/\\\/www.rucashk.com\\\/pt\\\/#listItem\",\"position\":1,\"name\":\"Home\",\"item\":\"https:\\\/\\\/www.rucashk.com\\\/pt\\\/\",\"nextItem\":\"https:\\\/\\\/www.rucashk.com\\\/pt\\\/produto\\\/bebird-x7-pro-smart-visual-in-ear-cleaning-tool\\\/#listItem\"},{\"@type\":\"ListItem\",\"@id\":\"https:\\\/\\\/www.rucashk.com\\\/pt\\\/produto\\\/bebird-x7-pro-smart-visual-in-ear-cleaning-tool\\\/#listItem\",\"position\":2,\"name\":\"Bebird X7 Pro Smart Visual In-Ear Cleaning Tool\",\"previousItem\":\"https:\\\/\\\/www.rucashk.com\\\/pt\\\/#listItem\"}]},{\"@type\":\"Organization\",\"@id\":\"https:\\\/\\\/www.rucashk.com\\\/pt\\\/#organization\",\"name\":\"Rucas\",\"url\":\"https:\\\/\\\/www.rucashk.com\\\/pt\\\/\",\"logo\":{\"@type\":\"ImageObject\",\"url\":\"https:\\\/\\\/www.rucashk.com\\\/wp-content\\\/uploads\\\/2023\\\/12\\\/Rucas_campany_logo.png\",\"@id\":\"https:\\\/\\\/www.rucashk.com\\\/pt\\\/produto\\\/bebird-x7-pro-smart-visual-in-ear-cleaning-tool\\\/#organizationLogo\",\"width\":221,\"height\":65},\"image\":{\"@id\":\"https:\\\/\\\/www.rucashk.com\\\/pt\\\/#organizationLogo\"}},{\"@type\":\"Person\",\"@id\":\"https:\\\/\\\/www.rucashk.com\\\/pt\\\/author\\\/admin\\\/#author\",\"url\":\"https:\\\/\\\/www.rucashk.com\\\/pt\\\/author\\\/admin\\\/\",\"name\":\"admin\",\"image\":{\"@type\":\"ImageObject\",\"@id\":\"https:\\\/\\\/www.rucashk.com\\\/pt\\\/produto\\\/bebird-x7-pro-smart-visual-in-ear-cleaning-tool\\\/#authorImage\",\"url\":\"https:\\\/\\\/secure.gravatar.com\\\/avatar\\\/b7c8925b09a27e72b30232f8ecaadbd5af0f70a38c78096863fe51b64f031c24?s=96&d=mm&r=g\",\"width\":96,\"height\":96,\"caption\":\"admin\"}},{\"@type\":\"WebPage\",\"@id\":\"https:\\\/\\\/www.rucashk.com\\\/pt\\\/produto\\\/bebird-x7-pro-smart-visual-in-ear-cleaning-tool\\\/#webpage\",\"url\":\"https:\\\/\\\/www.rucashk.com\\\/pt\\\/produto\\\/bebird-x7-pro-smart-visual-in-ear-cleaning-tool\\\/\",\"name\":\"Bebird X7 Pro Smart Visual In-Ear Cleaning Tool - Rucas - Wholesale and Distribution\",\"description\":\"Host Weight 32g ( Without Base) Network Standards IEEE 802.11 b\\\/g\\\/n Antenna Built-in FPC Antenna Working Frequency 2.4Ghz Image Transmission Rate 30fps Working Environment Temperature -10~50 Centigrade Battery 350mAh Battery Life Approx 90 Minute\",\"inLanguage\":\"pt-PT\",\"isPartOf\":{\"@id\":\"https:\\\/\\\/www.rucashk.com\\\/pt\\\/#website\"},\"breadcrumb\":{\"@id\":\"https:\\\/\\\/www.rucashk.com\\\/pt\\\/produto\\\/bebird-x7-pro-smart-visual-in-ear-cleaning-tool\\\/#breadcrumblist\"},\"author\":{\"@id\":\"https:\\\/\\\/www.rucashk.com\\\/pt\\\/author\\\/admin\\\/#author\"},\"creator\":{\"@id\":\"https:\\\/\\\/www.rucashk.com\\\/pt\\\/author\\\/admin\\\/#author\"},\"image\":{\"@type\":\"ImageObject\",\"url\":\"https:\\\/\\\/www.rucashk.com\\\/wp-content\\\/uploads\\\/2024\\\/01\\\/Bebird-X7-Pro-Smart-Visual-In-Ear-Cleaning-Tool.jpg\",\"@id\":\"https:\\\/\\\/www.rucashk.com\\\/pt\\\/produto\\\/bebird-x7-pro-smart-visual-in-ear-cleaning-tool\\\/#mainImage\",\"width\":446,\"height\":448},\"primaryImageOfPage\":{\"@id\":\"https:\\\/\\\/www.rucashk.com\\\/pt\\\/produto\\\/bebird-x7-pro-smart-visual-in-ear-cleaning-tool\\\/#mainImage\"},\"datePublished\":\"2024-01-09T15:52:19+00:00\",\"dateModified\":\"2024-01-21T04:32:44+00:00\"},{\"@type\":\"WebSite\",\"@id\":\"https:\\\/\\\/www.rucashk.com\\\/pt\\\/#website\",\"url\":\"https:\\\/\\\/www.rucashk.com\\\/pt\\\/\",\"name\":\"Rucas - Wholesale and distribution worldwide\",\"alternateName\":\"Rucas - One-stop AIoT Distribution Worldwide\",\"description\":\"One-stop AIoT Distribution Worldwide\",\"inLanguage\":\"pt-PT\",\"publisher\":{\"@id\":\"https:\\\/\\\/www.rucashk.com\\\/pt\\\/#organization\"}}]}\n\t\t<\/script>\n\t\t<!-- All in One SEO Pro -->\r\n\t\t<title>Bebird X7 Pro Smart Visual In-Ear Cleaning Tool - Rucas - Wholesale and Distribution<\/title>\n\n","aioseo_head_json":{"title":"Bebird X7 Pro Smart Visual In-Ear Cleaning Tool - Rucas - Wholesale and Distribution","description":"Host Weight 32g ( Without Base) Network Standards IEEE 802.11 b\/g\/n Antenna Built-in FPC Antenna Working Frequency 2.4Ghz Image Transmission Rate 30fps Working Environment Temperature -10~50 Centigrade Battery 350mAh Battery Life Approx 90 Minute","canonical_url":"https:\/\/www.rucashk.com\/pt\/produto\/bebird-x7-pro-smart-visual-in-ear-cleaning-tool\/","robots":"max-image-preview:large","keywords":"","webmasterTools":{"miscellaneous":""},"og:locale":"pt_PT","og:site_name":"Rucas - One-stop AIoT Distribution Worldwide","og:type":"article","og:title":"Bebird X7 Pro Smart Visual In-Ear Cleaning Tool - Rucas - Wholesale and Distribution","og:description":"Host Weight 32g ( Without Base) Network Standards IEEE 802.11 b\/g\/n Antenna Built-in FPC Antenna Working Frequency 2.4Ghz Image Transmission Rate 30fps Working Environment Temperature -10~50 Centigrade Battery 350mAh Battery Life Approx 90 Minute","og:url":"https:\/\/www.rucashk.com\/pt\/produto\/bebird-x7-pro-smart-visual-in-ear-cleaning-tool\/","og:image":"https:\/\/www.rucashk.com\/wp-content\/uploads\/replace\/503b8e645f128a97ccde2b6290747646.jpeg","og:image:secure_url":"https:\/\/www.rucashk.com\/wp-content\/uploads\/replace\/503b8e645f128a97ccde2b6290747646.jpeg","og:image:width":1456,"og:image:height":816,"article:published_time":"2024-01-09T15:52:19+00:00","article:modified_time":"2024-01-21T04:32:44+00:00","twitter:card":"summary_large_image","twitter:title":"Bebird X7 Pro Smart Visual In-Ear Cleaning Tool - Rucas - Wholesale and Distribution","twitter:description":"Host Weight 32g ( Without Base) Network Standards IEEE 802.11 b\/g\/n Antenna Built-in FPC Antenna Working Frequency 2.4Ghz Image Transmission Rate 30fps Working Environment Temperature -10~50 Centigrade Battery 350mAh Battery Life Approx 90 Minute","twitter:image":"https:\/\/www.rucashk.com\/wp-content\/uploads\/replace\/503b8e645f128a97ccde2b6290747646.jpeg","schema":{"@context":"https:\/\/schema.org","@graph":[{"@type":"BreadcrumbList","@id":"https:\/\/www.rucashk.com\/pt\/produto\/bebird-x7-pro-smart-visual-in-ear-cleaning-tool\/#breadcrumblist","itemListElement":[{"@type":"ListItem","@id":"https:\/\/www.rucashk.com\/pt\/#listItem","position":1,"name":"Home","item":"https:\/\/www.rucashk.com\/pt\/","nextItem":"https:\/\/www.rucashk.com\/pt\/produto\/bebird-x7-pro-smart-visual-in-ear-cleaning-tool\/#listItem"},{"@type":"ListItem","@id":"https:\/\/www.rucashk.com\/pt\/produto\/bebird-x7-pro-smart-visual-in-ear-cleaning-tool\/#listItem","position":2,"name":"Bebird X7 Pro Smart Visual In-Ear Cleaning Tool","previousItem":"https:\/\/www.rucashk.com\/pt\/#listItem"}]},{"@type":"Organization","@id":"https:\/\/www.rucashk.com\/pt\/#organization","name":"Rucas","url":"https:\/\/www.rucashk.com\/pt\/","logo":{"@type":"ImageObject","url":"https:\/\/www.rucashk.com\/wp-content\/uploads\/2023\/12\/Rucas_campany_logo.png","@id":"https:\/\/www.rucashk.com\/pt\/produto\/bebird-x7-pro-smart-visual-in-ear-cleaning-tool\/#organizationLogo","width":221,"height":65},"image":{"@id":"https:\/\/www.rucashk.com\/pt\/#organizationLogo"}},{"@type":"Person","@id":"https:\/\/www.rucashk.com\/pt\/author\/admin\/#author","url":"https:\/\/www.rucashk.com\/pt\/author\/admin\/","name":"admin","image":{"@type":"ImageObject","@id":"https:\/\/www.rucashk.com\/pt\/produto\/bebird-x7-pro-smart-visual-in-ear-cleaning-tool\/#authorImage","url":"https:\/\/secure.gravatar.com\/avatar\/b7c8925b09a27e72b30232f8ecaadbd5af0f70a38c78096863fe51b64f031c24?s=96&d=mm&r=g","width":96,"height":96,"caption":"admin"}},{"@type":"WebPage","@id":"https:\/\/www.rucashk.com\/pt\/produto\/bebird-x7-pro-smart-visual-in-ear-cleaning-tool\/#webpage","url":"https:\/\/www.rucashk.com\/pt\/produto\/bebird-x7-pro-smart-visual-in-ear-cleaning-tool\/","name":"Bebird X7 Pro Smart Visual In-Ear Cleaning Tool - Rucas - Wholesale and Distribution","description":"Host Weight 32g ( Without Base) Network Standards IEEE 802.11 b\/g\/n Antenna Built-in FPC Antenna Working Frequency 2.4Ghz Image Transmission Rate 30fps Working Environment Temperature -10~50 Centigrade Battery 350mAh Battery Life Approx 90 Minute","inLanguage":"pt-PT","isPartOf":{"@id":"https:\/\/www.rucashk.com\/pt\/#website"},"breadcrumb":{"@id":"https:\/\/www.rucashk.com\/pt\/produto\/bebird-x7-pro-smart-visual-in-ear-cleaning-tool\/#breadcrumblist"},"author":{"@id":"https:\/\/www.rucashk.com\/pt\/author\/admin\/#author"},"creator":{"@id":"https:\/\/www.rucashk.com\/pt\/author\/admin\/#author"},"image":{"@type":"ImageObject","url":"https:\/\/www.rucashk.com\/wp-content\/uploads\/2024\/01\/Bebird-X7-Pro-Smart-Visual-In-Ear-Cleaning-Tool.jpg","@id":"https:\/\/www.rucashk.com\/pt\/produto\/bebird-x7-pro-smart-visual-in-ear-cleaning-tool\/#mainImage","width":446,"height":448},"primaryImageOfPage":{"@id":"https:\/\/www.rucashk.com\/pt\/produto\/bebird-x7-pro-smart-visual-in-ear-cleaning-tool\/#mainImage"},"datePublished":"2024-01-09T15:52:19+00:00","dateModified":"2024-01-21T04:32:44+00:00"},{"@type":"WebSite","@id":"https:\/\/www.rucashk.com\/pt\/#website","url":"https:\/\/www.rucashk.com\/pt\/","name":"Rucas - Wholesale and distribution worldwide","alternateName":"Rucas - One-stop AIoT Distribution Worldwide","description":"One-stop AIoT Distribution Worldwide","inLanguage":"pt-PT","publisher":{"@id":"https:\/\/www.rucashk.com\/pt\/#organization"}}]}},"aioseo_meta_data":{"post_id":"23189","title":null,"description":null,"keywords":null,"keyphrases":null,"primary_term":null,"canonical_url":null,"og_title":null,"og_description":null,"og_object_type":"default","og_image_type":"default","og_image_url":null,"og_image_width":null,"og_image_height":null,"og_image_custom_url":null,"og_image_custom_fields":null,"og_video":null,"og_custom_url":null,"og_article_section":null,"og_article_tags":null,"twitter_use_og":false,"twitter_card":"default","twitter_image_type":"default","twitter_image_url":null,"twitter_image_custom_url":null,"twitter_image_custom_fields":null,"twitter_title":null,"twitter_description":null,"schema":{"blockGraphs":[],"customGraphs":[],"default":{"data":{"Article":[],"Course":[],"Dataset":[],"FAQPage":[],"Movie":[],"Person":[],"Product":[],"Recipe":[],"Service":[],"SoftwareApplication":[],"WebPage":[]},"graphName":"","isEnabled":true},"graphs":[]},"schema_type":"default","schema_type_options":null,"pillar_content":false,"robots_default":true,"robots_noindex":false,"robots_noarchive":false,"robots_nosnippet":false,"robots_nofollow":false,"robots_noimageindex":false,"robots_noodp":false,"robots_notranslate":false,"robots_max_snippet":null,"robots_max_videopreview":null,"robots_max_imagepreview":"large","priority":null,"frequency":null,"local_seo":null,"breadcrumb_settings":null,"limit_modified_date":false,"created":"2024-04-11 01:55:28","updated":"2025-06-22 17:01:24"},"aioseo_breadcrumb":"<div class=\"aioseo-breadcrumbs\"><span class=\"aioseo-breadcrumb\">\n\t<a href=\"https:\/\/www.rucashk.com\/pt\" title=\"Home\">Home<\/a>\n<\/span><span class=\"aioseo-breadcrumb-separator\">&raquo;<\/span><span class=\"aioseo-breadcrumb\">\n\t<a href=\"https:\/\/www.rucashk.com\/pt\/products\/\" title=\"Produtos\">Produtos<\/a>\n<\/span><span class=\"aioseo-breadcrumb-separator\">&raquo;<\/span><span class=\"aioseo-breadcrumb\">\n\t<a href=\"https:\/\/www.rucashk.com\/pt\/categoria-produto\/xiaomi-eco\/\" title=\"Xiaomi Eco\">Xiaomi Eco<\/a>\n<\/span><span class=\"aioseo-breadcrumb-separator\">&raquo;<\/span><span class=\"aioseo-breadcrumb\">\n\t<a href=\"https:\/\/www.rucashk.com\/pt\/categoria-produto\/xiaomi-eco\/personal-care\/\" title=\"Personal Care\">Personal Care<\/a>\n<\/span><span class=\"aioseo-breadcrumb-separator\">&raquo;<\/span><span class=\"aioseo-breadcrumb\">\n\tBebird X7 Pro Smart Visual In-Ear Cleaning Tool\n<\/span><\/div>","aioseo_breadcrumb_json":[{"label":"Home","link":"https:\/\/www.rucashk.com\/pt"},{"label":"Produtos","link":"https:\/\/www.rucashk.com\/pt\/products\/"},{"label":"Xiaomi Eco","link":"https:\/\/www.rucashk.com\/pt\/categoria-produto\/xiaomi-eco\/"},{"label":"Personal Care","link":"https:\/\/www.rucashk.com\/pt\/categoria-produto\/xiaomi-eco\/personal-care\/"},{"label":"Bebird X7 Pro Smart Visual In-Ear Cleaning Tool","link":"https:\/\/www.rucashk.com\/pt\/produto\/bebird-x7-pro-smart-visual-in-ear-cleaning-tool\/"}],"_links":{"self":[{"href":"https:\/\/www.rucashk.com\/pt\/wp-json\/wp\/v2\/product\/23189","targetHints":{"allow":["GET"]}}],"collection":[{"href":"https:\/\/www.rucashk.com\/pt\/wp-json\/wp\/v2\/product"}],"about":[{"href":"https:\/\/www.rucashk.com\/pt\/wp-json\/wp\/v2\/types\/product"}],"wp:featuredmedia":[{"embeddable":true,"href":"https:\/\/www.rucashk.com\/pt\/wp-json\/wp\/v2\/media\/23259"}],"wp:attachment":[{"href":"https:\/\/www.rucashk.com\/pt\/wp-json\/wp\/v2\/media?parent=23189"}],"wp:term":[{"taxonomy":"product_brand","embeddable":true,"href":"https:\/\/www.rucashk.com\/pt\/wp-json\/wp\/v2\/product_brand?post=23189"},{"taxonomy":"product_cat","embeddable":true,"href":"https:\/\/www.rucashk.com\/pt\/wp-json\/wp\/v2\/product_cat?post=23189"},{"taxonomy":"product_tag","embeddable":true,"href":"https:\/\/www.rucashk.com\/pt\/wp-json\/wp\/v2\/product_tag?post=23189"}],"curies":[{"name":"wp","href":"https:\/\/api.w.org\/{rel}","templated":true}]}}