{"id":23186,"date":"2024-01-09T15:52:18","date_gmt":"2024-01-09T15:52:18","guid":{"rendered":"http:\/\/rucashk.com\/?post_type=product&#038;p=23186"},"modified":"2024-03-11T07:40:38","modified_gmt":"2024-03-11T07:40:38","slug":"meizu-17-smartphone","status":"publish","type":"product","link":"https:\/\/www.rucashk.com\/pt\/produto\/meizu-17-smartphone\/","title":{"rendered":"Smartphone Meizu 17"},"content":{"rendered":"<p><img decoding=\"async\" class=\"aligncenter\" src=\"\/wp-content\/uploads\/replace\/7be8c7ce17b32e1f2a5c08f1681431ca.jpeg\" alt=\"\u9b45\u65cf17 \" \/><\/p>\n<p><img fetchpriority=\"high\" decoding=\"async\" class=\"inline-image aligncenter\" src=\"\/wp-content\/uploads\/replace\/fd6e899974c3abc03ce27388b7a2b2c2.jpeg\" alt=\"Meizu 17 up for pre-order in China, 17T also listed\" width=\"727\" height=\"426\" \/><\/p>\n<p><img decoding=\"async\" class=\"aligncenter\" src=\"\/wp-content\/uploads\/replace\/89ae333119f75c4f39f7cef5f1f072f9.jpeg\" alt=\"\u9b45\u65cf17 Pro\u989c\u8272\uff083\uff09\" \/><\/p>\n<p>&nbsp;<\/p>\n<p><img decoding=\"async\" class=\"aligncenter\" src=\"\/wp-content\/uploads\/replace\/cfd05c962bcff215fba35a1b6709727a.jpeg\" alt=\"1\" \/><img decoding=\"async\" class=\"aligncenter\" src=\"\/wp-content\/uploads\/replace\/fd5ec1f2039879aae94404d61cb615da.jpeg\" alt=\"2\" \/><img decoding=\"async\" class=\"aligncenter\" src=\"\/wp-content\/uploads\/replace\/8e090cd300c74c6295876c7bf2053854.jpeg\" alt=\"4\" \/><img decoding=\"async\" class=\"aligncenter\" src=\"\/wp-content\/uploads\/replace\/0fbaa491328fe43f49a6a8d9af120a5a.jpeg\" alt=\"5\" \/><img decoding=\"async\" class=\"aligncenter\" src=\"\/wp-content\/uploads\/replace\/fd7ede0a5ff7e51813c7bcf72f1f9046.jpeg\" alt=\"6\" \/><img decoding=\"async\" class=\"aligncenter\" src=\"\/wp-content\/uploads\/replace\/811754ddfc09772ca6a253d2aa0f3c47.jpeg\" alt=\"7\" \/><\/p>\n<table cellspacing=\"0\">\n<tbody>\n<tr>\n<th rowspan=\"6\" scope=\"row\">CORPO<\/th>\n<td class=\"ttl\"><a href=\"https:\/\/www.gsmarena.com\/meizu_17-10129.php#\">Dimens\u00f5es<\/a><\/td>\n<td class=\"nfo\" data-spec=\"dimensions\">160 x 77,2 x 8,5 mm (6,30 x 3,04 x 0,33 pol.)<\/td>\n<\/tr>\n<tr>\n<td class=\"ttl\"><a href=\"https:\/\/www.gsmarena.com\/meizu_17-10129.php#\">Peso<\/a><\/td>\n<td class=\"nfo\" data-spec=\"weight\">199g (7,02 on\u00e7as)<\/td>\n<\/tr>\n<tr>\n<td class=\"ttl\"><a href=\"https:\/\/www.gsmarena.com\/glossary.php3?term=sim\">SIM<\/a><\/td>\n<td class=\"nfo\" data-spec=\"sim\"><a class=\"\" style=\"width: auto !important\" href=\"https:\/\/www.rucashk.com\/pt\/produto\/wiko-view4-lite\/\" data-wpil-post-to-id=\"5614\">SIM duplo<\/a> (Nano-SIM, espera dupla)<\/td>\n<\/tr>\n<\/tbody>\n<\/table>\n<table cellspacing=\"0\">\n<tbody>\n<tr>\n<th rowspan=\"5\" scope=\"row\">MOSTRAR<\/th>\n<td class=\"ttl\"><a href=\"https:\/\/www.gsmarena.com\/glossary.php3?term=display-type\">Tipo<\/a><\/td>\n<td class=\"nfo\" data-spec=\"displaytype\">Super <a class=\"\" style=\"width: auto !important\" href=\"https:\/\/www.rucashk.com\/pt\/produto\/amazfit-verge-lite-amoled-color-screen-smart-watch\/\" data-wpil-post-to-id=\"1877\">Tela sens\u00edvel ao toque capacitiva AMOLED, 16 milh\u00f5es de cores<\/a><\/td>\n<\/tr>\n<tr>\n<td class=\"ttl\"><a href=\"https:\/\/www.gsmarena.com\/meizu_17-10129.php#\">Tamanho<\/a><\/td>\n<td class=\"nfo\" data-spec=\"displaysize\">6,6 polegadas, 106,9 cent\u00edmetros<sup>2<\/sup>\u00a0(~86.6% <a class=\"\" style=\"width: auto !important\" href=\"https:\/\/www.rucashk.com\/pt\/exposure-of-xiaomi-bracelet-5-oval-hole-design-with-a-high-screen-to-body-ratio\/\" data-wpil-post-to-id=\"7039\">propor\u00e7\u00e3o tela-corpo<\/a>)<\/td>\n<\/tr>\n<tr>\n<td class=\"ttl\"><a href=\"https:\/\/www.gsmarena.com\/glossary.php3?term=resolution\">Resolu\u00e7\u00e3o<\/a><\/td>\n<td class=\"nfo\" data-spec=\"displayresolution\">1080 x 2340 pixels, propor\u00e7\u00e3o de 19,5:9 (densidade de ~390 ppi)<\/td>\n<\/tr>\n<tr>\n<td class=\"ttl\"><\/td>\n<td class=\"nfo\" data-spec=\"displayother\">120 Hz <a class=\"\" style=\"width: auto !important\" href=\"https:\/\/www.rucashk.com\/pt\/xiaomi-11-render-map-is-exposed-with-no-hole-diggingmatrix-four-shots-120hz-refresh-rate\/\" data-wpil-post-to-id=\"8067\">taxa de atualiza\u00e7\u00e3o<\/a><br \/>\n700 l\u00eandeas tipo. valor<br \/>\nHDR10+<\/td>\n<\/tr>\n<\/tbody>\n<\/table>\n<table cellspacing=\"0\">\n<tbody>\n<tr>\n<th rowspan=\"4\" scope=\"row\">PLATAFORMA<\/th>\n<td class=\"ttl\"><a href=\"https:\/\/www.gsmarena.com\/glossary.php3?term=os\">SO<\/a><\/td>\n<td class=\"nfo\" data-spec=\"os\">Android 10, Flyme 8.1<\/td>\n<\/tr>\n<tr>\n<td class=\"ttl\"><a href=\"https:\/\/www.gsmarena.com\/glossary.php3?term=chipset\">Chipset<\/a><\/td>\n<td class=\"nfo\" data-spec=\"chipset\">Qualcomm SM8250 Snapdragon 865 (7nm+)<\/td>\n<\/tr>\n<tr>\n<td class=\"ttl\"><a href=\"https:\/\/www.gsmarena.com\/glossary.php3?term=cpu\">CPU<\/a><\/td>\n<td class=\"nfo\" data-spec=\"cpu\">Octa-core (1\u00d72,84 GHz Kryo 585 e 3\u00d72,42 GHz Kryo 585 e 4\u00d71,8 GHz Kryo 585)<\/td>\n<\/tr>\n<tr>\n<td class=\"ttl\"><a href=\"https:\/\/www.gsmarena.com\/glossary.php3?term=gpu\">GPU<\/a><\/td>\n<td class=\"nfo\" data-spec=\"gpu\">Adreno 650<\/td>\n<\/tr>\n<\/tbody>\n<\/table>\n<table cellspacing=\"0\">\n<tbody>\n<tr>\n<th rowspan=\"5\" scope=\"row\">MEM\u00d3RIA<\/th>\n<td class=\"ttl\"><a href=\"https:\/\/www.gsmarena.com\/glossary.php3?term=memory-card-slot\">Compartimento para cart\u00e3o<\/a><\/td>\n<td class=\"nfo\" data-spec=\"memoryslot\">N\u00e3o<\/td>\n<\/tr>\n<tr>\n<td class=\"ttl\"><a href=\"https:\/\/www.gsmarena.com\/glossary.php3?term=dynamic-memory\">interno<\/a><\/td>\n<td class=\"nfo\" data-spec=\"internalmemory\"><a class=\"\" style=\"width: auto !important\" href=\"https:\/\/www.rucashk.com\/pt\/produto\/xiaomi-mi-a3-4g-smartphone-4gb-ram-128gb-rom\/\" data-wpil-post-to-id=\"2352\">128 GB 8 GB de RAM,<\/a> 256 GB 8 GB de RAM<\/td>\n<\/tr>\n<tr>\n<td class=\"ttl\"><\/td>\n<td class=\"nfo\" data-spec=\"memoryother\">UFS 3.1<\/td>\n<\/tr>\n<\/tbody>\n<\/table>\n<table cellspacing=\"0\">\n<tbody>\n<tr>\n<th class=\"small-line-height\" rowspan=\"4\" scope=\"row\">C\u00c2MERA PRINCIPAL<\/th>\n<td class=\"ttl\"><a href=\"https:\/\/www.gsmarena.com\/glossary.php3?term=camera\">qu\u00e1druplo<\/a><\/td>\n<td class=\"nfo\" data-spec=\"cam1modules\">64 MP, f\/1.8, 26mm (grande angular), 1\/1,72\u2033, 0,8\u00b5m, PDAF<br \/>\n12 MP, f\/1.9, 24mm (grande angular), 1\/2,55\u2033, 1,4\u00b5m, PDAF<br \/>\n8 MP, f\/2.2, 16mm, 118\u02da (ultra amplo), 1\/4,0\u2033, 1,12\u00b5m<br \/>\n5 MP, f\/1.9, (macro)<\/td>\n<\/tr>\n<tr>\n<td class=\"ttl\"><a href=\"https:\/\/www.gsmarena.com\/glossary.php3?term=camera\">Caracter\u00edsticas<\/a><\/td>\n<td class=\"nfo\" data-spec=\"cam1features\">Flash de dois tons de 5 LED, HDR autom\u00e1tico, panorama<\/td>\n<\/tr>\n<tr>\n<td class=\"ttl\"><a href=\"https:\/\/www.gsmarena.com\/glossary.php3?term=camera\">V\u00eddeo<\/a><\/td>\n<td class=\"nfo\" data-spec=\"cam1video\">4K@30\/60fps, 1080p; giro-EIS<\/td>\n<\/tr>\n<\/tbody>\n<\/table>\n<table cellspacing=\"0\">\n<tbody>\n<tr>\n<th class=\"small-line-height\" rowspan=\"4\" scope=\"row\">C\u00c2MERA SELFIE<\/th>\n<td class=\"ttl\"><a href=\"https:\/\/www.gsmarena.com\/glossary.php3?term=secondary-camera\">Solteiro<\/a><\/td>\n<td class=\"nfo\" data-spec=\"cam2modules\">20 MP, f\/2.2, (grande angular), 0,8 \u00b5m<\/td>\n<\/tr>\n<tr>\n<td class=\"ttl\"><a href=\"https:\/\/www.gsmarena.com\/glossary.php3?term=secondary-camera\">Caracter\u00edsticas<\/a><\/td>\n<td class=\"nfo\" data-spec=\"cam2features\">HDR<\/td>\n<\/tr>\n<tr>\n<td class=\"ttl\"><a href=\"https:\/\/www.gsmarena.com\/glossary.php3?term=secondary-camera\">V\u00eddeo<\/a><\/td>\n<td class=\"nfo\" data-spec=\"cam2video\">1080p@30fps<\/td>\n<\/tr>\n<\/tbody>\n<\/table>\n<table cellspacing=\"0\">\n<tbody>\n<tr>\n<th rowspan=\"3\" scope=\"row\">SOM<\/th>\n<td class=\"ttl\"><a href=\"https:\/\/www.gsmarena.com\/glossary.php3?term=loudspeaker\">Alto-falante<\/a><\/td>\n<td class=\"nfo\">Sim, com alto-falantes est\u00e9reo<\/td>\n<\/tr>\n<tr>\n<td class=\"ttl\"><a href=\"https:\/\/www.gsmarena.com\/glossary.php3?term=audio-jack\">Conector de 3,5 mm<\/a><\/td>\n<td class=\"nfo\">N\u00e3o<\/td>\n<\/tr>\n<\/tbody>\n<\/table>\n<table cellspacing=\"0\">\n<tbody>\n<tr>\n<th rowspan=\"9\" scope=\"row\">COMUNICA\u00c7\u00d5ES<\/th>\n<td class=\"ttl\"><a href=\"https:\/\/www.gsmarena.com\/glossary.php3?term=wi-fi\">WLAN<\/a><\/td>\n<td class=\"nfo\" data-spec=\"wlan\">Wi-Fi 802.11 a\/b\/g\/n\/ac\/6, banda dupla, Wi-Fi Direct, hotspot<\/td>\n<\/tr>\n<tr>\n<td class=\"ttl\"><a href=\"https:\/\/www.gsmarena.com\/glossary.php3?term=bluetooth\">Bluetooth<\/a><\/td>\n<td class=\"nfo\" data-spec=\"bluetooth\">5.1, A2DP, LE<\/td>\n<\/tr>\n<tr>\n<td class=\"ttl\"><a href=\"https:\/\/www.gsmarena.com\/glossary.php3?term=gps\">GPS<\/a><\/td>\n<td class=\"nfo\" data-spec=\"gps\">Sim, com A-GPS de banda dupla, GLONASS, BDS<\/td>\n<\/tr>\n<tr>\n<td class=\"ttl\"><a href=\"https:\/\/www.gsmarena.com\/glossary.php3?term=nfc\">NFC<\/a><\/td>\n<td class=\"nfo\" data-spec=\"nfc\">Sim<\/td>\n<\/tr>\n<tr>\n<td class=\"ttl\"><a href=\"https:\/\/www.gsmarena.com\/glossary.php3?term=fm-radio\">R\u00e1dio<\/a><\/td>\n<td class=\"nfo\" data-spec=\"radio\">N\u00e3o<\/td>\n<\/tr>\n<tr>\n<td class=\"ttl\"><a href=\"https:\/\/www.gsmarena.com\/glossary.php3?term=usb\">USB<\/a><\/td>\n<td class=\"nfo\" data-spec=\"usb\">2.0, conector revers\u00edvel Tipo C 1.0<\/td>\n<\/tr>\n<\/tbody>\n<\/table>\n<table cellspacing=\"0\">\n<tbody>\n<tr>\n<th rowspan=\"9\" scope=\"row\">CARACTER\u00cdSTICAS<\/th>\n<td class=\"ttl\"><a href=\"https:\/\/www.gsmarena.com\/glossary.php3?term=sensors\">Sensores<\/a><\/td>\n<td class=\"nfo\" data-spec=\"sensors\">Impress\u00e3o digital (sob display, \u00f3ptica), aceler\u00f4metro, girosc\u00f3pio, proximidade, b\u00fassola<\/td>\n<\/tr>\n<\/tbody>\n<\/table>\n<table cellspacing=\"0\">\n<tbody>\n<tr>\n<th rowspan=\"7\" scope=\"row\">BATERIA<\/th>\n<td class=\"ttl\"><\/td>\n<td class=\"nfo\" data-spec=\"batdescription1\">Bateria Li-Po 4500 mAh n\u00e3o remov\u00edvel<\/td>\n<\/tr>\n<tr>\n<td class=\"ttl\"><a href=\"https:\/\/www.gsmarena.com\/glossary.php3?term=battery-charging\">Carregando<\/a><\/td>\n<td class=\"nfo\"><a class=\"\" style=\"width: auto !important\" href=\"https:\/\/www.rucashk.com\/pt\/produto\/xiaomi-usb-60w-fast-charger\/\" data-wpil-post-to-id=\"13729\">Carregamento r\u00e1pido<\/a> 30W, 45% em 30 min (anunciado)<br \/>\n<a class=\"\" style=\"width: auto !important\" href=\"https:\/\/www.rucashk.com\/pt\/produto\/xiaomi-70mai-dual-usb-car-quick-charge-adapter-for-smart-phone\/\" data-wpil-post-to-id=\"2526\">Carga r\u00e1pida<\/a> 3.0<\/td>\n<\/tr>\n<\/tbody>\n<\/table>\n<table cellspacing=\"0\">\n<tbody>\n<tr>\n<th rowspan=\"6\" scope=\"row\">DIVERSOS<\/th>\n<td class=\"ttl\"><a href=\"https:\/\/www.gsmarena.com\/glossary.php3?term=build\">Cores<\/a><\/td>\n<td class=\"nfo\" data-spec=\"colors\">Verde, Cinza, Branco Aurora<\/td>\n<\/tr>\n<tr>\n<td class=\"ttl\"><a href=\"https:\/\/www.gsmarena.com\/glossary.php3?term=price\">Pre\u00e7o<\/a><\/td>\n<td class=\"nfo\" data-spec=\"price\">Cerca de 530 euros<\/td>\n<\/tr>\n<\/tbody>\n<\/table>","protected":false},"excerpt":{"rendered":"<p><span data-spm-anchor-id=\"a2g0o.detail.1000023.i4.71df682cMoEF4z\">Principais caracter\u00edsticas:<\/span><\/p>\n<p><span data-spm-anchor-id=\"a2g0o.detail.1000023.i2.71df682cMoEF4z\">100% Garantia Original Meizu Celular<\/span><\/p>\n<p><span data-spm-anchor-id=\"a2g0o.detail.1000023.i3.71df682cMoEF4z\">Snapdragon 865 Octa-N\u00facleo<br \/>\n8GB RAM 128GB\u00a0ROM Or 8GB RAM 256GB ROM<br \/>\n6.6\u00a0inch 2340&#215;1080 90HZ<br \/>\nBattery: 4500mAh\u00a0\u00a0\u00a0lithium-ion,30W Super Charger<br \/>\nCameras Front 20.0MP\u00a0Back 64.0MP+12.0MP+8.0MP+5.0MP<\/span><\/p>","protected":false},"featured_media":23253,"template":"","meta":[],"product_brand":[],"product_cat":[1295],"product_tag":[],"class_list":{"0":"post-23186","1":"product","2":"type-product","3":"status-publish","4":"has-post-thumbnail","6":"product_cat-mobile-phone","8":"first","9":"instock","10":"shipping-taxable","11":"product-type-external"},"aioseo_notices":[],"aioseo_head":"\n\t\t<!-- All in One SEO Pro 4.5.9.2 - aioseo.com -->\n\t\t<meta name=\"description\" content=\"Main Features: 100% Guarantee Original Meizu Mobile Phone Snapdragon 865 Octa Core 8GB RAM 128GB ROM Or 8GB RAM 256GB ROM 6.6 inch 2340x1080 90HZ Battery: 4500mAh lithium-ion,30W Super Charger Cameras Front 20.0MP Back 64.0MP+12.0MP+8.0MP+5.0MP\" \/>\n\t\t<meta name=\"robots\" content=\"max-image-preview:large\" \/>\n\t\t<link rel=\"canonical\" href=\"https:\/\/www.rucashk.com\/pt\/produto\/meizu-17-smartphone\/\" \/>\n\t\t<meta name=\"generator\" content=\"All in One SEO Pro (AIOSEO) 4.5.9.2\" \/>\n\t\t<meta property=\"og:locale\" content=\"pt_PT\" \/>\n\t\t<meta property=\"og:site_name\" content=\"Rucas - One-stop AIoT Distribution Worldwide\" \/>\n\t\t<meta property=\"og:type\" content=\"article\" \/>\n\t\t<meta property=\"og:title\" content=\"Meizu 17 Smartphone - Rucas - Wholesale and Distribution\" \/>\n\t\t<meta property=\"og:description\" content=\"Main Features: 100% Guarantee Original Meizu Mobile Phone Snapdragon 865 Octa Core 8GB RAM 128GB ROM Or 8GB RAM 256GB ROM 6.6 inch 2340x1080 90HZ Battery: 4500mAh lithium-ion,30W Super Charger Cameras Front 20.0MP Back 64.0MP+12.0MP+8.0MP+5.0MP\" \/>\n\t\t<meta property=\"og:url\" content=\"https:\/\/www.rucashk.com\/pt\/produto\/meizu-17-smartphone\/\" \/>\n\t\t<meta property=\"og:image\" content=\"https:\/\/www.rucashk.com\/wp-content\/uploads\/replace\/503b8e645f128a97ccde2b6290747646.jpeg\" \/>\n\t\t<meta property=\"og:image:secure_url\" content=\"https:\/\/www.rucashk.com\/wp-content\/uploads\/replace\/503b8e645f128a97ccde2b6290747646.jpeg\" \/>\n\t\t<meta property=\"og:image:width\" content=\"1456\" \/>\n\t\t<meta property=\"og:image:height\" content=\"816\" \/>\n\t\t<meta property=\"article:published_time\" content=\"2024-01-09T15:52:18+00:00\" \/>\n\t\t<meta property=\"article:modified_time\" content=\"2024-03-11T07:40:38+00:00\" \/>\n\t\t<meta name=\"twitter:card\" content=\"summary_large_image\" \/>\n\t\t<meta name=\"twitter:title\" content=\"Meizu 17 Smartphone - Rucas - Wholesale and Distribution\" \/>\n\t\t<meta name=\"twitter:description\" content=\"Main Features: 100% Guarantee Original Meizu Mobile Phone Snapdragon 865 Octa Core 8GB RAM 128GB ROM Or 8GB RAM 256GB ROM 6.6 inch 2340x1080 90HZ Battery: 4500mAh lithium-ion,30W Super Charger Cameras Front 20.0MP Back 64.0MP+12.0MP+8.0MP+5.0MP\" \/>\n\t\t<meta name=\"twitter:image\" content=\"https:\/\/www.rucashk.com\/wp-content\/uploads\/replace\/503b8e645f128a97ccde2b6290747646.jpeg\" \/>\n\t\t<script type=\"application\/ld+json\" class=\"aioseo-schema\">\n\t\t\t{\"@context\":\"https:\\\/\\\/schema.org\",\"@graph\":[{\"@type\":\"BreadcrumbList\",\"@id\":\"https:\\\/\\\/www.rucashk.com\\\/pt\\\/produto\\\/meizu-17-smartphone\\\/#breadcrumblist\",\"itemListElement\":[{\"@type\":\"ListItem\",\"@id\":\"https:\\\/\\\/www.rucashk.com\\\/pt\\\/#listItem\",\"position\":1,\"name\":\"Home\",\"item\":\"https:\\\/\\\/www.rucashk.com\\\/pt\\\/\",\"nextItem\":\"https:\\\/\\\/www.rucashk.com\\\/pt\\\/produto\\\/meizu-17-smartphone\\\/#listItem\"},{\"@type\":\"ListItem\",\"@id\":\"https:\\\/\\\/www.rucashk.com\\\/pt\\\/produto\\\/meizu-17-smartphone\\\/#listItem\",\"position\":2,\"name\":\"Meizu\\u00a017 Smartphone\",\"previousItem\":\"https:\\\/\\\/www.rucashk.com\\\/pt\\\/#listItem\"}]},{\"@type\":\"Organization\",\"@id\":\"https:\\\/\\\/www.rucashk.com\\\/pt\\\/#organization\",\"name\":\"Rucas\",\"url\":\"https:\\\/\\\/www.rucashk.com\\\/pt\\\/\",\"logo\":{\"@type\":\"ImageObject\",\"url\":\"https:\\\/\\\/www.rucashk.com\\\/wp-content\\\/uploads\\\/2023\\\/12\\\/Rucas_campany_logo.png\",\"@id\":\"https:\\\/\\\/www.rucashk.com\\\/pt\\\/produto\\\/meizu-17-smartphone\\\/#organizationLogo\",\"width\":221,\"height\":65},\"image\":{\"@id\":\"https:\\\/\\\/www.rucashk.com\\\/pt\\\/#organizationLogo\"}},{\"@type\":\"Person\",\"@id\":\"https:\\\/\\\/www.rucashk.com\\\/pt\\\/author\\\/admin\\\/#author\",\"url\":\"https:\\\/\\\/www.rucashk.com\\\/pt\\\/author\\\/admin\\\/\",\"name\":\"admin\",\"image\":{\"@type\":\"ImageObject\",\"@id\":\"https:\\\/\\\/www.rucashk.com\\\/pt\\\/produto\\\/meizu-17-smartphone\\\/#authorImage\",\"url\":\"https:\\\/\\\/secure.gravatar.com\\\/avatar\\\/b7c8925b09a27e72b30232f8ecaadbd5af0f70a38c78096863fe51b64f031c24?s=96&d=mm&r=g\",\"width\":96,\"height\":96,\"caption\":\"admin\"}},{\"@type\":\"WebPage\",\"@id\":\"https:\\\/\\\/www.rucashk.com\\\/pt\\\/produto\\\/meizu-17-smartphone\\\/#webpage\",\"url\":\"https:\\\/\\\/www.rucashk.com\\\/pt\\\/produto\\\/meizu-17-smartphone\\\/\",\"name\":\"Meizu 17 Smartphone - Rucas - Wholesale and Distribution\",\"description\":\"Main Features: 100% Guarantee Original Meizu Mobile Phone Snapdragon 865 Octa Core 8GB RAM 128GB ROM Or 8GB RAM 256GB ROM 6.6 inch 2340x1080 90HZ Battery: 4500mAh lithium-ion,30W Super Charger Cameras Front 20.0MP Back 64.0MP+12.0MP+8.0MP+5.0MP\",\"inLanguage\":\"pt-PT\",\"isPartOf\":{\"@id\":\"https:\\\/\\\/www.rucashk.com\\\/pt\\\/#website\"},\"breadcrumb\":{\"@id\":\"https:\\\/\\\/www.rucashk.com\\\/pt\\\/produto\\\/meizu-17-smartphone\\\/#breadcrumblist\"},\"author\":{\"@id\":\"https:\\\/\\\/www.rucashk.com\\\/pt\\\/author\\\/admin\\\/#author\"},\"creator\":{\"@id\":\"https:\\\/\\\/www.rucashk.com\\\/pt\\\/author\\\/admin\\\/#author\"},\"image\":{\"@type\":\"ImageObject\",\"url\":\"https:\\\/\\\/www.rucashk.com\\\/wp-content\\\/uploads\\\/2024\\\/01\\\/meizu-17.jpg\",\"@id\":\"https:\\\/\\\/www.rucashk.com\\\/pt\\\/produto\\\/meizu-17-smartphone\\\/#mainImage\",\"width\":452,\"height\":463},\"primaryImageOfPage\":{\"@id\":\"https:\\\/\\\/www.rucashk.com\\\/pt\\\/produto\\\/meizu-17-smartphone\\\/#mainImage\"},\"datePublished\":\"2024-01-09T15:52:18+00:00\",\"dateModified\":\"2024-03-11T07:40:38+00:00\"},{\"@type\":\"WebSite\",\"@id\":\"https:\\\/\\\/www.rucashk.com\\\/pt\\\/#website\",\"url\":\"https:\\\/\\\/www.rucashk.com\\\/pt\\\/\",\"name\":\"Rucas - Wholesale and distribution worldwide\",\"alternateName\":\"Rucas - One-stop AIoT Distribution Worldwide\",\"description\":\"One-stop AIoT Distribution Worldwide\",\"inLanguage\":\"pt-PT\",\"publisher\":{\"@id\":\"https:\\\/\\\/www.rucashk.com\\\/pt\\\/#organization\"}}]}\n\t\t<\/script>\n\t\t<!-- All in One SEO Pro -->\r\n\t\t<title>Meizu 17 Smartphone - Rucas - Wholesale and Distribution<\/title>\n\n","aioseo_head_json":{"title":"Meizu 17 Smartphone - Rucas - Wholesale and Distribution","description":"Main Features: 100% Guarantee Original Meizu Mobile Phone Snapdragon 865 Octa Core 8GB RAM 128GB ROM Or 8GB RAM 256GB ROM 6.6 inch 2340x1080 90HZ Battery: 4500mAh lithium-ion,30W Super Charger Cameras Front 20.0MP Back 64.0MP+12.0MP+8.0MP+5.0MP","canonical_url":"https:\/\/www.rucashk.com\/pt\/produto\/meizu-17-smartphone\/","robots":"max-image-preview:large","keywords":"","webmasterTools":{"miscellaneous":""},"og:locale":"pt_PT","og:site_name":"Rucas - One-stop AIoT Distribution Worldwide","og:type":"article","og:title":"Meizu 17 Smartphone - Rucas - Wholesale and Distribution","og:description":"Main Features: 100% Guarantee Original Meizu Mobile Phone Snapdragon 865 Octa Core 8GB RAM 128GB ROM Or 8GB RAM 256GB ROM 6.6 inch 2340x1080 90HZ Battery: 4500mAh lithium-ion,30W Super Charger Cameras Front 20.0MP Back 64.0MP+12.0MP+8.0MP+5.0MP","og:url":"https:\/\/www.rucashk.com\/pt\/produto\/meizu-17-smartphone\/","og:image":"https:\/\/www.rucashk.com\/wp-content\/uploads\/replace\/503b8e645f128a97ccde2b6290747646.jpeg","og:image:secure_url":"https:\/\/www.rucashk.com\/wp-content\/uploads\/replace\/503b8e645f128a97ccde2b6290747646.jpeg","og:image:width":1456,"og:image:height":816,"article:published_time":"2024-01-09T15:52:18+00:00","article:modified_time":"2024-03-11T07:40:38+00:00","twitter:card":"summary_large_image","twitter:title":"Meizu 17 Smartphone - Rucas - Wholesale and Distribution","twitter:description":"Main Features: 100% Guarantee Original Meizu Mobile Phone Snapdragon 865 Octa Core 8GB RAM 128GB ROM Or 8GB RAM 256GB ROM 6.6 inch 2340x1080 90HZ Battery: 4500mAh lithium-ion,30W Super Charger Cameras Front 20.0MP Back 64.0MP+12.0MP+8.0MP+5.0MP","twitter:image":"https:\/\/www.rucashk.com\/wp-content\/uploads\/replace\/503b8e645f128a97ccde2b6290747646.jpeg","schema":{"@context":"https:\/\/schema.org","@graph":[{"@type":"BreadcrumbList","@id":"https:\/\/www.rucashk.com\/pt\/produto\/meizu-17-smartphone\/#breadcrumblist","itemListElement":[{"@type":"ListItem","@id":"https:\/\/www.rucashk.com\/pt\/#listItem","position":1,"name":"Home","item":"https:\/\/www.rucashk.com\/pt\/","nextItem":"https:\/\/www.rucashk.com\/pt\/produto\/meizu-17-smartphone\/#listItem"},{"@type":"ListItem","@id":"https:\/\/www.rucashk.com\/pt\/produto\/meizu-17-smartphone\/#listItem","position":2,"name":"Meizu\u00a017 Smartphone","previousItem":"https:\/\/www.rucashk.com\/pt\/#listItem"}]},{"@type":"Organization","@id":"https:\/\/www.rucashk.com\/pt\/#organization","name":"Rucas","url":"https:\/\/www.rucashk.com\/pt\/","logo":{"@type":"ImageObject","url":"https:\/\/www.rucashk.com\/wp-content\/uploads\/2023\/12\/Rucas_campany_logo.png","@id":"https:\/\/www.rucashk.com\/pt\/produto\/meizu-17-smartphone\/#organizationLogo","width":221,"height":65},"image":{"@id":"https:\/\/www.rucashk.com\/pt\/#organizationLogo"}},{"@type":"Person","@id":"https:\/\/www.rucashk.com\/pt\/author\/admin\/#author","url":"https:\/\/www.rucashk.com\/pt\/author\/admin\/","name":"admin","image":{"@type":"ImageObject","@id":"https:\/\/www.rucashk.com\/pt\/produto\/meizu-17-smartphone\/#authorImage","url":"https:\/\/secure.gravatar.com\/avatar\/b7c8925b09a27e72b30232f8ecaadbd5af0f70a38c78096863fe51b64f031c24?s=96&d=mm&r=g","width":96,"height":96,"caption":"admin"}},{"@type":"WebPage","@id":"https:\/\/www.rucashk.com\/pt\/produto\/meizu-17-smartphone\/#webpage","url":"https:\/\/www.rucashk.com\/pt\/produto\/meizu-17-smartphone\/","name":"Meizu 17 Smartphone - Rucas - Wholesale and Distribution","description":"Main Features: 100% Guarantee Original Meizu Mobile Phone Snapdragon 865 Octa Core 8GB RAM 128GB ROM Or 8GB RAM 256GB ROM 6.6 inch 2340x1080 90HZ Battery: 4500mAh lithium-ion,30W Super Charger Cameras Front 20.0MP Back 64.0MP+12.0MP+8.0MP+5.0MP","inLanguage":"pt-PT","isPartOf":{"@id":"https:\/\/www.rucashk.com\/pt\/#website"},"breadcrumb":{"@id":"https:\/\/www.rucashk.com\/pt\/produto\/meizu-17-smartphone\/#breadcrumblist"},"author":{"@id":"https:\/\/www.rucashk.com\/pt\/author\/admin\/#author"},"creator":{"@id":"https:\/\/www.rucashk.com\/pt\/author\/admin\/#author"},"image":{"@type":"ImageObject","url":"https:\/\/www.rucashk.com\/wp-content\/uploads\/2024\/01\/meizu-17.jpg","@id":"https:\/\/www.rucashk.com\/pt\/produto\/meizu-17-smartphone\/#mainImage","width":452,"height":463},"primaryImageOfPage":{"@id":"https:\/\/www.rucashk.com\/pt\/produto\/meizu-17-smartphone\/#mainImage"},"datePublished":"2024-01-09T15:52:18+00:00","dateModified":"2024-03-11T07:40:38+00:00"},{"@type":"WebSite","@id":"https:\/\/www.rucashk.com\/pt\/#website","url":"https:\/\/www.rucashk.com\/pt\/","name":"Rucas - Wholesale and distribution worldwide","alternateName":"Rucas - One-stop AIoT Distribution Worldwide","description":"One-stop AIoT Distribution Worldwide","inLanguage":"pt-PT","publisher":{"@id":"https:\/\/www.rucashk.com\/pt\/#organization"}}]}},"aioseo_meta_data":{"post_id":"23186","title":null,"description":null,"keywords":null,"keyphrases":null,"primary_term":null,"canonical_url":null,"og_title":null,"og_description":null,"og_object_type":"default","og_image_type":"default","og_image_url":null,"og_image_width":null,"og_image_height":null,"og_image_custom_url":null,"og_image_custom_fields":null,"og_video":null,"og_custom_url":null,"og_article_section":null,"og_article_tags":null,"twitter_use_og":false,"twitter_card":"default","twitter_image_type":"default","twitter_image_url":null,"twitter_image_custom_url":null,"twitter_image_custom_fields":null,"twitter_title":null,"twitter_description":null,"schema":{"blockGraphs":[],"customGraphs":[],"default":{"data":{"Article":[],"Course":[],"Dataset":[],"FAQPage":[],"Movie":[],"Person":[],"Product":[],"Recipe":[],"Service":[],"SoftwareApplication":[],"WebPage":[]},"graphName":"","isEnabled":true},"graphs":[]},"schema_type":"default","schema_type_options":null,"pillar_content":false,"robots_default":true,"robots_noindex":false,"robots_noarchive":false,"robots_nosnippet":false,"robots_nofollow":false,"robots_noimageindex":false,"robots_noodp":false,"robots_notranslate":false,"robots_max_snippet":null,"robots_max_videopreview":null,"robots_max_imagepreview":"large","priority":null,"frequency":null,"local_seo":null,"breadcrumb_settings":null,"limit_modified_date":false,"created":"2024-04-11 01:55:28","updated":"2025-06-22 17:01:22"},"aioseo_breadcrumb":"<div class=\"aioseo-breadcrumbs\"><span class=\"aioseo-breadcrumb\">\n\t<a href=\"https:\/\/www.rucashk.com\/pt\" title=\"Home\">Home<\/a>\n<\/span><span class=\"aioseo-breadcrumb-separator\">&raquo;<\/span><span class=\"aioseo-breadcrumb\">\n\t<a href=\"https:\/\/www.rucashk.com\/pt\/products\/\" title=\"Produtos\">Produtos<\/a>\n<\/span><span class=\"aioseo-breadcrumb-separator\">&raquo;<\/span><span class=\"aioseo-breadcrumb\">\n\t<a href=\"https:\/\/www.rucashk.com\/pt\/categoria-produto\/mobile-phone\/\" title=\"Mobile Phone\">Mobile Phone<\/a>\n<\/span><span class=\"aioseo-breadcrumb-separator\">&raquo;<\/span><span class=\"aioseo-breadcrumb\">\n\tMeizu\u00a017 Smartphone\n<\/span><\/div>","aioseo_breadcrumb_json":[{"label":"Home","link":"https:\/\/www.rucashk.com\/pt"},{"label":"Produtos","link":"https:\/\/www.rucashk.com\/pt\/products\/"},{"label":"Mobile Phone","link":"https:\/\/www.rucashk.com\/pt\/categoria-produto\/mobile-phone\/"},{"label":"Meizu\u00a017 Smartphone","link":"https:\/\/www.rucashk.com\/pt\/produto\/meizu-17-smartphone\/"}],"_links":{"self":[{"href":"https:\/\/www.rucashk.com\/pt\/wp-json\/wp\/v2\/product\/23186","targetHints":{"allow":["GET"]}}],"collection":[{"href":"https:\/\/www.rucashk.com\/pt\/wp-json\/wp\/v2\/product"}],"about":[{"href":"https:\/\/www.rucashk.com\/pt\/wp-json\/wp\/v2\/types\/product"}],"wp:featuredmedia":[{"embeddable":true,"href":"https:\/\/www.rucashk.com\/pt\/wp-json\/wp\/v2\/media\/23253"}],"wp:attachment":[{"href":"https:\/\/www.rucashk.com\/pt\/wp-json\/wp\/v2\/media?parent=23186"}],"wp:term":[{"taxonomy":"product_brand","embeddable":true,"href":"https:\/\/www.rucashk.com\/pt\/wp-json\/wp\/v2\/product_brand?post=23186"},{"taxonomy":"product_cat","embeddable":true,"href":"https:\/\/www.rucashk.com\/pt\/wp-json\/wp\/v2\/product_cat?post=23186"},{"taxonomy":"product_tag","embeddable":true,"href":"https:\/\/www.rucashk.com\/pt\/wp-json\/wp\/v2\/product_tag?post=23186"}],"curies":[{"name":"wp","href":"https:\/\/api.w.org\/{rel}","templated":true}]}}