{"id":23183,"date":"2024-01-09T15:52:18","date_gmt":"2024-01-09T15:52:18","guid":{"rendered":"http:\/\/rucashk.com\/?post_type=product&#038;p=23183"},"modified":"2024-03-11T07:38:49","modified_gmt":"2024-03-11T07:38:49","slug":"realme-6-smartphone","status":"publish","type":"product","link":"https:\/\/www.rucashk.com\/pt\/produto\/realme-6-smartphone\/","title":{"rendered":"Smartphone Realme 6"},"content":{"rendered":"<p><img decoding=\"async\" class=\"wp-image-555554 aligncenter\" src=\"\/wp-content\/uploads\/replace\/502d87ee8d9aa0a5fc4422f419cefc0c.jpeg\" alt=\"Realme 3\u89c4\u683c\" \/><img decoding=\"async\" class=\"wp-image-555555 aligncenter\" src=\"\/wp-content\/uploads\/replace\/2795f3d945ee487d6ae7ac75250a8cbe.jpeg\" alt=\"Realme 3\u89c4\u683c\" \/><\/p>\n<p><img decoding=\"async\" class=\"wp-image-555556 aligncenter\" src=\"\/wp-content\/uploads\/replace\/0a4f99d28334c48ad5fd7a4e606a6991.jpeg\" alt=\"Realme 3\u89c4\u683c\" \/><\/p>\n<p><img decoding=\"async\" class=\"wp-image-555557 aligncenter\" src=\"\/wp-content\/uploads\/replace\/4ab20aa1108c2d82a977baeebdd3c551.jpeg\" alt=\"Realme 3\u89c4\u683c\" \/><\/p>\n<p style=\"font-weight: 400\"><b>\u00a0Especifica\u00e7\u00e3o:<\/b><\/p>\n<table style=\"font-weight: 400\">\n<tbody>\n<tr>\n<td width=\"163\"><b>Modelo<\/b><\/td>\n<td width=\"834\">\u00a0Eu de verdade 6 <a class=\"\" style=\"width: auto !important\" href=\"https:\/\/www.rucashk.com\/pt\/lets-take-a-look-at-the-global-version-of-douyin\u3010tiktok\u3011\/\" data-wpil-post-to-id=\"6752\">Vers\u00e3o global<\/a> (8 GB + 128 GB)<\/td>\n<\/tr>\n<tr>\n<td width=\"163\"><b>Rede<\/b><\/td>\n<td width=\"834\">\u00a02G: G\/M: B2(1900)\/B3(1800)\/B5(850)\/B8(900)<\/p>\n<p>3G: WCDMA: B1(2100)\/B2(1900)\/B4(1700\/2100)\/B5(850)\/B8(900)<\/p>\n<p>4G: FDD-TLE: B1\/B2\/B3\/B4\/B5\/B7\/B8\/B20\/B28<\/p>\n<p>TDD-LTE: B38\/B40\/B41(2535-2655MHz)<\/p>\n<p><a class=\"\" style=\"width: auto !important\" href=\"https:\/\/www.rucashk.com\/pt\/produto\/wiko-view4-lite\/\" data-wpil-post-to-id=\"5614\">Slots para cart\u00e3o SIM: Dual SIM duplo<\/a> Espera (2 cart\u00f5es Nano SIM + 1 cart\u00e3o MicroSD)<\/td>\n<\/tr>\n<tr>\n<td colspan=\"2\" width=\"997\"><b><a href=\"https:\/\/blog.banggood.com\/check-phone-frequency-band-60194.html\" data-cke-saved-href=\"https:\/\/blog.banggood.com\/check-phone-frequency-band-60194.html\">Clique aqui<\/a><\/b>\u00a0para frequ\u00eancia de rede do seu pa\u00eds. Por favor, verifique com sua operadora\/fornecedor antes de comprar este item.<\/td>\n<\/tr>\n<tr>\n<td width=\"163\"><b>Hardware<\/b><\/td>\n<td width=\"834\">\u00a0SO: Android 10, Realme UI<\/p>\n<p>CPU: Mediatek MT6785 Helio G90T (12 nm), Octa-core (2\u00d72,05 GHz Cortex-A76 e 6\u00d72,0 GHz Cortex-A55)<\/p>\n<p>GPU: Mali-G76<\/p>\n<p>RAM: 8 GB LPDDR4x de canal duplo<\/p>\n<p>ROM: 128GB UFS 2.1<\/p>\n<p>Extens\u00e3o do cart\u00e3o: Sim, suporta cart\u00e3o MicroSD de at\u00e9 256 GB<\/td>\n<\/tr>\n<tr>\n<td width=\"163\"><b>Mostrar<\/b><\/td>\n<td width=\"834\">\u00a0Tamanho da tela: 6,5 polegadas, 102,0 cm2 (~90,5% <a class=\"\" style=\"width: auto !important\" href=\"https:\/\/www.rucashk.com\/pt\/exposure-of-xiaomi-bracelet-5-oval-hole-design-with-a-high-screen-to-body-ratio\/\" data-wpil-post-to-id=\"7039\">propor\u00e7\u00e3o tela-corpo<\/a>)<\/p>\n<p>Tipo: tela sens\u00edvel ao toque capacitiva IPS LCD, 16 milh\u00f5es de cores<\/p>\n<p>Resolu\u00e7\u00e3o: 1080 x 2400 pixels, FHD+, propor\u00e7\u00e3o 90:9 (densidade de ~405 ppi)<\/p>\n<p>Caracter\u00edsticas: Taxa de atualiza\u00e7\u00e3o de 90 Hz, Corning Gorilla Glass 3, tipo 480nits. brilho (anunciado)<\/td>\n<\/tr>\n<tr>\n<td width=\"163\"><b><a class=\"\" style=\"width: auto !important\" href=\"https:\/\/www.rucashk.com\/pt\/produto\/xiaomi-redmi-note8-48mp-quad-rear-camera-4000mah-smartphone\/\" data-wpil-post-to-id=\"2367\">C\u00e2mera traseira<\/a><\/b><\/td>\n<td width=\"834\">\u00a0C\u00e2mera AI Quad: 64 MP + 8 MP + 2 MP + 2 MP<\/p>\n<p>64 MP <a class=\"\" style=\"width: auto !important\" href=\"https:\/\/www.rucashk.com\/pt\/produto\/huawei-p40-pro\/\" data-wpil-post-to-id=\"5675\">C\u00e2mera grande angular de ultra alta resolu\u00e7\u00e3o<\/a><\/p>\n<p>FOV 78,6\u00b0, f\/1.8, lente 6P<\/p>\n<p>Samsung GW1, 1\/1,7\u201d<\/p>\n<p>Lente ultra grande angular de 8 MP<\/p>\n<p>FOV 119\u00b0, f\/2.3, lente 5P<\/p>\n<p>Lente retrato em preto e branco<\/p>\n<p>f\/2.4, lente 3P<\/p>\n<p>Lente macro de 2 MP<\/p>\n<p>Foco de 4cm, f\/2.4, lente 3P<\/p>\n<p>2MP P\/B, f\/2.4, (profundidade)<\/p>\n<p>Fun\u00e7\u00e3o de fotografia: Modo Ultra 64MP, Super NightScape, Vis\u00e3o panor\u00e2mica, Modo Expert, Timelapse, Modo Retrato, HDR, Modo Ultra Wide, Modo Ultra Macro, Reconhecimento de cena AI, Beleza AI, Filtro, Chroma Boost, C\u00e2mera lenta, Controle de efeito Bokeh.<\/p>\n<p>Grava\u00e7\u00e3o de v\u00eddeo:<\/p>\n<p>Suporta estabiliza\u00e7\u00e3o de v\u00eddeo UIS<\/p>\n<p>Suporta estabiliza\u00e7\u00e3o m\u00e1xima de v\u00eddeo UIS*<\/p>\n<p><a class=\"\" style=\"width: auto !important\" href=\"https:\/\/www.rucashk.com\/pt\/xiaomi-pre-sales-driving-recorder2-2k-version-a-brand-supporting-voice-recording\/\" data-wpil-post-to-id=\"9520\">Suporta grava\u00e7\u00e3o de v\u00eddeo 4K\/30fps<\/a><\/p>\n<p><a class=\"\" style=\"width: auto !important\" href=\"https:\/\/www.rucashk.com\/pt\/xiaomi-pre-sales-driving-recorder2-2k-version-a-brand-supporting-voice-recording\/\" data-wpil-post-to-id=\"9520\">Suporta grava\u00e7\u00e3o de v\u00eddeo 1080P\/30fps, 60fps<\/a><\/p>\n<p>Suporta grava\u00e7\u00e3o de v\u00eddeo 720P\/30fps, 60fps<\/td>\n<\/tr>\n<tr>\n<td width=\"163\"><b>C\u00e2mera frontal<\/b><\/td>\n<td width=\"834\">\u00a0C\u00e2mera selfie no display: 16MP<\/p>\n<p>FOV 79,3\u00b0, f\/2.0, lente 5P<\/p>\n<p>Fun\u00e7\u00e3o de fotografia: Modo Retrato, Timelapse, Vista panor\u00e2mica, <a class=\"\" style=\"width: auto !important\" href=\"https:\/\/www.rucashk.com\/pt\/update-your-air-conditioning-xiaomi-releases-a-smart-ai-universal-remote-control\/\" data-wpil-post-to-id=\"9669\">AI Beauty, HDR, reconhecimento facial, filtro, controle de efeito Bokeh<\/a><\/p>\n<p>Grava\u00e7\u00e3o de v\u00eddeo:<\/p>\n<p>Suporta c\u00e2mera lenta de 120fps*<\/p>\n<p>Suporta grava\u00e7\u00e3o de v\u00eddeo 1080P\/30fps<\/p>\n<p>Suporta grava\u00e7\u00e3o de v\u00eddeo 720P\/30fps<\/td>\n<\/tr>\n<tr>\n<td width=\"163\"><b>Linguagem<\/b><\/td>\n<td width=\"834\">\u00a0Bahasa Indonesia, Bahasa Melayu, Catal\u00e3o, Checo, Dinamarqu\u00eas, Alem\u00e3o, Est\u00f3nio, Ingl\u00eas, Espanhol, Filipino, Franc\u00eas, Croata, Italiano, Let\u00e3o, Lituano, H\u00fangaro, Holand\u00eas, Noruegu\u00eas, Polaco, Portugu\u00eas, Romeno, Romanche, Esloveno, Eslovaco, Finland\u00eas, sueco, vietnamita, turco, grego, b\u00falgaro, russo, s\u00e9rvio, ucraniano, arm\u00eanio, hebraico, urdu, \u00e1rabe, persa, hindi, bengali, tailand\u00eas, birman\u00eas, cambojano, coreano, chin\u00eas tradicional\/simplificado.<\/td>\n<\/tr>\n<tr>\n<td width=\"163\"><b>Bateria e carregamento<\/b><\/td>\n<td width=\"834\">\u00a0Bateria: Bateria Li-Po 4300mAh n\u00e3o remov\u00edvel<\/p>\n<p><a class=\"\" style=\"width: auto !important\" href=\"https:\/\/www.rucashk.com\/pt\/produto\/roidmi-c1-quick-and-intelligent-car-charger-metal-dual-usb\/\" data-wpil-post-to-id=\"2628\">Carga r\u00e1pida: carregamento r\u00e1pido<\/a> 30W(5V\/6A), 100% em 55 min (anunciado)<\/p>\n<p>Interface de carga: 2.0, conector revers\u00edvel Type-C 1.0, USB On-The-Go<\/p>\n<p><a class=\"\" style=\"width: auto !important\" href=\"https:\/\/www.rucashk.com\/pt\/produto\/xiaomi-redmi-power-bank-20000mah-qc3-0-usb-type-c-portable-charging\/\" data-wpil-post-to-id=\"2685\">Tipo de carregador: tipo UE<\/a><\/td>\n<\/tr>\n<tr>\n<td width=\"163\"><b>Outras caracter\u00edsticas<\/b><\/td>\n<td width=\"834\">\u00a0WIFI: Wi-Fi 802.11 a\/b\/g\/n\/ac, banda dupla, Wi-Fi Direct, hotspot<\/p>\n<p>bluetooth: v5.0, A2DP, LE<\/p>\n<p>Posicionamento: GPS\/AGPS\/Glonass\/Beidou<br \/>\nSensor: Magn\u00e9tico <a class=\"\" style=\"width: auto !important\" href=\"https:\/\/www.rucashk.com\/pt\/produto\/xiaomi-mijia-automatic-induction-water-saving-faucet-smart-sensor\/\" data-wpil-post-to-id=\"9352\">sensor de indu\u00e7\u00e3o\/sensor de luz\/sensor de proximidade\/gir\u00f4metro\/sensor de acelera\u00e7\u00e3o<\/a><\/p>\n<p>Op\u00e7\u00f5es de desbloqueio: impress\u00e3o digital no display<\/p>\n<p>NFC: Sim<\/p>\n<p>OTA: Sim<\/p>\n<p>R\u00e1dio FM: Sim<\/p>\n<p>Conector para fone de ouvido: 3,5 mm<\/p>\n<p>Alto-falante: Sim<\/td>\n<\/tr>\n<tr>\n<td width=\"163\"><b>Tamanho e Peso<\/b><\/td>\n<td width=\"834\">\u00a0Tamanho do produto: 162,1 x 74,8 x 8,9 mm (6,38 x 2,94 x 0,35 pol.)<br \/>\nPeso do produto: 191g (6,74 on\u00e7as)<\/td>\n<\/tr>\n<tr>\n<td width=\"163\"><b>Lista de embalagem<\/b><\/td>\n<td width=\"834\">\u00a01 x <a class=\"\" style=\"width: auto !important\" href=\"https:\/\/www.rucashk.com\/pt\/produto\/realme-5pro\/\" data-wpil-post-to-id=\"3446\">Smartphone Realme 6<\/a><\/p>\n<p>1 x carregador de flash de 30W<\/p>\n<p>1 x <a class=\"\" style=\"width: auto !important\" href=\"https:\/\/www.rucashk.com\/pt\/produto\/mi-braided-usb-type-c-cable-black\/\" data-wpil-post-to-id=\"15553\">Cabo USB tipo C<\/a><\/p>\n<p>1 x capa protetora<\/p>\n<p>1 x filme protetor<\/p>\n<p>1 x ferramenta de cart\u00e3o SIM<\/p>\n<p>1 x livreto de informa\u00e7\u00f5es importantes com cart\u00e3o de garantia<\/td>\n<\/tr>\n<\/tbody>\n<\/table>","protected":false},"excerpt":{"rendered":"<ul class=\"a-unordered-list a-vertical a-spacing-mini\">\n<li><span class=\"a-list-item\">C\u00e2mera qu\u00e1drupla AI de 64 MP | Ultra-amplo <\/span><\/li>\n<li><span class=\"a-list-item\">\u00a0Lente de retrato | Macro | Selfie de 16 MP<\/span><\/li>\n<li><span class=\"a-list-item\">Carga Flash com bateria de 4300mAh<\/span><\/li>\n<li><span class=\"a-list-item\">Carregador 30w | 0-100 em 55 minutos<\/span><\/li>\n<li><span class=\"a-list-item\">6.5&#8243; Display | 90Hz super smooth screen | FHD+<\/span><\/li>\n<li><span class=\"a-list-item\">Mediatek Helio G90T com at\u00e9 8 GB de RAM<\/span><\/li>\n<\/ul>","protected":false},"featured_media":23246,"template":"","meta":[],"product_brand":[],"product_cat":[1295,1301],"product_tag":[],"class_list":{"0":"post-23183","1":"product","2":"type-product","3":"status-publish","4":"has-post-thumbnail","6":"product_cat-mobile-phone","7":"product_cat-realme-mobile-phone","9":"first","10":"instock","11":"shipping-taxable","12":"product-type-external"},"aioseo_notices":[],"aioseo_head":"\n\t\t<!-- All in One SEO Pro 4.5.9.2 - aioseo.com -->\n\t\t<meta name=\"description\" content=\"64MP AI Quad Camera | Ultra-wide Portrait Lens | Macro | 16MP Selfie Flash Charge with 4300mAh battery 30w charger | 0-100 in 55 minutes 6.5&quot; Display | 90Hz super smooth screen | FHD+ Mediatek Helio G90T with upto 8GB RAM\" \/>\n\t\t<meta name=\"robots\" content=\"max-image-preview:large\" \/>\n\t\t<link rel=\"canonical\" href=\"https:\/\/www.rucashk.com\/pt\/produto\/realme-6-smartphone\/\" \/>\n\t\t<meta name=\"generator\" content=\"All in One SEO Pro (AIOSEO) 4.5.9.2\" \/>\n\t\t<meta property=\"og:locale\" content=\"pt_PT\" \/>\n\t\t<meta property=\"og:site_name\" content=\"Rucas - One-stop AIoT Distribution Worldwide\" \/>\n\t\t<meta property=\"og:type\" content=\"article\" \/>\n\t\t<meta property=\"og:title\" content=\"Realme 6 Smartphone - Rucas - Wholesale and Distribution\" \/>\n\t\t<meta property=\"og:description\" content=\"64MP AI Quad Camera | Ultra-wide Portrait Lens | Macro | 16MP Selfie Flash Charge with 4300mAh battery 30w charger | 0-100 in 55 minutes 6.5&quot; Display | 90Hz super smooth screen | FHD+ Mediatek Helio G90T with upto 8GB RAM\" \/>\n\t\t<meta property=\"og:url\" content=\"https:\/\/www.rucashk.com\/pt\/produto\/realme-6-smartphone\/\" \/>\n\t\t<meta property=\"og:image\" content=\"https:\/\/www.rucashk.com\/wp-content\/uploads\/replace\/503b8e645f128a97ccde2b6290747646.jpeg\" \/>\n\t\t<meta property=\"og:image:secure_url\" content=\"https:\/\/www.rucashk.com\/wp-content\/uploads\/replace\/503b8e645f128a97ccde2b6290747646.jpeg\" \/>\n\t\t<meta property=\"og:image:width\" content=\"1456\" \/>\n\t\t<meta property=\"og:image:height\" content=\"816\" \/>\n\t\t<meta property=\"article:published_time\" content=\"2024-01-09T15:52:18+00:00\" \/>\n\t\t<meta property=\"article:modified_time\" content=\"2024-03-11T07:38:49+00:00\" \/>\n\t\t<meta name=\"twitter:card\" content=\"summary_large_image\" \/>\n\t\t<meta name=\"twitter:title\" content=\"Realme 6 Smartphone - Rucas - Wholesale and Distribution\" \/>\n\t\t<meta name=\"twitter:description\" content=\"64MP AI Quad Camera | Ultra-wide Portrait Lens | Macro | 16MP Selfie Flash Charge with 4300mAh battery 30w charger | 0-100 in 55 minutes 6.5&quot; Display | 90Hz super smooth screen | FHD+ Mediatek Helio G90T with upto 8GB RAM\" \/>\n\t\t<meta name=\"twitter:image\" content=\"https:\/\/www.rucashk.com\/wp-content\/uploads\/replace\/503b8e645f128a97ccde2b6290747646.jpeg\" \/>\n\t\t<script type=\"application\/ld+json\" class=\"aioseo-schema\">\n\t\t\t{\"@context\":\"https:\\\/\\\/schema.org\",\"@graph\":[{\"@type\":\"BreadcrumbList\",\"@id\":\"https:\\\/\\\/www.rucashk.com\\\/pt\\\/produto\\\/realme-6-smartphone\\\/#breadcrumblist\",\"itemListElement\":[{\"@type\":\"ListItem\",\"@id\":\"https:\\\/\\\/www.rucashk.com\\\/pt\\\/#listItem\",\"position\":1,\"name\":\"Home\",\"item\":\"https:\\\/\\\/www.rucashk.com\\\/pt\\\/\",\"nextItem\":\"https:\\\/\\\/www.rucashk.com\\\/pt\\\/produto\\\/realme-6-smartphone\\\/#listItem\"},{\"@type\":\"ListItem\",\"@id\":\"https:\\\/\\\/www.rucashk.com\\\/pt\\\/produto\\\/realme-6-smartphone\\\/#listItem\",\"position\":2,\"name\":\"Realme\\u00a06 Smartphone\",\"previousItem\":\"https:\\\/\\\/www.rucashk.com\\\/pt\\\/#listItem\"}]},{\"@type\":\"Organization\",\"@id\":\"https:\\\/\\\/www.rucashk.com\\\/pt\\\/#organization\",\"name\":\"Rucas\",\"url\":\"https:\\\/\\\/www.rucashk.com\\\/pt\\\/\",\"logo\":{\"@type\":\"ImageObject\",\"url\":\"https:\\\/\\\/www.rucashk.com\\\/wp-content\\\/uploads\\\/2023\\\/12\\\/Rucas_campany_logo.png\",\"@id\":\"https:\\\/\\\/www.rucashk.com\\\/pt\\\/produto\\\/realme-6-smartphone\\\/#organizationLogo\",\"width\":221,\"height\":65},\"image\":{\"@id\":\"https:\\\/\\\/www.rucashk.com\\\/pt\\\/#organizationLogo\"}},{\"@type\":\"Person\",\"@id\":\"https:\\\/\\\/www.rucashk.com\\\/pt\\\/author\\\/admin\\\/#author\",\"url\":\"https:\\\/\\\/www.rucashk.com\\\/pt\\\/author\\\/admin\\\/\",\"name\":\"admin\",\"image\":{\"@type\":\"ImageObject\",\"@id\":\"https:\\\/\\\/www.rucashk.com\\\/pt\\\/produto\\\/realme-6-smartphone\\\/#authorImage\",\"url\":\"https:\\\/\\\/secure.gravatar.com\\\/avatar\\\/b7c8925b09a27e72b30232f8ecaadbd5af0f70a38c78096863fe51b64f031c24?s=96&d=mm&r=g\",\"width\":96,\"height\":96,\"caption\":\"admin\"}},{\"@type\":\"WebPage\",\"@id\":\"https:\\\/\\\/www.rucashk.com\\\/pt\\\/produto\\\/realme-6-smartphone\\\/#webpage\",\"url\":\"https:\\\/\\\/www.rucashk.com\\\/pt\\\/produto\\\/realme-6-smartphone\\\/\",\"name\":\"Realme 6 Smartphone - Rucas - Wholesale and Distribution\",\"description\":\"64MP AI Quad Camera | Ultra-wide Portrait Lens | Macro | 16MP Selfie Flash Charge with 4300mAh battery 30w charger | 0-100 in 55 minutes 6.5\\\" Display | 90Hz super smooth screen | FHD+ Mediatek Helio G90T with upto 8GB RAM\",\"inLanguage\":\"pt-PT\",\"isPartOf\":{\"@id\":\"https:\\\/\\\/www.rucashk.com\\\/pt\\\/#website\"},\"breadcrumb\":{\"@id\":\"https:\\\/\\\/www.rucashk.com\\\/pt\\\/produto\\\/realme-6-smartphone\\\/#breadcrumblist\"},\"author\":{\"@id\":\"https:\\\/\\\/www.rucashk.com\\\/pt\\\/author\\\/admin\\\/#author\"},\"creator\":{\"@id\":\"https:\\\/\\\/www.rucashk.com\\\/pt\\\/author\\\/admin\\\/#author\"},\"image\":{\"@type\":\"ImageObject\",\"url\":\"https:\\\/\\\/www.rucashk.com\\\/wp-content\\\/uploads\\\/2024\\\/01\\\/Realme-6.jpg\",\"@id\":\"https:\\\/\\\/www.rucashk.com\\\/pt\\\/produto\\\/realme-6-smartphone\\\/#mainImage\",\"width\":493,\"height\":518},\"primaryImageOfPage\":{\"@id\":\"https:\\\/\\\/www.rucashk.com\\\/pt\\\/produto\\\/realme-6-smartphone\\\/#mainImage\"},\"datePublished\":\"2024-01-09T15:52:18+00:00\",\"dateModified\":\"2024-03-11T07:38:49+00:00\"},{\"@type\":\"WebSite\",\"@id\":\"https:\\\/\\\/www.rucashk.com\\\/pt\\\/#website\",\"url\":\"https:\\\/\\\/www.rucashk.com\\\/pt\\\/\",\"name\":\"Rucas - Wholesale and distribution worldwide\",\"alternateName\":\"Rucas - One-stop AIoT Distribution Worldwide\",\"description\":\"One-stop AIoT Distribution Worldwide\",\"inLanguage\":\"pt-PT\",\"publisher\":{\"@id\":\"https:\\\/\\\/www.rucashk.com\\\/pt\\\/#organization\"}}]}\n\t\t<\/script>\n\t\t<!-- All in One SEO Pro -->\r\n\t\t<title>Realme 6 Smartphone - Rucas - Wholesale and Distribution<\/title>\n\n","aioseo_head_json":{"title":"Realme 6 Smartphone - Rucas - Wholesale and Distribution","description":"64MP AI Quad Camera | Ultra-wide Portrait Lens | Macro | 16MP Selfie Flash Charge with 4300mAh battery 30w charger | 0-100 in 55 minutes 6.5\" Display | 90Hz super smooth screen | FHD+ Mediatek Helio G90T with upto 8GB RAM","canonical_url":"https:\/\/www.rucashk.com\/pt\/produto\/realme-6-smartphone\/","robots":"max-image-preview:large","keywords":"","webmasterTools":{"miscellaneous":""},"og:locale":"pt_PT","og:site_name":"Rucas - One-stop AIoT Distribution Worldwide","og:type":"article","og:title":"Realme 6 Smartphone - Rucas - Wholesale and Distribution","og:description":"64MP AI Quad Camera | Ultra-wide Portrait Lens | Macro | 16MP Selfie Flash Charge with 4300mAh battery 30w charger | 0-100 in 55 minutes 6.5&quot; Display | 90Hz super smooth screen | FHD+ Mediatek Helio G90T with upto 8GB RAM","og:url":"https:\/\/www.rucashk.com\/pt\/produto\/realme-6-smartphone\/","og:image":"https:\/\/www.rucashk.com\/wp-content\/uploads\/replace\/503b8e645f128a97ccde2b6290747646.jpeg","og:image:secure_url":"https:\/\/www.rucashk.com\/wp-content\/uploads\/replace\/503b8e645f128a97ccde2b6290747646.jpeg","og:image:width":1456,"og:image:height":816,"article:published_time":"2024-01-09T15:52:18+00:00","article:modified_time":"2024-03-11T07:38:49+00:00","twitter:card":"summary_large_image","twitter:title":"Realme 6 Smartphone - Rucas - Wholesale and Distribution","twitter:description":"64MP AI Quad Camera | Ultra-wide Portrait Lens | Macro | 16MP Selfie Flash Charge with 4300mAh battery 30w charger | 0-100 in 55 minutes 6.5&quot; Display | 90Hz super smooth screen | FHD+ Mediatek Helio G90T with upto 8GB RAM","twitter:image":"https:\/\/www.rucashk.com\/wp-content\/uploads\/replace\/503b8e645f128a97ccde2b6290747646.jpeg","schema":{"@context":"https:\/\/schema.org","@graph":[{"@type":"BreadcrumbList","@id":"https:\/\/www.rucashk.com\/pt\/produto\/realme-6-smartphone\/#breadcrumblist","itemListElement":[{"@type":"ListItem","@id":"https:\/\/www.rucashk.com\/pt\/#listItem","position":1,"name":"Home","item":"https:\/\/www.rucashk.com\/pt\/","nextItem":"https:\/\/www.rucashk.com\/pt\/produto\/realme-6-smartphone\/#listItem"},{"@type":"ListItem","@id":"https:\/\/www.rucashk.com\/pt\/produto\/realme-6-smartphone\/#listItem","position":2,"name":"Realme\u00a06 Smartphone","previousItem":"https:\/\/www.rucashk.com\/pt\/#listItem"}]},{"@type":"Organization","@id":"https:\/\/www.rucashk.com\/pt\/#organization","name":"Rucas","url":"https:\/\/www.rucashk.com\/pt\/","logo":{"@type":"ImageObject","url":"https:\/\/www.rucashk.com\/wp-content\/uploads\/2023\/12\/Rucas_campany_logo.png","@id":"https:\/\/www.rucashk.com\/pt\/produto\/realme-6-smartphone\/#organizationLogo","width":221,"height":65},"image":{"@id":"https:\/\/www.rucashk.com\/pt\/#organizationLogo"}},{"@type":"Person","@id":"https:\/\/www.rucashk.com\/pt\/author\/admin\/#author","url":"https:\/\/www.rucashk.com\/pt\/author\/admin\/","name":"admin","image":{"@type":"ImageObject","@id":"https:\/\/www.rucashk.com\/pt\/produto\/realme-6-smartphone\/#authorImage","url":"https:\/\/secure.gravatar.com\/avatar\/b7c8925b09a27e72b30232f8ecaadbd5af0f70a38c78096863fe51b64f031c24?s=96&d=mm&r=g","width":96,"height":96,"caption":"admin"}},{"@type":"WebPage","@id":"https:\/\/www.rucashk.com\/pt\/produto\/realme-6-smartphone\/#webpage","url":"https:\/\/www.rucashk.com\/pt\/produto\/realme-6-smartphone\/","name":"Realme 6 Smartphone - Rucas - Wholesale and Distribution","description":"64MP AI Quad Camera | Ultra-wide Portrait Lens | Macro | 16MP Selfie Flash Charge with 4300mAh battery 30w charger | 0-100 in 55 minutes 6.5\" Display | 90Hz super smooth screen | FHD+ Mediatek Helio G90T with upto 8GB RAM","inLanguage":"pt-PT","isPartOf":{"@id":"https:\/\/www.rucashk.com\/pt\/#website"},"breadcrumb":{"@id":"https:\/\/www.rucashk.com\/pt\/produto\/realme-6-smartphone\/#breadcrumblist"},"author":{"@id":"https:\/\/www.rucashk.com\/pt\/author\/admin\/#author"},"creator":{"@id":"https:\/\/www.rucashk.com\/pt\/author\/admin\/#author"},"image":{"@type":"ImageObject","url":"https:\/\/www.rucashk.com\/wp-content\/uploads\/2024\/01\/Realme-6.jpg","@id":"https:\/\/www.rucashk.com\/pt\/produto\/realme-6-smartphone\/#mainImage","width":493,"height":518},"primaryImageOfPage":{"@id":"https:\/\/www.rucashk.com\/pt\/produto\/realme-6-smartphone\/#mainImage"},"datePublished":"2024-01-09T15:52:18+00:00","dateModified":"2024-03-11T07:38:49+00:00"},{"@type":"WebSite","@id":"https:\/\/www.rucashk.com\/pt\/#website","url":"https:\/\/www.rucashk.com\/pt\/","name":"Rucas - Wholesale and distribution worldwide","alternateName":"Rucas - One-stop AIoT Distribution Worldwide","description":"One-stop AIoT Distribution Worldwide","inLanguage":"pt-PT","publisher":{"@id":"https:\/\/www.rucashk.com\/pt\/#organization"}}]}},"aioseo_meta_data":{"post_id":"23183","title":null,"description":null,"keywords":null,"keyphrases":null,"primary_term":null,"canonical_url":null,"og_title":null,"og_description":null,"og_object_type":"default","og_image_type":"default","og_image_url":null,"og_image_width":null,"og_image_height":null,"og_image_custom_url":null,"og_image_custom_fields":null,"og_video":null,"og_custom_url":null,"og_article_section":null,"og_article_tags":null,"twitter_use_og":false,"twitter_card":"default","twitter_image_type":"default","twitter_image_url":null,"twitter_image_custom_url":null,"twitter_image_custom_fields":null,"twitter_title":null,"twitter_description":null,"schema":{"blockGraphs":[],"customGraphs":[],"default":{"data":{"Article":[],"Course":[],"Dataset":[],"FAQPage":[],"Movie":[],"Person":[],"Product":[],"Recipe":[],"Service":[],"SoftwareApplication":[],"WebPage":[]},"graphName":"","isEnabled":true},"graphs":[]},"schema_type":"default","schema_type_options":null,"pillar_content":false,"robots_default":true,"robots_noindex":false,"robots_noarchive":false,"robots_nosnippet":false,"robots_nofollow":false,"robots_noimageindex":false,"robots_noodp":false,"robots_notranslate":false,"robots_max_snippet":null,"robots_max_videopreview":null,"robots_max_imagepreview":"large","priority":null,"frequency":null,"local_seo":null,"breadcrumb_settings":null,"limit_modified_date":false,"created":"2024-04-11 01:55:28","updated":"2025-06-22 17:00:00"},"aioseo_breadcrumb":"<div class=\"aioseo-breadcrumbs\"><span class=\"aioseo-breadcrumb\">\n\t<a href=\"https:\/\/www.rucashk.com\/pt\" title=\"Home\">Home<\/a>\n<\/span><span class=\"aioseo-breadcrumb-separator\">&raquo;<\/span><span class=\"aioseo-breadcrumb\">\n\t<a href=\"https:\/\/www.rucashk.com\/pt\/products\/\" title=\"Produtos\">Produtos<\/a>\n<\/span><span class=\"aioseo-breadcrumb-separator\">&raquo;<\/span><span class=\"aioseo-breadcrumb\">\n\t<a href=\"https:\/\/www.rucashk.com\/pt\/categoria-produto\/mobile-phone\/\" title=\"Mobile Phone\">Mobile Phone<\/a>\n<\/span><span class=\"aioseo-breadcrumb-separator\">&raquo;<\/span><span class=\"aioseo-breadcrumb\">\n\t<a href=\"https:\/\/www.rucashk.com\/pt\/categoria-produto\/mobile-phone\/realme-mobile-phone\/\" title=\"Realme\">Realme<\/a>\n<\/span><span class=\"aioseo-breadcrumb-separator\">&raquo;<\/span><span class=\"aioseo-breadcrumb\">\n\tRealme\u00a06 Smartphone\n<\/span><\/div>","aioseo_breadcrumb_json":[{"label":"Home","link":"https:\/\/www.rucashk.com\/pt"},{"label":"Produtos","link":"https:\/\/www.rucashk.com\/pt\/products\/"},{"label":"Mobile Phone","link":"https:\/\/www.rucashk.com\/pt\/categoria-produto\/mobile-phone\/"},{"label":"Realme","link":"https:\/\/www.rucashk.com\/pt\/categoria-produto\/mobile-phone\/realme-mobile-phone\/"},{"label":"Realme\u00a06 Smartphone","link":"https:\/\/www.rucashk.com\/pt\/produto\/realme-6-smartphone\/"}],"_links":{"self":[{"href":"https:\/\/www.rucashk.com\/pt\/wp-json\/wp\/v2\/product\/23183","targetHints":{"allow":["GET"]}}],"collection":[{"href":"https:\/\/www.rucashk.com\/pt\/wp-json\/wp\/v2\/product"}],"about":[{"href":"https:\/\/www.rucashk.com\/pt\/wp-json\/wp\/v2\/types\/product"}],"wp:featuredmedia":[{"embeddable":true,"href":"https:\/\/www.rucashk.com\/pt\/wp-json\/wp\/v2\/media\/23246"}],"wp:attachment":[{"href":"https:\/\/www.rucashk.com\/pt\/wp-json\/wp\/v2\/media?parent=23183"}],"wp:term":[{"taxonomy":"product_brand","embeddable":true,"href":"https:\/\/www.rucashk.com\/pt\/wp-json\/wp\/v2\/product_brand?post=23183"},{"taxonomy":"product_cat","embeddable":true,"href":"https:\/\/www.rucashk.com\/pt\/wp-json\/wp\/v2\/product_cat?post=23183"},{"taxonomy":"product_tag","embeddable":true,"href":"https:\/\/www.rucashk.com\/pt\/wp-json\/wp\/v2\/product_tag?post=23183"}],"curies":[{"name":"wp","href":"https:\/\/api.w.org\/{rel}","templated":true}]}}